{"id":48850,"date":"2022-06-16T13:21:57","date_gmt":"2022-06-16T10:21:57","guid":{"rendered":"https:\/\/xstyle.md\/?post_type=product&#038;p=48850"},"modified":"2024-10-15T12:58:18","modified_gmt":"2024-10-15T09:58:18","slug":"portativnyj-dush-lifeventure-bottleshower-kit","status":"publish","type":"product","link":"https:\/\/xstyle.md\/ro\/produs\/portativnyj-dush-lifeventure-bottleshower-kit\/","title":{"rendered":"Du\u0219 portabil Lifeventure Bottleshower Kit"},"content":{"rendered":"<\/p>\n<p><strong>Lifeventure Bottleshower Kit<\/strong> &#8212; o\u00a0duz\u0103 special\u0103 care se potrive\u0219te oric\u0103rei sticle de plastic cu g\u00e2t \u00eengust \u0219i care v\u0103 permite s\u0103 face\u021bi un du\u0219 \u0219i s\u0103 v\u0103 re\u00eemprosp\u0103ta\u021bi pe teren. Un dispozitiv foarte simplu, trebuie doar s\u0103 \u00eenlocui\u021bi capacul original al sticlei de plastic pe duz\u0103, s\u0103 \u00eentoarce\u021bi sticla cu susul \u00een jos \u0219i ve\u021bi ob\u021bine un du\u0219 \u00een toat\u0103 regula la caban\u0103, la pescuit sau \u00een camping. Setul include un cablu pentru ag\u0103\u021barea sticlei \u0219i duza propriu-zis\u0103, sticla nu este inclus\u0103.<\/p>\n<h3>Particularit\u0103\u021bi<\/h3>\n<ul>\n<li>Potrivit pentru toate sticlele de plastic cu g\u00e2t \u00eengust<\/li>\n<li>Organizeaz\u0103-\u021bi du\u0219ul \u00een c\u00e2teva secunde<\/li>\n<li>Sticla de ap\u0103 de doi litri asigur\u0103 un jet constant de ap\u0103 timp de 2 minute \u0219i 24 de secunde<\/li>\n<\/ul>\n<h3>Caracteristici<\/h3>\n<ul>\n<li>Dimensiuni (\u00een ambalaj) &#8212; 250 x 160 x 35 mm<\/li>\n<li>Greutate &#8212; 36 g<\/li>\n<\/ul>\n<p><\/p>\n<\/div>","protected":false},"excerpt":{"rendered":"","protected":false},"featured_media":49706,"comment_status":"open","ping_status":"closed","template":"","meta":{"_acf_changed":false,"inline_featured_image":false},"product_brand":[1448],"product_cat":[877],"product_tag":[],"class_list":{"0":"post-48850","1":"product","2":"type-product","3":"status-publish","4":"has-post-thumbnail","6":"product_brand-lifemarque","7":"product_cat-shower","9":"first","10":"instock","11":"shipping-taxable","12":"purchasable","13":"product-type-simple"},"acf":[],"yoast_head":"<!-- This site is optimized with the Yoast SEO plugin v27.2 - https:\/\/yoast.com\/product\/yoast-seo-wordpress\/ -->\n<title>\u041f\u043e\u0440\u0442\u0430\u0442\u0438\u0432\u043d\u044b\u0439 \u0434\u0443\u0448 Lifeventure Bottleshower Kit - \u041c\u0430\u0433\u0430\u0437\u0438\u043d Xstyle<\/title>\n<meta name=\"description\" content=\"\u041f\u043e\u0440\u0442\u0430\u0442\u0438\u0432\u043d\u044b\u0439 \u0434\u0443\u0448 Lifeventure Bottleshower Kit \u2014 \u0438\u0434\u0435\u0430\u043b\u044c\u043d\u043e\u0435 \u0440\u0435\u0448\u0435\u043d\u0438\u0435 \u0434\u043b\u044f \u043a\u0435\u043c\u043f\u0438\u043d\u0433\u0430! \u041f\u0440\u0435\u0432\u0440\u0430\u0442\u0438\u0442\u0435 \u043b\u044e\u0431\u0443\u044e \u043f\u043b\u0430\u0441\u0442\u0438\u043a\u043e\u0432\u0443\u044e \u0431\u0443\u0442\u044b\u043b\u043a\u0443 \u0432 \u0434\u0443\u0448 \u0438 \u043d\u0430\u0441\u043b\u0430\u0436\u0434\u0430\u0439\u0442\u0435\u0441\u044c \u0441\u0432\u0435\u0436\u0435\u0441\u0442\u044c\u044e \u043d\u0430 \u043f\u0440\u0438\u0440\u043e\u0434\u0435.\" \/>\n<meta name=\"robots\" content=\"index, follow, max-snippet:-1, max-image-preview:large, max-video-preview:-1\" \/>\n<link rel=\"canonical\" href=\"https:\/\/xstyle.md\/ro\/produs\/portativnyj-dush-lifeventure-bottleshower-kit\/\" \/>\n<meta property=\"og:locale\" content=\"ro_RO\" \/>\n<meta property=\"og:type\" content=\"article\" \/>\n<meta property=\"og:title\" content=\"\u041f\u043e\u0440\u0442\u0430\u0442\u0438\u0432\u043d\u044b\u0439 \u0434\u0443\u0448 Lifeventure Bottleshower Kit - \u041c\u0430\u0433\u0430\u0437\u0438\u043d Xstyle\" \/>\n<meta property=\"og:description\" content=\"\u041f\u043e\u0440\u0442\u0430\u0442\u0438\u0432\u043d\u044b\u0439 \u0434\u0443\u0448 Lifeventure Bottleshower Kit \u2014 \u0438\u0434\u0435\u0430\u043b\u044c\u043d\u043e\u0435 \u0440\u0435\u0448\u0435\u043d\u0438\u0435 \u0434\u043b\u044f \u043a\u0435\u043c\u043f\u0438\u043d\u0433\u0430! \u041f\u0440\u0435\u0432\u0440\u0430\u0442\u0438\u0442\u0435 \u043b\u044e\u0431\u0443\u044e \u043f\u043b\u0430\u0441\u0442\u0438\u043a\u043e\u0432\u0443\u044e \u0431\u0443\u0442\u044b\u043b\u043a\u0443 \u0432 \u0434\u0443\u0448 \u0438 \u043d\u0430\u0441\u043b\u0430\u0436\u0434\u0430\u0439\u0442\u0435\u0441\u044c \u0441\u0432\u0435\u0436\u0435\u0441\u0442\u044c\u044e \u043d\u0430 \u043f\u0440\u0438\u0440\u043e\u0434\u0435.\" \/>\n<meta property=\"og:url\" content=\"https:\/\/xstyle.md\/ro\/produs\/portativnyj-dush-lifeventure-bottleshower-kit\/\" \/>\n<meta property=\"og:site_name\" content=\"\u041c\u0430\u0433\u0430\u0437\u0438\u043d Xstyle\" \/>\n<meta property=\"article:publisher\" content=\"https:\/\/www.facebook.com\/xstylemd\" \/>\n<meta property=\"article:modified_time\" content=\"2024-10-15T09:58:18+00:00\" \/>\n<meta property=\"og:image\" content=\"https:\/\/xstyle.md\/wp-content\/uploads\/2022\/06\/lifeventure-bottleshower-kit.png\" \/>\n\t<meta property=\"og:image:width\" content=\"919\" \/>\n\t<meta property=\"og:image:height\" content=\"705\" \/>\n\t<meta property=\"og:image:type\" content=\"image\/png\" \/>\n<meta name=\"twitter:card\" content=\"summary_large_image\" \/>\n<meta name=\"twitter:label1\" content=\"Pre\u021b\" \/>\n\t<meta name=\"twitter:data1\" content=\"225&nbsp;MDL\" \/>\n\t<meta name=\"twitter:label2\" content=\"Disponibilitate\" \/>\n\t<meta name=\"twitter:data2\" content=\"\u00cen stoc\" \/>\n<script type=\"application\/ld+json\" class=\"yoast-schema-graph\">{\"@context\":\"https:\/\/schema.org\",\"@graph\":[{\"@type\":\"WebPage\",\"@id\":\"https:\/\/xstyle.md\/product\/portativnyj-dush-lifeventure-bottleshower-kit\/\",\"url\":\"https:\/\/xstyle.md\/product\/portativnyj-dush-lifeventure-bottleshower-kit\/\",\"name\":\"\u041f\u043e\u0440\u0442\u0430\u0442\u0438\u0432\u043d\u044b\u0439 \u0434\u0443\u0448 Lifeventure Bottleshower Kit - \u041c\u0430\u0433\u0430\u0437\u0438\u043d Xstyle\",\"isPartOf\":{\"@id\":\"https:\/\/xstyle.md\/#website\"},\"primaryImageOfPage\":{\"@id\":\"https:\/\/xstyle.md\/product\/portativnyj-dush-lifeventure-bottleshower-kit\/#primaryimage\"},\"image\":{\"@id\":\"https:\/\/xstyle.md\/product\/portativnyj-dush-lifeventure-bottleshower-kit\/#primaryimage\"},\"thumbnailUrl\":\"https:\/\/xstyle.md\/wp-content\/uploads\/2022\/06\/lifeventure-bottleshower-kit.png\",\"datePublished\":\"2022-06-16T10:21:57+00:00\",\"dateModified\":\"2024-10-15T09:58:18+00:00\",\"description\":\"\u041f\u043e\u0440\u0442\u0430\u0442\u0438\u0432\u043d\u044b\u0439 \u0434\u0443\u0448 Lifeventure Bottleshower Kit \u2014 \u0438\u0434\u0435\u0430\u043b\u044c\u043d\u043e\u0435 \u0440\u0435\u0448\u0435\u043d\u0438\u0435 \u0434\u043b\u044f \u043a\u0435\u043c\u043f\u0438\u043d\u0433\u0430! \u041f\u0440\u0435\u0432\u0440\u0430\u0442\u0438\u0442\u0435 \u043b\u044e\u0431\u0443\u044e \u043f\u043b\u0430\u0441\u0442\u0438\u043a\u043e\u0432\u0443\u044e \u0431\u0443\u0442\u044b\u043b\u043a\u0443 \u0432 \u0434\u0443\u0448 \u0438 \u043d\u0430\u0441\u043b\u0430\u0436\u0434\u0430\u0439\u0442\u0435\u0441\u044c \u0441\u0432\u0435\u0436\u0435\u0441\u0442\u044c\u044e \u043d\u0430 \u043f\u0440\u0438\u0440\u043e\u0434\u0435.\",\"breadcrumb\":{\"@id\":\"https:\/\/xstyle.md\/product\/portativnyj-dush-lifeventure-bottleshower-kit\/#breadcrumb\"},\"inLanguage\":\"ro-RO\",\"potentialAction\":[{\"@type\":\"ReadAction\",\"target\":[\"https:\/\/xstyle.md\/product\/portativnyj-dush-lifeventure-bottleshower-kit\/\"]}]},{\"@type\":\"ImageObject\",\"inLanguage\":\"ro-RO\",\"@id\":\"https:\/\/xstyle.md\/product\/portativnyj-dush-lifeventure-bottleshower-kit\/#primaryimage\",\"url\":\"https:\/\/xstyle.md\/wp-content\/uploads\/2022\/06\/lifeventure-bottleshower-kit.png\",\"contentUrl\":\"https:\/\/xstyle.md\/wp-content\/uploads\/2022\/06\/lifeventure-bottleshower-kit.png\",\"width\":919,\"height\":705,\"caption\":\"\u041f\u043e\u0440\u0442\u0430\u0442\u0438\u0432\u043d\u044b\u0439 \u0434\u0443\u0448 Lifeventure Bottleshower Kit \u0434\u043b\u044f \u0430\u043a\u0442\u0438\u0432\u043d\u043e\u0433\u043e \u043e\u0442\u0434\u044b\u0445\u0430, \u043f\u0443\u0442\u0435\u0448\u0435\u0441\u0442\u0432\u0438\u0439, \u0442\u0443\u0440\u0438\u0437\u043c\u0430, \u043f\u043e\u0445\u043e\u0434\u043e\u0432 \u0438 \u0430\u043b\u044c\u043f\u0438\u043d\u0438\u0437\u043c\u0430 \u0441 \u043d\u0430\u043b\u043e\u0431\u043d\u044b\u043c \u0438 \u0440\u0443\u0447\u043d\u044b\u043c \u0434\u0443\u0448\u0435\u043c \u0434\u043b\u044f \u043e\u0434\u0435\u0436\u0434\u044b, \u043e\u0431\u0443\u0432\u0438 \u0438 \u044d\u043a\u0438\u043f\u0438\u0440\u043e\u0432\u043a\u0438 \u0434\u043b\u044f outdoor \u0430\u043a\u0442\u0438\u0432\u043d\u043e\u0439 \u0436\u0438\u0437\u043d\u0438\"},{\"@type\":\"BreadcrumbList\",\"@id\":\"https:\/\/xstyle.md\/product\/portativnyj-dush-lifeventure-bottleshower-kit\/#breadcrumb\",\"itemListElement\":[{\"@type\":\"ListItem\",\"position\":1,\"name\":\"\u0413\u043b\u0430\u0432\u043d\u0430\u044f \u0441\u0442\u0440\u0430\u043d\u0438\u0446\u0430\",\"item\":\"https:\/\/xstyle.md\/\"},{\"@type\":\"ListItem\",\"position\":2,\"name\":\"\u041c\u0430\u0433\u0430\u0437\u0438\u043d\",\"item\":\"https:\/\/xstyle.md\/shop\/\"},{\"@type\":\"ListItem\",\"position\":3,\"name\":\"\u041f\u043e\u0440\u0442\u0430\u0442\u0438\u0432\u043d\u044b\u0439 \u0434\u0443\u0448 Lifeventure Bottleshower Kit\"}]},{\"@type\":\"WebSite\",\"@id\":\"https:\/\/xstyle.md\/#website\",\"url\":\"https:\/\/xstyle.md\/\",\"name\":\"\u041c\u0430\u0433\u0430\u0437\u0438\u043d Xstyle\",\"description\":\"C\u043d\u0430\u0440\u044f\u0436\u0435\u043d\u0438\u0435 \u0434\u043b\u044f \u0442\u0443\u0440\u0438\u0437\u043c\u0430 \u0438 \u044d\u043a\u0441\u0442\u0440\u0435\u043c\u0430\u043b\u044c\u043d\u044b\u0445 \u0432\u0438\u0434\u043e\u0432 \u0441\u043f\u043e\u0440\u0442\u0430 \u0432 \u041c\u043e\u043b\u0434\u043e\u0432\u0435.. \u0426\u0435\u043d\u044b, \u0444\u043e\u0442\u043e, \u0445\u0430\u0440\u0430\u043a\u0442\u0435\u0440\u0438\u0441\u0442\u0438\u043a\u0438 \u0432 \u041c\u043e\u043b\u0434\u043e\u0432\u0435.\",\"publisher\":{\"@id\":\"https:\/\/xstyle.md\/#organization\"},\"alternateName\":\"X-Style\",\"potentialAction\":[{\"@type\":\"SearchAction\",\"target\":{\"@type\":\"EntryPoint\",\"urlTemplate\":\"https:\/\/xstyle.md\/?s={search_term_string}\"},\"query-input\":{\"@type\":\"PropertyValueSpecification\",\"valueRequired\":true,\"valueName\":\"search_term_string\"}}],\"inLanguage\":\"ro-RO\"},{\"@type\":\"Organization\",\"@id\":\"https:\/\/xstyle.md\/#organization\",\"name\":\"\u041c\u0430\u0433\u0430\u0437\u0438\u043d Xstyle\",\"alternateName\":\"x-style\",\"url\":\"https:\/\/xstyle.md\/\",\"logo\":{\"@type\":\"ImageObject\",\"inLanguage\":\"ro-RO\",\"@id\":\"https:\/\/xstyle.md\/#\/schema\/logo\/image\/\",\"url\":\"https:\/\/xstyle.md\/wp-content\/uploads\/2020\/06\/logoicon.svg\",\"contentUrl\":\"https:\/\/xstyle.md\/wp-content\/uploads\/2020\/06\/logoicon.svg\",\"caption\":\"\u041c\u0430\u0433\u0430\u0437\u0438\u043d Xstyle\"},\"image\":{\"@id\":\"https:\/\/xstyle.md\/#\/schema\/logo\/image\/\"},\"sameAs\":[\"https:\/\/www.facebook.com\/xstylemd\",\"https:\/\/www.instagram.com\/xstyle_md\/\",\"https:\/\/t.me\/xstyle_outdoor\"],\"hasMerchantReturnPolicy\":{\"@type\":\"MerchantReturnPolicy\",\"merchantReturnLink\":\"https:\/\/xstyle.md\/ro\/conditions\/\"}}]}<\/script>\n<meta property=\"product:price:amount\" content=\"225.00\" \/>\n<meta property=\"product:price:currency\" content=\"MDL\" \/>\n<meta property=\"og:availability\" content=\"instock\" \/>\n<meta property=\"product:availability\" content=\"instock\" \/>\n<meta property=\"product:retailer_item_id\" content=\"5031863621106\" \/>\n<meta property=\"product:condition\" content=\"new\" \/>\n<!-- \/ Yoast SEO plugin. -->","yoast_head_json":{"title":"Du\u0219 portabil Lifeventure Bottleshower Kit - Magazin Xstyle","description":"Du\u0219ul portabil Lifeventure Bottleshower Kit este solu\u021bia ideal\u0103 pentru camping! Transform\u0103 orice sticl\u0103 de plastic \u00eentr-un du\u0219 \u0219i bucur\u0103-te de prospe\u021bimea \u00een natur\u0103.","robots":{"index":"index","follow":"follow","max-snippet":"max-snippet:-1","max-image-preview":"max-image-preview:large","max-video-preview":"max-video-preview:-1"},"canonical":"https:\/\/xstyle.md\/ro\/produs\/portativnyj-dush-lifeventure-bottleshower-kit\/","og_locale":"ro_RO","og_type":"article","og_title":"\u041f\u043e\u0440\u0442\u0430\u0442\u0438\u0432\u043d\u044b\u0439 \u0434\u0443\u0448 Lifeventure Bottleshower Kit - \u041c\u0430\u0433\u0430\u0437\u0438\u043d Xstyle","og_description":"\u041f\u043e\u0440\u0442\u0430\u0442\u0438\u0432\u043d\u044b\u0439 \u0434\u0443\u0448 Lifeventure Bottleshower Kit \u2014 \u0438\u0434\u0435\u0430\u043b\u044c\u043d\u043e\u0435 \u0440\u0435\u0448\u0435\u043d\u0438\u0435 \u0434\u043b\u044f \u043a\u0435\u043c\u043f\u0438\u043d\u0433\u0430! \u041f\u0440\u0435\u0432\u0440\u0430\u0442\u0438\u0442\u0435 \u043b\u044e\u0431\u0443\u044e \u043f\u043b\u0430\u0441\u0442\u0438\u043a\u043e\u0432\u0443\u044e \u0431\u0443\u0442\u044b\u043b\u043a\u0443 \u0432 \u0434\u0443\u0448 \u0438 \u043d\u0430\u0441\u043b\u0430\u0436\u0434\u0430\u0439\u0442\u0435\u0441\u044c \u0441\u0432\u0435\u0436\u0435\u0441\u0442\u044c\u044e \u043d\u0430 \u043f\u0440\u0438\u0440\u043e\u0434\u0435.","og_url":"https:\/\/xstyle.md\/ro\/produs\/portativnyj-dush-lifeventure-bottleshower-kit\/","og_site_name":"\u041c\u0430\u0433\u0430\u0437\u0438\u043d Xstyle","article_publisher":"https:\/\/www.facebook.com\/xstylemd","article_modified_time":"2024-10-15T09:58:18+00:00","og_image":[{"width":919,"height":705,"url":"https:\/\/xstyle.md\/wp-content\/uploads\/2022\/06\/lifeventure-bottleshower-kit.png","type":"image\/png"}],"twitter_card":"summary_large_image","twitter_misc":{"Pre\u021b":"225&nbsp;MDL","Disponibilitate":"\u00cen stoc"},"schema":{"@context":"https:\/\/schema.org","@graph":[{"@type":"WebPage","@id":"https:\/\/xstyle.md\/product\/portativnyj-dush-lifeventure-bottleshower-kit\/","url":"https:\/\/xstyle.md\/product\/portativnyj-dush-lifeventure-bottleshower-kit\/","name":"Du\u0219 portabil Lifeventure Bottleshower Kit - Magazin Xstyle","isPartOf":{"@id":"https:\/\/xstyle.md\/#website"},"primaryImageOfPage":{"@id":"https:\/\/xstyle.md\/product\/portativnyj-dush-lifeventure-bottleshower-kit\/#primaryimage"},"image":{"@id":"https:\/\/xstyle.md\/product\/portativnyj-dush-lifeventure-bottleshower-kit\/#primaryimage"},"thumbnailUrl":"https:\/\/xstyle.md\/wp-content\/uploads\/2022\/06\/lifeventure-bottleshower-kit.png","datePublished":"2022-06-16T10:21:57+00:00","dateModified":"2024-10-15T09:58:18+00:00","description":"Du\u0219ul portabil Lifeventure Bottleshower Kit este solu\u021bia ideal\u0103 pentru camping! Transform\u0103 orice sticl\u0103 de plastic \u00eentr-un du\u0219 \u0219i bucur\u0103-te de prospe\u021bimea \u00een natur\u0103.","breadcrumb":{"@id":"https:\/\/xstyle.md\/product\/portativnyj-dush-lifeventure-bottleshower-kit\/#breadcrumb"},"inLanguage":"ro-RO","potentialAction":[{"@type":"ReadAction","target":["https:\/\/xstyle.md\/product\/portativnyj-dush-lifeventure-bottleshower-kit\/"]}]},{"@type":"ImageObject","inLanguage":"ro-RO","@id":"https:\/\/xstyle.md\/product\/portativnyj-dush-lifeventure-bottleshower-kit\/#primaryimage","url":"https:\/\/xstyle.md\/wp-content\/uploads\/2022\/06\/lifeventure-bottleshower-kit.png","contentUrl":"https:\/\/xstyle.md\/wp-content\/uploads\/2022\/06\/lifeventure-bottleshower-kit.png","width":919,"height":705,"caption":"\u041f\u043e\u0440\u0442\u0430\u0442\u0438\u0432\u043d\u044b\u0439 \u0434\u0443\u0448 Lifeventure Bottleshower Kit \u0434\u043b\u044f \u0430\u043a\u0442\u0438\u0432\u043d\u043e\u0433\u043e \u043e\u0442\u0434\u044b\u0445\u0430, \u043f\u0443\u0442\u0435\u0448\u0435\u0441\u0442\u0432\u0438\u0439, \u0442\u0443\u0440\u0438\u0437\u043c\u0430, \u043f\u043e\u0445\u043e\u0434\u043e\u0432 \u0438 \u0430\u043b\u044c\u043f\u0438\u043d\u0438\u0437\u043c\u0430 \u0441 \u043d\u0430\u043b\u043e\u0431\u043d\u044b\u043c \u0438 \u0440\u0443\u0447\u043d\u044b\u043c \u0434\u0443\u0448\u0435\u043c \u0434\u043b\u044f \u043e\u0434\u0435\u0436\u0434\u044b, \u043e\u0431\u0443\u0432\u0438 \u0438 \u044d\u043a\u0438\u043f\u0438\u0440\u043e\u0432\u043a\u0438 \u0434\u043b\u044f outdoor \u0430\u043a\u0442\u0438\u0432\u043d\u043e\u0439 \u0436\u0438\u0437\u043d\u0438"},{"@type":"BreadcrumbList","@id":"https:\/\/xstyle.md\/product\/portativnyj-dush-lifeventure-bottleshower-kit\/#breadcrumb","itemListElement":[{"@type":"ListItem","position":1,"name":"\u0413\u043b\u0430\u0432\u043d\u0430\u044f \u0441\u0442\u0440\u0430\u043d\u0438\u0446\u0430","item":"https:\/\/xstyle.md\/"},{"@type":"ListItem","position":2,"name":"\u041c\u0430\u0433\u0430\u0437\u0438\u043d","item":"https:\/\/xstyle.md\/shop\/"},{"@type":"ListItem","position":3,"name":"\u041f\u043e\u0440\u0442\u0430\u0442\u0438\u0432\u043d\u044b\u0439 \u0434\u0443\u0448 Lifeventure Bottleshower Kit"}]},{"@type":"WebSite","@id":"https:\/\/xstyle.md\/#website","url":"https:\/\/xstyle.md\/","name":"Magazinul X-Style","description":"Echipamente pentru turism \u0219i sporturi extreme \u00een Moldova. Pre\u021buri, fotografii, caracteristici \u00een Moldova.","publisher":{"@id":"https:\/\/xstyle.md\/#organization"},"alternateName":"X-Style","potentialAction":[{"@type":"SearchAction","target":{"@type":"EntryPoint","urlTemplate":"https:\/\/xstyle.md\/?s={search_term_string}"},"query-input":{"@type":"PropertyValueSpecification","valueRequired":true,"valueName":"search_term_string"}}],"inLanguage":"ro-RO"},{"@type":"Organization","@id":"https:\/\/xstyle.md\/#organization","name":"Magazinul X-Style","alternateName":"x-style","url":"https:\/\/xstyle.md\/","logo":{"@type":"ImageObject","inLanguage":"ro-RO","@id":"https:\/\/xstyle.md\/#\/schema\/logo\/image\/","url":"https:\/\/xstyle.md\/wp-content\/uploads\/2020\/06\/logoicon.svg","contentUrl":"https:\/\/xstyle.md\/wp-content\/uploads\/2020\/06\/logoicon.svg","caption":"\u041c\u0430\u0433\u0430\u0437\u0438\u043d Xstyle"},"image":{"@id":"https:\/\/xstyle.md\/#\/schema\/logo\/image\/"},"sameAs":["https:\/\/www.facebook.com\/xstylemd","https:\/\/www.instagram.com\/xstyle_md\/","https:\/\/t.me\/xstyle_outdoor"],"hasMerchantReturnPolicy":{"@type":"MerchantReturnPolicy","merchantReturnLink":"https:\/\/xstyle.md\/ro\/conditions\/"}}]},"product_price_amount":"225.00","product_price_currency":"MDL","og_availability":"instock","product_availability":"instock","product_retailer_item_id":"5031863621106","product_condition":"new"},"post_mailing_queue_ids":[],"_links":{"self":[{"href":"https:\/\/xstyle.md\/ro\/wp-json\/wp\/v2\/product\/48850","targetHints":{"allow":["GET"]}}],"collection":[{"href":"https:\/\/xstyle.md\/ro\/wp-json\/wp\/v2\/product"}],"about":[{"href":"https:\/\/xstyle.md\/ro\/wp-json\/wp\/v2\/types\/product"}],"replies":[{"embeddable":true,"href":"https:\/\/xstyle.md\/ro\/wp-json\/wp\/v2\/comments?post=48850"}],"wp:featuredmedia":[{"embeddable":true,"href":"https:\/\/xstyle.md\/ro\/wp-json\/wp\/v2\/media\/49706"}],"wp:attachment":[{"href":"https:\/\/xstyle.md\/ro\/wp-json\/wp\/v2\/media?parent=48850"}],"wp:term":[{"taxonomy":"product_brand","embeddable":true,"href":"https:\/\/xstyle.md\/ro\/wp-json\/wp\/v2\/product_brand?post=48850"},{"taxonomy":"product_cat","embeddable":true,"href":"https:\/\/xstyle.md\/ro\/wp-json\/wp\/v2\/product_cat?post=48850"},{"taxonomy":"product_tag","embeddable":true,"href":"https:\/\/xstyle.md\/ro\/wp-json\/wp\/v2\/product_tag?post=48850"}],"curies":[{"name":"wp","href":"https:\/\/api.w.org\/{rel}","templated":true}]}}