{"id":48848,"date":"2022-06-16T13:21:55","date_gmt":"2022-06-16T10:21:55","guid":{"rendered":"https:\/\/xstyle.md\/?post_type=product&#038;p=48848"},"modified":"2026-01-09T13:00:19","modified_gmt":"2026-01-09T10:00:19","slug":"trut-lifesystems-easy-light-tinder-pack","status":"publish","type":"product","link":"https:\/\/xstyle.md\/ro\/produs\/trut-lifesystems-easy-light-tinder-pack\/","title":{"rendered":"Material de aprindere foc Lifesystems Easy Light Tinder Pack"},"content":{"rendered":"<\/p>\n<p><strong>Lifesystems Easy Light Tinder Pack<\/strong> &#8212; o\u00a0rol\u0103 de fibr\u0103 inflamabil\u0103 eficient\u0103 pentru aprinderea focului va fi un accesoriu indispensabil pentru rulote. Rola v\u0103 va ajuta s\u0103 aprinde\u021bi un foc \u00een toate condi\u021biile meteorologice &#8212; chiar \u0219i \u00een ploaie \u0219i v\u00e2nt puternic. O rol\u0103 arde timp de aproximativ patru minute.<\/p>\n<h3>Particularit\u0103\u021bi<\/h3>\n<ul>\n<li>Setul include 10 role<\/li>\n<li>4 minute de ardere continu\u0103 pe rol\u0103<\/li>\n<li>Material inflamabil<\/li>\n<li>Adecvat pentru utilizare \u00een toate condi\u021biile meteorologice.<\/li>\n<\/ul>\n<h3>Caracteristici<\/h3>\n<ul>\n<li>Dimensiuni &#8212; 10 x 50 x 60 mm<\/li>\n<li>Cantitate &#8212; 10 buc\u0103\u021bi<\/li>\n<li>Greutate &#8212; 20g.<\/li>\n<\/ul>\n<h3>Marca<\/h3>\n<p>Lifesystems este o companie britanic\u0103 care produce echipamente pentru turi\u0219ti \u0219i c\u0103l\u0103tori. Sub aceast\u0103 marc\u0103 se produc truse de prim ajutor, spray-uri \u00eempotriva insectelor, creme de protec\u021bie solar\u0103, produse de purificare \u0219i dezinfectare a apei, plase de \u021b\u00e2n\u021bari \u0219i alte lucruri utile pentru turi\u0219ti. Calit\u0103\u021bii produselor li se acord\u0103 o mare aten\u021bie. Acestea sunt foarte func\u021bionale, capabile s\u0103 satisfac\u0103 nevoile majorit\u0103\u021bii pasiona\u021bilor de activit\u0103\u021bi \u00een aer liber \u0219i a sportivilor extremi\u0219ti, testate pe teren, \u00een cele mai periculoase \u0219i greu accesibile locuri de pe planet\u0103.<\/p>\n<p><\/p>","protected":false},"excerpt":{"rendered":"","protected":false},"featured_media":49699,"comment_status":"open","ping_status":"closed","template":"","meta":{"_acf_changed":false,"inline_featured_image":false},"product_brand":[1417],"product_cat":[87],"product_tag":[],"class_list":{"0":"post-48848","1":"product","2":"type-product","3":"status-publish","4":"has-post-thumbnail","6":"product_brand-lifesystems","7":"product_cat-flint","9":"first","10":"outofstock","11":"shipping-taxable","12":"product-type-simple"},"acf":[],"yoast_head":"<!-- This site is optimized with the Yoast SEO plugin v27.4 - https:\/\/yoast.com\/product\/yoast-seo-wordpress\/ -->\n<title>\u0422\u0440\u0443\u0442 Lifesystems Easy Light Tinder Pack - \u041c\u0430\u0433\u0430\u0437\u0438\u043d Xstyle<\/title>\n<meta name=\"description\" content=\"\u041f\u043e\u043b\u0443\u0447\u0438\u0442\u0435 \u043d\u0430\u0431\u043e\u0440 Lifesystems Easy Light Tinder Pack - 10 \u0440\u0443\u043b\u043e\u043d\u043e\u0432 \u0434\u043b\u044f \u043b\u0435\u0433\u043a\u043e\u0433\u043e \u0440\u0430\u0437\u0436\u0438\u0433\u0430\u043d\u0438\u044f \u043e\u0433\u043d\u044f \u0434\u0430\u0436\u0435 \u0432 \u043d\u0435\u043f\u043e\u0433\u043e\u0434\u0443. \u0418\u0434\u0435\u0430\u043b\u044c\u043d\u043e \u0434\u043b\u044f \u043a\u0435\u043c\u043f\u0438\u043d\u0433\u0430 \u0438 \u043f\u0443\u0442\u0435\u0448\u0435\u0441\u0442\u0432\u0438\u0439!\" \/>\n<meta name=\"robots\" content=\"index, follow, max-snippet:-1, max-image-preview:large, max-video-preview:-1\" \/>\n<link rel=\"canonical\" href=\"https:\/\/xstyle.md\/ro\/produs\/trut-lifesystems-easy-light-tinder-pack\/\" \/>\n<meta property=\"og:locale\" content=\"ro_RO\" \/>\n<meta property=\"og:type\" content=\"article\" \/>\n<meta property=\"og:title\" content=\"\u0422\u0440\u0443\u0442 Lifesystems Easy Light Tinder Pack - \u041c\u0430\u0433\u0430\u0437\u0438\u043d Xstyle\" \/>\n<meta property=\"og:description\" content=\"\u041f\u043e\u043b\u0443\u0447\u0438\u0442\u0435 \u043d\u0430\u0431\u043e\u0440 Lifesystems Easy Light Tinder Pack - 10 \u0440\u0443\u043b\u043e\u043d\u043e\u0432 \u0434\u043b\u044f \u043b\u0435\u0433\u043a\u043e\u0433\u043e \u0440\u0430\u0437\u0436\u0438\u0433\u0430\u043d\u0438\u044f \u043e\u0433\u043d\u044f \u0434\u0430\u0436\u0435 \u0432 \u043d\u0435\u043f\u043e\u0433\u043e\u0434\u0443. \u0418\u0434\u0435\u0430\u043b\u044c\u043d\u043e \u0434\u043b\u044f \u043a\u0435\u043c\u043f\u0438\u043d\u0433\u0430 \u0438 \u043f\u0443\u0442\u0435\u0448\u0435\u0441\u0442\u0432\u0438\u0439!\" \/>\n<meta property=\"og:url\" content=\"https:\/\/xstyle.md\/ro\/produs\/trut-lifesystems-easy-light-tinder-pack\/\" \/>\n<meta property=\"og:site_name\" content=\"\u041c\u0430\u0433\u0430\u0437\u0438\u043d Xstyle\" \/>\n<meta property=\"article:publisher\" content=\"https:\/\/www.facebook.com\/xstylemd\" \/>\n<meta property=\"article:modified_time\" content=\"2026-01-09T10:00:19+00:00\" \/>\n<meta property=\"og:image\" content=\"https:\/\/xstyle.md\/wp-content\/uploads\/2022\/06\/lifesystems-easy-light-tinder-pack.png\" \/>\n\t<meta property=\"og:image:width\" content=\"876\" \/>\n\t<meta property=\"og:image:height\" content=\"711\" \/>\n\t<meta property=\"og:image:type\" content=\"image\/png\" \/>\n<meta name=\"twitter:card\" content=\"summary_large_image\" \/>\n<meta name=\"twitter:label1\" content=\"Pre\u021b\" \/>\n\t<meta name=\"twitter:data1\" content=\"120&nbsp;MDL\" \/>\n\t<meta name=\"twitter:label2\" content=\"Disponibilitate\" \/>\n\t<meta name=\"twitter:data2\" content=\"Stoc epuizat\" \/>\n<script type=\"application\/ld+json\" class=\"yoast-schema-graph\">{\"@context\":\"https:\\\/\\\/schema.org\",\"@graph\":[{\"@type\":\"WebPage\",\"@id\":\"https:\\\/\\\/xstyle.md\\\/product\\\/trut-lifesystems-easy-light-tinder-pack\\\/\",\"url\":\"https:\\\/\\\/xstyle.md\\\/product\\\/trut-lifesystems-easy-light-tinder-pack\\\/\",\"name\":\"\u0422\u0440\u0443\u0442 Lifesystems Easy Light Tinder Pack - \u041c\u0430\u0433\u0430\u0437\u0438\u043d Xstyle\",\"isPartOf\":{\"@id\":\"https:\\\/\\\/xstyle.md\\\/#website\"},\"primaryImageOfPage\":{\"@id\":\"https:\\\/\\\/xstyle.md\\\/product\\\/trut-lifesystems-easy-light-tinder-pack\\\/#primaryimage\"},\"image\":{\"@id\":\"https:\\\/\\\/xstyle.md\\\/product\\\/trut-lifesystems-easy-light-tinder-pack\\\/#primaryimage\"},\"thumbnailUrl\":\"https:\\\/\\\/xstyle.md\\\/wp-content\\\/uploads\\\/2022\\\/06\\\/lifesystems-easy-light-tinder-pack.png\",\"datePublished\":\"2022-06-16T10:21:55+00:00\",\"dateModified\":\"2026-01-09T10:00:19+00:00\",\"description\":\"\u041f\u043e\u043b\u0443\u0447\u0438\u0442\u0435 \u043d\u0430\u0431\u043e\u0440 Lifesystems Easy Light Tinder Pack - 10 \u0440\u0443\u043b\u043e\u043d\u043e\u0432 \u0434\u043b\u044f \u043b\u0435\u0433\u043a\u043e\u0433\u043e \u0440\u0430\u0437\u0436\u0438\u0433\u0430\u043d\u0438\u044f \u043e\u0433\u043d\u044f \u0434\u0430\u0436\u0435 \u0432 \u043d\u0435\u043f\u043e\u0433\u043e\u0434\u0443. \u0418\u0434\u0435\u0430\u043b\u044c\u043d\u043e \u0434\u043b\u044f \u043a\u0435\u043c\u043f\u0438\u043d\u0433\u0430 \u0438 \u043f\u0443\u0442\u0435\u0448\u0435\u0441\u0442\u0432\u0438\u0439!\",\"breadcrumb\":{\"@id\":\"https:\\\/\\\/xstyle.md\\\/product\\\/trut-lifesystems-easy-light-tinder-pack\\\/#breadcrumb\"},\"inLanguage\":\"ro-RO\",\"potentialAction\":[{\"@type\":\"ReadAction\",\"target\":[\"https:\\\/\\\/xstyle.md\\\/product\\\/trut-lifesystems-easy-light-tinder-pack\\\/\"]}]},{\"@type\":\"ImageObject\",\"inLanguage\":\"ro-RO\",\"@id\":\"https:\\\/\\\/xstyle.md\\\/product\\\/trut-lifesystems-easy-light-tinder-pack\\\/#primaryimage\",\"url\":\"https:\\\/\\\/xstyle.md\\\/wp-content\\\/uploads\\\/2022\\\/06\\\/lifesystems-easy-light-tinder-pack.png\",\"contentUrl\":\"https:\\\/\\\/xstyle.md\\\/wp-content\\\/uploads\\\/2022\\\/06\\\/lifesystems-easy-light-tinder-pack.png\",\"width\":876,\"height\":711,\"caption\":\"\u041a\u043e\u043c\u043f\u043b\u0435\u043a\u0442 \u0434\u043b\u044f \u0440\u0430\u0437\u0436\u0438\u0433\u0430\u043d\u0438\u044f \u043e\u0433\u043d\u044f Lifesystems Easy Light Tinder Pack \u0434\u043b\u044f \u0430\u043a\u0442\u0438\u0432\u043d\u043e\u0433\u043e \u043e\u0442\u0434\u044b\u0445\u0430 \u043d\u0430 \u043f\u0440\u0438\u0440\u043e\u0434\u0435 \u2014 \u043f\u043e\u0445\u043e\u0434\u044b \u043a\u0435\u043c\u043f\u0438\u043d\u0433 \u0438 \u043f\u0443\u0442\u0435\u0448\u0435\u0441\u0442\u0432\u0438\u044f \u0441 \u044d\u043a\u0438\u043f\u0438\u0440\u043e\u0432\u043a\u043e\u0439 \u0434\u043b\u044f \u0442\u0443\u0440\u0438\u0437\u043c\u0430 \u0438 \u0430\u043b\u044c\u043f\u0438\u043d\u0438\u0437\u043c\u0430\"},{\"@type\":\"BreadcrumbList\",\"@id\":\"https:\\\/\\\/xstyle.md\\\/product\\\/trut-lifesystems-easy-light-tinder-pack\\\/#breadcrumb\",\"itemListElement\":[{\"@type\":\"ListItem\",\"position\":1,\"name\":\"\u0413\u043b\u0430\u0432\u043d\u0430\u044f \u0441\u0442\u0440\u0430\u043d\u0438\u0446\u0430\",\"item\":\"https:\\\/\\\/xstyle.md\\\/\"},{\"@type\":\"ListItem\",\"position\":2,\"name\":\"\u041c\u0430\u0433\u0430\u0437\u0438\u043d\",\"item\":\"https:\\\/\\\/xstyle.md\\\/shop\\\/\"},{\"@type\":\"ListItem\",\"position\":3,\"name\":\"\u0422\u0440\u0443\u0442 Lifesystems Easy Light Tinder Pack\"}]},{\"@type\":\"WebSite\",\"@id\":\"https:\\\/\\\/xstyle.md\\\/#website\",\"url\":\"https:\\\/\\\/xstyle.md\\\/\",\"name\":\"\u041c\u0430\u0433\u0430\u0437\u0438\u043d Xstyle\",\"description\":\"C\u043d\u0430\u0440\u044f\u0436\u0435\u043d\u0438\u0435 \u0434\u043b\u044f \u0442\u0443\u0440\u0438\u0437\u043c\u0430 \u0438 \u044d\u043a\u0441\u0442\u0440\u0435\u043c\u0430\u043b\u044c\u043d\u044b\u0445 \u0432\u0438\u0434\u043e\u0432 \u0441\u043f\u043e\u0440\u0442\u0430 \u0432 \u041c\u043e\u043b\u0434\u043e\u0432\u0435.. \u0426\u0435\u043d\u044b, \u0444\u043e\u0442\u043e, \u0445\u0430\u0440\u0430\u043a\u0442\u0435\u0440\u0438\u0441\u0442\u0438\u043a\u0438 \u0432 \u041c\u043e\u043b\u0434\u043e\u0432\u0435.\",\"publisher\":{\"@id\":\"https:\\\/\\\/xstyle.md\\\/#organization\"},\"alternateName\":\"X-Style\",\"potentialAction\":[{\"@type\":\"SearchAction\",\"target\":{\"@type\":\"EntryPoint\",\"urlTemplate\":\"https:\\\/\\\/xstyle.md\\\/?s={search_term_string}\"},\"query-input\":{\"@type\":\"PropertyValueSpecification\",\"valueRequired\":true,\"valueName\":\"search_term_string\"}}],\"inLanguage\":\"ro-RO\"},{\"@type\":\"Organization\",\"@id\":\"https:\\\/\\\/xstyle.md\\\/#organization\",\"name\":\"\u041c\u0430\u0433\u0430\u0437\u0438\u043d Xstyle\",\"alternateName\":\"x-style\",\"url\":\"https:\\\/\\\/xstyle.md\\\/\",\"logo\":{\"@type\":\"ImageObject\",\"inLanguage\":\"ro-RO\",\"@id\":\"https:\\\/\\\/xstyle.md\\\/#\\\/schema\\\/logo\\\/image\\\/\",\"url\":\"https:\\\/\\\/xstyle.md\\\/wp-content\\\/uploads\\\/2020\\\/06\\\/logoicon.svg\",\"contentUrl\":\"https:\\\/\\\/xstyle.md\\\/wp-content\\\/uploads\\\/2020\\\/06\\\/logoicon.svg\",\"caption\":\"\u041c\u0430\u0433\u0430\u0437\u0438\u043d Xstyle\"},\"image\":{\"@id\":\"https:\\\/\\\/xstyle.md\\\/#\\\/schema\\\/logo\\\/image\\\/\"},\"sameAs\":[\"https:\\\/\\\/www.facebook.com\\\/xstylemd\",\"https:\\\/\\\/www.instagram.com\\\/xstyle_md\\\/\",\"https:\\\/\\\/t.me\\\/xstyle_outdoor\"],\"hasMerchantReturnPolicy\":{\"@type\":\"MerchantReturnPolicy\",\"merchantReturnLink\":\"https:\\\/\\\/xstyle.md\\\/ro\\\/conditions\\\/\"}}]}<\/script>\n<meta property=\"product:price:amount\" content=\"120.00\" \/>\n<meta property=\"product:price:currency\" content=\"MDL\" \/>\n<meta property=\"og:availability\" content=\"out of stock\" \/>\n<meta property=\"product:availability\" content=\"out of stock\" \/>\n<meta property=\"product:retailer_item_id\" content=\"5031863422406\" \/>\n<meta property=\"product:condition\" content=\"new\" \/>\n<!-- \/ Yoast SEO plugin. -->","yoast_head_json":{"title":"Material de aprindere foc Lifesystems Easy Light Tinder Pack - Magazin Xstyle","description":"Ob\u021bine\u021bi setul Lifesystems Easy Light Tinder Pack - 10 role pentru aprinderea u\u0219oar\u0103 a focului chiar \u0219i \u00een condi\u021bii meteorologice nefavorabile. Ideal pentru camping \u0219i c\u0103l\u0103torii!","robots":{"index":"index","follow":"follow","max-snippet":"max-snippet:-1","max-image-preview":"max-image-preview:large","max-video-preview":"max-video-preview:-1"},"canonical":"https:\/\/xstyle.md\/ro\/produs\/trut-lifesystems-easy-light-tinder-pack\/","og_locale":"ro_RO","og_type":"article","og_title":"\u0422\u0440\u0443\u0442 Lifesystems Easy Light Tinder Pack - \u041c\u0430\u0433\u0430\u0437\u0438\u043d Xstyle","og_description":"\u041f\u043e\u043b\u0443\u0447\u0438\u0442\u0435 \u043d\u0430\u0431\u043e\u0440 Lifesystems Easy Light Tinder Pack - 10 \u0440\u0443\u043b\u043e\u043d\u043e\u0432 \u0434\u043b\u044f \u043b\u0435\u0433\u043a\u043e\u0433\u043e \u0440\u0430\u0437\u0436\u0438\u0433\u0430\u043d\u0438\u044f \u043e\u0433\u043d\u044f \u0434\u0430\u0436\u0435 \u0432 \u043d\u0435\u043f\u043e\u0433\u043e\u0434\u0443. \u0418\u0434\u0435\u0430\u043b\u044c\u043d\u043e \u0434\u043b\u044f \u043a\u0435\u043c\u043f\u0438\u043d\u0433\u0430 \u0438 \u043f\u0443\u0442\u0435\u0448\u0435\u0441\u0442\u0432\u0438\u0439!","og_url":"https:\/\/xstyle.md\/ro\/produs\/trut-lifesystems-easy-light-tinder-pack\/","og_site_name":"\u041c\u0430\u0433\u0430\u0437\u0438\u043d Xstyle","article_publisher":"https:\/\/www.facebook.com\/xstylemd","article_modified_time":"2026-01-09T10:00:19+00:00","og_image":[{"width":876,"height":711,"url":"https:\/\/xstyle.md\/wp-content\/uploads\/2022\/06\/lifesystems-easy-light-tinder-pack.png","type":"image\/png"}],"twitter_card":"summary_large_image","twitter_misc":{"Pre\u021b":"120&nbsp;MDL","Disponibilitate":"Stoc epuizat"},"schema":{"@context":"https:\/\/schema.org","@graph":[{"@type":"WebPage","@id":"https:\/\/xstyle.md\/product\/trut-lifesystems-easy-light-tinder-pack\/","url":"https:\/\/xstyle.md\/product\/trut-lifesystems-easy-light-tinder-pack\/","name":"Material de aprindere foc Lifesystems Easy Light Tinder Pack - Magazin Xstyle","isPartOf":{"@id":"https:\/\/xstyle.md\/#website"},"primaryImageOfPage":{"@id":"https:\/\/xstyle.md\/product\/trut-lifesystems-easy-light-tinder-pack\/#primaryimage"},"image":{"@id":"https:\/\/xstyle.md\/product\/trut-lifesystems-easy-light-tinder-pack\/#primaryimage"},"thumbnailUrl":"https:\/\/xstyle.md\/wp-content\/uploads\/2022\/06\/lifesystems-easy-light-tinder-pack.png","datePublished":"2022-06-16T10:21:55+00:00","dateModified":"2026-01-09T10:00:19+00:00","description":"Ob\u021bine\u021bi setul Lifesystems Easy Light Tinder Pack - 10 role pentru aprinderea u\u0219oar\u0103 a focului chiar \u0219i \u00een condi\u021bii meteorologice nefavorabile. Ideal pentru camping \u0219i c\u0103l\u0103torii!","breadcrumb":{"@id":"https:\/\/xstyle.md\/product\/trut-lifesystems-easy-light-tinder-pack\/#breadcrumb"},"inLanguage":"ro-RO","potentialAction":[{"@type":"ReadAction","target":["https:\/\/xstyle.md\/product\/trut-lifesystems-easy-light-tinder-pack\/"]}]},{"@type":"ImageObject","inLanguage":"ro-RO","@id":"https:\/\/xstyle.md\/product\/trut-lifesystems-easy-light-tinder-pack\/#primaryimage","url":"https:\/\/xstyle.md\/wp-content\/uploads\/2022\/06\/lifesystems-easy-light-tinder-pack.png","contentUrl":"https:\/\/xstyle.md\/wp-content\/uploads\/2022\/06\/lifesystems-easy-light-tinder-pack.png","width":876,"height":711,"caption":"\u041a\u043e\u043c\u043f\u043b\u0435\u043a\u0442 \u0434\u043b\u044f \u0440\u0430\u0437\u0436\u0438\u0433\u0430\u043d\u0438\u044f \u043e\u0433\u043d\u044f Lifesystems Easy Light Tinder Pack \u0434\u043b\u044f \u0430\u043a\u0442\u0438\u0432\u043d\u043e\u0433\u043e \u043e\u0442\u0434\u044b\u0445\u0430 \u043d\u0430 \u043f\u0440\u0438\u0440\u043e\u0434\u0435 \u2014 \u043f\u043e\u0445\u043e\u0434\u044b \u043a\u0435\u043c\u043f\u0438\u043d\u0433 \u0438 \u043f\u0443\u0442\u0435\u0448\u0435\u0441\u0442\u0432\u0438\u044f \u0441 \u044d\u043a\u0438\u043f\u0438\u0440\u043e\u0432\u043a\u043e\u0439 \u0434\u043b\u044f \u0442\u0443\u0440\u0438\u0437\u043c\u0430 \u0438 \u0430\u043b\u044c\u043f\u0438\u043d\u0438\u0437\u043c\u0430"},{"@type":"BreadcrumbList","@id":"https:\/\/xstyle.md\/product\/trut-lifesystems-easy-light-tinder-pack\/#breadcrumb","itemListElement":[{"@type":"ListItem","position":1,"name":"\u0413\u043b\u0430\u0432\u043d\u0430\u044f \u0441\u0442\u0440\u0430\u043d\u0438\u0446\u0430","item":"https:\/\/xstyle.md\/"},{"@type":"ListItem","position":2,"name":"\u041c\u0430\u0433\u0430\u0437\u0438\u043d","item":"https:\/\/xstyle.md\/shop\/"},{"@type":"ListItem","position":3,"name":"\u0422\u0440\u0443\u0442 Lifesystems Easy Light Tinder Pack"}]},{"@type":"WebSite","@id":"https:\/\/xstyle.md\/#website","url":"https:\/\/xstyle.md\/","name":"Magazinul X-Style","description":"Echipamente pentru turism \u0219i sporturi extreme \u00een Moldova. Pre\u021buri, fotografii, caracteristici \u00een Moldova.","publisher":{"@id":"https:\/\/xstyle.md\/#organization"},"alternateName":"X-Style","potentialAction":[{"@type":"SearchAction","target":{"@type":"EntryPoint","urlTemplate":"https:\/\/xstyle.md\/?s={search_term_string}"},"query-input":{"@type":"PropertyValueSpecification","valueRequired":true,"valueName":"search_term_string"}}],"inLanguage":"ro-RO"},{"@type":"Organization","@id":"https:\/\/xstyle.md\/#organization","name":"Magazinul X-Style","alternateName":"x-style","url":"https:\/\/xstyle.md\/","logo":{"@type":"ImageObject","inLanguage":"ro-RO","@id":"https:\/\/xstyle.md\/#\/schema\/logo\/image\/","url":"https:\/\/xstyle.md\/wp-content\/uploads\/2020\/06\/logoicon.svg","contentUrl":"https:\/\/xstyle.md\/wp-content\/uploads\/2020\/06\/logoicon.svg","caption":"\u041c\u0430\u0433\u0430\u0437\u0438\u043d Xstyle"},"image":{"@id":"https:\/\/xstyle.md\/#\/schema\/logo\/image\/"},"sameAs":["https:\/\/www.facebook.com\/xstylemd","https:\/\/www.instagram.com\/xstyle_md\/","https:\/\/t.me\/xstyle_outdoor"],"hasMerchantReturnPolicy":{"@type":"MerchantReturnPolicy","merchantReturnLink":"https:\/\/xstyle.md\/ro\/conditions\/"}}]},"product_price_amount":"120.00","product_price_currency":"MDL","og_availability":"out of stock","product_availability":"out of stock","product_retailer_item_id":"5031863422406","product_condition":"new"},"post_mailing_queue_ids":[],"_links":{"self":[{"href":"https:\/\/xstyle.md\/ro\/wp-json\/wp\/v2\/product\/48848","targetHints":{"allow":["GET"]}}],"collection":[{"href":"https:\/\/xstyle.md\/ro\/wp-json\/wp\/v2\/product"}],"about":[{"href":"https:\/\/xstyle.md\/ro\/wp-json\/wp\/v2\/types\/product"}],"replies":[{"embeddable":true,"href":"https:\/\/xstyle.md\/ro\/wp-json\/wp\/v2\/comments?post=48848"}],"wp:featuredmedia":[{"embeddable":true,"href":"https:\/\/xstyle.md\/ro\/wp-json\/wp\/v2\/media\/49699"}],"wp:attachment":[{"href":"https:\/\/xstyle.md\/ro\/wp-json\/wp\/v2\/media?parent=48848"}],"wp:term":[{"taxonomy":"product_brand","embeddable":true,"href":"https:\/\/xstyle.md\/ro\/wp-json\/wp\/v2\/product_brand?post=48848"},{"taxonomy":"product_cat","embeddable":true,"href":"https:\/\/xstyle.md\/ro\/wp-json\/wp\/v2\/product_cat?post=48848"},{"taxonomy":"product_tag","embeddable":true,"href":"https:\/\/xstyle.md\/ro\/wp-json\/wp\/v2\/product_tag?post=48848"}],"curies":[{"name":"wp","href":"https:\/\/api.w.org\/{rel}","templated":true}]}}