{"id":48847,"date":"2022-06-16T13:21:55","date_gmt":"2022-06-16T10:21:55","guid":{"rendered":"https:\/\/xstyle.md\/?post_type=product&#038;p=48847"},"modified":"2026-03-04T12:27:54","modified_gmt":"2026-03-04T09:27:54","slug":"sandalii-keen-seacamp-ii-cnx-jr-hydrangea-shrp","status":"publish","type":"product","link":"https:\/\/xstyle.md\/ro\/produs\/sandalii-keen-seacamp-ii-cnx-jr-hydrangea-shrp\/","title":{"rendered":"Sandale Keen Seacamp II CNX JR hydrangea\/shrp"},"content":{"rendered":"<\/p>\n<p>Sandale pentru copii <strong>Keen Seacamp II CNX hydrangea\/shrp<\/strong><strong>\u00a0<\/strong>&#8212; creat special pentru copii, realizat cu ajutorul tehnologiei KEEN.CNX, care ofer\u0103 flexibilitate maxim\u0103 \u0219i libertatea picioarelor. Partea superioar\u0103 a sandalelor este din poliester, talpa interioar\u0103 con\u021bine microfibr\u0103 \u0219i plasa hidrofob\u0103 din zona de contact cu piciorul fac ca aceste sandale s\u0103 fie rezistente la umezeal\u0103. Prin urmare, pot fi utilizate \u00een diferite activit\u0103\u021bi prin ap\u0103.<\/p>\n<p>Interiorul acestui model este confec\u021bionat din material textil. Un confort suplimentar este oferit de o talp\u0103 deta\u0219abil\u0103 din material sintetic. Talpa interioar\u0103 anatomic\u0103 din EVA pentru amortizare \u0219i flexibilitate, plus un stabilizator anti-torsiune TPU pentru a v\u0103 proteja \u00een mod fiabil picioarele de r\u0103ni. Intarirea KEEN.PROTECT \u00een zona degetelor de la picioare asigur\u0103 protec\u021bie \u00eempotriva denivel\u0103rilor nea\u0219teptate.<\/p>\n<p>Talpa de cauciuc cu model de rulare multidirec\u021bional\u0103 cu fante mici ofer\u0103 trac\u021biune pe o suprafa\u021b\u0103 umed\u0103 sau uscat\u0103 \u0219i nu va permite alunecarea. Talpa repeta contururile picioarelor pentru confort \u0219i comoditate maxim\u0103. Acest model este o op\u021biune excelent\u0103 at\u00e2t pentru ora\u0219, c\u00e2t \u0219i pentru plimb\u0103ri \u00een natur\u0103 \u00een zilele toride.<\/p>\n<h3>Particularit\u0103\u021bi<\/h3>\n<ul>\n<li>U\u0219ori \u0219i confortabili<\/li>\n<li>C\u0103ptu\u0219eal\u0103 respirabil\u0103<\/li>\n<li>Amortizare pentru a sus\u021bine arcada piciorului<\/li>\n<li>Band\u0103 de rulare rezistent\u0103<\/li>\n<li>Fermoar cu velcro pe talp\u0103<\/li>\n<li>Virful protejat<\/li>\n<li>F\u0103r\u0103 cus\u0103turi \u00een interior<\/li>\n<li>\u00cenchidere convenabil\u0103 cu \u0219ireturi<\/li>\n<li>Sistem de ajustare rapid\u0103 a l\u0103\u021bimii<\/li>\n<li>Talp\u0103 exterioar\u0103 multidirec\u021bional\u0103.<\/li>\n<\/ul>\n<h3>Caracteristici<\/h3>\n<ul>\n<li>Material superior &#8212; sintetic respirabil<\/li>\n<li>Talp\u0103 &#8212; Anatomic + talp\u0103<\/li>\n<li>Talp\u0103 exterioar\u0103 &#8212; EVA<\/li>\n<li>Destina\u021bie &#8212; ora\u0219\/trekking<\/li>\n<li>Model &#8212; Copii.<\/li>\n<\/ul>\n<h3>Tehnologie<\/h3>\n<ul>\n<li><strong>KEEN.PROTECT<\/strong>\u2013 protec\u021bia \u00een zona degetelor de la picioare \u0219i \u00een alt\u0103 parte va oferi confort \u00eempotriva denivel\u0103rilor nea\u0219teptate. Tehnologie brevetat\u0103.<\/li>\n<li><strong>Cleansport nxt \u2014\u00a0<\/strong> este procesul de utilizare a tehnologiei probiotice pentru a reduce mirosurile \u00een \u00eembr\u0103c\u0103mintea \u0219i \u00eenc\u0103l\u021b\u0103mintea sport. Microbii utili care se g\u0103sesc \u00een jurul nostru \u00een natur\u0103 sunt selecta\u021bi \u0219i combina\u021bi cu suprafa\u021ba \u021besutului. Acest proces inovator ecologic de aplicare a microorganismelor vii pe fibre are un efect pozitiv pentru proprietarul pantofilor \u0219i nu d\u0103uneaz\u0103 mediului, spre deosebire de tehnologiile chimice.<\/li>\n<\/ul>\n<p>\n<\/p>\n<h3>Marca<\/h3>\n<p>KEEN \u2014 compania outdoor cu cea mai rapid\u0103 cre\u0219tere din lume. Keen s-a n\u0103scut relativ recent, \u00een martie 2003. Fondatorii s\u0103i, Martin Keane \u0219i Rory Fuest, \u0219i-au propus s\u0103 creeze sandale care s\u0103 ofere protec\u021bie degetelor de la picioare.<\/p>\n<p>Primii pantofi KEEN au fost concepu\u021bi pentru sporturi nautice. O tr\u0103s\u0103tur\u0103 distinctiv\u0103 a modelelor este pernu\u021ba \u00eent\u0103rit\u0103 care protejeaz\u0103 degetele, de asemenea protejeaz\u0103 de uzur\u0103 \u0219i deteriorare.<\/p>\n<p>\u00cen prezent, KEEN ofer\u0103 at\u00e2t \u00eenc\u0103l\u021b\u0103minte conceput\u0103 pentru activit\u0103\u021bi \u00een aer liber \u0219i sport, c\u00e2t \u0219i \u00eenc\u0103l\u021b\u0103minte la mod\u0103 pentru ora\u0219. Compania este \u00een cre\u0219tere \u0219i se dezvolt\u0103 rapid, odat\u0103 cu cre\u0219terea, se schimb\u0103 constant: \u00ee\u0219i extinde gama, ad\u0103ug\u0103 noi stiluri \u0219i culori.<\/p>\n<p><\/p>","protected":false},"excerpt":{"rendered":"","protected":false},"featured_media":49694,"comment_status":"open","ping_status":"closed","template":"","meta":{"_acf_changed":false,"inline_featured_image":false},"product_brand":[1335],"product_cat":[888],"product_tag":[],"class_list":{"0":"post-48847","1":"product","2":"type-product","3":"status-publish","4":"has-post-thumbnail","6":"product_brand-keen","7":"product_cat-kids-summer-shoes","9":"first","10":"instock","11":"shipping-taxable","12":"purchasable","13":"product-type-simple"},"acf":[],"yoast_head":"<!-- This site is optimized with the Yoast SEO plugin v27.4 - https:\/\/yoast.com\/product\/yoast-seo-wordpress\/ -->\n<title>\u0421\u0430\u043d\u0434\u0430\u043b\u0438\u0438 Keen Seacamp II CNX JR hydrangea\/shrp - \u041c\u0430\u0433\u0430\u0437\u0438\u043d Xstyle<\/title>\n<meta name=\"description\" content=\"\u041a\u0443\u043f\u0438\u0442\u0435 \u0441\u0430\u043d\u0434\u0430\u043b\u0438\u0438 Keen Seacamp II CNX JR hydrangea\/shrp \u0434\u043b\u044f \u0434\u0435\u0442\u0435\u0439! \u0413\u0438\u0431\u043a\u043e\u0441\u0442\u044c, \u0437\u0430\u0449\u0438\u0442\u0430, \u0438 \u043a\u043e\u043c\u0444\u043e\u0440\u0442 \u0431\u043b\u0430\u0433\u043e\u0434\u0430\u0440\u044f \u0442\u0435\u0445\u043d\u043e\u043b\u043e\u0433\u0438\u0438 KEENCNX. \u0418\u0434\u0435\u0430\u043b\u044c\u043d\u043e \u0434\u043b\u044f \u0430\u043a\u0442\u0438\u0432\u043d\u044b\u0445 \u0438\u0433\u0440!\" \/>\n<meta name=\"robots\" content=\"index, follow, max-snippet:-1, max-image-preview:large, max-video-preview:-1\" \/>\n<link rel=\"canonical\" href=\"https:\/\/xstyle.md\/ro\/produs\/sandalii-keen-seacamp-ii-cnx-jr-hydrangea-shrp\/\" \/>\n<meta property=\"og:locale\" content=\"ro_RO\" \/>\n<meta property=\"og:type\" content=\"article\" \/>\n<meta property=\"og:title\" content=\"\u0421\u0430\u043d\u0434\u0430\u043b\u0438\u0438 Keen Seacamp II CNX JR hydrangea\/shrp - \u041c\u0430\u0433\u0430\u0437\u0438\u043d Xstyle\" \/>\n<meta property=\"og:description\" content=\"\u041a\u0443\u043f\u0438\u0442\u0435 \u0441\u0430\u043d\u0434\u0430\u043b\u0438\u0438 Keen Seacamp II CNX JR hydrangea\/shrp \u0434\u043b\u044f \u0434\u0435\u0442\u0435\u0439! \u0413\u0438\u0431\u043a\u043e\u0441\u0442\u044c, \u0437\u0430\u0449\u0438\u0442\u0430, \u0438 \u043a\u043e\u043c\u0444\u043e\u0440\u0442 \u0431\u043b\u0430\u0433\u043e\u0434\u0430\u0440\u044f \u0442\u0435\u0445\u043d\u043e\u043b\u043e\u0433\u0438\u0438 KEENCNX. \u0418\u0434\u0435\u0430\u043b\u044c\u043d\u043e \u0434\u043b\u044f \u0430\u043a\u0442\u0438\u0432\u043d\u044b\u0445 \u0438\u0433\u0440!\" \/>\n<meta property=\"og:url\" content=\"https:\/\/xstyle.md\/ro\/produs\/sandalii-keen-seacamp-ii-cnx-jr-hydrangea-shrp\/\" \/>\n<meta property=\"og:site_name\" content=\"\u041c\u0430\u0433\u0430\u0437\u0438\u043d Xstyle\" \/>\n<meta property=\"article:publisher\" content=\"https:\/\/www.facebook.com\/xstylemd\" \/>\n<meta property=\"article:modified_time\" content=\"2026-03-04T09:27:54+00:00\" \/>\n<meta property=\"og:image\" content=\"https:\/\/xstyle.md\/wp-content\/uploads\/2022\/06\/keen-seacamp-ii-cnx-hydrangea-shrp.png\" \/>\n\t<meta property=\"og:image:width\" content=\"930\" \/>\n\t<meta property=\"og:image:height\" content=\"716\" \/>\n\t<meta property=\"og:image:type\" content=\"image\/png\" \/>\n<meta name=\"twitter:card\" content=\"summary_large_image\" \/>\n<meta name=\"twitter:label1\" content=\"Pre\u021b\" \/>\n\t<meta name=\"twitter:data1\" content=\"1.650&nbsp;MDL\" \/>\n\t<meta name=\"twitter:label2\" content=\"Disponibilitate\" \/>\n\t<meta name=\"twitter:data2\" content=\"\u00cen stoc\" \/>\n<script type=\"application\/ld+json\" class=\"yoast-schema-graph\">{\"@context\":\"https:\\\/\\\/schema.org\",\"@graph\":[{\"@type\":\"WebPage\",\"@id\":\"https:\\\/\\\/xstyle.md\\\/product\\\/sandalii-keen-seacamp-ii-cnx-jr-hydrangea-shrp\\\/\",\"url\":\"https:\\\/\\\/xstyle.md\\\/product\\\/sandalii-keen-seacamp-ii-cnx-jr-hydrangea-shrp\\\/\",\"name\":\"\u0421\u0430\u043d\u0434\u0430\u043b\u0438\u0438 Keen Seacamp II CNX JR hydrangea\\\/shrp - \u041c\u0430\u0433\u0430\u0437\u0438\u043d Xstyle\",\"isPartOf\":{\"@id\":\"https:\\\/\\\/xstyle.md\\\/#website\"},\"primaryImageOfPage\":{\"@id\":\"https:\\\/\\\/xstyle.md\\\/product\\\/sandalii-keen-seacamp-ii-cnx-jr-hydrangea-shrp\\\/#primaryimage\"},\"image\":{\"@id\":\"https:\\\/\\\/xstyle.md\\\/product\\\/sandalii-keen-seacamp-ii-cnx-jr-hydrangea-shrp\\\/#primaryimage\"},\"thumbnailUrl\":\"https:\\\/\\\/xstyle.md\\\/wp-content\\\/uploads\\\/2022\\\/06\\\/keen-seacamp-ii-cnx-hydrangea-shrp.png\",\"datePublished\":\"2022-06-16T10:21:55+00:00\",\"dateModified\":\"2026-03-04T09:27:54+00:00\",\"description\":\"\u041a\u0443\u043f\u0438\u0442\u0435 \u0441\u0430\u043d\u0434\u0430\u043b\u0438\u0438 Keen Seacamp II CNX JR hydrangea\\\/shrp \u0434\u043b\u044f \u0434\u0435\u0442\u0435\u0439! \u0413\u0438\u0431\u043a\u043e\u0441\u0442\u044c, \u0437\u0430\u0449\u0438\u0442\u0430, \u0438 \u043a\u043e\u043c\u0444\u043e\u0440\u0442 \u0431\u043b\u0430\u0433\u043e\u0434\u0430\u0440\u044f \u0442\u0435\u0445\u043d\u043e\u043b\u043e\u0433\u0438\u0438 KEENCNX. \u0418\u0434\u0435\u0430\u043b\u044c\u043d\u043e \u0434\u043b\u044f \u0430\u043a\u0442\u0438\u0432\u043d\u044b\u0445 \u0438\u0433\u0440!\",\"breadcrumb\":{\"@id\":\"https:\\\/\\\/xstyle.md\\\/product\\\/sandalii-keen-seacamp-ii-cnx-jr-hydrangea-shrp\\\/#breadcrumb\"},\"inLanguage\":\"ro-RO\",\"potentialAction\":[{\"@type\":\"ReadAction\",\"target\":[\"https:\\\/\\\/xstyle.md\\\/product\\\/sandalii-keen-seacamp-ii-cnx-jr-hydrangea-shrp\\\/\"]}]},{\"@type\":\"ImageObject\",\"inLanguage\":\"ro-RO\",\"@id\":\"https:\\\/\\\/xstyle.md\\\/product\\\/sandalii-keen-seacamp-ii-cnx-jr-hydrangea-shrp\\\/#primaryimage\",\"url\":\"https:\\\/\\\/xstyle.md\\\/wp-content\\\/uploads\\\/2022\\\/06\\\/keen-seacamp-ii-cnx-hydrangea-shrp.png\",\"contentUrl\":\"https:\\\/\\\/xstyle.md\\\/wp-content\\\/uploads\\\/2022\\\/06\\\/keen-seacamp-ii-cnx-hydrangea-shrp.png\",\"width\":930,\"height\":716,\"caption\":\"\u0414\u0435\u0442\u0441\u043a\u0438\u0435 \u0441\u0430\u043d\u0434\u0430\u043b\u0438\u0438 Keen Seacamp II CNX \u0433\u0438\u0434\u0440\u0430\u043d\u0436\u0435\u044f \u0434\u043b\u044f \u0430\u043a\u0442\u0438\u0432\u043d\u043e\u0433\u043e \u043e\u0442\u0434\u044b\u0445\u0430 \u0438 \u043f\u0443\u0442\u0435\u0448\u0435\u0441\u0442\u0432\u0438\u0439, \u043e\u0431\u0443\u0432\u044c \u0434\u043b\u044f \u043f\u043e\u0445\u043e\u0434\u043e\u0432 \u0438 \u043c\u0430\u0443\u043d\u0442\u0438\u043d\u044c\u044e\u0440\u0438\u043d\u0433\u0430 \u0432 \u043e\u043d\u043b\u0430\u0439\u043d \u043c\u0430\u0433\u0430\u0437\u0438\u043d\u0435 \u044d\u043a\u0438\u043f\u0438\u0440\u043e\u0432\u043a\u0438 \u0434\u043b\u044f \u0430\u043a\u0442\u0438\u0432\u043d\u043e\u0439 \u0436\u0438\u0437\u043d\u0438\"},{\"@type\":\"BreadcrumbList\",\"@id\":\"https:\\\/\\\/xstyle.md\\\/product\\\/sandalii-keen-seacamp-ii-cnx-jr-hydrangea-shrp\\\/#breadcrumb\",\"itemListElement\":[{\"@type\":\"ListItem\",\"position\":1,\"name\":\"\u0413\u043b\u0430\u0432\u043d\u0430\u044f \u0441\u0442\u0440\u0430\u043d\u0438\u0446\u0430\",\"item\":\"https:\\\/\\\/xstyle.md\\\/\"},{\"@type\":\"ListItem\",\"position\":2,\"name\":\"\u041c\u0430\u0433\u0430\u0437\u0438\u043d\",\"item\":\"https:\\\/\\\/xstyle.md\\\/shop\\\/\"},{\"@type\":\"ListItem\",\"position\":3,\"name\":\"\u0421\u0430\u043d\u0434\u0430\u043b\u0438\u0438 Keen Seacamp II CNX JR hydrangea\\\/shrp\"}]},{\"@type\":\"WebSite\",\"@id\":\"https:\\\/\\\/xstyle.md\\\/#website\",\"url\":\"https:\\\/\\\/xstyle.md\\\/\",\"name\":\"\u041c\u0430\u0433\u0430\u0437\u0438\u043d Xstyle\",\"description\":\"C\u043d\u0430\u0440\u044f\u0436\u0435\u043d\u0438\u0435 \u0434\u043b\u044f \u0442\u0443\u0440\u0438\u0437\u043c\u0430 \u0438 \u044d\u043a\u0441\u0442\u0440\u0435\u043c\u0430\u043b\u044c\u043d\u044b\u0445 \u0432\u0438\u0434\u043e\u0432 \u0441\u043f\u043e\u0440\u0442\u0430 \u0432 \u041c\u043e\u043b\u0434\u043e\u0432\u0435.. \u0426\u0435\u043d\u044b, \u0444\u043e\u0442\u043e, \u0445\u0430\u0440\u0430\u043a\u0442\u0435\u0440\u0438\u0441\u0442\u0438\u043a\u0438 \u0432 \u041c\u043e\u043b\u0434\u043e\u0432\u0435.\",\"publisher\":{\"@id\":\"https:\\\/\\\/xstyle.md\\\/#organization\"},\"alternateName\":\"X-Style\",\"potentialAction\":[{\"@type\":\"SearchAction\",\"target\":{\"@type\":\"EntryPoint\",\"urlTemplate\":\"https:\\\/\\\/xstyle.md\\\/?s={search_term_string}\"},\"query-input\":{\"@type\":\"PropertyValueSpecification\",\"valueRequired\":true,\"valueName\":\"search_term_string\"}}],\"inLanguage\":\"ro-RO\"},{\"@type\":\"Organization\",\"@id\":\"https:\\\/\\\/xstyle.md\\\/#organization\",\"name\":\"\u041c\u0430\u0433\u0430\u0437\u0438\u043d Xstyle\",\"alternateName\":\"x-style\",\"url\":\"https:\\\/\\\/xstyle.md\\\/\",\"logo\":{\"@type\":\"ImageObject\",\"inLanguage\":\"ro-RO\",\"@id\":\"https:\\\/\\\/xstyle.md\\\/#\\\/schema\\\/logo\\\/image\\\/\",\"url\":\"https:\\\/\\\/xstyle.md\\\/wp-content\\\/uploads\\\/2020\\\/06\\\/logoicon.svg\",\"contentUrl\":\"https:\\\/\\\/xstyle.md\\\/wp-content\\\/uploads\\\/2020\\\/06\\\/logoicon.svg\",\"caption\":\"\u041c\u0430\u0433\u0430\u0437\u0438\u043d Xstyle\"},\"image\":{\"@id\":\"https:\\\/\\\/xstyle.md\\\/#\\\/schema\\\/logo\\\/image\\\/\"},\"sameAs\":[\"https:\\\/\\\/www.facebook.com\\\/xstylemd\",\"https:\\\/\\\/www.instagram.com\\\/xstyle_md\\\/\",\"https:\\\/\\\/t.me\\\/xstyle_outdoor\"],\"hasMerchantReturnPolicy\":{\"@type\":\"MerchantReturnPolicy\",\"merchantReturnLink\":\"https:\\\/\\\/xstyle.md\\\/ro\\\/conditions\\\/\"}}]}<\/script>\n<meta property=\"product:price:amount\" content=\"1650.00\" \/>\n<meta property=\"product:price:currency\" content=\"MDL\" \/>\n<meta property=\"og:availability\" content=\"instock\" \/>\n<meta property=\"product:availability\" content=\"instock\" \/>\n<meta property=\"product:retailer_item_id\" content=\"191190784884\" \/>\n<meta property=\"product:condition\" content=\"new\" \/>\n<!-- \/ Yoast SEO plugin. -->","yoast_head_json":{"title":"Sandale pentru copii Keen Seacamp II CNX JR hydrangea\/shrp - Magazin Xstyle","description":"Cump\u0103ra\u021bi sandale Keen Seacamp II CNX JR hydrangea\/shrp pentru copii! Flexibilitate, protec\u021bie \u0219i confort datorit\u0103 tehnologiei KEENCNX. Perfecte pentru jocuri active!","robots":{"index":"index","follow":"follow","max-snippet":"max-snippet:-1","max-image-preview":"max-image-preview:large","max-video-preview":"max-video-preview:-1"},"canonical":"https:\/\/xstyle.md\/ro\/produs\/sandalii-keen-seacamp-ii-cnx-jr-hydrangea-shrp\/","og_locale":"ro_RO","og_type":"article","og_title":"\u0421\u0430\u043d\u0434\u0430\u043b\u0438\u0438 Keen Seacamp II CNX JR hydrangea\/shrp - \u041c\u0430\u0433\u0430\u0437\u0438\u043d Xstyle","og_description":"\u041a\u0443\u043f\u0438\u0442\u0435 \u0441\u0430\u043d\u0434\u0430\u043b\u0438\u0438 Keen Seacamp II CNX JR hydrangea\/shrp \u0434\u043b\u044f \u0434\u0435\u0442\u0435\u0439! \u0413\u0438\u0431\u043a\u043e\u0441\u0442\u044c, \u0437\u0430\u0449\u0438\u0442\u0430, \u0438 \u043a\u043e\u043c\u0444\u043e\u0440\u0442 \u0431\u043b\u0430\u0433\u043e\u0434\u0430\u0440\u044f \u0442\u0435\u0445\u043d\u043e\u043b\u043e\u0433\u0438\u0438 KEENCNX. \u0418\u0434\u0435\u0430\u043b\u044c\u043d\u043e \u0434\u043b\u044f \u0430\u043a\u0442\u0438\u0432\u043d\u044b\u0445 \u0438\u0433\u0440!","og_url":"https:\/\/xstyle.md\/ro\/produs\/sandalii-keen-seacamp-ii-cnx-jr-hydrangea-shrp\/","og_site_name":"\u041c\u0430\u0433\u0430\u0437\u0438\u043d Xstyle","article_publisher":"https:\/\/www.facebook.com\/xstylemd","article_modified_time":"2026-03-04T09:27:54+00:00","og_image":[{"width":930,"height":716,"url":"https:\/\/xstyle.md\/wp-content\/uploads\/2022\/06\/keen-seacamp-ii-cnx-hydrangea-shrp.png","type":"image\/png"}],"twitter_card":"summary_large_image","twitter_misc":{"Pre\u021b":"1.650&nbsp;MDL","Disponibilitate":"\u00cen stoc"},"schema":{"@context":"https:\/\/schema.org","@graph":[{"@type":"WebPage","@id":"https:\/\/xstyle.md\/product\/sandalii-keen-seacamp-ii-cnx-jr-hydrangea-shrp\/","url":"https:\/\/xstyle.md\/product\/sandalii-keen-seacamp-ii-cnx-jr-hydrangea-shrp\/","name":"Sandale pentru copii Keen Seacamp II CNX JR hydrangea\/shrp - Magazin Xstyle","isPartOf":{"@id":"https:\/\/xstyle.md\/#website"},"primaryImageOfPage":{"@id":"https:\/\/xstyle.md\/product\/sandalii-keen-seacamp-ii-cnx-jr-hydrangea-shrp\/#primaryimage"},"image":{"@id":"https:\/\/xstyle.md\/product\/sandalii-keen-seacamp-ii-cnx-jr-hydrangea-shrp\/#primaryimage"},"thumbnailUrl":"https:\/\/xstyle.md\/wp-content\/uploads\/2022\/06\/keen-seacamp-ii-cnx-hydrangea-shrp.png","datePublished":"2022-06-16T10:21:55+00:00","dateModified":"2026-03-04T09:27:54+00:00","description":"Cump\u0103ra\u021bi sandale Keen Seacamp II CNX JR hydrangea\/shrp pentru copii! Flexibilitate, protec\u021bie \u0219i confort datorit\u0103 tehnologiei KEENCNX. Perfecte pentru jocuri active!","breadcrumb":{"@id":"https:\/\/xstyle.md\/product\/sandalii-keen-seacamp-ii-cnx-jr-hydrangea-shrp\/#breadcrumb"},"inLanguage":"ro-RO","potentialAction":[{"@type":"ReadAction","target":["https:\/\/xstyle.md\/product\/sandalii-keen-seacamp-ii-cnx-jr-hydrangea-shrp\/"]}]},{"@type":"ImageObject","inLanguage":"ro-RO","@id":"https:\/\/xstyle.md\/product\/sandalii-keen-seacamp-ii-cnx-jr-hydrangea-shrp\/#primaryimage","url":"https:\/\/xstyle.md\/wp-content\/uploads\/2022\/06\/keen-seacamp-ii-cnx-hydrangea-shrp.png","contentUrl":"https:\/\/xstyle.md\/wp-content\/uploads\/2022\/06\/keen-seacamp-ii-cnx-hydrangea-shrp.png","width":930,"height":716,"caption":"\u0414\u0435\u0442\u0441\u043a\u0438\u0435 \u0441\u0430\u043d\u0434\u0430\u043b\u0438\u0438 Keen Seacamp II CNX \u0433\u0438\u0434\u0440\u0430\u043d\u0436\u0435\u044f \u0434\u043b\u044f \u0430\u043a\u0442\u0438\u0432\u043d\u043e\u0433\u043e \u043e\u0442\u0434\u044b\u0445\u0430 \u0438 \u043f\u0443\u0442\u0435\u0448\u0435\u0441\u0442\u0432\u0438\u0439, \u043e\u0431\u0443\u0432\u044c \u0434\u043b\u044f \u043f\u043e\u0445\u043e\u0434\u043e\u0432 \u0438 \u043c\u0430\u0443\u043d\u0442\u0438\u043d\u044c\u044e\u0440\u0438\u043d\u0433\u0430 \u0432 \u043e\u043d\u043b\u0430\u0439\u043d \u043c\u0430\u0433\u0430\u0437\u0438\u043d\u0435 \u044d\u043a\u0438\u043f\u0438\u0440\u043e\u0432\u043a\u0438 \u0434\u043b\u044f \u0430\u043a\u0442\u0438\u0432\u043d\u043e\u0439 \u0436\u0438\u0437\u043d\u0438"},{"@type":"BreadcrumbList","@id":"https:\/\/xstyle.md\/product\/sandalii-keen-seacamp-ii-cnx-jr-hydrangea-shrp\/#breadcrumb","itemListElement":[{"@type":"ListItem","position":1,"name":"\u0413\u043b\u0430\u0432\u043d\u0430\u044f \u0441\u0442\u0440\u0430\u043d\u0438\u0446\u0430","item":"https:\/\/xstyle.md\/"},{"@type":"ListItem","position":2,"name":"\u041c\u0430\u0433\u0430\u0437\u0438\u043d","item":"https:\/\/xstyle.md\/shop\/"},{"@type":"ListItem","position":3,"name":"\u0421\u0430\u043d\u0434\u0430\u043b\u0438\u0438 Keen Seacamp II CNX JR hydrangea\/shrp"}]},{"@type":"WebSite","@id":"https:\/\/xstyle.md\/#website","url":"https:\/\/xstyle.md\/","name":"Magazinul X-Style","description":"Echipamente pentru turism \u0219i sporturi extreme \u00een Moldova. Pre\u021buri, fotografii, caracteristici \u00een Moldova.","publisher":{"@id":"https:\/\/xstyle.md\/#organization"},"alternateName":"X-Style","potentialAction":[{"@type":"SearchAction","target":{"@type":"EntryPoint","urlTemplate":"https:\/\/xstyle.md\/?s={search_term_string}"},"query-input":{"@type":"PropertyValueSpecification","valueRequired":true,"valueName":"search_term_string"}}],"inLanguage":"ro-RO"},{"@type":"Organization","@id":"https:\/\/xstyle.md\/#organization","name":"Magazinul X-Style","alternateName":"x-style","url":"https:\/\/xstyle.md\/","logo":{"@type":"ImageObject","inLanguage":"ro-RO","@id":"https:\/\/xstyle.md\/#\/schema\/logo\/image\/","url":"https:\/\/xstyle.md\/wp-content\/uploads\/2020\/06\/logoicon.svg","contentUrl":"https:\/\/xstyle.md\/wp-content\/uploads\/2020\/06\/logoicon.svg","caption":"\u041c\u0430\u0433\u0430\u0437\u0438\u043d Xstyle"},"image":{"@id":"https:\/\/xstyle.md\/#\/schema\/logo\/image\/"},"sameAs":["https:\/\/www.facebook.com\/xstylemd","https:\/\/www.instagram.com\/xstyle_md\/","https:\/\/t.me\/xstyle_outdoor"],"hasMerchantReturnPolicy":{"@type":"MerchantReturnPolicy","merchantReturnLink":"https:\/\/xstyle.md\/ro\/conditions\/"}}]},"product_price_amount":"1650.00","product_price_currency":"MDL","og_availability":"instock","product_availability":"instock","product_retailer_item_id":"191190784884","product_condition":"new"},"post_mailing_queue_ids":[],"_links":{"self":[{"href":"https:\/\/xstyle.md\/ro\/wp-json\/wp\/v2\/product\/48847","targetHints":{"allow":["GET"]}}],"collection":[{"href":"https:\/\/xstyle.md\/ro\/wp-json\/wp\/v2\/product"}],"about":[{"href":"https:\/\/xstyle.md\/ro\/wp-json\/wp\/v2\/types\/product"}],"replies":[{"embeddable":true,"href":"https:\/\/xstyle.md\/ro\/wp-json\/wp\/v2\/comments?post=48847"}],"wp:featuredmedia":[{"embeddable":true,"href":"https:\/\/xstyle.md\/ro\/wp-json\/wp\/v2\/media\/49694"}],"wp:attachment":[{"href":"https:\/\/xstyle.md\/ro\/wp-json\/wp\/v2\/media?parent=48847"}],"wp:term":[{"taxonomy":"product_brand","embeddable":true,"href":"https:\/\/xstyle.md\/ro\/wp-json\/wp\/v2\/product_brand?post=48847"},{"taxonomy":"product_cat","embeddable":true,"href":"https:\/\/xstyle.md\/ro\/wp-json\/wp\/v2\/product_cat?post=48847"},{"taxonomy":"product_tag","embeddable":true,"href":"https:\/\/xstyle.md\/ro\/wp-json\/wp\/v2\/product_tag?post=48847"}],"curies":[{"name":"wp","href":"https:\/\/api.w.org\/{rel}","templated":true}]}}