{"id":48836,"date":"2022-06-16T13:21:53","date_gmt":"2022-06-16T10:21:53","guid":{"rendered":"https:\/\/xstyle.md\/?post_type=product&#038;p=48836"},"modified":"2025-10-24T12:42:31","modified_gmt":"2025-10-24T09:42:31","slug":"ochki-julbo-montebianco-2-bleu-plz3","status":"publish","type":"product","link":"https:\/\/xstyle.md\/ro\/produs\/ochki-julbo-montebianco-2-bleu-plz3\/","title":{"rendered":"Ochelari Julbo Montebianco 2 Bleu PLZ3+"},"content":{"rendered":"<\/p>\n<p><strong>Julbo Montebianco 2 Bleu PLZ3+<\/strong> &#8212; un model iconic de ochelari care a primit un nou aspect modern. Designul ochelarilor a devenit mai sportiv \u0219i mai dinamic, dar \u00een acela\u0219i timp nu a pierdut confortul care vine cu c\u0103tu\u0219ele Grip Tech \u0219i tampoanele nazale anti-alunecare. V\u0103 pute\u021bi baza \u00eentotdeauna pe designul lor protector \u0219i pe carcasele deta\u0219abile pentru a deschide noi orizonturi la altitudine.<\/p>\n<h3>Particularit\u0103\u021bi<\/h3>\n<ul>\n<li>Tije ergonomice curbate cu tampoane de cauciuc pentru a v\u0103 asigura c\u0103 ochelarii se potrivesc bine pe cap \u0219i nu alunec\u0103<\/li>\n<li>Lentile laterale deta\u0219abile pentru protec\u021bie UV maxim\u0103 pentru ochi<\/li>\n<li>Material moale pe podul nasului<\/li>\n<li>Ventila\u021bie frontal\u0103 excelent\u0103<\/li>\n<li>Curea reglabil\u0103 (inclus\u0103)<\/li>\n<li>Vedere larg\u0103<\/li>\n<\/ul>\n<h3>Caracteristici<\/h3>\n<ul>\n<li>Lentile -Polarizate 3+<\/li>\n<li>Categorie de protec\u021bie: 3 (12% transmisie a luminii)<\/li>\n<li>L\u0103\u021bimea lentilei &#8212; 56 mm<\/li>\n<li>Lungimea lan\u021bului &#8212; 125 mm<\/li>\n<li>Suport &#8212; 15 mm<\/li>\n<li>Scop &#8212; activit\u0103\u021bi \u00een aer liber \/ drume\u021bii montane<\/li>\n<li>Model &#8212; unisex<\/li>\n<\/ul>\n<h3>Tehnologie<\/h3>\n<ul>\n<li><strong>Spectron 4<\/strong> &#8212; luciu oglind\u0103 suplimentar &#8212; \u00eembun\u0103t\u0103\u021be\u0219te filtrarea luminii vizibile prin crearea unui efect de oglind\u0103 pe suprafa\u021ba lentilei &#8212; indice de permeabilitate la lumin\u0103: 12%<\/li>\n<li><strong>Grip Nose<\/strong> &#8212; inser\u021bie flexibil\u0103 de absorb\u021bie a \u0219ocurilor pentru fixarea optim\u0103 a ochelarilor pe nas.<\/li>\n<li><strong>Grip Tech<\/strong> &#8212; material moale exclusiv pe t\u00e2mple care nu se lipe\u0219te de p\u0103r, oferind suport \u0219i confort absolut.<\/li>\n<\/ul>\n<h3>Marca<\/h3>\n<p>Julbo este un brand francez de renume mondial care produce ochelari sport de \u00eenalt\u0103 calitate, ochelari pentru sporturi de ap\u0103, ochelari pentru alpinism la altitudine mare, m\u0103\u0219ti pentru sporturi de iarn\u0103, c\u0103\u0219ti de schi \u0219i multe altele. Aceast\u0103 companie are o istorie de peste 130 de ani, iar \u00een acest timp s-a dezvoltat de la o mic\u0103 firm\u0103 de familie la un juc\u0103tor important pe pia\u021ba global\u0103. Julbo a devenit un adev\u0103rat expert \u0219i un punct de referin\u021b\u0103 \u00een dezvoltarea de optic\u0103 pentru utilizare \u00een condi\u021bii extreme. Experien\u021ba acumulat\u0103 de-a lungul anilor, tehnologiile inovatoare \u0219i cooperarea cu sportivii au dus la o gam\u0103 larg\u0103 de produse care au c\u00e2\u0219tigat o mare popularitate \u00een \u00eentreaga lume.<\/p>\n<p><\/p>","protected":false},"excerpt":{"rendered":"","protected":false},"featured_media":49783,"comment_status":"open","ping_status":"closed","template":"","meta":{"_acf_changed":false,"inline_featured_image":false},"product_brand":[1294],"product_cat":[238],"product_tag":[],"class_list":{"0":"post-48836","1":"product","2":"type-product","3":"status-publish","4":"has-post-thumbnail","6":"product_brand-julbo","7":"product_cat-sunglasses-julbo","9":"first","10":"instock","11":"shipping-taxable","12":"purchasable","13":"product-type-simple"},"acf":[],"yoast_head":"<!-- This site is optimized with the Yoast SEO plugin v27.2 - https:\/\/yoast.com\/product\/yoast-seo-wordpress\/ -->\n<title>\u041e\u0447\u043a\u0438 Julbo Montebianco 2 Bleu PLZ3+ - \u041c\u0430\u0433\u0430\u0437\u0438\u043d Xstyle<\/title>\n<meta name=\"description\" content=\"\u041f\u043e\u043a\u0443\u043f\u0430\u0439\u0442\u0435 \u043e\u0447\u043a\u0438 Julbo Montebianco 2 Bleu PLZ3! \u0418\u0434\u0435\u0430\u043b\u044c\u043d\u044b\u0435 \u0434\u043b\u044f \u0441\u043f\u043e\u0440\u0442\u0430, \u0441 \u043f\u043e\u043b\u044f\u0440\u0438\u0437\u0430\u0446\u0438\u0435\u0439 \u0438 Grip Tech. \u0421\u0442\u0438\u043b\u044c\u043d\u044b\u0439 \u0434\u0438\u0437\u0430\u0439\u043d \u0438 \u043a\u043e\u043c\u0444\u043e\u0440\u0442 \u043d\u0430 \u0432\u044b\u0441\u0448\u0435\u043c \u0443\u0440\u043e\u0432\u043d\u0435!\" \/>\n<meta name=\"robots\" content=\"index, follow, max-snippet:-1, max-image-preview:large, max-video-preview:-1\" \/>\n<link rel=\"canonical\" href=\"https:\/\/xstyle.md\/ro\/produs\/ochki-julbo-montebianco-2-bleu-plz3\/\" \/>\n<meta property=\"og:locale\" content=\"ro_RO\" \/>\n<meta property=\"og:type\" content=\"article\" \/>\n<meta property=\"og:title\" content=\"\u041e\u0447\u043a\u0438 Julbo Montebianco 2 Bleu PLZ3+ - \u041c\u0430\u0433\u0430\u0437\u0438\u043d Xstyle\" \/>\n<meta property=\"og:description\" content=\"\u041f\u043e\u043a\u0443\u043f\u0430\u0439\u0442\u0435 \u043e\u0447\u043a\u0438 Julbo Montebianco 2 Bleu PLZ3! \u0418\u0434\u0435\u0430\u043b\u044c\u043d\u044b\u0435 \u0434\u043b\u044f \u0441\u043f\u043e\u0440\u0442\u0430, \u0441 \u043f\u043e\u043b\u044f\u0440\u0438\u0437\u0430\u0446\u0438\u0435\u0439 \u0438 Grip Tech. \u0421\u0442\u0438\u043b\u044c\u043d\u044b\u0439 \u0434\u0438\u0437\u0430\u0439\u043d \u0438 \u043a\u043e\u043c\u0444\u043e\u0440\u0442 \u043d\u0430 \u0432\u044b\u0441\u0448\u0435\u043c \u0443\u0440\u043e\u0432\u043d\u0435!\" \/>\n<meta property=\"og:url\" content=\"https:\/\/xstyle.md\/ro\/produs\/ochki-julbo-montebianco-2-bleu-plz3\/\" \/>\n<meta property=\"og:site_name\" content=\"\u041c\u0430\u0433\u0430\u0437\u0438\u043d Xstyle\" \/>\n<meta property=\"article:publisher\" content=\"https:\/\/www.facebook.com\/xstylemd\" \/>\n<meta property=\"article:modified_time\" content=\"2025-10-24T09:42:31+00:00\" \/>\n<meta property=\"og:image\" content=\"https:\/\/xstyle.md\/wp-content\/uploads\/2022\/06\/julbo-montebianco-2-bleu-plz3.png\" \/>\n\t<meta property=\"og:image:width\" content=\"695\" \/>\n\t<meta property=\"og:image:height\" content=\"345\" \/>\n\t<meta property=\"og:image:type\" content=\"image\/png\" \/>\n<meta name=\"twitter:card\" content=\"summary_large_image\" \/>\n<meta name=\"twitter:label1\" content=\"Pre\u021b\" \/>\n\t<meta name=\"twitter:data1\" content=\"2.190&nbsp;MDL\" \/>\n\t<meta name=\"twitter:label2\" content=\"Disponibilitate\" \/>\n\t<meta name=\"twitter:data2\" content=\"\u00cen stoc\" \/>\n<script type=\"application\/ld+json\" class=\"yoast-schema-graph\">{\"@context\":\"https:\/\/schema.org\",\"@graph\":[{\"@type\":\"WebPage\",\"@id\":\"https:\/\/xstyle.md\/product\/ochki-julbo-montebianco-2-bleu-plz3\/\",\"url\":\"https:\/\/xstyle.md\/product\/ochki-julbo-montebianco-2-bleu-plz3\/\",\"name\":\"\u041e\u0447\u043a\u0438 Julbo Montebianco 2 Bleu PLZ3+ - \u041c\u0430\u0433\u0430\u0437\u0438\u043d Xstyle\",\"isPartOf\":{\"@id\":\"https:\/\/xstyle.md\/#website\"},\"primaryImageOfPage\":{\"@id\":\"https:\/\/xstyle.md\/product\/ochki-julbo-montebianco-2-bleu-plz3\/#primaryimage\"},\"image\":{\"@id\":\"https:\/\/xstyle.md\/product\/ochki-julbo-montebianco-2-bleu-plz3\/#primaryimage\"},\"thumbnailUrl\":\"https:\/\/xstyle.md\/wp-content\/uploads\/2022\/06\/julbo-montebianco-2-bleu-plz3.png\",\"datePublished\":\"2022-06-16T10:21:53+00:00\",\"dateModified\":\"2025-10-24T09:42:31+00:00\",\"description\":\"\u041f\u043e\u043a\u0443\u043f\u0430\u0439\u0442\u0435 \u043e\u0447\u043a\u0438 Julbo Montebianco 2 Bleu PLZ3! \u0418\u0434\u0435\u0430\u043b\u044c\u043d\u044b\u0435 \u0434\u043b\u044f \u0441\u043f\u043e\u0440\u0442\u0430, \u0441 \u043f\u043e\u043b\u044f\u0440\u0438\u0437\u0430\u0446\u0438\u0435\u0439 \u0438 Grip Tech. \u0421\u0442\u0438\u043b\u044c\u043d\u044b\u0439 \u0434\u0438\u0437\u0430\u0439\u043d \u0438 \u043a\u043e\u043c\u0444\u043e\u0440\u0442 \u043d\u0430 \u0432\u044b\u0441\u0448\u0435\u043c \u0443\u0440\u043e\u0432\u043d\u0435!\",\"breadcrumb\":{\"@id\":\"https:\/\/xstyle.md\/product\/ochki-julbo-montebianco-2-bleu-plz3\/#breadcrumb\"},\"inLanguage\":\"ro-RO\",\"potentialAction\":[{\"@type\":\"ReadAction\",\"target\":[\"https:\/\/xstyle.md\/product\/ochki-julbo-montebianco-2-bleu-plz3\/\"]}]},{\"@type\":\"ImageObject\",\"inLanguage\":\"ro-RO\",\"@id\":\"https:\/\/xstyle.md\/product\/ochki-julbo-montebianco-2-bleu-plz3\/#primaryimage\",\"url\":\"https:\/\/xstyle.md\/wp-content\/uploads\/2022\/06\/julbo-montebianco-2-bleu-plz3.png\",\"contentUrl\":\"https:\/\/xstyle.md\/wp-content\/uploads\/2022\/06\/julbo-montebianco-2-bleu-plz3.png\",\"width\":695,\"height\":345,\"caption\":\"\u0422\u043e\u0432\u0430\u0440\u044b \u0434\u043b\u044f \u0430\u043a\u0442\u0438\u0432\u043d\u043e\u0433\u043e \u043e\u0442\u0434\u044b\u0445\u0430 \u043e\u0447\u043a\u0438 Julbo Montebianco 2 Bleu \u0434\u043b\u044f \u043f\u0443\u0442\u0435\u0448\u0435\u0441\u0442\u0432\u0438\u0439, \u0433\u043e\u0440\u043d\u043e\u0433\u043e \u0442\u0443\u0440\u0438\u0437\u043c\u0430 \u0438 \u0437\u0430\u043d\u044f\u0442\u0438\u0439 \u0441\u043f\u043e\u0440\u0442\u043e\u043c \u0432 \u0438\u043d\u0442\u0435\u0440\u043d\u0435\u0442-\u043c\u0430\u0433\u0430\u0437\u0438\u043d\u0435 \u0441\u043f\u043e\u0440\u0442\u0438\u0432\u043d\u043e\u0439 \u043e\u0434\u0435\u0436\u0434\u044b \u0438 \u043e\u0431\u0443\u0432\u0438\"},{\"@type\":\"BreadcrumbList\",\"@id\":\"https:\/\/xstyle.md\/product\/ochki-julbo-montebianco-2-bleu-plz3\/#breadcrumb\",\"itemListElement\":[{\"@type\":\"ListItem\",\"position\":1,\"name\":\"\u0413\u043b\u0430\u0432\u043d\u0430\u044f \u0441\u0442\u0440\u0430\u043d\u0438\u0446\u0430\",\"item\":\"https:\/\/xstyle.md\/\"},{\"@type\":\"ListItem\",\"position\":2,\"name\":\"\u041c\u0430\u0433\u0430\u0437\u0438\u043d\",\"item\":\"https:\/\/xstyle.md\/shop\/\"},{\"@type\":\"ListItem\",\"position\":3,\"name\":\"\u041e\u0447\u043a\u0438 Julbo Montebianco 2 Bleu PLZ3+\"}]},{\"@type\":\"WebSite\",\"@id\":\"https:\/\/xstyle.md\/#website\",\"url\":\"https:\/\/xstyle.md\/\",\"name\":\"\u041c\u0430\u0433\u0430\u0437\u0438\u043d Xstyle\",\"description\":\"C\u043d\u0430\u0440\u044f\u0436\u0435\u043d\u0438\u0435 \u0434\u043b\u044f \u0442\u0443\u0440\u0438\u0437\u043c\u0430 \u0438 \u044d\u043a\u0441\u0442\u0440\u0435\u043c\u0430\u043b\u044c\u043d\u044b\u0445 \u0432\u0438\u0434\u043e\u0432 \u0441\u043f\u043e\u0440\u0442\u0430 \u0432 \u041c\u043e\u043b\u0434\u043e\u0432\u0435.. \u0426\u0435\u043d\u044b, \u0444\u043e\u0442\u043e, \u0445\u0430\u0440\u0430\u043a\u0442\u0435\u0440\u0438\u0441\u0442\u0438\u043a\u0438 \u0432 \u041c\u043e\u043b\u0434\u043e\u0432\u0435.\",\"publisher\":{\"@id\":\"https:\/\/xstyle.md\/#organization\"},\"alternateName\":\"X-Style\",\"potentialAction\":[{\"@type\":\"SearchAction\",\"target\":{\"@type\":\"EntryPoint\",\"urlTemplate\":\"https:\/\/xstyle.md\/?s={search_term_string}\"},\"query-input\":{\"@type\":\"PropertyValueSpecification\",\"valueRequired\":true,\"valueName\":\"search_term_string\"}}],\"inLanguage\":\"ro-RO\"},{\"@type\":\"Organization\",\"@id\":\"https:\/\/xstyle.md\/#organization\",\"name\":\"\u041c\u0430\u0433\u0430\u0437\u0438\u043d Xstyle\",\"alternateName\":\"x-style\",\"url\":\"https:\/\/xstyle.md\/\",\"logo\":{\"@type\":\"ImageObject\",\"inLanguage\":\"ro-RO\",\"@id\":\"https:\/\/xstyle.md\/#\/schema\/logo\/image\/\",\"url\":\"https:\/\/xstyle.md\/wp-content\/uploads\/2020\/06\/logoicon.svg\",\"contentUrl\":\"https:\/\/xstyle.md\/wp-content\/uploads\/2020\/06\/logoicon.svg\",\"caption\":\"\u041c\u0430\u0433\u0430\u0437\u0438\u043d Xstyle\"},\"image\":{\"@id\":\"https:\/\/xstyle.md\/#\/schema\/logo\/image\/\"},\"sameAs\":[\"https:\/\/www.facebook.com\/xstylemd\",\"https:\/\/www.instagram.com\/xstyle_md\/\",\"https:\/\/t.me\/xstyle_outdoor\"],\"hasMerchantReturnPolicy\":{\"@type\":\"MerchantReturnPolicy\",\"merchantReturnLink\":\"https:\/\/xstyle.md\/ro\/conditions\/\"}}]}<\/script>\n<meta property=\"product:price:amount\" content=\"2190.00\" \/>\n<meta property=\"product:price:currency\" content=\"MDL\" \/>\n<meta property=\"og:availability\" content=\"instock\" \/>\n<meta property=\"product:availability\" content=\"instock\" \/>\n<meta property=\"product:retailer_item_id\" content=\"3660576333024\" \/>\n<meta property=\"product:condition\" content=\"new\" \/>\n<!-- \/ Yoast SEO plugin. -->","yoast_head_json":{"title":"Ochelari Julbo Montebianco 2 Bleu PLZ3+ - Magazin Xstyle","description":"Cump\u0103ra\u021bi ochelarii Julbo Montebianco 2 Bleu PLZ3! Ideali pentru sport, cu polarizare \u0219i Grip Tech. Design elegant \u0219i confort la cel mai \u00eenalt nivel!","robots":{"index":"index","follow":"follow","max-snippet":"max-snippet:-1","max-image-preview":"max-image-preview:large","max-video-preview":"max-video-preview:-1"},"canonical":"https:\/\/xstyle.md\/ro\/produs\/ochki-julbo-montebianco-2-bleu-plz3\/","og_locale":"ro_RO","og_type":"article","og_title":"\u041e\u0447\u043a\u0438 Julbo Montebianco 2 Bleu PLZ3+ - \u041c\u0430\u0433\u0430\u0437\u0438\u043d Xstyle","og_description":"\u041f\u043e\u043a\u0443\u043f\u0430\u0439\u0442\u0435 \u043e\u0447\u043a\u0438 Julbo Montebianco 2 Bleu PLZ3! \u0418\u0434\u0435\u0430\u043b\u044c\u043d\u044b\u0435 \u0434\u043b\u044f \u0441\u043f\u043e\u0440\u0442\u0430, \u0441 \u043f\u043e\u043b\u044f\u0440\u0438\u0437\u0430\u0446\u0438\u0435\u0439 \u0438 Grip Tech. \u0421\u0442\u0438\u043b\u044c\u043d\u044b\u0439 \u0434\u0438\u0437\u0430\u0439\u043d \u0438 \u043a\u043e\u043c\u0444\u043e\u0440\u0442 \u043d\u0430 \u0432\u044b\u0441\u0448\u0435\u043c \u0443\u0440\u043e\u0432\u043d\u0435!","og_url":"https:\/\/xstyle.md\/ro\/produs\/ochki-julbo-montebianco-2-bleu-plz3\/","og_site_name":"\u041c\u0430\u0433\u0430\u0437\u0438\u043d Xstyle","article_publisher":"https:\/\/www.facebook.com\/xstylemd","article_modified_time":"2025-10-24T09:42:31+00:00","og_image":[{"width":695,"height":345,"url":"https:\/\/xstyle.md\/wp-content\/uploads\/2022\/06\/julbo-montebianco-2-bleu-plz3.png","type":"image\/png"}],"twitter_card":"summary_large_image","twitter_misc":{"Pre\u021b":"2.190&nbsp;MDL","Disponibilitate":"\u00cen stoc"},"schema":{"@context":"https:\/\/schema.org","@graph":[{"@type":"WebPage","@id":"https:\/\/xstyle.md\/product\/ochki-julbo-montebianco-2-bleu-plz3\/","url":"https:\/\/xstyle.md\/product\/ochki-julbo-montebianco-2-bleu-plz3\/","name":"Ochelari Julbo Montebianco 2 Bleu PLZ3+ - Magazin Xstyle","isPartOf":{"@id":"https:\/\/xstyle.md\/#website"},"primaryImageOfPage":{"@id":"https:\/\/xstyle.md\/product\/ochki-julbo-montebianco-2-bleu-plz3\/#primaryimage"},"image":{"@id":"https:\/\/xstyle.md\/product\/ochki-julbo-montebianco-2-bleu-plz3\/#primaryimage"},"thumbnailUrl":"https:\/\/xstyle.md\/wp-content\/uploads\/2022\/06\/julbo-montebianco-2-bleu-plz3.png","datePublished":"2022-06-16T10:21:53+00:00","dateModified":"2025-10-24T09:42:31+00:00","description":"Cump\u0103ra\u021bi ochelarii Julbo Montebianco 2 Bleu PLZ3! Ideali pentru sport, cu polarizare \u0219i Grip Tech. Design elegant \u0219i confort la cel mai \u00eenalt nivel!","breadcrumb":{"@id":"https:\/\/xstyle.md\/product\/ochki-julbo-montebianco-2-bleu-plz3\/#breadcrumb"},"inLanguage":"ro-RO","potentialAction":[{"@type":"ReadAction","target":["https:\/\/xstyle.md\/product\/ochki-julbo-montebianco-2-bleu-plz3\/"]}]},{"@type":"ImageObject","inLanguage":"ro-RO","@id":"https:\/\/xstyle.md\/product\/ochki-julbo-montebianco-2-bleu-plz3\/#primaryimage","url":"https:\/\/xstyle.md\/wp-content\/uploads\/2022\/06\/julbo-montebianco-2-bleu-plz3.png","contentUrl":"https:\/\/xstyle.md\/wp-content\/uploads\/2022\/06\/julbo-montebianco-2-bleu-plz3.png","width":695,"height":345,"caption":"\u0422\u043e\u0432\u0430\u0440\u044b \u0434\u043b\u044f \u0430\u043a\u0442\u0438\u0432\u043d\u043e\u0433\u043e \u043e\u0442\u0434\u044b\u0445\u0430 \u043e\u0447\u043a\u0438 Julbo Montebianco 2 Bleu \u0434\u043b\u044f \u043f\u0443\u0442\u0435\u0448\u0435\u0441\u0442\u0432\u0438\u0439, \u0433\u043e\u0440\u043d\u043e\u0433\u043e \u0442\u0443\u0440\u0438\u0437\u043c\u0430 \u0438 \u0437\u0430\u043d\u044f\u0442\u0438\u0439 \u0441\u043f\u043e\u0440\u0442\u043e\u043c \u0432 \u0438\u043d\u0442\u0435\u0440\u043d\u0435\u0442-\u043c\u0430\u0433\u0430\u0437\u0438\u043d\u0435 \u0441\u043f\u043e\u0440\u0442\u0438\u0432\u043d\u043e\u0439 \u043e\u0434\u0435\u0436\u0434\u044b \u0438 \u043e\u0431\u0443\u0432\u0438"},{"@type":"BreadcrumbList","@id":"https:\/\/xstyle.md\/product\/ochki-julbo-montebianco-2-bleu-plz3\/#breadcrumb","itemListElement":[{"@type":"ListItem","position":1,"name":"\u0413\u043b\u0430\u0432\u043d\u0430\u044f \u0441\u0442\u0440\u0430\u043d\u0438\u0446\u0430","item":"https:\/\/xstyle.md\/"},{"@type":"ListItem","position":2,"name":"\u041c\u0430\u0433\u0430\u0437\u0438\u043d","item":"https:\/\/xstyle.md\/shop\/"},{"@type":"ListItem","position":3,"name":"\u041e\u0447\u043a\u0438 Julbo Montebianco 2 Bleu PLZ3+"}]},{"@type":"WebSite","@id":"https:\/\/xstyle.md\/#website","url":"https:\/\/xstyle.md\/","name":"Magazinul X-Style","description":"Echipamente pentru turism \u0219i sporturi extreme \u00een Moldova. Pre\u021buri, fotografii, caracteristici \u00een Moldova.","publisher":{"@id":"https:\/\/xstyle.md\/#organization"},"alternateName":"X-Style","potentialAction":[{"@type":"SearchAction","target":{"@type":"EntryPoint","urlTemplate":"https:\/\/xstyle.md\/?s={search_term_string}"},"query-input":{"@type":"PropertyValueSpecification","valueRequired":true,"valueName":"search_term_string"}}],"inLanguage":"ro-RO"},{"@type":"Organization","@id":"https:\/\/xstyle.md\/#organization","name":"Magazinul X-Style","alternateName":"x-style","url":"https:\/\/xstyle.md\/","logo":{"@type":"ImageObject","inLanguage":"ro-RO","@id":"https:\/\/xstyle.md\/#\/schema\/logo\/image\/","url":"https:\/\/xstyle.md\/wp-content\/uploads\/2020\/06\/logoicon.svg","contentUrl":"https:\/\/xstyle.md\/wp-content\/uploads\/2020\/06\/logoicon.svg","caption":"\u041c\u0430\u0433\u0430\u0437\u0438\u043d Xstyle"},"image":{"@id":"https:\/\/xstyle.md\/#\/schema\/logo\/image\/"},"sameAs":["https:\/\/www.facebook.com\/xstylemd","https:\/\/www.instagram.com\/xstyle_md\/","https:\/\/t.me\/xstyle_outdoor"],"hasMerchantReturnPolicy":{"@type":"MerchantReturnPolicy","merchantReturnLink":"https:\/\/xstyle.md\/ro\/conditions\/"}}]},"product_price_amount":"2190.00","product_price_currency":"MDL","og_availability":"instock","product_availability":"instock","product_retailer_item_id":"3660576333024","product_condition":"new"},"post_mailing_queue_ids":[],"_links":{"self":[{"href":"https:\/\/xstyle.md\/ro\/wp-json\/wp\/v2\/product\/48836","targetHints":{"allow":["GET"]}}],"collection":[{"href":"https:\/\/xstyle.md\/ro\/wp-json\/wp\/v2\/product"}],"about":[{"href":"https:\/\/xstyle.md\/ro\/wp-json\/wp\/v2\/types\/product"}],"replies":[{"embeddable":true,"href":"https:\/\/xstyle.md\/ro\/wp-json\/wp\/v2\/comments?post=48836"}],"wp:featuredmedia":[{"embeddable":true,"href":"https:\/\/xstyle.md\/ro\/wp-json\/wp\/v2\/media\/49783"}],"wp:attachment":[{"href":"https:\/\/xstyle.md\/ro\/wp-json\/wp\/v2\/media?parent=48836"}],"wp:term":[{"taxonomy":"product_brand","embeddable":true,"href":"https:\/\/xstyle.md\/ro\/wp-json\/wp\/v2\/product_brand?post=48836"},{"taxonomy":"product_cat","embeddable":true,"href":"https:\/\/xstyle.md\/ro\/wp-json\/wp\/v2\/product_cat?post=48836"},{"taxonomy":"product_tag","embeddable":true,"href":"https:\/\/xstyle.md\/ro\/wp-json\/wp\/v2\/product_tag?post=48836"}],"curies":[{"name":"wp","href":"https:\/\/api.w.org\/{rel}","templated":true}]}}