{"id":48825,"date":"2022-06-16T13:21:51","date_gmt":"2022-06-16T10:21:51","guid":{"rendered":"https:\/\/xstyle.md\/?post_type=product&#038;p=48825"},"modified":"2026-03-19T16:48:47","modified_gmt":"2026-03-19T13:48:47","slug":"kartoshka-s-kurinym-file-idlo","status":"publish","type":"product","link":"https:\/\/xstyle.md\/ro\/produs\/kartoshka-s-kurinym-file-idlo\/","title":{"rendered":"Cartofi cu file de pui IDLO"},"content":{"rendered":"<\/p>\n<p><strong>Cartofi cu file de pui IDLO<\/strong> &#8212; o m\u00e2ncare aparent banal\u0103. Dar \u00een timpul unei drume\u021bii \u0219i la munte devine o adev\u0103rat\u0103 delicates\u0103! Savuroas\u0103, omogen\u0103 \u0219i consistent\u0103, care pur \u0219i simplu se tope\u0219te \u00een gur\u0103! R\u0103m\u00e2ne doar o arom\u0103 pl\u0103cut\u0103 \u0219i buc\u0103\u021bi de file de pui adev\u0103rat. Spre deosebire de extractele uscate cunoscute p\u00e2n\u0103 acum, produsul nu con\u021bine arome \u0219i substan\u021be chimice d\u0103un\u0103toare. Sm\u00e2nt\u00e2n\u0103, ceap\u0103 pr\u0103jit\u0103, file de pui liofilizat &#8212; aceste ingrediente garanteaz\u0103 un buchet de arome minunat de m\u00e2ncare turistic\u0103 normal\u0103 \u0219i s\u0103n\u0103toas\u0103.<\/p>\n<h3>Particularit\u0103\u021bi<\/h3>\n<ul>\n<li>Realizat prin sublimare \u0219i uscare \u00een infraro\u0219u a ingredientelor naturale<\/li>\n<li>Ambalat \u00eentr-o pung\u0103 de retort\u0103, care nu numai c\u0103 p\u0103streaz\u0103 produsul, dar serve\u0219te \u0219i ca o ustensil\u0103 la \u00eendem\u00e2n\u0103.<\/li>\n<\/ul>\n<h3>Caracteristici<\/h3>\n<ul>\n<li>Ingrediente &#8212; fulgi de cartofi fier\u021bi la aburi, file de pui fiert liofilizat, sm\u00e2nt\u00e2n\u0103 uscat\u0103, ceap\u0103 pr\u0103jit\u0103 uscat\u0103, m\u0103rar uscat, sare<\/li>\n<li>Valoare energetic\u0103 &#8212; 70,2 \/ 344,0 Kcal<\/li>\n<li>Greutatea vasului uscat &#8212; 90 g.<\/li>\n<\/ul>\n<h3>Marca<\/h3>\n<p>IDLO este o marc\u0103 ucrainean\u0103 t\u00e2n\u0103r\u0103 din Cern\u0103u\u021bi, care se ocup\u0103 cu produc\u021bia de m\u00e2nc\u0103ruri din produse uscate. Scopul principal al companiei este de a hr\u0103ni bestia interioar\u0103, care se &#171;treze\u0219te&#187; \u00een noi atunci c\u00e2nd ne este foame \u00een cel mai nepotrivit moment. Pentru a face acest lucru, trebuie doar s\u0103 ad\u0103uga\u021bi ap\u0103 clocotit\u0103, s\u0103 amesteca\u021bi, s\u0103 a\u0219tepta\u021bi doar c\u00e2teva minute \u0219i v\u0103 pute\u021bi bucura \u00een siguran\u021b\u0103 de felul de m\u00e2ncare la birou, \u00een vacan\u021b\u0103, la munte sau la pescuit, \u00eentr-o c\u0103l\u0103torie lung\u0103 cu ma\u0219ina. M\u00e2nc\u0103rurile realizate prin uscarea produselor naturale, f\u0103r\u0103 utilizarea de conservan\u021bi \u0219i OMG-uri, p\u0103streaz\u0103 toate vitaminele utile. Iar greutatea redus\u0103 a por\u021biilor este un avantaj major \u00een timpul c\u0103l\u0103toriilor, mai ales \u00een cazul c\u0103l\u0103toriilor lungi. A\u0219adar, m\u00e2ncarea liofilizat\u0103 de la IDLO va fi un companion de n\u0103dejde \u00een orice c\u0103l\u0103torie!<\/p>\n<p><\/p>","protected":false},"excerpt":{"rendered":"","protected":false},"featured_media":80595,"comment_status":"open","ping_status":"closed","template":"","meta":{"_acf_changed":false,"inline_featured_image":false},"product_brand":[1370],"product_cat":[465],"product_tag":[],"class_list":{"0":"post-48825","1":"product","2":"type-product","3":"status-publish","4":"has-post-thumbnail","6":"product_brand-idlo","7":"product_cat-sublimated-food","9":"first","10":"outofstock","11":"shipping-taxable","12":"product-type-simple"},"acf":[],"yoast_head":"<!-- This site is optimized with the Yoast SEO plugin v27.4 - https:\/\/yoast.com\/product\/yoast-seo-wordpress\/ -->\n<title>\u041a\u0430\u0440\u0442\u043e\u0448\u043a\u0430 \u0441 \u043a\u0443\u0440\u0438\u043d\u044b\u043c \u0444\u0438\u043b\u0435 IDLO - \u041c\u0430\u0433\u0430\u0437\u0438\u043d Xstyle<\/title>\n<meta name=\"description\" content=\"\u041a\u0430\u0440\u0442\u043e\u0448\u043a\u0430 \u0441 \u043a\u0443\u0440\u0438\u043d\u044b\u043c \u0444\u0438\u043b\u0435 IDLO \u2013 \u0432\u043a\u0443\u0441\u043d\u043e\u0435 \u0438 \u043f\u0438\u0442\u0430\u0442\u0435\u043b\u044c\u043d\u043e\u0435 \u0431\u043b\u044e\u0434\u043e, \u043a\u043e\u0442\u043e\u0440\u043e\u0435 \u043f\u043e\u0440\u0430\u0434\u0443\u0435\u0442 \u0434\u0430\u0436\u0435 \u0432 \u043f\u043e\u0445\u043e\u0434\u0435. \u0415\u0441\u0442\u0435\u0441\u0442\u0432\u0435\u043d\u043d\u044b\u0435 \u0438\u043d\u0433\u0440\u0435\u0434\u0438\u0435\u043d\u0442\u044b \u0431\u0435\u0437 \u0445\u0438\u043c\u0438\u0438!\" \/>\n<meta name=\"robots\" content=\"index, follow, max-snippet:-1, max-image-preview:large, max-video-preview:-1\" \/>\n<link rel=\"canonical\" href=\"https:\/\/xstyle.md\/ro\/produs\/kartoshka-s-kurinym-file-idlo\/\" \/>\n<meta property=\"og:locale\" content=\"ro_RO\" \/>\n<meta property=\"og:type\" content=\"article\" \/>\n<meta property=\"og:title\" content=\"\u041a\u0430\u0440\u0442\u043e\u0448\u043a\u0430 \u0441 \u043a\u0443\u0440\u0438\u043d\u044b\u043c \u0444\u0438\u043b\u0435 IDLO - \u041c\u0430\u0433\u0430\u0437\u0438\u043d Xstyle\" \/>\n<meta property=\"og:description\" content=\"\u041a\u0430\u0440\u0442\u043e\u0448\u043a\u0430 \u0441 \u043a\u0443\u0440\u0438\u043d\u044b\u043c \u0444\u0438\u043b\u0435 IDLO \u2013 \u0432\u043a\u0443\u0441\u043d\u043e\u0435 \u0438 \u043f\u0438\u0442\u0430\u0442\u0435\u043b\u044c\u043d\u043e\u0435 \u0431\u043b\u044e\u0434\u043e, \u043a\u043e\u0442\u043e\u0440\u043e\u0435 \u043f\u043e\u0440\u0430\u0434\u0443\u0435\u0442 \u0434\u0430\u0436\u0435 \u0432 \u043f\u043e\u0445\u043e\u0434\u0435. \u0415\u0441\u0442\u0435\u0441\u0442\u0432\u0435\u043d\u043d\u044b\u0435 \u0438\u043d\u0433\u0440\u0435\u0434\u0438\u0435\u043d\u0442\u044b \u0431\u0435\u0437 \u0445\u0438\u043c\u0438\u0438!\" \/>\n<meta property=\"og:url\" content=\"https:\/\/xstyle.md\/ro\/produs\/kartoshka-s-kurinym-file-idlo\/\" \/>\n<meta property=\"og:site_name\" content=\"\u041c\u0430\u0433\u0430\u0437\u0438\u043d Xstyle\" \/>\n<meta property=\"article:publisher\" content=\"https:\/\/www.facebook.com\/xstylemd\" \/>\n<meta property=\"article:modified_time\" content=\"2026-03-19T13:48:47+00:00\" \/>\n<meta property=\"og:image\" content=\"https:\/\/xstyle.md\/wp-content\/uploads\/2022\/06\/kartoshka-s-kurinym-file-idlo.jpg\" \/>\n\t<meta property=\"og:image:width\" content=\"1500\" \/>\n\t<meta property=\"og:image:height\" content=\"1498\" \/>\n\t<meta property=\"og:image:type\" content=\"image\/jpeg\" \/>\n<meta name=\"twitter:card\" content=\"summary_large_image\" \/>\n<meta name=\"twitter:label1\" content=\"Pre\u021b\" \/>\n\t<meta name=\"twitter:data1\" content=\"79&nbsp;MDL\" \/>\n\t<meta name=\"twitter:label2\" content=\"Disponibilitate\" \/>\n\t<meta name=\"twitter:data2\" content=\"Stoc epuizat\" \/>\n<script type=\"application\/ld+json\" class=\"yoast-schema-graph\">{\"@context\":\"https:\\\/\\\/schema.org\",\"@graph\":[{\"@type\":\"WebPage\",\"@id\":\"https:\\\/\\\/xstyle.md\\\/product\\\/kartoshka-s-kurinym-file-idlo\\\/\",\"url\":\"https:\\\/\\\/xstyle.md\\\/product\\\/kartoshka-s-kurinym-file-idlo\\\/\",\"name\":\"\u041a\u0430\u0440\u0442\u043e\u0448\u043a\u0430 \u0441 \u043a\u0443\u0440\u0438\u043d\u044b\u043c \u0444\u0438\u043b\u0435 IDLO - \u041c\u0430\u0433\u0430\u0437\u0438\u043d Xstyle\",\"isPartOf\":{\"@id\":\"https:\\\/\\\/xstyle.md\\\/#website\"},\"primaryImageOfPage\":{\"@id\":\"https:\\\/\\\/xstyle.md\\\/product\\\/kartoshka-s-kurinym-file-idlo\\\/#primaryimage\"},\"image\":{\"@id\":\"https:\\\/\\\/xstyle.md\\\/product\\\/kartoshka-s-kurinym-file-idlo\\\/#primaryimage\"},\"thumbnailUrl\":\"https:\\\/\\\/xstyle.md\\\/wp-content\\\/uploads\\\/2022\\\/06\\\/kartoshka-s-kurinym-file-idlo.jpg\",\"datePublished\":\"2022-06-16T10:21:51+00:00\",\"dateModified\":\"2026-03-19T13:48:47+00:00\",\"description\":\"\u041a\u0430\u0440\u0442\u043e\u0448\u043a\u0430 \u0441 \u043a\u0443\u0440\u0438\u043d\u044b\u043c \u0444\u0438\u043b\u0435 IDLO \u2013 \u0432\u043a\u0443\u0441\u043d\u043e\u0435 \u0438 \u043f\u0438\u0442\u0430\u0442\u0435\u043b\u044c\u043d\u043e\u0435 \u0431\u043b\u044e\u0434\u043e, \u043a\u043e\u0442\u043e\u0440\u043e\u0435 \u043f\u043e\u0440\u0430\u0434\u0443\u0435\u0442 \u0434\u0430\u0436\u0435 \u0432 \u043f\u043e\u0445\u043e\u0434\u0435. \u0415\u0441\u0442\u0435\u0441\u0442\u0432\u0435\u043d\u043d\u044b\u0435 \u0438\u043d\u0433\u0440\u0435\u0434\u0438\u0435\u043d\u0442\u044b \u0431\u0435\u0437 \u0445\u0438\u043c\u0438\u0438!\",\"breadcrumb\":{\"@id\":\"https:\\\/\\\/xstyle.md\\\/product\\\/kartoshka-s-kurinym-file-idlo\\\/#breadcrumb\"},\"inLanguage\":\"ro-RO\",\"potentialAction\":[{\"@type\":\"ReadAction\",\"target\":[\"https:\\\/\\\/xstyle.md\\\/product\\\/kartoshka-s-kurinym-file-idlo\\\/\"]}]},{\"@type\":\"ImageObject\",\"inLanguage\":\"ro-RO\",\"@id\":\"https:\\\/\\\/xstyle.md\\\/product\\\/kartoshka-s-kurinym-file-idlo\\\/#primaryimage\",\"url\":\"https:\\\/\\\/xstyle.md\\\/wp-content\\\/uploads\\\/2022\\\/06\\\/kartoshka-s-kurinym-file-idlo.jpg\",\"contentUrl\":\"https:\\\/\\\/xstyle.md\\\/wp-content\\\/uploads\\\/2022\\\/06\\\/kartoshka-s-kurinym-file-idlo.jpg\",\"width\":1500,\"height\":1498,\"caption\":\"\u0422\u043e\u0432\u0430\u0440\u044b \u0434\u043b\u044f \u0430\u043a\u0442\u0438\u0432\u043d\u043e\u0433\u043e \u043e\u0442\u0434\u044b\u0445\u0430 \u0432 \u0438\u043d\u0442\u0435\u0440\u043d\u0435\u0442-\u043c\u0430\u0433\u0430\u0437\u0438\u043d\u0435 \u041a\u0430\u0440\u0442\u043e\u0448\u043a\u0430 \u0441 \u043a\u0443\u0440\u0438\u043d\u044b\u043c \u0444\u0438\u043b\u0435 IDLO \u2014 \u043e\u0434\u0435\u0436\u0434\u0430, \u043e\u0431\u0443\u0432\u044c, \u043f\u043e\u0445\u043e\u0434\u043d\u044b\u0435 \u043f\u0440\u0438\u043d\u0430\u0434\u043b\u0435\u0436\u043d\u043e\u0441\u0442\u0438 \u0434\u043b\u044f \u043f\u0443\u0442\u0435\u0448\u0435\u0441\u0442\u0432\u0438\u0439 \u0438 \u0430\u043b\u044c\u043f\u0438\u043d\u0438\u0437\u043c\u0430\"},{\"@type\":\"BreadcrumbList\",\"@id\":\"https:\\\/\\\/xstyle.md\\\/product\\\/kartoshka-s-kurinym-file-idlo\\\/#breadcrumb\",\"itemListElement\":[{\"@type\":\"ListItem\",\"position\":1,\"name\":\"\u0413\u043b\u0430\u0432\u043d\u0430\u044f \u0441\u0442\u0440\u0430\u043d\u0438\u0446\u0430\",\"item\":\"https:\\\/\\\/xstyle.md\\\/\"},{\"@type\":\"ListItem\",\"position\":2,\"name\":\"\u041c\u0430\u0433\u0430\u0437\u0438\u043d\",\"item\":\"https:\\\/\\\/xstyle.md\\\/shop\\\/\"},{\"@type\":\"ListItem\",\"position\":3,\"name\":\"\u041a\u0430\u0440\u0442\u043e\u0448\u043a\u0430 \u0441 \u043a\u0443\u0440\u0438\u043d\u044b\u043c \u0444\u0438\u043b\u0435 IDLO\"}]},{\"@type\":\"WebSite\",\"@id\":\"https:\\\/\\\/xstyle.md\\\/#website\",\"url\":\"https:\\\/\\\/xstyle.md\\\/\",\"name\":\"\u041c\u0430\u0433\u0430\u0437\u0438\u043d Xstyle\",\"description\":\"C\u043d\u0430\u0440\u044f\u0436\u0435\u043d\u0438\u0435 \u0434\u043b\u044f \u0442\u0443\u0440\u0438\u0437\u043c\u0430 \u0438 \u044d\u043a\u0441\u0442\u0440\u0435\u043c\u0430\u043b\u044c\u043d\u044b\u0445 \u0432\u0438\u0434\u043e\u0432 \u0441\u043f\u043e\u0440\u0442\u0430 \u0432 \u041c\u043e\u043b\u0434\u043e\u0432\u0435.. \u0426\u0435\u043d\u044b, \u0444\u043e\u0442\u043e, \u0445\u0430\u0440\u0430\u043a\u0442\u0435\u0440\u0438\u0441\u0442\u0438\u043a\u0438 \u0432 \u041c\u043e\u043b\u0434\u043e\u0432\u0435.\",\"publisher\":{\"@id\":\"https:\\\/\\\/xstyle.md\\\/#organization\"},\"alternateName\":\"X-Style\",\"potentialAction\":[{\"@type\":\"SearchAction\",\"target\":{\"@type\":\"EntryPoint\",\"urlTemplate\":\"https:\\\/\\\/xstyle.md\\\/?s={search_term_string}\"},\"query-input\":{\"@type\":\"PropertyValueSpecification\",\"valueRequired\":true,\"valueName\":\"search_term_string\"}}],\"inLanguage\":\"ro-RO\"},{\"@type\":\"Organization\",\"@id\":\"https:\\\/\\\/xstyle.md\\\/#organization\",\"name\":\"\u041c\u0430\u0433\u0430\u0437\u0438\u043d Xstyle\",\"alternateName\":\"x-style\",\"url\":\"https:\\\/\\\/xstyle.md\\\/\",\"logo\":{\"@type\":\"ImageObject\",\"inLanguage\":\"ro-RO\",\"@id\":\"https:\\\/\\\/xstyle.md\\\/#\\\/schema\\\/logo\\\/image\\\/\",\"url\":\"https:\\\/\\\/xstyle.md\\\/wp-content\\\/uploads\\\/2020\\\/06\\\/logoicon.svg\",\"contentUrl\":\"https:\\\/\\\/xstyle.md\\\/wp-content\\\/uploads\\\/2020\\\/06\\\/logoicon.svg\",\"caption\":\"\u041c\u0430\u0433\u0430\u0437\u0438\u043d Xstyle\"},\"image\":{\"@id\":\"https:\\\/\\\/xstyle.md\\\/#\\\/schema\\\/logo\\\/image\\\/\"},\"sameAs\":[\"https:\\\/\\\/www.facebook.com\\\/xstylemd\",\"https:\\\/\\\/www.instagram.com\\\/xstyle_md\\\/\",\"https:\\\/\\\/t.me\\\/xstyle_outdoor\"],\"hasMerchantReturnPolicy\":{\"@type\":\"MerchantReturnPolicy\",\"merchantReturnLink\":\"https:\\\/\\\/xstyle.md\\\/ro\\\/conditions\\\/\"}}]}<\/script>\n<meta property=\"product:price:amount\" content=\"79.00\" \/>\n<meta property=\"product:price:currency\" content=\"MDL\" \/>\n<meta property=\"og:availability\" content=\"out of stock\" \/>\n<meta property=\"product:availability\" content=\"out of stock\" \/>\n<meta property=\"product:retailer_item_id\" content=\"4820219970590\" \/>\n<meta property=\"product:condition\" content=\"new\" \/>\n<!-- \/ Yoast SEO plugin. -->","yoast_head_json":{"title":"Cartofi cu file de pui IDLO - Magazin Xstyle","description":"Cartofi cu file de pui IDLO \u2013 un preparat gustos \u0219i hr\u0103nitor, care va \u00eenc\u00e2nta chiar \u0219i \u00een drume\u021bie. Ingrediente naturale f\u0103r\u0103 chimicale!","robots":{"index":"index","follow":"follow","max-snippet":"max-snippet:-1","max-image-preview":"max-image-preview:large","max-video-preview":"max-video-preview:-1"},"canonical":"https:\/\/xstyle.md\/ro\/produs\/kartoshka-s-kurinym-file-idlo\/","og_locale":"ro_RO","og_type":"article","og_title":"\u041a\u0430\u0440\u0442\u043e\u0448\u043a\u0430 \u0441 \u043a\u0443\u0440\u0438\u043d\u044b\u043c \u0444\u0438\u043b\u0435 IDLO - \u041c\u0430\u0433\u0430\u0437\u0438\u043d Xstyle","og_description":"\u041a\u0430\u0440\u0442\u043e\u0448\u043a\u0430 \u0441 \u043a\u0443\u0440\u0438\u043d\u044b\u043c \u0444\u0438\u043b\u0435 IDLO \u2013 \u0432\u043a\u0443\u0441\u043d\u043e\u0435 \u0438 \u043f\u0438\u0442\u0430\u0442\u0435\u043b\u044c\u043d\u043e\u0435 \u0431\u043b\u044e\u0434\u043e, \u043a\u043e\u0442\u043e\u0440\u043e\u0435 \u043f\u043e\u0440\u0430\u0434\u0443\u0435\u0442 \u0434\u0430\u0436\u0435 \u0432 \u043f\u043e\u0445\u043e\u0434\u0435. \u0415\u0441\u0442\u0435\u0441\u0442\u0432\u0435\u043d\u043d\u044b\u0435 \u0438\u043d\u0433\u0440\u0435\u0434\u0438\u0435\u043d\u0442\u044b \u0431\u0435\u0437 \u0445\u0438\u043c\u0438\u0438!","og_url":"https:\/\/xstyle.md\/ro\/produs\/kartoshka-s-kurinym-file-idlo\/","og_site_name":"\u041c\u0430\u0433\u0430\u0437\u0438\u043d Xstyle","article_publisher":"https:\/\/www.facebook.com\/xstylemd","article_modified_time":"2026-03-19T13:48:47+00:00","og_image":[{"width":1500,"height":1498,"url":"https:\/\/xstyle.md\/wp-content\/uploads\/2022\/06\/kartoshka-s-kurinym-file-idlo.jpg","type":"image\/jpeg"}],"twitter_card":"summary_large_image","twitter_misc":{"Pre\u021b":"79&nbsp;MDL","Disponibilitate":"Stoc epuizat"},"schema":{"@context":"https:\/\/schema.org","@graph":[{"@type":"WebPage","@id":"https:\/\/xstyle.md\/product\/kartoshka-s-kurinym-file-idlo\/","url":"https:\/\/xstyle.md\/product\/kartoshka-s-kurinym-file-idlo\/","name":"Cartofi cu file de pui IDLO - Magazin Xstyle","isPartOf":{"@id":"https:\/\/xstyle.md\/#website"},"primaryImageOfPage":{"@id":"https:\/\/xstyle.md\/product\/kartoshka-s-kurinym-file-idlo\/#primaryimage"},"image":{"@id":"https:\/\/xstyle.md\/product\/kartoshka-s-kurinym-file-idlo\/#primaryimage"},"thumbnailUrl":"https:\/\/xstyle.md\/wp-content\/uploads\/2022\/06\/kartoshka-s-kurinym-file-idlo.jpg","datePublished":"2022-06-16T10:21:51+00:00","dateModified":"2026-03-19T13:48:47+00:00","description":"Cartofi cu file de pui IDLO \u2013 un preparat gustos \u0219i hr\u0103nitor, care va \u00eenc\u00e2nta chiar \u0219i \u00een drume\u021bie. Ingrediente naturale f\u0103r\u0103 chimicale!","breadcrumb":{"@id":"https:\/\/xstyle.md\/product\/kartoshka-s-kurinym-file-idlo\/#breadcrumb"},"inLanguage":"ro-RO","potentialAction":[{"@type":"ReadAction","target":["https:\/\/xstyle.md\/product\/kartoshka-s-kurinym-file-idlo\/"]}]},{"@type":"ImageObject","inLanguage":"ro-RO","@id":"https:\/\/xstyle.md\/product\/kartoshka-s-kurinym-file-idlo\/#primaryimage","url":"https:\/\/xstyle.md\/wp-content\/uploads\/2022\/06\/kartoshka-s-kurinym-file-idlo.jpg","contentUrl":"https:\/\/xstyle.md\/wp-content\/uploads\/2022\/06\/kartoshka-s-kurinym-file-idlo.jpg","width":1500,"height":1498,"caption":"\u0422\u043e\u0432\u0430\u0440\u044b \u0434\u043b\u044f \u0430\u043a\u0442\u0438\u0432\u043d\u043e\u0433\u043e \u043e\u0442\u0434\u044b\u0445\u0430 \u0432 \u0438\u043d\u0442\u0435\u0440\u043d\u0435\u0442-\u043c\u0430\u0433\u0430\u0437\u0438\u043d\u0435 \u041a\u0430\u0440\u0442\u043e\u0448\u043a\u0430 \u0441 \u043a\u0443\u0440\u0438\u043d\u044b\u043c \u0444\u0438\u043b\u0435 IDLO \u2014 \u043e\u0434\u0435\u0436\u0434\u0430, \u043e\u0431\u0443\u0432\u044c, \u043f\u043e\u0445\u043e\u0434\u043d\u044b\u0435 \u043f\u0440\u0438\u043d\u0430\u0434\u043b\u0435\u0436\u043d\u043e\u0441\u0442\u0438 \u0434\u043b\u044f \u043f\u0443\u0442\u0435\u0448\u0435\u0441\u0442\u0432\u0438\u0439 \u0438 \u0430\u043b\u044c\u043f\u0438\u043d\u0438\u0437\u043c\u0430"},{"@type":"BreadcrumbList","@id":"https:\/\/xstyle.md\/product\/kartoshka-s-kurinym-file-idlo\/#breadcrumb","itemListElement":[{"@type":"ListItem","position":1,"name":"\u0413\u043b\u0430\u0432\u043d\u0430\u044f \u0441\u0442\u0440\u0430\u043d\u0438\u0446\u0430","item":"https:\/\/xstyle.md\/"},{"@type":"ListItem","position":2,"name":"\u041c\u0430\u0433\u0430\u0437\u0438\u043d","item":"https:\/\/xstyle.md\/shop\/"},{"@type":"ListItem","position":3,"name":"\u041a\u0430\u0440\u0442\u043e\u0448\u043a\u0430 \u0441 \u043a\u0443\u0440\u0438\u043d\u044b\u043c \u0444\u0438\u043b\u0435 IDLO"}]},{"@type":"WebSite","@id":"https:\/\/xstyle.md\/#website","url":"https:\/\/xstyle.md\/","name":"Magazinul X-Style","description":"Echipamente pentru turism \u0219i sporturi extreme \u00een Moldova. Pre\u021buri, fotografii, caracteristici \u00een Moldova.","publisher":{"@id":"https:\/\/xstyle.md\/#organization"},"alternateName":"X-Style","potentialAction":[{"@type":"SearchAction","target":{"@type":"EntryPoint","urlTemplate":"https:\/\/xstyle.md\/?s={search_term_string}"},"query-input":{"@type":"PropertyValueSpecification","valueRequired":true,"valueName":"search_term_string"}}],"inLanguage":"ro-RO"},{"@type":"Organization","@id":"https:\/\/xstyle.md\/#organization","name":"Magazinul X-Style","alternateName":"x-style","url":"https:\/\/xstyle.md\/","logo":{"@type":"ImageObject","inLanguage":"ro-RO","@id":"https:\/\/xstyle.md\/#\/schema\/logo\/image\/","url":"https:\/\/xstyle.md\/wp-content\/uploads\/2020\/06\/logoicon.svg","contentUrl":"https:\/\/xstyle.md\/wp-content\/uploads\/2020\/06\/logoicon.svg","caption":"\u041c\u0430\u0433\u0430\u0437\u0438\u043d Xstyle"},"image":{"@id":"https:\/\/xstyle.md\/#\/schema\/logo\/image\/"},"sameAs":["https:\/\/www.facebook.com\/xstylemd","https:\/\/www.instagram.com\/xstyle_md\/","https:\/\/t.me\/xstyle_outdoor"],"hasMerchantReturnPolicy":{"@type":"MerchantReturnPolicy","merchantReturnLink":"https:\/\/xstyle.md\/ro\/conditions\/"}}]},"product_price_amount":"79.00","product_price_currency":"MDL","og_availability":"out of stock","product_availability":"out of stock","product_retailer_item_id":"4820219970590","product_condition":"new"},"post_mailing_queue_ids":[],"_links":{"self":[{"href":"https:\/\/xstyle.md\/ro\/wp-json\/wp\/v2\/product\/48825","targetHints":{"allow":["GET"]}}],"collection":[{"href":"https:\/\/xstyle.md\/ro\/wp-json\/wp\/v2\/product"}],"about":[{"href":"https:\/\/xstyle.md\/ro\/wp-json\/wp\/v2\/types\/product"}],"replies":[{"embeddable":true,"href":"https:\/\/xstyle.md\/ro\/wp-json\/wp\/v2\/comments?post=48825"}],"wp:featuredmedia":[{"embeddable":true,"href":"https:\/\/xstyle.md\/ro\/wp-json\/wp\/v2\/media\/80595"}],"wp:attachment":[{"href":"https:\/\/xstyle.md\/ro\/wp-json\/wp\/v2\/media?parent=48825"}],"wp:term":[{"taxonomy":"product_brand","embeddable":true,"href":"https:\/\/xstyle.md\/ro\/wp-json\/wp\/v2\/product_brand?post=48825"},{"taxonomy":"product_cat","embeddable":true,"href":"https:\/\/xstyle.md\/ro\/wp-json\/wp\/v2\/product_cat?post=48825"},{"taxonomy":"product_tag","embeddable":true,"href":"https:\/\/xstyle.md\/ro\/wp-json\/wp\/v2\/product_tag?post=48825"}],"curies":[{"name":"wp","href":"https:\/\/api.w.org\/{rel}","templated":true}]}}