{"id":48820,"date":"2022-06-16T13:21:51","date_gmt":"2022-06-16T10:21:51","guid":{"rendered":"https:\/\/xstyle.md\/?post_type=product&#038;p=48820"},"modified":"2026-04-22T17:07:40","modified_gmt":"2026-04-22T14:07:40","slug":"nozh-helle-didi-galgalu","status":"publish","type":"product","link":"https:\/\/xstyle.md\/ro\/produs\/nozh-helle-didi-galgalu\/","title":{"rendered":"Cu\u021bit Helle Didi Galgalu 1610"},"content":{"rendered":"<p><\/p>\n<p><strong>Helle Didi Galgalu<\/strong> &#8212; este un cu\u021bit conceput pentru exploratori. Numit dup\u0103 de\u0219ertul din nordul Keniei, acesta este ideal pentru v\u00e2n\u0103toare \u0219i bushcraft, fiind capabil s\u0103 fac\u0103 fa\u021b\u0103 provoc\u0103rilor \u00eent\u00e2lnite \u00een expedi\u021biile prin de\u0219erturile africane.<\/p>\n<p>Cu\u021bitul vine \u00eenso\u021bit de o teac\u0103 din piele natural\u0103 groas\u0103, cu cus\u0103tur\u0103 dubl\u0103 pe margini pentru o durabilitate maxim\u0103.<\/p>\n<h3>Particularit\u0103\u021bi<\/h3>\n<ul>\n<li>Design Full-Tang &#8212; cu\u021bitul este construit dintr-o plac\u0103 metalic\u0103 dintr-o singur\u0103 bucat\u0103, cu o grosime de 3 mm, fabricat\u0103 din o\u021bel Sandvik 12C27. Lama puternic\u0103, dar nu excesiv de groas\u0103, ofer\u0103 o anumit\u0103 flexibilitate sub presiune, ceea ce \u00eei permite s\u0103 reziste excelent la sarcini mari.<\/li>\n<li>Geometrie Versatil\u0103 &#8212; forma lamei de tip Drop Point, cu o linie curbat\u0103 a t\u0103i\u0219ului \u0219i un v\u00e2rf pronun\u021bat, \u00eei confer\u0103 propriet\u0103\u021bi universale, fiind util \u00een orice situa\u021bie.<\/li>\n<li>M\u00e2ner Ergonomic &#8212; realizat din lemn de tec african (Kiaat), m\u00e2nerul dispune de decupaje pentru degete care asigur\u0103 o priz\u0103 ferm\u0103 \u0219i un control sporit. \u00centre pl\u0103sele \u0219i tija metalic\u0103 (tang) se afl\u0103 straturi de fibr\u0103 moale pentru a absorbi \u0219ocurile.<\/li>\n<li>Asamblare Robust\u0103 &#8212; m\u00e2nerul este fixat cu dou\u0103 nituri clasice \u0219i un nit tubular, cel din urm\u0103 servind \u0219i drept orificiu pentru \u0219nur (lanyard).<\/li>\n<\/ul>\n<h3>Caracteristici<\/h3>\n<ul>\n<li>Tip cu\u021bit &#8212; fix\u0103<\/li>\n<li>Tip t\u0103i\u0219 &#8212; neted<\/li>\n<li>Lungime total\u0103 &#8212; 24,9 cm<\/li>\n<li>Lungime lam\u0103 &#8212; 12,9 cm*<\/li>\n<li>Material m\u00e2ner &#8212; lemn de tec african (Kiaat)<\/li>\n<li>Marc\u0103 o\u021bel &#8212; Sandvik 12C27<\/li>\n<li>Greutate &#8212; 193 g<\/li>\n<\/ul>\n<p><\/p>\n<h3>Marca<\/h3>\n<p>Helle - este o companie norvegian\u0103 produc\u0103toare de cu\u021bite, \u00eenfiin\u021bat\u0103 \u00een anii '30. Fondatorul s\u0103u, Steinar Helle, a fost un om care a admirat natura \u021binutului natal \u00eenc\u0103 din copil\u0103rie \u0219i a dorit s\u0103 fac\u0103 cunoscut satul s\u0103u, Holmedal. Steinar a fabricat singur prima serie de cu\u021bite \u0219i le-a v\u00e2ndut la un t\u00e2rg local. Ulterior, fratele s\u0103u i s-a al\u0103turat, pun\u00e2nd \u00eempreun\u0103 bazele unei mici afaceri de familie.<\/p>\n<p>\u00cen prezent, sediul central al companiei se afl\u0103 \u00een continuare \u00een Holmedal, locul unde a fost creat primul cu\u021bit norvegian Helle, iar afacerea este condus\u0103 de descenden\u021bii fra\u021bilor Helle. O\u021belul folosit pentru lamele cu\u021bitelor Helle are o compozi\u021bie original\u0103, utilizat\u0103 exclusiv de me\u0219terii acestui brand, \u00een timp ce m\u00e2nerul este realizat doar din materiale naturale.<\/p>","protected":false},"excerpt":{"rendered":"<p>\u0411\u0440\u0435\u043d\u0434 Helle &#8212; \u043d\u043e\u0440\u0432\u0435\u0436\u0441\u043a\u0430\u044f \u043a\u043e\u043c\u043f\u0430\u043d\u0438\u044f \u043f\u043e \u043f\u0440\u043e\u0438\u0437\u0432\u043e\u0434\u0441\u0442\u0432\u0443 \u043d\u043e\u0436\u0435\u0439, \u043a\u043e\u0442\u043e\u0440\u0430\u044f \u043f\u043e\u044f\u0432\u0438\u043b\u0430\u0441\u044c \u0432 30-\u0445 \u0433\u043e\u0434\u0430\u0445. \u041e\u0441\u043d\u043e\u0432\u0430\u043b \u0435\u0435 \u0428\u0442\u0430\u0439\u043d\u0435\u0440 \u0425\u0435\u043b\u043b\u0435, \u0447\u0435\u043b\u043e\u0432\u0435\u043a, \u0432\u043e\u0441\u0445\u0438\u0449\u0430\u0432\u0448\u0438\u0439\u0441\u044f \u043f\u0440\u0438\u0440\u043e\u0434\u043e\u0439 \u0441\u0432\u043e\u0435\u0433\u043e \u0440\u043e\u0434\u043d\u043e\u0433\u043e \u043a\u0440\u0430\u044f \u0441 \u0441\u0430\u043c\u043e\u0433\u043e \u0434\u0435\u0442\u0441\u0442\u0432\u0430 \u0438 \u0441\u0442\u0440\u0435\u043c\u0438\u0432\u0448\u0438\u0439\u0441\u044f \u043f\u0440\u043e\u0441\u043b\u0430\u0432\u0438\u0442\u044c \u0441\u0432\u043e\u044e \u0434\u0435\u0440\u0435\u0432\u043d\u044e \u0425\u043e\u043b\u043c\u0434\u0430\u043b. \u041f\u0435\u0440\u0432\u0443\u044e \u043f\u0430\u0440\u0442\u0438\u044e \u043d\u043e\u0436\u0435\u0439 \u0425\u0435\u043b\u043b\u0435 \u0438\u0437\u0433\u043e\u0442\u043e\u0432\u0438\u043b \u0441\u0430\u043c \u0438 \u043f\u0440\u043e\u0434\u0430\u043b \u043d\u0430 \u043c\u0435\u0441\u0442\u043d\u043e\u0439 \u044f\u0440\u043c\u0430\u0440\u043a\u0435. \u041f\u043e\u0437\u0434\u043d\u0435\u0435 \u0435\u0433\u043e \u0431\u0440\u0430\u0442 \u043f\u0440\u0438\u0441\u043e\u0435\u0434\u0438\u043d\u0438\u043b\u0441\u044f \u043a \u043d\u0435\u043c\u0443, \u0438 \u0432\u043c\u0435\u0441\u0442\u0435 \u043e\u043d\u0438 \u0441\u043e\u0437\u0434\u0430\u043b\u0438 \u043d\u0435\u0431\u043e\u043b\u044c\u0448\u043e\u0435 \u0441\u0435\u043c\u0435\u0439\u043d\u043e\u0435 [&hellip;]<\/p>\n","protected":false},"featured_media":49271,"comment_status":"open","ping_status":"closed","template":"","meta":{"_acf_changed":false,"inline_featured_image":false},"product_brand":[1396],"product_cat":[169],"product_tag":[],"class_list":{"0":"post-48820","1":"product","2":"type-product","3":"status-publish","4":"has-post-thumbnail","6":"product_brand-helle","7":"product_cat-knives","9":"first","10":"instock","11":"shipping-taxable","12":"purchasable","13":"product-type-simple"},"acf":[],"yoast_head":"<!-- This site is optimized with the Yoast SEO plugin v27.4 - https:\/\/yoast.com\/product\/yoast-seo-wordpress\/ -->\n<title>\u041d\u043e\u0436 Helle Didi Galgalu 1610 - \u041c\u0430\u0433\u0430\u0437\u0438\u043d Xstyle<\/title>\n<meta name=\"description\" content=\"\u041a\u0443\u043f\u0438\u0442\u0435 \u043d\u043e\u0436 Helle Didi Galgalu \u0441 \u043b\u0435\u0437\u0432\u0438\u0435\u043c \u0438\u0437 Sandvik 12C27. \u0418\u0434\u0435\u0430\u043b\u044c\u043d\u043e \u0434\u043b\u044f \u0430\u043a\u0442\u0438\u0432\u043d\u043e\u0433\u043e \u043e\u0442\u0434\u044b\u0445\u0430 \u0438 \u043f\u043e\u0445\u043e\u0434\u043e\u0432. \u041a\u0430\u0447\u0435\u0441\u0442\u0432\u043e Helle, \u043f\u0440\u043e\u0432\u0435\u0440\u0435\u043d\u043d\u043e\u0435 \u0432\u0440\u0435\u043c\u0435\u043d\u0435\u043c.\" \/>\n<meta name=\"robots\" content=\"index, follow, max-snippet:-1, max-image-preview:large, max-video-preview:-1\" \/>\n<link rel=\"canonical\" href=\"https:\/\/xstyle.md\/ro\/produs\/nozh-helle-didi-galgalu\/\" \/>\n<meta property=\"og:locale\" content=\"ro_RO\" \/>\n<meta property=\"og:type\" content=\"article\" \/>\n<meta property=\"og:title\" content=\"\u041d\u043e\u0436 Helle Didi Galgalu 1610 - \u041c\u0430\u0433\u0430\u0437\u0438\u043d Xstyle\" \/>\n<meta property=\"og:description\" content=\"\u041a\u0443\u043f\u0438\u0442\u0435 \u043d\u043e\u0436 Helle Didi Galgalu \u0441 \u043b\u0435\u0437\u0432\u0438\u0435\u043c \u0438\u0437 Sandvik 12C27. \u0418\u0434\u0435\u0430\u043b\u044c\u043d\u043e \u0434\u043b\u044f \u0430\u043a\u0442\u0438\u0432\u043d\u043e\u0433\u043e \u043e\u0442\u0434\u044b\u0445\u0430 \u0438 \u043f\u043e\u0445\u043e\u0434\u043e\u0432. \u041a\u0430\u0447\u0435\u0441\u0442\u0432\u043e Helle, \u043f\u0440\u043e\u0432\u0435\u0440\u0435\u043d\u043d\u043e\u0435 \u0432\u0440\u0435\u043c\u0435\u043d\u0435\u043c.\" \/>\n<meta property=\"og:url\" content=\"https:\/\/xstyle.md\/ro\/produs\/nozh-helle-didi-galgalu\/\" \/>\n<meta property=\"og:site_name\" content=\"\u041c\u0430\u0433\u0430\u0437\u0438\u043d Xstyle\" \/>\n<meta property=\"article:publisher\" content=\"https:\/\/www.facebook.com\/xstylemd\" \/>\n<meta property=\"article:modified_time\" content=\"2026-04-22T14:07:40+00:00\" \/>\n<meta property=\"og:image\" content=\"https:\/\/xstyle.md\/wp-content\/uploads\/2022\/06\/helle-didi-galgalu.jpg\" \/>\n\t<meta property=\"og:image:width\" content=\"438\" \/>\n\t<meta property=\"og:image:height\" content=\"423\" \/>\n\t<meta property=\"og:image:type\" content=\"image\/jpeg\" \/>\n<meta name=\"twitter:card\" content=\"summary_large_image\" \/>\n<meta name=\"twitter:label1\" content=\"Pre\u021b\" \/>\n\t<meta name=\"twitter:data1\" content=\"4.790&nbsp;MDL\" \/>\n\t<meta name=\"twitter:label2\" content=\"Disponibilitate\" \/>\n\t<meta name=\"twitter:data2\" content=\"\u00cen stoc\" \/>\n<script type=\"application\/ld+json\" class=\"yoast-schema-graph\">{\"@context\":\"https:\\\/\\\/schema.org\",\"@graph\":[{\"@type\":\"WebPage\",\"@id\":\"https:\\\/\\\/xstyle.md\\\/product\\\/nozh-helle-didi-galgalu\\\/\",\"url\":\"https:\\\/\\\/xstyle.md\\\/product\\\/nozh-helle-didi-galgalu\\\/\",\"name\":\"\u041d\u043e\u0436 Helle Didi Galgalu 1610 - \u041c\u0430\u0433\u0430\u0437\u0438\u043d Xstyle\",\"isPartOf\":{\"@id\":\"https:\\\/\\\/xstyle.md\\\/#website\"},\"primaryImageOfPage\":{\"@id\":\"https:\\\/\\\/xstyle.md\\\/product\\\/nozh-helle-didi-galgalu\\\/#primaryimage\"},\"image\":{\"@id\":\"https:\\\/\\\/xstyle.md\\\/product\\\/nozh-helle-didi-galgalu\\\/#primaryimage\"},\"thumbnailUrl\":\"https:\\\/\\\/xstyle.md\\\/wp-content\\\/uploads\\\/2022\\\/06\\\/helle-didi-galgalu.jpg\",\"datePublished\":\"2022-06-16T10:21:51+00:00\",\"dateModified\":\"2026-04-22T14:07:40+00:00\",\"description\":\"\u041a\u0443\u043f\u0438\u0442\u0435 \u043d\u043e\u0436 Helle Didi Galgalu \u0441 \u043b\u0435\u0437\u0432\u0438\u0435\u043c \u0438\u0437 Sandvik 12C27. \u0418\u0434\u0435\u0430\u043b\u044c\u043d\u043e \u0434\u043b\u044f \u0430\u043a\u0442\u0438\u0432\u043d\u043e\u0433\u043e \u043e\u0442\u0434\u044b\u0445\u0430 \u0438 \u043f\u043e\u0445\u043e\u0434\u043e\u0432. \u041a\u0430\u0447\u0435\u0441\u0442\u0432\u043e Helle, \u043f\u0440\u043e\u0432\u0435\u0440\u0435\u043d\u043d\u043e\u0435 \u0432\u0440\u0435\u043c\u0435\u043d\u0435\u043c.\",\"breadcrumb\":{\"@id\":\"https:\\\/\\\/xstyle.md\\\/product\\\/nozh-helle-didi-galgalu\\\/#breadcrumb\"},\"inLanguage\":\"ro-RO\",\"potentialAction\":[{\"@type\":\"ReadAction\",\"target\":[\"https:\\\/\\\/xstyle.md\\\/product\\\/nozh-helle-didi-galgalu\\\/\"]}]},{\"@type\":\"ImageObject\",\"inLanguage\":\"ro-RO\",\"@id\":\"https:\\\/\\\/xstyle.md\\\/product\\\/nozh-helle-didi-galgalu\\\/#primaryimage\",\"url\":\"https:\\\/\\\/xstyle.md\\\/wp-content\\\/uploads\\\/2022\\\/06\\\/helle-didi-galgalu.jpg\",\"contentUrl\":\"https:\\\/\\\/xstyle.md\\\/wp-content\\\/uploads\\\/2022\\\/06\\\/helle-didi-galgalu.jpg\",\"width\":438,\"height\":423,\"caption\":\"\u0422\u043e\u0432\u0430\u0440\u044b \u0434\u043b\u044f \u0430\u043a\u0442\u0438\u0432\u043d\u043e\u0433\u043e \u043e\u0431\u0440\u0430\u0437\u0430 \u0436\u0438\u0437\u043d\u0438 \u043d\u0430 \u043e\u043d\u043b\u0430\u0439\u043d-\u043c\u0430\u0433\u0430\u0437\u0438\u043d\u0435 \u043d\u043e\u0436 Helle Didi Galgalu 1610 \u2014 \u043e\u0434\u0435\u0436\u0434\u0430, \u043e\u0431\u0443\u0432\u044c, \u043e\u0431\u0443\u0432\u044c \u0434\u043b\u044f \u043f\u043e\u0445\u043e\u0434\u043e\u0432 \u0438 \u043f\u0443\u0442\u0435\u0448\u0435\u0441\u0442\u0432\u0438\u0439, \u0430\u043b\u044c\u043f\u0438\u043d\u0438\u0437\u043c, \u0442\u0443\u0440\u0438\u0437\u043c\"},{\"@type\":\"BreadcrumbList\",\"@id\":\"https:\\\/\\\/xstyle.md\\\/product\\\/nozh-helle-didi-galgalu\\\/#breadcrumb\",\"itemListElement\":[{\"@type\":\"ListItem\",\"position\":1,\"name\":\"\u0413\u043b\u0430\u0432\u043d\u0430\u044f \u0441\u0442\u0440\u0430\u043d\u0438\u0446\u0430\",\"item\":\"https:\\\/\\\/xstyle.md\\\/\"},{\"@type\":\"ListItem\",\"position\":2,\"name\":\"\u041c\u0430\u0433\u0430\u0437\u0438\u043d\",\"item\":\"https:\\\/\\\/xstyle.md\\\/shop\\\/\"},{\"@type\":\"ListItem\",\"position\":3,\"name\":\"\u041d\u043e\u0436 Helle Didi Galgalu 1610\"}]},{\"@type\":\"WebSite\",\"@id\":\"https:\\\/\\\/xstyle.md\\\/#website\",\"url\":\"https:\\\/\\\/xstyle.md\\\/\",\"name\":\"\u041c\u0430\u0433\u0430\u0437\u0438\u043d Xstyle\",\"description\":\"C\u043d\u0430\u0440\u044f\u0436\u0435\u043d\u0438\u0435 \u0434\u043b\u044f \u0442\u0443\u0440\u0438\u0437\u043c\u0430 \u0438 \u044d\u043a\u0441\u0442\u0440\u0435\u043c\u0430\u043b\u044c\u043d\u044b\u0445 \u0432\u0438\u0434\u043e\u0432 \u0441\u043f\u043e\u0440\u0442\u0430 \u0432 \u041c\u043e\u043b\u0434\u043e\u0432\u0435.. \u0426\u0435\u043d\u044b, \u0444\u043e\u0442\u043e, \u0445\u0430\u0440\u0430\u043a\u0442\u0435\u0440\u0438\u0441\u0442\u0438\u043a\u0438 \u0432 \u041c\u043e\u043b\u0434\u043e\u0432\u0435.\",\"publisher\":{\"@id\":\"https:\\\/\\\/xstyle.md\\\/#organization\"},\"alternateName\":\"X-Style\",\"potentialAction\":[{\"@type\":\"SearchAction\",\"target\":{\"@type\":\"EntryPoint\",\"urlTemplate\":\"https:\\\/\\\/xstyle.md\\\/?s={search_term_string}\"},\"query-input\":{\"@type\":\"PropertyValueSpecification\",\"valueRequired\":true,\"valueName\":\"search_term_string\"}}],\"inLanguage\":\"ro-RO\"},{\"@type\":\"Organization\",\"@id\":\"https:\\\/\\\/xstyle.md\\\/#organization\",\"name\":\"\u041c\u0430\u0433\u0430\u0437\u0438\u043d Xstyle\",\"alternateName\":\"x-style\",\"url\":\"https:\\\/\\\/xstyle.md\\\/\",\"logo\":{\"@type\":\"ImageObject\",\"inLanguage\":\"ro-RO\",\"@id\":\"https:\\\/\\\/xstyle.md\\\/#\\\/schema\\\/logo\\\/image\\\/\",\"url\":\"https:\\\/\\\/xstyle.md\\\/wp-content\\\/uploads\\\/2020\\\/06\\\/logoicon.svg\",\"contentUrl\":\"https:\\\/\\\/xstyle.md\\\/wp-content\\\/uploads\\\/2020\\\/06\\\/logoicon.svg\",\"caption\":\"\u041c\u0430\u0433\u0430\u0437\u0438\u043d Xstyle\"},\"image\":{\"@id\":\"https:\\\/\\\/xstyle.md\\\/#\\\/schema\\\/logo\\\/image\\\/\"},\"sameAs\":[\"https:\\\/\\\/www.facebook.com\\\/xstylemd\",\"https:\\\/\\\/www.instagram.com\\\/xstyle_md\\\/\",\"https:\\\/\\\/t.me\\\/xstyle_outdoor\"],\"hasMerchantReturnPolicy\":{\"@type\":\"MerchantReturnPolicy\",\"merchantReturnLink\":\"https:\\\/\\\/xstyle.md\\\/ro\\\/conditions\\\/\"}}]}<\/script>\n<meta property=\"product:price:amount\" content=\"4790.00\" \/>\n<meta property=\"product:price:currency\" content=\"MDL\" \/>\n<meta property=\"og:availability\" content=\"instock\" \/>\n<meta property=\"product:availability\" content=\"instock\" \/>\n<meta property=\"product:retailer_item_id\" content=\"7023890060100\" \/>\n<meta property=\"product:condition\" content=\"new\" \/>\n<!-- \/ Yoast SEO plugin. -->","yoast_head_json":{"title":"\u041d\u043e\u0436 Helle Didi Galgalu 1610 - \u041c\u0430\u0433\u0430\u0437\u0438\u043d Xstyle","description":"Cump\u0103ra\u021bi cu\u021bitul Helle Didi Galgalu cu lam\u0103 din Sandvik 12C27. Ideal pentru activit\u0103\u021bi \u00een aer liber \u0219i drume\u021bii. Calitatea Helle, testat\u0103 de timp.","robots":{"index":"index","follow":"follow","max-snippet":"max-snippet:-1","max-image-preview":"max-image-preview:large","max-video-preview":"max-video-preview:-1"},"canonical":"https:\/\/xstyle.md\/ro\/produs\/nozh-helle-didi-galgalu\/","og_locale":"ro_RO","og_type":"article","og_title":"\u041d\u043e\u0436 Helle Didi Galgalu 1610 - \u041c\u0430\u0433\u0430\u0437\u0438\u043d Xstyle","og_description":"\u041a\u0443\u043f\u0438\u0442\u0435 \u043d\u043e\u0436 Helle Didi Galgalu \u0441 \u043b\u0435\u0437\u0432\u0438\u0435\u043c \u0438\u0437 Sandvik 12C27. \u0418\u0434\u0435\u0430\u043b\u044c\u043d\u043e \u0434\u043b\u044f \u0430\u043a\u0442\u0438\u0432\u043d\u043e\u0433\u043e \u043e\u0442\u0434\u044b\u0445\u0430 \u0438 \u043f\u043e\u0445\u043e\u0434\u043e\u0432. \u041a\u0430\u0447\u0435\u0441\u0442\u0432\u043e Helle, \u043f\u0440\u043e\u0432\u0435\u0440\u0435\u043d\u043d\u043e\u0435 \u0432\u0440\u0435\u043c\u0435\u043d\u0435\u043c.","og_url":"https:\/\/xstyle.md\/ro\/produs\/nozh-helle-didi-galgalu\/","og_site_name":"\u041c\u0430\u0433\u0430\u0437\u0438\u043d Xstyle","article_publisher":"https:\/\/www.facebook.com\/xstylemd","article_modified_time":"2026-04-22T14:07:40+00:00","og_image":[{"width":438,"height":423,"url":"https:\/\/xstyle.md\/wp-content\/uploads\/2022\/06\/helle-didi-galgalu.jpg","type":"image\/jpeg"}],"twitter_card":"summary_large_image","twitter_misc":{"Pre\u021b":"4.790&nbsp;MDL","Disponibilitate":"\u00cen stoc"},"schema":{"@context":"https:\/\/schema.org","@graph":[{"@type":"WebPage","@id":"https:\/\/xstyle.md\/product\/nozh-helle-didi-galgalu\/","url":"https:\/\/xstyle.md\/product\/nozh-helle-didi-galgalu\/","name":"\u041d\u043e\u0436 Helle Didi Galgalu 1610 - \u041c\u0430\u0433\u0430\u0437\u0438\u043d Xstyle","isPartOf":{"@id":"https:\/\/xstyle.md\/#website"},"primaryImageOfPage":{"@id":"https:\/\/xstyle.md\/product\/nozh-helle-didi-galgalu\/#primaryimage"},"image":{"@id":"https:\/\/xstyle.md\/product\/nozh-helle-didi-galgalu\/#primaryimage"},"thumbnailUrl":"https:\/\/xstyle.md\/wp-content\/uploads\/2022\/06\/helle-didi-galgalu.jpg","datePublished":"2022-06-16T10:21:51+00:00","dateModified":"2026-04-22T14:07:40+00:00","description":"Cump\u0103ra\u021bi cu\u021bitul Helle Didi Galgalu cu lam\u0103 din Sandvik 12C27. Ideal pentru activit\u0103\u021bi \u00een aer liber \u0219i drume\u021bii. Calitatea Helle, testat\u0103 de timp.","breadcrumb":{"@id":"https:\/\/xstyle.md\/product\/nozh-helle-didi-galgalu\/#breadcrumb"},"inLanguage":"ro-RO","potentialAction":[{"@type":"ReadAction","target":["https:\/\/xstyle.md\/product\/nozh-helle-didi-galgalu\/"]}]},{"@type":"ImageObject","inLanguage":"ro-RO","@id":"https:\/\/xstyle.md\/product\/nozh-helle-didi-galgalu\/#primaryimage","url":"https:\/\/xstyle.md\/wp-content\/uploads\/2022\/06\/helle-didi-galgalu.jpg","contentUrl":"https:\/\/xstyle.md\/wp-content\/uploads\/2022\/06\/helle-didi-galgalu.jpg","width":438,"height":423,"caption":"\u0422\u043e\u0432\u0430\u0440\u044b \u0434\u043b\u044f \u0430\u043a\u0442\u0438\u0432\u043d\u043e\u0433\u043e \u043e\u0431\u0440\u0430\u0437\u0430 \u0436\u0438\u0437\u043d\u0438 \u043d\u0430 \u043e\u043d\u043b\u0430\u0439\u043d-\u043c\u0430\u0433\u0430\u0437\u0438\u043d\u0435 \u043d\u043e\u0436 Helle Didi Galgalu 1610 \u2014 \u043e\u0434\u0435\u0436\u0434\u0430, \u043e\u0431\u0443\u0432\u044c, \u043e\u0431\u0443\u0432\u044c \u0434\u043b\u044f \u043f\u043e\u0445\u043e\u0434\u043e\u0432 \u0438 \u043f\u0443\u0442\u0435\u0448\u0435\u0441\u0442\u0432\u0438\u0439, \u0430\u043b\u044c\u043f\u0438\u043d\u0438\u0437\u043c, \u0442\u0443\u0440\u0438\u0437\u043c"},{"@type":"BreadcrumbList","@id":"https:\/\/xstyle.md\/product\/nozh-helle-didi-galgalu\/#breadcrumb","itemListElement":[{"@type":"ListItem","position":1,"name":"\u0413\u043b\u0430\u0432\u043d\u0430\u044f \u0441\u0442\u0440\u0430\u043d\u0438\u0446\u0430","item":"https:\/\/xstyle.md\/"},{"@type":"ListItem","position":2,"name":"\u041c\u0430\u0433\u0430\u0437\u0438\u043d","item":"https:\/\/xstyle.md\/shop\/"},{"@type":"ListItem","position":3,"name":"\u041d\u043e\u0436 Helle Didi Galgalu 1610"}]},{"@type":"WebSite","@id":"https:\/\/xstyle.md\/#website","url":"https:\/\/xstyle.md\/","name":"Magazinul X-Style","description":"Echipamente pentru turism \u0219i sporturi extreme \u00een Moldova. Pre\u021buri, fotografii, caracteristici \u00een Moldova.","publisher":{"@id":"https:\/\/xstyle.md\/#organization"},"alternateName":"X-Style","potentialAction":[{"@type":"SearchAction","target":{"@type":"EntryPoint","urlTemplate":"https:\/\/xstyle.md\/?s={search_term_string}"},"query-input":{"@type":"PropertyValueSpecification","valueRequired":true,"valueName":"search_term_string"}}],"inLanguage":"ro-RO"},{"@type":"Organization","@id":"https:\/\/xstyle.md\/#organization","name":"Magazinul X-Style","alternateName":"x-style","url":"https:\/\/xstyle.md\/","logo":{"@type":"ImageObject","inLanguage":"ro-RO","@id":"https:\/\/xstyle.md\/#\/schema\/logo\/image\/","url":"https:\/\/xstyle.md\/wp-content\/uploads\/2020\/06\/logoicon.svg","contentUrl":"https:\/\/xstyle.md\/wp-content\/uploads\/2020\/06\/logoicon.svg","caption":"\u041c\u0430\u0433\u0430\u0437\u0438\u043d Xstyle"},"image":{"@id":"https:\/\/xstyle.md\/#\/schema\/logo\/image\/"},"sameAs":["https:\/\/www.facebook.com\/xstylemd","https:\/\/www.instagram.com\/xstyle_md\/","https:\/\/t.me\/xstyle_outdoor"],"hasMerchantReturnPolicy":{"@type":"MerchantReturnPolicy","merchantReturnLink":"https:\/\/xstyle.md\/ro\/conditions\/"}}]},"product_price_amount":"4790.00","product_price_currency":"MDL","og_availability":"instock","product_availability":"instock","product_retailer_item_id":"7023890060100","product_condition":"new"},"_links":{"self":[{"href":"https:\/\/xstyle.md\/ro\/wp-json\/wp\/v2\/product\/48820","targetHints":{"allow":["GET"]}}],"collection":[{"href":"https:\/\/xstyle.md\/ro\/wp-json\/wp\/v2\/product"}],"about":[{"href":"https:\/\/xstyle.md\/ro\/wp-json\/wp\/v2\/types\/product"}],"replies":[{"embeddable":true,"href":"https:\/\/xstyle.md\/ro\/wp-json\/wp\/v2\/comments?post=48820"}],"wp:featuredmedia":[{"embeddable":true,"href":"https:\/\/xstyle.md\/ro\/wp-json\/wp\/v2\/media\/49271"}],"wp:attachment":[{"href":"https:\/\/xstyle.md\/ro\/wp-json\/wp\/v2\/media?parent=48820"}],"wp:term":[{"taxonomy":"product_brand","embeddable":true,"href":"https:\/\/xstyle.md\/ro\/wp-json\/wp\/v2\/product_brand?post=48820"},{"taxonomy":"product_cat","embeddable":true,"href":"https:\/\/xstyle.md\/ro\/wp-json\/wp\/v2\/product_cat?post=48820"},{"taxonomy":"product_tag","embeddable":true,"href":"https:\/\/xstyle.md\/ro\/wp-json\/wp\/v2\/product_tag?post=48820"}],"curies":[{"name":"wp","href":"https:\/\/api.w.org\/{rel}","templated":true}]}}