{"id":48795,"date":"2022-06-16T13:21:46","date_gmt":"2022-06-16T10:21:46","guid":{"rendered":"https:\/\/xstyle.md\/?post_type=product&#038;p=48795"},"modified":"2026-03-19T16:48:41","modified_gmt":"2026-03-19T13:48:41","slug":"bryuki-hannah-monety-wmn-blue-quartz","status":"publish","type":"product","link":"https:\/\/xstyle.md\/ro\/produs\/bryuki-hannah-monety-wmn-blue-quartz\/","title":{"rendered":"Colan\u021bi Hannah Monety Wmn blue quartz"},"content":{"rendered":"<\/p>\n<p><strong>Hannah Monety blue quartz<\/strong> \u2013 jambiere atletice pentru femeile c\u0103rora le place s\u0103 alerge, s\u0103 se dea cu rolele sau s\u0103 se ca\u021bere.<\/p>\n<h3>Particularit\u0103\u021bi<\/h3>\n<ul>\n<li>Jambiere u\u0219oare \u0219i respirabile<\/li>\n<li>Permite mi\u0219carea liber\u0103<\/li>\n<li>Buzunar practic cu fermoar \u00een spate<\/li>\n<li>Elemente reflectorizante pentru alerg\u0103ri seara t\u00e2rziu.<\/li>\n<\/ul>\n<h3>Caracteristici<\/h3>\n<ul>\n<li>Material &#8212; 87% poliester, 13% elastan<\/li>\n<li>Sezonul - toate anotimpurile<\/li>\n<li>Aplicare &#8212; drume\u021bii\/sport\/c\u0103\u021b\u0103rare<\/li>\n<li>Model - pentru femei.<\/li>\n<\/ul>\n<h3>Marca<\/h3>\n<p>Hannah este un brand interna\u021bional specializat \u00een articole de c\u0103l\u0103torie \u0219i \u00eembr\u0103c\u0103minte sport pentru fiecare sezon. Marca Hannah a fost fondat\u0103 \u00een Republica Ceh\u0103 \u00een 1991. Compania a ob\u021binut un succes bun pe pia\u021ba intern\u0103 datorit\u0103 politicii sale de \u00eenalt\u0103 calitate \u0219i a pre\u021burilor accesibile pentru fiecare produs.<\/p>\n<p>\u00cenc\u0103 de la \u00eenceput, compania a \u00eenceput s\u0103 fabrice produse \u00een conformitate cu standardele interna\u021bionale, deoarece a realizat pe deplin importan\u021ba unei reputa\u021bii curate. \u00cen acest sens, s-a petrecut mult timp cu selectarea materialelor de calitate, ale c\u0103ror produse puteau fi caracterizate prin rezisten\u021b\u0103 la uzur\u0103 \u0219i durabilitate, iar unele produse erau, de asemenea, impermeabile. Ast\u0103zi, marca nu st\u0103 pe loc, catalogul lor este actualizat \u0219i extins \u00een mod constant, iar produsele pot fi g\u0103site \u00een \u00eentreaga lume.<\/p>\n<p><\/p>","protected":false},"excerpt":{"rendered":"","protected":false},"featured_media":49136,"comment_status":"open","ping_status":"closed","template":"","meta":{"_acf_changed":false,"inline_featured_image":false},"product_brand":[1271],"product_cat":[448],"product_tag":[],"class_list":{"0":"post-48795","1":"product","2":"type-product","3":"status-publish","4":"has-post-thumbnail","6":"product_brand-hannah","7":"product_cat-haine-de-alergare-femei","9":"first","10":"instock","11":"shipping-taxable","12":"purchasable","13":"product-type-simple"},"acf":[],"yoast_head":"<!-- This site is optimized with the Yoast SEO plugin v27.2 - https:\/\/yoast.com\/product\/yoast-seo-wordpress\/ -->\n<title>\u041b\u043e\u0441\u0438\u043d\u044b Hannah Monety Wmn blue quartz - \u041c\u0430\u0433\u0430\u0437\u0438\u043d Xstyle<\/title>\n<meta name=\"description\" content=\"\u041e\u0442\u043a\u0440\u043e\u0439\u0442\u0435 \u0434\u043b\u044f \u0441\u0435\u0431\u044f \u0431\u0440\u044e\u043a\u0438 Hannah Monety Wmn blue quartz \u2014 \u043b\u0435\u0433\u043a\u0438\u0435, \u0434\u044b\u0448\u0430\u0449\u0438\u0435 \u0438 \u0443\u0434\u043e\u0431\u043d\u044b\u0435, \u0438\u0434\u0435\u0430\u043b\u044c\u043d\u043e \u043f\u043e\u0434\u0445\u043e\u0434\u044f\u0442 \u0434\u043b\u044f \u0431\u0435\u0433\u0430 \u0438 \u0430\u043a\u0442\u0438\u0432\u043d\u043e\u0433\u043e \u043e\u0442\u0434\u044b\u0445\u0430!\" \/>\n<meta name=\"robots\" content=\"index, follow, max-snippet:-1, max-image-preview:large, max-video-preview:-1\" \/>\n<link rel=\"canonical\" href=\"https:\/\/xstyle.md\/ro\/produs\/bryuki-hannah-monety-wmn-blue-quartz\/\" \/>\n<meta property=\"og:locale\" content=\"ro_RO\" \/>\n<meta property=\"og:type\" content=\"article\" \/>\n<meta property=\"og:title\" content=\"\u041b\u043e\u0441\u0438\u043d\u044b Hannah Monety Wmn blue quartz - \u041c\u0430\u0433\u0430\u0437\u0438\u043d Xstyle\" \/>\n<meta property=\"og:description\" content=\"\u041e\u0442\u043a\u0440\u043e\u0439\u0442\u0435 \u0434\u043b\u044f \u0441\u0435\u0431\u044f \u0431\u0440\u044e\u043a\u0438 Hannah Monety Wmn blue quartz \u2014 \u043b\u0435\u0433\u043a\u0438\u0435, \u0434\u044b\u0448\u0430\u0449\u0438\u0435 \u0438 \u0443\u0434\u043e\u0431\u043d\u044b\u0435, \u0438\u0434\u0435\u0430\u043b\u044c\u043d\u043e \u043f\u043e\u0434\u0445\u043e\u0434\u044f\u0442 \u0434\u043b\u044f \u0431\u0435\u0433\u0430 \u0438 \u0430\u043a\u0442\u0438\u0432\u043d\u043e\u0433\u043e \u043e\u0442\u0434\u044b\u0445\u0430!\" \/>\n<meta property=\"og:url\" content=\"https:\/\/xstyle.md\/ro\/produs\/bryuki-hannah-monety-wmn-blue-quartz\/\" \/>\n<meta property=\"og:site_name\" content=\"\u041c\u0430\u0433\u0430\u0437\u0438\u043d Xstyle\" \/>\n<meta property=\"article:publisher\" content=\"https:\/\/www.facebook.com\/xstylemd\" \/>\n<meta property=\"article:modified_time\" content=\"2026-03-19T13:48:41+00:00\" \/>\n<meta property=\"og:image\" content=\"https:\/\/xstyle.md\/wp-content\/uploads\/2022\/06\/hannah-monety-wmn-blue-quartz.png\" \/>\n\t<meta property=\"og:image:width\" content=\"789\" \/>\n\t<meta property=\"og:image:height\" content=\"786\" \/>\n\t<meta property=\"og:image:type\" content=\"image\/png\" \/>\n<meta name=\"twitter:card\" content=\"summary_large_image\" \/>\n<meta name=\"twitter:label1\" content=\"Pre\u021b\" \/>\n\t<meta name=\"twitter:data1\" content=\"1.070&nbsp;MDL\" \/>\n\t<meta name=\"twitter:label2\" content=\"Disponibilitate\" \/>\n\t<meta name=\"twitter:data2\" content=\"\u00cen stoc\" \/>\n<script type=\"application\/ld+json\" class=\"yoast-schema-graph\">{\"@context\":\"https:\/\/schema.org\",\"@graph\":[{\"@type\":\"WebPage\",\"@id\":\"https:\/\/xstyle.md\/product\/bryuki-hannah-monety-wmn-blue-quartz\/\",\"url\":\"https:\/\/xstyle.md\/product\/bryuki-hannah-monety-wmn-blue-quartz\/\",\"name\":\"\u041b\u043e\u0441\u0438\u043d\u044b Hannah Monety Wmn blue quartz - \u041c\u0430\u0433\u0430\u0437\u0438\u043d Xstyle\",\"isPartOf\":{\"@id\":\"https:\/\/xstyle.md\/#website\"},\"primaryImageOfPage\":{\"@id\":\"https:\/\/xstyle.md\/product\/bryuki-hannah-monety-wmn-blue-quartz\/#primaryimage\"},\"image\":{\"@id\":\"https:\/\/xstyle.md\/product\/bryuki-hannah-monety-wmn-blue-quartz\/#primaryimage\"},\"thumbnailUrl\":\"https:\/\/xstyle.md\/wp-content\/uploads\/2022\/06\/hannah-monety-wmn-blue-quartz.png\",\"datePublished\":\"2022-06-16T10:21:46+00:00\",\"dateModified\":\"2026-03-19T13:48:41+00:00\",\"description\":\"\u041e\u0442\u043a\u0440\u043e\u0439\u0442\u0435 \u0434\u043b\u044f \u0441\u0435\u0431\u044f \u0431\u0440\u044e\u043a\u0438 Hannah Monety Wmn blue quartz \u2014 \u043b\u0435\u0433\u043a\u0438\u0435, \u0434\u044b\u0448\u0430\u0449\u0438\u0435 \u0438 \u0443\u0434\u043e\u0431\u043d\u044b\u0435, \u0438\u0434\u0435\u0430\u043b\u044c\u043d\u043e \u043f\u043e\u0434\u0445\u043e\u0434\u044f\u0442 \u0434\u043b\u044f \u0431\u0435\u0433\u0430 \u0438 \u0430\u043a\u0442\u0438\u0432\u043d\u043e\u0433\u043e \u043e\u0442\u0434\u044b\u0445\u0430!\",\"breadcrumb\":{\"@id\":\"https:\/\/xstyle.md\/product\/bryuki-hannah-monety-wmn-blue-quartz\/#breadcrumb\"},\"inLanguage\":\"ro-RO\",\"potentialAction\":[{\"@type\":\"ReadAction\",\"target\":[\"https:\/\/xstyle.md\/product\/bryuki-hannah-monety-wmn-blue-quartz\/\"]}]},{\"@type\":\"ImageObject\",\"inLanguage\":\"ro-RO\",\"@id\":\"https:\/\/xstyle.md\/product\/bryuki-hannah-monety-wmn-blue-quartz\/#primaryimage\",\"url\":\"https:\/\/xstyle.md\/wp-content\/uploads\/2022\/06\/hannah-monety-wmn-blue-quartz.png\",\"contentUrl\":\"https:\/\/xstyle.md\/wp-content\/uploads\/2022\/06\/hannah-monety-wmn-blue-quartz.png\",\"width\":789,\"height\":786,\"caption\":\"\u0422\u0435\u043f\u043b\u044b\u0435 \u0436\u0435\u043d\u0441\u043a\u0438\u0435 \u0431\u0440\u044e\u043a\u0438 Hannah Monety Wmn \u0433\u043e\u043b\u0443\u0431\u043e\u0439 \u043a\u0432\u0430\u0440\u0446 \u0434\u043b\u044f \u0430\u043a\u0442\u0438\u0432\u043d\u043e\u0433\u043e \u043e\u0442\u0434\u044b\u0445\u0430 \u043f\u043e\u0445\u043e\u0434\u043e\u0432 \u0430\u043b\u044c\u043f\u0438\u043d\u0438\u0437\u043c\u0430 \u043f\u0443\u0442\u0435\u0448\u0435\u0441\u0442\u0432\u0438\u0439 \u043e\u0434\u0435\u0436\u0434\u0430 \u043e\u0431\u0443\u0432\u044c \u0434\u043b\u044f \u0430\u043a\u0442\u0438\u0432\u043d\u043e\u0439 \u0436\u0438\u0437\u043d\u0438 \u0436\u0435\u043d\u0441\u043a\u0430\u044f \u0441\u043f\u043e\u0440\u0442\u0438\u0432\u043d\u0430\u044f \u043e\u0434\u0435\u0436\u0434\u0430\"},{\"@type\":\"BreadcrumbList\",\"@id\":\"https:\/\/xstyle.md\/product\/bryuki-hannah-monety-wmn-blue-quartz\/#breadcrumb\",\"itemListElement\":[{\"@type\":\"ListItem\",\"position\":1,\"name\":\"\u0413\u043b\u0430\u0432\u043d\u0430\u044f \u0441\u0442\u0440\u0430\u043d\u0438\u0446\u0430\",\"item\":\"https:\/\/xstyle.md\/\"},{\"@type\":\"ListItem\",\"position\":2,\"name\":\"\u041c\u0430\u0433\u0430\u0437\u0438\u043d\",\"item\":\"https:\/\/xstyle.md\/shop\/\"},{\"@type\":\"ListItem\",\"position\":3,\"name\":\"\u041b\u043e\u0441\u0438\u043d\u044b Hannah Monety Wmn blue quartz\"}]},{\"@type\":\"WebSite\",\"@id\":\"https:\/\/xstyle.md\/#website\",\"url\":\"https:\/\/xstyle.md\/\",\"name\":\"\u041c\u0430\u0433\u0430\u0437\u0438\u043d Xstyle\",\"description\":\"C\u043d\u0430\u0440\u044f\u0436\u0435\u043d\u0438\u0435 \u0434\u043b\u044f \u0442\u0443\u0440\u0438\u0437\u043c\u0430 \u0438 \u044d\u043a\u0441\u0442\u0440\u0435\u043c\u0430\u043b\u044c\u043d\u044b\u0445 \u0432\u0438\u0434\u043e\u0432 \u0441\u043f\u043e\u0440\u0442\u0430 \u0432 \u041c\u043e\u043b\u0434\u043e\u0432\u0435.. \u0426\u0435\u043d\u044b, \u0444\u043e\u0442\u043e, \u0445\u0430\u0440\u0430\u043a\u0442\u0435\u0440\u0438\u0441\u0442\u0438\u043a\u0438 \u0432 \u041c\u043e\u043b\u0434\u043e\u0432\u0435.\",\"publisher\":{\"@id\":\"https:\/\/xstyle.md\/#organization\"},\"alternateName\":\"X-Style\",\"potentialAction\":[{\"@type\":\"SearchAction\",\"target\":{\"@type\":\"EntryPoint\",\"urlTemplate\":\"https:\/\/xstyle.md\/?s={search_term_string}\"},\"query-input\":{\"@type\":\"PropertyValueSpecification\",\"valueRequired\":true,\"valueName\":\"search_term_string\"}}],\"inLanguage\":\"ro-RO\"},{\"@type\":\"Organization\",\"@id\":\"https:\/\/xstyle.md\/#organization\",\"name\":\"\u041c\u0430\u0433\u0430\u0437\u0438\u043d Xstyle\",\"alternateName\":\"x-style\",\"url\":\"https:\/\/xstyle.md\/\",\"logo\":{\"@type\":\"ImageObject\",\"inLanguage\":\"ro-RO\",\"@id\":\"https:\/\/xstyle.md\/#\/schema\/logo\/image\/\",\"url\":\"https:\/\/xstyle.md\/wp-content\/uploads\/2020\/06\/logoicon.svg\",\"contentUrl\":\"https:\/\/xstyle.md\/wp-content\/uploads\/2020\/06\/logoicon.svg\",\"caption\":\"\u041c\u0430\u0433\u0430\u0437\u0438\u043d Xstyle\"},\"image\":{\"@id\":\"https:\/\/xstyle.md\/#\/schema\/logo\/image\/\"},\"sameAs\":[\"https:\/\/www.facebook.com\/xstylemd\",\"https:\/\/www.instagram.com\/xstyle_md\/\",\"https:\/\/t.me\/xstyle_outdoor\"],\"hasMerchantReturnPolicy\":{\"@type\":\"MerchantReturnPolicy\",\"merchantReturnLink\":\"https:\/\/xstyle.md\/ro\/conditions\/\"}}]}<\/script>\n<meta property=\"product:price:amount\" content=\"1070.00\" \/>\n<meta property=\"product:price:currency\" content=\"MDL\" \/>\n<meta property=\"og:availability\" content=\"instock\" \/>\n<meta property=\"product:availability\" content=\"instock\" \/>\n<meta property=\"product:retailer_item_id\" content=\"8591203216647\" \/>\n<meta property=\"product:condition\" content=\"new\" \/>\n<!-- \/ Yoast SEO plugin. -->","yoast_head_json":{"title":"\u041b\u043e\u0441\u0438\u043d\u044b Hannah Monety Wmn blue quartz - \u041c\u0430\u0433\u0430\u0437\u0438\u043d Xstyle","description":"Descoperi\u021bi pantalonii Hannah Monety Wmn blue quartz \u2014 u\u0219ori, respirabili \u0219i confortabili, perfecti pentru alergare \u0219i activit\u0103\u021bi \u00een aer liber!","robots":{"index":"index","follow":"follow","max-snippet":"max-snippet:-1","max-image-preview":"max-image-preview:large","max-video-preview":"max-video-preview:-1"},"canonical":"https:\/\/xstyle.md\/ro\/produs\/bryuki-hannah-monety-wmn-blue-quartz\/","og_locale":"ro_RO","og_type":"article","og_title":"\u041b\u043e\u0441\u0438\u043d\u044b Hannah Monety Wmn blue quartz - \u041c\u0430\u0433\u0430\u0437\u0438\u043d Xstyle","og_description":"\u041e\u0442\u043a\u0440\u043e\u0439\u0442\u0435 \u0434\u043b\u044f \u0441\u0435\u0431\u044f \u0431\u0440\u044e\u043a\u0438 Hannah Monety Wmn blue quartz \u2014 \u043b\u0435\u0433\u043a\u0438\u0435, \u0434\u044b\u0448\u0430\u0449\u0438\u0435 \u0438 \u0443\u0434\u043e\u0431\u043d\u044b\u0435, \u0438\u0434\u0435\u0430\u043b\u044c\u043d\u043e \u043f\u043e\u0434\u0445\u043e\u0434\u044f\u0442 \u0434\u043b\u044f \u0431\u0435\u0433\u0430 \u0438 \u0430\u043a\u0442\u0438\u0432\u043d\u043e\u0433\u043e \u043e\u0442\u0434\u044b\u0445\u0430!","og_url":"https:\/\/xstyle.md\/ro\/produs\/bryuki-hannah-monety-wmn-blue-quartz\/","og_site_name":"\u041c\u0430\u0433\u0430\u0437\u0438\u043d Xstyle","article_publisher":"https:\/\/www.facebook.com\/xstylemd","article_modified_time":"2026-03-19T13:48:41+00:00","og_image":[{"width":789,"height":786,"url":"https:\/\/xstyle.md\/wp-content\/uploads\/2022\/06\/hannah-monety-wmn-blue-quartz.png","type":"image\/png"}],"twitter_card":"summary_large_image","twitter_misc":{"Pre\u021b":"1.070&nbsp;MDL","Disponibilitate":"\u00cen stoc"},"schema":{"@context":"https:\/\/schema.org","@graph":[{"@type":"WebPage","@id":"https:\/\/xstyle.md\/product\/bryuki-hannah-monety-wmn-blue-quartz\/","url":"https:\/\/xstyle.md\/product\/bryuki-hannah-monety-wmn-blue-quartz\/","name":"\u041b\u043e\u0441\u0438\u043d\u044b Hannah Monety Wmn blue quartz - \u041c\u0430\u0433\u0430\u0437\u0438\u043d Xstyle","isPartOf":{"@id":"https:\/\/xstyle.md\/#website"},"primaryImageOfPage":{"@id":"https:\/\/xstyle.md\/product\/bryuki-hannah-monety-wmn-blue-quartz\/#primaryimage"},"image":{"@id":"https:\/\/xstyle.md\/product\/bryuki-hannah-monety-wmn-blue-quartz\/#primaryimage"},"thumbnailUrl":"https:\/\/xstyle.md\/wp-content\/uploads\/2022\/06\/hannah-monety-wmn-blue-quartz.png","datePublished":"2022-06-16T10:21:46+00:00","dateModified":"2026-03-19T13:48:41+00:00","description":"Descoperi\u021bi pantalonii Hannah Monety Wmn blue quartz \u2014 u\u0219ori, respirabili \u0219i confortabili, perfecti pentru alergare \u0219i activit\u0103\u021bi \u00een aer liber!","breadcrumb":{"@id":"https:\/\/xstyle.md\/product\/bryuki-hannah-monety-wmn-blue-quartz\/#breadcrumb"},"inLanguage":"ro-RO","potentialAction":[{"@type":"ReadAction","target":["https:\/\/xstyle.md\/product\/bryuki-hannah-monety-wmn-blue-quartz\/"]}]},{"@type":"ImageObject","inLanguage":"ro-RO","@id":"https:\/\/xstyle.md\/product\/bryuki-hannah-monety-wmn-blue-quartz\/#primaryimage","url":"https:\/\/xstyle.md\/wp-content\/uploads\/2022\/06\/hannah-monety-wmn-blue-quartz.png","contentUrl":"https:\/\/xstyle.md\/wp-content\/uploads\/2022\/06\/hannah-monety-wmn-blue-quartz.png","width":789,"height":786,"caption":"\u0422\u0435\u043f\u043b\u044b\u0435 \u0436\u0435\u043d\u0441\u043a\u0438\u0435 \u0431\u0440\u044e\u043a\u0438 Hannah Monety Wmn \u0433\u043e\u043b\u0443\u0431\u043e\u0439 \u043a\u0432\u0430\u0440\u0446 \u0434\u043b\u044f \u0430\u043a\u0442\u0438\u0432\u043d\u043e\u0433\u043e \u043e\u0442\u0434\u044b\u0445\u0430 \u043f\u043e\u0445\u043e\u0434\u043e\u0432 \u0430\u043b\u044c\u043f\u0438\u043d\u0438\u0437\u043c\u0430 \u043f\u0443\u0442\u0435\u0448\u0435\u0441\u0442\u0432\u0438\u0439 \u043e\u0434\u0435\u0436\u0434\u0430 \u043e\u0431\u0443\u0432\u044c \u0434\u043b\u044f \u0430\u043a\u0442\u0438\u0432\u043d\u043e\u0439 \u0436\u0438\u0437\u043d\u0438 \u0436\u0435\u043d\u0441\u043a\u0430\u044f \u0441\u043f\u043e\u0440\u0442\u0438\u0432\u043d\u0430\u044f \u043e\u0434\u0435\u0436\u0434\u0430"},{"@type":"BreadcrumbList","@id":"https:\/\/xstyle.md\/product\/bryuki-hannah-monety-wmn-blue-quartz\/#breadcrumb","itemListElement":[{"@type":"ListItem","position":1,"name":"\u0413\u043b\u0430\u0432\u043d\u0430\u044f \u0441\u0442\u0440\u0430\u043d\u0438\u0446\u0430","item":"https:\/\/xstyle.md\/"},{"@type":"ListItem","position":2,"name":"\u041c\u0430\u0433\u0430\u0437\u0438\u043d","item":"https:\/\/xstyle.md\/shop\/"},{"@type":"ListItem","position":3,"name":"\u041b\u043e\u0441\u0438\u043d\u044b Hannah Monety Wmn blue quartz"}]},{"@type":"WebSite","@id":"https:\/\/xstyle.md\/#website","url":"https:\/\/xstyle.md\/","name":"Magazinul X-Style","description":"Echipamente pentru turism \u0219i sporturi extreme \u00een Moldova. Pre\u021buri, fotografii, caracteristici \u00een Moldova.","publisher":{"@id":"https:\/\/xstyle.md\/#organization"},"alternateName":"X-Style","potentialAction":[{"@type":"SearchAction","target":{"@type":"EntryPoint","urlTemplate":"https:\/\/xstyle.md\/?s={search_term_string}"},"query-input":{"@type":"PropertyValueSpecification","valueRequired":true,"valueName":"search_term_string"}}],"inLanguage":"ro-RO"},{"@type":"Organization","@id":"https:\/\/xstyle.md\/#organization","name":"Magazinul X-Style","alternateName":"x-style","url":"https:\/\/xstyle.md\/","logo":{"@type":"ImageObject","inLanguage":"ro-RO","@id":"https:\/\/xstyle.md\/#\/schema\/logo\/image\/","url":"https:\/\/xstyle.md\/wp-content\/uploads\/2020\/06\/logoicon.svg","contentUrl":"https:\/\/xstyle.md\/wp-content\/uploads\/2020\/06\/logoicon.svg","caption":"\u041c\u0430\u0433\u0430\u0437\u0438\u043d Xstyle"},"image":{"@id":"https:\/\/xstyle.md\/#\/schema\/logo\/image\/"},"sameAs":["https:\/\/www.facebook.com\/xstylemd","https:\/\/www.instagram.com\/xstyle_md\/","https:\/\/t.me\/xstyle_outdoor"],"hasMerchantReturnPolicy":{"@type":"MerchantReturnPolicy","merchantReturnLink":"https:\/\/xstyle.md\/ro\/conditions\/"}}]},"product_price_amount":"1070.00","product_price_currency":"MDL","og_availability":"instock","product_availability":"instock","product_retailer_item_id":"8591203216647","product_condition":"new"},"post_mailing_queue_ids":[],"_links":{"self":[{"href":"https:\/\/xstyle.md\/ro\/wp-json\/wp\/v2\/product\/48795","targetHints":{"allow":["GET"]}}],"collection":[{"href":"https:\/\/xstyle.md\/ro\/wp-json\/wp\/v2\/product"}],"about":[{"href":"https:\/\/xstyle.md\/ro\/wp-json\/wp\/v2\/types\/product"}],"replies":[{"embeddable":true,"href":"https:\/\/xstyle.md\/ro\/wp-json\/wp\/v2\/comments?post=48795"}],"wp:featuredmedia":[{"embeddable":true,"href":"https:\/\/xstyle.md\/ro\/wp-json\/wp\/v2\/media\/49136"}],"wp:attachment":[{"href":"https:\/\/xstyle.md\/ro\/wp-json\/wp\/v2\/media?parent=48795"}],"wp:term":[{"taxonomy":"product_brand","embeddable":true,"href":"https:\/\/xstyle.md\/ro\/wp-json\/wp\/v2\/product_brand?post=48795"},{"taxonomy":"product_cat","embeddable":true,"href":"https:\/\/xstyle.md\/ro\/wp-json\/wp\/v2\/product_cat?post=48795"},{"taxonomy":"product_tag","embeddable":true,"href":"https:\/\/xstyle.md\/ro\/wp-json\/wp\/v2\/product_tag?post=48795"}],"curies":[{"name":"wp","href":"https:\/\/api.w.org\/{rel}","templated":true}]}}