{"id":48786,"date":"2022-06-16T13:13:14","date_gmt":"2022-06-16T10:13:14","guid":{"rendered":"https:\/\/xstyle.md\/?post_type=product&#038;p=48786"},"modified":"2024-11-24T01:56:42","modified_gmt":"2024-11-23T22:56:42","slug":"fonar-fenix-uc35-v2-0-led","status":"publish","type":"product","link":"https:\/\/xstyle.md\/ro\/produs\/fonar-fenix-uc35-v2-0-led\/","title":{"rendered":"Lantern\u0103 Fenix UC35 V2.0 LED"},"content":{"rendered":"<\/p>\n<p><strong>Fenix UC35 V2.0 LED<\/strong> &#8212; o\u00a0lantern\u0103 compact\u0103 \u0219i versatil\u0103, care poate fi utilizat\u0103 at\u00e2t la v\u00e2n\u0103toare \u0219i pescuit, c\u00e2t \u0219i pentru uzul zilnic. Aceast\u0103 lantern\u0103 a primit unul dintre cele mai moderne LED-uri de marc\u0103 Cree (Cree XP-L HI V3), care la r\u00e2ndul s\u0103u combin\u0103 performan\u021ba excelent\u0103 de iluminare \u0219i consumul redus de energie. Acest lucru are un efect pozitiv asupra duratei de func\u021bionare a lanternei de la o singur\u0103 \u00eenc\u0103rcare, permi\u021b\u00e2ndu-i s\u0103 lucreze p\u00e2n\u0103 la 800 de ore \u00een modul Eco.<\/p>\n<p>Raza de ac\u021biune a fasciculului de lumin\u0103 emis poate ajunge la 266 de metri, iar luminozitatea fluxului luminos poate ajunge p\u00e2n\u0103 la 1.000 de lumeni. Astfel de indicatori au fost ob\u021binu\u021bi nu numai prin utilizarea celor mai noi LED-uri, ci \u0219i prin instalarea unui reflector special cu o suprafa\u021b\u0103 neted\u0103.<\/p>\n<p>Corpul lanternei Fenix UC35 V2.0 este fabricat din aluminiu aeronautic anodizat HA III. Datorit\u0103 acestui fapt, suprafa\u021ba carcasei este rezistent\u0103 la zg\u00e2rieturi, iar &#171;umplutura&#187; intern\u0103 este protejat\u0103 \u00een mod fiabil de influen\u021bele externe. Inclusiv de umezeal\u0103, deoarece rezisten\u021ba la praf \u0219i la ap\u0103 a lanternei Fenix UC35 V2.0 respect\u0103 standardul interna\u021bional IP68, care asigur\u0103 imersiunea complet\u0103 \u00een ap\u0103 la o ad\u00e2ncime de p\u00e2n\u0103 la doi metri \u0219i func\u021bionarea f\u0103r\u0103 probleme \u00een astfel de condi\u021bii.<\/p>\n<h3>Particularit\u0103\u021bi<\/h3>\n<ul>\n<li>LED Cree XP-L HI V3 cu o durat\u0103 de func\u021bionare garantat\u0103 de 50.000 de ore<\/li>\n<li>Lentila este fabricat\u0103 din sticl\u0103 mineral\u0103 c\u0103lit\u0103<\/li>\n<li>Exist\u0103 un stabilizator digital de curent<\/li>\n<li>Num\u0103rul de moduri de func\u021bionare &#8212; 6<\/li>\n<li>Elemente de control &#8212; dou\u0103 butoane (l\u00e2ng\u0103 &#171;cap&#187; \u0219i \u00een partea final\u0103 a carcasei)<\/li>\n<li>Modelul Fenix UC35 V2.0 are o func\u021bie de &#171;memorie&#187;<\/li>\n<li>Exist\u0103 o protec\u021bie \u00eempotriva supra\u00eenc\u0103lzirii<\/li>\n<li>Lanterna este capabil\u0103 s\u0103 func\u021bioneze cu o baterie 18650 litiu-ion, dou\u0103 baterii CR123A sau o pereche de baterii 16340 LiFePO4;<\/li>\n<li>Protec\u021bie \u00eempotriva invers\u0103rii polarit\u0103\u021bii<\/li>\n<li>Exist\u0103 un indicator al nivelului de \u00eenc\u0103rcare<\/li>\n<li>Fenix UC35 V2.0 are un port USB pentru \u00eenc\u0103rcarea bateriei instalate.<\/li>\n<li>Corpul este fabricat din aluminiu anodizat HA III<\/li>\n<li>Lanterna poate rezista la o c\u0103dere de la o \u00een\u0103l\u021bime de p\u00e2n\u0103 la 1 metru.<\/li>\n<li>UC35 V2.0 este protejat\u0103 \u00eempotriva umezelii \u0219i a prafului \u00een conformitate cu standardul IP68.<\/li>\n<\/ul>\n<h3>Caracteristici<\/h3>\n<ul>\n<li>Tip de alimentare &#8212; 18650, 2 x CR123A<\/li>\n<li>Putere &#8212; p\u00e2n\u0103 la 2000 lm<\/li>\n<li>Flux luminos &#8212; 1000 lm<\/li>\n<li>Raza de ac\u021biune a fasciculului &#8212; 266 m<\/li>\n<li>\u00cenc\u0103rcare &#8212; Micro-USB<\/li>\n<li>Timp maxim de func\u021bionare &#8212; 800 de ore<\/li>\n<li>Rezistent la ap\u0103 &#8212; IP68<\/li>\n<li>Material &#8212; aluminiu pentru aeronave<\/li>\n<li>Dimensiuni &#8212; 140&#215;23,5&#215;25,4 mm<\/li>\n<li>Greutate &#8212; 99 g.<\/li>\n<\/ul>\n<p><\/p>","protected":false},"excerpt":{"rendered":"","protected":false},"featured_media":49673,"comment_status":"open","ping_status":"closed","template":"","meta":{"_acf_changed":false,"inline_featured_image":false},"product_brand":[1351],"product_cat":[462],"product_tag":[],"class_list":{"0":"post-48786","1":"product","2":"type-product","3":"status-publish","4":"has-post-thumbnail","6":"product_brand-fenix","7":"product_cat-lumini-de-mana","9":"first","10":"instock","11":"shipping-taxable","12":"purchasable","13":"product-type-simple"},"acf":[],"yoast_head":"<!-- This site is optimized with the Yoast SEO plugin v27.2 - https:\/\/yoast.com\/product\/yoast-seo-wordpress\/ -->\n<title>\u0424\u043e\u043d\u0430\u0440\u044c Fenix UC35 V2.0 LED - \u041c\u0430\u0433\u0430\u0437\u0438\u043d Xstyle<\/title>\n<meta name=\"description\" content=\"\u0424\u043e\u043d\u0430\u0440\u044c Fenix UC35 V2.0 LED: \u043c\u043e\u0449\u043d\u044b\u0439, \u0432\u043e\u0434\u043e\u043d\u0435\u043f\u0440\u043e\u043d\u0438\u0446\u0430\u0435\u043c\u044b\u0439 (IP68), \u0434\u043e 1000 \u041b\u043c. \u041e\u0441\u043d\u0430\u0449\u0435\u043d USB-\u0437\u0430\u0440\u044f\u0434\u043a\u043e\u0439, \u043c\u043d\u043e\u0436\u0435\u0441\u0442\u0432\u043e\u043c \u0440\u0435\u0436\u0438\u043c\u043e\u0432. \u0418\u0434\u0435\u0430\u043b\u0435\u043d \u0434\u043b\u044f \u0430\u043a\u0442\u0438\u0432\u043d\u044b\u0445 \u043f\u0440\u0438\u043a\u043b\u044e\u0447\u0435\u043d\u0438\u0439!\" \/>\n<meta name=\"robots\" content=\"index, follow, max-snippet:-1, max-image-preview:large, max-video-preview:-1\" \/>\n<link rel=\"canonical\" href=\"https:\/\/xstyle.md\/ro\/produs\/fonar-fenix-uc35-v2-0-led\/\" \/>\n<meta property=\"og:locale\" content=\"ro_RO\" \/>\n<meta property=\"og:type\" content=\"article\" \/>\n<meta property=\"og:title\" content=\"\u0424\u043e\u043d\u0430\u0440\u044c Fenix UC35 V2.0 LED - \u041c\u0430\u0433\u0430\u0437\u0438\u043d Xstyle\" \/>\n<meta property=\"og:description\" content=\"\u0424\u043e\u043d\u0430\u0440\u044c Fenix UC35 V2.0 LED: \u043c\u043e\u0449\u043d\u044b\u0439, \u0432\u043e\u0434\u043e\u043d\u0435\u043f\u0440\u043e\u043d\u0438\u0446\u0430\u0435\u043c\u044b\u0439 (IP68), \u0434\u043e 1000 \u041b\u043c. \u041e\u0441\u043d\u0430\u0449\u0435\u043d USB-\u0437\u0430\u0440\u044f\u0434\u043a\u043e\u0439, \u043c\u043d\u043e\u0436\u0435\u0441\u0442\u0432\u043e\u043c \u0440\u0435\u0436\u0438\u043c\u043e\u0432. \u0418\u0434\u0435\u0430\u043b\u0435\u043d \u0434\u043b\u044f \u0430\u043a\u0442\u0438\u0432\u043d\u044b\u0445 \u043f\u0440\u0438\u043a\u043b\u044e\u0447\u0435\u043d\u0438\u0439!\" \/>\n<meta property=\"og:url\" content=\"https:\/\/xstyle.md\/ro\/produs\/fonar-fenix-uc35-v2-0-led\/\" \/>\n<meta property=\"og:site_name\" content=\"\u041c\u0430\u0433\u0430\u0437\u0438\u043d Xstyle\" \/>\n<meta property=\"article:publisher\" content=\"https:\/\/www.facebook.com\/xstylemd\" \/>\n<meta property=\"article:modified_time\" content=\"2024-11-23T22:56:42+00:00\" \/>\n<meta property=\"og:image\" content=\"https:\/\/xstyle.md\/wp-content\/uploads\/2022\/06\/fenix-uc35-v2.0-led.jpg\" \/>\n\t<meta property=\"og:image:width\" content=\"970\" \/>\n\t<meta property=\"og:image:height\" content=\"970\" \/>\n\t<meta property=\"og:image:type\" content=\"image\/jpeg\" \/>\n<meta name=\"twitter:card\" content=\"summary_large_image\" \/>\n<meta name=\"twitter:label1\" content=\"Pre\u021b\" \/>\n\t<meta name=\"twitter:data1\" content=\"2.190&nbsp;MDL\" \/>\n\t<meta name=\"twitter:label2\" content=\"Disponibilitate\" \/>\n\t<meta name=\"twitter:data2\" content=\"\u00cen stoc\" \/>\n<script type=\"application\/ld+json\" class=\"yoast-schema-graph\">{\"@context\":\"https:\/\/schema.org\",\"@graph\":[{\"@type\":\"WebPage\",\"@id\":\"https:\/\/xstyle.md\/product\/fonar-fenix-uc35-v2-0-led\/\",\"url\":\"https:\/\/xstyle.md\/product\/fonar-fenix-uc35-v2-0-led\/\",\"name\":\"\u0424\u043e\u043d\u0430\u0440\u044c Fenix UC35 V2.0 LED - \u041c\u0430\u0433\u0430\u0437\u0438\u043d Xstyle\",\"isPartOf\":{\"@id\":\"https:\/\/xstyle.md\/#website\"},\"primaryImageOfPage\":{\"@id\":\"https:\/\/xstyle.md\/product\/fonar-fenix-uc35-v2-0-led\/#primaryimage\"},\"image\":{\"@id\":\"https:\/\/xstyle.md\/product\/fonar-fenix-uc35-v2-0-led\/#primaryimage\"},\"thumbnailUrl\":\"https:\/\/xstyle.md\/wp-content\/uploads\/2022\/06\/fenix-uc35-v2.0-led.jpg\",\"datePublished\":\"2022-06-16T10:13:14+00:00\",\"dateModified\":\"2024-11-23T22:56:42+00:00\",\"description\":\"\u0424\u043e\u043d\u0430\u0440\u044c Fenix UC35 V2.0 LED: \u043c\u043e\u0449\u043d\u044b\u0439, \u0432\u043e\u0434\u043e\u043d\u0435\u043f\u0440\u043e\u043d\u0438\u0446\u0430\u0435\u043c\u044b\u0439 (IP68), \u0434\u043e 1000 \u041b\u043c. \u041e\u0441\u043d\u0430\u0449\u0435\u043d USB-\u0437\u0430\u0440\u044f\u0434\u043a\u043e\u0439, \u043c\u043d\u043e\u0436\u0435\u0441\u0442\u0432\u043e\u043c \u0440\u0435\u0436\u0438\u043c\u043e\u0432. \u0418\u0434\u0435\u0430\u043b\u0435\u043d \u0434\u043b\u044f \u0430\u043a\u0442\u0438\u0432\u043d\u044b\u0445 \u043f\u0440\u0438\u043a\u043b\u044e\u0447\u0435\u043d\u0438\u0439!\",\"breadcrumb\":{\"@id\":\"https:\/\/xstyle.md\/product\/fonar-fenix-uc35-v2-0-led\/#breadcrumb\"},\"inLanguage\":\"ro-RO\",\"potentialAction\":[{\"@type\":\"ReadAction\",\"target\":[\"https:\/\/xstyle.md\/product\/fonar-fenix-uc35-v2-0-led\/\"]}]},{\"@type\":\"ImageObject\",\"inLanguage\":\"ro-RO\",\"@id\":\"https:\/\/xstyle.md\/product\/fonar-fenix-uc35-v2-0-led\/#primaryimage\",\"url\":\"https:\/\/xstyle.md\/wp-content\/uploads\/2022\/06\/fenix-uc35-v2.0-led.jpg\",\"contentUrl\":\"https:\/\/xstyle.md\/wp-content\/uploads\/2022\/06\/fenix-uc35-v2.0-led.jpg\",\"width\":970,\"height\":970,\"caption\":\"\u041b\u0435\u0434 flashlight Fenix UC35 V2.0 \u0434\u043b\u044f \u0430\u043a\u0442\u0438\u0432\u043d\u043e\u0433\u043e \u043e\u0442\u0434\u044b\u0445\u0430 \u043f\u043e\u0445\u043e\u0434\u043e\u0432 \u0442\u0443\u0440\u0438\u0437\u043c\u0430 \u0438 \u043f\u0443\u0442\u0435\u0448\u0435\u0441\u0442\u0432\u0438\u0439 \u043f\u043e\u0434\u0445\u043e\u0434\u0438\u0442 \u0434\u043b\u044f \u0441\u043f\u043e\u0440\u0442\u0438\u0432\u043d\u043e\u0439 \u043e\u0434\u0435\u0436\u0434\u044b \u0438 \u043e\u0431\u0443\u0432\u0438 \u043e\u043d\u043b\u0430\u0439\u043d \u043c\u0430\u0433\u0430\u0437\u0438\u043d \u0442\u043e\u0432\u0430\u0440\u043e\u0432 \u0434\u043b\u044f \u0430\u043a\u0442\u0438\u0432\u043d\u043e\u0439 \u0436\u0438\u0437\u043d\u0438\"},{\"@type\":\"BreadcrumbList\",\"@id\":\"https:\/\/xstyle.md\/product\/fonar-fenix-uc35-v2-0-led\/#breadcrumb\",\"itemListElement\":[{\"@type\":\"ListItem\",\"position\":1,\"name\":\"\u0413\u043b\u0430\u0432\u043d\u0430\u044f \u0441\u0442\u0440\u0430\u043d\u0438\u0446\u0430\",\"item\":\"https:\/\/xstyle.md\/\"},{\"@type\":\"ListItem\",\"position\":2,\"name\":\"\u041c\u0430\u0433\u0430\u0437\u0438\u043d\",\"item\":\"https:\/\/xstyle.md\/shop\/\"},{\"@type\":\"ListItem\",\"position\":3,\"name\":\"\u0424\u043e\u043d\u0430\u0440\u044c Fenix UC35 V2.0 LED\"}]},{\"@type\":\"WebSite\",\"@id\":\"https:\/\/xstyle.md\/#website\",\"url\":\"https:\/\/xstyle.md\/\",\"name\":\"\u041c\u0430\u0433\u0430\u0437\u0438\u043d Xstyle\",\"description\":\"C\u043d\u0430\u0440\u044f\u0436\u0435\u043d\u0438\u0435 \u0434\u043b\u044f \u0442\u0443\u0440\u0438\u0437\u043c\u0430 \u0438 \u044d\u043a\u0441\u0442\u0440\u0435\u043c\u0430\u043b\u044c\u043d\u044b\u0445 \u0432\u0438\u0434\u043e\u0432 \u0441\u043f\u043e\u0440\u0442\u0430 \u0432 \u041c\u043e\u043b\u0434\u043e\u0432\u0435.. \u0426\u0435\u043d\u044b, \u0444\u043e\u0442\u043e, \u0445\u0430\u0440\u0430\u043a\u0442\u0435\u0440\u0438\u0441\u0442\u0438\u043a\u0438 \u0432 \u041c\u043e\u043b\u0434\u043e\u0432\u0435.\",\"publisher\":{\"@id\":\"https:\/\/xstyle.md\/#organization\"},\"alternateName\":\"X-Style\",\"potentialAction\":[{\"@type\":\"SearchAction\",\"target\":{\"@type\":\"EntryPoint\",\"urlTemplate\":\"https:\/\/xstyle.md\/?s={search_term_string}\"},\"query-input\":{\"@type\":\"PropertyValueSpecification\",\"valueRequired\":true,\"valueName\":\"search_term_string\"}}],\"inLanguage\":\"ro-RO\"},{\"@type\":\"Organization\",\"@id\":\"https:\/\/xstyle.md\/#organization\",\"name\":\"\u041c\u0430\u0433\u0430\u0437\u0438\u043d Xstyle\",\"alternateName\":\"x-style\",\"url\":\"https:\/\/xstyle.md\/\",\"logo\":{\"@type\":\"ImageObject\",\"inLanguage\":\"ro-RO\",\"@id\":\"https:\/\/xstyle.md\/#\/schema\/logo\/image\/\",\"url\":\"https:\/\/xstyle.md\/wp-content\/uploads\/2020\/06\/logoicon.svg\",\"contentUrl\":\"https:\/\/xstyle.md\/wp-content\/uploads\/2020\/06\/logoicon.svg\",\"caption\":\"\u041c\u0430\u0433\u0430\u0437\u0438\u043d Xstyle\"},\"image\":{\"@id\":\"https:\/\/xstyle.md\/#\/schema\/logo\/image\/\"},\"sameAs\":[\"https:\/\/www.facebook.com\/xstylemd\",\"https:\/\/www.instagram.com\/xstyle_md\/\",\"https:\/\/t.me\/xstyle_outdoor\"],\"hasMerchantReturnPolicy\":{\"@type\":\"MerchantReturnPolicy\",\"merchantReturnLink\":\"https:\/\/xstyle.md\/ro\/conditions\/\"}}]}<\/script>\n<meta property=\"product:price:amount\" content=\"2190.00\" \/>\n<meta property=\"product:price:currency\" content=\"MDL\" \/>\n<meta property=\"og:availability\" content=\"instock\" \/>\n<meta property=\"product:availability\" content=\"instock\" \/>\n<meta property=\"product:retailer_item_id\" content=\"6942870305875\" \/>\n<meta property=\"product:condition\" content=\"new\" \/>\n<!-- \/ Yoast SEO plugin. -->","yoast_head_json":{"title":"Lantern\u0103 Fenix UC35 V2.0 LED - Magazin Xstyle","description":"Lanterna Fenix UC35 V2.0 LED: puternic\u0103, rezistent\u0103 la ap\u0103 (IP68), p\u00e2n\u0103 la 1000 Lm. Echipat\u0103 cu \u00eenc\u0103rcare USB, multiple moduri. Ideal\u0103 pentru aventuri active!","robots":{"index":"index","follow":"follow","max-snippet":"max-snippet:-1","max-image-preview":"max-image-preview:large","max-video-preview":"max-video-preview:-1"},"canonical":"https:\/\/xstyle.md\/ro\/produs\/fonar-fenix-uc35-v2-0-led\/","og_locale":"ro_RO","og_type":"article","og_title":"\u0424\u043e\u043d\u0430\u0440\u044c Fenix UC35 V2.0 LED - \u041c\u0430\u0433\u0430\u0437\u0438\u043d Xstyle","og_description":"\u0424\u043e\u043d\u0430\u0440\u044c Fenix UC35 V2.0 LED: \u043c\u043e\u0449\u043d\u044b\u0439, \u0432\u043e\u0434\u043e\u043d\u0435\u043f\u0440\u043e\u043d\u0438\u0446\u0430\u0435\u043c\u044b\u0439 (IP68), \u0434\u043e 1000 \u041b\u043c. \u041e\u0441\u043d\u0430\u0449\u0435\u043d USB-\u0437\u0430\u0440\u044f\u0434\u043a\u043e\u0439, \u043c\u043d\u043e\u0436\u0435\u0441\u0442\u0432\u043e\u043c \u0440\u0435\u0436\u0438\u043c\u043e\u0432. \u0418\u0434\u0435\u0430\u043b\u0435\u043d \u0434\u043b\u044f \u0430\u043a\u0442\u0438\u0432\u043d\u044b\u0445 \u043f\u0440\u0438\u043a\u043b\u044e\u0447\u0435\u043d\u0438\u0439!","og_url":"https:\/\/xstyle.md\/ro\/produs\/fonar-fenix-uc35-v2-0-led\/","og_site_name":"\u041c\u0430\u0433\u0430\u0437\u0438\u043d Xstyle","article_publisher":"https:\/\/www.facebook.com\/xstylemd","article_modified_time":"2024-11-23T22:56:42+00:00","og_image":[{"width":970,"height":970,"url":"https:\/\/xstyle.md\/wp-content\/uploads\/2022\/06\/fenix-uc35-v2.0-led.jpg","type":"image\/jpeg"}],"twitter_card":"summary_large_image","twitter_misc":{"Pre\u021b":"2.190&nbsp;MDL","Disponibilitate":"\u00cen stoc"},"schema":{"@context":"https:\/\/schema.org","@graph":[{"@type":"WebPage","@id":"https:\/\/xstyle.md\/product\/fonar-fenix-uc35-v2-0-led\/","url":"https:\/\/xstyle.md\/product\/fonar-fenix-uc35-v2-0-led\/","name":"Lantern\u0103 Fenix UC35 V2.0 LED - Magazin Xstyle","isPartOf":{"@id":"https:\/\/xstyle.md\/#website"},"primaryImageOfPage":{"@id":"https:\/\/xstyle.md\/product\/fonar-fenix-uc35-v2-0-led\/#primaryimage"},"image":{"@id":"https:\/\/xstyle.md\/product\/fonar-fenix-uc35-v2-0-led\/#primaryimage"},"thumbnailUrl":"https:\/\/xstyle.md\/wp-content\/uploads\/2022\/06\/fenix-uc35-v2.0-led.jpg","datePublished":"2022-06-16T10:13:14+00:00","dateModified":"2024-11-23T22:56:42+00:00","description":"Lanterna Fenix UC35 V2.0 LED: puternic\u0103, rezistent\u0103 la ap\u0103 (IP68), p\u00e2n\u0103 la 1000 Lm. Echipat\u0103 cu \u00eenc\u0103rcare USB, multiple moduri. Ideal\u0103 pentru aventuri active!","breadcrumb":{"@id":"https:\/\/xstyle.md\/product\/fonar-fenix-uc35-v2-0-led\/#breadcrumb"},"inLanguage":"ro-RO","potentialAction":[{"@type":"ReadAction","target":["https:\/\/xstyle.md\/product\/fonar-fenix-uc35-v2-0-led\/"]}]},{"@type":"ImageObject","inLanguage":"ro-RO","@id":"https:\/\/xstyle.md\/product\/fonar-fenix-uc35-v2-0-led\/#primaryimage","url":"https:\/\/xstyle.md\/wp-content\/uploads\/2022\/06\/fenix-uc35-v2.0-led.jpg","contentUrl":"https:\/\/xstyle.md\/wp-content\/uploads\/2022\/06\/fenix-uc35-v2.0-led.jpg","width":970,"height":970,"caption":"\u041b\u0435\u0434 flashlight Fenix UC35 V2.0 \u0434\u043b\u044f \u0430\u043a\u0442\u0438\u0432\u043d\u043e\u0433\u043e \u043e\u0442\u0434\u044b\u0445\u0430 \u043f\u043e\u0445\u043e\u0434\u043e\u0432 \u0442\u0443\u0440\u0438\u0437\u043c\u0430 \u0438 \u043f\u0443\u0442\u0435\u0448\u0435\u0441\u0442\u0432\u0438\u0439 \u043f\u043e\u0434\u0445\u043e\u0434\u0438\u0442 \u0434\u043b\u044f \u0441\u043f\u043e\u0440\u0442\u0438\u0432\u043d\u043e\u0439 \u043e\u0434\u0435\u0436\u0434\u044b \u0438 \u043e\u0431\u0443\u0432\u0438 \u043e\u043d\u043b\u0430\u0439\u043d \u043c\u0430\u0433\u0430\u0437\u0438\u043d \u0442\u043e\u0432\u0430\u0440\u043e\u0432 \u0434\u043b\u044f \u0430\u043a\u0442\u0438\u0432\u043d\u043e\u0439 \u0436\u0438\u0437\u043d\u0438"},{"@type":"BreadcrumbList","@id":"https:\/\/xstyle.md\/product\/fonar-fenix-uc35-v2-0-led\/#breadcrumb","itemListElement":[{"@type":"ListItem","position":1,"name":"\u0413\u043b\u0430\u0432\u043d\u0430\u044f \u0441\u0442\u0440\u0430\u043d\u0438\u0446\u0430","item":"https:\/\/xstyle.md\/"},{"@type":"ListItem","position":2,"name":"\u041c\u0430\u0433\u0430\u0437\u0438\u043d","item":"https:\/\/xstyle.md\/shop\/"},{"@type":"ListItem","position":3,"name":"\u0424\u043e\u043d\u0430\u0440\u044c Fenix UC35 V2.0 LED"}]},{"@type":"WebSite","@id":"https:\/\/xstyle.md\/#website","url":"https:\/\/xstyle.md\/","name":"Magazinul X-Style","description":"Echipamente pentru turism \u0219i sporturi extreme \u00een Moldova. Pre\u021buri, fotografii, caracteristici \u00een Moldova.","publisher":{"@id":"https:\/\/xstyle.md\/#organization"},"alternateName":"X-Style","potentialAction":[{"@type":"SearchAction","target":{"@type":"EntryPoint","urlTemplate":"https:\/\/xstyle.md\/?s={search_term_string}"},"query-input":{"@type":"PropertyValueSpecification","valueRequired":true,"valueName":"search_term_string"}}],"inLanguage":"ro-RO"},{"@type":"Organization","@id":"https:\/\/xstyle.md\/#organization","name":"Magazinul X-Style","alternateName":"x-style","url":"https:\/\/xstyle.md\/","logo":{"@type":"ImageObject","inLanguage":"ro-RO","@id":"https:\/\/xstyle.md\/#\/schema\/logo\/image\/","url":"https:\/\/xstyle.md\/wp-content\/uploads\/2020\/06\/logoicon.svg","contentUrl":"https:\/\/xstyle.md\/wp-content\/uploads\/2020\/06\/logoicon.svg","caption":"\u041c\u0430\u0433\u0430\u0437\u0438\u043d Xstyle"},"image":{"@id":"https:\/\/xstyle.md\/#\/schema\/logo\/image\/"},"sameAs":["https:\/\/www.facebook.com\/xstylemd","https:\/\/www.instagram.com\/xstyle_md\/","https:\/\/t.me\/xstyle_outdoor"],"hasMerchantReturnPolicy":{"@type":"MerchantReturnPolicy","merchantReturnLink":"https:\/\/xstyle.md\/ro\/conditions\/"}}]},"product_price_amount":"2190.00","product_price_currency":"MDL","og_availability":"instock","product_availability":"instock","product_retailer_item_id":"6942870305875","product_condition":"new"},"post_mailing_queue_ids":[],"_links":{"self":[{"href":"https:\/\/xstyle.md\/ro\/wp-json\/wp\/v2\/product\/48786","targetHints":{"allow":["GET"]}}],"collection":[{"href":"https:\/\/xstyle.md\/ro\/wp-json\/wp\/v2\/product"}],"about":[{"href":"https:\/\/xstyle.md\/ro\/wp-json\/wp\/v2\/types\/product"}],"replies":[{"embeddable":true,"href":"https:\/\/xstyle.md\/ro\/wp-json\/wp\/v2\/comments?post=48786"}],"wp:featuredmedia":[{"embeddable":true,"href":"https:\/\/xstyle.md\/ro\/wp-json\/wp\/v2\/media\/49673"}],"wp:attachment":[{"href":"https:\/\/xstyle.md\/ro\/wp-json\/wp\/v2\/media?parent=48786"}],"wp:term":[{"taxonomy":"product_brand","embeddable":true,"href":"https:\/\/xstyle.md\/ro\/wp-json\/wp\/v2\/product_brand?post=48786"},{"taxonomy":"product_cat","embeddable":true,"href":"https:\/\/xstyle.md\/ro\/wp-json\/wp\/v2\/product_cat?post=48786"},{"taxonomy":"product_tag","embeddable":true,"href":"https:\/\/xstyle.md\/ro\/wp-json\/wp\/v2\/product_tag?post=48786"}],"curies":[{"name":"wp","href":"https:\/\/api.w.org\/{rel}","templated":true}]}}