{"id":48779,"date":"2022-06-16T13:13:13","date_gmt":"2022-06-16T10:13:13","guid":{"rendered":"https:\/\/xstyle.md\/?post_type=product&#038;p=48779"},"modified":"2026-02-25T13:40:52","modified_gmt":"2026-02-25T10:40:52","slug":"fonar-fenix-ld32-uvc-led","status":"publish","type":"product","link":"https:\/\/xstyle.md\/ro\/produs\/fonar-fenix-ld32-uvc-led\/","title":{"rendered":"Lantern\u0103 Fenix LD32 UVC LED"},"content":{"rendered":"<\/p>\n<p><strong>Fenix LD32 UVC LED<\/strong> &#8212; lumina UV, poate fi utilizat \u0219i cu un LED conven\u021bional ca versiune pentru exterior. Aceast\u0103 lantern\u0103 multifunc\u021bional\u0103 func\u021bioneaz\u0103 cu o singur\u0103 baterie 18650 litiu-ion \u0219i ofer\u0103 lumin\u0103 cu cea mai mare luminozitate de 1200 de lumeni. \u00cen acela\u0219i timp, distan\u021ba fasciculului este de 170 de metri. Comutatorul rotund v\u0103 permite s\u0103 selecta\u021bi rapid nivelul de luminozitate dorit. Butoanele laterale sunt folosite pentru a activa lumina UV.<\/p>\n<p>Felinarul se caracterizeaz\u0103 prin dimensiunile sale compacte, este comod de transportat \u0219i este potrivit pentru iluminatul \u00een aer liber \u0219i decontaminarea pe distan\u021be scurte.<\/p>\n<p>Lumina este furnizat\u0103 de dou\u0103 diode: un LED UV LITEON; UVC 10 mW pentru dezinfec\u021bie \u0219i o lumin\u0103 alb\u0103 Cree XHP 35 HI, cu o durat\u0103 de via\u021b\u0103 de 50.000 de ore. O baterie re\u00eenc\u0103rcabil\u0103 ARB-L18-3400U 18650 litiu-ion este furnizat\u0103 \u00een kit. Se pot utiliza dou\u0103 baterii cu litiu CR123A. Alte caracteristici includ un capac de protec\u021bie UV de tripl\u0103 siguran\u021b\u0103, dou\u0103 butoane pentru activare \u0219i o limit\u0103 automat\u0103 de timp UV.<\/p>\n<h3>Particularit\u0103\u021bi<\/h3>\n<ul>\n<li>Lantern\u0103 cu dou\u0103 diode \u0219i capacitate UV<\/li>\n<li>Poate fi util\u0103 pentru dezinfectare<\/li>\n<li>Alimentat\u0103 de bateria Fenix ARB-L18-3400U Li-ion (inclus\u0103)<\/li>\n<li>4 moduri de func\u021bionare + Strobe<\/li>\n<li>Protec\u021bie \u00eempotriva supra\u00eenc\u0103lzirii<\/li>\n<li>Indicare color a gradului de \u00eenc\u0103rcare<\/li>\n<li>Carcas\u0103 realizat\u0103 din aluminiu rezistent A6061-T6<\/li>\n<li>Standard de protec\u021bie la praf \u0219i umiditate: IP68.<\/li>\n<\/ul>\n<h3>Moduri<\/h3>\n<ul>\n<li><strong>Turbo. <\/strong>Cea mai mare luminozitate de iluminare, p\u00e2n\u0103 la 1200 de lumeni. Durata de func\u021bionare a lanternei \u00een acest mod este de o or\u0103. Raza de ac\u021biune a fasciculului este de 170 de metri.<\/li>\n<li><strong>High.<\/strong> \u00cen acest mod, luminozitatea este de 350 de lumeni, func\u021bioneaz\u0103 timp de 4 ore \u0219i 45 de minute, iar lumina dep\u0103\u0219e\u0219te o distan\u021b\u0103 de 90 de metri.<\/li>\n<li><strong>Med.<\/strong> Luminozitatea luminii este egal\u0103 cu 150 de lumeni. Aceasta func\u021bioneaz\u0103 timp de 14 ore. Raza de ac\u021biune a fasciculului este de 60 de metri.<\/li>\n<li><strong>Low.<\/strong> Fluxul luminos este de 15 lumeni, func\u021bioneaz\u0103 timp de 144 de ore. Raza de ac\u021biune a fasciculului ajunge la 20 de metri.<\/li>\n<li>\u00cen modul <strong>&#171;Strobe&#187;,<\/strong> luminozitatea lanternei este de 1200 de lumeni.<\/li>\n<\/ul>\n<h3>Caracteristici<\/h3>\n<ul>\n<li>Tip de alimentare &#8212; 18650 x 1, 2 x CR123A<\/li>\n<li>Putere &#8212; p\u00e2n\u0103 la 2000 lm<\/li>\n<li>Flux luminos &#8212; 1200 lm<\/li>\n<li>Raza de ac\u021biune a fasciculului &#8212; 170 m<\/li>\n<li>\u00cenc\u0103rcare &#8212; USB de tip C<\/li>\n<li>Timp maxim de func\u021bionare &#8212; 144 de ore<\/li>\n<li>Rezistent la ap\u0103 &#8212; IP68<\/li>\n<li>Material &#8212; aluminiu<\/li>\n<li>Montare magnetic\u0103 &#8212; da<\/li>\n<li>Dimensiuni &#8212; 121 x 25,4 x 23 mm<\/li>\n<li>Greutate &#8212; 72 g.<\/li>\n<\/ul>\n<p><\/p>","protected":false},"excerpt":{"rendered":"","protected":false},"featured_media":49643,"comment_status":"open","ping_status":"closed","template":"","meta":{"_acf_changed":false,"inline_featured_image":false},"product_brand":[1351],"product_cat":[462],"product_tag":[],"class_list":{"0":"post-48779","1":"product","2":"type-product","3":"status-publish","4":"has-post-thumbnail","6":"product_brand-fenix","7":"product_cat-lumini-de-mana","9":"first","10":"instock","11":"shipping-taxable","12":"purchasable","13":"product-type-simple"},"acf":[],"yoast_head":"<!-- This site is optimized with the Yoast SEO plugin v27.2 - https:\/\/yoast.com\/product\/yoast-seo-wordpress\/ -->\n<title>\u0424\u043e\u043d\u0430\u0440\u044c Fenix LD32 UVC LED - \u041c\u0430\u0433\u0430\u0437\u0438\u043d Xstyle<\/title>\n<meta name=\"description\" content=\"\u0424\u043e\u043d\u0430\u0440\u044c Fenix LD32 UVC LED: \u043c\u043e\u0449\u043d\u043e\u0441\u0442\u044c 1200 \u043b\u043c, \u0437\u0430\u0449\u0438\u0442\u0430 IP68, \u0441\u043e\u0432\u043c\u0435\u0441\u0442\u0438\u043c\u043e\u0441\u0442\u044c \u0441 18650 \u0438 CR123A. \u0418\u0434\u0435\u0430\u043b\u0435\u043d \u0434\u043b\u044f \u043e\u0441\u0432\u0435\u0449\u0435\u043d\u0438\u044f \u0438 \u0434\u0435\u0437\u0438\u043d\u0444\u0435\u043a\u0446\u0438\u0438.\" \/>\n<meta name=\"robots\" content=\"index, follow, max-snippet:-1, max-image-preview:large, max-video-preview:-1\" \/>\n<link rel=\"canonical\" href=\"https:\/\/xstyle.md\/ro\/produs\/fonar-fenix-ld32-uvc-led\/\" \/>\n<meta property=\"og:locale\" content=\"ro_RO\" \/>\n<meta property=\"og:type\" content=\"article\" \/>\n<meta property=\"og:title\" content=\"\u0424\u043e\u043d\u0430\u0440\u044c Fenix LD32 UVC LED - \u041c\u0430\u0433\u0430\u0437\u0438\u043d Xstyle\" \/>\n<meta property=\"og:description\" content=\"\u0424\u043e\u043d\u0430\u0440\u044c Fenix LD32 UVC LED: \u043c\u043e\u0449\u043d\u043e\u0441\u0442\u044c 1200 \u043b\u043c, \u0437\u0430\u0449\u0438\u0442\u0430 IP68, \u0441\u043e\u0432\u043c\u0435\u0441\u0442\u0438\u043c\u043e\u0441\u0442\u044c \u0441 18650 \u0438 CR123A. \u0418\u0434\u0435\u0430\u043b\u0435\u043d \u0434\u043b\u044f \u043e\u0441\u0432\u0435\u0449\u0435\u043d\u0438\u044f \u0438 \u0434\u0435\u0437\u0438\u043d\u0444\u0435\u043a\u0446\u0438\u0438.\" \/>\n<meta property=\"og:url\" content=\"https:\/\/xstyle.md\/ro\/produs\/fonar-fenix-ld32-uvc-led\/\" \/>\n<meta property=\"og:site_name\" content=\"\u041c\u0430\u0433\u0430\u0437\u0438\u043d Xstyle\" \/>\n<meta property=\"article:publisher\" content=\"https:\/\/www.facebook.com\/xstylemd\" \/>\n<meta property=\"article:modified_time\" content=\"2026-02-25T10:40:52+00:00\" \/>\n<meta property=\"og:image\" content=\"https:\/\/xstyle.md\/wp-content\/uploads\/2022\/06\/fenix-ld32-uvc-led.jpg\" \/>\n\t<meta property=\"og:image:width\" content=\"970\" \/>\n\t<meta property=\"og:image:height\" content=\"970\" \/>\n\t<meta property=\"og:image:type\" content=\"image\/jpeg\" \/>\n<meta name=\"twitter:card\" content=\"summary_large_image\" \/>\n<meta name=\"twitter:label1\" content=\"Pre\u021b\" \/>\n\t<meta name=\"twitter:data1\" content=\"1.990&nbsp;MDL\" \/>\n\t<meta name=\"twitter:label2\" content=\"Disponibilitate\" \/>\n\t<meta name=\"twitter:data2\" content=\"\u00cen stoc\" \/>\n<script type=\"application\/ld+json\" class=\"yoast-schema-graph\">{\"@context\":\"https:\/\/schema.org\",\"@graph\":[{\"@type\":\"WebPage\",\"@id\":\"https:\/\/xstyle.md\/product\/fonar-fenix-ld32-uvc-led\/\",\"url\":\"https:\/\/xstyle.md\/product\/fonar-fenix-ld32-uvc-led\/\",\"name\":\"\u0424\u043e\u043d\u0430\u0440\u044c Fenix LD32 UVC LED - \u041c\u0430\u0433\u0430\u0437\u0438\u043d Xstyle\",\"isPartOf\":{\"@id\":\"https:\/\/xstyle.md\/#website\"},\"primaryImageOfPage\":{\"@id\":\"https:\/\/xstyle.md\/product\/fonar-fenix-ld32-uvc-led\/#primaryimage\"},\"image\":{\"@id\":\"https:\/\/xstyle.md\/product\/fonar-fenix-ld32-uvc-led\/#primaryimage\"},\"thumbnailUrl\":\"https:\/\/xstyle.md\/wp-content\/uploads\/2022\/06\/fenix-ld32-uvc-led.jpg\",\"datePublished\":\"2022-06-16T10:13:13+00:00\",\"dateModified\":\"2026-02-25T10:40:52+00:00\",\"description\":\"\u0424\u043e\u043d\u0430\u0440\u044c Fenix LD32 UVC LED: \u043c\u043e\u0449\u043d\u043e\u0441\u0442\u044c 1200 \u043b\u043c, \u0437\u0430\u0449\u0438\u0442\u0430 IP68, \u0441\u043e\u0432\u043c\u0435\u0441\u0442\u0438\u043c\u043e\u0441\u0442\u044c \u0441 18650 \u0438 CR123A. \u0418\u0434\u0435\u0430\u043b\u0435\u043d \u0434\u043b\u044f \u043e\u0441\u0432\u0435\u0449\u0435\u043d\u0438\u044f \u0438 \u0434\u0435\u0437\u0438\u043d\u0444\u0435\u043a\u0446\u0438\u0438.\",\"breadcrumb\":{\"@id\":\"https:\/\/xstyle.md\/product\/fonar-fenix-ld32-uvc-led\/#breadcrumb\"},\"inLanguage\":\"ro-RO\",\"potentialAction\":[{\"@type\":\"ReadAction\",\"target\":[\"https:\/\/xstyle.md\/product\/fonar-fenix-ld32-uvc-led\/\"]}]},{\"@type\":\"ImageObject\",\"inLanguage\":\"ro-RO\",\"@id\":\"https:\/\/xstyle.md\/product\/fonar-fenix-ld32-uvc-led\/#primaryimage\",\"url\":\"https:\/\/xstyle.md\/wp-content\/uploads\/2022\/06\/fenix-ld32-uvc-led.jpg\",\"contentUrl\":\"https:\/\/xstyle.md\/wp-content\/uploads\/2022\/06\/fenix-ld32-uvc-led.jpg\",\"width\":970,\"height\":970,\"caption\":\"\u0424\u043e\u043d\u0430\u0440\u044c Fenix LD32 UVC LED \u0434\u043b\u044f \u0430\u043a\u0442\u0438\u0432\u043d\u043e\u0433\u043e \u043e\u0442\u0434\u044b\u0445\u0430, \u043f\u043e\u0445\u043e\u0434\u043e\u0432 \u0438 \u043f\u0443\u0442\u0435\u0448\u0435\u0441\u0442\u0432\u0438\u0439, \u043e\u0431\u0443\u0432\u044c \u0438 \u043e\u0434\u0435\u0436\u0434\u0430 \u0434\u043b\u044f \u0442\u0443\u0440\u0438\u0437\u043c\u0430, \u043f\u043e\u0434\u0445\u043e\u0434\u044f\u0449\u0438\u0439 \u0434\u043b\u044f \u0445\u043e\u0434\u044c\u0431\u044b, \u0430\u043b\u044c\u043f\u0438\u043d\u0438\u0437\u043c\u0430 \u0438 \u043f\u0443\u0442\u0435\u0448\u0435\u0441\u0442\u0432\u0438\u0439\"},{\"@type\":\"BreadcrumbList\",\"@id\":\"https:\/\/xstyle.md\/product\/fonar-fenix-ld32-uvc-led\/#breadcrumb\",\"itemListElement\":[{\"@type\":\"ListItem\",\"position\":1,\"name\":\"\u0413\u043b\u0430\u0432\u043d\u0430\u044f \u0441\u0442\u0440\u0430\u043d\u0438\u0446\u0430\",\"item\":\"https:\/\/xstyle.md\/\"},{\"@type\":\"ListItem\",\"position\":2,\"name\":\"\u041c\u0430\u0433\u0430\u0437\u0438\u043d\",\"item\":\"https:\/\/xstyle.md\/shop\/\"},{\"@type\":\"ListItem\",\"position\":3,\"name\":\"\u0424\u043e\u043d\u0430\u0440\u044c Fenix LD32 UVC LED\"}]},{\"@type\":\"WebSite\",\"@id\":\"https:\/\/xstyle.md\/#website\",\"url\":\"https:\/\/xstyle.md\/\",\"name\":\"\u041c\u0430\u0433\u0430\u0437\u0438\u043d Xstyle\",\"description\":\"C\u043d\u0430\u0440\u044f\u0436\u0435\u043d\u0438\u0435 \u0434\u043b\u044f \u0442\u0443\u0440\u0438\u0437\u043c\u0430 \u0438 \u044d\u043a\u0441\u0442\u0440\u0435\u043c\u0430\u043b\u044c\u043d\u044b\u0445 \u0432\u0438\u0434\u043e\u0432 \u0441\u043f\u043e\u0440\u0442\u0430 \u0432 \u041c\u043e\u043b\u0434\u043e\u0432\u0435.. \u0426\u0435\u043d\u044b, \u0444\u043e\u0442\u043e, \u0445\u0430\u0440\u0430\u043a\u0442\u0435\u0440\u0438\u0441\u0442\u0438\u043a\u0438 \u0432 \u041c\u043e\u043b\u0434\u043e\u0432\u0435.\",\"publisher\":{\"@id\":\"https:\/\/xstyle.md\/#organization\"},\"alternateName\":\"X-Style\",\"potentialAction\":[{\"@type\":\"SearchAction\",\"target\":{\"@type\":\"EntryPoint\",\"urlTemplate\":\"https:\/\/xstyle.md\/?s={search_term_string}\"},\"query-input\":{\"@type\":\"PropertyValueSpecification\",\"valueRequired\":true,\"valueName\":\"search_term_string\"}}],\"inLanguage\":\"ro-RO\"},{\"@type\":\"Organization\",\"@id\":\"https:\/\/xstyle.md\/#organization\",\"name\":\"\u041c\u0430\u0433\u0430\u0437\u0438\u043d Xstyle\",\"alternateName\":\"x-style\",\"url\":\"https:\/\/xstyle.md\/\",\"logo\":{\"@type\":\"ImageObject\",\"inLanguage\":\"ro-RO\",\"@id\":\"https:\/\/xstyle.md\/#\/schema\/logo\/image\/\",\"url\":\"https:\/\/xstyle.md\/wp-content\/uploads\/2020\/06\/logoicon.svg\",\"contentUrl\":\"https:\/\/xstyle.md\/wp-content\/uploads\/2020\/06\/logoicon.svg\",\"caption\":\"\u041c\u0430\u0433\u0430\u0437\u0438\u043d Xstyle\"},\"image\":{\"@id\":\"https:\/\/xstyle.md\/#\/schema\/logo\/image\/\"},\"sameAs\":[\"https:\/\/www.facebook.com\/xstylemd\",\"https:\/\/www.instagram.com\/xstyle_md\/\",\"https:\/\/t.me\/xstyle_outdoor\"],\"hasMerchantReturnPolicy\":{\"@type\":\"MerchantReturnPolicy\",\"merchantReturnLink\":\"https:\/\/xstyle.md\/ro\/conditions\/\"}}]}<\/script>\n<meta property=\"product:price:amount\" content=\"1990.00\" \/>\n<meta property=\"product:price:currency\" content=\"MDL\" \/>\n<meta property=\"og:availability\" content=\"instock\" \/>\n<meta property=\"product:availability\" content=\"instock\" \/>\n<meta property=\"product:retailer_item_id\" content=\"6942870307541\" \/>\n<meta property=\"product:condition\" content=\"new\" \/>\n<!-- \/ Yoast SEO plugin. -->","yoast_head_json":{"title":"Lantern\u0103 Fenix LD32 UVC LED - Magazin Xstyle","description":"Lanterna Fenix LD32 UVC LED: putere 1200 lm, protec\u021bie IP68, compatibilitate cu 18650 \u0219i CR123A. Ideal\u0103 pentru iluminare \u0219i dezinfectare.","robots":{"index":"index","follow":"follow","max-snippet":"max-snippet:-1","max-image-preview":"max-image-preview:large","max-video-preview":"max-video-preview:-1"},"canonical":"https:\/\/xstyle.md\/ro\/produs\/fonar-fenix-ld32-uvc-led\/","og_locale":"ro_RO","og_type":"article","og_title":"\u0424\u043e\u043d\u0430\u0440\u044c Fenix LD32 UVC LED - \u041c\u0430\u0433\u0430\u0437\u0438\u043d Xstyle","og_description":"\u0424\u043e\u043d\u0430\u0440\u044c Fenix LD32 UVC LED: \u043c\u043e\u0449\u043d\u043e\u0441\u0442\u044c 1200 \u043b\u043c, \u0437\u0430\u0449\u0438\u0442\u0430 IP68, \u0441\u043e\u0432\u043c\u0435\u0441\u0442\u0438\u043c\u043e\u0441\u0442\u044c \u0441 18650 \u0438 CR123A. \u0418\u0434\u0435\u0430\u043b\u0435\u043d \u0434\u043b\u044f \u043e\u0441\u0432\u0435\u0449\u0435\u043d\u0438\u044f \u0438 \u0434\u0435\u0437\u0438\u043d\u0444\u0435\u043a\u0446\u0438\u0438.","og_url":"https:\/\/xstyle.md\/ro\/produs\/fonar-fenix-ld32-uvc-led\/","og_site_name":"\u041c\u0430\u0433\u0430\u0437\u0438\u043d Xstyle","article_publisher":"https:\/\/www.facebook.com\/xstylemd","article_modified_time":"2026-02-25T10:40:52+00:00","og_image":[{"width":970,"height":970,"url":"https:\/\/xstyle.md\/wp-content\/uploads\/2022\/06\/fenix-ld32-uvc-led.jpg","type":"image\/jpeg"}],"twitter_card":"summary_large_image","twitter_misc":{"Pre\u021b":"1.990&nbsp;MDL","Disponibilitate":"\u00cen stoc"},"schema":{"@context":"https:\/\/schema.org","@graph":[{"@type":"WebPage","@id":"https:\/\/xstyle.md\/product\/fonar-fenix-ld32-uvc-led\/","url":"https:\/\/xstyle.md\/product\/fonar-fenix-ld32-uvc-led\/","name":"Lantern\u0103 Fenix LD32 UVC LED - Magazin Xstyle","isPartOf":{"@id":"https:\/\/xstyle.md\/#website"},"primaryImageOfPage":{"@id":"https:\/\/xstyle.md\/product\/fonar-fenix-ld32-uvc-led\/#primaryimage"},"image":{"@id":"https:\/\/xstyle.md\/product\/fonar-fenix-ld32-uvc-led\/#primaryimage"},"thumbnailUrl":"https:\/\/xstyle.md\/wp-content\/uploads\/2022\/06\/fenix-ld32-uvc-led.jpg","datePublished":"2022-06-16T10:13:13+00:00","dateModified":"2026-02-25T10:40:52+00:00","description":"Lanterna Fenix LD32 UVC LED: putere 1200 lm, protec\u021bie IP68, compatibilitate cu 18650 \u0219i CR123A. Ideal\u0103 pentru iluminare \u0219i dezinfectare.","breadcrumb":{"@id":"https:\/\/xstyle.md\/product\/fonar-fenix-ld32-uvc-led\/#breadcrumb"},"inLanguage":"ro-RO","potentialAction":[{"@type":"ReadAction","target":["https:\/\/xstyle.md\/product\/fonar-fenix-ld32-uvc-led\/"]}]},{"@type":"ImageObject","inLanguage":"ro-RO","@id":"https:\/\/xstyle.md\/product\/fonar-fenix-ld32-uvc-led\/#primaryimage","url":"https:\/\/xstyle.md\/wp-content\/uploads\/2022\/06\/fenix-ld32-uvc-led.jpg","contentUrl":"https:\/\/xstyle.md\/wp-content\/uploads\/2022\/06\/fenix-ld32-uvc-led.jpg","width":970,"height":970,"caption":"\u0424\u043e\u043d\u0430\u0440\u044c Fenix LD32 UVC LED \u0434\u043b\u044f \u0430\u043a\u0442\u0438\u0432\u043d\u043e\u0433\u043e \u043e\u0442\u0434\u044b\u0445\u0430, \u043f\u043e\u0445\u043e\u0434\u043e\u0432 \u0438 \u043f\u0443\u0442\u0435\u0448\u0435\u0441\u0442\u0432\u0438\u0439, \u043e\u0431\u0443\u0432\u044c \u0438 \u043e\u0434\u0435\u0436\u0434\u0430 \u0434\u043b\u044f \u0442\u0443\u0440\u0438\u0437\u043c\u0430, \u043f\u043e\u0434\u0445\u043e\u0434\u044f\u0449\u0438\u0439 \u0434\u043b\u044f \u0445\u043e\u0434\u044c\u0431\u044b, \u0430\u043b\u044c\u043f\u0438\u043d\u0438\u0437\u043c\u0430 \u0438 \u043f\u0443\u0442\u0435\u0448\u0435\u0441\u0442\u0432\u0438\u0439"},{"@type":"BreadcrumbList","@id":"https:\/\/xstyle.md\/product\/fonar-fenix-ld32-uvc-led\/#breadcrumb","itemListElement":[{"@type":"ListItem","position":1,"name":"\u0413\u043b\u0430\u0432\u043d\u0430\u044f \u0441\u0442\u0440\u0430\u043d\u0438\u0446\u0430","item":"https:\/\/xstyle.md\/"},{"@type":"ListItem","position":2,"name":"\u041c\u0430\u0433\u0430\u0437\u0438\u043d","item":"https:\/\/xstyle.md\/shop\/"},{"@type":"ListItem","position":3,"name":"\u0424\u043e\u043d\u0430\u0440\u044c Fenix LD32 UVC LED"}]},{"@type":"WebSite","@id":"https:\/\/xstyle.md\/#website","url":"https:\/\/xstyle.md\/","name":"Magazinul X-Style","description":"Echipamente pentru turism \u0219i sporturi extreme \u00een Moldova. Pre\u021buri, fotografii, caracteristici \u00een Moldova.","publisher":{"@id":"https:\/\/xstyle.md\/#organization"},"alternateName":"X-Style","potentialAction":[{"@type":"SearchAction","target":{"@type":"EntryPoint","urlTemplate":"https:\/\/xstyle.md\/?s={search_term_string}"},"query-input":{"@type":"PropertyValueSpecification","valueRequired":true,"valueName":"search_term_string"}}],"inLanguage":"ro-RO"},{"@type":"Organization","@id":"https:\/\/xstyle.md\/#organization","name":"Magazinul X-Style","alternateName":"x-style","url":"https:\/\/xstyle.md\/","logo":{"@type":"ImageObject","inLanguage":"ro-RO","@id":"https:\/\/xstyle.md\/#\/schema\/logo\/image\/","url":"https:\/\/xstyle.md\/wp-content\/uploads\/2020\/06\/logoicon.svg","contentUrl":"https:\/\/xstyle.md\/wp-content\/uploads\/2020\/06\/logoicon.svg","caption":"\u041c\u0430\u0433\u0430\u0437\u0438\u043d Xstyle"},"image":{"@id":"https:\/\/xstyle.md\/#\/schema\/logo\/image\/"},"sameAs":["https:\/\/www.facebook.com\/xstylemd","https:\/\/www.instagram.com\/xstyle_md\/","https:\/\/t.me\/xstyle_outdoor"],"hasMerchantReturnPolicy":{"@type":"MerchantReturnPolicy","merchantReturnLink":"https:\/\/xstyle.md\/ro\/conditions\/"}}]},"product_price_amount":"1990.00","product_price_currency":"MDL","og_availability":"instock","product_availability":"instock","product_retailer_item_id":"6942870307541","product_condition":"new"},"post_mailing_queue_ids":[],"_links":{"self":[{"href":"https:\/\/xstyle.md\/ro\/wp-json\/wp\/v2\/product\/48779","targetHints":{"allow":["GET"]}}],"collection":[{"href":"https:\/\/xstyle.md\/ro\/wp-json\/wp\/v2\/product"}],"about":[{"href":"https:\/\/xstyle.md\/ro\/wp-json\/wp\/v2\/types\/product"}],"replies":[{"embeddable":true,"href":"https:\/\/xstyle.md\/ro\/wp-json\/wp\/v2\/comments?post=48779"}],"wp:featuredmedia":[{"embeddable":true,"href":"https:\/\/xstyle.md\/ro\/wp-json\/wp\/v2\/media\/49643"}],"wp:attachment":[{"href":"https:\/\/xstyle.md\/ro\/wp-json\/wp\/v2\/media?parent=48779"}],"wp:term":[{"taxonomy":"product_brand","embeddable":true,"href":"https:\/\/xstyle.md\/ro\/wp-json\/wp\/v2\/product_brand?post=48779"},{"taxonomy":"product_cat","embeddable":true,"href":"https:\/\/xstyle.md\/ro\/wp-json\/wp\/v2\/product_cat?post=48779"},{"taxonomy":"product_tag","embeddable":true,"href":"https:\/\/xstyle.md\/ro\/wp-json\/wp\/v2\/product_tag?post=48779"}],"curies":[{"name":"wp","href":"https:\/\/api.w.org\/{rel}","templated":true}]}}