{"id":48776,"date":"2022-06-16T13:13:13","date_gmt":"2022-06-16T10:13:13","guid":{"rendered":"https:\/\/xstyle.md\/?post_type=product&#038;p=48776"},"modified":"2025-11-27T17:49:14","modified_gmt":"2025-11-27T14:49:14","slug":"fonar-fenix-ld02-v2-0-led","status":"publish","type":"product","link":"https:\/\/xstyle.md\/ro\/produs\/fonar-fenix-ld02-v2-0-led\/","title":{"rendered":"Lantern\u0103 Fenix LD02 V2.0 LED"},"content":{"rendered":"<\/p>\n<p><strong>Fenix LD02 V2.0 LED<\/strong> &#8212; aceast\u0103 lantern\u0103 portabil\u0103 este proiectat\u0103 pentru a fi utilizat\u0103 \u00eentr-o varietate de situa\u021bii, deoarece este echipat\u0103 cu LED-uri albe \u0219i ultraviolete. \u00cen plus, este foarte miniaturizat\u0103 \u0219i func\u021bioneaz\u0103 cu o singur\u0103 baterie AAA, astfel \u00eenc\u00e2t poate fi p\u0103strat\u0103 oric\u00e2nd \u00een buzunarul proprietarului s\u0103u \u00een caz de nevoie.<\/p>\n<p>Controlul lanternei este foarte simplu &#8212; prin intermediul unui buton instalat \u00een coada corpului. Este convenabil s\u0103 \u00eel ap\u0103sa\u021bi cu degetul mare al m\u00e2inii \u00een care utilizatorul \u021bine lanterna. Butonul \u00een sine este fabricat din o\u021bel inoxidabil, la fel ca \u0219i sec\u021biunea capului carcasei. Alte p\u0103r\u021bi ale carcasei sunt realizate din aluminiu, ceea ce reduce greutatea total\u0103 a acestui model. \u00cen plus, carcasa este asamblat\u0103 at\u00e2t de bine \u0219i de precis \u00eenc\u00e2t este complet impermeabilizat\u0103 \u0219i respect\u0103 cel mai strict standard &#8212; IPX-8.<\/p>\n<p>Lanterna Fenix LD02 are o func\u021bie de memorie intern\u0103, o protec\u021bie \u00eempotriva supra\u00eenc\u0103lzirii care se activeaz\u0103 dup\u0103 1,5 minute de utilizare la cea mai mare luminozitate. Acest lucru o face \u0219i mai convenabil\u0103 \u0219i mai u\u0219or de utilizat. Acest model este potrivit pentru utilizarea zilnic\u0103 \u00een cas\u0103, precum \u0219i pentru c\u0103l\u0103torii la picnicuri sau plimb\u0103ri \u00een mediul rural. De asemenea, o lamp\u0103 de m\u00e2n\u0103 poate fi util\u0103 pentru automobili\u0219ti, dac\u0103 pe timp de \u00eentuneric trebuie s\u0103 schimba\u021bi o roat\u0103 sau alte repara\u021bii chiar pe drum. Iar raza ultraviolet\u0103 va ajuta la verificarea bancnotelor de bani, a unor bijuterii \u0219i va fi util\u0103 \u00een multe alte cazuri.<\/p>\n<h3>Moduri<\/h3>\n<ul>\n<li><strong>High:<\/strong> lanterna are o luminozitate de 70 de lumeni, o distan\u021b\u0103 de iluminare de 48 de metri \u0219i o intensitate maxim\u0103 de 580 cd. Felinarul func\u021bioneaz\u0103 timp de 40 de minute cu o baterie alcalin\u0103 sau 45 de minute cu o baterie NiMH.<\/li>\n<li><strong>Med:<\/strong> lanterna are o luminozitate de 25 de lumeni, distan\u021ba de iluminare &#8212; 27 de metri, intensitatea de v\u00e2rf &#8212; 185 cd. Lanterna func\u021bioneaz\u0103 timp de 2 ore \u0219i 40 de minute cu o baterie alcalin\u0103 sau 2 ore \u0219i 55 de minute cu o baterie NiMH.<\/li>\n<li><strong>Low:<\/strong> lanterna are o luminozitate de 1 lumen, o distan\u021b\u0103 de iluminare de 6 m \u0219i o intensitate de v\u00e2rf de 10 cd. Lanterna are o durat\u0103 de via\u021b\u0103 de 75 de ore cu o baterie alcalin\u0103 sau 45 de ore cu o baterie NiMH.<\/li>\n<li><strong>UV:<\/strong> puterea fasciculului &#8212; 200 mV, durata de func\u021bionare cu baterie alcalin\u0103 &#8212; 4 ore, cu baterie NiMH &#8212; 3 ore.<\/li>\n<\/ul>\n<h3>Caracteristici<\/h3>\n<ul>\n<li>Tip de alimentare &#8212; AAA<\/li>\n<li>Putere &#8212; p\u00e2n\u0103 la 100 lm<\/li>\n<li>Flux luminos &#8212; 70 lm<\/li>\n<li>Raza de ac\u021biune a fasciculului &#8212; 48 m<\/li>\n<li>Timp maxim de func\u021bionare &#8212; 75 h<\/li>\n<li>Rezistent la ap\u0103 &#8212; IP68<\/li>\n<li>Material &#8212; aluminiu pentru aeronave<\/li>\n<li>Lungime &#8212; 70 mm<\/li>\n<li>Diametrul corpului &#8212; 13,5 mm<\/li>\n<li>Diametrul p\u0103r\u021bii capului &#8212; 13,5 mm<\/li>\n<li>Greutate &#8212; 24 g.<\/li>\n<\/ul>\n<p><\/p>","protected":false},"excerpt":{"rendered":"","protected":false},"featured_media":49630,"comment_status":"open","ping_status":"closed","template":"","meta":{"_acf_changed":false,"inline_featured_image":false},"product_brand":[1351],"product_cat":[462],"product_tag":[],"class_list":{"0":"post-48776","1":"product","2":"type-product","3":"status-publish","4":"has-post-thumbnail","6":"product_brand-fenix","7":"product_cat-lumini-de-mana","9":"first","10":"instock","11":"shipping-taxable","12":"purchasable","13":"product-type-simple"},"acf":[],"yoast_head":"<!-- This site is optimized with the Yoast SEO plugin v27.2 - https:\/\/yoast.com\/product\/yoast-seo-wordpress\/ -->\n<title>\u0424\u043e\u043d\u0430\u0440\u044c Fenix LD02 V2.0 LED - \u041c\u0430\u0433\u0430\u0437\u0438\u043d Xstyle<\/title>\n<meta name=\"description\" content=\"\u0424\u043e\u043d\u0430\u0440\u044c Fenix LD02 V2.0 LED - \u043a\u043e\u043c\u043f\u0430\u043a\u0442\u043d\u044b\u0439 \u0438 \u043c\u043e\u0449\u043d\u044b\u0439 \u0438\u0441\u0442\u043e\u0447\u043d\u0438\u043a \u0441\u0432\u0435\u0442\u0430 \u0441 IPX8, 4 \u0440\u0435\u0436\u0438\u043c\u0430\u043c\u0438 \u0440\u0430\u0431\u043e\u0442\u044b \u0438 UV-\u043e\u0441\u0432\u0435\u0449\u0435\u043d\u0438\u0435\u043c. \u0418\u0434\u0435\u0430\u043b\u0435\u043d \u0434\u043b\u044f \u0440\u0430\u0437\u043b\u0438\u0447\u043d\u044b\u0445 \u0441\u0438\u0442\u0443\u0430\u0446\u0438\u0439!\" \/>\n<meta name=\"robots\" content=\"index, follow, max-snippet:-1, max-image-preview:large, max-video-preview:-1\" \/>\n<link rel=\"canonical\" href=\"https:\/\/xstyle.md\/ro\/produs\/fonar-fenix-ld02-v2-0-led\/\" \/>\n<meta property=\"og:locale\" content=\"ro_RO\" \/>\n<meta property=\"og:type\" content=\"article\" \/>\n<meta property=\"og:title\" content=\"\u0424\u043e\u043d\u0430\u0440\u044c Fenix LD02 V2.0 LED - \u041c\u0430\u0433\u0430\u0437\u0438\u043d Xstyle\" \/>\n<meta property=\"og:description\" content=\"\u0424\u043e\u043d\u0430\u0440\u044c Fenix LD02 V2.0 LED - \u043a\u043e\u043c\u043f\u0430\u043a\u0442\u043d\u044b\u0439 \u0438 \u043c\u043e\u0449\u043d\u044b\u0439 \u0438\u0441\u0442\u043e\u0447\u043d\u0438\u043a \u0441\u0432\u0435\u0442\u0430 \u0441 IPX8, 4 \u0440\u0435\u0436\u0438\u043c\u0430\u043c\u0438 \u0440\u0430\u0431\u043e\u0442\u044b \u0438 UV-\u043e\u0441\u0432\u0435\u0449\u0435\u043d\u0438\u0435\u043c. \u0418\u0434\u0435\u0430\u043b\u0435\u043d \u0434\u043b\u044f \u0440\u0430\u0437\u043b\u0438\u0447\u043d\u044b\u0445 \u0441\u0438\u0442\u0443\u0430\u0446\u0438\u0439!\" \/>\n<meta property=\"og:url\" content=\"https:\/\/xstyle.md\/ro\/produs\/fonar-fenix-ld02-v2-0-led\/\" \/>\n<meta property=\"og:site_name\" content=\"\u041c\u0430\u0433\u0430\u0437\u0438\u043d Xstyle\" \/>\n<meta property=\"article:publisher\" content=\"https:\/\/www.facebook.com\/xstylemd\" \/>\n<meta property=\"article:modified_time\" content=\"2025-11-27T14:49:14+00:00\" \/>\n<meta property=\"og:image\" content=\"https:\/\/xstyle.md\/wp-content\/uploads\/2022\/06\/fenix-ld02-v2.0-led.jpg\" \/>\n\t<meta property=\"og:image:width\" content=\"970\" \/>\n\t<meta property=\"og:image:height\" content=\"970\" \/>\n\t<meta property=\"og:image:type\" content=\"image\/jpeg\" \/>\n<meta name=\"twitter:card\" content=\"summary_large_image\" \/>\n<meta name=\"twitter:label1\" content=\"Pre\u021b\" \/>\n\t<meta name=\"twitter:data1\" content=\"695&nbsp;MDL\" \/>\n\t<meta name=\"twitter:label2\" content=\"Disponibilitate\" \/>\n\t<meta name=\"twitter:data2\" content=\"\u00cen stoc\" \/>\n<script type=\"application\/ld+json\" class=\"yoast-schema-graph\">{\"@context\":\"https:\/\/schema.org\",\"@graph\":[{\"@type\":\"WebPage\",\"@id\":\"https:\/\/xstyle.md\/product\/fonar-fenix-ld02-v2-0-led\/\",\"url\":\"https:\/\/xstyle.md\/product\/fonar-fenix-ld02-v2-0-led\/\",\"name\":\"\u0424\u043e\u043d\u0430\u0440\u044c Fenix LD02 V2.0 LED - \u041c\u0430\u0433\u0430\u0437\u0438\u043d Xstyle\",\"isPartOf\":{\"@id\":\"https:\/\/xstyle.md\/#website\"},\"primaryImageOfPage\":{\"@id\":\"https:\/\/xstyle.md\/product\/fonar-fenix-ld02-v2-0-led\/#primaryimage\"},\"image\":{\"@id\":\"https:\/\/xstyle.md\/product\/fonar-fenix-ld02-v2-0-led\/#primaryimage\"},\"thumbnailUrl\":\"https:\/\/xstyle.md\/wp-content\/uploads\/2022\/06\/fenix-ld02-v2.0-led.jpg\",\"datePublished\":\"2022-06-16T10:13:13+00:00\",\"dateModified\":\"2025-11-27T14:49:14+00:00\",\"description\":\"\u0424\u043e\u043d\u0430\u0440\u044c Fenix LD02 V2.0 LED - \u043a\u043e\u043c\u043f\u0430\u043a\u0442\u043d\u044b\u0439 \u0438 \u043c\u043e\u0449\u043d\u044b\u0439 \u0438\u0441\u0442\u043e\u0447\u043d\u0438\u043a \u0441\u0432\u0435\u0442\u0430 \u0441 IPX8, 4 \u0440\u0435\u0436\u0438\u043c\u0430\u043c\u0438 \u0440\u0430\u0431\u043e\u0442\u044b \u0438 UV-\u043e\u0441\u0432\u0435\u0449\u0435\u043d\u0438\u0435\u043c. \u0418\u0434\u0435\u0430\u043b\u0435\u043d \u0434\u043b\u044f \u0440\u0430\u0437\u043b\u0438\u0447\u043d\u044b\u0445 \u0441\u0438\u0442\u0443\u0430\u0446\u0438\u0439!\",\"breadcrumb\":{\"@id\":\"https:\/\/xstyle.md\/product\/fonar-fenix-ld02-v2-0-led\/#breadcrumb\"},\"inLanguage\":\"ro-RO\",\"potentialAction\":[{\"@type\":\"ReadAction\",\"target\":[\"https:\/\/xstyle.md\/product\/fonar-fenix-ld02-v2-0-led\/\"]}]},{\"@type\":\"ImageObject\",\"inLanguage\":\"ro-RO\",\"@id\":\"https:\/\/xstyle.md\/product\/fonar-fenix-ld02-v2-0-led\/#primaryimage\",\"url\":\"https:\/\/xstyle.md\/wp-content\/uploads\/2022\/06\/fenix-ld02-v2.0-led.jpg\",\"contentUrl\":\"https:\/\/xstyle.md\/wp-content\/uploads\/2022\/06\/fenix-ld02-v2.0-led.jpg\",\"width\":970,\"height\":970,\"caption\":\"\u0424\u043e\u043d\u0430\u0440\u044c Fenix LD02 V2.0 LED \u0434\u043b\u044f \u0430\u043a\u0442\u0438\u0432\u043d\u043e\u0433\u043e \u043e\u0442\u0434\u044b\u0445\u0430, \u043f\u0443\u0442\u0435\u0448\u0435\u0441\u0442\u0432\u0438\u0439, \u043f\u043e\u0445\u043e\u0434\u043e\u0432, \u0432\u043e\u0441\u0445\u043e\u0436\u0434\u0435\u043d\u0438\u044f, \u044d\u043a\u0438\u043f\u0438\u0440\u043e\u0432\u043a\u0438 \u0434\u043b\u044f \u0442\u043e\u0432\u0430\u0440\u043e\u0432 \u0434\u043b\u044f \u0442\u0443\u0440\u0438\u0437\u043c\u0430 \u0438 \u043f\u0443\u0442\u0435\u0448\u0435\u0441\u0442\u0432\u0438\u0439 \u0432 \u0438\u043d\u0442\u0435\u0440\u043d\u0435\u0442-\u043c\u0430\u0433\u0430\u0437\u0438\u043d\u0435\"},{\"@type\":\"BreadcrumbList\",\"@id\":\"https:\/\/xstyle.md\/product\/fonar-fenix-ld02-v2-0-led\/#breadcrumb\",\"itemListElement\":[{\"@type\":\"ListItem\",\"position\":1,\"name\":\"\u0413\u043b\u0430\u0432\u043d\u0430\u044f \u0441\u0442\u0440\u0430\u043d\u0438\u0446\u0430\",\"item\":\"https:\/\/xstyle.md\/\"},{\"@type\":\"ListItem\",\"position\":2,\"name\":\"\u041c\u0430\u0433\u0430\u0437\u0438\u043d\",\"item\":\"https:\/\/xstyle.md\/shop\/\"},{\"@type\":\"ListItem\",\"position\":3,\"name\":\"\u0424\u043e\u043d\u0430\u0440\u044c Fenix LD02 V2.0 LED\"}]},{\"@type\":\"WebSite\",\"@id\":\"https:\/\/xstyle.md\/#website\",\"url\":\"https:\/\/xstyle.md\/\",\"name\":\"\u041c\u0430\u0433\u0430\u0437\u0438\u043d Xstyle\",\"description\":\"C\u043d\u0430\u0440\u044f\u0436\u0435\u043d\u0438\u0435 \u0434\u043b\u044f \u0442\u0443\u0440\u0438\u0437\u043c\u0430 \u0438 \u044d\u043a\u0441\u0442\u0440\u0435\u043c\u0430\u043b\u044c\u043d\u044b\u0445 \u0432\u0438\u0434\u043e\u0432 \u0441\u043f\u043e\u0440\u0442\u0430 \u0432 \u041c\u043e\u043b\u0434\u043e\u0432\u0435.. \u0426\u0435\u043d\u044b, \u0444\u043e\u0442\u043e, \u0445\u0430\u0440\u0430\u043a\u0442\u0435\u0440\u0438\u0441\u0442\u0438\u043a\u0438 \u0432 \u041c\u043e\u043b\u0434\u043e\u0432\u0435.\",\"publisher\":{\"@id\":\"https:\/\/xstyle.md\/#organization\"},\"alternateName\":\"X-Style\",\"potentialAction\":[{\"@type\":\"SearchAction\",\"target\":{\"@type\":\"EntryPoint\",\"urlTemplate\":\"https:\/\/xstyle.md\/?s={search_term_string}\"},\"query-input\":{\"@type\":\"PropertyValueSpecification\",\"valueRequired\":true,\"valueName\":\"search_term_string\"}}],\"inLanguage\":\"ro-RO\"},{\"@type\":\"Organization\",\"@id\":\"https:\/\/xstyle.md\/#organization\",\"name\":\"\u041c\u0430\u0433\u0430\u0437\u0438\u043d Xstyle\",\"alternateName\":\"x-style\",\"url\":\"https:\/\/xstyle.md\/\",\"logo\":{\"@type\":\"ImageObject\",\"inLanguage\":\"ro-RO\",\"@id\":\"https:\/\/xstyle.md\/#\/schema\/logo\/image\/\",\"url\":\"https:\/\/xstyle.md\/wp-content\/uploads\/2020\/06\/logoicon.svg\",\"contentUrl\":\"https:\/\/xstyle.md\/wp-content\/uploads\/2020\/06\/logoicon.svg\",\"caption\":\"\u041c\u0430\u0433\u0430\u0437\u0438\u043d Xstyle\"},\"image\":{\"@id\":\"https:\/\/xstyle.md\/#\/schema\/logo\/image\/\"},\"sameAs\":[\"https:\/\/www.facebook.com\/xstylemd\",\"https:\/\/www.instagram.com\/xstyle_md\/\",\"https:\/\/t.me\/xstyle_outdoor\"],\"hasMerchantReturnPolicy\":{\"@type\":\"MerchantReturnPolicy\",\"merchantReturnLink\":\"https:\/\/xstyle.md\/ro\/conditions\/\"}}]}<\/script>\n<meta property=\"product:price:amount\" content=\"695.00\" \/>\n<meta property=\"product:price:currency\" content=\"MDL\" \/>\n<meta property=\"og:availability\" content=\"instock\" \/>\n<meta property=\"product:availability\" content=\"instock\" \/>\n<meta property=\"product:retailer_item_id\" content=\"6942870305936\" \/>\n<meta property=\"product:condition\" content=\"new\" \/>\n<!-- \/ Yoast SEO plugin. -->","yoast_head_json":{"title":"Lantern\u0103 Fenix LD02 V2.0 LED - Magazin Xstyle","description":"Lanterna Fenix LD02 V2.0 LED - surs\u0103 de lumin\u0103 compact\u0103 \u0219i puternic\u0103 cu IPX8, 4 moduri de func\u021bionare \u0219i iluminare UV. Ideal\u0103 pentru diverse situa\u021bii!","robots":{"index":"index","follow":"follow","max-snippet":"max-snippet:-1","max-image-preview":"max-image-preview:large","max-video-preview":"max-video-preview:-1"},"canonical":"https:\/\/xstyle.md\/ro\/produs\/fonar-fenix-ld02-v2-0-led\/","og_locale":"ro_RO","og_type":"article","og_title":"\u0424\u043e\u043d\u0430\u0440\u044c Fenix LD02 V2.0 LED - \u041c\u0430\u0433\u0430\u0437\u0438\u043d Xstyle","og_description":"\u0424\u043e\u043d\u0430\u0440\u044c Fenix LD02 V2.0 LED - \u043a\u043e\u043c\u043f\u0430\u043a\u0442\u043d\u044b\u0439 \u0438 \u043c\u043e\u0449\u043d\u044b\u0439 \u0438\u0441\u0442\u043e\u0447\u043d\u0438\u043a \u0441\u0432\u0435\u0442\u0430 \u0441 IPX8, 4 \u0440\u0435\u0436\u0438\u043c\u0430\u043c\u0438 \u0440\u0430\u0431\u043e\u0442\u044b \u0438 UV-\u043e\u0441\u0432\u0435\u0449\u0435\u043d\u0438\u0435\u043c. \u0418\u0434\u0435\u0430\u043b\u0435\u043d \u0434\u043b\u044f \u0440\u0430\u0437\u043b\u0438\u0447\u043d\u044b\u0445 \u0441\u0438\u0442\u0443\u0430\u0446\u0438\u0439!","og_url":"https:\/\/xstyle.md\/ro\/produs\/fonar-fenix-ld02-v2-0-led\/","og_site_name":"\u041c\u0430\u0433\u0430\u0437\u0438\u043d Xstyle","article_publisher":"https:\/\/www.facebook.com\/xstylemd","article_modified_time":"2025-11-27T14:49:14+00:00","og_image":[{"width":970,"height":970,"url":"https:\/\/xstyle.md\/wp-content\/uploads\/2022\/06\/fenix-ld02-v2.0-led.jpg","type":"image\/jpeg"}],"twitter_card":"summary_large_image","twitter_misc":{"Pre\u021b":"695&nbsp;MDL","Disponibilitate":"\u00cen stoc"},"schema":{"@context":"https:\/\/schema.org","@graph":[{"@type":"WebPage","@id":"https:\/\/xstyle.md\/product\/fonar-fenix-ld02-v2-0-led\/","url":"https:\/\/xstyle.md\/product\/fonar-fenix-ld02-v2-0-led\/","name":"Lantern\u0103 Fenix LD02 V2.0 LED - Magazin Xstyle","isPartOf":{"@id":"https:\/\/xstyle.md\/#website"},"primaryImageOfPage":{"@id":"https:\/\/xstyle.md\/product\/fonar-fenix-ld02-v2-0-led\/#primaryimage"},"image":{"@id":"https:\/\/xstyle.md\/product\/fonar-fenix-ld02-v2-0-led\/#primaryimage"},"thumbnailUrl":"https:\/\/xstyle.md\/wp-content\/uploads\/2022\/06\/fenix-ld02-v2.0-led.jpg","datePublished":"2022-06-16T10:13:13+00:00","dateModified":"2025-11-27T14:49:14+00:00","description":"Lanterna Fenix LD02 V2.0 LED - surs\u0103 de lumin\u0103 compact\u0103 \u0219i puternic\u0103 cu IPX8, 4 moduri de func\u021bionare \u0219i iluminare UV. Ideal\u0103 pentru diverse situa\u021bii!","breadcrumb":{"@id":"https:\/\/xstyle.md\/product\/fonar-fenix-ld02-v2-0-led\/#breadcrumb"},"inLanguage":"ro-RO","potentialAction":[{"@type":"ReadAction","target":["https:\/\/xstyle.md\/product\/fonar-fenix-ld02-v2-0-led\/"]}]},{"@type":"ImageObject","inLanguage":"ro-RO","@id":"https:\/\/xstyle.md\/product\/fonar-fenix-ld02-v2-0-led\/#primaryimage","url":"https:\/\/xstyle.md\/wp-content\/uploads\/2022\/06\/fenix-ld02-v2.0-led.jpg","contentUrl":"https:\/\/xstyle.md\/wp-content\/uploads\/2022\/06\/fenix-ld02-v2.0-led.jpg","width":970,"height":970,"caption":"\u0424\u043e\u043d\u0430\u0440\u044c Fenix LD02 V2.0 LED \u0434\u043b\u044f \u0430\u043a\u0442\u0438\u0432\u043d\u043e\u0433\u043e \u043e\u0442\u0434\u044b\u0445\u0430, \u043f\u0443\u0442\u0435\u0448\u0435\u0441\u0442\u0432\u0438\u0439, \u043f\u043e\u0445\u043e\u0434\u043e\u0432, \u0432\u043e\u0441\u0445\u043e\u0436\u0434\u0435\u043d\u0438\u044f, \u044d\u043a\u0438\u043f\u0438\u0440\u043e\u0432\u043a\u0438 \u0434\u043b\u044f \u0442\u043e\u0432\u0430\u0440\u043e\u0432 \u0434\u043b\u044f \u0442\u0443\u0440\u0438\u0437\u043c\u0430 \u0438 \u043f\u0443\u0442\u0435\u0448\u0435\u0441\u0442\u0432\u0438\u0439 \u0432 \u0438\u043d\u0442\u0435\u0440\u043d\u0435\u0442-\u043c\u0430\u0433\u0430\u0437\u0438\u043d\u0435"},{"@type":"BreadcrumbList","@id":"https:\/\/xstyle.md\/product\/fonar-fenix-ld02-v2-0-led\/#breadcrumb","itemListElement":[{"@type":"ListItem","position":1,"name":"\u0413\u043b\u0430\u0432\u043d\u0430\u044f \u0441\u0442\u0440\u0430\u043d\u0438\u0446\u0430","item":"https:\/\/xstyle.md\/"},{"@type":"ListItem","position":2,"name":"\u041c\u0430\u0433\u0430\u0437\u0438\u043d","item":"https:\/\/xstyle.md\/shop\/"},{"@type":"ListItem","position":3,"name":"\u0424\u043e\u043d\u0430\u0440\u044c Fenix LD02 V2.0 LED"}]},{"@type":"WebSite","@id":"https:\/\/xstyle.md\/#website","url":"https:\/\/xstyle.md\/","name":"Magazinul X-Style","description":"Echipamente pentru turism \u0219i sporturi extreme \u00een Moldova. Pre\u021buri, fotografii, caracteristici \u00een Moldova.","publisher":{"@id":"https:\/\/xstyle.md\/#organization"},"alternateName":"X-Style","potentialAction":[{"@type":"SearchAction","target":{"@type":"EntryPoint","urlTemplate":"https:\/\/xstyle.md\/?s={search_term_string}"},"query-input":{"@type":"PropertyValueSpecification","valueRequired":true,"valueName":"search_term_string"}}],"inLanguage":"ro-RO"},{"@type":"Organization","@id":"https:\/\/xstyle.md\/#organization","name":"Magazinul X-Style","alternateName":"x-style","url":"https:\/\/xstyle.md\/","logo":{"@type":"ImageObject","inLanguage":"ro-RO","@id":"https:\/\/xstyle.md\/#\/schema\/logo\/image\/","url":"https:\/\/xstyle.md\/wp-content\/uploads\/2020\/06\/logoicon.svg","contentUrl":"https:\/\/xstyle.md\/wp-content\/uploads\/2020\/06\/logoicon.svg","caption":"\u041c\u0430\u0433\u0430\u0437\u0438\u043d Xstyle"},"image":{"@id":"https:\/\/xstyle.md\/#\/schema\/logo\/image\/"},"sameAs":["https:\/\/www.facebook.com\/xstylemd","https:\/\/www.instagram.com\/xstyle_md\/","https:\/\/t.me\/xstyle_outdoor"],"hasMerchantReturnPolicy":{"@type":"MerchantReturnPolicy","merchantReturnLink":"https:\/\/xstyle.md\/ro\/conditions\/"}}]},"product_price_amount":"695.00","product_price_currency":"MDL","og_availability":"instock","product_availability":"instock","product_retailer_item_id":"6942870305936","product_condition":"new"},"post_mailing_queue_ids":[],"_links":{"self":[{"href":"https:\/\/xstyle.md\/ro\/wp-json\/wp\/v2\/product\/48776","targetHints":{"allow":["GET"]}}],"collection":[{"href":"https:\/\/xstyle.md\/ro\/wp-json\/wp\/v2\/product"}],"about":[{"href":"https:\/\/xstyle.md\/ro\/wp-json\/wp\/v2\/types\/product"}],"replies":[{"embeddable":true,"href":"https:\/\/xstyle.md\/ro\/wp-json\/wp\/v2\/comments?post=48776"}],"wp:featuredmedia":[{"embeddable":true,"href":"https:\/\/xstyle.md\/ro\/wp-json\/wp\/v2\/media\/49630"}],"wp:attachment":[{"href":"https:\/\/xstyle.md\/ro\/wp-json\/wp\/v2\/media?parent=48776"}],"wp:term":[{"taxonomy":"product_brand","embeddable":true,"href":"https:\/\/xstyle.md\/ro\/wp-json\/wp\/v2\/product_brand?post=48776"},{"taxonomy":"product_cat","embeddable":true,"href":"https:\/\/xstyle.md\/ro\/wp-json\/wp\/v2\/product_cat?post=48776"},{"taxonomy":"product_tag","embeddable":true,"href":"https:\/\/xstyle.md\/ro\/wp-json\/wp\/v2\/product_tag?post=48776"}],"curies":[{"name":"wp","href":"https:\/\/api.w.org\/{rel}","templated":true}]}}