{"id":48766,"date":"2022-06-16T13:13:11","date_gmt":"2022-06-16T10:13:11","guid":{"rendered":"https:\/\/xstyle.md\/?post_type=product&#038;p=48766"},"modified":"2026-02-17T18:26:47","modified_gmt":"2026-02-17T15:26:47","slug":"fonar-fenix-cl20r-led","status":"publish","type":"product","link":"https:\/\/xstyle.md\/ro\/produs\/fonar-fenix-cl20r-led\/","title":{"rendered":"Lantern\u0103 Fenix CL20R LED"},"content":{"rendered":"<\/p>\n<p><strong>Fenix CL20R LED<\/strong> &#8212; lantern\u0103 de camping destinat\u0103 organiz\u0103rii iluminatului \u00eentr-un camping sau camping rural. Ofer\u0103 o lumin\u0103 alb\u0103 difuz\u0103 cu o luminozitate maxim\u0103 de 165 de lumeni \u0219i poate func\u021biona, de asemenea, \u00een modul lumin\u0103 ro\u0219ie slab\u0103 \u0219i semnal SOS intermitent.<\/p>\n<p>\u00cen sistemul optic al modelului CL20 sunt integrate \u00een total 9 diode de culoare alb\u0103 \u0219i 2 diode de culoare ro\u0219ie. Difuzorul din acest felinar are o form\u0103 special\u0103. Este o lentil\u0103 convex\u0103 larg\u0103, care const\u0103 din 246 de elemente asferice. Acest design v\u0103 permite s\u0103 ob\u021bine\u021bi o iluminare uniform\u0103 cu lumin\u0103 alb\u0103 pe o raz\u0103 de 5 metri de la felinar. Luminozitatea pe care utilizatorii o pot seta dup\u0103 cum urmeaz\u0103: Mod Turbo &#8212; 165 lumeni, Mod High &#8212; 100 lumeni, Mod Mid &#8212; 50 lumeni, Mod Low &#8212; 8 lumeni.<\/p>\n<h3>Particularit\u0103\u021bi<\/h3>\n<ul>\n<li>Posibilitatea de a porni lumina alb\u0103 sau ro\u0219ie<\/li>\n<li>\u0218ase moduri de func\u021bionare<\/li>\n<li>Func\u021bionare cu baterii CR123A \u0219i AA<\/li>\n<li>Stabilizare digital\u0103 a tensiunii \u0219i a luminozit\u0103\u021bii<\/li>\n<li>Magnet pentru fixarea pe suprafe\u021be metalice<\/li>\n<li>Lentile de difuzie larg\u0103<\/li>\n<li>Protec\u021bie \u00eempotriva umezelii conform standardului interna\u021bional ANSIIPX-6<\/li>\n<li>Carcas\u0103 din plastic robust\u0103 \u0219i u\u0219oar\u0103.<\/li>\n<\/ul>\n<h3>Caracteristici<\/h3>\n<ul>\n<li>Tipul de alimentare &#8212; 2 x AA, CR123<\/li>\n<li>Putere &#8212; p\u00e2n\u0103 la 500 lm<\/li>\n<li>Flux luminos &#8212; 165 lm<\/li>\n<li>Raza de ac\u021biune a fasciculului &#8212; 10 m<\/li>\n<li>Timp maxim de func\u021bionare &#8212; 71 de ore<\/li>\n<li>Rezistent la ap\u0103 &#8212; IPX6<\/li>\n<li>Material &#8212; plastic, aluminiu pentru aeronave<\/li>\n<li>Greutate &#8212; 103 g.<\/li>\n<\/ul>\n<p><\/p>","protected":false},"excerpt":{"rendered":"","protected":false},"featured_media":49585,"comment_status":"open","ping_status":"closed","template":"","meta":{"_acf_changed":false,"inline_featured_image":false},"product_brand":[1351],"product_cat":[329],"product_tag":[],"class_list":{"0":"post-48766","1":"product","2":"type-product","3":"status-publish","4":"has-post-thumbnail","6":"product_brand-fenix","7":"product_cat-camping-lights","9":"first","10":"instock","11":"featured","12":"shipping-taxable","13":"purchasable","14":"product-type-simple"},"acf":[],"yoast_head":"<!-- This site is optimized with the Yoast SEO plugin v27.2 - https:\/\/yoast.com\/product\/yoast-seo-wordpress\/ -->\n<title>\u0424\u043e\u043d\u0430\u0440\u044c Fenix CL20R LED - \u041c\u0430\u0433\u0430\u0437\u0438\u043d Xstyle<\/title>\n<meta name=\"description\" content=\"\u0424\u043e\u043d\u0430\u0440\u044c Fenix CL20R LED \u043c\u043e\u0449\u043d\u043e\u0441\u0442\u044c\u044e 165 \u041b\u043c: \u0438\u0434\u0435\u0430\u043b\u0435\u043d \u0434\u043b\u044f \u043a\u0435\u043c\u043f\u0438\u043d\u0433\u0430. \u0412\u043e\u0434\u043e\u043d\u0435\u043f\u0440\u043e\u043d\u0438\u0446\u0430\u0435\u043c\u044b\u0439, \u0440\u0430\u0431\u043e\u0442\u0430\u0435\u0442 \u0432 \u0440\u0430\u0437\u043d\u044b\u0445 \u0440\u0435\u0436\u0438\u043c\u0430\u0445, \u0432\u043a\u043b\u044e\u0447\u0430\u044f SOS. \u041e\u0442\u043b\u0438\u0447\u043d\u043e\u0435 \u043e\u0441\u0432\u0435\u0449\u0435\u043d\u0438\u0435 \u043d\u0430 \u043f\u0440\u0438\u0440\u043e\u0434\u0435!\" \/>\n<meta name=\"robots\" content=\"index, follow, max-snippet:-1, max-image-preview:large, max-video-preview:-1\" \/>\n<link rel=\"canonical\" href=\"https:\/\/xstyle.md\/ro\/produs\/fonar-fenix-cl20r-led\/\" \/>\n<meta property=\"og:locale\" content=\"ro_RO\" \/>\n<meta property=\"og:type\" content=\"article\" \/>\n<meta property=\"og:title\" content=\"\u0424\u043e\u043d\u0430\u0440\u044c Fenix CL20R LED - \u041c\u0430\u0433\u0430\u0437\u0438\u043d Xstyle\" \/>\n<meta property=\"og:description\" content=\"\u0424\u043e\u043d\u0430\u0440\u044c Fenix CL20R LED \u043c\u043e\u0449\u043d\u043e\u0441\u0442\u044c\u044e 165 \u041b\u043c: \u0438\u0434\u0435\u0430\u043b\u0435\u043d \u0434\u043b\u044f \u043a\u0435\u043c\u043f\u0438\u043d\u0433\u0430. \u0412\u043e\u0434\u043e\u043d\u0435\u043f\u0440\u043e\u043d\u0438\u0446\u0430\u0435\u043c\u044b\u0439, \u0440\u0430\u0431\u043e\u0442\u0430\u0435\u0442 \u0432 \u0440\u0430\u0437\u043d\u044b\u0445 \u0440\u0435\u0436\u0438\u043c\u0430\u0445, \u0432\u043a\u043b\u044e\u0447\u0430\u044f SOS. \u041e\u0442\u043b\u0438\u0447\u043d\u043e\u0435 \u043e\u0441\u0432\u0435\u0449\u0435\u043d\u0438\u0435 \u043d\u0430 \u043f\u0440\u0438\u0440\u043e\u0434\u0435!\" \/>\n<meta property=\"og:url\" content=\"https:\/\/xstyle.md\/ro\/produs\/fonar-fenix-cl20r-led\/\" \/>\n<meta property=\"og:site_name\" content=\"\u041c\u0430\u0433\u0430\u0437\u0438\u043d Xstyle\" \/>\n<meta property=\"article:publisher\" content=\"https:\/\/www.facebook.com\/xstylemd\" \/>\n<meta property=\"article:modified_time\" content=\"2026-02-17T15:26:47+00:00\" \/>\n<meta property=\"og:image\" content=\"https:\/\/xstyle.md\/wp-content\/uploads\/2022\/06\/fenix-cl20r-led.jpg\" \/>\n\t<meta property=\"og:image:width\" content=\"1200\" \/>\n\t<meta property=\"og:image:height\" content=\"900\" \/>\n\t<meta property=\"og:image:type\" content=\"image\/jpeg\" \/>\n<meta name=\"twitter:card\" content=\"summary_large_image\" \/>\n<meta name=\"twitter:label1\" content=\"Pre\u021b\" \/>\n\t<meta name=\"twitter:data1\" content=\"1.150&nbsp;MDL\" \/>\n\t<meta name=\"twitter:label2\" content=\"Disponibilitate\" \/>\n\t<meta name=\"twitter:data2\" content=\"\u00cen stoc\" \/>\n<script type=\"application\/ld+json\" class=\"yoast-schema-graph\">{\"@context\":\"https:\/\/schema.org\",\"@graph\":[{\"@type\":\"WebPage\",\"@id\":\"https:\/\/xstyle.md\/product\/fonar-fenix-cl20r-led\/\",\"url\":\"https:\/\/xstyle.md\/product\/fonar-fenix-cl20r-led\/\",\"name\":\"\u0424\u043e\u043d\u0430\u0440\u044c Fenix CL20R LED - \u041c\u0430\u0433\u0430\u0437\u0438\u043d Xstyle\",\"isPartOf\":{\"@id\":\"https:\/\/xstyle.md\/#website\"},\"primaryImageOfPage\":{\"@id\":\"https:\/\/xstyle.md\/product\/fonar-fenix-cl20r-led\/#primaryimage\"},\"image\":{\"@id\":\"https:\/\/xstyle.md\/product\/fonar-fenix-cl20r-led\/#primaryimage\"},\"thumbnailUrl\":\"https:\/\/xstyle.md\/wp-content\/uploads\/2022\/06\/fenix-cl20r-led.jpg\",\"datePublished\":\"2022-06-16T10:13:11+00:00\",\"dateModified\":\"2026-02-17T15:26:47+00:00\",\"description\":\"\u0424\u043e\u043d\u0430\u0440\u044c Fenix CL20R LED \u043c\u043e\u0449\u043d\u043e\u0441\u0442\u044c\u044e 165 \u041b\u043c: \u0438\u0434\u0435\u0430\u043b\u0435\u043d \u0434\u043b\u044f \u043a\u0435\u043c\u043f\u0438\u043d\u0433\u0430. \u0412\u043e\u0434\u043e\u043d\u0435\u043f\u0440\u043e\u043d\u0438\u0446\u0430\u0435\u043c\u044b\u0439, \u0440\u0430\u0431\u043e\u0442\u0430\u0435\u0442 \u0432 \u0440\u0430\u0437\u043d\u044b\u0445 \u0440\u0435\u0436\u0438\u043c\u0430\u0445, \u0432\u043a\u043b\u044e\u0447\u0430\u044f SOS. \u041e\u0442\u043b\u0438\u0447\u043d\u043e\u0435 \u043e\u0441\u0432\u0435\u0449\u0435\u043d\u0438\u0435 \u043d\u0430 \u043f\u0440\u0438\u0440\u043e\u0434\u0435!\",\"breadcrumb\":{\"@id\":\"https:\/\/xstyle.md\/product\/fonar-fenix-cl20r-led\/#breadcrumb\"},\"inLanguage\":\"ro-RO\",\"potentialAction\":[{\"@type\":\"ReadAction\",\"target\":[\"https:\/\/xstyle.md\/product\/fonar-fenix-cl20r-led\/\"]}]},{\"@type\":\"ImageObject\",\"inLanguage\":\"ro-RO\",\"@id\":\"https:\/\/xstyle.md\/product\/fonar-fenix-cl20r-led\/#primaryimage\",\"url\":\"https:\/\/xstyle.md\/wp-content\/uploads\/2022\/06\/fenix-cl20r-led.jpg\",\"contentUrl\":\"https:\/\/xstyle.md\/wp-content\/uploads\/2022\/06\/fenix-cl20r-led.jpg\",\"width\":1200,\"height\":900,\"caption\":\"\u0422\u0435\u043d\u0442\u043e\u0432\u044b\u0439 \u0444\u043e\u043d\u0430\u0440\u044c Fenix CL20R LED \u0434\u043b\u044f \u0430\u043a\u0442\u0438\u0432\u043d\u043e\u0433\u043e \u043e\u0442\u0434\u044b\u0445\u0430 \u043f\u043e\u0445\u043e\u0434\u043e\u0432 \u0438 \u043f\u0443\u0442\u0435\u0448\u0435\u0441\u0442\u0432\u0438\u0439 \u0441 \u044f\u0440\u043a\u0438\u043c \u043e\u0441\u0432\u0435\u0449\u0435\u043d\u0438\u0435\u043c, \u043f\u043e\u0434\u0445\u043e\u0434\u0438\u0442 \u0434\u043b\u044f \u0442\u0443\u0440\u0438\u0441\u0442\u0438\u0447\u0435\u0441\u043a\u043e\u0439 \u044d\u043a\u0438\u043f\u0438\u0440\u043e\u0432\u043a\u0438, \u0441\u043f\u043e\u0440\u0442\u0430, \u0430\u043b\u044c\u043f\u0438\u043d\u0438\u0437\u043c\u0430 \u0438 \u0430\u043a\u0442\u0438\u0432\u043d\u044b\u0445 \u0432\u0438\u0434\u043e\u0432 \u043e\u0442\u0434\u044b\u0445\u0430 \u0432 \u0438\u043d\u0442\u0435\u0440\u043d\u0435\u0442-\u043c\u0430\u0433\u0430\u0437\u0438\u043d\u0435 \u0442\u043e\u0432\u0430\u0440\u043e\u0432 \u0434\u043b\u044f \u0430\u043a\u0442\u0438\u0432\u043d\u043e\u0439 \u0436\u0438\u0437\u043d\u0438\"},{\"@type\":\"BreadcrumbList\",\"@id\":\"https:\/\/xstyle.md\/product\/fonar-fenix-cl20r-led\/#breadcrumb\",\"itemListElement\":[{\"@type\":\"ListItem\",\"position\":1,\"name\":\"\u0413\u043b\u0430\u0432\u043d\u0430\u044f \u0441\u0442\u0440\u0430\u043d\u0438\u0446\u0430\",\"item\":\"https:\/\/xstyle.md\/\"},{\"@type\":\"ListItem\",\"position\":2,\"name\":\"\u041c\u0430\u0433\u0430\u0437\u0438\u043d\",\"item\":\"https:\/\/xstyle.md\/shop\/\"},{\"@type\":\"ListItem\",\"position\":3,\"name\":\"\u0424\u043e\u043d\u0430\u0440\u044c Fenix CL20R LED\"}]},{\"@type\":\"WebSite\",\"@id\":\"https:\/\/xstyle.md\/#website\",\"url\":\"https:\/\/xstyle.md\/\",\"name\":\"\u041c\u0430\u0433\u0430\u0437\u0438\u043d Xstyle\",\"description\":\"C\u043d\u0430\u0440\u044f\u0436\u0435\u043d\u0438\u0435 \u0434\u043b\u044f \u0442\u0443\u0440\u0438\u0437\u043c\u0430 \u0438 \u044d\u043a\u0441\u0442\u0440\u0435\u043c\u0430\u043b\u044c\u043d\u044b\u0445 \u0432\u0438\u0434\u043e\u0432 \u0441\u043f\u043e\u0440\u0442\u0430 \u0432 \u041c\u043e\u043b\u0434\u043e\u0432\u0435.. \u0426\u0435\u043d\u044b, \u0444\u043e\u0442\u043e, \u0445\u0430\u0440\u0430\u043a\u0442\u0435\u0440\u0438\u0441\u0442\u0438\u043a\u0438 \u0432 \u041c\u043e\u043b\u0434\u043e\u0432\u0435.\",\"publisher\":{\"@id\":\"https:\/\/xstyle.md\/#organization\"},\"alternateName\":\"X-Style\",\"potentialAction\":[{\"@type\":\"SearchAction\",\"target\":{\"@type\":\"EntryPoint\",\"urlTemplate\":\"https:\/\/xstyle.md\/?s={search_term_string}\"},\"query-input\":{\"@type\":\"PropertyValueSpecification\",\"valueRequired\":true,\"valueName\":\"search_term_string\"}}],\"inLanguage\":\"ro-RO\"},{\"@type\":\"Organization\",\"@id\":\"https:\/\/xstyle.md\/#organization\",\"name\":\"\u041c\u0430\u0433\u0430\u0437\u0438\u043d Xstyle\",\"alternateName\":\"x-style\",\"url\":\"https:\/\/xstyle.md\/\",\"logo\":{\"@type\":\"ImageObject\",\"inLanguage\":\"ro-RO\",\"@id\":\"https:\/\/xstyle.md\/#\/schema\/logo\/image\/\",\"url\":\"https:\/\/xstyle.md\/wp-content\/uploads\/2020\/06\/logoicon.svg\",\"contentUrl\":\"https:\/\/xstyle.md\/wp-content\/uploads\/2020\/06\/logoicon.svg\",\"caption\":\"\u041c\u0430\u0433\u0430\u0437\u0438\u043d Xstyle\"},\"image\":{\"@id\":\"https:\/\/xstyle.md\/#\/schema\/logo\/image\/\"},\"sameAs\":[\"https:\/\/www.facebook.com\/xstylemd\",\"https:\/\/www.instagram.com\/xstyle_md\/\",\"https:\/\/t.me\/xstyle_outdoor\"],\"hasMerchantReturnPolicy\":{\"@type\":\"MerchantReturnPolicy\",\"merchantReturnLink\":\"https:\/\/xstyle.md\/ro\/conditions\/\"}}]}<\/script>\n<meta property=\"product:price:amount\" content=\"1150.00\" \/>\n<meta property=\"product:price:currency\" content=\"MDL\" \/>\n<meta property=\"og:availability\" content=\"instock\" \/>\n<meta property=\"product:availability\" content=\"instock\" \/>\n<meta property=\"product:retailer_item_id\" content=\"6942870305226\" \/>\n<meta property=\"product:condition\" content=\"new\" \/>\n<!-- \/ Yoast SEO plugin. -->","yoast_head_json":{"title":"Lantern\u0103 Fenix CL20R LED - Magazin Xstyle","description":"Lanterna Fenix CL20R LED cu o putere de 165 Lm: ideal\u0103 pentru camping. Rezistent\u0103 la ap\u0103, func\u021bioneaz\u0103 \u00een diferite moduri, inclusiv SOS. Iluminare excelent\u0103 \u00een natur\u0103!","robots":{"index":"index","follow":"follow","max-snippet":"max-snippet:-1","max-image-preview":"max-image-preview:large","max-video-preview":"max-video-preview:-1"},"canonical":"https:\/\/xstyle.md\/ro\/produs\/fonar-fenix-cl20r-led\/","og_locale":"ro_RO","og_type":"article","og_title":"\u0424\u043e\u043d\u0430\u0440\u044c Fenix CL20R LED - \u041c\u0430\u0433\u0430\u0437\u0438\u043d Xstyle","og_description":"\u0424\u043e\u043d\u0430\u0440\u044c Fenix CL20R LED \u043c\u043e\u0449\u043d\u043e\u0441\u0442\u044c\u044e 165 \u041b\u043c: \u0438\u0434\u0435\u0430\u043b\u0435\u043d \u0434\u043b\u044f \u043a\u0435\u043c\u043f\u0438\u043d\u0433\u0430. \u0412\u043e\u0434\u043e\u043d\u0435\u043f\u0440\u043e\u043d\u0438\u0446\u0430\u0435\u043c\u044b\u0439, \u0440\u0430\u0431\u043e\u0442\u0430\u0435\u0442 \u0432 \u0440\u0430\u0437\u043d\u044b\u0445 \u0440\u0435\u0436\u0438\u043c\u0430\u0445, \u0432\u043a\u043b\u044e\u0447\u0430\u044f SOS. \u041e\u0442\u043b\u0438\u0447\u043d\u043e\u0435 \u043e\u0441\u0432\u0435\u0449\u0435\u043d\u0438\u0435 \u043d\u0430 \u043f\u0440\u0438\u0440\u043e\u0434\u0435!","og_url":"https:\/\/xstyle.md\/ro\/produs\/fonar-fenix-cl20r-led\/","og_site_name":"\u041c\u0430\u0433\u0430\u0437\u0438\u043d Xstyle","article_publisher":"https:\/\/www.facebook.com\/xstylemd","article_modified_time":"2026-02-17T15:26:47+00:00","og_image":[{"width":1200,"height":900,"url":"https:\/\/xstyle.md\/wp-content\/uploads\/2022\/06\/fenix-cl20r-led.jpg","type":"image\/jpeg"}],"twitter_card":"summary_large_image","twitter_misc":{"Pre\u021b":"1.150&nbsp;MDL","Disponibilitate":"\u00cen stoc"},"schema":{"@context":"https:\/\/schema.org","@graph":[{"@type":"WebPage","@id":"https:\/\/xstyle.md\/product\/fonar-fenix-cl20r-led\/","url":"https:\/\/xstyle.md\/product\/fonar-fenix-cl20r-led\/","name":"Lantern\u0103 Fenix CL20R LED - Magazin Xstyle","isPartOf":{"@id":"https:\/\/xstyle.md\/#website"},"primaryImageOfPage":{"@id":"https:\/\/xstyle.md\/product\/fonar-fenix-cl20r-led\/#primaryimage"},"image":{"@id":"https:\/\/xstyle.md\/product\/fonar-fenix-cl20r-led\/#primaryimage"},"thumbnailUrl":"https:\/\/xstyle.md\/wp-content\/uploads\/2022\/06\/fenix-cl20r-led.jpg","datePublished":"2022-06-16T10:13:11+00:00","dateModified":"2026-02-17T15:26:47+00:00","description":"Lanterna Fenix CL20R LED cu o putere de 165 Lm: ideal\u0103 pentru camping. Rezistent\u0103 la ap\u0103, func\u021bioneaz\u0103 \u00een diferite moduri, inclusiv SOS. Iluminare excelent\u0103 \u00een natur\u0103!","breadcrumb":{"@id":"https:\/\/xstyle.md\/product\/fonar-fenix-cl20r-led\/#breadcrumb"},"inLanguage":"ro-RO","potentialAction":[{"@type":"ReadAction","target":["https:\/\/xstyle.md\/product\/fonar-fenix-cl20r-led\/"]}]},{"@type":"ImageObject","inLanguage":"ro-RO","@id":"https:\/\/xstyle.md\/product\/fonar-fenix-cl20r-led\/#primaryimage","url":"https:\/\/xstyle.md\/wp-content\/uploads\/2022\/06\/fenix-cl20r-led.jpg","contentUrl":"https:\/\/xstyle.md\/wp-content\/uploads\/2022\/06\/fenix-cl20r-led.jpg","width":1200,"height":900,"caption":"\u0422\u0435\u043d\u0442\u043e\u0432\u044b\u0439 \u0444\u043e\u043d\u0430\u0440\u044c Fenix CL20R LED \u0434\u043b\u044f \u0430\u043a\u0442\u0438\u0432\u043d\u043e\u0433\u043e \u043e\u0442\u0434\u044b\u0445\u0430 \u043f\u043e\u0445\u043e\u0434\u043e\u0432 \u0438 \u043f\u0443\u0442\u0435\u0448\u0435\u0441\u0442\u0432\u0438\u0439 \u0441 \u044f\u0440\u043a\u0438\u043c \u043e\u0441\u0432\u0435\u0449\u0435\u043d\u0438\u0435\u043c, \u043f\u043e\u0434\u0445\u043e\u0434\u0438\u0442 \u0434\u043b\u044f \u0442\u0443\u0440\u0438\u0441\u0442\u0438\u0447\u0435\u0441\u043a\u043e\u0439 \u044d\u043a\u0438\u043f\u0438\u0440\u043e\u0432\u043a\u0438, \u0441\u043f\u043e\u0440\u0442\u0430, \u0430\u043b\u044c\u043f\u0438\u043d\u0438\u0437\u043c\u0430 \u0438 \u0430\u043a\u0442\u0438\u0432\u043d\u044b\u0445 \u0432\u0438\u0434\u043e\u0432 \u043e\u0442\u0434\u044b\u0445\u0430 \u0432 \u0438\u043d\u0442\u0435\u0440\u043d\u0435\u0442-\u043c\u0430\u0433\u0430\u0437\u0438\u043d\u0435 \u0442\u043e\u0432\u0430\u0440\u043e\u0432 \u0434\u043b\u044f \u0430\u043a\u0442\u0438\u0432\u043d\u043e\u0439 \u0436\u0438\u0437\u043d\u0438"},{"@type":"BreadcrumbList","@id":"https:\/\/xstyle.md\/product\/fonar-fenix-cl20r-led\/#breadcrumb","itemListElement":[{"@type":"ListItem","position":1,"name":"\u0413\u043b\u0430\u0432\u043d\u0430\u044f \u0441\u0442\u0440\u0430\u043d\u0438\u0446\u0430","item":"https:\/\/xstyle.md\/"},{"@type":"ListItem","position":2,"name":"\u041c\u0430\u0433\u0430\u0437\u0438\u043d","item":"https:\/\/xstyle.md\/shop\/"},{"@type":"ListItem","position":3,"name":"\u0424\u043e\u043d\u0430\u0440\u044c Fenix CL20R LED"}]},{"@type":"WebSite","@id":"https:\/\/xstyle.md\/#website","url":"https:\/\/xstyle.md\/","name":"Magazinul X-Style","description":"Echipamente pentru turism \u0219i sporturi extreme \u00een Moldova. Pre\u021buri, fotografii, caracteristici \u00een Moldova.","publisher":{"@id":"https:\/\/xstyle.md\/#organization"},"alternateName":"X-Style","potentialAction":[{"@type":"SearchAction","target":{"@type":"EntryPoint","urlTemplate":"https:\/\/xstyle.md\/?s={search_term_string}"},"query-input":{"@type":"PropertyValueSpecification","valueRequired":true,"valueName":"search_term_string"}}],"inLanguage":"ro-RO"},{"@type":"Organization","@id":"https:\/\/xstyle.md\/#organization","name":"Magazinul X-Style","alternateName":"x-style","url":"https:\/\/xstyle.md\/","logo":{"@type":"ImageObject","inLanguage":"ro-RO","@id":"https:\/\/xstyle.md\/#\/schema\/logo\/image\/","url":"https:\/\/xstyle.md\/wp-content\/uploads\/2020\/06\/logoicon.svg","contentUrl":"https:\/\/xstyle.md\/wp-content\/uploads\/2020\/06\/logoicon.svg","caption":"\u041c\u0430\u0433\u0430\u0437\u0438\u043d Xstyle"},"image":{"@id":"https:\/\/xstyle.md\/#\/schema\/logo\/image\/"},"sameAs":["https:\/\/www.facebook.com\/xstylemd","https:\/\/www.instagram.com\/xstyle_md\/","https:\/\/t.me\/xstyle_outdoor"],"hasMerchantReturnPolicy":{"@type":"MerchantReturnPolicy","merchantReturnLink":"https:\/\/xstyle.md\/ro\/conditions\/"}}]},"product_price_amount":"1150.00","product_price_currency":"MDL","og_availability":"instock","product_availability":"instock","product_retailer_item_id":"6942870305226","product_condition":"new"},"post_mailing_queue_ids":[],"_links":{"self":[{"href":"https:\/\/xstyle.md\/ro\/wp-json\/wp\/v2\/product\/48766","targetHints":{"allow":["GET"]}}],"collection":[{"href":"https:\/\/xstyle.md\/ro\/wp-json\/wp\/v2\/product"}],"about":[{"href":"https:\/\/xstyle.md\/ro\/wp-json\/wp\/v2\/types\/product"}],"replies":[{"embeddable":true,"href":"https:\/\/xstyle.md\/ro\/wp-json\/wp\/v2\/comments?post=48766"}],"wp:featuredmedia":[{"embeddable":true,"href":"https:\/\/xstyle.md\/ro\/wp-json\/wp\/v2\/media\/49585"}],"wp:attachment":[{"href":"https:\/\/xstyle.md\/ro\/wp-json\/wp\/v2\/media?parent=48766"}],"wp:term":[{"taxonomy":"product_brand","embeddable":true,"href":"https:\/\/xstyle.md\/ro\/wp-json\/wp\/v2\/product_brand?post=48766"},{"taxonomy":"product_cat","embeddable":true,"href":"https:\/\/xstyle.md\/ro\/wp-json\/wp\/v2\/product_cat?post=48766"},{"taxonomy":"product_tag","embeddable":true,"href":"https:\/\/xstyle.md\/ro\/wp-json\/wp\/v2\/product_tag?post=48766"}],"curies":[{"name":"wp","href":"https:\/\/api.w.org\/{rel}","templated":true}]}}