{"id":48765,"date":"2022-06-16T13:13:11","date_gmt":"2022-06-16T10:13:11","guid":{"rendered":"https:\/\/xstyle.md\/?post_type=product&#038;p=48765"},"modified":"2026-03-19T16:48:39","modified_gmt":"2026-03-19T13:48:39","slug":"fonar-fenix-bc25r-led","status":"publish","type":"product","link":"https:\/\/xstyle.md\/ro\/produs\/fonar-fenix-bc25r-led\/","title":{"rendered":"Lantern\u0103 Fenix BC25R LED"},"content":{"rendered":"<\/p>\n<p><strong>Fenix BC25R LED<\/strong> &#8212; o lantern\u0103 frontal\u0103 pentru biciclete modern\u0103, luminoas\u0103 \u0219i confortabil\u0103, care ofer\u0103 multe avantaje fa\u021b\u0103 de luminile conven\u021bionale. Datorit\u0103 luminii sale luminoase \u0219i sistemului sofisticat de protec\u021bie \u00eempotriva deterior\u0103rilor, precum \u0219i a unei serii de tehnologii suplimentare, ofer\u0103 ciclistului un nivel ridicat de siguran\u021b\u0103 atunci c\u00e2nd circul\u0103 pe \u00eentuneric.<\/p>\n<p>Elementul central al farului pentru biciclete este LED-ul, care \u00eei permite s\u0103 produc\u0103 o iluminare de \u00eenalt\u0103 calitate. Modelul utilizat se nume\u0219te CreeXP-G3. Aceast\u0103 diod\u0103 produce o lumin\u0103 alb\u0103 neutr\u0103, care este cel mai bine perceput\u0103 de ochiul uman. O astfel de iluminare ofer\u0103 o \u00een\u021belegere clar\u0103 a distan\u021bei \u0219i a volumului. \u00cen plus, poten\u021bialul de lucru al XP-G3 este de 50.000 de ore (se ia \u00een considerare doar timpul \u00een care lanterna este pornit\u0103).<\/p>\n<p>\u00cen ceea ce prive\u0219te luminozitatea, utilizatorul poate activa un mod pentru 50, 150, 350 sau 600 de lumeni, la alegere. Un alt mod este programat pentru o lumin\u0103 intermitent\u0103 cu o luminozitate de 150 de lumeni. Se sugereaz\u0103 utilizarea acestuia pentru semnalizare sau pentru o mai bun\u0103 vizibilitate atunci c\u00e2nd se circul\u0103 \u00een amurg, \u00een cea\u021b\u0103 sau pe ploaie.<\/p>\n<h3>Modurile<\/h3>\n<ul>\n<li>Turbo: 600 lumeni de luminozitate, raza de iluminare 106 m, durata de func\u021bionare a farului \u00eenainte de desc\u0103rcare 2 h;<\/li>\n<li>High: 350 lumeni de luminozitate, raza de iluminare de 79 m, 7 ore de func\u021bionare \u00eenainte de desc\u0103rcare;<\/li>\n<li>Med: 150 lumeni de luminozitate, raza de iluminare 53 m, durata de func\u021bionare a farului \u00eenainte de desc\u0103rcare 15 ore;<\/li>\n<li>Low: 50 lumeni de luminozitate, raza de iluminare 32 m, durata de func\u021bionare a farului p\u00e2n\u0103 la desc\u0103rcare 36 de ore;<\/li>\n<li>Flash: 150 lumeni de luminozitate pentru semnalizarea intermitent\u0103.<\/li>\n<\/ul>\n<h3>Caracteristici<\/h3>\n<ul>\n<li>Putere &#8212; p\u00e2n\u0103 la 1000 lm<\/li>\n<li>Flux luminos &#8212; 600 lm<\/li>\n<li>Raza de ac\u021biune a fasciculului &#8212; 106 m<\/li>\n<li>\u00cenc\u0103rcare &#8212; prin USB<\/li>\n<li>Timp maxim de func\u021bionare &#8212; 36 de ore<\/li>\n<li>Rezistent la ap\u0103 &#8212; IP66<\/li>\n<li>Elemente de alimentare &#8212; baterie re\u00eenc\u0103rcabil\u0103 \u00eencorporat\u0103<\/li>\n<li>Material &#8212; metal, plastic<\/li>\n<li>Greutate &#8212; 155 g.<\/li>\n<\/ul>\n<h3>Marca<\/h3>\n<p>Fenix este cel mai important produc\u0103tor mondial de lanterne moderne: lanterne tactice, de c\u0103l\u0103torie, proiectoare, lanterne pentru biciclete \u0219i accesorii. Fondat\u0103 \u00een urm\u0103 cu peste 20 de ani, compania este recunoscut\u0103 de cei care apreciaz\u0103 func\u021bionalitatea \u0219i performan\u021ba. Produsele Fenix sunt utilizate pe scar\u0103 larg\u0103 \u00een cas\u0103, de c\u0103tre sportivi, drume\u021bi \u0219i organiza\u021bii specializate pentru durata de via\u021b\u0103 a bateriei, designul ergonomic \u0219i puterea lor uimitoare. Fabricate din aluminiu de avion triplu anodizat \u0219i prev\u0103zute cu sticl\u0103 incasabil\u0103, acestea sunt ideale at\u00e2t pentru utilizarea zilnic\u0103, c\u00e2t \u0219i pentru activit\u0103\u021bile \u00een aer liber.<\/p>\n<p>Produsele Fenix sunt acum disponibile \u00een peste 100 de \u021b\u0103ri, ajung\u00e2nd la zeci de milioane de utilizatori din \u00eentreaga lume.<\/p>\n<p><\/p>","protected":false},"excerpt":{"rendered":"","protected":false},"featured_media":49578,"comment_status":"open","ping_status":"closed","template":"","meta":{"_acf_changed":false,"inline_featured_image":false},"product_brand":[1351],"product_cat":[502],"product_tag":[],"class_list":{"0":"post-48765","1":"product","2":"type-product","3":"status-publish","4":"has-post-thumbnail","6":"product_brand-fenix","7":"product_cat-bicycle-lights","9":"first","10":"instock","11":"shipping-taxable","12":"purchasable","13":"product-type-simple"},"acf":[],"yoast_head":"<!-- This site is optimized with the Yoast SEO plugin v27.4 - https:\/\/yoast.com\/product\/yoast-seo-wordpress\/ -->\n<title>\u0424\u043e\u043d\u0430\u0440\u044c Fenix BC25R LED - \u041c\u0430\u0433\u0430\u0437\u0438\u043d Xstyle<\/title>\n<meta name=\"description\" content=\"\u0424\u043e\u043d\u0430\u0440\u044c Fenix BC25R LED \u0434\u043b\u044f \u0432\u0435\u043b\u043e\u0441\u0438\u043f\u0435\u0434\u043e\u0432 \u0441 600 \u043b\u043c, 5 \u0440\u0435\u0436\u0438\u043c\u0430\u043c\u0438 \u0438 \u0437\u0430\u0449\u0438\u0442\u043e\u0439 IP66. \u042f\u0440\u043a\u0438\u0439 \u0438 \u043d\u0430\u0434\u0435\u0436\u043d\u044b\u0439, \u0438\u0434\u0435\u0430\u043b\u0435\u043d \u0434\u043b\u044f \u043f\u043e\u0435\u0437\u0434\u043e\u043a \u0432 \u0442\u0435\u043c\u043d\u043e\u0442\u0435!\" \/>\n<meta name=\"robots\" content=\"index, follow, max-snippet:-1, max-image-preview:large, max-video-preview:-1\" \/>\n<link rel=\"canonical\" href=\"https:\/\/xstyle.md\/ro\/produs\/fonar-fenix-bc25r-led\/\" \/>\n<meta property=\"og:locale\" content=\"ro_RO\" \/>\n<meta property=\"og:type\" content=\"article\" \/>\n<meta property=\"og:title\" content=\"\u0424\u043e\u043d\u0430\u0440\u044c Fenix BC25R LED - \u041c\u0430\u0433\u0430\u0437\u0438\u043d Xstyle\" \/>\n<meta property=\"og:description\" content=\"\u0424\u043e\u043d\u0430\u0440\u044c Fenix BC25R LED \u0434\u043b\u044f \u0432\u0435\u043b\u043e\u0441\u0438\u043f\u0435\u0434\u043e\u0432 \u0441 600 \u043b\u043c, 5 \u0440\u0435\u0436\u0438\u043c\u0430\u043c\u0438 \u0438 \u0437\u0430\u0449\u0438\u0442\u043e\u0439 IP66. \u042f\u0440\u043a\u0438\u0439 \u0438 \u043d\u0430\u0434\u0435\u0436\u043d\u044b\u0439, \u0438\u0434\u0435\u0430\u043b\u0435\u043d \u0434\u043b\u044f \u043f\u043e\u0435\u0437\u0434\u043e\u043a \u0432 \u0442\u0435\u043c\u043d\u043e\u0442\u0435!\" \/>\n<meta property=\"og:url\" content=\"https:\/\/xstyle.md\/ro\/produs\/fonar-fenix-bc25r-led\/\" \/>\n<meta property=\"og:site_name\" content=\"\u041c\u0430\u0433\u0430\u0437\u0438\u043d Xstyle\" \/>\n<meta property=\"article:publisher\" content=\"https:\/\/www.facebook.com\/xstylemd\" \/>\n<meta property=\"article:modified_time\" content=\"2026-03-19T13:48:39+00:00\" \/>\n<meta property=\"og:image\" content=\"https:\/\/xstyle.md\/wp-content\/uploads\/2022\/06\/fenix-bc25r-led.jpg\" \/>\n\t<meta property=\"og:image:width\" content=\"970\" \/>\n\t<meta property=\"og:image:height\" content=\"970\" \/>\n\t<meta property=\"og:image:type\" content=\"image\/jpeg\" \/>\n<meta name=\"twitter:card\" content=\"summary_large_image\" \/>\n<meta name=\"twitter:label1\" content=\"Pre\u021b\" \/>\n\t<meta name=\"twitter:data1\" content=\"1.190&nbsp;MDL\" \/>\n\t<meta name=\"twitter:label2\" content=\"Disponibilitate\" \/>\n\t<meta name=\"twitter:data2\" content=\"\u00cen stoc\" \/>\n<script type=\"application\/ld+json\" class=\"yoast-schema-graph\">{\"@context\":\"https:\\\/\\\/schema.org\",\"@graph\":[{\"@type\":\"WebPage\",\"@id\":\"https:\\\/\\\/xstyle.md\\\/product\\\/fonar-fenix-bc25r-led\\\/\",\"url\":\"https:\\\/\\\/xstyle.md\\\/product\\\/fonar-fenix-bc25r-led\\\/\",\"name\":\"\u0424\u043e\u043d\u0430\u0440\u044c Fenix BC25R LED - \u041c\u0430\u0433\u0430\u0437\u0438\u043d Xstyle\",\"isPartOf\":{\"@id\":\"https:\\\/\\\/xstyle.md\\\/#website\"},\"primaryImageOfPage\":{\"@id\":\"https:\\\/\\\/xstyle.md\\\/product\\\/fonar-fenix-bc25r-led\\\/#primaryimage\"},\"image\":{\"@id\":\"https:\\\/\\\/xstyle.md\\\/product\\\/fonar-fenix-bc25r-led\\\/#primaryimage\"},\"thumbnailUrl\":\"https:\\\/\\\/xstyle.md\\\/wp-content\\\/uploads\\\/2022\\\/06\\\/fenix-bc25r-led.jpg\",\"datePublished\":\"2022-06-16T10:13:11+00:00\",\"dateModified\":\"2026-03-19T13:48:39+00:00\",\"description\":\"\u0424\u043e\u043d\u0430\u0440\u044c Fenix BC25R LED \u0434\u043b\u044f \u0432\u0435\u043b\u043e\u0441\u0438\u043f\u0435\u0434\u043e\u0432 \u0441 600 \u043b\u043c, 5 \u0440\u0435\u0436\u0438\u043c\u0430\u043c\u0438 \u0438 \u0437\u0430\u0449\u0438\u0442\u043e\u0439 IP66. \u042f\u0440\u043a\u0438\u0439 \u0438 \u043d\u0430\u0434\u0435\u0436\u043d\u044b\u0439, \u0438\u0434\u0435\u0430\u043b\u0435\u043d \u0434\u043b\u044f \u043f\u043e\u0435\u0437\u0434\u043e\u043a \u0432 \u0442\u0435\u043c\u043d\u043e\u0442\u0435!\",\"breadcrumb\":{\"@id\":\"https:\\\/\\\/xstyle.md\\\/product\\\/fonar-fenix-bc25r-led\\\/#breadcrumb\"},\"inLanguage\":\"ro-RO\",\"potentialAction\":[{\"@type\":\"ReadAction\",\"target\":[\"https:\\\/\\\/xstyle.md\\\/product\\\/fonar-fenix-bc25r-led\\\/\"]}]},{\"@type\":\"ImageObject\",\"inLanguage\":\"ro-RO\",\"@id\":\"https:\\\/\\\/xstyle.md\\\/product\\\/fonar-fenix-bc25r-led\\\/#primaryimage\",\"url\":\"https:\\\/\\\/xstyle.md\\\/wp-content\\\/uploads\\\/2022\\\/06\\\/fenix-bc25r-led.jpg\",\"contentUrl\":\"https:\\\/\\\/xstyle.md\\\/wp-content\\\/uploads\\\/2022\\\/06\\\/fenix-bc25r-led.jpg\",\"width\":970,\"height\":970,\"caption\":\"\u0424\u043e\u043d\u0430\u0440\u044c Fenix BC25R LED \u0434\u043b\u044f \u0430\u043a\u0442\u0438\u0432\u043d\u043e\u0433\u043e \u043e\u0442\u0434\u044b\u0445\u0430, \u043f\u043e\u0445\u043e\u0434\u043e\u0432 \u0438 \u043f\u0443\u0442\u0435\u0448\u0435\u0441\u0442\u0432\u0438\u0439 \u0441 \u043f\u043e\u0434\u0441\u0432\u0435\u0442\u043a\u043e\u0439 \u0434\u043b\u044f \u043f\u043e\u0445\u043e\u0434\u043d\u043e\u0439 \u044d\u043a\u0438\u043f\u0438\u0440\u043e\u0432\u043a\u0438 \u0438 \u0441\u043f\u043e\u0440\u0442\u0438\u0432\u043d\u043e\u0439 \u043e\u0434\u0435\u0436\u0434\u044b \u0434\u043b\u044f \u043b\u044e\u0431\u0438\u0442\u0435\u043b\u0435\u0439 \u0430\u043a\u0442\u0438\u0432\u043d\u043e\u0433\u043e \u043e\u0431\u0440\u0430\u0437\u0430 \u0436\u0438\u0437\u043d\u0438\"},{\"@type\":\"BreadcrumbList\",\"@id\":\"https:\\\/\\\/xstyle.md\\\/product\\\/fonar-fenix-bc25r-led\\\/#breadcrumb\",\"itemListElement\":[{\"@type\":\"ListItem\",\"position\":1,\"name\":\"\u0413\u043b\u0430\u0432\u043d\u0430\u044f \u0441\u0442\u0440\u0430\u043d\u0438\u0446\u0430\",\"item\":\"https:\\\/\\\/xstyle.md\\\/\"},{\"@type\":\"ListItem\",\"position\":2,\"name\":\"\u041c\u0430\u0433\u0430\u0437\u0438\u043d\",\"item\":\"https:\\\/\\\/xstyle.md\\\/shop\\\/\"},{\"@type\":\"ListItem\",\"position\":3,\"name\":\"\u0424\u043e\u043d\u0430\u0440\u044c Fenix BC25R LED\"}]},{\"@type\":\"WebSite\",\"@id\":\"https:\\\/\\\/xstyle.md\\\/#website\",\"url\":\"https:\\\/\\\/xstyle.md\\\/\",\"name\":\"\u041c\u0430\u0433\u0430\u0437\u0438\u043d Xstyle\",\"description\":\"C\u043d\u0430\u0440\u044f\u0436\u0435\u043d\u0438\u0435 \u0434\u043b\u044f \u0442\u0443\u0440\u0438\u0437\u043c\u0430 \u0438 \u044d\u043a\u0441\u0442\u0440\u0435\u043c\u0430\u043b\u044c\u043d\u044b\u0445 \u0432\u0438\u0434\u043e\u0432 \u0441\u043f\u043e\u0440\u0442\u0430 \u0432 \u041c\u043e\u043b\u0434\u043e\u0432\u0435.. \u0426\u0435\u043d\u044b, \u0444\u043e\u0442\u043e, \u0445\u0430\u0440\u0430\u043a\u0442\u0435\u0440\u0438\u0441\u0442\u0438\u043a\u0438 \u0432 \u041c\u043e\u043b\u0434\u043e\u0432\u0435.\",\"publisher\":{\"@id\":\"https:\\\/\\\/xstyle.md\\\/#organization\"},\"alternateName\":\"X-Style\",\"potentialAction\":[{\"@type\":\"SearchAction\",\"target\":{\"@type\":\"EntryPoint\",\"urlTemplate\":\"https:\\\/\\\/xstyle.md\\\/?s={search_term_string}\"},\"query-input\":{\"@type\":\"PropertyValueSpecification\",\"valueRequired\":true,\"valueName\":\"search_term_string\"}}],\"inLanguage\":\"ro-RO\"},{\"@type\":\"Organization\",\"@id\":\"https:\\\/\\\/xstyle.md\\\/#organization\",\"name\":\"\u041c\u0430\u0433\u0430\u0437\u0438\u043d Xstyle\",\"alternateName\":\"x-style\",\"url\":\"https:\\\/\\\/xstyle.md\\\/\",\"logo\":{\"@type\":\"ImageObject\",\"inLanguage\":\"ro-RO\",\"@id\":\"https:\\\/\\\/xstyle.md\\\/#\\\/schema\\\/logo\\\/image\\\/\",\"url\":\"https:\\\/\\\/xstyle.md\\\/wp-content\\\/uploads\\\/2020\\\/06\\\/logoicon.svg\",\"contentUrl\":\"https:\\\/\\\/xstyle.md\\\/wp-content\\\/uploads\\\/2020\\\/06\\\/logoicon.svg\",\"caption\":\"\u041c\u0430\u0433\u0430\u0437\u0438\u043d Xstyle\"},\"image\":{\"@id\":\"https:\\\/\\\/xstyle.md\\\/#\\\/schema\\\/logo\\\/image\\\/\"},\"sameAs\":[\"https:\\\/\\\/www.facebook.com\\\/xstylemd\",\"https:\\\/\\\/www.instagram.com\\\/xstyle_md\\\/\",\"https:\\\/\\\/t.me\\\/xstyle_outdoor\"],\"hasMerchantReturnPolicy\":{\"@type\":\"MerchantReturnPolicy\",\"merchantReturnLink\":\"https:\\\/\\\/xstyle.md\\\/ro\\\/conditions\\\/\"}}]}<\/script>\n<meta property=\"product:price:amount\" content=\"1190.00\" \/>\n<meta property=\"product:price:currency\" content=\"MDL\" \/>\n<meta property=\"og:availability\" content=\"instock\" \/>\n<meta property=\"product:availability\" content=\"instock\" \/>\n<meta property=\"product:retailer_item_id\" content=\"6942870305950\" \/>\n<meta property=\"product:condition\" content=\"new\" \/>\n<!-- \/ Yoast SEO plugin. -->","yoast_head_json":{"title":"Lantern\u0103 Fenix BC25R LED - Magazin Xstyle","description":"Felinarul Fenix BC25R LED pentru biciclete cu 600 lm, 5 moduri \u0219i protec\u021bie IP66. Str\u0103lucitor \u0219i de \u00eencredere, ideal pentru plimb\u0103ri \u00een \u00eentuneric!","robots":{"index":"index","follow":"follow","max-snippet":"max-snippet:-1","max-image-preview":"max-image-preview:large","max-video-preview":"max-video-preview:-1"},"canonical":"https:\/\/xstyle.md\/ro\/produs\/fonar-fenix-bc25r-led\/","og_locale":"ro_RO","og_type":"article","og_title":"\u0424\u043e\u043d\u0430\u0440\u044c Fenix BC25R LED - \u041c\u0430\u0433\u0430\u0437\u0438\u043d Xstyle","og_description":"\u0424\u043e\u043d\u0430\u0440\u044c Fenix BC25R LED \u0434\u043b\u044f \u0432\u0435\u043b\u043e\u0441\u0438\u043f\u0435\u0434\u043e\u0432 \u0441 600 \u043b\u043c, 5 \u0440\u0435\u0436\u0438\u043c\u0430\u043c\u0438 \u0438 \u0437\u0430\u0449\u0438\u0442\u043e\u0439 IP66. \u042f\u0440\u043a\u0438\u0439 \u0438 \u043d\u0430\u0434\u0435\u0436\u043d\u044b\u0439, \u0438\u0434\u0435\u0430\u043b\u0435\u043d \u0434\u043b\u044f \u043f\u043e\u0435\u0437\u0434\u043e\u043a \u0432 \u0442\u0435\u043c\u043d\u043e\u0442\u0435!","og_url":"https:\/\/xstyle.md\/ro\/produs\/fonar-fenix-bc25r-led\/","og_site_name":"\u041c\u0430\u0433\u0430\u0437\u0438\u043d Xstyle","article_publisher":"https:\/\/www.facebook.com\/xstylemd","article_modified_time":"2026-03-19T13:48:39+00:00","og_image":[{"width":970,"height":970,"url":"https:\/\/xstyle.md\/wp-content\/uploads\/2022\/06\/fenix-bc25r-led.jpg","type":"image\/jpeg"}],"twitter_card":"summary_large_image","twitter_misc":{"Pre\u021b":"1.190&nbsp;MDL","Disponibilitate":"\u00cen stoc"},"schema":{"@context":"https:\/\/schema.org","@graph":[{"@type":"WebPage","@id":"https:\/\/xstyle.md\/product\/fonar-fenix-bc25r-led\/","url":"https:\/\/xstyle.md\/product\/fonar-fenix-bc25r-led\/","name":"Lantern\u0103 Fenix BC25R LED - Magazin Xstyle","isPartOf":{"@id":"https:\/\/xstyle.md\/#website"},"primaryImageOfPage":{"@id":"https:\/\/xstyle.md\/product\/fonar-fenix-bc25r-led\/#primaryimage"},"image":{"@id":"https:\/\/xstyle.md\/product\/fonar-fenix-bc25r-led\/#primaryimage"},"thumbnailUrl":"https:\/\/xstyle.md\/wp-content\/uploads\/2022\/06\/fenix-bc25r-led.jpg","datePublished":"2022-06-16T10:13:11+00:00","dateModified":"2026-03-19T13:48:39+00:00","description":"Felinarul Fenix BC25R LED pentru biciclete cu 600 lm, 5 moduri \u0219i protec\u021bie IP66. Str\u0103lucitor \u0219i de \u00eencredere, ideal pentru plimb\u0103ri \u00een \u00eentuneric!","breadcrumb":{"@id":"https:\/\/xstyle.md\/product\/fonar-fenix-bc25r-led\/#breadcrumb"},"inLanguage":"ro-RO","potentialAction":[{"@type":"ReadAction","target":["https:\/\/xstyle.md\/product\/fonar-fenix-bc25r-led\/"]}]},{"@type":"ImageObject","inLanguage":"ro-RO","@id":"https:\/\/xstyle.md\/product\/fonar-fenix-bc25r-led\/#primaryimage","url":"https:\/\/xstyle.md\/wp-content\/uploads\/2022\/06\/fenix-bc25r-led.jpg","contentUrl":"https:\/\/xstyle.md\/wp-content\/uploads\/2022\/06\/fenix-bc25r-led.jpg","width":970,"height":970,"caption":"\u0424\u043e\u043d\u0430\u0440\u044c Fenix BC25R LED \u0434\u043b\u044f \u0430\u043a\u0442\u0438\u0432\u043d\u043e\u0433\u043e \u043e\u0442\u0434\u044b\u0445\u0430, \u043f\u043e\u0445\u043e\u0434\u043e\u0432 \u0438 \u043f\u0443\u0442\u0435\u0448\u0435\u0441\u0442\u0432\u0438\u0439 \u0441 \u043f\u043e\u0434\u0441\u0432\u0435\u0442\u043a\u043e\u0439 \u0434\u043b\u044f \u043f\u043e\u0445\u043e\u0434\u043d\u043e\u0439 \u044d\u043a\u0438\u043f\u0438\u0440\u043e\u0432\u043a\u0438 \u0438 \u0441\u043f\u043e\u0440\u0442\u0438\u0432\u043d\u043e\u0439 \u043e\u0434\u0435\u0436\u0434\u044b \u0434\u043b\u044f \u043b\u044e\u0431\u0438\u0442\u0435\u043b\u0435\u0439 \u0430\u043a\u0442\u0438\u0432\u043d\u043e\u0433\u043e \u043e\u0431\u0440\u0430\u0437\u0430 \u0436\u0438\u0437\u043d\u0438"},{"@type":"BreadcrumbList","@id":"https:\/\/xstyle.md\/product\/fonar-fenix-bc25r-led\/#breadcrumb","itemListElement":[{"@type":"ListItem","position":1,"name":"\u0413\u043b\u0430\u0432\u043d\u0430\u044f \u0441\u0442\u0440\u0430\u043d\u0438\u0446\u0430","item":"https:\/\/xstyle.md\/"},{"@type":"ListItem","position":2,"name":"\u041c\u0430\u0433\u0430\u0437\u0438\u043d","item":"https:\/\/xstyle.md\/shop\/"},{"@type":"ListItem","position":3,"name":"\u0424\u043e\u043d\u0430\u0440\u044c Fenix BC25R LED"}]},{"@type":"WebSite","@id":"https:\/\/xstyle.md\/#website","url":"https:\/\/xstyle.md\/","name":"Magazinul X-Style","description":"Echipamente pentru turism \u0219i sporturi extreme \u00een Moldova. Pre\u021buri, fotografii, caracteristici \u00een Moldova.","publisher":{"@id":"https:\/\/xstyle.md\/#organization"},"alternateName":"X-Style","potentialAction":[{"@type":"SearchAction","target":{"@type":"EntryPoint","urlTemplate":"https:\/\/xstyle.md\/?s={search_term_string}"},"query-input":{"@type":"PropertyValueSpecification","valueRequired":true,"valueName":"search_term_string"}}],"inLanguage":"ro-RO"},{"@type":"Organization","@id":"https:\/\/xstyle.md\/#organization","name":"Magazinul X-Style","alternateName":"x-style","url":"https:\/\/xstyle.md\/","logo":{"@type":"ImageObject","inLanguage":"ro-RO","@id":"https:\/\/xstyle.md\/#\/schema\/logo\/image\/","url":"https:\/\/xstyle.md\/wp-content\/uploads\/2020\/06\/logoicon.svg","contentUrl":"https:\/\/xstyle.md\/wp-content\/uploads\/2020\/06\/logoicon.svg","caption":"\u041c\u0430\u0433\u0430\u0437\u0438\u043d Xstyle"},"image":{"@id":"https:\/\/xstyle.md\/#\/schema\/logo\/image\/"},"sameAs":["https:\/\/www.facebook.com\/xstylemd","https:\/\/www.instagram.com\/xstyle_md\/","https:\/\/t.me\/xstyle_outdoor"],"hasMerchantReturnPolicy":{"@type":"MerchantReturnPolicy","merchantReturnLink":"https:\/\/xstyle.md\/ro\/conditions\/"}}]},"product_price_amount":"1190.00","product_price_currency":"MDL","og_availability":"instock","product_availability":"instock","product_retailer_item_id":"6942870305950","product_condition":"new"},"_links":{"self":[{"href":"https:\/\/xstyle.md\/ro\/wp-json\/wp\/v2\/product\/48765","targetHints":{"allow":["GET"]}}],"collection":[{"href":"https:\/\/xstyle.md\/ro\/wp-json\/wp\/v2\/product"}],"about":[{"href":"https:\/\/xstyle.md\/ro\/wp-json\/wp\/v2\/types\/product"}],"replies":[{"embeddable":true,"href":"https:\/\/xstyle.md\/ro\/wp-json\/wp\/v2\/comments?post=48765"}],"wp:featuredmedia":[{"embeddable":true,"href":"https:\/\/xstyle.md\/ro\/wp-json\/wp\/v2\/media\/49578"}],"wp:attachment":[{"href":"https:\/\/xstyle.md\/ro\/wp-json\/wp\/v2\/media?parent=48765"}],"wp:term":[{"taxonomy":"product_brand","embeddable":true,"href":"https:\/\/xstyle.md\/ro\/wp-json\/wp\/v2\/product_brand?post=48765"},{"taxonomy":"product_cat","embeddable":true,"href":"https:\/\/xstyle.md\/ro\/wp-json\/wp\/v2\/product_cat?post=48765"},{"taxonomy":"product_tag","embeddable":true,"href":"https:\/\/xstyle.md\/ro\/wp-json\/wp\/v2\/product_tag?post=48765"}],"curies":[{"name":"wp","href":"https:\/\/api.w.org\/{rel}","templated":true}]}}