{"id":48764,"date":"2022-06-16T13:13:11","date_gmt":"2022-06-16T10:13:11","guid":{"rendered":"https:\/\/xstyle.md\/?post_type=product&#038;p=48764"},"modified":"2026-03-19T16:48:38","modified_gmt":"2026-03-19T13:48:38","slug":"fonar-fenix-bc05r-v2-0-led","status":"publish","type":"product","link":"https:\/\/xstyle.md\/ro\/produs\/fonar-fenix-bc05r-v2-0-led\/","title":{"rendered":"Lantern\u0103 Fenix BC05R V2.0 LED"},"content":{"rendered":"<\/p>\n<p><strong>Fenix BC05R V2.0 LED<\/strong> &#8212; lumina din spate este conceput\u0103 pentru a asigura siguran\u021ba bicicli\u0219tilor. Se monteaz\u0103 pe tija de \u0219a cu un suport de cauciuc. Ata\u0219amentul elastic permite, de asemenea, ca lumina s\u0103 fie ata\u0219at\u0103 la geanta de \u0219a. \u00cen plus, exist\u0103 o clem\u0103 pentru fixarea lanternei la curea, buzunar, rucsac.<\/p>\n<p>Lanterna are \u00eencorporat\u0103 o baterie proprie cu litiu-polimer cu o capacitate de 400 mAh. Bateria se \u00eencarc\u0103 prin intermediul cablului USB Type-C de la adaptorul de alimentare (v\u00e2ndut separat). Bateria se \u00eencarc\u0103 complet \u00een 2 ore \u0219i are suficient\u0103 energie pentru 120 de ore de utilizare &#8212; ceea ce \u00eenseamn\u0103 2 luni de plimb\u0103ri zilnice de 2 ore.<\/p>\n<p>Unghiul larg de iluminare de 180 de grade face ca biciclistul s\u0103 fie vizibil pentru ma\u0219inile din dreapta, din st\u00e2nga \u0219i din spatele bicicletei.<\/p>\n<p>Luminozitate maxim\u0103 de 15 lumeni. 6 moduri de func\u021bionare, de la slab la puternic \u0219i flash, lent \u0219i rapid \u00een fiecare mod &#8212; acoper\u0103 necesit\u0103\u021bile de lumin\u0103 din spate pentru plimb\u0103ri de cross-country, plimb\u0103ri prin ora\u0219, excursii cu bicicleta. Operare u\u0219oar\u0103 \u0219i rapid\u0103 cu un singur buton. Dimensiune compact\u0103, nu mai mult dec\u00e2t o baterie AA.<\/p>\n<h3>Particularit\u0103\u021bi<\/h3>\n<ul>\n<li>Dimensiune ultra compact\u0103 \u0219i aspect elegant<\/li>\n<li>Luminozitate maxim\u0103 15 lumeni, distan\u021b\u0103 de marcare 50 de metri<\/li>\n<li>Unghi de iluminare de 180 de grade<\/li>\n<li>5 LED-uri ro\u0219ii<\/li>\n<li>\u00cenc\u0103rcare cu cablu USB de tip C<\/li>\n<li>Utiliz\u0103ri suplimentare: lantern\u0103 frontal\u0103, lumin\u0103 de piept \u0219i lumin\u0103 pentru rucsac<\/li>\n<li>Indicarea nivelului bateriei &#8212; verifica\u021bi starea bateriei<\/li>\n<li>Protec\u021bie \u00eempotriva apei \u0219i a prafului IP66<\/li>\n<li>6 moduri de func\u021bionare<\/li>\n<li>Func\u021bionare simpl\u0103 \u0219i rapid\u0103 cu un singur buton<\/li>\n<\/ul>\n<h3>Caracteristici<\/h3>\n<ul>\n<li>Baterie &#8212; Li-polimer \u00eencorporat<\/li>\n<li>Capacitate &#8212; 400 mAh<\/li>\n<li>Dimensiuni &#8212; 51 x 22 x 22 mm (DxLxA)<\/li>\n<li>Greutate &#8212; 28 g (cu baterie)<\/li>\n<\/ul>\n<h3>Marca<\/h3>\n<p>Fenix este cel mai important produc\u0103tor mondial de lanterne moderne: lanterne tactice, de c\u0103l\u0103torie, proiectoare, lanterne pentru biciclete \u0219i accesorii. Fondat\u0103 \u00een urm\u0103 cu peste 20 de ani, compania este recunoscut\u0103 de cei care apreciaz\u0103 func\u021bionalitatea \u0219i performan\u021ba. Produsele Fenix sunt utilizate pe scar\u0103 larg\u0103 \u00een cas\u0103, de c\u0103tre sportivi, drume\u021bi \u0219i organiza\u021bii specializate pentru durata de via\u021b\u0103 a bateriei, designul ergonomic \u0219i puterea lor uimitoare. Fabricate din aluminiu de avion triplu anodizat \u0219i prev\u0103zute cu sticl\u0103 anti\u0219oc, acestea sunt ideale at\u00e2t pentru utilizarea zilnic\u0103, c\u00e2t \u0219i pentru activit\u0103\u021bile \u00een aer liber.<\/p>\n<p>Produsele Fenix sunt disponibile \u00een prezent \u00een peste 100 de \u021b\u0103ri, ajung\u00e2nd la zeci de milioane de utilizatori din \u00eentreaga lume.<\/p>\n<p><\/p>","protected":false},"excerpt":{"rendered":"","protected":false},"featured_media":49575,"comment_status":"open","ping_status":"closed","template":"","meta":{"_acf_changed":false,"inline_featured_image":false},"product_brand":[1351],"product_cat":[502],"product_tag":[],"class_list":{"0":"post-48764","1":"product","2":"type-product","3":"status-publish","4":"has-post-thumbnail","6":"product_brand-fenix","7":"product_cat-bicycle-lights","9":"first","10":"instock","11":"shipping-taxable","12":"purchasable","13":"product-type-simple"},"acf":[],"yoast_head":"<!-- This site is optimized with the Yoast SEO plugin v27.2 - https:\/\/yoast.com\/product\/yoast-seo-wordpress\/ -->\n<title>\u0424\u043e\u043d\u0430\u0440\u044c Fenix BC05R V2.0 LED - \u041c\u0430\u0433\u0430\u0437\u0438\u043d Xstyle<\/title>\n<meta name=\"description\" content=\"\u0424\u043e\u043d\u0430\u0440\u044c Fenix BC05R V2.0 LED \u0434\u043b\u044f \u0432\u0435\u043b\u043e\u0441\u0438\u043f\u0435\u0434\u0438\u0441\u0442\u043e\u0432: \u043c\u043e\u0449\u043d\u043e\u0441\u0442\u044c 400 \u043b\u043c, USB Type-C, \u0432\u043b\u0430\u0433\u043e\u0437\u0430\u0449\u0438\u0442\u0430 IP66, \u043a\u043e\u043c\u043f\u0430\u043a\u0442\u043d\u044b\u0439 \u0438 \u0443\u0434\u043e\u0431\u043d\u044b\u0439. \u041e\u0431\u0435\u0441\u043f\u0435\u0447\u044c\u0442\u0435 \u0431\u0435\u0437\u043e\u043f\u0430\u0441\u043d\u043e\u0441\u0442\u044c \u043d\u0430 \u0434\u043e\u0440\u043e\u0433\u0435!\" \/>\n<meta name=\"robots\" content=\"index, follow, max-snippet:-1, max-image-preview:large, max-video-preview:-1\" \/>\n<link rel=\"canonical\" href=\"https:\/\/xstyle.md\/ro\/produs\/fonar-fenix-bc05r-v2-0-led\/\" \/>\n<meta property=\"og:locale\" content=\"ro_RO\" \/>\n<meta property=\"og:type\" content=\"article\" \/>\n<meta property=\"og:title\" content=\"\u0424\u043e\u043d\u0430\u0440\u044c Fenix BC05R V2.0 LED - \u041c\u0430\u0433\u0430\u0437\u0438\u043d Xstyle\" \/>\n<meta property=\"og:description\" content=\"\u0424\u043e\u043d\u0430\u0440\u044c Fenix BC05R V2.0 LED \u0434\u043b\u044f \u0432\u0435\u043b\u043e\u0441\u0438\u043f\u0435\u0434\u0438\u0441\u0442\u043e\u0432: \u043c\u043e\u0449\u043d\u043e\u0441\u0442\u044c 400 \u043b\u043c, USB Type-C, \u0432\u043b\u0430\u0433\u043e\u0437\u0430\u0449\u0438\u0442\u0430 IP66, \u043a\u043e\u043c\u043f\u0430\u043a\u0442\u043d\u044b\u0439 \u0438 \u0443\u0434\u043e\u0431\u043d\u044b\u0439. \u041e\u0431\u0435\u0441\u043f\u0435\u0447\u044c\u0442\u0435 \u0431\u0435\u0437\u043e\u043f\u0430\u0441\u043d\u043e\u0441\u0442\u044c \u043d\u0430 \u0434\u043e\u0440\u043e\u0433\u0435!\" \/>\n<meta property=\"og:url\" content=\"https:\/\/xstyle.md\/ro\/produs\/fonar-fenix-bc05r-v2-0-led\/\" \/>\n<meta property=\"og:site_name\" content=\"\u041c\u0430\u0433\u0430\u0437\u0438\u043d Xstyle\" \/>\n<meta property=\"article:publisher\" content=\"https:\/\/www.facebook.com\/xstylemd\" \/>\n<meta property=\"article:modified_time\" content=\"2026-03-19T13:48:38+00:00\" \/>\n<meta property=\"og:image\" content=\"https:\/\/xstyle.md\/wp-content\/uploads\/2022\/06\/fenix-bc05r-v2.0-led.jpg\" \/>\n\t<meta property=\"og:image:width\" content=\"700\" \/>\n\t<meta property=\"og:image:height\" content=\"700\" \/>\n\t<meta property=\"og:image:type\" content=\"image\/jpeg\" \/>\n<meta name=\"twitter:card\" content=\"summary_large_image\" \/>\n<meta name=\"twitter:label1\" content=\"Pre\u021b\" \/>\n\t<meta name=\"twitter:data1\" content=\"450&nbsp;MDL\" \/>\n\t<meta name=\"twitter:label2\" content=\"Disponibilitate\" \/>\n\t<meta name=\"twitter:data2\" content=\"\u00cen stoc\" \/>\n<script type=\"application\/ld+json\" class=\"yoast-schema-graph\">{\"@context\":\"https:\/\/schema.org\",\"@graph\":[{\"@type\":\"WebPage\",\"@id\":\"https:\/\/xstyle.md\/product\/fonar-fenix-bc05r-v2-0-led\/\",\"url\":\"https:\/\/xstyle.md\/product\/fonar-fenix-bc05r-v2-0-led\/\",\"name\":\"\u0424\u043e\u043d\u0430\u0440\u044c Fenix BC05R V2.0 LED - \u041c\u0430\u0433\u0430\u0437\u0438\u043d Xstyle\",\"isPartOf\":{\"@id\":\"https:\/\/xstyle.md\/#website\"},\"primaryImageOfPage\":{\"@id\":\"https:\/\/xstyle.md\/product\/fonar-fenix-bc05r-v2-0-led\/#primaryimage\"},\"image\":{\"@id\":\"https:\/\/xstyle.md\/product\/fonar-fenix-bc05r-v2-0-led\/#primaryimage\"},\"thumbnailUrl\":\"https:\/\/xstyle.md\/wp-content\/uploads\/2022\/06\/fenix-bc05r-v2.0-led.jpg\",\"datePublished\":\"2022-06-16T10:13:11+00:00\",\"dateModified\":\"2026-03-19T13:48:38+00:00\",\"description\":\"\u0424\u043e\u043d\u0430\u0440\u044c Fenix BC05R V2.0 LED \u0434\u043b\u044f \u0432\u0435\u043b\u043e\u0441\u0438\u043f\u0435\u0434\u0438\u0441\u0442\u043e\u0432: \u043c\u043e\u0449\u043d\u043e\u0441\u0442\u044c 400 \u043b\u043c, USB Type-C, \u0432\u043b\u0430\u0433\u043e\u0437\u0430\u0449\u0438\u0442\u0430 IP66, \u043a\u043e\u043c\u043f\u0430\u043a\u0442\u043d\u044b\u0439 \u0438 \u0443\u0434\u043e\u0431\u043d\u044b\u0439. \u041e\u0431\u0435\u0441\u043f\u0435\u0447\u044c\u0442\u0435 \u0431\u0435\u0437\u043e\u043f\u0430\u0441\u043d\u043e\u0441\u0442\u044c \u043d\u0430 \u0434\u043e\u0440\u043e\u0433\u0435!\",\"breadcrumb\":{\"@id\":\"https:\/\/xstyle.md\/product\/fonar-fenix-bc05r-v2-0-led\/#breadcrumb\"},\"inLanguage\":\"ro-RO\",\"potentialAction\":[{\"@type\":\"ReadAction\",\"target\":[\"https:\/\/xstyle.md\/product\/fonar-fenix-bc05r-v2-0-led\/\"]}]},{\"@type\":\"ImageObject\",\"inLanguage\":\"ro-RO\",\"@id\":\"https:\/\/xstyle.md\/product\/fonar-fenix-bc05r-v2-0-led\/#primaryimage\",\"url\":\"https:\/\/xstyle.md\/wp-content\/uploads\/2022\/06\/fenix-bc05r-v2.0-led.jpg\",\"contentUrl\":\"https:\/\/xstyle.md\/wp-content\/uploads\/2022\/06\/fenix-bc05r-v2.0-led.jpg\",\"width\":700,\"height\":700,\"caption\":\"\u041b\u0443\u043d\u043d\u044b\u0439 \u0444\u043e\u043d\u0430\u0440\u044c Fenix BC05R V2.0 LED \u0434\u043b\u044f \u0430\u043a\u0442\u0438\u0432\u043d\u043e\u0433\u043e \u043e\u0442\u0434\u044b\u0445\u0430, \u0442\u0443\u0440\u0438\u0437\u043c\u0430 \u0438 \u0430\u043b\u044c\u043f\u0438\u043d\u0438\u0437\u043c\u0430 \u0432 \u0438\u043d\u0442\u0435\u0440\u043d\u0435\u0442-\u043c\u0430\u0433\u0430\u0437\u0438\u043d\u0435 \u0441\u043f\u043e\u0440\u0442\u0438\u0432\u043d\u043e\u0439 \u043e\u0434\u0435\u0436\u0434\u044b \u0438 \u043e\u0431\u0443\u0432\u0438 \u0434\u043b\u044f \u043f\u0443\u0442\u0435\u0448\u0435\u0441\u0442\u0432\u0438\u0439 \u0438 \u0445\u0430\u0439\u043a\u0438\u043d\u0433\u0430\"},{\"@type\":\"BreadcrumbList\",\"@id\":\"https:\/\/xstyle.md\/product\/fonar-fenix-bc05r-v2-0-led\/#breadcrumb\",\"itemListElement\":[{\"@type\":\"ListItem\",\"position\":1,\"name\":\"\u0413\u043b\u0430\u0432\u043d\u0430\u044f \u0441\u0442\u0440\u0430\u043d\u0438\u0446\u0430\",\"item\":\"https:\/\/xstyle.md\/\"},{\"@type\":\"ListItem\",\"position\":2,\"name\":\"\u041c\u0430\u0433\u0430\u0437\u0438\u043d\",\"item\":\"https:\/\/xstyle.md\/shop\/\"},{\"@type\":\"ListItem\",\"position\":3,\"name\":\"\u0424\u043e\u043d\u0430\u0440\u044c Fenix BC05R V2.0 LED\"}]},{\"@type\":\"WebSite\",\"@id\":\"https:\/\/xstyle.md\/#website\",\"url\":\"https:\/\/xstyle.md\/\",\"name\":\"\u041c\u0430\u0433\u0430\u0437\u0438\u043d Xstyle\",\"description\":\"C\u043d\u0430\u0440\u044f\u0436\u0435\u043d\u0438\u0435 \u0434\u043b\u044f \u0442\u0443\u0440\u0438\u0437\u043c\u0430 \u0438 \u044d\u043a\u0441\u0442\u0440\u0435\u043c\u0430\u043b\u044c\u043d\u044b\u0445 \u0432\u0438\u0434\u043e\u0432 \u0441\u043f\u043e\u0440\u0442\u0430 \u0432 \u041c\u043e\u043b\u0434\u043e\u0432\u0435.. \u0426\u0435\u043d\u044b, \u0444\u043e\u0442\u043e, \u0445\u0430\u0440\u0430\u043a\u0442\u0435\u0440\u0438\u0441\u0442\u0438\u043a\u0438 \u0432 \u041c\u043e\u043b\u0434\u043e\u0432\u0435.\",\"publisher\":{\"@id\":\"https:\/\/xstyle.md\/#organization\"},\"alternateName\":\"X-Style\",\"potentialAction\":[{\"@type\":\"SearchAction\",\"target\":{\"@type\":\"EntryPoint\",\"urlTemplate\":\"https:\/\/xstyle.md\/?s={search_term_string}\"},\"query-input\":{\"@type\":\"PropertyValueSpecification\",\"valueRequired\":true,\"valueName\":\"search_term_string\"}}],\"inLanguage\":\"ro-RO\"},{\"@type\":\"Organization\",\"@id\":\"https:\/\/xstyle.md\/#organization\",\"name\":\"\u041c\u0430\u0433\u0430\u0437\u0438\u043d Xstyle\",\"alternateName\":\"x-style\",\"url\":\"https:\/\/xstyle.md\/\",\"logo\":{\"@type\":\"ImageObject\",\"inLanguage\":\"ro-RO\",\"@id\":\"https:\/\/xstyle.md\/#\/schema\/logo\/image\/\",\"url\":\"https:\/\/xstyle.md\/wp-content\/uploads\/2020\/06\/logoicon.svg\",\"contentUrl\":\"https:\/\/xstyle.md\/wp-content\/uploads\/2020\/06\/logoicon.svg\",\"caption\":\"\u041c\u0430\u0433\u0430\u0437\u0438\u043d Xstyle\"},\"image\":{\"@id\":\"https:\/\/xstyle.md\/#\/schema\/logo\/image\/\"},\"sameAs\":[\"https:\/\/www.facebook.com\/xstylemd\",\"https:\/\/www.instagram.com\/xstyle_md\/\",\"https:\/\/t.me\/xstyle_outdoor\"],\"hasMerchantReturnPolicy\":{\"@type\":\"MerchantReturnPolicy\",\"merchantReturnLink\":\"https:\/\/xstyle.md\/ro\/conditions\/\"}}]}<\/script>\n<meta property=\"product:price:amount\" content=\"450.00\" \/>\n<meta property=\"product:price:currency\" content=\"MDL\" \/>\n<meta property=\"og:availability\" content=\"instock\" \/>\n<meta property=\"product:availability\" content=\"instock\" \/>\n<meta property=\"product:retailer_item_id\" content=\"6942870308241\" \/>\n<meta property=\"product:condition\" content=\"new\" \/>\n<!-- \/ Yoast SEO plugin. -->","yoast_head_json":{"title":"Lantern\u0103 Fenix BC05R V2.0 LED - Magazin Xstyle","description":"Lanterna Fenix BC05R V2.0 LED pentru cicli\u0219ti: putere 400 lm, USB Type-C, protec\u021bie \u00eempotriva apei IP66, compact\u0103 \u0219i convenabil\u0103. Asigura\u021bi-v\u0103 siguran\u021ba pe drum!","robots":{"index":"index","follow":"follow","max-snippet":"max-snippet:-1","max-image-preview":"max-image-preview:large","max-video-preview":"max-video-preview:-1"},"canonical":"https:\/\/xstyle.md\/ro\/produs\/fonar-fenix-bc05r-v2-0-led\/","og_locale":"ro_RO","og_type":"article","og_title":"\u0424\u043e\u043d\u0430\u0440\u044c Fenix BC05R V2.0 LED - \u041c\u0430\u0433\u0430\u0437\u0438\u043d Xstyle","og_description":"\u0424\u043e\u043d\u0430\u0440\u044c Fenix BC05R V2.0 LED \u0434\u043b\u044f \u0432\u0435\u043b\u043e\u0441\u0438\u043f\u0435\u0434\u0438\u0441\u0442\u043e\u0432: \u043c\u043e\u0449\u043d\u043e\u0441\u0442\u044c 400 \u043b\u043c, USB Type-C, \u0432\u043b\u0430\u0433\u043e\u0437\u0430\u0449\u0438\u0442\u0430 IP66, \u043a\u043e\u043c\u043f\u0430\u043a\u0442\u043d\u044b\u0439 \u0438 \u0443\u0434\u043e\u0431\u043d\u044b\u0439. \u041e\u0431\u0435\u0441\u043f\u0435\u0447\u044c\u0442\u0435 \u0431\u0435\u0437\u043e\u043f\u0430\u0441\u043d\u043e\u0441\u0442\u044c \u043d\u0430 \u0434\u043e\u0440\u043e\u0433\u0435!","og_url":"https:\/\/xstyle.md\/ro\/produs\/fonar-fenix-bc05r-v2-0-led\/","og_site_name":"\u041c\u0430\u0433\u0430\u0437\u0438\u043d Xstyle","article_publisher":"https:\/\/www.facebook.com\/xstylemd","article_modified_time":"2026-03-19T13:48:38+00:00","og_image":[{"width":700,"height":700,"url":"https:\/\/xstyle.md\/wp-content\/uploads\/2022\/06\/fenix-bc05r-v2.0-led.jpg","type":"image\/jpeg"}],"twitter_card":"summary_large_image","twitter_misc":{"Pre\u021b":"450&nbsp;MDL","Disponibilitate":"\u00cen stoc"},"schema":{"@context":"https:\/\/schema.org","@graph":[{"@type":"WebPage","@id":"https:\/\/xstyle.md\/product\/fonar-fenix-bc05r-v2-0-led\/","url":"https:\/\/xstyle.md\/product\/fonar-fenix-bc05r-v2-0-led\/","name":"Lantern\u0103 Fenix BC05R V2.0 LED - Magazin Xstyle","isPartOf":{"@id":"https:\/\/xstyle.md\/#website"},"primaryImageOfPage":{"@id":"https:\/\/xstyle.md\/product\/fonar-fenix-bc05r-v2-0-led\/#primaryimage"},"image":{"@id":"https:\/\/xstyle.md\/product\/fonar-fenix-bc05r-v2-0-led\/#primaryimage"},"thumbnailUrl":"https:\/\/xstyle.md\/wp-content\/uploads\/2022\/06\/fenix-bc05r-v2.0-led.jpg","datePublished":"2022-06-16T10:13:11+00:00","dateModified":"2026-03-19T13:48:38+00:00","description":"Lanterna Fenix BC05R V2.0 LED pentru cicli\u0219ti: putere 400 lm, USB Type-C, protec\u021bie \u00eempotriva apei IP66, compact\u0103 \u0219i convenabil\u0103. Asigura\u021bi-v\u0103 siguran\u021ba pe drum!","breadcrumb":{"@id":"https:\/\/xstyle.md\/product\/fonar-fenix-bc05r-v2-0-led\/#breadcrumb"},"inLanguage":"ro-RO","potentialAction":[{"@type":"ReadAction","target":["https:\/\/xstyle.md\/product\/fonar-fenix-bc05r-v2-0-led\/"]}]},{"@type":"ImageObject","inLanguage":"ro-RO","@id":"https:\/\/xstyle.md\/product\/fonar-fenix-bc05r-v2-0-led\/#primaryimage","url":"https:\/\/xstyle.md\/wp-content\/uploads\/2022\/06\/fenix-bc05r-v2.0-led.jpg","contentUrl":"https:\/\/xstyle.md\/wp-content\/uploads\/2022\/06\/fenix-bc05r-v2.0-led.jpg","width":700,"height":700,"caption":"\u041b\u0443\u043d\u043d\u044b\u0439 \u0444\u043e\u043d\u0430\u0440\u044c Fenix BC05R V2.0 LED \u0434\u043b\u044f \u0430\u043a\u0442\u0438\u0432\u043d\u043e\u0433\u043e \u043e\u0442\u0434\u044b\u0445\u0430, \u0442\u0443\u0440\u0438\u0437\u043c\u0430 \u0438 \u0430\u043b\u044c\u043f\u0438\u043d\u0438\u0437\u043c\u0430 \u0432 \u0438\u043d\u0442\u0435\u0440\u043d\u0435\u0442-\u043c\u0430\u0433\u0430\u0437\u0438\u043d\u0435 \u0441\u043f\u043e\u0440\u0442\u0438\u0432\u043d\u043e\u0439 \u043e\u0434\u0435\u0436\u0434\u044b \u0438 \u043e\u0431\u0443\u0432\u0438 \u0434\u043b\u044f \u043f\u0443\u0442\u0435\u0448\u0435\u0441\u0442\u0432\u0438\u0439 \u0438 \u0445\u0430\u0439\u043a\u0438\u043d\u0433\u0430"},{"@type":"BreadcrumbList","@id":"https:\/\/xstyle.md\/product\/fonar-fenix-bc05r-v2-0-led\/#breadcrumb","itemListElement":[{"@type":"ListItem","position":1,"name":"\u0413\u043b\u0430\u0432\u043d\u0430\u044f \u0441\u0442\u0440\u0430\u043d\u0438\u0446\u0430","item":"https:\/\/xstyle.md\/"},{"@type":"ListItem","position":2,"name":"\u041c\u0430\u0433\u0430\u0437\u0438\u043d","item":"https:\/\/xstyle.md\/shop\/"},{"@type":"ListItem","position":3,"name":"\u0424\u043e\u043d\u0430\u0440\u044c Fenix BC05R V2.0 LED"}]},{"@type":"WebSite","@id":"https:\/\/xstyle.md\/#website","url":"https:\/\/xstyle.md\/","name":"Magazinul X-Style","description":"Echipamente pentru turism \u0219i sporturi extreme \u00een Moldova. Pre\u021buri, fotografii, caracteristici \u00een Moldova.","publisher":{"@id":"https:\/\/xstyle.md\/#organization"},"alternateName":"X-Style","potentialAction":[{"@type":"SearchAction","target":{"@type":"EntryPoint","urlTemplate":"https:\/\/xstyle.md\/?s={search_term_string}"},"query-input":{"@type":"PropertyValueSpecification","valueRequired":true,"valueName":"search_term_string"}}],"inLanguage":"ro-RO"},{"@type":"Organization","@id":"https:\/\/xstyle.md\/#organization","name":"Magazinul X-Style","alternateName":"x-style","url":"https:\/\/xstyle.md\/","logo":{"@type":"ImageObject","inLanguage":"ro-RO","@id":"https:\/\/xstyle.md\/#\/schema\/logo\/image\/","url":"https:\/\/xstyle.md\/wp-content\/uploads\/2020\/06\/logoicon.svg","contentUrl":"https:\/\/xstyle.md\/wp-content\/uploads\/2020\/06\/logoicon.svg","caption":"\u041c\u0430\u0433\u0430\u0437\u0438\u043d Xstyle"},"image":{"@id":"https:\/\/xstyle.md\/#\/schema\/logo\/image\/"},"sameAs":["https:\/\/www.facebook.com\/xstylemd","https:\/\/www.instagram.com\/xstyle_md\/","https:\/\/t.me\/xstyle_outdoor"],"hasMerchantReturnPolicy":{"@type":"MerchantReturnPolicy","merchantReturnLink":"https:\/\/xstyle.md\/ro\/conditions\/"}}]},"product_price_amount":"450.00","product_price_currency":"MDL","og_availability":"instock","product_availability":"instock","product_retailer_item_id":"6942870308241","product_condition":"new"},"post_mailing_queue_ids":[],"_links":{"self":[{"href":"https:\/\/xstyle.md\/ro\/wp-json\/wp\/v2\/product\/48764","targetHints":{"allow":["GET"]}}],"collection":[{"href":"https:\/\/xstyle.md\/ro\/wp-json\/wp\/v2\/product"}],"about":[{"href":"https:\/\/xstyle.md\/ro\/wp-json\/wp\/v2\/types\/product"}],"replies":[{"embeddable":true,"href":"https:\/\/xstyle.md\/ro\/wp-json\/wp\/v2\/comments?post=48764"}],"wp:featuredmedia":[{"embeddable":true,"href":"https:\/\/xstyle.md\/ro\/wp-json\/wp\/v2\/media\/49575"}],"wp:attachment":[{"href":"https:\/\/xstyle.md\/ro\/wp-json\/wp\/v2\/media?parent=48764"}],"wp:term":[{"taxonomy":"product_brand","embeddable":true,"href":"https:\/\/xstyle.md\/ro\/wp-json\/wp\/v2\/product_brand?post=48764"},{"taxonomy":"product_cat","embeddable":true,"href":"https:\/\/xstyle.md\/ro\/wp-json\/wp\/v2\/product_cat?post=48764"},{"taxonomy":"product_tag","embeddable":true,"href":"https:\/\/xstyle.md\/ro\/wp-json\/wp\/v2\/product_tag?post=48764"}],"curies":[{"name":"wp","href":"https:\/\/api.w.org\/{rel}","templated":true}]}}