{"id":48745,"date":"2022-06-16T13:13:06","date_gmt":"2022-06-16T10:13:06","guid":{"rendered":"https:\/\/xstyle.md\/?post_type=product&#038;p=48745"},"modified":"2026-03-19T16:48:35","modified_gmt":"2026-03-19T13:48:35","slug":"perednij-fonar-neko-nkl-7129-500-lumen","status":"publish","type":"product","link":"https:\/\/xstyle.md\/ro\/produs\/perednij-fonar-neko-nkl-7129-500-lumen\/","title":{"rendered":"Lantern\u0103 de biciclet\u0103 Neko NKL-7129 500 lumen"},"content":{"rendered":"<\/p>\n<p><strong>Neko NKL-7129 500 lumen<\/strong> &#8212; lantern\u0103 cu LED-uri luminoase \u00een carcas\u0103 din aluminiu cu un LED puternic, \u00eenc\u0103rcare prin USB. Are un flux luminos maxim de 500 de lumeni, 8 moduri de iluminare &#8212; 5 statice \u0219i 3 intermitente. Lanterna se fixeaz\u0103 pe ghidon cu un suport de calitate din silicon care se potrive\u0219te la orice diametru.<\/p>\n<h3>Particularit\u0103\u021bi<\/h3>\n<ul>\n<li>Ap\u0103sa\u021bi butonul pentru a porni\/opri farul<\/li>\n<li>Cablu micro USB pentru \u00eenc\u0103rcare inclus<\/li>\n<li>Func\u021bia Paverbank &#8212; posibilitatea de a \u00eenc\u0103rca dispozitivele de la lanterna frontal\u0103<\/li>\n<\/ul>\n<h3>Moduri<\/h3>\n<ul>\n<li>100% luminozitate<\/li>\n<li>65% luminozitate<\/li>\n<li>40% luminozitate<\/li>\n<li>15% luminozitate<\/li>\n<li>2% luminozitate<\/li>\n<li>Flash pe timp de zi<\/li>\n<li>Lumin\u0103 intermitent\u0103<\/li>\n<li>Mod flash<\/li>\n<\/ul>\n<h3>Caracteristici<\/h3>\n<ul>\n<li>Putere de iluminare &#8212; 500 lumeni<\/li>\n<li>Celula de alimentare &#8212; baterie cu litiu 18650, 3,7V \/ 2400 mA\/h<\/li>\n<li>8 moduri de iluminare &#8212; 5 moduri statice \u0219i 3 moduri intermitente<\/li>\n<\/ul>\n<p><\/p>","protected":false},"excerpt":{"rendered":"","protected":false},"featured_media":49572,"comment_status":"open","ping_status":"closed","template":"","meta":{"_acf_changed":false,"inline_featured_image":false},"product_brand":[1362],"product_cat":[502],"product_tag":[],"class_list":{"0":"post-48745","1":"product","2":"type-product","3":"status-publish","4":"has-post-thumbnail","6":"product_brand-neko","7":"product_cat-bicycle-lights","9":"first","10":"instock","11":"shipping-taxable","12":"purchasable","13":"product-type-simple"},"acf":[],"yoast_head":"<!-- This site is optimized with the Yoast SEO plugin v27.4 - https:\/\/yoast.com\/product\/yoast-seo-wordpress\/ -->\n<title>\u041f\u0435\u0440\u0435\u0434\u043d\u0438\u0439 \u0444\u043e\u043d\u0430\u0440\u044c Neko NKL-7129 500 lumen - \u041c\u0430\u0433\u0430\u0437\u0438\u043d Xstyle<\/title>\n<meta name=\"description\" content=\"\u041f\u0435\u0440\u0435\u0434\u043d\u0438\u0439 \u0444\u043e\u043d\u0430\u0440\u044c Neko NKL-7129 - \u044f\u0440\u043a\u043e\u0441\u0442\u044c 500 \u043b\u044e\u043c\u0435\u043d, 8 \u0440\u0435\u0436\u0438\u043c\u043e\u0432, USB \u0437\u0430\u0440\u044f\u0434\u043a\u0430. \u0418\u0434\u0435\u0430\u043b\u0435\u043d \u0434\u043b\u044f \u0432\u0435\u043b\u043e\u0441\u0438\u043f\u0435\u0434\u0438\u0441\u0442\u043e\u0432! \u041f\u0440\u043e\u0447\u043d\u043e\u0435 \u0430\u043b\u044e\u043c\u0438\u043d\u0438\u0435\u0432\u043e\u0435 \u0442\u0435\u043b\u043e \u0438 \u043a\u0440\u0435\u043f\u043b\u0435\u043d\u0438\u0435.\" \/>\n<meta name=\"robots\" content=\"index, follow, max-snippet:-1, max-image-preview:large, max-video-preview:-1\" \/>\n<link rel=\"canonical\" href=\"https:\/\/xstyle.md\/ro\/produs\/perednij-fonar-neko-nkl-7129-500-lumen\/\" \/>\n<meta property=\"og:locale\" content=\"ro_RO\" \/>\n<meta property=\"og:type\" content=\"article\" \/>\n<meta property=\"og:title\" content=\"\u041f\u0435\u0440\u0435\u0434\u043d\u0438\u0439 \u0444\u043e\u043d\u0430\u0440\u044c Neko NKL-7129 500 lumen - \u041c\u0430\u0433\u0430\u0437\u0438\u043d Xstyle\" \/>\n<meta property=\"og:description\" content=\"\u041f\u0435\u0440\u0435\u0434\u043d\u0438\u0439 \u0444\u043e\u043d\u0430\u0440\u044c Neko NKL-7129 - \u044f\u0440\u043a\u043e\u0441\u0442\u044c 500 \u043b\u044e\u043c\u0435\u043d, 8 \u0440\u0435\u0436\u0438\u043c\u043e\u0432, USB \u0437\u0430\u0440\u044f\u0434\u043a\u0430. \u0418\u0434\u0435\u0430\u043b\u0435\u043d \u0434\u043b\u044f \u0432\u0435\u043b\u043e\u0441\u0438\u043f\u0435\u0434\u0438\u0441\u0442\u043e\u0432! \u041f\u0440\u043e\u0447\u043d\u043e\u0435 \u0430\u043b\u044e\u043c\u0438\u043d\u0438\u0435\u0432\u043e\u0435 \u0442\u0435\u043b\u043e \u0438 \u043a\u0440\u0435\u043f\u043b\u0435\u043d\u0438\u0435.\" \/>\n<meta property=\"og:url\" content=\"https:\/\/xstyle.md\/ro\/produs\/perednij-fonar-neko-nkl-7129-500-lumen\/\" \/>\n<meta property=\"og:site_name\" content=\"\u041c\u0430\u0433\u0430\u0437\u0438\u043d Xstyle\" \/>\n<meta property=\"article:publisher\" content=\"https:\/\/www.facebook.com\/xstylemd\" \/>\n<meta property=\"article:modified_time\" content=\"2026-03-19T13:48:35+00:00\" \/>\n<meta property=\"og:image\" content=\"https:\/\/xstyle.md\/wp-content\/uploads\/2022\/06\/neko-nkl-7129-500-lumen.jpg\" \/>\n\t<meta property=\"og:image:width\" content=\"606\" \/>\n\t<meta property=\"og:image:height\" content=\"506\" \/>\n\t<meta property=\"og:image:type\" content=\"image\/jpeg\" \/>\n<meta name=\"twitter:card\" content=\"summary_large_image\" \/>\n<meta name=\"twitter:label1\" content=\"Pre\u021b\" \/>\n\t<meta name=\"twitter:data1\" content=\"860&nbsp;MDL\" \/>\n\t<meta name=\"twitter:label2\" content=\"Disponibilitate\" \/>\n\t<meta name=\"twitter:data2\" content=\"\u00cen stoc\" \/>\n<script type=\"application\/ld+json\" class=\"yoast-schema-graph\">{\"@context\":\"https:\\\/\\\/schema.org\",\"@graph\":[{\"@type\":\"WebPage\",\"@id\":\"https:\\\/\\\/xstyle.md\\\/product\\\/perednij-fonar-neko-nkl-7129-500-lumen\\\/\",\"url\":\"https:\\\/\\\/xstyle.md\\\/product\\\/perednij-fonar-neko-nkl-7129-500-lumen\\\/\",\"name\":\"\u041f\u0435\u0440\u0435\u0434\u043d\u0438\u0439 \u0444\u043e\u043d\u0430\u0440\u044c Neko NKL-7129 500 lumen - \u041c\u0430\u0433\u0430\u0437\u0438\u043d Xstyle\",\"isPartOf\":{\"@id\":\"https:\\\/\\\/xstyle.md\\\/#website\"},\"primaryImageOfPage\":{\"@id\":\"https:\\\/\\\/xstyle.md\\\/product\\\/perednij-fonar-neko-nkl-7129-500-lumen\\\/#primaryimage\"},\"image\":{\"@id\":\"https:\\\/\\\/xstyle.md\\\/product\\\/perednij-fonar-neko-nkl-7129-500-lumen\\\/#primaryimage\"},\"thumbnailUrl\":\"https:\\\/\\\/xstyle.md\\\/wp-content\\\/uploads\\\/2022\\\/06\\\/neko-nkl-7129-500-lumen.jpg\",\"datePublished\":\"2022-06-16T10:13:06+00:00\",\"dateModified\":\"2026-03-19T13:48:35+00:00\",\"description\":\"\u041f\u0435\u0440\u0435\u0434\u043d\u0438\u0439 \u0444\u043e\u043d\u0430\u0440\u044c Neko NKL-7129 - \u044f\u0440\u043a\u043e\u0441\u0442\u044c 500 \u043b\u044e\u043c\u0435\u043d, 8 \u0440\u0435\u0436\u0438\u043c\u043e\u0432, USB \u0437\u0430\u0440\u044f\u0434\u043a\u0430. \u0418\u0434\u0435\u0430\u043b\u0435\u043d \u0434\u043b\u044f \u0432\u0435\u043b\u043e\u0441\u0438\u043f\u0435\u0434\u0438\u0441\u0442\u043e\u0432! \u041f\u0440\u043e\u0447\u043d\u043e\u0435 \u0430\u043b\u044e\u043c\u0438\u043d\u0438\u0435\u0432\u043e\u0435 \u0442\u0435\u043b\u043e \u0438 \u043a\u0440\u0435\u043f\u043b\u0435\u043d\u0438\u0435.\",\"breadcrumb\":{\"@id\":\"https:\\\/\\\/xstyle.md\\\/product\\\/perednij-fonar-neko-nkl-7129-500-lumen\\\/#breadcrumb\"},\"inLanguage\":\"ro-RO\",\"potentialAction\":[{\"@type\":\"ReadAction\",\"target\":[\"https:\\\/\\\/xstyle.md\\\/product\\\/perednij-fonar-neko-nkl-7129-500-lumen\\\/\"]}]},{\"@type\":\"ImageObject\",\"inLanguage\":\"ro-RO\",\"@id\":\"https:\\\/\\\/xstyle.md\\\/product\\\/perednij-fonar-neko-nkl-7129-500-lumen\\\/#primaryimage\",\"url\":\"https:\\\/\\\/xstyle.md\\\/wp-content\\\/uploads\\\/2022\\\/06\\\/neko-nkl-7129-500-lumen.jpg\",\"contentUrl\":\"https:\\\/\\\/xstyle.md\\\/wp-content\\\/uploads\\\/2022\\\/06\\\/neko-nkl-7129-500-lumen.jpg\",\"width\":606,\"height\":506,\"caption\":\"\u041f\u0435\u0440\u0435\u0434\u043d\u0438\u0439 \u0444\u043e\u043d\u0430\u0440\u044c Neko NKL-7129 500 \u043b\u044e\u043c\u0435\u043d \u0434\u043b\u044f \u0430\u043a\u0442\u0438\u0432\u043d\u043e\u0433\u043e \u043e\u0442\u0434\u044b\u0445\u0430, \u043f\u043e\u0445\u043e\u0434\u043e\u0432 \u0438 \u043f\u0443\u0442\u0435\u0448\u0435\u0441\u0442\u0432\u0438\u0439 \u0432 \u0438\u043d\u0442\u0435\u0440\u043d\u0435\u0442-\u043c\u0430\u0433\u0430\u0437\u0438\u043d\u0435 \u0441\u043f\u043e\u0440\u0442\u0438\u0432\u043d\u043e\u0439 \u043e\u0434\u0435\u0436\u0434\u044b \u0438 \u043e\u0431\u0443\u0432\u0438\"},{\"@type\":\"BreadcrumbList\",\"@id\":\"https:\\\/\\\/xstyle.md\\\/product\\\/perednij-fonar-neko-nkl-7129-500-lumen\\\/#breadcrumb\",\"itemListElement\":[{\"@type\":\"ListItem\",\"position\":1,\"name\":\"\u0413\u043b\u0430\u0432\u043d\u0430\u044f \u0441\u0442\u0440\u0430\u043d\u0438\u0446\u0430\",\"item\":\"https:\\\/\\\/xstyle.md\\\/\"},{\"@type\":\"ListItem\",\"position\":2,\"name\":\"\u041c\u0430\u0433\u0430\u0437\u0438\u043d\",\"item\":\"https:\\\/\\\/xstyle.md\\\/shop\\\/\"},{\"@type\":\"ListItem\",\"position\":3,\"name\":\"\u041f\u0435\u0440\u0435\u0434\u043d\u0438\u0439 \u0444\u043e\u043d\u0430\u0440\u044c Neko NKL-7129 500 lumen\"}]},{\"@type\":\"WebSite\",\"@id\":\"https:\\\/\\\/xstyle.md\\\/#website\",\"url\":\"https:\\\/\\\/xstyle.md\\\/\",\"name\":\"\u041c\u0430\u0433\u0430\u0437\u0438\u043d Xstyle\",\"description\":\"C\u043d\u0430\u0440\u044f\u0436\u0435\u043d\u0438\u0435 \u0434\u043b\u044f \u0442\u0443\u0440\u0438\u0437\u043c\u0430 \u0438 \u044d\u043a\u0441\u0442\u0440\u0435\u043c\u0430\u043b\u044c\u043d\u044b\u0445 \u0432\u0438\u0434\u043e\u0432 \u0441\u043f\u043e\u0440\u0442\u0430 \u0432 \u041c\u043e\u043b\u0434\u043e\u0432\u0435.. \u0426\u0435\u043d\u044b, \u0444\u043e\u0442\u043e, \u0445\u0430\u0440\u0430\u043a\u0442\u0435\u0440\u0438\u0441\u0442\u0438\u043a\u0438 \u0432 \u041c\u043e\u043b\u0434\u043e\u0432\u0435.\",\"publisher\":{\"@id\":\"https:\\\/\\\/xstyle.md\\\/#organization\"},\"alternateName\":\"X-Style\",\"potentialAction\":[{\"@type\":\"SearchAction\",\"target\":{\"@type\":\"EntryPoint\",\"urlTemplate\":\"https:\\\/\\\/xstyle.md\\\/?s={search_term_string}\"},\"query-input\":{\"@type\":\"PropertyValueSpecification\",\"valueRequired\":true,\"valueName\":\"search_term_string\"}}],\"inLanguage\":\"ro-RO\"},{\"@type\":\"Organization\",\"@id\":\"https:\\\/\\\/xstyle.md\\\/#organization\",\"name\":\"\u041c\u0430\u0433\u0430\u0437\u0438\u043d Xstyle\",\"alternateName\":\"x-style\",\"url\":\"https:\\\/\\\/xstyle.md\\\/\",\"logo\":{\"@type\":\"ImageObject\",\"inLanguage\":\"ro-RO\",\"@id\":\"https:\\\/\\\/xstyle.md\\\/#\\\/schema\\\/logo\\\/image\\\/\",\"url\":\"https:\\\/\\\/xstyle.md\\\/wp-content\\\/uploads\\\/2020\\\/06\\\/logoicon.svg\",\"contentUrl\":\"https:\\\/\\\/xstyle.md\\\/wp-content\\\/uploads\\\/2020\\\/06\\\/logoicon.svg\",\"caption\":\"\u041c\u0430\u0433\u0430\u0437\u0438\u043d Xstyle\"},\"image\":{\"@id\":\"https:\\\/\\\/xstyle.md\\\/#\\\/schema\\\/logo\\\/image\\\/\"},\"sameAs\":[\"https:\\\/\\\/www.facebook.com\\\/xstylemd\",\"https:\\\/\\\/www.instagram.com\\\/xstyle_md\\\/\",\"https:\\\/\\\/t.me\\\/xstyle_outdoor\"],\"hasMerchantReturnPolicy\":{\"@type\":\"MerchantReturnPolicy\",\"merchantReturnLink\":\"https:\\\/\\\/xstyle.md\\\/ro\\\/conditions\\\/\"}}]}<\/script>\n<meta property=\"product:price:amount\" content=\"860.00\" \/>\n<meta property=\"product:price:currency\" content=\"MDL\" \/>\n<meta property=\"og:availability\" content=\"instock\" \/>\n<meta property=\"product:availability\" content=\"instock\" \/>\n<meta property=\"product:retailer_item_id\" content=\"7349008869954\" \/>\n<meta property=\"product:condition\" content=\"new\" \/>\n<!-- \/ Yoast SEO plugin. -->","yoast_head_json":{"title":"Lantern\u0103 din fa\u021b\u0103 Neko NKL-7129 500 lumen - Magazin Xstyle","description":"Lanterna frontal Neko NKL-7129 - luminozitate de 500 de lumeni, 8 moduri, \u00eenc\u0103rcare USB. Ideal\u0103 pentru bicicli\u0219ti! Corp din aluminiu durabil \u0219i suport.","robots":{"index":"index","follow":"follow","max-snippet":"max-snippet:-1","max-image-preview":"max-image-preview:large","max-video-preview":"max-video-preview:-1"},"canonical":"https:\/\/xstyle.md\/ro\/produs\/perednij-fonar-neko-nkl-7129-500-lumen\/","og_locale":"ro_RO","og_type":"article","og_title":"\u041f\u0435\u0440\u0435\u0434\u043d\u0438\u0439 \u0444\u043e\u043d\u0430\u0440\u044c Neko NKL-7129 500 lumen - \u041c\u0430\u0433\u0430\u0437\u0438\u043d Xstyle","og_description":"\u041f\u0435\u0440\u0435\u0434\u043d\u0438\u0439 \u0444\u043e\u043d\u0430\u0440\u044c Neko NKL-7129 - \u044f\u0440\u043a\u043e\u0441\u0442\u044c 500 \u043b\u044e\u043c\u0435\u043d, 8 \u0440\u0435\u0436\u0438\u043c\u043e\u0432, USB \u0437\u0430\u0440\u044f\u0434\u043a\u0430. \u0418\u0434\u0435\u0430\u043b\u0435\u043d \u0434\u043b\u044f \u0432\u0435\u043b\u043e\u0441\u0438\u043f\u0435\u0434\u0438\u0441\u0442\u043e\u0432! \u041f\u0440\u043e\u0447\u043d\u043e\u0435 \u0430\u043b\u044e\u043c\u0438\u043d\u0438\u0435\u0432\u043e\u0435 \u0442\u0435\u043b\u043e \u0438 \u043a\u0440\u0435\u043f\u043b\u0435\u043d\u0438\u0435.","og_url":"https:\/\/xstyle.md\/ro\/produs\/perednij-fonar-neko-nkl-7129-500-lumen\/","og_site_name":"\u041c\u0430\u0433\u0430\u0437\u0438\u043d Xstyle","article_publisher":"https:\/\/www.facebook.com\/xstylemd","article_modified_time":"2026-03-19T13:48:35+00:00","og_image":[{"width":606,"height":506,"url":"https:\/\/xstyle.md\/wp-content\/uploads\/2022\/06\/neko-nkl-7129-500-lumen.jpg","type":"image\/jpeg"}],"twitter_card":"summary_large_image","twitter_misc":{"Pre\u021b":"860&nbsp;MDL","Disponibilitate":"\u00cen stoc"},"schema":{"@context":"https:\/\/schema.org","@graph":[{"@type":"WebPage","@id":"https:\/\/xstyle.md\/product\/perednij-fonar-neko-nkl-7129-500-lumen\/","url":"https:\/\/xstyle.md\/product\/perednij-fonar-neko-nkl-7129-500-lumen\/","name":"Lantern\u0103 din fa\u021b\u0103 Neko NKL-7129 500 lumen - Magazin Xstyle","isPartOf":{"@id":"https:\/\/xstyle.md\/#website"},"primaryImageOfPage":{"@id":"https:\/\/xstyle.md\/product\/perednij-fonar-neko-nkl-7129-500-lumen\/#primaryimage"},"image":{"@id":"https:\/\/xstyle.md\/product\/perednij-fonar-neko-nkl-7129-500-lumen\/#primaryimage"},"thumbnailUrl":"https:\/\/xstyle.md\/wp-content\/uploads\/2022\/06\/neko-nkl-7129-500-lumen.jpg","datePublished":"2022-06-16T10:13:06+00:00","dateModified":"2026-03-19T13:48:35+00:00","description":"Lanterna frontal Neko NKL-7129 - luminozitate de 500 de lumeni, 8 moduri, \u00eenc\u0103rcare USB. Ideal\u0103 pentru bicicli\u0219ti! Corp din aluminiu durabil \u0219i suport.","breadcrumb":{"@id":"https:\/\/xstyle.md\/product\/perednij-fonar-neko-nkl-7129-500-lumen\/#breadcrumb"},"inLanguage":"ro-RO","potentialAction":[{"@type":"ReadAction","target":["https:\/\/xstyle.md\/product\/perednij-fonar-neko-nkl-7129-500-lumen\/"]}]},{"@type":"ImageObject","inLanguage":"ro-RO","@id":"https:\/\/xstyle.md\/product\/perednij-fonar-neko-nkl-7129-500-lumen\/#primaryimage","url":"https:\/\/xstyle.md\/wp-content\/uploads\/2022\/06\/neko-nkl-7129-500-lumen.jpg","contentUrl":"https:\/\/xstyle.md\/wp-content\/uploads\/2022\/06\/neko-nkl-7129-500-lumen.jpg","width":606,"height":506,"caption":"\u041f\u0435\u0440\u0435\u0434\u043d\u0438\u0439 \u0444\u043e\u043d\u0430\u0440\u044c Neko NKL-7129 500 \u043b\u044e\u043c\u0435\u043d \u0434\u043b\u044f \u0430\u043a\u0442\u0438\u0432\u043d\u043e\u0433\u043e \u043e\u0442\u0434\u044b\u0445\u0430, \u043f\u043e\u0445\u043e\u0434\u043e\u0432 \u0438 \u043f\u0443\u0442\u0435\u0448\u0435\u0441\u0442\u0432\u0438\u0439 \u0432 \u0438\u043d\u0442\u0435\u0440\u043d\u0435\u0442-\u043c\u0430\u0433\u0430\u0437\u0438\u043d\u0435 \u0441\u043f\u043e\u0440\u0442\u0438\u0432\u043d\u043e\u0439 \u043e\u0434\u0435\u0436\u0434\u044b \u0438 \u043e\u0431\u0443\u0432\u0438"},{"@type":"BreadcrumbList","@id":"https:\/\/xstyle.md\/product\/perednij-fonar-neko-nkl-7129-500-lumen\/#breadcrumb","itemListElement":[{"@type":"ListItem","position":1,"name":"\u0413\u043b\u0430\u0432\u043d\u0430\u044f \u0441\u0442\u0440\u0430\u043d\u0438\u0446\u0430","item":"https:\/\/xstyle.md\/"},{"@type":"ListItem","position":2,"name":"\u041c\u0430\u0433\u0430\u0437\u0438\u043d","item":"https:\/\/xstyle.md\/shop\/"},{"@type":"ListItem","position":3,"name":"\u041f\u0435\u0440\u0435\u0434\u043d\u0438\u0439 \u0444\u043e\u043d\u0430\u0440\u044c Neko NKL-7129 500 lumen"}]},{"@type":"WebSite","@id":"https:\/\/xstyle.md\/#website","url":"https:\/\/xstyle.md\/","name":"Magazinul X-Style","description":"Echipamente pentru turism \u0219i sporturi extreme \u00een Moldova. Pre\u021buri, fotografii, caracteristici \u00een Moldova.","publisher":{"@id":"https:\/\/xstyle.md\/#organization"},"alternateName":"X-Style","potentialAction":[{"@type":"SearchAction","target":{"@type":"EntryPoint","urlTemplate":"https:\/\/xstyle.md\/?s={search_term_string}"},"query-input":{"@type":"PropertyValueSpecification","valueRequired":true,"valueName":"search_term_string"}}],"inLanguage":"ro-RO"},{"@type":"Organization","@id":"https:\/\/xstyle.md\/#organization","name":"Magazinul X-Style","alternateName":"x-style","url":"https:\/\/xstyle.md\/","logo":{"@type":"ImageObject","inLanguage":"ro-RO","@id":"https:\/\/xstyle.md\/#\/schema\/logo\/image\/","url":"https:\/\/xstyle.md\/wp-content\/uploads\/2020\/06\/logoicon.svg","contentUrl":"https:\/\/xstyle.md\/wp-content\/uploads\/2020\/06\/logoicon.svg","caption":"\u041c\u0430\u0433\u0430\u0437\u0438\u043d Xstyle"},"image":{"@id":"https:\/\/xstyle.md\/#\/schema\/logo\/image\/"},"sameAs":["https:\/\/www.facebook.com\/xstylemd","https:\/\/www.instagram.com\/xstyle_md\/","https:\/\/t.me\/xstyle_outdoor"],"hasMerchantReturnPolicy":{"@type":"MerchantReturnPolicy","merchantReturnLink":"https:\/\/xstyle.md\/ro\/conditions\/"}}]},"product_price_amount":"860.00","product_price_currency":"MDL","og_availability":"instock","product_availability":"instock","product_retailer_item_id":"7349008869954","product_condition":"new"},"_links":{"self":[{"href":"https:\/\/xstyle.md\/ro\/wp-json\/wp\/v2\/product\/48745","targetHints":{"allow":["GET"]}}],"collection":[{"href":"https:\/\/xstyle.md\/ro\/wp-json\/wp\/v2\/product"}],"about":[{"href":"https:\/\/xstyle.md\/ro\/wp-json\/wp\/v2\/types\/product"}],"replies":[{"embeddable":true,"href":"https:\/\/xstyle.md\/ro\/wp-json\/wp\/v2\/comments?post=48745"}],"wp:featuredmedia":[{"embeddable":true,"href":"https:\/\/xstyle.md\/ro\/wp-json\/wp\/v2\/media\/49572"}],"wp:attachment":[{"href":"https:\/\/xstyle.md\/ro\/wp-json\/wp\/v2\/media?parent=48745"}],"wp:term":[{"taxonomy":"product_brand","embeddable":true,"href":"https:\/\/xstyle.md\/ro\/wp-json\/wp\/v2\/product_brand?post=48745"},{"taxonomy":"product_cat","embeddable":true,"href":"https:\/\/xstyle.md\/ro\/wp-json\/wp\/v2\/product_cat?post=48745"},{"taxonomy":"product_tag","embeddable":true,"href":"https:\/\/xstyle.md\/ro\/wp-json\/wp\/v2\/product_tag?post=48745"}],"curies":[{"name":"wp","href":"https:\/\/api.w.org\/{rel}","templated":true}]}}