{"id":48744,"date":"2022-06-16T13:13:06","date_gmt":"2022-06-16T10:13:06","guid":{"rendered":"https:\/\/xstyle.md\/?post_type=product&#038;p=48744"},"modified":"2026-03-19T16:48:34","modified_gmt":"2026-03-19T13:48:34","slug":"perednij-fonar-neko-nkl-7129-1000-lumen","status":"publish","type":"product","link":"https:\/\/xstyle.md\/ro\/produs\/perednij-fonar-neko-nkl-7129-1000-lumen\/","title":{"rendered":"Lantern\u0103 de biciclet\u0103 Neko NKL-7129 1000 lumen"},"content":{"rendered":"<\/p>\n<p><strong>Neko NKL-7129 1000 lumen<\/strong> &#8212; lantern\u0103 cu LED-uri luminoase \u00een carcas\u0103 din aluminiu, cu dou\u0103 LED-uri puternice, \u00eenc\u0103rcare prin USB. Are un flux luminos maxim de 1000 de lumeni. 8 moduri de iluminare &#8212; 5 statice \u0219i 3 intermitente. Lanterna este fixat\u0103 pe ghidon cu un suport din silicon de \u00eenalt\u0103 calitate, care se potrive\u0219te la orice diametru.<\/p>\n<h3>Particularit\u0103\u021bi<\/h3>\n<ul>\n<li>2 LED-uri super luminoase<\/li>\n<li>Protec\u021bie \u00eempotriva apei IPX4<\/li>\n<li>2 * 18650 baterii cu litiu, 3.7V \/ 4800 mA\/h<\/li>\n<li>Protec\u021bie la supra\u00eenc\u0103rcare \u0219i supradesc\u0103rcare<\/li>\n<li>Ap\u0103sa\u021bi butonul pentru a comuta modurile de lumin\u0103 intermitent\u0103 \/ constant\u0103<\/li>\n<li>Ap\u0103sa\u021bi butonul pentru a opri lumina.<\/li>\n<\/ul>\n<h3>Caracteristici<\/h3>\n<ul>\n<li>Putere de iluminare &#8212; 1000 lumeni<\/li>\n<li>Element de alimentare &#8212; Li-Ion \/ Li-Pol \u00eencorporat<\/li>\n<li>8 moduri de iluminare &#8212; 5 moduri statice \u0219i 3 moduri intermitente<\/li>\n<li>Moduri &#8212; 100% luminozitate; 65% luminozitate; 40% luminozitate; 15% luminozitate; 2% luminozitate; mod de bli\u021b la lumina zilei; lumin\u0103 pulsatorie; mod intermitent<\/li>\n<\/ul>\n<p><\/p>","protected":false},"excerpt":{"rendered":"","protected":false},"featured_media":49569,"comment_status":"open","ping_status":"closed","template":"","meta":{"_acf_changed":false,"inline_featured_image":false},"product_brand":[1362],"product_cat":[502],"product_tag":[],"class_list":{"0":"post-48744","1":"product","2":"type-product","3":"status-publish","4":"has-post-thumbnail","6":"product_brand-neko","7":"product_cat-bicycle-lights","9":"first","10":"instock","11":"shipping-taxable","12":"purchasable","13":"product-type-simple"},"acf":[],"yoast_head":"<!-- This site is optimized with the Yoast SEO plugin v27.2 - https:\/\/yoast.com\/product\/yoast-seo-wordpress\/ -->\n<title>\u041f\u0435\u0440\u0435\u0434\u043d\u0438\u0439 \u0444\u043e\u043d\u0430\u0440\u044c Neko NKL-7129 1000 lumen - \u041c\u0430\u0433\u0430\u0437\u0438\u043d Xstyle<\/title>\n<meta name=\"description\" content=\"\u041f\u0435\u0440\u0435\u0434\u043d\u0438\u0439 \u0444\u043e\u043d\u0430\u0440\u044c Neko NKL-7129 \u2014 \u0441\u0432\u0435\u0442\u043e\u0434\u0438\u043e\u0434\u043d\u0430\u044f \u043b\u0430\u043c\u043f\u0430 1000 \u043b\u044e\u043c\u0435\u043d \u0441 USB \u0437\u0430\u0440\u044f\u0434\u043a\u043e\u0439, 8 \u0440\u0435\u0436\u0438\u043c\u0430\u043c\u0438 \u043e\u0441\u0432\u0435\u0449\u0435\u043d\u0438\u044f, \u0432\u043e\u0434\u043e\u043d\u0435\u043f\u0440\u043e\u043d\u0438\u0446\u0430\u0435\u043c\u0430\u044f (IPX4), \u0434\u043b\u044f \u0432\u0435\u043b\u043e\u0441\u0438\u043f\u0435\u0434\u0438\u0441\u0442\u043e\u0432.\" \/>\n<meta name=\"robots\" content=\"index, follow, max-snippet:-1, max-image-preview:large, max-video-preview:-1\" \/>\n<link rel=\"canonical\" href=\"https:\/\/xstyle.md\/ro\/produs\/perednij-fonar-neko-nkl-7129-1000-lumen\/\" \/>\n<meta property=\"og:locale\" content=\"ro_RO\" \/>\n<meta property=\"og:type\" content=\"article\" \/>\n<meta property=\"og:title\" content=\"\u041f\u0435\u0440\u0435\u0434\u043d\u0438\u0439 \u0444\u043e\u043d\u0430\u0440\u044c Neko NKL-7129 1000 lumen - \u041c\u0430\u0433\u0430\u0437\u0438\u043d Xstyle\" \/>\n<meta property=\"og:description\" content=\"\u041f\u0435\u0440\u0435\u0434\u043d\u0438\u0439 \u0444\u043e\u043d\u0430\u0440\u044c Neko NKL-7129 \u2014 \u0441\u0432\u0435\u0442\u043e\u0434\u0438\u043e\u0434\u043d\u0430\u044f \u043b\u0430\u043c\u043f\u0430 1000 \u043b\u044e\u043c\u0435\u043d \u0441 USB \u0437\u0430\u0440\u044f\u0434\u043a\u043e\u0439, 8 \u0440\u0435\u0436\u0438\u043c\u0430\u043c\u0438 \u043e\u0441\u0432\u0435\u0449\u0435\u043d\u0438\u044f, \u0432\u043e\u0434\u043e\u043d\u0435\u043f\u0440\u043e\u043d\u0438\u0446\u0430\u0435\u043c\u0430\u044f (IPX4), \u0434\u043b\u044f \u0432\u0435\u043b\u043e\u0441\u0438\u043f\u0435\u0434\u0438\u0441\u0442\u043e\u0432.\" \/>\n<meta property=\"og:url\" content=\"https:\/\/xstyle.md\/ro\/produs\/perednij-fonar-neko-nkl-7129-1000-lumen\/\" \/>\n<meta property=\"og:site_name\" content=\"\u041c\u0430\u0433\u0430\u0437\u0438\u043d Xstyle\" \/>\n<meta property=\"article:publisher\" content=\"https:\/\/www.facebook.com\/xstylemd\" \/>\n<meta property=\"article:modified_time\" content=\"2026-03-19T13:48:34+00:00\" \/>\n<meta property=\"og:image\" content=\"https:\/\/xstyle.md\/wp-content\/uploads\/2022\/06\/neko-nkl-7129-1000-lumen.jpg\" \/>\n\t<meta property=\"og:image:width\" content=\"608\" \/>\n\t<meta property=\"og:image:height\" content=\"454\" \/>\n\t<meta property=\"og:image:type\" content=\"image\/jpeg\" \/>\n<meta name=\"twitter:card\" content=\"summary_large_image\" \/>\n<meta name=\"twitter:label1\" content=\"Pre\u021b\" \/>\n\t<meta name=\"twitter:data1\" content=\"1.100&nbsp;MDL\" \/>\n\t<meta name=\"twitter:label2\" content=\"Disponibilitate\" \/>\n\t<meta name=\"twitter:data2\" content=\"\u00cen stoc\" \/>\n<script type=\"application\/ld+json\" class=\"yoast-schema-graph\">{\"@context\":\"https:\/\/schema.org\",\"@graph\":[{\"@type\":\"WebPage\",\"@id\":\"https:\/\/xstyle.md\/product\/perednij-fonar-neko-nkl-7129-1000-lumen\/\",\"url\":\"https:\/\/xstyle.md\/product\/perednij-fonar-neko-nkl-7129-1000-lumen\/\",\"name\":\"\u041f\u0435\u0440\u0435\u0434\u043d\u0438\u0439 \u0444\u043e\u043d\u0430\u0440\u044c Neko NKL-7129 1000 lumen - \u041c\u0430\u0433\u0430\u0437\u0438\u043d Xstyle\",\"isPartOf\":{\"@id\":\"https:\/\/xstyle.md\/#website\"},\"primaryImageOfPage\":{\"@id\":\"https:\/\/xstyle.md\/product\/perednij-fonar-neko-nkl-7129-1000-lumen\/#primaryimage\"},\"image\":{\"@id\":\"https:\/\/xstyle.md\/product\/perednij-fonar-neko-nkl-7129-1000-lumen\/#primaryimage\"},\"thumbnailUrl\":\"https:\/\/xstyle.md\/wp-content\/uploads\/2022\/06\/neko-nkl-7129-1000-lumen.jpg\",\"datePublished\":\"2022-06-16T10:13:06+00:00\",\"dateModified\":\"2026-03-19T13:48:34+00:00\",\"description\":\"\u041f\u0435\u0440\u0435\u0434\u043d\u0438\u0439 \u0444\u043e\u043d\u0430\u0440\u044c Neko NKL-7129 \u2014 \u0441\u0432\u0435\u0442\u043e\u0434\u0438\u043e\u0434\u043d\u0430\u044f \u043b\u0430\u043c\u043f\u0430 1000 \u043b\u044e\u043c\u0435\u043d \u0441 USB \u0437\u0430\u0440\u044f\u0434\u043a\u043e\u0439, 8 \u0440\u0435\u0436\u0438\u043c\u0430\u043c\u0438 \u043e\u0441\u0432\u0435\u0449\u0435\u043d\u0438\u044f, \u0432\u043e\u0434\u043e\u043d\u0435\u043f\u0440\u043e\u043d\u0438\u0446\u0430\u0435\u043c\u0430\u044f (IPX4), \u0434\u043b\u044f \u0432\u0435\u043b\u043e\u0441\u0438\u043f\u0435\u0434\u0438\u0441\u0442\u043e\u0432.\",\"breadcrumb\":{\"@id\":\"https:\/\/xstyle.md\/product\/perednij-fonar-neko-nkl-7129-1000-lumen\/#breadcrumb\"},\"inLanguage\":\"ro-RO\",\"potentialAction\":[{\"@type\":\"ReadAction\",\"target\":[\"https:\/\/xstyle.md\/product\/perednij-fonar-neko-nkl-7129-1000-lumen\/\"]}]},{\"@type\":\"ImageObject\",\"inLanguage\":\"ro-RO\",\"@id\":\"https:\/\/xstyle.md\/product\/perednij-fonar-neko-nkl-7129-1000-lumen\/#primaryimage\",\"url\":\"https:\/\/xstyle.md\/wp-content\/uploads\/2022\/06\/neko-nkl-7129-1000-lumen.jpg\",\"contentUrl\":\"https:\/\/xstyle.md\/wp-content\/uploads\/2022\/06\/neko-nkl-7129-1000-lumen.jpg\",\"width\":608,\"height\":454,\"caption\":\"\u041f\u0435\u0440\u0435\u0434\u043d\u0438\u0439 \u0444\u043e\u043d\u0430\u0440\u044c Neko NKL-7129 1000 \u043b\u044e\u043c\u0435\u043d \u0434\u043b\u044f \u0430\u043a\u0442\u0438\u0432\u043d\u043e\u0433\u043e \u043e\u0442\u0434\u044b\u0445\u0430, \u043f\u043e\u0445\u043e\u0434\u043e\u0432 \u0438 \u043f\u0443\u0442\u0435\u0448\u0435\u0441\u0442\u0432\u0438\u0439, \u044d\u043a\u0438\u043f\u0438\u0440\u043e\u0432\u043a\u0430 \u0434\u043b\u044f \u0442\u0443\u0440\u0438\u0437\u043c\u0430 \u0438 \u0430\u043b\u044c\u043f\u0438\u043d\u0438\u0437\u043c\u0430, \u043e\u0431\u0443\u0432\u044c \u0438 \u043e\u0434\u0435\u0436\u0434\u0430 \u0434\u043b\u044f \u0430\u043a\u0442\u0438\u0432\u043d\u043e\u0439 \u0436\u0438\u0437\u043d\u0438 \u0432 \u043e\u043d\u043b\u0430\u0439\u043d \u043c\u0430\u0433\u0430\u0437\u0438\u043d\u0435\"},{\"@type\":\"BreadcrumbList\",\"@id\":\"https:\/\/xstyle.md\/product\/perednij-fonar-neko-nkl-7129-1000-lumen\/#breadcrumb\",\"itemListElement\":[{\"@type\":\"ListItem\",\"position\":1,\"name\":\"\u0413\u043b\u0430\u0432\u043d\u0430\u044f \u0441\u0442\u0440\u0430\u043d\u0438\u0446\u0430\",\"item\":\"https:\/\/xstyle.md\/\"},{\"@type\":\"ListItem\",\"position\":2,\"name\":\"\u041c\u0430\u0433\u0430\u0437\u0438\u043d\",\"item\":\"https:\/\/xstyle.md\/shop\/\"},{\"@type\":\"ListItem\",\"position\":3,\"name\":\"\u041f\u0435\u0440\u0435\u0434\u043d\u0438\u0439 \u0444\u043e\u043d\u0430\u0440\u044c Neko NKL-7129 1000 lumen\"}]},{\"@type\":\"WebSite\",\"@id\":\"https:\/\/xstyle.md\/#website\",\"url\":\"https:\/\/xstyle.md\/\",\"name\":\"\u041c\u0430\u0433\u0430\u0437\u0438\u043d Xstyle\",\"description\":\"C\u043d\u0430\u0440\u044f\u0436\u0435\u043d\u0438\u0435 \u0434\u043b\u044f \u0442\u0443\u0440\u0438\u0437\u043c\u0430 \u0438 \u044d\u043a\u0441\u0442\u0440\u0435\u043c\u0430\u043b\u044c\u043d\u044b\u0445 \u0432\u0438\u0434\u043e\u0432 \u0441\u043f\u043e\u0440\u0442\u0430 \u0432 \u041c\u043e\u043b\u0434\u043e\u0432\u0435.. \u0426\u0435\u043d\u044b, \u0444\u043e\u0442\u043e, \u0445\u0430\u0440\u0430\u043a\u0442\u0435\u0440\u0438\u0441\u0442\u0438\u043a\u0438 \u0432 \u041c\u043e\u043b\u0434\u043e\u0432\u0435.\",\"publisher\":{\"@id\":\"https:\/\/xstyle.md\/#organization\"},\"alternateName\":\"X-Style\",\"potentialAction\":[{\"@type\":\"SearchAction\",\"target\":{\"@type\":\"EntryPoint\",\"urlTemplate\":\"https:\/\/xstyle.md\/?s={search_term_string}\"},\"query-input\":{\"@type\":\"PropertyValueSpecification\",\"valueRequired\":true,\"valueName\":\"search_term_string\"}}],\"inLanguage\":\"ro-RO\"},{\"@type\":\"Organization\",\"@id\":\"https:\/\/xstyle.md\/#organization\",\"name\":\"\u041c\u0430\u0433\u0430\u0437\u0438\u043d Xstyle\",\"alternateName\":\"x-style\",\"url\":\"https:\/\/xstyle.md\/\",\"logo\":{\"@type\":\"ImageObject\",\"inLanguage\":\"ro-RO\",\"@id\":\"https:\/\/xstyle.md\/#\/schema\/logo\/image\/\",\"url\":\"https:\/\/xstyle.md\/wp-content\/uploads\/2020\/06\/logoicon.svg\",\"contentUrl\":\"https:\/\/xstyle.md\/wp-content\/uploads\/2020\/06\/logoicon.svg\",\"caption\":\"\u041c\u0430\u0433\u0430\u0437\u0438\u043d Xstyle\"},\"image\":{\"@id\":\"https:\/\/xstyle.md\/#\/schema\/logo\/image\/\"},\"sameAs\":[\"https:\/\/www.facebook.com\/xstylemd\",\"https:\/\/www.instagram.com\/xstyle_md\/\",\"https:\/\/t.me\/xstyle_outdoor\"],\"hasMerchantReturnPolicy\":{\"@type\":\"MerchantReturnPolicy\",\"merchantReturnLink\":\"https:\/\/xstyle.md\/ro\/conditions\/\"}}]}<\/script>\n<meta property=\"product:price:amount\" content=\"1100.00\" \/>\n<meta property=\"product:price:currency\" content=\"MDL\" \/>\n<meta property=\"og:availability\" content=\"instock\" \/>\n<meta property=\"product:availability\" content=\"instock\" \/>\n<meta property=\"product:retailer_item_id\" content=\"7348008869957\" \/>\n<meta property=\"product:condition\" content=\"new\" \/>\n<!-- \/ Yoast SEO plugin. -->","yoast_head_json":{"title":"Lantern\u0103 frontal\u0103 Neko NKL-7129 1000 lumen - Magazin Xstyle","description":"Farul frontal Neko NKL-7129 - lamp\u0103 LED de 1000 lumeni cu \u00eenc\u0103rcare USB, 8 moduri de iluminare, rezistent la ap\u0103 (IPX4), pentru bicicli\u0219ti.","robots":{"index":"index","follow":"follow","max-snippet":"max-snippet:-1","max-image-preview":"max-image-preview:large","max-video-preview":"max-video-preview:-1"},"canonical":"https:\/\/xstyle.md\/ro\/produs\/perednij-fonar-neko-nkl-7129-1000-lumen\/","og_locale":"ro_RO","og_type":"article","og_title":"\u041f\u0435\u0440\u0435\u0434\u043d\u0438\u0439 \u0444\u043e\u043d\u0430\u0440\u044c Neko NKL-7129 1000 lumen - \u041c\u0430\u0433\u0430\u0437\u0438\u043d Xstyle","og_description":"\u041f\u0435\u0440\u0435\u0434\u043d\u0438\u0439 \u0444\u043e\u043d\u0430\u0440\u044c Neko NKL-7129 \u2014 \u0441\u0432\u0435\u0442\u043e\u0434\u0438\u043e\u0434\u043d\u0430\u044f \u043b\u0430\u043c\u043f\u0430 1000 \u043b\u044e\u043c\u0435\u043d \u0441 USB \u0437\u0430\u0440\u044f\u0434\u043a\u043e\u0439, 8 \u0440\u0435\u0436\u0438\u043c\u0430\u043c\u0438 \u043e\u0441\u0432\u0435\u0449\u0435\u043d\u0438\u044f, \u0432\u043e\u0434\u043e\u043d\u0435\u043f\u0440\u043e\u043d\u0438\u0446\u0430\u0435\u043c\u0430\u044f (IPX4), \u0434\u043b\u044f \u0432\u0435\u043b\u043e\u0441\u0438\u043f\u0435\u0434\u0438\u0441\u0442\u043e\u0432.","og_url":"https:\/\/xstyle.md\/ro\/produs\/perednij-fonar-neko-nkl-7129-1000-lumen\/","og_site_name":"\u041c\u0430\u0433\u0430\u0437\u0438\u043d Xstyle","article_publisher":"https:\/\/www.facebook.com\/xstylemd","article_modified_time":"2026-03-19T13:48:34+00:00","og_image":[{"width":608,"height":454,"url":"https:\/\/xstyle.md\/wp-content\/uploads\/2022\/06\/neko-nkl-7129-1000-lumen.jpg","type":"image\/jpeg"}],"twitter_card":"summary_large_image","twitter_misc":{"Pre\u021b":"1.100&nbsp;MDL","Disponibilitate":"\u00cen stoc"},"schema":{"@context":"https:\/\/schema.org","@graph":[{"@type":"WebPage","@id":"https:\/\/xstyle.md\/product\/perednij-fonar-neko-nkl-7129-1000-lumen\/","url":"https:\/\/xstyle.md\/product\/perednij-fonar-neko-nkl-7129-1000-lumen\/","name":"Lantern\u0103 frontal\u0103 Neko NKL-7129 1000 lumen - Magazin Xstyle","isPartOf":{"@id":"https:\/\/xstyle.md\/#website"},"primaryImageOfPage":{"@id":"https:\/\/xstyle.md\/product\/perednij-fonar-neko-nkl-7129-1000-lumen\/#primaryimage"},"image":{"@id":"https:\/\/xstyle.md\/product\/perednij-fonar-neko-nkl-7129-1000-lumen\/#primaryimage"},"thumbnailUrl":"https:\/\/xstyle.md\/wp-content\/uploads\/2022\/06\/neko-nkl-7129-1000-lumen.jpg","datePublished":"2022-06-16T10:13:06+00:00","dateModified":"2026-03-19T13:48:34+00:00","description":"Farul frontal Neko NKL-7129 - lamp\u0103 LED de 1000 lumeni cu \u00eenc\u0103rcare USB, 8 moduri de iluminare, rezistent la ap\u0103 (IPX4), pentru bicicli\u0219ti.","breadcrumb":{"@id":"https:\/\/xstyle.md\/product\/perednij-fonar-neko-nkl-7129-1000-lumen\/#breadcrumb"},"inLanguage":"ro-RO","potentialAction":[{"@type":"ReadAction","target":["https:\/\/xstyle.md\/product\/perednij-fonar-neko-nkl-7129-1000-lumen\/"]}]},{"@type":"ImageObject","inLanguage":"ro-RO","@id":"https:\/\/xstyle.md\/product\/perednij-fonar-neko-nkl-7129-1000-lumen\/#primaryimage","url":"https:\/\/xstyle.md\/wp-content\/uploads\/2022\/06\/neko-nkl-7129-1000-lumen.jpg","contentUrl":"https:\/\/xstyle.md\/wp-content\/uploads\/2022\/06\/neko-nkl-7129-1000-lumen.jpg","width":608,"height":454,"caption":"\u041f\u0435\u0440\u0435\u0434\u043d\u0438\u0439 \u0444\u043e\u043d\u0430\u0440\u044c Neko NKL-7129 1000 \u043b\u044e\u043c\u0435\u043d \u0434\u043b\u044f \u0430\u043a\u0442\u0438\u0432\u043d\u043e\u0433\u043e \u043e\u0442\u0434\u044b\u0445\u0430, \u043f\u043e\u0445\u043e\u0434\u043e\u0432 \u0438 \u043f\u0443\u0442\u0435\u0448\u0435\u0441\u0442\u0432\u0438\u0439, \u044d\u043a\u0438\u043f\u0438\u0440\u043e\u0432\u043a\u0430 \u0434\u043b\u044f \u0442\u0443\u0440\u0438\u0437\u043c\u0430 \u0438 \u0430\u043b\u044c\u043f\u0438\u043d\u0438\u0437\u043c\u0430, \u043e\u0431\u0443\u0432\u044c \u0438 \u043e\u0434\u0435\u0436\u0434\u0430 \u0434\u043b\u044f \u0430\u043a\u0442\u0438\u0432\u043d\u043e\u0439 \u0436\u0438\u0437\u043d\u0438 \u0432 \u043e\u043d\u043b\u0430\u0439\u043d \u043c\u0430\u0433\u0430\u0437\u0438\u043d\u0435"},{"@type":"BreadcrumbList","@id":"https:\/\/xstyle.md\/product\/perednij-fonar-neko-nkl-7129-1000-lumen\/#breadcrumb","itemListElement":[{"@type":"ListItem","position":1,"name":"\u0413\u043b\u0430\u0432\u043d\u0430\u044f \u0441\u0442\u0440\u0430\u043d\u0438\u0446\u0430","item":"https:\/\/xstyle.md\/"},{"@type":"ListItem","position":2,"name":"\u041c\u0430\u0433\u0430\u0437\u0438\u043d","item":"https:\/\/xstyle.md\/shop\/"},{"@type":"ListItem","position":3,"name":"\u041f\u0435\u0440\u0435\u0434\u043d\u0438\u0439 \u0444\u043e\u043d\u0430\u0440\u044c Neko NKL-7129 1000 lumen"}]},{"@type":"WebSite","@id":"https:\/\/xstyle.md\/#website","url":"https:\/\/xstyle.md\/","name":"Magazinul X-Style","description":"Echipamente pentru turism \u0219i sporturi extreme \u00een Moldova. Pre\u021buri, fotografii, caracteristici \u00een Moldova.","publisher":{"@id":"https:\/\/xstyle.md\/#organization"},"alternateName":"X-Style","potentialAction":[{"@type":"SearchAction","target":{"@type":"EntryPoint","urlTemplate":"https:\/\/xstyle.md\/?s={search_term_string}"},"query-input":{"@type":"PropertyValueSpecification","valueRequired":true,"valueName":"search_term_string"}}],"inLanguage":"ro-RO"},{"@type":"Organization","@id":"https:\/\/xstyle.md\/#organization","name":"Magazinul X-Style","alternateName":"x-style","url":"https:\/\/xstyle.md\/","logo":{"@type":"ImageObject","inLanguage":"ro-RO","@id":"https:\/\/xstyle.md\/#\/schema\/logo\/image\/","url":"https:\/\/xstyle.md\/wp-content\/uploads\/2020\/06\/logoicon.svg","contentUrl":"https:\/\/xstyle.md\/wp-content\/uploads\/2020\/06\/logoicon.svg","caption":"\u041c\u0430\u0433\u0430\u0437\u0438\u043d Xstyle"},"image":{"@id":"https:\/\/xstyle.md\/#\/schema\/logo\/image\/"},"sameAs":["https:\/\/www.facebook.com\/xstylemd","https:\/\/www.instagram.com\/xstyle_md\/","https:\/\/t.me\/xstyle_outdoor"],"hasMerchantReturnPolicy":{"@type":"MerchantReturnPolicy","merchantReturnLink":"https:\/\/xstyle.md\/ro\/conditions\/"}}]},"product_price_amount":"1100.00","product_price_currency":"MDL","og_availability":"instock","product_availability":"instock","product_retailer_item_id":"7348008869957","product_condition":"new"},"post_mailing_queue_ids":[],"_links":{"self":[{"href":"https:\/\/xstyle.md\/ro\/wp-json\/wp\/v2\/product\/48744","targetHints":{"allow":["GET"]}}],"collection":[{"href":"https:\/\/xstyle.md\/ro\/wp-json\/wp\/v2\/product"}],"about":[{"href":"https:\/\/xstyle.md\/ro\/wp-json\/wp\/v2\/types\/product"}],"replies":[{"embeddable":true,"href":"https:\/\/xstyle.md\/ro\/wp-json\/wp\/v2\/comments?post=48744"}],"wp:featuredmedia":[{"embeddable":true,"href":"https:\/\/xstyle.md\/ro\/wp-json\/wp\/v2\/media\/49569"}],"wp:attachment":[{"href":"https:\/\/xstyle.md\/ro\/wp-json\/wp\/v2\/media?parent=48744"}],"wp:term":[{"taxonomy":"product_brand","embeddable":true,"href":"https:\/\/xstyle.md\/ro\/wp-json\/wp\/v2\/product_brand?post=48744"},{"taxonomy":"product_cat","embeddable":true,"href":"https:\/\/xstyle.md\/ro\/wp-json\/wp\/v2\/product_cat?post=48744"},{"taxonomy":"product_tag","embeddable":true,"href":"https:\/\/xstyle.md\/ro\/wp-json\/wp\/v2\/product_tag?post=48744"}],"curies":[{"name":"wp","href":"https:\/\/api.w.org\/{rel}","templated":true}]}}