{"id":47936,"date":"2022-04-28T15:54:23","date_gmt":"2022-04-28T12:54:23","guid":{"rendered":"https:\/\/xstyle.md\/?post_type=product&#038;p=47936"},"modified":"2026-04-07T15:23:50","modified_gmt":"2026-04-07T12:23:50","slug":"kruzhka-tatonka-handle-mug-600-set","status":"publish","type":"product","link":"https:\/\/xstyle.md\/ro\/produs\/kruzhka-tatonka-handle-mug-600-set\/","title":{"rendered":"Can\u0103 cu capac Tatonka Handle Mug 600 set"},"content":{"rendered":"<\/p>\n<p><strong>Tatonka Handle Mug 600 set<\/strong> &#8212; setul de c\u0103ni cu capac este fabricat din o\u021bel inoxidabil. Acest echipament de drume\u021bie minimalist \u0219i bine g\u00e2ndit va ocupa pu\u021bin spa\u021biu \u00een rucsacul t\u0103u de drume\u021bie, dar va oferi un serviciu nepre\u021buit. Cana din o\u021bel inoxidabil \u0219i capacul din o\u021bel inoxidabil de 4 cm ad\u00e2ncime au m\u00e2nere pliabile. Capacul poate fi folosit \u0219i ca o crati\u021b\u0103 sau un bol. Cana \u0219i capacul au \u00een interior un c\u00e2ntar volumetric, cana are o capacitate de 600 ml. Setul nu con\u021bine substan\u021be nocive, nu se va sparge, este sigur \u0219i u\u0219or de cur\u0103\u021bat.<\/p>\n<h3>Particularit\u0103\u021bi<\/h3>\n<ul>\n<li>Dimensiune versatil\u0103 \u0219i practic\u0103<\/li>\n<li>Scar\u0103 de m\u0103surare<\/li>\n<li>Siguran\u021b\u0103 alimentar\u0103 \u0219i rezisten\u021b\u0103 la acizii din fructe<\/li>\n<li>M\u00e2nere pliabile pe cea\u0219c\u0103 \u0219i pe capac<\/li>\n<li>Setul include o can\u0103 de 0,6 litri \u0219i un capac de 11 x 4,5 cm<\/li>\n<li>Fabricat\u0103 din o\u021bel inoxidabil de \u00eenalt\u0103 calitate<\/li>\n<li>U\u0219or de cur\u0103\u021bat.<\/li>\n<\/ul>\n<h3>Caracteristici<\/h3>\n<ul>\n<li>Material &#8212; o\u021bel inoxidabil 18\/8<\/li>\n<li>Volum &#8212; 600 ml<\/li>\n<li>Dimensiuni &#8212; 11 x 14,5 cm<\/li>\n<li>Greutate &#8212; 295 g.<\/li>\n<\/ul>\n<h3>Marca<\/h3>\n<p>Marca TATONKA este renumit\u0103 \u00een \u00eentreaga lume \u0219i produce echipamente de c\u0103l\u0103torie de \u00eenalt\u0103 calitate \u00eenc\u0103 din 1994. \u00cenc\u0103 de la \u00eenfiin\u021bare, Tatonka respecta politic\u0103 de calitate maxim\u0103 posibil\u0103 a produselor la un pre\u021b accesibil. Fiecare rucsac, geant\u0103, ustensil\u0103 sau accesoriu TATONKA din o\u021bel inoxidabil este dezvoltat pe baza experien\u021bei de mul\u021bi ani a companiei.<\/p>\n<p>Produsele TATONKA sunt din ce \u00een ce mai populare \u00een \u00eentreaga lume. TATONKA \u00ee\u0219i \u00eembun\u0103t\u0103\u021be\u0219te constant produsele \u0219i utilizeaz\u0103 cele mai recente progrese tehnologice \u0219i materiale de ultim\u0103 genera\u021bie pentru a satisface cele mai \u00eenalte cerin\u021be.<\/p>\n<p><\/p>","protected":false},"excerpt":{"rendered":"","protected":false},"featured_media":48007,"comment_status":"open","ping_status":"closed","template":"","meta":{"_acf_changed":false,"inline_featured_image":false},"product_brand":[1262],"product_cat":[151],"product_tag":[],"class_list":{"0":"post-47936","1":"product","2":"type-product","3":"status-publish","4":"has-post-thumbnail","6":"product_brand-tatonka","7":"product_cat-bowls-and-mugs","9":"first","10":"instock","11":"shipping-taxable","12":"purchasable","13":"product-type-simple"},"acf":[],"yoast_head":"<!-- This site is optimized with the Yoast SEO plugin v27.2 - https:\/\/yoast.com\/product\/yoast-seo-wordpress\/ -->\n<title>\u041a\u0440\u0443\u0436\u043a\u0430 \u0441 \u043a\u0440\u044b\u0448\u043a\u043e\u0439 Tatonka Handle Mug 600 set - \u041c\u0430\u0433\u0430\u0437\u0438\u043d Xstyle<\/title>\n<meta name=\"description\" content=\"\u041a\u0440\u0443\u0436\u043a\u0430 \u0441 \u043a\u0440\u044b\u0448\u043a\u043e\u0439 Tatonka Handle Mug 600 - \u0438\u0434\u0435\u0430\u043b\u044c\u043d\u044b\u0439 \u0441\u043f\u0443\u0442\u043d\u0438\u043a \u0434\u043b\u044f \u043f\u043e\u0445\u043e\u0434\u043e\u0432. \u041a\u043e\u043c\u043f\u0430\u043a\u0442\u043d\u0430\u044f, \u0438\u0437 \u043d\u0435\u0440\u0436\u0430\u0432\u0435\u044e\u0449\u0435\u0439 \u0441\u0442\u0430\u043b\u0438, \u0441 \u0441\u043a\u043b\u0430\u0434\u043d\u044b\u043c\u0438 \u0440\u0443\u0447\u043a\u0430\u043c\u0438. \u0423\u0434\u043e\u0431\u043d\u043e \u0438 \u043f\u0440\u0430\u043a\u0442\u0438\u0447\u043d\u043e!\" \/>\n<meta name=\"robots\" content=\"index, follow, max-snippet:-1, max-image-preview:large, max-video-preview:-1\" \/>\n<link rel=\"canonical\" href=\"https:\/\/xstyle.md\/ro\/produs\/kruzhka-tatonka-handle-mug-600-set\/\" \/>\n<meta property=\"og:locale\" content=\"ro_RO\" \/>\n<meta property=\"og:type\" content=\"article\" \/>\n<meta property=\"og:title\" content=\"\u041a\u0440\u0443\u0436\u043a\u0430 \u0441 \u043a\u0440\u044b\u0448\u043a\u043e\u0439 Tatonka Handle Mug 600 set - \u041c\u0430\u0433\u0430\u0437\u0438\u043d Xstyle\" \/>\n<meta property=\"og:description\" content=\"\u041a\u0440\u0443\u0436\u043a\u0430 \u0441 \u043a\u0440\u044b\u0448\u043a\u043e\u0439 Tatonka Handle Mug 600 - \u0438\u0434\u0435\u0430\u043b\u044c\u043d\u044b\u0439 \u0441\u043f\u0443\u0442\u043d\u0438\u043a \u0434\u043b\u044f \u043f\u043e\u0445\u043e\u0434\u043e\u0432. \u041a\u043e\u043c\u043f\u0430\u043a\u0442\u043d\u0430\u044f, \u0438\u0437 \u043d\u0435\u0440\u0436\u0430\u0432\u0435\u044e\u0449\u0435\u0439 \u0441\u0442\u0430\u043b\u0438, \u0441 \u0441\u043a\u043b\u0430\u0434\u043d\u044b\u043c\u0438 \u0440\u0443\u0447\u043a\u0430\u043c\u0438. \u0423\u0434\u043e\u0431\u043d\u043e \u0438 \u043f\u0440\u0430\u043a\u0442\u0438\u0447\u043d\u043e!\" \/>\n<meta property=\"og:url\" content=\"https:\/\/xstyle.md\/ro\/produs\/kruzhka-tatonka-handle-mug-600-set\/\" \/>\n<meta property=\"og:site_name\" content=\"\u041c\u0430\u0433\u0430\u0437\u0438\u043d Xstyle\" \/>\n<meta property=\"article:publisher\" content=\"https:\/\/www.facebook.com\/xstylemd\" \/>\n<meta property=\"article:modified_time\" content=\"2026-04-07T12:23:50+00:00\" \/>\n<meta property=\"og:image\" content=\"https:\/\/xstyle.md\/wp-content\/uploads\/2022\/04\/tatonka-handle-mug-600-set.jpeg\" \/>\n\t<meta property=\"og:image:width\" content=\"600\" \/>\n\t<meta property=\"og:image:height\" content=\"600\" \/>\n\t<meta property=\"og:image:type\" content=\"image\/jpeg\" \/>\n<meta name=\"twitter:card\" content=\"summary_large_image\" \/>\n<meta name=\"twitter:label1\" content=\"Pre\u021b\" \/>\n\t<meta name=\"twitter:data1\" content=\"690&nbsp;MDL\" \/>\n\t<meta name=\"twitter:label2\" content=\"Disponibilitate\" \/>\n\t<meta name=\"twitter:data2\" content=\"\u00cen stoc\" \/>\n<script type=\"application\/ld+json\" class=\"yoast-schema-graph\">{\"@context\":\"https:\/\/schema.org\",\"@graph\":[{\"@type\":\"WebPage\",\"@id\":\"https:\/\/xstyle.md\/product\/kruzhka-tatonka-handle-mug-600-set\/\",\"url\":\"https:\/\/xstyle.md\/product\/kruzhka-tatonka-handle-mug-600-set\/\",\"name\":\"\u041a\u0440\u0443\u0436\u043a\u0430 \u0441 \u043a\u0440\u044b\u0448\u043a\u043e\u0439 Tatonka Handle Mug 600 set - \u041c\u0430\u0433\u0430\u0437\u0438\u043d Xstyle\",\"isPartOf\":{\"@id\":\"https:\/\/xstyle.md\/#website\"},\"primaryImageOfPage\":{\"@id\":\"https:\/\/xstyle.md\/product\/kruzhka-tatonka-handle-mug-600-set\/#primaryimage\"},\"image\":{\"@id\":\"https:\/\/xstyle.md\/product\/kruzhka-tatonka-handle-mug-600-set\/#primaryimage\"},\"thumbnailUrl\":\"https:\/\/xstyle.md\/wp-content\/uploads\/2022\/04\/tatonka-handle-mug-600-set.jpeg\",\"datePublished\":\"2022-04-28T12:54:23+00:00\",\"dateModified\":\"2026-04-07T12:23:50+00:00\",\"description\":\"\u041a\u0440\u0443\u0436\u043a\u0430 \u0441 \u043a\u0440\u044b\u0448\u043a\u043e\u0439 Tatonka Handle Mug 600 - \u0438\u0434\u0435\u0430\u043b\u044c\u043d\u044b\u0439 \u0441\u043f\u0443\u0442\u043d\u0438\u043a \u0434\u043b\u044f \u043f\u043e\u0445\u043e\u0434\u043e\u0432. \u041a\u043e\u043c\u043f\u0430\u043a\u0442\u043d\u0430\u044f, \u0438\u0437 \u043d\u0435\u0440\u0436\u0430\u0432\u0435\u044e\u0449\u0435\u0439 \u0441\u0442\u0430\u043b\u0438, \u0441 \u0441\u043a\u043b\u0430\u0434\u043d\u044b\u043c\u0438 \u0440\u0443\u0447\u043a\u0430\u043c\u0438. \u0423\u0434\u043e\u0431\u043d\u043e \u0438 \u043f\u0440\u0430\u043a\u0442\u0438\u0447\u043d\u043e!\",\"breadcrumb\":{\"@id\":\"https:\/\/xstyle.md\/product\/kruzhka-tatonka-handle-mug-600-set\/#breadcrumb\"},\"inLanguage\":\"ro-RO\",\"potentialAction\":[{\"@type\":\"ReadAction\",\"target\":[\"https:\/\/xstyle.md\/product\/kruzhka-tatonka-handle-mug-600-set\/\"]}]},{\"@type\":\"ImageObject\",\"inLanguage\":\"ro-RO\",\"@id\":\"https:\/\/xstyle.md\/product\/kruzhka-tatonka-handle-mug-600-set\/#primaryimage\",\"url\":\"https:\/\/xstyle.md\/wp-content\/uploads\/2022\/04\/tatonka-handle-mug-600-set.jpeg\",\"contentUrl\":\"https:\/\/xstyle.md\/wp-content\/uploads\/2022\/04\/tatonka-handle-mug-600-set.jpeg\",\"width\":600,\"height\":600,\"caption\":\"\u041a\u0440\u0443\u0436\u043a\u0430 \u0441 \u043a\u0440\u044b\u0448\u043a\u043e\u0439 Tatonka Handle Mug 600 \u0434\u043b\u044f \u0430\u043a\u0442\u0438\u0432\u043d\u043e\u0433\u043e \u043e\u0442\u0434\u044b\u0445\u0430 \u043f\u0443\u0442\u0435\u0448\u0435\u0441\u0442\u0432\u0438\u0439 \u0438 \u0442\u0440\u0435\u043a\u0438\u043d\u0433\u0430 - \u0430\u043a\u0441\u0435\u0441\u0441\u0443\u0430\u0440\u044b \u0434\u043b\u044f \u0441\u043f\u043e\u0440\u0442\u0438\u0432\u043d\u043e\u0439 \u043e\u0434\u0435\u0436\u0434\u044b \u0438 \u043e\u0431\u0443\u0432\u0438 \u0434\u043b\u044f \u043f\u043e\u0445\u043e\u0434\u043e\u0432 \u0438 \u0430\u043b\u044c\u043f\u0438\u043d\u0438\u0437\u043c\u0430\"},{\"@type\":\"BreadcrumbList\",\"@id\":\"https:\/\/xstyle.md\/product\/kruzhka-tatonka-handle-mug-600-set\/#breadcrumb\",\"itemListElement\":[{\"@type\":\"ListItem\",\"position\":1,\"name\":\"\u0413\u043b\u0430\u0432\u043d\u0430\u044f \u0441\u0442\u0440\u0430\u043d\u0438\u0446\u0430\",\"item\":\"https:\/\/xstyle.md\/\"},{\"@type\":\"ListItem\",\"position\":2,\"name\":\"\u041c\u0430\u0433\u0430\u0437\u0438\u043d\",\"item\":\"https:\/\/xstyle.md\/shop\/\"},{\"@type\":\"ListItem\",\"position\":3,\"name\":\"\u041a\u0440\u0443\u0436\u043a\u0430 \u0441 \u043a\u0440\u044b\u0448\u043a\u043e\u0439 Tatonka Handle Mug 600 set\"}]},{\"@type\":\"WebSite\",\"@id\":\"https:\/\/xstyle.md\/#website\",\"url\":\"https:\/\/xstyle.md\/\",\"name\":\"\u041c\u0430\u0433\u0430\u0437\u0438\u043d Xstyle\",\"description\":\"C\u043d\u0430\u0440\u044f\u0436\u0435\u043d\u0438\u0435 \u0434\u043b\u044f \u0442\u0443\u0440\u0438\u0437\u043c\u0430 \u0438 \u044d\u043a\u0441\u0442\u0440\u0435\u043c\u0430\u043b\u044c\u043d\u044b\u0445 \u0432\u0438\u0434\u043e\u0432 \u0441\u043f\u043e\u0440\u0442\u0430 \u0432 \u041c\u043e\u043b\u0434\u043e\u0432\u0435.. \u0426\u0435\u043d\u044b, \u0444\u043e\u0442\u043e, \u0445\u0430\u0440\u0430\u043a\u0442\u0435\u0440\u0438\u0441\u0442\u0438\u043a\u0438 \u0432 \u041c\u043e\u043b\u0434\u043e\u0432\u0435.\",\"publisher\":{\"@id\":\"https:\/\/xstyle.md\/#organization\"},\"alternateName\":\"X-Style\",\"potentialAction\":[{\"@type\":\"SearchAction\",\"target\":{\"@type\":\"EntryPoint\",\"urlTemplate\":\"https:\/\/xstyle.md\/?s={search_term_string}\"},\"query-input\":{\"@type\":\"PropertyValueSpecification\",\"valueRequired\":true,\"valueName\":\"search_term_string\"}}],\"inLanguage\":\"ro-RO\"},{\"@type\":\"Organization\",\"@id\":\"https:\/\/xstyle.md\/#organization\",\"name\":\"\u041c\u0430\u0433\u0430\u0437\u0438\u043d Xstyle\",\"alternateName\":\"x-style\",\"url\":\"https:\/\/xstyle.md\/\",\"logo\":{\"@type\":\"ImageObject\",\"inLanguage\":\"ro-RO\",\"@id\":\"https:\/\/xstyle.md\/#\/schema\/logo\/image\/\",\"url\":\"https:\/\/xstyle.md\/wp-content\/uploads\/2020\/06\/logoicon.svg\",\"contentUrl\":\"https:\/\/xstyle.md\/wp-content\/uploads\/2020\/06\/logoicon.svg\",\"caption\":\"\u041c\u0430\u0433\u0430\u0437\u0438\u043d Xstyle\"},\"image\":{\"@id\":\"https:\/\/xstyle.md\/#\/schema\/logo\/image\/\"},\"sameAs\":[\"https:\/\/www.facebook.com\/xstylemd\",\"https:\/\/www.instagram.com\/xstyle_md\/\",\"https:\/\/t.me\/xstyle_outdoor\"],\"hasMerchantReturnPolicy\":{\"@type\":\"MerchantReturnPolicy\",\"merchantReturnLink\":\"https:\/\/xstyle.md\/ro\/conditions\/\"}}]}<\/script>\n<meta property=\"product:price:amount\" content=\"690.00\" \/>\n<meta property=\"product:price:currency\" content=\"MDL\" \/>\n<meta property=\"og:availability\" content=\"instock\" \/>\n<meta property=\"product:availability\" content=\"instock\" \/>\n<meta property=\"product:retailer_item_id\" content=\"4013236289114\" \/>\n<meta property=\"product:condition\" content=\"new\" \/>\n<!-- \/ Yoast SEO plugin. -->","yoast_head_json":{"title":"Can\u0103 cu capac Tatonka Handle Mug 600 set - Magazin Xstyle","description":"Cana cu capac Tatonka Handle Mug 600 - companionul ideal pentru drume\u021bii. Compact\u0103, din o\u021bel inoxidabil, cu m\u00e2nere pliante. Convenabil \u0219i practic!","robots":{"index":"index","follow":"follow","max-snippet":"max-snippet:-1","max-image-preview":"max-image-preview:large","max-video-preview":"max-video-preview:-1"},"canonical":"https:\/\/xstyle.md\/ro\/produs\/kruzhka-tatonka-handle-mug-600-set\/","og_locale":"ro_RO","og_type":"article","og_title":"\u041a\u0440\u0443\u0436\u043a\u0430 \u0441 \u043a\u0440\u044b\u0448\u043a\u043e\u0439 Tatonka Handle Mug 600 set - \u041c\u0430\u0433\u0430\u0437\u0438\u043d Xstyle","og_description":"\u041a\u0440\u0443\u0436\u043a\u0430 \u0441 \u043a\u0440\u044b\u0448\u043a\u043e\u0439 Tatonka Handle Mug 600 - \u0438\u0434\u0435\u0430\u043b\u044c\u043d\u044b\u0439 \u0441\u043f\u0443\u0442\u043d\u0438\u043a \u0434\u043b\u044f \u043f\u043e\u0445\u043e\u0434\u043e\u0432. \u041a\u043e\u043c\u043f\u0430\u043a\u0442\u043d\u0430\u044f, \u0438\u0437 \u043d\u0435\u0440\u0436\u0430\u0432\u0435\u044e\u0449\u0435\u0439 \u0441\u0442\u0430\u043b\u0438, \u0441 \u0441\u043a\u043b\u0430\u0434\u043d\u044b\u043c\u0438 \u0440\u0443\u0447\u043a\u0430\u043c\u0438. \u0423\u0434\u043e\u0431\u043d\u043e \u0438 \u043f\u0440\u0430\u043a\u0442\u0438\u0447\u043d\u043e!","og_url":"https:\/\/xstyle.md\/ro\/produs\/kruzhka-tatonka-handle-mug-600-set\/","og_site_name":"\u041c\u0430\u0433\u0430\u0437\u0438\u043d Xstyle","article_publisher":"https:\/\/www.facebook.com\/xstylemd","article_modified_time":"2026-04-07T12:23:50+00:00","og_image":[{"width":600,"height":600,"url":"https:\/\/xstyle.md\/wp-content\/uploads\/2022\/04\/tatonka-handle-mug-600-set.jpeg","type":"image\/jpeg"}],"twitter_card":"summary_large_image","twitter_misc":{"Pre\u021b":"690&nbsp;MDL","Disponibilitate":"\u00cen stoc"},"schema":{"@context":"https:\/\/schema.org","@graph":[{"@type":"WebPage","@id":"https:\/\/xstyle.md\/product\/kruzhka-tatonka-handle-mug-600-set\/","url":"https:\/\/xstyle.md\/product\/kruzhka-tatonka-handle-mug-600-set\/","name":"Can\u0103 cu capac Tatonka Handle Mug 600 set - Magazin Xstyle","isPartOf":{"@id":"https:\/\/xstyle.md\/#website"},"primaryImageOfPage":{"@id":"https:\/\/xstyle.md\/product\/kruzhka-tatonka-handle-mug-600-set\/#primaryimage"},"image":{"@id":"https:\/\/xstyle.md\/product\/kruzhka-tatonka-handle-mug-600-set\/#primaryimage"},"thumbnailUrl":"https:\/\/xstyle.md\/wp-content\/uploads\/2022\/04\/tatonka-handle-mug-600-set.jpeg","datePublished":"2022-04-28T12:54:23+00:00","dateModified":"2026-04-07T12:23:50+00:00","description":"Cana cu capac Tatonka Handle Mug 600 - companionul ideal pentru drume\u021bii. Compact\u0103, din o\u021bel inoxidabil, cu m\u00e2nere pliante. Convenabil \u0219i practic!","breadcrumb":{"@id":"https:\/\/xstyle.md\/product\/kruzhka-tatonka-handle-mug-600-set\/#breadcrumb"},"inLanguage":"ro-RO","potentialAction":[{"@type":"ReadAction","target":["https:\/\/xstyle.md\/product\/kruzhka-tatonka-handle-mug-600-set\/"]}]},{"@type":"ImageObject","inLanguage":"ro-RO","@id":"https:\/\/xstyle.md\/product\/kruzhka-tatonka-handle-mug-600-set\/#primaryimage","url":"https:\/\/xstyle.md\/wp-content\/uploads\/2022\/04\/tatonka-handle-mug-600-set.jpeg","contentUrl":"https:\/\/xstyle.md\/wp-content\/uploads\/2022\/04\/tatonka-handle-mug-600-set.jpeg","width":600,"height":600,"caption":"\u041a\u0440\u0443\u0436\u043a\u0430 \u0441 \u043a\u0440\u044b\u0448\u043a\u043e\u0439 Tatonka Handle Mug 600 \u0434\u043b\u044f \u0430\u043a\u0442\u0438\u0432\u043d\u043e\u0433\u043e \u043e\u0442\u0434\u044b\u0445\u0430 \u043f\u0443\u0442\u0435\u0448\u0435\u0441\u0442\u0432\u0438\u0439 \u0438 \u0442\u0440\u0435\u043a\u0438\u043d\u0433\u0430 - \u0430\u043a\u0441\u0435\u0441\u0441\u0443\u0430\u0440\u044b \u0434\u043b\u044f \u0441\u043f\u043e\u0440\u0442\u0438\u0432\u043d\u043e\u0439 \u043e\u0434\u0435\u0436\u0434\u044b \u0438 \u043e\u0431\u0443\u0432\u0438 \u0434\u043b\u044f \u043f\u043e\u0445\u043e\u0434\u043e\u0432 \u0438 \u0430\u043b\u044c\u043f\u0438\u043d\u0438\u0437\u043c\u0430"},{"@type":"BreadcrumbList","@id":"https:\/\/xstyle.md\/product\/kruzhka-tatonka-handle-mug-600-set\/#breadcrumb","itemListElement":[{"@type":"ListItem","position":1,"name":"\u0413\u043b\u0430\u0432\u043d\u0430\u044f \u0441\u0442\u0440\u0430\u043d\u0438\u0446\u0430","item":"https:\/\/xstyle.md\/"},{"@type":"ListItem","position":2,"name":"\u041c\u0430\u0433\u0430\u0437\u0438\u043d","item":"https:\/\/xstyle.md\/shop\/"},{"@type":"ListItem","position":3,"name":"\u041a\u0440\u0443\u0436\u043a\u0430 \u0441 \u043a\u0440\u044b\u0448\u043a\u043e\u0439 Tatonka Handle Mug 600 set"}]},{"@type":"WebSite","@id":"https:\/\/xstyle.md\/#website","url":"https:\/\/xstyle.md\/","name":"Magazinul X-Style","description":"Echipamente pentru turism \u0219i sporturi extreme \u00een Moldova. Pre\u021buri, fotografii, caracteristici \u00een Moldova.","publisher":{"@id":"https:\/\/xstyle.md\/#organization"},"alternateName":"X-Style","potentialAction":[{"@type":"SearchAction","target":{"@type":"EntryPoint","urlTemplate":"https:\/\/xstyle.md\/?s={search_term_string}"},"query-input":{"@type":"PropertyValueSpecification","valueRequired":true,"valueName":"search_term_string"}}],"inLanguage":"ro-RO"},{"@type":"Organization","@id":"https:\/\/xstyle.md\/#organization","name":"Magazinul X-Style","alternateName":"x-style","url":"https:\/\/xstyle.md\/","logo":{"@type":"ImageObject","inLanguage":"ro-RO","@id":"https:\/\/xstyle.md\/#\/schema\/logo\/image\/","url":"https:\/\/xstyle.md\/wp-content\/uploads\/2020\/06\/logoicon.svg","contentUrl":"https:\/\/xstyle.md\/wp-content\/uploads\/2020\/06\/logoicon.svg","caption":"\u041c\u0430\u0433\u0430\u0437\u0438\u043d Xstyle"},"image":{"@id":"https:\/\/xstyle.md\/#\/schema\/logo\/image\/"},"sameAs":["https:\/\/www.facebook.com\/xstylemd","https:\/\/www.instagram.com\/xstyle_md\/","https:\/\/t.me\/xstyle_outdoor"],"hasMerchantReturnPolicy":{"@type":"MerchantReturnPolicy","merchantReturnLink":"https:\/\/xstyle.md\/ro\/conditions\/"}}]},"product_price_amount":"690.00","product_price_currency":"MDL","og_availability":"instock","product_availability":"instock","product_retailer_item_id":"4013236289114","product_condition":"new"},"post_mailing_queue_ids":[],"_links":{"self":[{"href":"https:\/\/xstyle.md\/ro\/wp-json\/wp\/v2\/product\/47936","targetHints":{"allow":["GET"]}}],"collection":[{"href":"https:\/\/xstyle.md\/ro\/wp-json\/wp\/v2\/product"}],"about":[{"href":"https:\/\/xstyle.md\/ro\/wp-json\/wp\/v2\/types\/product"}],"replies":[{"embeddable":true,"href":"https:\/\/xstyle.md\/ro\/wp-json\/wp\/v2\/comments?post=47936"}],"wp:featuredmedia":[{"embeddable":true,"href":"https:\/\/xstyle.md\/ro\/wp-json\/wp\/v2\/media\/48007"}],"wp:attachment":[{"href":"https:\/\/xstyle.md\/ro\/wp-json\/wp\/v2\/media?parent=47936"}],"wp:term":[{"taxonomy":"product_brand","embeddable":true,"href":"https:\/\/xstyle.md\/ro\/wp-json\/wp\/v2\/product_brand?post=47936"},{"taxonomy":"product_cat","embeddable":true,"href":"https:\/\/xstyle.md\/ro\/wp-json\/wp\/v2\/product_cat?post=47936"},{"taxonomy":"product_tag","embeddable":true,"href":"https:\/\/xstyle.md\/ro\/wp-json\/wp\/v2\/product_tag?post=47936"}],"curies":[{"name":"wp","href":"https:\/\/api.w.org\/{rel}","templated":true}]}}