{"id":47916,"date":"2022-04-28T15:54:19","date_gmt":"2022-04-28T12:54:19","guid":{"rendered":"https:\/\/xstyle.md\/?post_type=product&#038;p=47916"},"modified":"2025-12-18T17:26:16","modified_gmt":"2025-12-18T14:26:16","slug":"zashhitnye-shorty-bluegrass-p09-l-wolverine","status":"publish","type":"product","link":"https:\/\/xstyle.md\/ro\/produs\/zashhitnye-shorty-bluegrass-p09-l-wolverine\/","title":{"rendered":"Pantaloni scur\u021bi de protec\u021bie Bluegrass P09 L Wolverine"},"content":{"rendered":"<\/p>\n<p><strong>Bluegrass P09 L Wolverine<\/strong> &#8212; pantaloni scur\u021bi confortabili \u0219i elastici, care ofer\u0103 o protec\u021bie fiabil\u0103 datorit\u0103 inser\u021biilor cu form\u0103 special\u0103 pe p\u0103r\u021bile laterale, pe coapse \u0219i \u00een zona coccisului. Pantalonii scur\u021bi sunt confec\u021biona\u021bi dintr-o combina\u021bie de poliamid\u0103 \u0219i elastan, iar inser\u021biile sunt formate din spum\u0103 EVA. Greutatea redus\u0103 \u0219i testele multiple sunt o garan\u021bie a calit\u0103\u021bii \u0219i siguran\u021bei.<\/p>\n<h3>Particularit\u0103\u021bi<\/h3>\n<ul>\n<li>Multiple inser\u021bii de spum\u0103 EVA<\/li>\n<li>\u021aes\u0103tur\u0103 din plas\u0103 elastic\u0103<\/li>\n<li>Band\u0103 elastic\u0103 \u00een talie<\/li>\n<li>Dispozitive de prindere a picioarelor din silicon<\/li>\n<li>Lavabil<\/li>\n<\/ul>\n<h3>Caracteristici<\/h3>\n<ul>\n<li>Material &#8212; 77% poliamid\u0103, 23% elastan, EVA<\/li>\n<li>Certificare &#8212; CE EN 1621-2<\/li>\n<li>Greutate &#8212; 233 g<\/li>\n<\/ul>\n<h3>Marca<\/h3>\n<p>Bluegrass este o marc\u0103 subsidiar\u0103 a faimoasei companii italiene MET, unul dintre cei mai importan\u021bi produc\u0103tori de c\u0103\u0219ti de ciclism din lume, cu o istorie de peste 30 de ani. Se concentreaz\u0103 pe produc\u021bia de protec\u021bie pentru discipline extreme: downhill, enduro, BMX \u0219i altele. Sportivi de frunte particip\u0103 la dezvoltarea \u0219i testarea modelelor. \u00cen sortimentul m\u0103rcii pute\u021bi g\u0103si diverse modele de echipamente de protec\u021bie, inclusiv genunchiere articulate, protec\u021bii pentru coate, protec\u021bii moi pentru articula\u021bii, m\u0103nu\u0219i, coifuri pentru c\u0103\u0219ti \u0219i multe altele. Produsele Bluegrass \u00eendeplinesc cerin\u021bele interna\u021bionale de siguran\u021b\u0103 \u0219i sunt caracterizate de un design elegant.<\/p>\n<p><\/p>","protected":false},"excerpt":{"rendered":"","protected":false},"featured_media":48166,"comment_status":"open","ping_status":"closed","template":"","meta":{"_acf_changed":false,"inline_featured_image":false},"product_brand":[1439],"product_cat":[408],"product_tag":[],"class_list":{"0":"post-47916","1":"product","2":"type-product","3":"status-publish","4":"has-post-thumbnail","6":"product_brand-bluegrass","7":"product_cat-cycling-protection","9":"first","10":"outofstock","11":"shipping-taxable","12":"product-type-simple"},"acf":[],"yoast_head":"<!-- This site is optimized with the Yoast SEO plugin v27.2 - https:\/\/yoast.com\/product\/yoast-seo-wordpress\/ -->\n<title>\u0417\u0430\u0449\u0438\u0442\u043d\u044b\u0435 \u0448\u043e\u0440\u0442\u044b Bluegrass P09 L Wolverine - \u041c\u0430\u0433\u0430\u0437\u0438\u043d Xstyle<\/title>\n<meta name=\"description\" content=\"\u0417\u0430\u0449\u0438\u0442\u043d\u044b\u0435 \u0448\u043e\u0440\u0442\u044b Bluegrass P09 L Wolverine \u043f\u0440\u0435\u0434\u043b\u0430\u0433\u0430\u044e\u0442 \u043d\u0430\u0434\u0435\u0436\u043d\u0443\u044e \u0437\u0430\u0449\u0438\u0442\u0443 \u0431\u043b\u0430\u0433\u043e\u0434\u0430\u0440\u044f \u044d\u043b\u0430\u0441\u0442\u0438\u0447\u043d\u044b\u043c \u0432\u0441\u0442\u0430\u0432\u043a\u0430\u043c \u0438 \u043b\u0435\u0433\u043a\u043e\u043c\u0443 \u0432\u0435\u0441\u0443. \u0418\u0434\u0435\u0430\u043b\u044c\u043d\u044b \u0434\u043b\u044f BMX \u0438 \u0430\u043a\u0442\u0438\u0432\u043d\u043e\u0433\u043e \u043e\u0442\u0434\u044b\u0445\u0430.\" \/>\n<meta name=\"robots\" content=\"index, follow, max-snippet:-1, max-image-preview:large, max-video-preview:-1\" \/>\n<link rel=\"canonical\" href=\"https:\/\/xstyle.md\/ro\/produs\/zashhitnye-shorty-bluegrass-p09-l-wolverine\/\" \/>\n<meta property=\"og:locale\" content=\"ro_RO\" \/>\n<meta property=\"og:type\" content=\"article\" \/>\n<meta property=\"og:title\" content=\"\u0417\u0430\u0449\u0438\u0442\u043d\u044b\u0435 \u0448\u043e\u0440\u0442\u044b Bluegrass P09 L Wolverine - \u041c\u0430\u0433\u0430\u0437\u0438\u043d Xstyle\" \/>\n<meta property=\"og:description\" content=\"\u0417\u0430\u0449\u0438\u0442\u043d\u044b\u0435 \u0448\u043e\u0440\u0442\u044b Bluegrass P09 L Wolverine \u043f\u0440\u0435\u0434\u043b\u0430\u0433\u0430\u044e\u0442 \u043d\u0430\u0434\u0435\u0436\u043d\u0443\u044e \u0437\u0430\u0449\u0438\u0442\u0443 \u0431\u043b\u0430\u0433\u043e\u0434\u0430\u0440\u044f \u044d\u043b\u0430\u0441\u0442\u0438\u0447\u043d\u044b\u043c \u0432\u0441\u0442\u0430\u0432\u043a\u0430\u043c \u0438 \u043b\u0435\u0433\u043a\u043e\u043c\u0443 \u0432\u0435\u0441\u0443. \u0418\u0434\u0435\u0430\u043b\u044c\u043d\u044b \u0434\u043b\u044f BMX \u0438 \u0430\u043a\u0442\u0438\u0432\u043d\u043e\u0433\u043e \u043e\u0442\u0434\u044b\u0445\u0430.\" \/>\n<meta property=\"og:url\" content=\"https:\/\/xstyle.md\/ro\/produs\/zashhitnye-shorty-bluegrass-p09-l-wolverine\/\" \/>\n<meta property=\"og:site_name\" content=\"\u041c\u0430\u0433\u0430\u0437\u0438\u043d Xstyle\" \/>\n<meta property=\"article:publisher\" content=\"https:\/\/www.facebook.com\/xstylemd\" \/>\n<meta property=\"article:modified_time\" content=\"2025-12-18T14:26:16+00:00\" \/>\n<meta property=\"og:image\" content=\"https:\/\/xstyle.md\/wp-content\/uploads\/2022\/04\/bluegrass-p09-l-wolverine.jpg\" \/>\n\t<meta property=\"og:image:width\" content=\"1024\" \/>\n\t<meta property=\"og:image:height\" content=\"1024\" \/>\n\t<meta property=\"og:image:type\" content=\"image\/jpeg\" \/>\n<meta name=\"twitter:card\" content=\"summary_large_image\" \/>\n<meta name=\"twitter:label1\" content=\"Pre\u021b\" \/>\n\t<meta name=\"twitter:data1\" content=\"1.790&nbsp;MDL\" \/>\n\t<meta name=\"twitter:label2\" content=\"Disponibilitate\" \/>\n\t<meta name=\"twitter:data2\" content=\"Stoc epuizat\" \/>\n<script type=\"application\/ld+json\" class=\"yoast-schema-graph\">{\"@context\":\"https:\/\/schema.org\",\"@graph\":[{\"@type\":\"WebPage\",\"@id\":\"https:\/\/xstyle.md\/product\/zashhitnye-shorty-bluegrass-p09-l-wolverine\/\",\"url\":\"https:\/\/xstyle.md\/product\/zashhitnye-shorty-bluegrass-p09-l-wolverine\/\",\"name\":\"\u0417\u0430\u0449\u0438\u0442\u043d\u044b\u0435 \u0448\u043e\u0440\u0442\u044b Bluegrass P09 L Wolverine - \u041c\u0430\u0433\u0430\u0437\u0438\u043d Xstyle\",\"isPartOf\":{\"@id\":\"https:\/\/xstyle.md\/#website\"},\"primaryImageOfPage\":{\"@id\":\"https:\/\/xstyle.md\/product\/zashhitnye-shorty-bluegrass-p09-l-wolverine\/#primaryimage\"},\"image\":{\"@id\":\"https:\/\/xstyle.md\/product\/zashhitnye-shorty-bluegrass-p09-l-wolverine\/#primaryimage\"},\"thumbnailUrl\":\"https:\/\/xstyle.md\/wp-content\/uploads\/2022\/04\/bluegrass-p09-l-wolverine.jpg\",\"datePublished\":\"2022-04-28T12:54:19+00:00\",\"dateModified\":\"2025-12-18T14:26:16+00:00\",\"description\":\"\u0417\u0430\u0449\u0438\u0442\u043d\u044b\u0435 \u0448\u043e\u0440\u0442\u044b Bluegrass P09 L Wolverine \u043f\u0440\u0435\u0434\u043b\u0430\u0433\u0430\u044e\u0442 \u043d\u0430\u0434\u0435\u0436\u043d\u0443\u044e \u0437\u0430\u0449\u0438\u0442\u0443 \u0431\u043b\u0430\u0433\u043e\u0434\u0430\u0440\u044f \u044d\u043b\u0430\u0441\u0442\u0438\u0447\u043d\u044b\u043c \u0432\u0441\u0442\u0430\u0432\u043a\u0430\u043c \u0438 \u043b\u0435\u0433\u043a\u043e\u043c\u0443 \u0432\u0435\u0441\u0443. \u0418\u0434\u0435\u0430\u043b\u044c\u043d\u044b \u0434\u043b\u044f BMX \u0438 \u0430\u043a\u0442\u0438\u0432\u043d\u043e\u0433\u043e \u043e\u0442\u0434\u044b\u0445\u0430.\",\"breadcrumb\":{\"@id\":\"https:\/\/xstyle.md\/product\/zashhitnye-shorty-bluegrass-p09-l-wolverine\/#breadcrumb\"},\"inLanguage\":\"ro-RO\",\"potentialAction\":[{\"@type\":\"ReadAction\",\"target\":[\"https:\/\/xstyle.md\/product\/zashhitnye-shorty-bluegrass-p09-l-wolverine\/\"]}]},{\"@type\":\"ImageObject\",\"inLanguage\":\"ro-RO\",\"@id\":\"https:\/\/xstyle.md\/product\/zashhitnye-shorty-bluegrass-p09-l-wolverine\/#primaryimage\",\"url\":\"https:\/\/xstyle.md\/wp-content\/uploads\/2022\/04\/bluegrass-p09-l-wolverine.jpg\",\"contentUrl\":\"https:\/\/xstyle.md\/wp-content\/uploads\/2022\/04\/bluegrass-p09-l-wolverine.jpg\",\"width\":1024,\"height\":1024,\"caption\":\"\u0417\u0430\u0449\u0438\u0442\u043d\u044b\u0435 \u0448\u043e\u0440\u0442\u044b Bluegrass P09 L Wolverine \u0434\u043b\u044f \u0430\u043a\u0442\u0438\u0432\u043d\u043e\u0433\u043e \u043e\u0442\u0434\u044b\u0445\u0430, \u043f\u043e\u0445\u043e\u0434\u043e\u0432 \u0438 \u043f\u0443\u0442\u0435\u0448\u0435\u0441\u0442\u0432\u0438\u0439 \u0432 \u0438\u043d\u0442\u0435\u0440\u043d\u0435\u0442-\u043c\u0430\u0433\u0430\u0437\u0438\u043d\u0435 \u044d\u043a\u0438\u043f\u0438\u0440\u043e\u0432\u043a\u0438 \u0434\u043b\u044f \u0430\u043a\u0442\u0438\u0432\u043d\u043e\u0439 \u0436\u0438\u0437\u043d\u0438\"},{\"@type\":\"BreadcrumbList\",\"@id\":\"https:\/\/xstyle.md\/product\/zashhitnye-shorty-bluegrass-p09-l-wolverine\/#breadcrumb\",\"itemListElement\":[{\"@type\":\"ListItem\",\"position\":1,\"name\":\"\u0413\u043b\u0430\u0432\u043d\u0430\u044f \u0441\u0442\u0440\u0430\u043d\u0438\u0446\u0430\",\"item\":\"https:\/\/xstyle.md\/\"},{\"@type\":\"ListItem\",\"position\":2,\"name\":\"\u041c\u0430\u0433\u0430\u0437\u0438\u043d\",\"item\":\"https:\/\/xstyle.md\/shop\/\"},{\"@type\":\"ListItem\",\"position\":3,\"name\":\"\u0417\u0430\u0449\u0438\u0442\u043d\u044b\u0435 \u0448\u043e\u0440\u0442\u044b Bluegrass P09 L Wolverine\"}]},{\"@type\":\"WebSite\",\"@id\":\"https:\/\/xstyle.md\/#website\",\"url\":\"https:\/\/xstyle.md\/\",\"name\":\"\u041c\u0430\u0433\u0430\u0437\u0438\u043d Xstyle\",\"description\":\"C\u043d\u0430\u0440\u044f\u0436\u0435\u043d\u0438\u0435 \u0434\u043b\u044f \u0442\u0443\u0440\u0438\u0437\u043c\u0430 \u0438 \u044d\u043a\u0441\u0442\u0440\u0435\u043c\u0430\u043b\u044c\u043d\u044b\u0445 \u0432\u0438\u0434\u043e\u0432 \u0441\u043f\u043e\u0440\u0442\u0430 \u0432 \u041c\u043e\u043b\u0434\u043e\u0432\u0435.. \u0426\u0435\u043d\u044b, \u0444\u043e\u0442\u043e, \u0445\u0430\u0440\u0430\u043a\u0442\u0435\u0440\u0438\u0441\u0442\u0438\u043a\u0438 \u0432 \u041c\u043e\u043b\u0434\u043e\u0432\u0435.\",\"publisher\":{\"@id\":\"https:\/\/xstyle.md\/#organization\"},\"alternateName\":\"X-Style\",\"potentialAction\":[{\"@type\":\"SearchAction\",\"target\":{\"@type\":\"EntryPoint\",\"urlTemplate\":\"https:\/\/xstyle.md\/?s={search_term_string}\"},\"query-input\":{\"@type\":\"PropertyValueSpecification\",\"valueRequired\":true,\"valueName\":\"search_term_string\"}}],\"inLanguage\":\"ro-RO\"},{\"@type\":\"Organization\",\"@id\":\"https:\/\/xstyle.md\/#organization\",\"name\":\"\u041c\u0430\u0433\u0430\u0437\u0438\u043d Xstyle\",\"alternateName\":\"x-style\",\"url\":\"https:\/\/xstyle.md\/\",\"logo\":{\"@type\":\"ImageObject\",\"inLanguage\":\"ro-RO\",\"@id\":\"https:\/\/xstyle.md\/#\/schema\/logo\/image\/\",\"url\":\"https:\/\/xstyle.md\/wp-content\/uploads\/2020\/06\/logoicon.svg\",\"contentUrl\":\"https:\/\/xstyle.md\/wp-content\/uploads\/2020\/06\/logoicon.svg\",\"caption\":\"\u041c\u0430\u0433\u0430\u0437\u0438\u043d Xstyle\"},\"image\":{\"@id\":\"https:\/\/xstyle.md\/#\/schema\/logo\/image\/\"},\"sameAs\":[\"https:\/\/www.facebook.com\/xstylemd\",\"https:\/\/www.instagram.com\/xstyle_md\/\",\"https:\/\/t.me\/xstyle_outdoor\"],\"hasMerchantReturnPolicy\":{\"@type\":\"MerchantReturnPolicy\",\"merchantReturnLink\":\"https:\/\/xstyle.md\/ro\/conditions\/\"}}]}<\/script>\n<meta property=\"product:price:amount\" content=\"1790.00\" \/>\n<meta property=\"product:price:currency\" content=\"MDL\" \/>\n<meta property=\"og:availability\" content=\"out of stock\" \/>\n<meta property=\"product:availability\" content=\"out of stock\" \/>\n<meta property=\"product:retailer_item_id\" content=\"8015190240039\" \/>\n<meta property=\"product:condition\" content=\"new\" \/>\n<!-- \/ Yoast SEO plugin. -->","yoast_head_json":{"title":"Pantaloni scur\u021bi de protec\u021bie Bluegrass P09 L Wolverine - Magazin Xstyle","description":"Pantalonii scur\u021bi de protec\u021bie Bluegrass P09 L Wolverine ofer\u0103 o protec\u021bie fiabil\u0103 datorit\u0103 inser\u021biilor elastice \u0219i greut\u0103\u021bii u\u0219oare. Sunt ideali pentru BMX \u0219i activit\u0103\u021bi de recreere.","robots":{"index":"index","follow":"follow","max-snippet":"max-snippet:-1","max-image-preview":"max-image-preview:large","max-video-preview":"max-video-preview:-1"},"canonical":"https:\/\/xstyle.md\/ro\/produs\/zashhitnye-shorty-bluegrass-p09-l-wolverine\/","og_locale":"ro_RO","og_type":"article","og_title":"\u0417\u0430\u0449\u0438\u0442\u043d\u044b\u0435 \u0448\u043e\u0440\u0442\u044b Bluegrass P09 L Wolverine - \u041c\u0430\u0433\u0430\u0437\u0438\u043d Xstyle","og_description":"\u0417\u0430\u0449\u0438\u0442\u043d\u044b\u0435 \u0448\u043e\u0440\u0442\u044b Bluegrass P09 L Wolverine \u043f\u0440\u0435\u0434\u043b\u0430\u0433\u0430\u044e\u0442 \u043d\u0430\u0434\u0435\u0436\u043d\u0443\u044e \u0437\u0430\u0449\u0438\u0442\u0443 \u0431\u043b\u0430\u0433\u043e\u0434\u0430\u0440\u044f \u044d\u043b\u0430\u0441\u0442\u0438\u0447\u043d\u044b\u043c \u0432\u0441\u0442\u0430\u0432\u043a\u0430\u043c \u0438 \u043b\u0435\u0433\u043a\u043e\u043c\u0443 \u0432\u0435\u0441\u0443. \u0418\u0434\u0435\u0430\u043b\u044c\u043d\u044b \u0434\u043b\u044f BMX \u0438 \u0430\u043a\u0442\u0438\u0432\u043d\u043e\u0433\u043e \u043e\u0442\u0434\u044b\u0445\u0430.","og_url":"https:\/\/xstyle.md\/ro\/produs\/zashhitnye-shorty-bluegrass-p09-l-wolverine\/","og_site_name":"\u041c\u0430\u0433\u0430\u0437\u0438\u043d Xstyle","article_publisher":"https:\/\/www.facebook.com\/xstylemd","article_modified_time":"2025-12-18T14:26:16+00:00","og_image":[{"width":1024,"height":1024,"url":"https:\/\/xstyle.md\/wp-content\/uploads\/2022\/04\/bluegrass-p09-l-wolverine.jpg","type":"image\/jpeg"}],"twitter_card":"summary_large_image","twitter_misc":{"Pre\u021b":"1.790&nbsp;MDL","Disponibilitate":"Stoc epuizat"},"schema":{"@context":"https:\/\/schema.org","@graph":[{"@type":"WebPage","@id":"https:\/\/xstyle.md\/product\/zashhitnye-shorty-bluegrass-p09-l-wolverine\/","url":"https:\/\/xstyle.md\/product\/zashhitnye-shorty-bluegrass-p09-l-wolverine\/","name":"Pantaloni scur\u021bi de protec\u021bie Bluegrass P09 L Wolverine - Magazin Xstyle","isPartOf":{"@id":"https:\/\/xstyle.md\/#website"},"primaryImageOfPage":{"@id":"https:\/\/xstyle.md\/product\/zashhitnye-shorty-bluegrass-p09-l-wolverine\/#primaryimage"},"image":{"@id":"https:\/\/xstyle.md\/product\/zashhitnye-shorty-bluegrass-p09-l-wolverine\/#primaryimage"},"thumbnailUrl":"https:\/\/xstyle.md\/wp-content\/uploads\/2022\/04\/bluegrass-p09-l-wolverine.jpg","datePublished":"2022-04-28T12:54:19+00:00","dateModified":"2025-12-18T14:26:16+00:00","description":"Pantalonii scur\u021bi de protec\u021bie Bluegrass P09 L Wolverine ofer\u0103 o protec\u021bie fiabil\u0103 datorit\u0103 inser\u021biilor elastice \u0219i greut\u0103\u021bii u\u0219oare. Sunt ideali pentru BMX \u0219i activit\u0103\u021bi de recreere.","breadcrumb":{"@id":"https:\/\/xstyle.md\/product\/zashhitnye-shorty-bluegrass-p09-l-wolverine\/#breadcrumb"},"inLanguage":"ro-RO","potentialAction":[{"@type":"ReadAction","target":["https:\/\/xstyle.md\/product\/zashhitnye-shorty-bluegrass-p09-l-wolverine\/"]}]},{"@type":"ImageObject","inLanguage":"ro-RO","@id":"https:\/\/xstyle.md\/product\/zashhitnye-shorty-bluegrass-p09-l-wolverine\/#primaryimage","url":"https:\/\/xstyle.md\/wp-content\/uploads\/2022\/04\/bluegrass-p09-l-wolverine.jpg","contentUrl":"https:\/\/xstyle.md\/wp-content\/uploads\/2022\/04\/bluegrass-p09-l-wolverine.jpg","width":1024,"height":1024,"caption":"\u0417\u0430\u0449\u0438\u0442\u043d\u044b\u0435 \u0448\u043e\u0440\u0442\u044b Bluegrass P09 L Wolverine \u0434\u043b\u044f \u0430\u043a\u0442\u0438\u0432\u043d\u043e\u0433\u043e \u043e\u0442\u0434\u044b\u0445\u0430, \u043f\u043e\u0445\u043e\u0434\u043e\u0432 \u0438 \u043f\u0443\u0442\u0435\u0448\u0435\u0441\u0442\u0432\u0438\u0439 \u0432 \u0438\u043d\u0442\u0435\u0440\u043d\u0435\u0442-\u043c\u0430\u0433\u0430\u0437\u0438\u043d\u0435 \u044d\u043a\u0438\u043f\u0438\u0440\u043e\u0432\u043a\u0438 \u0434\u043b\u044f \u0430\u043a\u0442\u0438\u0432\u043d\u043e\u0439 \u0436\u0438\u0437\u043d\u0438"},{"@type":"BreadcrumbList","@id":"https:\/\/xstyle.md\/product\/zashhitnye-shorty-bluegrass-p09-l-wolverine\/#breadcrumb","itemListElement":[{"@type":"ListItem","position":1,"name":"\u0413\u043b\u0430\u0432\u043d\u0430\u044f \u0441\u0442\u0440\u0430\u043d\u0438\u0446\u0430","item":"https:\/\/xstyle.md\/"},{"@type":"ListItem","position":2,"name":"\u041c\u0430\u0433\u0430\u0437\u0438\u043d","item":"https:\/\/xstyle.md\/shop\/"},{"@type":"ListItem","position":3,"name":"\u0417\u0430\u0449\u0438\u0442\u043d\u044b\u0435 \u0448\u043e\u0440\u0442\u044b Bluegrass P09 L Wolverine"}]},{"@type":"WebSite","@id":"https:\/\/xstyle.md\/#website","url":"https:\/\/xstyle.md\/","name":"Magazinul X-Style","description":"Echipamente pentru turism \u0219i sporturi extreme \u00een Moldova. Pre\u021buri, fotografii, caracteristici \u00een Moldova.","publisher":{"@id":"https:\/\/xstyle.md\/#organization"},"alternateName":"X-Style","potentialAction":[{"@type":"SearchAction","target":{"@type":"EntryPoint","urlTemplate":"https:\/\/xstyle.md\/?s={search_term_string}"},"query-input":{"@type":"PropertyValueSpecification","valueRequired":true,"valueName":"search_term_string"}}],"inLanguage":"ro-RO"},{"@type":"Organization","@id":"https:\/\/xstyle.md\/#organization","name":"Magazinul X-Style","alternateName":"x-style","url":"https:\/\/xstyle.md\/","logo":{"@type":"ImageObject","inLanguage":"ro-RO","@id":"https:\/\/xstyle.md\/#\/schema\/logo\/image\/","url":"https:\/\/xstyle.md\/wp-content\/uploads\/2020\/06\/logoicon.svg","contentUrl":"https:\/\/xstyle.md\/wp-content\/uploads\/2020\/06\/logoicon.svg","caption":"\u041c\u0430\u0433\u0430\u0437\u0438\u043d Xstyle"},"image":{"@id":"https:\/\/xstyle.md\/#\/schema\/logo\/image\/"},"sameAs":["https:\/\/www.facebook.com\/xstylemd","https:\/\/www.instagram.com\/xstyle_md\/","https:\/\/t.me\/xstyle_outdoor"],"hasMerchantReturnPolicy":{"@type":"MerchantReturnPolicy","merchantReturnLink":"https:\/\/xstyle.md\/ro\/conditions\/"}}]},"product_price_amount":"1790.00","product_price_currency":"MDL","og_availability":"out of stock","product_availability":"out of stock","product_retailer_item_id":"8015190240039","product_condition":"new"},"post_mailing_queue_ids":[],"_links":{"self":[{"href":"https:\/\/xstyle.md\/ro\/wp-json\/wp\/v2\/product\/47916","targetHints":{"allow":["GET"]}}],"collection":[{"href":"https:\/\/xstyle.md\/ro\/wp-json\/wp\/v2\/product"}],"about":[{"href":"https:\/\/xstyle.md\/ro\/wp-json\/wp\/v2\/types\/product"}],"replies":[{"embeddable":true,"href":"https:\/\/xstyle.md\/ro\/wp-json\/wp\/v2\/comments?post=47916"}],"wp:featuredmedia":[{"embeddable":true,"href":"https:\/\/xstyle.md\/ro\/wp-json\/wp\/v2\/media\/48166"}],"wp:attachment":[{"href":"https:\/\/xstyle.md\/ro\/wp-json\/wp\/v2\/media?parent=47916"}],"wp:term":[{"taxonomy":"product_brand","embeddable":true,"href":"https:\/\/xstyle.md\/ro\/wp-json\/wp\/v2\/product_brand?post=47916"},{"taxonomy":"product_cat","embeddable":true,"href":"https:\/\/xstyle.md\/ro\/wp-json\/wp\/v2\/product_cat?post=47916"},{"taxonomy":"product_tag","embeddable":true,"href":"https:\/\/xstyle.md\/ro\/wp-json\/wp\/v2\/product_tag?post=47916"}],"curies":[{"name":"wp","href":"https:\/\/api.w.org\/{rel}","templated":true}]}}