{"id":47905,"date":"2022-04-28T15:54:16","date_gmt":"2022-04-28T12:54:16","guid":{"rendered":"https:\/\/xstyle.md\/?post_type=product&#038;p=47905"},"modified":"2026-03-19T16:48:22","modified_gmt":"2026-03-19T13:48:22","slug":"velosipednyj-shlem-met-estro-mips-black-lime-yellow-metalic","status":"publish","type":"product","link":"https:\/\/xstyle.md\/ro\/produs\/velosipednyj-shlem-met-estro-mips-black-lime-yellow-metalic\/","title":{"rendered":"Casc\u0103 ciclism Met Estro Mips black lime yellow metalic"},"content":{"rendered":"<\/p>\n<p><strong>Met Estro Mips black lime yellow metalic<\/strong> &#8212; este un model rutier versatil, cu o ventila\u021bie excelent\u0103 \u0219i un nivel ridicat de protec\u021bie.<\/p>\n<p>\u00cenveli\u0219ul din policarbonat turnat cu un strat de spum\u0103 de poliester, tehnologia de protec\u021bie a creierului MIPS\u00ae-C2, sistemul Safe-T Upsilon Fit System cu reglare la 360\u00b0 \u0219i reglaj vertical asigur\u0103 caracterul practic \u0219i durabilitatea modelului.<\/p>\n<p>Forma extins\u0103 ofer\u0103 un nivel suplimentar de protec\u021bie pentru capul sportivului, \u00een timp ce curelele Air Lite cu distan\u021bier reglabil sunt responsabile pentru o potrivire confortabil\u0103 personalizat\u0103.<\/p>\n<p>26 de orificii, dintre care 17 de admisie \u0219i 9 de evacuare, combinate cu un sistem intern de flux de aer, asigur\u0103 o ventila\u021bie excelent\u0103.<\/p>\n<p>Orificiile integrate pentru ochelari de soare cu o fixare sigur\u0103 adaug\u0103 func\u021bionalitate c\u0103\u0219tii, \u00een timp ce autocolantele reflectorizante de pe partea din spate ofer\u0103 un nivel suplimentar de siguran\u021b\u0103 \u00een condi\u021bii de vizibilitate redus\u0103 sau lumin\u0103 slab\u0103.<\/p>\n<h3>Particularit\u0103\u021bi<\/h3>\n<ul>\n<li>Carapace din policarbonat turnat cu c\u0103ptu\u0219eal\u0103 EPS<\/li>\n<li>Form\u0103 expandat\u0103 pentru o potrivire mai profund\u0103 \u0219i protec\u021bie fiabil\u0103<\/li>\n<li>Sistem de protec\u021bie a creierului MIPS-C2\u00ae.<\/li>\n<li>Sistem de ajustare MET Safe-T Upsilon<\/li>\n<li>Curea de 360\u00b0, reglabil\u0103 pe vertical\u0103 pentru o personalizare maxim\u0103 a ajust\u0103rii<\/li>\n<li>C\u0103ptu\u0219eal\u0103 confortabil\u0103 care poate fi sp\u0103lat\u0103 manual<\/li>\n<li>Curele Air Lite cu distan\u021bier reglabil<\/li>\n<li>Autocolante reflectorizante \u00een spate pentru o vizibilitate \u00eembun\u0103t\u0103\u021bit\u0103 \u00een condi\u021bii de lumin\u0103 sc\u0103zut\u0103<\/li>\n<li>26 de orificii de aerisire, canale interne pentru o ventila\u021bie \u0219i un confort \u00eembun\u0103t\u0103\u021bit<\/li>\n<li>Orificii pentru ochelari de soare cu fixare sigur\u0103.<\/li>\n<\/ul>\n<h3>Caracteristici<\/h3>\n<ul>\n<li>Material &#8212; policarbonat, spum\u0103 de polistiren<\/li>\n<li>Pernu\u021be &#8212; deta\u0219abile, se spal\u0103 numai manual<\/li>\n<li>Destina\u021bie &#8212; \u0219osea, ciclocros, pietri\u0219<\/li>\n<li>Certificate &#8212; CE, AS\/NZS, SUA.<\/li>\n<\/ul>\n<h3>Tehnologie<\/h3>\n<ul>\n<li>Design <strong>In-Mould<\/strong> \u2014 este fuziunea a dou\u0103 p\u0103r\u021bi ale cochiliei c\u0103\u0219tii (interioar\u0103 \u0219i exterioar\u0103) \u00eentr-o singur\u0103 matrice prin intermediul unui proces de fuziune. Aceast\u0103 tehnic\u0103 demonstreaz\u0103 cele mai bune rezultate \u00een ceea ce prive\u0219te absorb\u021bia la impact \u0219i men\u021bine un raport excelent greutate-volum.<\/li>\n<li><strong>MIPS<\/strong> (Multi directional Impact Protection System) \u2013 este un sistem testat \u00een timp, care \u0219i-a dovedit valoarea. Toate c\u0103\u0219tile cu tehnologie MIPS sunt echipate cu un strat interior suplimentar care ac\u021bioneaz\u0103 ca un amortizor de \u0219ocuri, absorbind cea mai mare parte a energiei de impact atunci c\u00e2nd riderul cade.<\/li>\n<\/ul>\n<h3>Marca<\/h3>\n<p>MET este o companie produc\u0103toare de c\u0103\u0219ti din Italia. Cu un sim\u021b \u00eenn\u0103scut al stilului \u0219i o dragoste pentru biciclete, italienii sunt capabili s\u0103 creeze c\u0103\u0219ti care sunt at\u00e2t elegante, c\u00e2t \u0219i fiabile \u0219i confortabile.<\/p>\n<p>Fiecare casc\u0103 MET exprim\u0103 un stil unic care reune\u0219te o istorie lung\u0103 \u0219i bogat\u0103 a designului italian. Liniile clare \u0219i expresive, formele compacte \u0219i armonioase \u0219i mai ales culorile luminoase ale produselor MET sunt exemple clasice ale acestei bogate tradi\u021bii.<\/p>\n<p>C\u0103\u0219tile MET sunt mai mult dec\u00e2t o simpl\u0103 protec\u021bie, ele nu sunt doar unice prin stilul lor excep\u021bional, ci \u0219i de \u00eenalt\u0103 tehnologie. Cu inova\u021bii introduse \u00een fiecare an de inginerii MET, compania continu\u0103 s\u0103 men\u021bin\u0103 calitatea materialelor \u0219i a manoperei fiec\u0103rui model de casc\u0103 pe tot parcursul procesului de fabrica\u021bie. MET ofer\u0103 fiec\u0103rui ciclist o experien\u021b\u0103 de ciclism cu adev\u0103rat pl\u0103cut\u0103.<\/p>\n<p><\/p>","protected":false},"excerpt":{"rendered":"","protected":false},"featured_media":48218,"comment_status":"open","ping_status":"closed","template":"","meta":{"_acf_changed":false,"inline_featured_image":false},"product_brand":[1371],"product_cat":[536],"product_tag":[],"class_list":{"0":"post-47905","1":"product","2":"type-product","3":"status-publish","4":"has-post-thumbnail","6":"product_brand-met","7":"product_cat-velo-helmets","9":"first","10":"instock","11":"shipping-taxable","12":"purchasable","13":"product-type-simple"},"acf":[],"yoast_head":"<!-- This site is optimized with the Yoast SEO plugin v27.2 - https:\/\/yoast.com\/product\/yoast-seo-wordpress\/ -->\n<title>\u0412\u0435\u043b\u043e\u0441\u0438\u043f\u0435\u0434\u043d\u044b\u0439 \u0448\u043b\u0435\u043c Met Estro Mips black lime yellow metalic - \u041c\u0430\u0433\u0430\u0437\u0438\u043d Xstyle<\/title>\n<meta name=\"description\" content=\"\u0412\u0435\u043b\u043e\u0441\u0438\u043f\u0435\u0434\u043d\u044b\u0439 \u0448\u043b\u0435\u043c Met Estro Mips \u0432 \u0447\u0435\u0440\u043d\u043e-\u043b\u0430\u0439\u043c\u043e\u0432\u044b\u0445 \u0442\u043e\u043d\u0430\u0445 \u2014 \u0438\u0434\u0435\u0430\u043b\u044c\u043d\u044b\u0439 \u0432\u044b\u0431\u043e\u0440 \u0434\u043b\u044f \u0431\u0435\u0437\u043e\u043f\u0430\u0441\u043d\u044b\u0445 \u043f\u043e\u0435\u0437\u0434\u043e\u043a. \u041e\u0442\u043b\u0438\u0447\u043d\u0430\u044f \u0432\u0435\u043d\u0442\u0438\u043b\u044f\u0446\u0438\u044f \u0438 \u043d\u0430\u0434\u0435\u0436\u043d\u0430\u044f \u0437\u0430\u0449\u0438\u0442\u0430 \u0441 MIPS.\" \/>\n<meta name=\"robots\" content=\"index, follow, max-snippet:-1, max-image-preview:large, max-video-preview:-1\" \/>\n<link rel=\"canonical\" href=\"https:\/\/xstyle.md\/ro\/produs\/velosipednyj-shlem-met-estro-mips-black-lime-yellow-metalic\/\" \/>\n<meta property=\"og:locale\" content=\"ro_RO\" \/>\n<meta property=\"og:type\" content=\"article\" \/>\n<meta property=\"og:title\" content=\"\u0412\u0435\u043b\u043e\u0441\u0438\u043f\u0435\u0434\u043d\u044b\u0439 \u0448\u043b\u0435\u043c Met Estro Mips black lime yellow metalic - \u041c\u0430\u0433\u0430\u0437\u0438\u043d Xstyle\" \/>\n<meta property=\"og:description\" content=\"\u0412\u0435\u043b\u043e\u0441\u0438\u043f\u0435\u0434\u043d\u044b\u0439 \u0448\u043b\u0435\u043c Met Estro Mips \u0432 \u0447\u0435\u0440\u043d\u043e-\u043b\u0430\u0439\u043c\u043e\u0432\u044b\u0445 \u0442\u043e\u043d\u0430\u0445 \u2014 \u0438\u0434\u0435\u0430\u043b\u044c\u043d\u044b\u0439 \u0432\u044b\u0431\u043e\u0440 \u0434\u043b\u044f \u0431\u0435\u0437\u043e\u043f\u0430\u0441\u043d\u044b\u0445 \u043f\u043e\u0435\u0437\u0434\u043e\u043a. \u041e\u0442\u043b\u0438\u0447\u043d\u0430\u044f \u0432\u0435\u043d\u0442\u0438\u043b\u044f\u0446\u0438\u044f \u0438 \u043d\u0430\u0434\u0435\u0436\u043d\u0430\u044f \u0437\u0430\u0449\u0438\u0442\u0430 \u0441 MIPS.\" \/>\n<meta property=\"og:url\" content=\"https:\/\/xstyle.md\/ro\/produs\/velosipednyj-shlem-met-estro-mips-black-lime-yellow-metalic\/\" \/>\n<meta property=\"og:site_name\" content=\"\u041c\u0430\u0433\u0430\u0437\u0438\u043d Xstyle\" \/>\n<meta property=\"article:publisher\" content=\"https:\/\/www.facebook.com\/xstylemd\" \/>\n<meta property=\"article:modified_time\" content=\"2026-03-19T13:48:22+00:00\" \/>\n<meta property=\"og:image\" content=\"https:\/\/xstyle.md\/wp-content\/uploads\/2022\/04\/met-estro-mips-black-lime-yellow-metalic.jpg\" \/>\n\t<meta property=\"og:image:width\" content=\"1078\" \/>\n\t<meta property=\"og:image:height\" content=\"1078\" \/>\n\t<meta property=\"og:image:type\" content=\"image\/jpeg\" \/>\n<meta name=\"twitter:card\" content=\"summary_large_image\" \/>\n<meta name=\"twitter:label1\" content=\"Pre\u021b\" \/>\n\t<meta name=\"twitter:data1\" content=\"2.850&nbsp;MDL\" \/>\n\t<meta name=\"twitter:label2\" content=\"Disponibilitate\" \/>\n\t<meta name=\"twitter:data2\" content=\"\u00cen stoc\" \/>\n<script type=\"application\/ld+json\" class=\"yoast-schema-graph\">{\"@context\":\"https:\/\/schema.org\",\"@graph\":[{\"@type\":\"WebPage\",\"@id\":\"https:\/\/xstyle.md\/product\/velosipednyj-shlem-met-estro-mips-black-lime-yellow-metalic\/\",\"url\":\"https:\/\/xstyle.md\/product\/velosipednyj-shlem-met-estro-mips-black-lime-yellow-metalic\/\",\"name\":\"\u0412\u0435\u043b\u043e\u0441\u0438\u043f\u0435\u0434\u043d\u044b\u0439 \u0448\u043b\u0435\u043c Met Estro Mips black lime yellow metalic - \u041c\u0430\u0433\u0430\u0437\u0438\u043d Xstyle\",\"isPartOf\":{\"@id\":\"https:\/\/xstyle.md\/#website\"},\"primaryImageOfPage\":{\"@id\":\"https:\/\/xstyle.md\/product\/velosipednyj-shlem-met-estro-mips-black-lime-yellow-metalic\/#primaryimage\"},\"image\":{\"@id\":\"https:\/\/xstyle.md\/product\/velosipednyj-shlem-met-estro-mips-black-lime-yellow-metalic\/#primaryimage\"},\"thumbnailUrl\":\"https:\/\/xstyle.md\/wp-content\/uploads\/2022\/04\/met-estro-mips-black-lime-yellow-metalic.jpg\",\"datePublished\":\"2022-04-28T12:54:16+00:00\",\"dateModified\":\"2026-03-19T13:48:22+00:00\",\"description\":\"\u0412\u0435\u043b\u043e\u0441\u0438\u043f\u0435\u0434\u043d\u044b\u0439 \u0448\u043b\u0435\u043c Met Estro Mips \u0432 \u0447\u0435\u0440\u043d\u043e-\u043b\u0430\u0439\u043c\u043e\u0432\u044b\u0445 \u0442\u043e\u043d\u0430\u0445 \u2014 \u0438\u0434\u0435\u0430\u043b\u044c\u043d\u044b\u0439 \u0432\u044b\u0431\u043e\u0440 \u0434\u043b\u044f \u0431\u0435\u0437\u043e\u043f\u0430\u0441\u043d\u044b\u0445 \u043f\u043e\u0435\u0437\u0434\u043e\u043a. \u041e\u0442\u043b\u0438\u0447\u043d\u0430\u044f \u0432\u0435\u043d\u0442\u0438\u043b\u044f\u0446\u0438\u044f \u0438 \u043d\u0430\u0434\u0435\u0436\u043d\u0430\u044f \u0437\u0430\u0449\u0438\u0442\u0430 \u0441 MIPS.\",\"breadcrumb\":{\"@id\":\"https:\/\/xstyle.md\/product\/velosipednyj-shlem-met-estro-mips-black-lime-yellow-metalic\/#breadcrumb\"},\"inLanguage\":\"ro-RO\",\"potentialAction\":[{\"@type\":\"ReadAction\",\"target\":[\"https:\/\/xstyle.md\/product\/velosipednyj-shlem-met-estro-mips-black-lime-yellow-metalic\/\"]}]},{\"@type\":\"ImageObject\",\"inLanguage\":\"ro-RO\",\"@id\":\"https:\/\/xstyle.md\/product\/velosipednyj-shlem-met-estro-mips-black-lime-yellow-metalic\/#primaryimage\",\"url\":\"https:\/\/xstyle.md\/wp-content\/uploads\/2022\/04\/met-estro-mips-black-lime-yellow-metalic.jpg\",\"contentUrl\":\"https:\/\/xstyle.md\/wp-content\/uploads\/2022\/04\/met-estro-mips-black-lime-yellow-metalic.jpg\",\"width\":1078,\"height\":1078,\"caption\":\"\u0428\u043b\u0435\u043c \u0434\u043b\u044f \u0430\u043a\u0442\u0438\u0432\u043d\u043e\u0433\u043e \u043e\u0442\u0434\u044b\u0445\u0430 \u0438 \u0442\u0443\u0440\u0438\u0437\u043c\u0430 Met Estro Mips \u0447\u0435\u0440\u043d\u044b\u0439 \u043b\u0430\u0439\u043c \u0436\u0435\u043b\u0442\u044b\u0439 \u043c\u0435\u0442\u0430\u043b\u043b\u0438\u043a \u0434\u043b\u044f \u0432\u0435\u043b\u043e\u0441\u043f\u043e\u0440\u0442\u0430 \u043f\u043e\u0445\u043e\u0434\u043e\u0432 \u0430\u043b\u044c\u043f\u0438\u043d\u0438\u0437\u043c\u0430 \u0438 \u043f\u0443\u0442\u0435\u0448\u0435\u0441\u0442\u0432\u0438\u0439 \u0434\u043b\u044f \u0438\u043d\u0442\u0435\u0440\u043d\u0435\u0442-\u043c\u0430\u0433\u0430\u0437\u0438\u043d\u0430 \u0442\u043e\u0432\u0430\u0440\u043e\u0432 \u0434\u043b\u044f \u0430\u043a\u0442\u0438\u0432\u043d\u043e\u0439 \u0436\u0438\u0437\u043d\u0438\"},{\"@type\":\"BreadcrumbList\",\"@id\":\"https:\/\/xstyle.md\/product\/velosipednyj-shlem-met-estro-mips-black-lime-yellow-metalic\/#breadcrumb\",\"itemListElement\":[{\"@type\":\"ListItem\",\"position\":1,\"name\":\"\u0413\u043b\u0430\u0432\u043d\u0430\u044f \u0441\u0442\u0440\u0430\u043d\u0438\u0446\u0430\",\"item\":\"https:\/\/xstyle.md\/\"},{\"@type\":\"ListItem\",\"position\":2,\"name\":\"\u041c\u0430\u0433\u0430\u0437\u0438\u043d\",\"item\":\"https:\/\/xstyle.md\/shop\/\"},{\"@type\":\"ListItem\",\"position\":3,\"name\":\"\u0412\u0435\u043b\u043e\u0441\u0438\u043f\u0435\u0434\u043d\u044b\u0439 \u0448\u043b\u0435\u043c Met Estro Mips black lime yellow metalic\"}]},{\"@type\":\"WebSite\",\"@id\":\"https:\/\/xstyle.md\/#website\",\"url\":\"https:\/\/xstyle.md\/\",\"name\":\"\u041c\u0430\u0433\u0430\u0437\u0438\u043d Xstyle\",\"description\":\"C\u043d\u0430\u0440\u044f\u0436\u0435\u043d\u0438\u0435 \u0434\u043b\u044f \u0442\u0443\u0440\u0438\u0437\u043c\u0430 \u0438 \u044d\u043a\u0441\u0442\u0440\u0435\u043c\u0430\u043b\u044c\u043d\u044b\u0445 \u0432\u0438\u0434\u043e\u0432 \u0441\u043f\u043e\u0440\u0442\u0430 \u0432 \u041c\u043e\u043b\u0434\u043e\u0432\u0435.. \u0426\u0435\u043d\u044b, \u0444\u043e\u0442\u043e, \u0445\u0430\u0440\u0430\u043a\u0442\u0435\u0440\u0438\u0441\u0442\u0438\u043a\u0438 \u0432 \u041c\u043e\u043b\u0434\u043e\u0432\u0435.\",\"publisher\":{\"@id\":\"https:\/\/xstyle.md\/#organization\"},\"alternateName\":\"X-Style\",\"potentialAction\":[{\"@type\":\"SearchAction\",\"target\":{\"@type\":\"EntryPoint\",\"urlTemplate\":\"https:\/\/xstyle.md\/?s={search_term_string}\"},\"query-input\":{\"@type\":\"PropertyValueSpecification\",\"valueRequired\":true,\"valueName\":\"search_term_string\"}}],\"inLanguage\":\"ro-RO\"},{\"@type\":\"Organization\",\"@id\":\"https:\/\/xstyle.md\/#organization\",\"name\":\"\u041c\u0430\u0433\u0430\u0437\u0438\u043d Xstyle\",\"alternateName\":\"x-style\",\"url\":\"https:\/\/xstyle.md\/\",\"logo\":{\"@type\":\"ImageObject\",\"inLanguage\":\"ro-RO\",\"@id\":\"https:\/\/xstyle.md\/#\/schema\/logo\/image\/\",\"url\":\"https:\/\/xstyle.md\/wp-content\/uploads\/2020\/06\/logoicon.svg\",\"contentUrl\":\"https:\/\/xstyle.md\/wp-content\/uploads\/2020\/06\/logoicon.svg\",\"caption\":\"\u041c\u0430\u0433\u0430\u0437\u0438\u043d Xstyle\"},\"image\":{\"@id\":\"https:\/\/xstyle.md\/#\/schema\/logo\/image\/\"},\"sameAs\":[\"https:\/\/www.facebook.com\/xstylemd\",\"https:\/\/www.instagram.com\/xstyle_md\/\",\"https:\/\/t.me\/xstyle_outdoor\"],\"hasMerchantReturnPolicy\":{\"@type\":\"MerchantReturnPolicy\",\"merchantReturnLink\":\"https:\/\/xstyle.md\/ro\/conditions\/\"}}]}<\/script>\n<meta property=\"product:price:amount\" content=\"2850.00\" \/>\n<meta property=\"product:price:currency\" content=\"MDL\" \/>\n<meta property=\"og:availability\" content=\"instock\" \/>\n<meta property=\"product:availability\" content=\"instock\" \/>\n<meta property=\"product:retailer_item_id\" content=\"8015190275840\" \/>\n<meta property=\"product:condition\" content=\"new\" \/>\n<!-- \/ Yoast SEO plugin. -->","yoast_head_json":{"title":"Casc\u0103 pentru ciclism Met Estro Mips black lime yellow metalic - Magazin Xstyle","description":"Casc\u0103 de biciclet\u0103 Met Estro Mips \u00een culori negru-lime \u2014 alegerea perfect\u0103 pentru plimb\u0103ri sigure. Ventila\u021bie excelent\u0103 \u0219i protec\u021bie fiabil\u0103 cu MIPS.","robots":{"index":"index","follow":"follow","max-snippet":"max-snippet:-1","max-image-preview":"max-image-preview:large","max-video-preview":"max-video-preview:-1"},"canonical":"https:\/\/xstyle.md\/ro\/produs\/velosipednyj-shlem-met-estro-mips-black-lime-yellow-metalic\/","og_locale":"ro_RO","og_type":"article","og_title":"\u0412\u0435\u043b\u043e\u0441\u0438\u043f\u0435\u0434\u043d\u044b\u0439 \u0448\u043b\u0435\u043c Met Estro Mips black lime yellow metalic - \u041c\u0430\u0433\u0430\u0437\u0438\u043d Xstyle","og_description":"\u0412\u0435\u043b\u043e\u0441\u0438\u043f\u0435\u0434\u043d\u044b\u0439 \u0448\u043b\u0435\u043c Met Estro Mips \u0432 \u0447\u0435\u0440\u043d\u043e-\u043b\u0430\u0439\u043c\u043e\u0432\u044b\u0445 \u0442\u043e\u043d\u0430\u0445 \u2014 \u0438\u0434\u0435\u0430\u043b\u044c\u043d\u044b\u0439 \u0432\u044b\u0431\u043e\u0440 \u0434\u043b\u044f \u0431\u0435\u0437\u043e\u043f\u0430\u0441\u043d\u044b\u0445 \u043f\u043e\u0435\u0437\u0434\u043e\u043a. \u041e\u0442\u043b\u0438\u0447\u043d\u0430\u044f \u0432\u0435\u043d\u0442\u0438\u043b\u044f\u0446\u0438\u044f \u0438 \u043d\u0430\u0434\u0435\u0436\u043d\u0430\u044f \u0437\u0430\u0449\u0438\u0442\u0430 \u0441 MIPS.","og_url":"https:\/\/xstyle.md\/ro\/produs\/velosipednyj-shlem-met-estro-mips-black-lime-yellow-metalic\/","og_site_name":"\u041c\u0430\u0433\u0430\u0437\u0438\u043d Xstyle","article_publisher":"https:\/\/www.facebook.com\/xstylemd","article_modified_time":"2026-03-19T13:48:22+00:00","og_image":[{"width":1078,"height":1078,"url":"https:\/\/xstyle.md\/wp-content\/uploads\/2022\/04\/met-estro-mips-black-lime-yellow-metalic.jpg","type":"image\/jpeg"}],"twitter_card":"summary_large_image","twitter_misc":{"Pre\u021b":"2.850&nbsp;MDL","Disponibilitate":"\u00cen stoc"},"schema":{"@context":"https:\/\/schema.org","@graph":[{"@type":"WebPage","@id":"https:\/\/xstyle.md\/product\/velosipednyj-shlem-met-estro-mips-black-lime-yellow-metalic\/","url":"https:\/\/xstyle.md\/product\/velosipednyj-shlem-met-estro-mips-black-lime-yellow-metalic\/","name":"Casc\u0103 pentru ciclism Met Estro Mips black lime yellow metalic - Magazin Xstyle","isPartOf":{"@id":"https:\/\/xstyle.md\/#website"},"primaryImageOfPage":{"@id":"https:\/\/xstyle.md\/product\/velosipednyj-shlem-met-estro-mips-black-lime-yellow-metalic\/#primaryimage"},"image":{"@id":"https:\/\/xstyle.md\/product\/velosipednyj-shlem-met-estro-mips-black-lime-yellow-metalic\/#primaryimage"},"thumbnailUrl":"https:\/\/xstyle.md\/wp-content\/uploads\/2022\/04\/met-estro-mips-black-lime-yellow-metalic.jpg","datePublished":"2022-04-28T12:54:16+00:00","dateModified":"2026-03-19T13:48:22+00:00","description":"Casc\u0103 de biciclet\u0103 Met Estro Mips \u00een culori negru-lime \u2014 alegerea perfect\u0103 pentru plimb\u0103ri sigure. Ventila\u021bie excelent\u0103 \u0219i protec\u021bie fiabil\u0103 cu MIPS.","breadcrumb":{"@id":"https:\/\/xstyle.md\/product\/velosipednyj-shlem-met-estro-mips-black-lime-yellow-metalic\/#breadcrumb"},"inLanguage":"ro-RO","potentialAction":[{"@type":"ReadAction","target":["https:\/\/xstyle.md\/product\/velosipednyj-shlem-met-estro-mips-black-lime-yellow-metalic\/"]}]},{"@type":"ImageObject","inLanguage":"ro-RO","@id":"https:\/\/xstyle.md\/product\/velosipednyj-shlem-met-estro-mips-black-lime-yellow-metalic\/#primaryimage","url":"https:\/\/xstyle.md\/wp-content\/uploads\/2022\/04\/met-estro-mips-black-lime-yellow-metalic.jpg","contentUrl":"https:\/\/xstyle.md\/wp-content\/uploads\/2022\/04\/met-estro-mips-black-lime-yellow-metalic.jpg","width":1078,"height":1078,"caption":"\u0428\u043b\u0435\u043c \u0434\u043b\u044f \u0430\u043a\u0442\u0438\u0432\u043d\u043e\u0433\u043e \u043e\u0442\u0434\u044b\u0445\u0430 \u0438 \u0442\u0443\u0440\u0438\u0437\u043c\u0430 Met Estro Mips \u0447\u0435\u0440\u043d\u044b\u0439 \u043b\u0430\u0439\u043c \u0436\u0435\u043b\u0442\u044b\u0439 \u043c\u0435\u0442\u0430\u043b\u043b\u0438\u043a \u0434\u043b\u044f \u0432\u0435\u043b\u043e\u0441\u043f\u043e\u0440\u0442\u0430 \u043f\u043e\u0445\u043e\u0434\u043e\u0432 \u0430\u043b\u044c\u043f\u0438\u043d\u0438\u0437\u043c\u0430 \u0438 \u043f\u0443\u0442\u0435\u0448\u0435\u0441\u0442\u0432\u0438\u0439 \u0434\u043b\u044f \u0438\u043d\u0442\u0435\u0440\u043d\u0435\u0442-\u043c\u0430\u0433\u0430\u0437\u0438\u043d\u0430 \u0442\u043e\u0432\u0430\u0440\u043e\u0432 \u0434\u043b\u044f \u0430\u043a\u0442\u0438\u0432\u043d\u043e\u0439 \u0436\u0438\u0437\u043d\u0438"},{"@type":"BreadcrumbList","@id":"https:\/\/xstyle.md\/product\/velosipednyj-shlem-met-estro-mips-black-lime-yellow-metalic\/#breadcrumb","itemListElement":[{"@type":"ListItem","position":1,"name":"\u0413\u043b\u0430\u0432\u043d\u0430\u044f \u0441\u0442\u0440\u0430\u043d\u0438\u0446\u0430","item":"https:\/\/xstyle.md\/"},{"@type":"ListItem","position":2,"name":"\u041c\u0430\u0433\u0430\u0437\u0438\u043d","item":"https:\/\/xstyle.md\/shop\/"},{"@type":"ListItem","position":3,"name":"\u0412\u0435\u043b\u043e\u0441\u0438\u043f\u0435\u0434\u043d\u044b\u0439 \u0448\u043b\u0435\u043c Met Estro Mips black lime yellow metalic"}]},{"@type":"WebSite","@id":"https:\/\/xstyle.md\/#website","url":"https:\/\/xstyle.md\/","name":"Magazinul X-Style","description":"Echipamente pentru turism \u0219i sporturi extreme \u00een Moldova. Pre\u021buri, fotografii, caracteristici \u00een Moldova.","publisher":{"@id":"https:\/\/xstyle.md\/#organization"},"alternateName":"X-Style","potentialAction":[{"@type":"SearchAction","target":{"@type":"EntryPoint","urlTemplate":"https:\/\/xstyle.md\/?s={search_term_string}"},"query-input":{"@type":"PropertyValueSpecification","valueRequired":true,"valueName":"search_term_string"}}],"inLanguage":"ro-RO"},{"@type":"Organization","@id":"https:\/\/xstyle.md\/#organization","name":"Magazinul X-Style","alternateName":"x-style","url":"https:\/\/xstyle.md\/","logo":{"@type":"ImageObject","inLanguage":"ro-RO","@id":"https:\/\/xstyle.md\/#\/schema\/logo\/image\/","url":"https:\/\/xstyle.md\/wp-content\/uploads\/2020\/06\/logoicon.svg","contentUrl":"https:\/\/xstyle.md\/wp-content\/uploads\/2020\/06\/logoicon.svg","caption":"\u041c\u0430\u0433\u0430\u0437\u0438\u043d Xstyle"},"image":{"@id":"https:\/\/xstyle.md\/#\/schema\/logo\/image\/"},"sameAs":["https:\/\/www.facebook.com\/xstylemd","https:\/\/www.instagram.com\/xstyle_md\/","https:\/\/t.me\/xstyle_outdoor"],"hasMerchantReturnPolicy":{"@type":"MerchantReturnPolicy","merchantReturnLink":"https:\/\/xstyle.md\/ro\/conditions\/"}}]},"product_price_amount":"2850.00","product_price_currency":"MDL","og_availability":"instock","product_availability":"instock","product_retailer_item_id":"8015190275840","product_condition":"new"},"post_mailing_queue_ids":[],"_links":{"self":[{"href":"https:\/\/xstyle.md\/ro\/wp-json\/wp\/v2\/product\/47905","targetHints":{"allow":["GET"]}}],"collection":[{"href":"https:\/\/xstyle.md\/ro\/wp-json\/wp\/v2\/product"}],"about":[{"href":"https:\/\/xstyle.md\/ro\/wp-json\/wp\/v2\/types\/product"}],"replies":[{"embeddable":true,"href":"https:\/\/xstyle.md\/ro\/wp-json\/wp\/v2\/comments?post=47905"}],"wp:featuredmedia":[{"embeddable":true,"href":"https:\/\/xstyle.md\/ro\/wp-json\/wp\/v2\/media\/48218"}],"wp:attachment":[{"href":"https:\/\/xstyle.md\/ro\/wp-json\/wp\/v2\/media?parent=47905"}],"wp:term":[{"taxonomy":"product_brand","embeddable":true,"href":"https:\/\/xstyle.md\/ro\/wp-json\/wp\/v2\/product_brand?post=47905"},{"taxonomy":"product_cat","embeddable":true,"href":"https:\/\/xstyle.md\/ro\/wp-json\/wp\/v2\/product_cat?post=47905"},{"taxonomy":"product_tag","embeddable":true,"href":"https:\/\/xstyle.md\/ro\/wp-json\/wp\/v2\/product_tag?post=47905"}],"curies":[{"name":"wp","href":"https:\/\/api.w.org\/{rel}","templated":true}]}}