{"id":47904,"date":"2022-04-28T15:54:16","date_gmt":"2022-04-28T12:54:16","guid":{"rendered":"https:\/\/xstyle.md\/?post_type=product&#038;p=47904"},"modified":"2026-03-19T16:48:21","modified_gmt":"2026-03-19T13:48:21","slug":"velosipednyj-shlem-met-eldar-iridescent-white","status":"publish","type":"product","link":"https:\/\/xstyle.md\/ro\/produs\/velosipednyj-shlem-met-eldar-iridescent-white\/","title":{"rendered":"Casc\u0103 ciclism Met Eldar iridescent white"},"content":{"rendered":"<\/p>\n<p><strong>Met Eldar iridescent white<\/strong> &#8212; casc\u0103 fiabil\u0103 \u0219i sigur\u0103, cu construc\u021bie inteligent\u0103 In-Mould, protec\u021bie \u00eent\u0103rit\u0103 a g\u00e2tului, cataram\u0103 anti-pinch. Casca este echipat\u0103 cu un sistem de fixare pe toat\u0103 circumferin\u021ba SAFE-T TWIST 2. Versatil\u0103, potrivit\u0103 at\u00e2t pentru ciclismul urban, c\u00e2t \u0219i pentru mersul extrem \u00een afara ora\u0219ului. Ata\u0219a\u021bi viziera, care protejeaz\u0103 ciclistul de ramurile care vin din sens opus, de soarele fierbinte \u0219i de noroiul care zboar\u0103 de sub ro\u021bi, \u0219i pute\u021bi pleca \u00een c\u0103l\u0103torie.<\/p>\n<h3>Particularit\u0103\u021bi<\/h3>\n<ul>\n<li>Casca este fabricat\u0103 cu tehnologia In-Mould, ceea ce o face foarte u\u0219oar\u0103 \u0219i durabil\u0103.<\/li>\n<li>O tehnologie care combin\u0103 o carcas\u0103 exterioar\u0103 rezistent\u0103 din policarbonat cu un material interior care absoarbe impactul. Aceast\u0103 combina\u021bie de cochilie \u0219i material interior permite sisteme de ventila\u021bie, astfel \u00eenc\u00e2t c\u0103\u0219tile In-Mould pot fi mai u\u0219oare \u0219i mai r\u0103coroase dec\u00e2t c\u0103\u0219tile tradi\u021bionale.<\/li>\n<li>Sistemul de montare SAFE-T TWIST 2 ofer\u0103 confortul ajust\u0103rii cu o singur\u0103 m\u00e2n\u0103, \u00een timp ce cureaua cu punct de nod variabil ofer\u0103 o potrivire \u0219i o senza\u021bie str\u0103lucitoare. Inser\u021biile interioare c\u0103ptu\u0219ite sunt impregnate cu un compus special care previne dezvoltarea bacteriilor \u0219i a mirosurilor.<\/li>\n<\/ul>\n<h3>Caracteristici<\/h3>\n<ul>\n<li>C\u0103ptu\u0219eal\u0103 deta\u0219abil\u0103 pentru o cur\u0103\u021bare u\u0219oar\u0103 &#8212; da (Coolmax hidrofilic moale)<\/li>\n<li>Num\u0103rul de g\u0103uri de ventila\u021bie &#8212; 14<\/li>\n<li>Certificare &#8212; CE, AS\/N<\/li>\n<li>Greutate &#8212; 280 g<\/li>\n<\/ul>\n<h3>Tehnologie<\/h3>\n<ul>\n<li><strong>Design In-Mould<\/strong> \u2013 este fuziunea a dou\u0103 p\u0103r\u021bi ale cochiliei c\u0103\u0219tii (interioar\u0103 \u0219i exterioar\u0103) \u00eentr-o singur\u0103 matrice prin intermediul unui proces de fuziune. Aceast\u0103 tehnic\u0103 demonstreaz\u0103 cele mai bune rezultate \u00een ceea ce prive\u0219te absorb\u021bia la impact \u0219i men\u021bine un raport excelent greutate-volum.<\/li>\n<\/ul>\n<h3>Marca<\/h3>\n<p>MET este o companie produc\u0103toare de c\u0103\u0219ti din Italia. Cu un sim\u021b \u00eenn\u0103scut al stilului \u0219i o dragoste pentru biciclete, italienii sunt capabili s\u0103 creeze c\u0103\u0219ti care sunt at\u00e2t elegante, c\u00e2t \u0219i fiabile \u0219i confortabile.<\/p>\n<p>Fiecare casc\u0103 MET exprim\u0103 un stil unic care reune\u0219te o istorie lung\u0103 \u0219i bogat\u0103 a designului italian. Liniile clare \u0219i expresive, formele compacte \u0219i armonioase \u0219i mai ales culorile luminoase ale produselor MET sunt exemple clasice ale acestei bogate tradi\u021bii.<\/p>\n<p>C\u0103\u0219tile MET sunt mai mult dec\u00e2t o simpl\u0103 protec\u021bie, ele nu sunt doar unice prin stilul lor excep\u021bional, ci \u0219i de \u00eenalt\u0103 tehnologie. Cu inova\u021bii introduse \u00een fiecare an de inginerii MET, compania continu\u0103 s\u0103 men\u021bin\u0103 calitatea materialelor \u0219i a manoperei fiec\u0103rui model de casc\u0103 pe tot parcursul procesului de fabrica\u021bie. MET ofer\u0103 fiec\u0103rui ciclist o experien\u021b\u0103 de ciclism cu adev\u0103rat pl\u0103cut\u0103.<\/p>\n<p><\/p>","protected":false},"excerpt":{"rendered":"","protected":false},"featured_media":48204,"comment_status":"open","ping_status":"closed","template":"","meta":{"_acf_changed":false,"inline_featured_image":false},"product_brand":[1371],"product_cat":[536],"product_tag":[],"class_list":{"0":"post-47904","1":"product","2":"type-product","3":"status-publish","4":"has-post-thumbnail","6":"product_brand-met","7":"product_cat-velo-helmets","9":"first","10":"instock","11":"shipping-taxable","12":"purchasable","13":"product-type-simple"},"acf":[],"yoast_head":"<!-- This site is optimized with the Yoast SEO plugin v27.2 - https:\/\/yoast.com\/product\/yoast-seo-wordpress\/ -->\n<title>\u0412\u0435\u043b\u043e\u0441\u0438\u043f\u0435\u0434\u043d\u044b\u0439 \u0448\u043b\u0435\u043c Met Eldar iridescent white - \u041c\u0430\u0433\u0430\u0437\u0438\u043d Xstyle<\/title>\n<meta name=\"description\" content=\"\u0412\u0435\u043b\u043e\u0441\u0438\u043f\u0435\u0434\u043d\u044b\u0439 \u0448\u043b\u0435\u043c Met Eldar iridescent white - \u043d\u0430\u0434\u0435\u0436\u043d\u0430\u044f \u0437\u0430\u0449\u0438\u0442\u0430 \u0441 \u0442\u0435\u0445\u043d\u043e\u043b\u043e\u0433\u0438\u0435\u0439 InMould \u0438 \u0441\u0438\u0441\u0442\u0435\u043c\u043e\u0439 SAFET TWIST 2. \u041f\u043e\u0434\u0445\u043e\u0434\u0438\u0442 \u0434\u043b\u044f \u0433\u043e\u0440\u043e\u0434\u0430 \u0438 \u044d\u043a\u0441\u0442\u0440\u0435\u043c\u0430\u043b\u044c\u043d\u044b\u0445 \u043f\u043e\u0435\u0437\u0434\u043e\u043a!\" \/>\n<meta name=\"robots\" content=\"index, follow, max-snippet:-1, max-image-preview:large, max-video-preview:-1\" \/>\n<link rel=\"canonical\" href=\"https:\/\/xstyle.md\/ro\/produs\/velosipednyj-shlem-met-eldar-iridescent-white\/\" \/>\n<meta property=\"og:locale\" content=\"ro_RO\" \/>\n<meta property=\"og:type\" content=\"article\" \/>\n<meta property=\"og:title\" content=\"\u0412\u0435\u043b\u043e\u0441\u0438\u043f\u0435\u0434\u043d\u044b\u0439 \u0448\u043b\u0435\u043c Met Eldar iridescent white - \u041c\u0430\u0433\u0430\u0437\u0438\u043d Xstyle\" \/>\n<meta property=\"og:description\" content=\"\u0412\u0435\u043b\u043e\u0441\u0438\u043f\u0435\u0434\u043d\u044b\u0439 \u0448\u043b\u0435\u043c Met Eldar iridescent white - \u043d\u0430\u0434\u0435\u0436\u043d\u0430\u044f \u0437\u0430\u0449\u0438\u0442\u0430 \u0441 \u0442\u0435\u0445\u043d\u043e\u043b\u043e\u0433\u0438\u0435\u0439 InMould \u0438 \u0441\u0438\u0441\u0442\u0435\u043c\u043e\u0439 SAFET TWIST 2. \u041f\u043e\u0434\u0445\u043e\u0434\u0438\u0442 \u0434\u043b\u044f \u0433\u043e\u0440\u043e\u0434\u0430 \u0438 \u044d\u043a\u0441\u0442\u0440\u0435\u043c\u0430\u043b\u044c\u043d\u044b\u0445 \u043f\u043e\u0435\u0437\u0434\u043e\u043a!\" \/>\n<meta property=\"og:url\" content=\"https:\/\/xstyle.md\/ro\/produs\/velosipednyj-shlem-met-eldar-iridescent-white\/\" \/>\n<meta property=\"og:site_name\" content=\"\u041c\u0430\u0433\u0430\u0437\u0438\u043d Xstyle\" \/>\n<meta property=\"article:publisher\" content=\"https:\/\/www.facebook.com\/xstylemd\" \/>\n<meta property=\"article:modified_time\" content=\"2026-03-19T13:48:21+00:00\" \/>\n<meta property=\"og:image\" content=\"https:\/\/xstyle.md\/wp-content\/uploads\/2022\/04\/met-eldar-iridescent-white.jpg\" \/>\n\t<meta property=\"og:image:width\" content=\"933\" \/>\n\t<meta property=\"og:image:height\" content=\"933\" \/>\n\t<meta property=\"og:image:type\" content=\"image\/jpeg\" \/>\n<meta name=\"twitter:card\" content=\"summary_large_image\" \/>\n<meta name=\"twitter:label1\" content=\"Pre\u021b\" \/>\n\t<meta name=\"twitter:data1\" content=\"1.190&nbsp;MDL\" \/>\n\t<meta name=\"twitter:label2\" content=\"Disponibilitate\" \/>\n\t<meta name=\"twitter:data2\" content=\"\u00cen stoc\" \/>\n<script type=\"application\/ld+json\" class=\"yoast-schema-graph\">{\"@context\":\"https:\/\/schema.org\",\"@graph\":[{\"@type\":\"WebPage\",\"@id\":\"https:\/\/xstyle.md\/product\/velosipednyj-shlem-met-eldar-iridescent-white\/\",\"url\":\"https:\/\/xstyle.md\/product\/velosipednyj-shlem-met-eldar-iridescent-white\/\",\"name\":\"\u0412\u0435\u043b\u043e\u0441\u0438\u043f\u0435\u0434\u043d\u044b\u0439 \u0448\u043b\u0435\u043c Met Eldar iridescent white - \u041c\u0430\u0433\u0430\u0437\u0438\u043d Xstyle\",\"isPartOf\":{\"@id\":\"https:\/\/xstyle.md\/#website\"},\"primaryImageOfPage\":{\"@id\":\"https:\/\/xstyle.md\/product\/velosipednyj-shlem-met-eldar-iridescent-white\/#primaryimage\"},\"image\":{\"@id\":\"https:\/\/xstyle.md\/product\/velosipednyj-shlem-met-eldar-iridescent-white\/#primaryimage\"},\"thumbnailUrl\":\"https:\/\/xstyle.md\/wp-content\/uploads\/2022\/04\/met-eldar-iridescent-white.jpg\",\"datePublished\":\"2022-04-28T12:54:16+00:00\",\"dateModified\":\"2026-03-19T13:48:21+00:00\",\"description\":\"\u0412\u0435\u043b\u043e\u0441\u0438\u043f\u0435\u0434\u043d\u044b\u0439 \u0448\u043b\u0435\u043c Met Eldar iridescent white - \u043d\u0430\u0434\u0435\u0436\u043d\u0430\u044f \u0437\u0430\u0449\u0438\u0442\u0430 \u0441 \u0442\u0435\u0445\u043d\u043e\u043b\u043e\u0433\u0438\u0435\u0439 InMould \u0438 \u0441\u0438\u0441\u0442\u0435\u043c\u043e\u0439 SAFET TWIST 2. \u041f\u043e\u0434\u0445\u043e\u0434\u0438\u0442 \u0434\u043b\u044f \u0433\u043e\u0440\u043e\u0434\u0430 \u0438 \u044d\u043a\u0441\u0442\u0440\u0435\u043c\u0430\u043b\u044c\u043d\u044b\u0445 \u043f\u043e\u0435\u0437\u0434\u043e\u043a!\",\"breadcrumb\":{\"@id\":\"https:\/\/xstyle.md\/product\/velosipednyj-shlem-met-eldar-iridescent-white\/#breadcrumb\"},\"inLanguage\":\"ro-RO\",\"potentialAction\":[{\"@type\":\"ReadAction\",\"target\":[\"https:\/\/xstyle.md\/product\/velosipednyj-shlem-met-eldar-iridescent-white\/\"]}]},{\"@type\":\"ImageObject\",\"inLanguage\":\"ro-RO\",\"@id\":\"https:\/\/xstyle.md\/product\/velosipednyj-shlem-met-eldar-iridescent-white\/#primaryimage\",\"url\":\"https:\/\/xstyle.md\/wp-content\/uploads\/2022\/04\/met-eldar-iridescent-white.jpg\",\"contentUrl\":\"https:\/\/xstyle.md\/wp-content\/uploads\/2022\/04\/met-eldar-iridescent-white.jpg\",\"width\":933,\"height\":933,\"caption\":\"\u0428\u043b\u0435\u043c \u0434\u043b\u044f \u0430\u043a\u0442\u0438\u0432\u043d\u043e\u0433\u043e \u043e\u0442\u0434\u044b\u0445\u0430 \u0438 \u043f\u0443\u0442\u0435\u0448\u0435\u0441\u0442\u0432\u0438\u0439 Met Eldar \u0438\u0440\u0438\u0434\u0435\u0441\u0446\u0435\u043d\u0442\u043d\u044b\u0439 \u0431\u0435\u043b\u044b\u0439, \u0441\u043f\u043e\u0440\u0442\u0438\u0432\u043d\u0430\u044f \u043e\u0431\u0443\u0432\u044c \u0438 \u043e\u0434\u0435\u0436\u0434\u0430 \u0434\u043b\u044f \u0442\u0443\u0440\u0438\u0437\u043c\u0430, \u043f\u043e\u0445\u043e\u0434\u043e\u0432 \u0438 \u0430\u043b\u044c\u043f\u0438\u043d\u0438\u0437\u043c\u0430, \u044d\u043a\u0438\u043f\u0438\u0440\u043e\u0432\u043a\u0430 \u0434\u043b\u044f \u043b\u044e\u0431\u0438\u0442\u0435\u043b\u0435\u0439 \u0430\u043a\u0442\u0438\u0432\u043d\u043e\u0439 \u0436\u0438\u0437\u043d\u0438 \u0438 \u043f\u0443\u0442\u0435\u0448\u0435\u0441\u0442\u0432\u0438\u0439\"},{\"@type\":\"BreadcrumbList\",\"@id\":\"https:\/\/xstyle.md\/product\/velosipednyj-shlem-met-eldar-iridescent-white\/#breadcrumb\",\"itemListElement\":[{\"@type\":\"ListItem\",\"position\":1,\"name\":\"\u0413\u043b\u0430\u0432\u043d\u0430\u044f \u0441\u0442\u0440\u0430\u043d\u0438\u0446\u0430\",\"item\":\"https:\/\/xstyle.md\/\"},{\"@type\":\"ListItem\",\"position\":2,\"name\":\"\u041c\u0430\u0433\u0430\u0437\u0438\u043d\",\"item\":\"https:\/\/xstyle.md\/shop\/\"},{\"@type\":\"ListItem\",\"position\":3,\"name\":\"\u0412\u0435\u043b\u043e\u0441\u0438\u043f\u0435\u0434\u043d\u044b\u0439 \u0448\u043b\u0435\u043c Met Eldar iridescent white\"}]},{\"@type\":\"WebSite\",\"@id\":\"https:\/\/xstyle.md\/#website\",\"url\":\"https:\/\/xstyle.md\/\",\"name\":\"\u041c\u0430\u0433\u0430\u0437\u0438\u043d Xstyle\",\"description\":\"C\u043d\u0430\u0440\u044f\u0436\u0435\u043d\u0438\u0435 \u0434\u043b\u044f \u0442\u0443\u0440\u0438\u0437\u043c\u0430 \u0438 \u044d\u043a\u0441\u0442\u0440\u0435\u043c\u0430\u043b\u044c\u043d\u044b\u0445 \u0432\u0438\u0434\u043e\u0432 \u0441\u043f\u043e\u0440\u0442\u0430 \u0432 \u041c\u043e\u043b\u0434\u043e\u0432\u0435.. \u0426\u0435\u043d\u044b, \u0444\u043e\u0442\u043e, \u0445\u0430\u0440\u0430\u043a\u0442\u0435\u0440\u0438\u0441\u0442\u0438\u043a\u0438 \u0432 \u041c\u043e\u043b\u0434\u043e\u0432\u0435.\",\"publisher\":{\"@id\":\"https:\/\/xstyle.md\/#organization\"},\"alternateName\":\"X-Style\",\"potentialAction\":[{\"@type\":\"SearchAction\",\"target\":{\"@type\":\"EntryPoint\",\"urlTemplate\":\"https:\/\/xstyle.md\/?s={search_term_string}\"},\"query-input\":{\"@type\":\"PropertyValueSpecification\",\"valueRequired\":true,\"valueName\":\"search_term_string\"}}],\"inLanguage\":\"ro-RO\"},{\"@type\":\"Organization\",\"@id\":\"https:\/\/xstyle.md\/#organization\",\"name\":\"\u041c\u0430\u0433\u0430\u0437\u0438\u043d Xstyle\",\"alternateName\":\"x-style\",\"url\":\"https:\/\/xstyle.md\/\",\"logo\":{\"@type\":\"ImageObject\",\"inLanguage\":\"ro-RO\",\"@id\":\"https:\/\/xstyle.md\/#\/schema\/logo\/image\/\",\"url\":\"https:\/\/xstyle.md\/wp-content\/uploads\/2020\/06\/logoicon.svg\",\"contentUrl\":\"https:\/\/xstyle.md\/wp-content\/uploads\/2020\/06\/logoicon.svg\",\"caption\":\"\u041c\u0430\u0433\u0430\u0437\u0438\u043d Xstyle\"},\"image\":{\"@id\":\"https:\/\/xstyle.md\/#\/schema\/logo\/image\/\"},\"sameAs\":[\"https:\/\/www.facebook.com\/xstylemd\",\"https:\/\/www.instagram.com\/xstyle_md\/\",\"https:\/\/t.me\/xstyle_outdoor\"],\"hasMerchantReturnPolicy\":{\"@type\":\"MerchantReturnPolicy\",\"merchantReturnLink\":\"https:\/\/xstyle.md\/ro\/conditions\/\"}}]}<\/script>\n<meta property=\"product:price:amount\" content=\"1190.00\" \/>\n<meta property=\"product:price:currency\" content=\"MDL\" \/>\n<meta property=\"og:availability\" content=\"instock\" \/>\n<meta property=\"product:availability\" content=\"instock\" \/>\n<meta property=\"product:retailer_item_id\" content=\"8015190259710\" \/>\n<meta property=\"product:condition\" content=\"new\" \/>\n<!-- \/ Yoast SEO plugin. -->","yoast_head_json":{"title":"Casc\u0103 pentru ciclism Met Eldar iridescent white - Magazin Xstyle","description":"Casc\u0103 de biciclet\u0103 Met Eldar iridescent white - protec\u021bie fiabil\u0103 cu tehnologia InMould \u0219i sistemul SAFET TWIST 2. Potrivit\u0103 pentru ora\u0219 \u0219i pentru plimb\u0103ri extreme!","robots":{"index":"index","follow":"follow","max-snippet":"max-snippet:-1","max-image-preview":"max-image-preview:large","max-video-preview":"max-video-preview:-1"},"canonical":"https:\/\/xstyle.md\/ro\/produs\/velosipednyj-shlem-met-eldar-iridescent-white\/","og_locale":"ro_RO","og_type":"article","og_title":"\u0412\u0435\u043b\u043e\u0441\u0438\u043f\u0435\u0434\u043d\u044b\u0439 \u0448\u043b\u0435\u043c Met Eldar iridescent white - \u041c\u0430\u0433\u0430\u0437\u0438\u043d Xstyle","og_description":"\u0412\u0435\u043b\u043e\u0441\u0438\u043f\u0435\u0434\u043d\u044b\u0439 \u0448\u043b\u0435\u043c Met Eldar iridescent white - \u043d\u0430\u0434\u0435\u0436\u043d\u0430\u044f \u0437\u0430\u0449\u0438\u0442\u0430 \u0441 \u0442\u0435\u0445\u043d\u043e\u043b\u043e\u0433\u0438\u0435\u0439 InMould \u0438 \u0441\u0438\u0441\u0442\u0435\u043c\u043e\u0439 SAFET TWIST 2. \u041f\u043e\u0434\u0445\u043e\u0434\u0438\u0442 \u0434\u043b\u044f \u0433\u043e\u0440\u043e\u0434\u0430 \u0438 \u044d\u043a\u0441\u0442\u0440\u0435\u043c\u0430\u043b\u044c\u043d\u044b\u0445 \u043f\u043e\u0435\u0437\u0434\u043e\u043a!","og_url":"https:\/\/xstyle.md\/ro\/produs\/velosipednyj-shlem-met-eldar-iridescent-white\/","og_site_name":"\u041c\u0430\u0433\u0430\u0437\u0438\u043d Xstyle","article_publisher":"https:\/\/www.facebook.com\/xstylemd","article_modified_time":"2026-03-19T13:48:21+00:00","og_image":[{"width":933,"height":933,"url":"https:\/\/xstyle.md\/wp-content\/uploads\/2022\/04\/met-eldar-iridescent-white.jpg","type":"image\/jpeg"}],"twitter_card":"summary_large_image","twitter_misc":{"Pre\u021b":"1.190&nbsp;MDL","Disponibilitate":"\u00cen stoc"},"schema":{"@context":"https:\/\/schema.org","@graph":[{"@type":"WebPage","@id":"https:\/\/xstyle.md\/product\/velosipednyj-shlem-met-eldar-iridescent-white\/","url":"https:\/\/xstyle.md\/product\/velosipednyj-shlem-met-eldar-iridescent-white\/","name":"Casc\u0103 pentru ciclism Met Eldar iridescent white - Magazin Xstyle","isPartOf":{"@id":"https:\/\/xstyle.md\/#website"},"primaryImageOfPage":{"@id":"https:\/\/xstyle.md\/product\/velosipednyj-shlem-met-eldar-iridescent-white\/#primaryimage"},"image":{"@id":"https:\/\/xstyle.md\/product\/velosipednyj-shlem-met-eldar-iridescent-white\/#primaryimage"},"thumbnailUrl":"https:\/\/xstyle.md\/wp-content\/uploads\/2022\/04\/met-eldar-iridescent-white.jpg","datePublished":"2022-04-28T12:54:16+00:00","dateModified":"2026-03-19T13:48:21+00:00","description":"Casc\u0103 de biciclet\u0103 Met Eldar iridescent white - protec\u021bie fiabil\u0103 cu tehnologia InMould \u0219i sistemul SAFET TWIST 2. Potrivit\u0103 pentru ora\u0219 \u0219i pentru plimb\u0103ri extreme!","breadcrumb":{"@id":"https:\/\/xstyle.md\/product\/velosipednyj-shlem-met-eldar-iridescent-white\/#breadcrumb"},"inLanguage":"ro-RO","potentialAction":[{"@type":"ReadAction","target":["https:\/\/xstyle.md\/product\/velosipednyj-shlem-met-eldar-iridescent-white\/"]}]},{"@type":"ImageObject","inLanguage":"ro-RO","@id":"https:\/\/xstyle.md\/product\/velosipednyj-shlem-met-eldar-iridescent-white\/#primaryimage","url":"https:\/\/xstyle.md\/wp-content\/uploads\/2022\/04\/met-eldar-iridescent-white.jpg","contentUrl":"https:\/\/xstyle.md\/wp-content\/uploads\/2022\/04\/met-eldar-iridescent-white.jpg","width":933,"height":933,"caption":"\u0428\u043b\u0435\u043c \u0434\u043b\u044f \u0430\u043a\u0442\u0438\u0432\u043d\u043e\u0433\u043e \u043e\u0442\u0434\u044b\u0445\u0430 \u0438 \u043f\u0443\u0442\u0435\u0448\u0435\u0441\u0442\u0432\u0438\u0439 Met Eldar \u0438\u0440\u0438\u0434\u0435\u0441\u0446\u0435\u043d\u0442\u043d\u044b\u0439 \u0431\u0435\u043b\u044b\u0439, \u0441\u043f\u043e\u0440\u0442\u0438\u0432\u043d\u0430\u044f \u043e\u0431\u0443\u0432\u044c \u0438 \u043e\u0434\u0435\u0436\u0434\u0430 \u0434\u043b\u044f \u0442\u0443\u0440\u0438\u0437\u043c\u0430, \u043f\u043e\u0445\u043e\u0434\u043e\u0432 \u0438 \u0430\u043b\u044c\u043f\u0438\u043d\u0438\u0437\u043c\u0430, \u044d\u043a\u0438\u043f\u0438\u0440\u043e\u0432\u043a\u0430 \u0434\u043b\u044f \u043b\u044e\u0431\u0438\u0442\u0435\u043b\u0435\u0439 \u0430\u043a\u0442\u0438\u0432\u043d\u043e\u0439 \u0436\u0438\u0437\u043d\u0438 \u0438 \u043f\u0443\u0442\u0435\u0448\u0435\u0441\u0442\u0432\u0438\u0439"},{"@type":"BreadcrumbList","@id":"https:\/\/xstyle.md\/product\/velosipednyj-shlem-met-eldar-iridescent-white\/#breadcrumb","itemListElement":[{"@type":"ListItem","position":1,"name":"\u0413\u043b\u0430\u0432\u043d\u0430\u044f \u0441\u0442\u0440\u0430\u043d\u0438\u0446\u0430","item":"https:\/\/xstyle.md\/"},{"@type":"ListItem","position":2,"name":"\u041c\u0430\u0433\u0430\u0437\u0438\u043d","item":"https:\/\/xstyle.md\/shop\/"},{"@type":"ListItem","position":3,"name":"\u0412\u0435\u043b\u043e\u0441\u0438\u043f\u0435\u0434\u043d\u044b\u0439 \u0448\u043b\u0435\u043c Met Eldar iridescent white"}]},{"@type":"WebSite","@id":"https:\/\/xstyle.md\/#website","url":"https:\/\/xstyle.md\/","name":"Magazinul X-Style","description":"Echipamente pentru turism \u0219i sporturi extreme \u00een Moldova. Pre\u021buri, fotografii, caracteristici \u00een Moldova.","publisher":{"@id":"https:\/\/xstyle.md\/#organization"},"alternateName":"X-Style","potentialAction":[{"@type":"SearchAction","target":{"@type":"EntryPoint","urlTemplate":"https:\/\/xstyle.md\/?s={search_term_string}"},"query-input":{"@type":"PropertyValueSpecification","valueRequired":true,"valueName":"search_term_string"}}],"inLanguage":"ro-RO"},{"@type":"Organization","@id":"https:\/\/xstyle.md\/#organization","name":"Magazinul X-Style","alternateName":"x-style","url":"https:\/\/xstyle.md\/","logo":{"@type":"ImageObject","inLanguage":"ro-RO","@id":"https:\/\/xstyle.md\/#\/schema\/logo\/image\/","url":"https:\/\/xstyle.md\/wp-content\/uploads\/2020\/06\/logoicon.svg","contentUrl":"https:\/\/xstyle.md\/wp-content\/uploads\/2020\/06\/logoicon.svg","caption":"\u041c\u0430\u0433\u0430\u0437\u0438\u043d Xstyle"},"image":{"@id":"https:\/\/xstyle.md\/#\/schema\/logo\/image\/"},"sameAs":["https:\/\/www.facebook.com\/xstylemd","https:\/\/www.instagram.com\/xstyle_md\/","https:\/\/t.me\/xstyle_outdoor"],"hasMerchantReturnPolicy":{"@type":"MerchantReturnPolicy","merchantReturnLink":"https:\/\/xstyle.md\/ro\/conditions\/"}}]},"product_price_amount":"1190.00","product_price_currency":"MDL","og_availability":"instock","product_availability":"instock","product_retailer_item_id":"8015190259710","product_condition":"new"},"post_mailing_queue_ids":[],"_links":{"self":[{"href":"https:\/\/xstyle.md\/ro\/wp-json\/wp\/v2\/product\/47904","targetHints":{"allow":["GET"]}}],"collection":[{"href":"https:\/\/xstyle.md\/ro\/wp-json\/wp\/v2\/product"}],"about":[{"href":"https:\/\/xstyle.md\/ro\/wp-json\/wp\/v2\/types\/product"}],"replies":[{"embeddable":true,"href":"https:\/\/xstyle.md\/ro\/wp-json\/wp\/v2\/comments?post=47904"}],"wp:featuredmedia":[{"embeddable":true,"href":"https:\/\/xstyle.md\/ro\/wp-json\/wp\/v2\/media\/48204"}],"wp:attachment":[{"href":"https:\/\/xstyle.md\/ro\/wp-json\/wp\/v2\/media?parent=47904"}],"wp:term":[{"taxonomy":"product_brand","embeddable":true,"href":"https:\/\/xstyle.md\/ro\/wp-json\/wp\/v2\/product_brand?post=47904"},{"taxonomy":"product_cat","embeddable":true,"href":"https:\/\/xstyle.md\/ro\/wp-json\/wp\/v2\/product_cat?post=47904"},{"taxonomy":"product_tag","embeddable":true,"href":"https:\/\/xstyle.md\/ro\/wp-json\/wp\/v2\/product_tag?post=47904"}],"curies":[{"name":"wp","href":"https:\/\/api.w.org\/{rel}","templated":true}]}}