{"id":4779,"date":"2020-07-16T20:05:50","date_gmt":"2020-07-16T17:05:50","guid":{"rendered":"https:\/\/xstyle.md\/product\/propitka-toko-textile-care-eco-textile-wash-250ml"},"modified":"2026-01-27T15:54:02","modified_gmt":"2026-01-27T12:54:02","slug":"propitka-toko-textile-care-eco-textile-wash-250ml","status":"publish","type":"product","link":"https:\/\/xstyle.md\/ro\/produs\/propitka-toko-textile-care-eco-textile-wash-250ml\/","title":{"rendered":"Impregnare Toko Care Eco Textile Wash 250 ml"},"content":{"rendered":"<\/p>\n<p><strong>Impregnare Toko Care Eco Textile Wash 250 ml<\/strong><\/p>\n<p>Mijloc pentru sp\u0103larea \u021bes\u0103turilor de tip membran\u0103 (veste de var\u0103, geci de iarn\u0103, pantaloni de schi) \u0219i \u00eembr\u0103c\u0103mintei tehnologice (lenjerie termic\u0103, fleece). Fabricat \u00een Elve\u021bia pe baza unor componente ecologice, nu are un efect d\u0103un\u0103tor asupra mediului. Cur\u0103\u021b\u0103 \u00een condi\u021bii de siguran\u021b\u0103, restabile\u0219te propriet\u0103\u021bile de respirabilitate \u0219i respingere a apei. Potrivit pentru sp\u0103larea membranelor care \u201erespir\u0103\u201d precum Gore-Tex, eVENT, Evapora etc.<\/p>\n<p><strong>Caracteristici:<\/strong><\/p>\n<ul>\n<li>Ideal pentru sp\u0103larea materialelor cu propriet\u0103\u021bi respirabile \u0219i altor tipuri de \u021bes\u0103turi<\/li>\n<li>Restaureaz\u0103 func\u021bionalitatea \u021besuturilor membranare (de ex. Gore-TEX)<\/li>\n<li>\u00cengrijire \u0219i cur\u0103\u021bare eficient\u0103 cu componente de detergent selectate \u00een mod optim<\/li>\n<li>Nu con\u021bine coloran\u021bi, \u00een\u0103lbitori sau fosfa\u021bi<\/li>\n<li>Baza este materialele regenerabile<\/li>\n<li>Biodegradabile<\/li>\n<li>De asemenea, eficient la temperaturi sc\u0103zute<\/li>\n<li>Aprobat de dermatologi<\/li>\n<\/ul>\n<p><\/p>","protected":false},"excerpt":{"rendered":"<p>Impregnare Toko Care Eco Textile Wash 250 ml<\/p>","protected":false},"featured_media":87445,"comment_status":"open","ping_status":"closed","template":"","meta":{"_acf_changed":false,"inline_featured_image":false},"product_brand":[1340],"product_cat":[468],"product_tag":[],"class_list":{"0":"post-4779","1":"product","2":"type-product","3":"status-publish","4":"has-post-thumbnail","6":"product_brand-toko","7":"product_cat-uhod-za-odejdoi","9":"first","10":"instock","11":"shipping-taxable","12":"purchasable","13":"product-type-simple"},"acf":[],"yoast_head":"<!-- This site is optimized with the Yoast SEO plugin v27.2 - https:\/\/yoast.com\/product\/yoast-seo-wordpress\/ -->\n<title>\u0421\u0440\u0435\u0434\u0441\u0442\u0432\u043e \u0434\u043b\u044f \u0441\u0442\u0438\u0440\u043a\u0438 Toko Eco Textile Wash 250 ml - \u041c\u0430\u0433\u0430\u0437\u0438\u043d Xstyle<\/title>\n<meta name=\"description\" content=\"\u0421\u0440\u0435\u0434\u0441\u0442\u0432\u043e \u0434\u043b\u044f \u0441\u0442\u0438\u0440\u043a\u0438 Toko Eco Textile Wash 250 \u043c\u043b \u0438\u0434\u0435\u0430\u043b\u044c\u043d\u043e \u043f\u043e\u0434\u0445\u043e\u0434\u0438\u0442 \u0434\u043b\u044f \u0443\u0445\u043e\u0434\u0430 \u0437\u0430 \u043c\u0435\u043c\u0431\u0440\u0430\u043d\u043d\u044b\u043c\u0438 \u0442\u043a\u0430\u043d\u044f\u043c\u0438: GoreTex, Evapora \u0438 \u0434\u0440\u0443\u0433\u0438\u043c\u0438 \u0432\u044b\u0441\u043e\u043a\u043e\u0442\u0435\u0445\u043d\u043e\u043b\u043e\u0433\u0438\u0447\u043d\u044b\u043c\u0438 \u043c\u0430\u0442\u0435\u0440\u0438\u0430\u043b\u0430\u043c\u0438.\" \/>\n<meta name=\"robots\" content=\"index, follow, max-snippet:-1, max-image-preview:large, max-video-preview:-1\" \/>\n<link rel=\"canonical\" href=\"https:\/\/xstyle.md\/ro\/produs\/propitka-toko-textile-care-eco-textile-wash-250ml\/\" \/>\n<meta property=\"og:locale\" content=\"ro_RO\" \/>\n<meta property=\"og:type\" content=\"article\" \/>\n<meta property=\"og:title\" content=\"\u0421\u0440\u0435\u0434\u0441\u0442\u0432\u043e \u0434\u043b\u044f \u0441\u0442\u0438\u0440\u043a\u0438 Toko Eco Textile Wash 250 ml - \u041c\u0430\u0433\u0430\u0437\u0438\u043d Xstyle\" \/>\n<meta property=\"og:description\" content=\"\u0421\u0440\u0435\u0434\u0441\u0442\u0432\u043e \u0434\u043b\u044f \u0441\u0442\u0438\u0440\u043a\u0438 Toko Eco Textile Wash 250 \u043c\u043b \u0438\u0434\u0435\u0430\u043b\u044c\u043d\u043e \u043f\u043e\u0434\u0445\u043e\u0434\u0438\u0442 \u0434\u043b\u044f \u0443\u0445\u043e\u0434\u0430 \u0437\u0430 \u043c\u0435\u043c\u0431\u0440\u0430\u043d\u043d\u044b\u043c\u0438 \u0442\u043a\u0430\u043d\u044f\u043c\u0438: GoreTex, Evapora \u0438 \u0434\u0440\u0443\u0433\u0438\u043c\u0438 \u0432\u044b\u0441\u043e\u043a\u043e\u0442\u0435\u0445\u043d\u043e\u043b\u043e\u0433\u0438\u0447\u043d\u044b\u043c\u0438 \u043c\u0430\u0442\u0435\u0440\u0438\u0430\u043b\u0430\u043c\u0438.\" \/>\n<meta property=\"og:url\" content=\"https:\/\/xstyle.md\/ro\/produs\/propitka-toko-textile-care-eco-textile-wash-250ml\/\" \/>\n<meta property=\"og:site_name\" content=\"\u041c\u0430\u0433\u0430\u0437\u0438\u043d Xstyle\" \/>\n<meta property=\"article:publisher\" content=\"https:\/\/www.facebook.com\/xstylemd\" \/>\n<meta property=\"article:modified_time\" content=\"2026-01-27T12:54:02+00:00\" \/>\n<meta property=\"og:image\" content=\"https:\/\/xstyle.md\/wp-content\/uploads\/2020\/07\/toko-eco-textile-wash-250-ml.jpg\" \/>\n\t<meta property=\"og:image:width\" content=\"550\" \/>\n\t<meta property=\"og:image:height\" content=\"568\" \/>\n\t<meta property=\"og:image:type\" content=\"image\/jpeg\" \/>\n<meta name=\"twitter:card\" content=\"summary_large_image\" \/>\n<meta name=\"twitter:label1\" content=\"Pre\u021b\" \/>\n\t<meta name=\"twitter:data1\" content=\"275&nbsp;MDL\" \/>\n\t<meta name=\"twitter:label2\" content=\"Disponibilitate\" \/>\n\t<meta name=\"twitter:data2\" content=\"\u00cen stoc\" \/>\n<script type=\"application\/ld+json\" class=\"yoast-schema-graph\">{\"@context\":\"https:\/\/schema.org\",\"@graph\":[{\"@type\":\"WebPage\",\"@id\":\"https:\/\/xstyle.md\/product\/propitka-toko-textile-care-eco-textile-wash-250ml\/\",\"url\":\"https:\/\/xstyle.md\/product\/propitka-toko-textile-care-eco-textile-wash-250ml\/\",\"name\":\"\u0421\u0440\u0435\u0434\u0441\u0442\u0432\u043e \u0434\u043b\u044f \u0441\u0442\u0438\u0440\u043a\u0438 Toko Eco Textile Wash 250 ml - \u041c\u0430\u0433\u0430\u0437\u0438\u043d Xstyle\",\"isPartOf\":{\"@id\":\"https:\/\/xstyle.md\/#website\"},\"primaryImageOfPage\":{\"@id\":\"https:\/\/xstyle.md\/product\/propitka-toko-textile-care-eco-textile-wash-250ml\/#primaryimage\"},\"image\":{\"@id\":\"https:\/\/xstyle.md\/product\/propitka-toko-textile-care-eco-textile-wash-250ml\/#primaryimage\"},\"thumbnailUrl\":\"https:\/\/xstyle.md\/wp-content\/uploads\/2020\/07\/toko-eco-textile-wash-250-ml.jpg\",\"datePublished\":\"2020-07-16T17:05:50+00:00\",\"dateModified\":\"2026-01-27T12:54:02+00:00\",\"description\":\"\u0421\u0440\u0435\u0434\u0441\u0442\u0432\u043e \u0434\u043b\u044f \u0441\u0442\u0438\u0440\u043a\u0438 Toko Eco Textile Wash 250 \u043c\u043b \u0438\u0434\u0435\u0430\u043b\u044c\u043d\u043e \u043f\u043e\u0434\u0445\u043e\u0434\u0438\u0442 \u0434\u043b\u044f \u0443\u0445\u043e\u0434\u0430 \u0437\u0430 \u043c\u0435\u043c\u0431\u0440\u0430\u043d\u043d\u044b\u043c\u0438 \u0442\u043a\u0430\u043d\u044f\u043c\u0438: GoreTex, Evapora \u0438 \u0434\u0440\u0443\u0433\u0438\u043c\u0438 \u0432\u044b\u0441\u043e\u043a\u043e\u0442\u0435\u0445\u043d\u043e\u043b\u043e\u0433\u0438\u0447\u043d\u044b\u043c\u0438 \u043c\u0430\u0442\u0435\u0440\u0438\u0430\u043b\u0430\u043c\u0438.\",\"breadcrumb\":{\"@id\":\"https:\/\/xstyle.md\/product\/propitka-toko-textile-care-eco-textile-wash-250ml\/#breadcrumb\"},\"inLanguage\":\"ro-RO\",\"potentialAction\":[{\"@type\":\"ReadAction\",\"target\":[\"https:\/\/xstyle.md\/product\/propitka-toko-textile-care-eco-textile-wash-250ml\/\"]}]},{\"@type\":\"ImageObject\",\"inLanguage\":\"ro-RO\",\"@id\":\"https:\/\/xstyle.md\/product\/propitka-toko-textile-care-eco-textile-wash-250ml\/#primaryimage\",\"url\":\"https:\/\/xstyle.md\/wp-content\/uploads\/2020\/07\/toko-eco-textile-wash-250-ml.jpg\",\"contentUrl\":\"https:\/\/xstyle.md\/wp-content\/uploads\/2020\/07\/toko-eco-textile-wash-250-ml.jpg\",\"width\":550,\"height\":568,\"caption\":\"\u042d\u043a\u043e\u043c\u043e\u044e\u0449\u0435\u0435 \u0441\u0440\u0435\u0434\u0441\u0442\u0432\u043e \u0434\u043b\u044f \u043e\u0434\u0435\u0436\u0434\u044b \u0438 \u043e\u0431\u0443\u0432\u0438 \u0434\u043b\u044f \u0430\u043a\u0442\u0438\u0432\u043d\u043e\u0433\u043e \u043e\u0442\u0434\u044b\u0445\u0430, \u0438\u0434\u0435\u0430\u043b\u044c\u043d\u043e \u043f\u043e\u0434\u0445\u043e\u0434\u0438\u0442 \u0434\u043b\u044f \u0433\u043e\u0440\u043d\u044b\u0445 \u043f\u0440\u043e\u0433\u0443\u043b\u043e\u043a \u0438 \u043f\u0443\u0442\u0435\u0448\u0435\u0441\u0442\u0432\u0438\u0439, 250 \u043c\u043b.\"},{\"@type\":\"BreadcrumbList\",\"@id\":\"https:\/\/xstyle.md\/product\/propitka-toko-textile-care-eco-textile-wash-250ml\/#breadcrumb\",\"itemListElement\":[{\"@type\":\"ListItem\",\"position\":1,\"name\":\"\u0413\u043b\u0430\u0432\u043d\u0430\u044f \u0441\u0442\u0440\u0430\u043d\u0438\u0446\u0430\",\"item\":\"https:\/\/xstyle.md\/\"},{\"@type\":\"ListItem\",\"position\":2,\"name\":\"\u041c\u0430\u0433\u0430\u0437\u0438\u043d\",\"item\":\"https:\/\/xstyle.md\/shop\/\"},{\"@type\":\"ListItem\",\"position\":3,\"name\":\"\u0421\u0440\u0435\u0434\u0441\u0442\u0432\u043e \u0434\u043b\u044f \u0441\u0442\u0438\u0440\u043a\u0438 Toko Eco Textile Wash 250 ml\"}]},{\"@type\":\"WebSite\",\"@id\":\"https:\/\/xstyle.md\/#website\",\"url\":\"https:\/\/xstyle.md\/\",\"name\":\"\u041c\u0430\u0433\u0430\u0437\u0438\u043d Xstyle\",\"description\":\"C\u043d\u0430\u0440\u044f\u0436\u0435\u043d\u0438\u0435 \u0434\u043b\u044f \u0442\u0443\u0440\u0438\u0437\u043c\u0430 \u0438 \u044d\u043a\u0441\u0442\u0440\u0435\u043c\u0430\u043b\u044c\u043d\u044b\u0445 \u0432\u0438\u0434\u043e\u0432 \u0441\u043f\u043e\u0440\u0442\u0430 \u0432 \u041c\u043e\u043b\u0434\u043e\u0432\u0435.. \u0426\u0435\u043d\u044b, \u0444\u043e\u0442\u043e, \u0445\u0430\u0440\u0430\u043a\u0442\u0435\u0440\u0438\u0441\u0442\u0438\u043a\u0438 \u0432 \u041c\u043e\u043b\u0434\u043e\u0432\u0435.\",\"publisher\":{\"@id\":\"https:\/\/xstyle.md\/#organization\"},\"alternateName\":\"X-Style\",\"potentialAction\":[{\"@type\":\"SearchAction\",\"target\":{\"@type\":\"EntryPoint\",\"urlTemplate\":\"https:\/\/xstyle.md\/?s={search_term_string}\"},\"query-input\":{\"@type\":\"PropertyValueSpecification\",\"valueRequired\":true,\"valueName\":\"search_term_string\"}}],\"inLanguage\":\"ro-RO\"},{\"@type\":\"Organization\",\"@id\":\"https:\/\/xstyle.md\/#organization\",\"name\":\"\u041c\u0430\u0433\u0430\u0437\u0438\u043d Xstyle\",\"alternateName\":\"x-style\",\"url\":\"https:\/\/xstyle.md\/\",\"logo\":{\"@type\":\"ImageObject\",\"inLanguage\":\"ro-RO\",\"@id\":\"https:\/\/xstyle.md\/#\/schema\/logo\/image\/\",\"url\":\"https:\/\/xstyle.md\/wp-content\/uploads\/2020\/06\/logoicon.svg\",\"contentUrl\":\"https:\/\/xstyle.md\/wp-content\/uploads\/2020\/06\/logoicon.svg\",\"caption\":\"\u041c\u0430\u0433\u0430\u0437\u0438\u043d Xstyle\"},\"image\":{\"@id\":\"https:\/\/xstyle.md\/#\/schema\/logo\/image\/\"},\"sameAs\":[\"https:\/\/www.facebook.com\/xstylemd\",\"https:\/\/www.instagram.com\/xstyle_md\/\",\"https:\/\/t.me\/xstyle_outdoor\"],\"hasMerchantReturnPolicy\":{\"@type\":\"MerchantReturnPolicy\",\"merchantReturnLink\":\"https:\/\/xstyle.md\/ro\/conditions\/\"}}]}<\/script>\n<meta property=\"product:price:amount\" content=\"275.00\" \/>\n<meta property=\"product:price:currency\" content=\"MDL\" \/>\n<meta property=\"og:availability\" content=\"instock\" \/>\n<meta property=\"product:availability\" content=\"instock\" \/>\n<meta property=\"product:retailer_item_id\" content=\"4250423602770\" \/>\n<meta property=\"product:condition\" content=\"new\" \/>\n<!-- \/ Yoast SEO plugin. -->","yoast_head_json":{"title":"Impregnare Toko Care Eco Textile Wash 250 ml - Magazin Xstyle","description":"Detergentul Toko Eco Textile Wash 250 ml este ideal pentru \u00eentre\u021binerea \u021bes\u0103turilor membrane: GoreTex, Evapora \u0219i alte materiale de \u00eenalt\u0103 tehnologie.","robots":{"index":"index","follow":"follow","max-snippet":"max-snippet:-1","max-image-preview":"max-image-preview:large","max-video-preview":"max-video-preview:-1"},"canonical":"https:\/\/xstyle.md\/ro\/produs\/propitka-toko-textile-care-eco-textile-wash-250ml\/","og_locale":"ro_RO","og_type":"article","og_title":"\u0421\u0440\u0435\u0434\u0441\u0442\u0432\u043e \u0434\u043b\u044f \u0441\u0442\u0438\u0440\u043a\u0438 Toko Eco Textile Wash 250 ml - \u041c\u0430\u0433\u0430\u0437\u0438\u043d Xstyle","og_description":"\u0421\u0440\u0435\u0434\u0441\u0442\u0432\u043e \u0434\u043b\u044f \u0441\u0442\u0438\u0440\u043a\u0438 Toko Eco Textile Wash 250 \u043c\u043b \u0438\u0434\u0435\u0430\u043b\u044c\u043d\u043e \u043f\u043e\u0434\u0445\u043e\u0434\u0438\u0442 \u0434\u043b\u044f \u0443\u0445\u043e\u0434\u0430 \u0437\u0430 \u043c\u0435\u043c\u0431\u0440\u0430\u043d\u043d\u044b\u043c\u0438 \u0442\u043a\u0430\u043d\u044f\u043c\u0438: GoreTex, Evapora \u0438 \u0434\u0440\u0443\u0433\u0438\u043c\u0438 \u0432\u044b\u0441\u043e\u043a\u043e\u0442\u0435\u0445\u043d\u043e\u043b\u043e\u0433\u0438\u0447\u043d\u044b\u043c\u0438 \u043c\u0430\u0442\u0435\u0440\u0438\u0430\u043b\u0430\u043c\u0438.","og_url":"https:\/\/xstyle.md\/ro\/produs\/propitka-toko-textile-care-eco-textile-wash-250ml\/","og_site_name":"\u041c\u0430\u0433\u0430\u0437\u0438\u043d Xstyle","article_publisher":"https:\/\/www.facebook.com\/xstylemd","article_modified_time":"2026-01-27T12:54:02+00:00","og_image":[{"width":550,"height":568,"url":"https:\/\/xstyle.md\/wp-content\/uploads\/2020\/07\/toko-eco-textile-wash-250-ml.jpg","type":"image\/jpeg"}],"twitter_card":"summary_large_image","twitter_misc":{"Pre\u021b":"275&nbsp;MDL","Disponibilitate":"\u00cen stoc"},"schema":{"@context":"https:\/\/schema.org","@graph":[{"@type":"WebPage","@id":"https:\/\/xstyle.md\/product\/propitka-toko-textile-care-eco-textile-wash-250ml\/","url":"https:\/\/xstyle.md\/product\/propitka-toko-textile-care-eco-textile-wash-250ml\/","name":"Impregnare Toko Care Eco Textile Wash 250 ml - Magazin Xstyle","isPartOf":{"@id":"https:\/\/xstyle.md\/#website"},"primaryImageOfPage":{"@id":"https:\/\/xstyle.md\/product\/propitka-toko-textile-care-eco-textile-wash-250ml\/#primaryimage"},"image":{"@id":"https:\/\/xstyle.md\/product\/propitka-toko-textile-care-eco-textile-wash-250ml\/#primaryimage"},"thumbnailUrl":"https:\/\/xstyle.md\/wp-content\/uploads\/2020\/07\/toko-eco-textile-wash-250-ml.jpg","datePublished":"2020-07-16T17:05:50+00:00","dateModified":"2026-01-27T12:54:02+00:00","description":"Detergentul Toko Eco Textile Wash 250 ml este ideal pentru \u00eentre\u021binerea \u021bes\u0103turilor membrane: GoreTex, Evapora \u0219i alte materiale de \u00eenalt\u0103 tehnologie.","breadcrumb":{"@id":"https:\/\/xstyle.md\/product\/propitka-toko-textile-care-eco-textile-wash-250ml\/#breadcrumb"},"inLanguage":"ro-RO","potentialAction":[{"@type":"ReadAction","target":["https:\/\/xstyle.md\/product\/propitka-toko-textile-care-eco-textile-wash-250ml\/"]}]},{"@type":"ImageObject","inLanguage":"ro-RO","@id":"https:\/\/xstyle.md\/product\/propitka-toko-textile-care-eco-textile-wash-250ml\/#primaryimage","url":"https:\/\/xstyle.md\/wp-content\/uploads\/2020\/07\/toko-eco-textile-wash-250-ml.jpg","contentUrl":"https:\/\/xstyle.md\/wp-content\/uploads\/2020\/07\/toko-eco-textile-wash-250-ml.jpg","width":550,"height":568,"caption":"\u042d\u043a\u043e\u043c\u043e\u044e\u0449\u0435\u0435 \u0441\u0440\u0435\u0434\u0441\u0442\u0432\u043e \u0434\u043b\u044f \u043e\u0434\u0435\u0436\u0434\u044b \u0438 \u043e\u0431\u0443\u0432\u0438 \u0434\u043b\u044f \u0430\u043a\u0442\u0438\u0432\u043d\u043e\u0433\u043e \u043e\u0442\u0434\u044b\u0445\u0430, \u0438\u0434\u0435\u0430\u043b\u044c\u043d\u043e \u043f\u043e\u0434\u0445\u043e\u0434\u0438\u0442 \u0434\u043b\u044f \u0433\u043e\u0440\u043d\u044b\u0445 \u043f\u0440\u043e\u0433\u0443\u043b\u043e\u043a \u0438 \u043f\u0443\u0442\u0435\u0448\u0435\u0441\u0442\u0432\u0438\u0439, 250 \u043c\u043b."},{"@type":"BreadcrumbList","@id":"https:\/\/xstyle.md\/product\/propitka-toko-textile-care-eco-textile-wash-250ml\/#breadcrumb","itemListElement":[{"@type":"ListItem","position":1,"name":"\u0413\u043b\u0430\u0432\u043d\u0430\u044f \u0441\u0442\u0440\u0430\u043d\u0438\u0446\u0430","item":"https:\/\/xstyle.md\/"},{"@type":"ListItem","position":2,"name":"\u041c\u0430\u0433\u0430\u0437\u0438\u043d","item":"https:\/\/xstyle.md\/shop\/"},{"@type":"ListItem","position":3,"name":"\u0421\u0440\u0435\u0434\u0441\u0442\u0432\u043e \u0434\u043b\u044f \u0441\u0442\u0438\u0440\u043a\u0438 Toko Eco Textile Wash 250 ml"}]},{"@type":"WebSite","@id":"https:\/\/xstyle.md\/#website","url":"https:\/\/xstyle.md\/","name":"Magazinul X-Style","description":"Echipamente pentru turism \u0219i sporturi extreme \u00een Moldova. Pre\u021buri, fotografii, caracteristici \u00een Moldova.","publisher":{"@id":"https:\/\/xstyle.md\/#organization"},"alternateName":"X-Style","potentialAction":[{"@type":"SearchAction","target":{"@type":"EntryPoint","urlTemplate":"https:\/\/xstyle.md\/?s={search_term_string}"},"query-input":{"@type":"PropertyValueSpecification","valueRequired":true,"valueName":"search_term_string"}}],"inLanguage":"ro-RO"},{"@type":"Organization","@id":"https:\/\/xstyle.md\/#organization","name":"Magazinul X-Style","alternateName":"x-style","url":"https:\/\/xstyle.md\/","logo":{"@type":"ImageObject","inLanguage":"ro-RO","@id":"https:\/\/xstyle.md\/#\/schema\/logo\/image\/","url":"https:\/\/xstyle.md\/wp-content\/uploads\/2020\/06\/logoicon.svg","contentUrl":"https:\/\/xstyle.md\/wp-content\/uploads\/2020\/06\/logoicon.svg","caption":"\u041c\u0430\u0433\u0430\u0437\u0438\u043d Xstyle"},"image":{"@id":"https:\/\/xstyle.md\/#\/schema\/logo\/image\/"},"sameAs":["https:\/\/www.facebook.com\/xstylemd","https:\/\/www.instagram.com\/xstyle_md\/","https:\/\/t.me\/xstyle_outdoor"],"hasMerchantReturnPolicy":{"@type":"MerchantReturnPolicy","merchantReturnLink":"https:\/\/xstyle.md\/ro\/conditions\/"}}]},"product_price_amount":"275.00","product_price_currency":"MDL","og_availability":"instock","product_availability":"instock","product_retailer_item_id":"4250423602770","product_condition":"new"},"post_mailing_queue_ids":[],"_links":{"self":[{"href":"https:\/\/xstyle.md\/ro\/wp-json\/wp\/v2\/product\/4779","targetHints":{"allow":["GET"]}}],"collection":[{"href":"https:\/\/xstyle.md\/ro\/wp-json\/wp\/v2\/product"}],"about":[{"href":"https:\/\/xstyle.md\/ro\/wp-json\/wp\/v2\/types\/product"}],"replies":[{"embeddable":true,"href":"https:\/\/xstyle.md\/ro\/wp-json\/wp\/v2\/comments?post=4779"}],"wp:featuredmedia":[{"embeddable":true,"href":"https:\/\/xstyle.md\/ro\/wp-json\/wp\/v2\/media\/87445"}],"wp:attachment":[{"href":"https:\/\/xstyle.md\/ro\/wp-json\/wp\/v2\/media?parent=4779"}],"wp:term":[{"taxonomy":"product_brand","embeddable":true,"href":"https:\/\/xstyle.md\/ro\/wp-json\/wp\/v2\/product_brand?post=4779"},{"taxonomy":"product_cat","embeddable":true,"href":"https:\/\/xstyle.md\/ro\/wp-json\/wp\/v2\/product_cat?post=4779"},{"taxonomy":"product_tag","embeddable":true,"href":"https:\/\/xstyle.md\/ro\/wp-json\/wp\/v2\/product_tag?post=4779"}],"curies":[{"name":"wp","href":"https:\/\/api.w.org\/{rel}","templated":true}]}}