{"id":4775,"date":"2020-07-16T20:05:40","date_gmt":"2020-07-16T17:05:40","guid":{"rendered":"https:\/\/xstyle.md\/product\/propitka-toko-eco-shoe-proof-care-500ml"},"modified":"2026-01-27T15:49:49","modified_gmt":"2026-01-27T12:49:49","slug":"propitka-toko-eco-shoe-proof-care-500ml","status":"publish","type":"product","link":"https:\/\/xstyle.md\/ro\/produs\/propitka-toko-eco-shoe-proof-care-500ml\/","title":{"rendered":"Impregnare Toko Eco Shoe Proof Care 500ml"},"content":{"rendered":"<\/p>\n<p>Impregnare\u00a0<strong>Toko Eco Shoe Proof Care\u00a0<\/strong>&#8212; o impregnare ecologic\u0103, hidrofug\u0103, pentru \u00eengrijirea incaltamintei de sport \u0219i de drume\u021bie. Protejeaz\u0103 \u00eempotriva umezelii \u0219i a murd\u0103riei pe tot parcursul zilei, p\u0103str\u00e2nd \u00een acela\u0219i timp respirabilitatea materialelor \u00eenc\u0103l\u021b\u0103mintei. Se absoarbe foarte repede \u0219i nu las\u0103 urme pe incaltamintea. Nu numai c\u0103 v\u0103 va proteja picioarele de umezeal\u0103, dar va prelungi \u0219i durata de via\u021b\u0103 a incaltamintei.<\/p>\n<h3><strong>Particularit\u0103\u021bi\u00a0<\/strong><\/h3>\n<ul>\n<li>Face ca pielea \u0219i \u021bes\u0103turile s\u0103 fie rezistente la murd\u0103rie \u0219i ap\u0103.<\/li>\n<li>P\u0103streaz\u0103 propriet\u0103\u021bile de respirabilitate ale \u021bes\u0103turilor moderne cu membran\u0103 (de exemplu, Gore-TEX).<\/li>\n<li>Foarte eficient datorit\u0103 celor mai recente progrese \u0219tiin\u021bifice.<\/li>\n<li>Nutrien\u021bi speciali men\u021bin elasticitatea \u021besutului exterior.<\/li>\n<li>Spray ecologic, f\u0103r\u0103 utilizarea de gaz comprimat.<\/li>\n<li>Nu con\u021bine fluorocarbon.<\/li>\n<li>Degradabil din punct de vedere biologic.<\/li>\n<li>Nu deterioreaz\u0103 incaltamintea \u0219i \u021bes\u0103turile.<\/li>\n<\/ul>\n<h3>Aplicatie<\/h3>\n<ul>\n<li>Utiliza\u021bi spray-ul \u00eentr-o \u00eenc\u0103pere bine ventilat\u0103 sau \u00een aer liber.<\/li>\n<li>\u021aine\u021bi-l pe vertical\u0103, cu pulverizatorul \u00een sus.<\/li>\n<li>Aplica\u021bi spray-ul pe suprafa\u021ba exterioar\u0103 uscat\u0103 \u0219i curat\u0103 a pantofului, printr-o mi\u0219care lent\u0103 \u0219i uniform\u0103, de la o distan\u021b\u0103 de aproximativ 20 cm.<\/li>\n<li>L\u0103sa\u021bi-l s\u0103 se usuce complet.<\/li>\n<li>Spray-ul \u00ee\u0219i va face efectul dup\u0103 4 ore.<\/li>\n<\/ul>\n<h3>Contraindica\u021bii<\/h3>\n<ul>\n<li>Evita\u021bi contactul cu ochii.<\/li>\n<li>Nu se administreaz\u0103 intern.<\/li>\n<li>Nu pulveriza\u021bi pe picioare.<\/li>\n<li>Nu pulveriza\u021bi pe o flac\u0103r\u0103 deschis\u0103 sau pe orice material incandescent.<\/li>\n<li>\u021aine\u021bi departe de sursele de aprindere &#8212; nu fuma\u021bi \u00een apropiere.<\/li>\n<li>A nu se p\u0103stra la \u00eendem\u00e2na copiilor.<\/li>\n<\/ul>\n<p>\n<p><iframe loading=\"lazy\" title=\"TOKO Eco Shoe Proof &amp; Care\" width=\"640\" height=\"360\" src=\"https:\/\/www.youtube.com\/embed\/fc1LSnBtBGk?feature=oembed\" frameborder=\"0\" allow=\"accelerometer; autoplay; clipboard-write; encrypted-media; gyroscope; picture-in-picture; web-share\" referrerpolicy=\"strict-origin-when-cross-origin\" allowfullscreen><\/iframe><\/p>","protected":false},"excerpt":{"rendered":"<p>Impregnare Toko Eco Shoe Proof Care 500ml<\/p>","protected":false},"featured_media":87442,"comment_status":"open","ping_status":"closed","template":"","meta":{"_acf_changed":false,"inline_featured_image":false},"product_brand":[1340],"product_cat":[481],"product_tag":[],"class_list":{"0":"post-4775","1":"product","2":"type-product","3":"status-publish","4":"has-post-thumbnail","6":"product_brand-toko","7":"product_cat-uhod-za-obuviu","9":"first","10":"instock","11":"shipping-taxable","12":"purchasable","13":"product-type-simple"},"acf":[],"yoast_head":"<!-- This site is optimized with the Yoast SEO plugin v27.4 - https:\/\/yoast.com\/product\/yoast-seo-wordpress\/ -->\n<title>\u041f\u0440\u043e\u043f\u0438\u0442\u043a\u0430 Toko Eco Shoe Proof Care 500ml - \u041c\u0430\u0433\u0430\u0437\u0438\u043d Xstyle<\/title>\n<meta name=\"description\" content=\"\u041f\u0440\u043e\u043f\u0438\u0442\u043a\u0430 Toko Eco Shoe Proof Care 500ml \u043e\u0431\u0435\u0441\u043f\u0435\u0447\u0438\u0432\u0430\u0435\u0442 \u0437\u0430\u0449\u0438\u0442\u0443 \u043e\u0442 \u0432\u043b\u0430\u0433\u0438 \u0438 \u0433\u0440\u044f\u0437\u0438 \u0434\u043b\u044f \u043e\u0431\u0443\u0432\u0438, \u0441\u043e\u0445\u0440\u0430\u043d\u044f\u044f \u043f\u0440\u0438 \u044d\u0442\u043e\u043c \u0435\u0435 \u0434\u044b\u0448\u0430\u0449\u0438\u0435 \u0441\u0432\u043e\u0439\u0441\u0442\u0432\u0430.\" \/>\n<meta name=\"robots\" content=\"index, follow, max-snippet:-1, max-image-preview:large, max-video-preview:-1\" \/>\n<link rel=\"canonical\" href=\"https:\/\/xstyle.md\/ro\/produs\/propitka-toko-eco-shoe-proof-care-500ml\/\" \/>\n<meta property=\"og:locale\" content=\"ro_RO\" \/>\n<meta property=\"og:type\" content=\"article\" \/>\n<meta property=\"og:title\" content=\"\u041f\u0440\u043e\u043f\u0438\u0442\u043a\u0430 Toko Eco Shoe Proof Care 500ml - \u041c\u0430\u0433\u0430\u0437\u0438\u043d Xstyle\" \/>\n<meta property=\"og:description\" content=\"\u041f\u0440\u043e\u043f\u0438\u0442\u043a\u0430 Toko Eco Shoe Proof Care 500ml \u043e\u0431\u0435\u0441\u043f\u0435\u0447\u0438\u0432\u0430\u0435\u0442 \u0437\u0430\u0449\u0438\u0442\u0443 \u043e\u0442 \u0432\u043b\u0430\u0433\u0438 \u0438 \u0433\u0440\u044f\u0437\u0438 \u0434\u043b\u044f \u043e\u0431\u0443\u0432\u0438, \u0441\u043e\u0445\u0440\u0430\u043d\u044f\u044f \u043f\u0440\u0438 \u044d\u0442\u043e\u043c \u0435\u0435 \u0434\u044b\u0448\u0430\u0449\u0438\u0435 \u0441\u0432\u043e\u0439\u0441\u0442\u0432\u0430.\" \/>\n<meta property=\"og:url\" content=\"https:\/\/xstyle.md\/ro\/produs\/propitka-toko-eco-shoe-proof-care-500ml\/\" \/>\n<meta property=\"og:site_name\" content=\"\u041c\u0430\u0433\u0430\u0437\u0438\u043d Xstyle\" \/>\n<meta property=\"article:publisher\" content=\"https:\/\/www.facebook.com\/xstylemd\" \/>\n<meta property=\"article:modified_time\" content=\"2026-01-27T12:49:49+00:00\" \/>\n<meta property=\"og:image\" content=\"https:\/\/xstyle.md\/wp-content\/uploads\/2020\/07\/toko-eco-shoe-proof-care-500ml.jpg\" \/>\n\t<meta property=\"og:image:width\" content=\"1420\" \/>\n\t<meta property=\"og:image:height\" content=\"1396\" \/>\n\t<meta property=\"og:image:type\" content=\"image\/jpeg\" \/>\n<meta name=\"twitter:card\" content=\"summary_large_image\" \/>\n<meta name=\"twitter:label1\" content=\"Pre\u021b\" \/>\n\t<meta name=\"twitter:data1\" content=\"395&nbsp;MDL\" \/>\n\t<meta name=\"twitter:label2\" content=\"Disponibilitate\" \/>\n\t<meta name=\"twitter:data2\" content=\"\u00cen stoc\" \/>\n<script type=\"application\/ld+json\" class=\"yoast-schema-graph\">{\"@context\":\"https:\\\/\\\/schema.org\",\"@graph\":[{\"@type\":\"WebPage\",\"@id\":\"https:\\\/\\\/xstyle.md\\\/product\\\/propitka-toko-eco-shoe-proof-care-500ml\\\/\",\"url\":\"https:\\\/\\\/xstyle.md\\\/product\\\/propitka-toko-eco-shoe-proof-care-500ml\\\/\",\"name\":\"\u041f\u0440\u043e\u043f\u0438\u0442\u043a\u0430 Toko Eco Shoe Proof Care 500ml - \u041c\u0430\u0433\u0430\u0437\u0438\u043d Xstyle\",\"isPartOf\":{\"@id\":\"https:\\\/\\\/xstyle.md\\\/#website\"},\"primaryImageOfPage\":{\"@id\":\"https:\\\/\\\/xstyle.md\\\/product\\\/propitka-toko-eco-shoe-proof-care-500ml\\\/#primaryimage\"},\"image\":{\"@id\":\"https:\\\/\\\/xstyle.md\\\/product\\\/propitka-toko-eco-shoe-proof-care-500ml\\\/#primaryimage\"},\"thumbnailUrl\":\"https:\\\/\\\/xstyle.md\\\/wp-content\\\/uploads\\\/2020\\\/07\\\/toko-eco-shoe-proof-care-500ml.jpg\",\"datePublished\":\"2020-07-16T17:05:40+00:00\",\"dateModified\":\"2026-01-27T12:49:49+00:00\",\"description\":\"\u041f\u0440\u043e\u043f\u0438\u0442\u043a\u0430 Toko Eco Shoe Proof Care 500ml \u043e\u0431\u0435\u0441\u043f\u0435\u0447\u0438\u0432\u0430\u0435\u0442 \u0437\u0430\u0449\u0438\u0442\u0443 \u043e\u0442 \u0432\u043b\u0430\u0433\u0438 \u0438 \u0433\u0440\u044f\u0437\u0438 \u0434\u043b\u044f \u043e\u0431\u0443\u0432\u0438, \u0441\u043e\u0445\u0440\u0430\u043d\u044f\u044f \u043f\u0440\u0438 \u044d\u0442\u043e\u043c \u0435\u0435 \u0434\u044b\u0448\u0430\u0449\u0438\u0435 \u0441\u0432\u043e\u0439\u0441\u0442\u0432\u0430.\",\"breadcrumb\":{\"@id\":\"https:\\\/\\\/xstyle.md\\\/product\\\/propitka-toko-eco-shoe-proof-care-500ml\\\/#breadcrumb\"},\"inLanguage\":\"ro-RO\",\"potentialAction\":[{\"@type\":\"ReadAction\",\"target\":[\"https:\\\/\\\/xstyle.md\\\/product\\\/propitka-toko-eco-shoe-proof-care-500ml\\\/\"]}]},{\"@type\":\"ImageObject\",\"inLanguage\":\"ro-RO\",\"@id\":\"https:\\\/\\\/xstyle.md\\\/product\\\/propitka-toko-eco-shoe-proof-care-500ml\\\/#primaryimage\",\"url\":\"https:\\\/\\\/xstyle.md\\\/wp-content\\\/uploads\\\/2020\\\/07\\\/toko-eco-shoe-proof-care-500ml.jpg\",\"contentUrl\":\"https:\\\/\\\/xstyle.md\\\/wp-content\\\/uploads\\\/2020\\\/07\\\/toko-eco-shoe-proof-care-500ml.jpg\",\"width\":1420,\"height\":1396,\"caption\":\"\u0421\u0440\u0435\u0434\u0441\u0442\u0432\u043e \u0434\u043b\u044f \u0443\u0445\u043e\u0434\u0430 \u0437\u0430 \u043e\u0431\u0443\u0432\u044c\u044e Toko Eco Shoe Proof, 500 \u043c\u043b, \u0438\u0434\u0435\u0430\u043b\u044c\u043d\u043e \u043f\u043e\u0434\u0445\u043e\u0434\u0438\u0442 \u0434\u043b\u044f \u0437\u0430\u0449\u0438\u0442\u044b \u0430\u043a\u0442\u0438\u0432\u043d\u043e\u0439 \u043e\u0431\u0443\u0432\u0438 \u0434\u043b\u044f \u0442\u0443\u0440\u0438\u0437\u043c\u0430, \u0430\u043b\u044c\u043f\u0438\u043d\u0438\u0437\u043c\u0430 \u0438 \u043f\u0443\u0442\u0435\u0448\u0435\u0441\u0442\u0432\u0438\u0439.\"},{\"@type\":\"BreadcrumbList\",\"@id\":\"https:\\\/\\\/xstyle.md\\\/product\\\/propitka-toko-eco-shoe-proof-care-500ml\\\/#breadcrumb\",\"itemListElement\":[{\"@type\":\"ListItem\",\"position\":1,\"name\":\"\u0413\u043b\u0430\u0432\u043d\u0430\u044f \u0441\u0442\u0440\u0430\u043d\u0438\u0446\u0430\",\"item\":\"https:\\\/\\\/xstyle.md\\\/\"},{\"@type\":\"ListItem\",\"position\":2,\"name\":\"\u041c\u0430\u0433\u0430\u0437\u0438\u043d\",\"item\":\"https:\\\/\\\/xstyle.md\\\/shop\\\/\"},{\"@type\":\"ListItem\",\"position\":3,\"name\":\"\u041f\u0440\u043e\u043f\u0438\u0442\u043a\u0430 Toko Eco Shoe Proof Care 500ml\"}]},{\"@type\":\"WebSite\",\"@id\":\"https:\\\/\\\/xstyle.md\\\/#website\",\"url\":\"https:\\\/\\\/xstyle.md\\\/\",\"name\":\"\u041c\u0430\u0433\u0430\u0437\u0438\u043d Xstyle\",\"description\":\"C\u043d\u0430\u0440\u044f\u0436\u0435\u043d\u0438\u0435 \u0434\u043b\u044f \u0442\u0443\u0440\u0438\u0437\u043c\u0430 \u0438 \u044d\u043a\u0441\u0442\u0440\u0435\u043c\u0430\u043b\u044c\u043d\u044b\u0445 \u0432\u0438\u0434\u043e\u0432 \u0441\u043f\u043e\u0440\u0442\u0430 \u0432 \u041c\u043e\u043b\u0434\u043e\u0432\u0435.. \u0426\u0435\u043d\u044b, \u0444\u043e\u0442\u043e, \u0445\u0430\u0440\u0430\u043a\u0442\u0435\u0440\u0438\u0441\u0442\u0438\u043a\u0438 \u0432 \u041c\u043e\u043b\u0434\u043e\u0432\u0435.\",\"publisher\":{\"@id\":\"https:\\\/\\\/xstyle.md\\\/#organization\"},\"alternateName\":\"X-Style\",\"potentialAction\":[{\"@type\":\"SearchAction\",\"target\":{\"@type\":\"EntryPoint\",\"urlTemplate\":\"https:\\\/\\\/xstyle.md\\\/?s={search_term_string}\"},\"query-input\":{\"@type\":\"PropertyValueSpecification\",\"valueRequired\":true,\"valueName\":\"search_term_string\"}}],\"inLanguage\":\"ro-RO\"},{\"@type\":\"Organization\",\"@id\":\"https:\\\/\\\/xstyle.md\\\/#organization\",\"name\":\"\u041c\u0430\u0433\u0430\u0437\u0438\u043d Xstyle\",\"alternateName\":\"x-style\",\"url\":\"https:\\\/\\\/xstyle.md\\\/\",\"logo\":{\"@type\":\"ImageObject\",\"inLanguage\":\"ro-RO\",\"@id\":\"https:\\\/\\\/xstyle.md\\\/#\\\/schema\\\/logo\\\/image\\\/\",\"url\":\"https:\\\/\\\/xstyle.md\\\/wp-content\\\/uploads\\\/2020\\\/06\\\/logoicon.svg\",\"contentUrl\":\"https:\\\/\\\/xstyle.md\\\/wp-content\\\/uploads\\\/2020\\\/06\\\/logoicon.svg\",\"caption\":\"\u041c\u0430\u0433\u0430\u0437\u0438\u043d Xstyle\"},\"image\":{\"@id\":\"https:\\\/\\\/xstyle.md\\\/#\\\/schema\\\/logo\\\/image\\\/\"},\"sameAs\":[\"https:\\\/\\\/www.facebook.com\\\/xstylemd\",\"https:\\\/\\\/www.instagram.com\\\/xstyle_md\\\/\",\"https:\\\/\\\/t.me\\\/xstyle_outdoor\"],\"hasMerchantReturnPolicy\":{\"@type\":\"MerchantReturnPolicy\",\"merchantReturnLink\":\"https:\\\/\\\/xstyle.md\\\/ro\\\/conditions\\\/\"}}]}<\/script>\n<meta property=\"product:price:amount\" content=\"395.00\" \/>\n<meta property=\"product:price:currency\" content=\"MDL\" \/>\n<meta property=\"og:availability\" content=\"instock\" \/>\n<meta property=\"product:availability\" content=\"instock\" \/>\n<meta property=\"product:retailer_item_id\" content=\"7613186769406\" \/>\n<meta property=\"product:condition\" content=\"new\" \/>\n<!-- \/ Yoast SEO plugin. -->","yoast_head_json":{"title":"Impregnare Toko Eco Shoe Proof Care 500ml - Magazin Xstyle","description":"Propornirea Toko Eco Shoe Proof Care 500ml asigur\u0103 protec\u021bie \u00eempotriva umezelii \u0219i murd\u0103riei pentru \u00eenc\u0103l\u021b\u0103minte, p\u0103str\u00e2nd \u00een acela\u0219i timp propriet\u0103\u021bile sale respirabile.","robots":{"index":"index","follow":"follow","max-snippet":"max-snippet:-1","max-image-preview":"max-image-preview:large","max-video-preview":"max-video-preview:-1"},"canonical":"https:\/\/xstyle.md\/ro\/produs\/propitka-toko-eco-shoe-proof-care-500ml\/","og_locale":"ro_RO","og_type":"article","og_title":"\u041f\u0440\u043e\u043f\u0438\u0442\u043a\u0430 Toko Eco Shoe Proof Care 500ml - \u041c\u0430\u0433\u0430\u0437\u0438\u043d Xstyle","og_description":"\u041f\u0440\u043e\u043f\u0438\u0442\u043a\u0430 Toko Eco Shoe Proof Care 500ml \u043e\u0431\u0435\u0441\u043f\u0435\u0447\u0438\u0432\u0430\u0435\u0442 \u0437\u0430\u0449\u0438\u0442\u0443 \u043e\u0442 \u0432\u043b\u0430\u0433\u0438 \u0438 \u0433\u0440\u044f\u0437\u0438 \u0434\u043b\u044f \u043e\u0431\u0443\u0432\u0438, \u0441\u043e\u0445\u0440\u0430\u043d\u044f\u044f \u043f\u0440\u0438 \u044d\u0442\u043e\u043c \u0435\u0435 \u0434\u044b\u0448\u0430\u0449\u0438\u0435 \u0441\u0432\u043e\u0439\u0441\u0442\u0432\u0430.","og_url":"https:\/\/xstyle.md\/ro\/produs\/propitka-toko-eco-shoe-proof-care-500ml\/","og_site_name":"\u041c\u0430\u0433\u0430\u0437\u0438\u043d Xstyle","article_publisher":"https:\/\/www.facebook.com\/xstylemd","article_modified_time":"2026-01-27T12:49:49+00:00","og_image":[{"width":1420,"height":1396,"url":"https:\/\/xstyle.md\/wp-content\/uploads\/2020\/07\/toko-eco-shoe-proof-care-500ml.jpg","type":"image\/jpeg"}],"twitter_card":"summary_large_image","twitter_misc":{"Pre\u021b":"395&nbsp;MDL","Disponibilitate":"\u00cen stoc"},"schema":{"@context":"https:\/\/schema.org","@graph":[{"@type":"WebPage","@id":"https:\/\/xstyle.md\/product\/propitka-toko-eco-shoe-proof-care-500ml\/","url":"https:\/\/xstyle.md\/product\/propitka-toko-eco-shoe-proof-care-500ml\/","name":"Impregnare Toko Eco Shoe Proof Care 500ml - Magazin Xstyle","isPartOf":{"@id":"https:\/\/xstyle.md\/#website"},"primaryImageOfPage":{"@id":"https:\/\/xstyle.md\/product\/propitka-toko-eco-shoe-proof-care-500ml\/#primaryimage"},"image":{"@id":"https:\/\/xstyle.md\/product\/propitka-toko-eco-shoe-proof-care-500ml\/#primaryimage"},"thumbnailUrl":"https:\/\/xstyle.md\/wp-content\/uploads\/2020\/07\/toko-eco-shoe-proof-care-500ml.jpg","datePublished":"2020-07-16T17:05:40+00:00","dateModified":"2026-01-27T12:49:49+00:00","description":"Propornirea Toko Eco Shoe Proof Care 500ml asigur\u0103 protec\u021bie \u00eempotriva umezelii \u0219i murd\u0103riei pentru \u00eenc\u0103l\u021b\u0103minte, p\u0103str\u00e2nd \u00een acela\u0219i timp propriet\u0103\u021bile sale respirabile.","breadcrumb":{"@id":"https:\/\/xstyle.md\/product\/propitka-toko-eco-shoe-proof-care-500ml\/#breadcrumb"},"inLanguage":"ro-RO","potentialAction":[{"@type":"ReadAction","target":["https:\/\/xstyle.md\/product\/propitka-toko-eco-shoe-proof-care-500ml\/"]}]},{"@type":"ImageObject","inLanguage":"ro-RO","@id":"https:\/\/xstyle.md\/product\/propitka-toko-eco-shoe-proof-care-500ml\/#primaryimage","url":"https:\/\/xstyle.md\/wp-content\/uploads\/2020\/07\/toko-eco-shoe-proof-care-500ml.jpg","contentUrl":"https:\/\/xstyle.md\/wp-content\/uploads\/2020\/07\/toko-eco-shoe-proof-care-500ml.jpg","width":1420,"height":1396,"caption":"\u0421\u0440\u0435\u0434\u0441\u0442\u0432\u043e \u0434\u043b\u044f \u0443\u0445\u043e\u0434\u0430 \u0437\u0430 \u043e\u0431\u0443\u0432\u044c\u044e Toko Eco Shoe Proof, 500 \u043c\u043b, \u0438\u0434\u0435\u0430\u043b\u044c\u043d\u043e \u043f\u043e\u0434\u0445\u043e\u0434\u0438\u0442 \u0434\u043b\u044f \u0437\u0430\u0449\u0438\u0442\u044b \u0430\u043a\u0442\u0438\u0432\u043d\u043e\u0439 \u043e\u0431\u0443\u0432\u0438 \u0434\u043b\u044f \u0442\u0443\u0440\u0438\u0437\u043c\u0430, \u0430\u043b\u044c\u043f\u0438\u043d\u0438\u0437\u043c\u0430 \u0438 \u043f\u0443\u0442\u0435\u0448\u0435\u0441\u0442\u0432\u0438\u0439."},{"@type":"BreadcrumbList","@id":"https:\/\/xstyle.md\/product\/propitka-toko-eco-shoe-proof-care-500ml\/#breadcrumb","itemListElement":[{"@type":"ListItem","position":1,"name":"\u0413\u043b\u0430\u0432\u043d\u0430\u044f \u0441\u0442\u0440\u0430\u043d\u0438\u0446\u0430","item":"https:\/\/xstyle.md\/"},{"@type":"ListItem","position":2,"name":"\u041c\u0430\u0433\u0430\u0437\u0438\u043d","item":"https:\/\/xstyle.md\/shop\/"},{"@type":"ListItem","position":3,"name":"\u041f\u0440\u043e\u043f\u0438\u0442\u043a\u0430 Toko Eco Shoe Proof Care 500ml"}]},{"@type":"WebSite","@id":"https:\/\/xstyle.md\/#website","url":"https:\/\/xstyle.md\/","name":"Magazinul X-Style","description":"Echipamente pentru turism \u0219i sporturi extreme \u00een Moldova. Pre\u021buri, fotografii, caracteristici \u00een Moldova.","publisher":{"@id":"https:\/\/xstyle.md\/#organization"},"alternateName":"X-Style","potentialAction":[{"@type":"SearchAction","target":{"@type":"EntryPoint","urlTemplate":"https:\/\/xstyle.md\/?s={search_term_string}"},"query-input":{"@type":"PropertyValueSpecification","valueRequired":true,"valueName":"search_term_string"}}],"inLanguage":"ro-RO"},{"@type":"Organization","@id":"https:\/\/xstyle.md\/#organization","name":"Magazinul X-Style","alternateName":"x-style","url":"https:\/\/xstyle.md\/","logo":{"@type":"ImageObject","inLanguage":"ro-RO","@id":"https:\/\/xstyle.md\/#\/schema\/logo\/image\/","url":"https:\/\/xstyle.md\/wp-content\/uploads\/2020\/06\/logoicon.svg","contentUrl":"https:\/\/xstyle.md\/wp-content\/uploads\/2020\/06\/logoicon.svg","caption":"\u041c\u0430\u0433\u0430\u0437\u0438\u043d Xstyle"},"image":{"@id":"https:\/\/xstyle.md\/#\/schema\/logo\/image\/"},"sameAs":["https:\/\/www.facebook.com\/xstylemd","https:\/\/www.instagram.com\/xstyle_md\/","https:\/\/t.me\/xstyle_outdoor"],"hasMerchantReturnPolicy":{"@type":"MerchantReturnPolicy","merchantReturnLink":"https:\/\/xstyle.md\/ro\/conditions\/"}}]},"product_price_amount":"395.00","product_price_currency":"MDL","og_availability":"instock","product_availability":"instock","product_retailer_item_id":"7613186769406","product_condition":"new"},"post_mailing_queue_ids":[],"_links":{"self":[{"href":"https:\/\/xstyle.md\/ro\/wp-json\/wp\/v2\/product\/4775","targetHints":{"allow":["GET"]}}],"collection":[{"href":"https:\/\/xstyle.md\/ro\/wp-json\/wp\/v2\/product"}],"about":[{"href":"https:\/\/xstyle.md\/ro\/wp-json\/wp\/v2\/types\/product"}],"replies":[{"embeddable":true,"href":"https:\/\/xstyle.md\/ro\/wp-json\/wp\/v2\/comments?post=4775"}],"wp:featuredmedia":[{"embeddable":true,"href":"https:\/\/xstyle.md\/ro\/wp-json\/wp\/v2\/media\/87442"}],"wp:attachment":[{"href":"https:\/\/xstyle.md\/ro\/wp-json\/wp\/v2\/media?parent=4775"}],"wp:term":[{"taxonomy":"product_brand","embeddable":true,"href":"https:\/\/xstyle.md\/ro\/wp-json\/wp\/v2\/product_brand?post=4775"},{"taxonomy":"product_cat","embeddable":true,"href":"https:\/\/xstyle.md\/ro\/wp-json\/wp\/v2\/product_cat?post=4775"},{"taxonomy":"product_tag","embeddable":true,"href":"https:\/\/xstyle.md\/ro\/wp-json\/wp\/v2\/product_tag?post=4775"}],"curies":[{"name":"wp","href":"https:\/\/api.w.org\/{rel}","templated":true}]}}