{"id":47159,"date":"2022-03-24T17:13:38","date_gmt":"2022-03-24T14:13:38","guid":{"rendered":"https:\/\/xstyle.md\/?post_type=product&#038;p=47159"},"modified":"2026-02-12T19:59:01","modified_gmt":"2026-02-12T16:59:01","slug":"nozh-boker-magnum-slim-brother-wood","status":"publish","type":"product","link":"https:\/\/xstyle.md\/ro\/produs\/nozh-boker-magnum-slim-brother-wood\/","title":{"rendered":"Cu\u021bit Boker Magnum Slim Brother Wood"},"content":{"rendered":"<p><strong>Boker Magnum Slim Brother Wood<\/strong> \u044f\u0432\u043b\u044f\u0435\u0442\u0441\u044f \u043f\u0440\u0430\u043a\u0442\u0438\u0447\u043d\u044b\u043c \u0438 \u0434\u043e\u0441\u0442\u0443\u043f\u043d\u044b\u043c \u043a\u0430\u0440\u043c\u0430\u043d\u043d\u044b\u043c \u043d\u043e\u0436\u043e\u043c. \u0418\u0434\u0435\u0430\u043b\u044c\u043d\u043e \u043f\u043e\u0434\u0445\u043e\u0434\u0438\u0442 \u0434\u043b\u044f \u0438\u0441\u043f\u043e\u043b\u044c\u0437\u043e\u0432\u0430\u043d\u0438\u044f \u043a\u0430\u043a \u0432 \u0447\u0435\u0440\u0442\u0435 \u0433\u043e\u0440\u043e\u0434\u0430, \u0442\u0430\u043a \u0438 \u043d\u0430 \u043f\u0440\u0438\u0440\u043e\u0434\u0435. \u041a\u043b\u0438\u043d\u043e\u043a \u0438\u0437\u0433\u043e\u0442\u043e\u0432\u043b\u0435\u043d \u0438\u0437 \u0441\u0442\u0430\u043b\u0438 440\u0410. \u042d\u0442\u043e \u043d\u0435\u0440\u0436\u0430\u0432\u0435\u044e\u0449\u0430\u044f \u0441\u0442\u0430\u043b\u044c, \u043a\u043e\u0442\u043e\u0440\u0443\u044e \u043c\u043e\u0436\u043d\u043e \u0434\u043e\u0441\u0442\u0430\u0442\u043e\u0447\u043d\u043e \u043b\u0435\u0433\u043a\u043e \u0437\u0430\u0442\u043e\u0447\u0438\u0442\u044c. \u041a\u043b\u0438\u043d\u043e\u043a \u043c\u043e\u0436\u043d\u043e \u043e\u0442\u043a\u0440\u044b\u0442\u044c \u043a\u0430\u043a \u0441 \u043f\u043e\u043c\u043e\u0449\u044c\u044e \u0444\u043b\u0438\u043f\u043f\u0435\u0440\u0430, \u0442\u0430\u043a \u0438 \u0441 \u043f\u043e\u043c\u043e\u0449\u044c\u044e \u0448\u043f\u0435\u043d\u044c\u043a\u0430. \u0420\u0443\u043a\u043e\u044f\u0442\u044c \u0438\u0437\u0433\u043e\u0442\u043e\u0432\u043b\u0435\u043d\u0430 \u0438\u0437 \u0434\u0435\u0440\u0435\u0432\u0430 \u0431\u0443\u0431\u0438\u043d\u0433\u0430. \u041e\u043d\u043e \u043e\u0442\u043b\u0438\u0447\u043d\u043e \u0432\u044b\u0433\u043b\u044f\u0434\u0438\u0442 \u0438 \u0434\u043e\u0431\u0430\u0432\u043b\u044f\u0435\u0442 \u043d\u043e\u0436\u0443 \u0441\u0442\u0430\u0442\u0443\u0441\u043d\u043e\u0441\u0442\u0438.<\/p>\n<p>\u041c\u0430\u0442\u0435\u0440\u0438\u0430\u043b \u043a\u043b\u0438\u043d\u043a\u0430 440A \u2014 \u0430\u043c\u0435\u0440\u0438\u043a\u0430\u043d\u0441\u043a\u0430\u044f \u043d\u0435\u0440\u0436\u0430\u0432\u0435\u044e\u0449\u0430\u044f \u0441\u0442\u0430\u043b\u044c \u0441\u0440\u0435\u0434\u043d\u0435\u0433\u043e \u0441\u0435\u0433\u043c\u0435\u043d\u0442\u0430. \u0417\u0430\u043a\u0430\u043b\u043a\u0430 \u043d\u0430 \u0442\u0432\u0435\u0440\u0434\u043e\u0441\u0442\u044c \u0441\u043e\u0441\u0442\u0430\u0432\u043b\u044f\u0435\u0442 54-57HRC. \u0411\u043b\u0430\u0433\u043e\u0434\u0430\u0440\u044f \u0445\u043e\u0440\u043e\u0448\u0435\u0439 \u0441\u0442\u043e\u0439\u043a\u043e\u0441\u0442\u0438 \u043a \u043a\u043e\u0440\u0440\u043e\u0437\u0438\u0438 \u044d\u0442\u0430 \u0441\u0442\u0430\u043b\u044c \u0447\u0430\u0441\u0442\u043e \u0438\u0441\u043f\u043e\u043b\u044c\u0437\u0443\u044e\u0442\u0441\u044f \u0432 \u0434\u0430\u0439\u0432\u0438\u043d\u0433\u0435, \u043f\u043e\u0442\u043e\u043c\u0443 \u043a\u0430\u043a \u043e\u043d\u0430 \u043d\u0435 \u0431\u043e\u0438\u0442\u0441\u044f \u0430\u0433\u0440\u0435\u0441\u0441\u0438\u0432\u043d\u043e\u0439 \u0441\u043e\u043b\u0435\u043d\u043e\u0439 \u0441\u0440\u0435\u0434\u044b.<\/p>\n<p>\u041d\u043e\u0436 \u043e\u0431\u043b\u0430\u0434\u0430\u0435\u0442 \u0443\u0434\u043e\u0431\u043d\u043e\u0439 \u0440\u0443\u043a\u043e\u044f\u0442\u044c\u044e \u0438\u0437 \u043d\u0430\u0442\u0443\u0440\u0430\u043b\u044c\u043d\u043e\u0439 \u0434\u0440\u0435\u0432\u0435\u0441\u0438\u043d\u044b, \u043a\u043e\u0442\u043e\u0440\u0430\u044f \u043f\u0440\u0438\u044f\u0442\u043d\u0430 \u043d\u0430 \u043e\u0449\u0443\u043f\u044c \u0438 \u0445\u043e\u0440\u043e\u0448\u043e \u0434\u0435\u0440\u0436\u0438\u0442 \u0442\u0435\u043f\u043b\u043e. \u041e\u043d \u043e\u0442\u043b\u0438\u0447\u043d\u043e \u043f\u043e\u0434\u0445\u043e\u0434\u0438\u0442 \u0434\u043b\u044f \u0442\u043e\u0433\u043e, \u0447\u0442\u043e\u0431\u044b \u043f\u043e\u043b\u044c\u0437\u043e\u0432\u0430\u0442\u044c\u0441\u044f \u0438\u043c \u043a\u0430\u043a \u0432 \u043f\u043e\u0445\u043e\u0434\u0430\u0445, \u0442\u0430\u043a \u0438 \u0432 \u0434\u043e\u043c\u0430\u0448\u043d\u0438\u0445 \u0443\u0441\u043b\u043e\u0432\u0438\u044f\u0445.<\/p>\n<h3>Caracteristici<\/h3>\n<ul>\n<li>\u0422\u0438\u043f \u043d\u043e\u0436\u0430: \u0441\u043a\u043b\u0430\u0434\u043d\u043e\u0439<\/li>\n<li>\u0422\u0438\u043f \u0440\u0435\u0436\u0443\u0449\u0435\u0439 \u043a\u0440\u043e\u043c\u043a\u0438: \u043e\u0431\u044b\u0447\u043d\u0430\u044f<\/li>\n<li>\u0422\u0438\u043f \u0437\u0430\u043c\u043a\u0430: Liner Lock<\/li>\n<li>\u0414\u043b\u0438\u043d\u0430 \u043e\u0431\u0449\u0430\u044f: 20.7 \u0441\u043c<\/li>\n<li>\u0414\u043b\u0438\u043d\u0430 \u043a\u043b\u0438\u043d\u043a\u0430: 9 \u0441\u043c<\/li>\n<li>\u041c\u0430\u0442\u0435\u0440\u0438\u0430\u043b \u0440\u0443\u043a\u043e\u044f\u0442\u043a\u0438: \u0434\u0435\u0440\u0435\u0432\u043e<\/li>\n<li>\u0422\u0432\u0435\u0440\u0434\u043e\u0441\u0442\u044c \u0441\u0442\u0430\u043b\u0438: 56 HRC<\/li>\n<li>\u041c\u0430\u0440\u043a\u0430 \u0441\u0442\u0430\u043b\u0438: 440\u0410<\/li>\n<li>\u0412\u0435\u0441: 118 \u0433<\/li>\n<\/ul>\n<h3>Marca<\/h3>\n<p>B\u00f6ker - este una dintre cele mai vechi companii germane, cu r\u0103d\u0103cini care coboar\u0103 p\u00e2n\u0103 \u00een perioada Evului Mediu t\u00e2rziu. Ceea ce a \u00eenceput ca o afacere de familie dedicat\u0103 fabric\u0103rii s\u0103biilor a evoluat \u00eentr-o produc\u021bie la scar\u0103 larg\u0103 de diverse cu\u021bite, de la cele de buc\u0103t\u0103rie p\u00e2n\u0103 la piese de colec\u021bie. Emblema \u00eentreprinderii, utilizat\u0103 de peste 150 de ani, este castanul maiestuos care cre\u0219tea l\u00e2ng\u0103 fabric\u0103.<\/p>\n<p>\u00cen procesul de fabrica\u021bie se utilizeaz\u0103 o\u021bel german de \u00eenalt\u0103 calitate din Solingen, precum \u0219i o\u021bel Damasc \u2014 materiale recunoscute pentru robuste\u021bea lor \u0219i capacitatea de a men\u021bine t\u0103i\u0219ul ascu\u021bit pentru o perioad\u0103 lung\u0103 de timp. M\u00e2nerele sunt \u00eennobilate cu esen\u021be de lemn pre\u021bios, ceramic\u0103 sau materiale sintetice de ultim\u0103 genera\u021bie. Produsele sunt disponibile \u00eentr-o gam\u0103 larg\u0103 de forme ale lamei, toate modelele fiind surprinz\u0103tor de ergonomice \u0219i perfect echilibrate.<\/p>\n<p>Respectul pentru tradi\u021bie merge m\u00e2n\u0103 \u00een m\u00e2n\u0103 cu proiectele inovatoare. Toate acestea inspir\u0103 milioane de pasiona\u021bi \u0219i utilizatori de cu\u021bite care au apucat deja s\u0103 aprecieze fiabilitatea, originalitatea, func\u021bionalitatea \u0219i calitatea superioar\u0103 inegalabil\u0103 a produselor companiei B\u00f6ker.<\/p>","protected":false},"excerpt":{"rendered":"<p>Boker Magnum Slim Brother Wood \u044f\u0432\u043b\u044f\u0435\u0442\u0441\u044f \u043f\u0440\u0430\u043a\u0442\u0438\u0447\u043d\u044b\u043c \u0438 \u0434\u043e\u0441\u0442\u0443\u043f\u043d\u044b\u043c \u043a\u0430\u0440\u043c\u0430\u043d\u043d\u044b\u043c \u043d\u043e\u0436\u043e\u043c. \u0418\u0434\u0435\u0430\u043b\u044c\u043d\u043e \u043f\u043e\u0434\u0445\u043e\u0434\u0438\u0442 \u0434\u043b\u044f \u0438\u0441\u043f\u043e\u043b\u044c\u0437\u043e\u0432\u0430\u043d\u0438\u044f \u043a\u0430\u043a \u0432 \u0447\u0435\u0440\u0442\u0435 \u0433\u043e\u0440\u043e\u0434\u0430, \u0442\u0430\u043a \u0438 \u043d\u0430 \u043f\u0440\u0438\u0440\u043e\u0434\u0435. \u041a\u043b\u0438\u043d\u043e\u043a \u0438\u0437\u0433\u043e\u0442\u043e\u0432\u043b\u0435\u043d \u0438\u0437 \u0441\u0442\u0430\u043b\u0438 440\u0410. \u042d\u0442\u043e \u043d\u0435\u0440\u0436\u0430\u0432\u0435\u044e\u0449\u0430\u044f \u0441\u0442\u0430\u043b\u044c, \u043a\u043e\u0442\u043e\u0440\u0443\u044e \u043c\u043e\u0436\u043d\u043e \u0434\u043e\u0441\u0442\u0430\u0442\u043e\u0447\u043d\u043e \u043b\u0435\u0433\u043a\u043e \u0437\u0430\u0442\u043e\u0447\u0438\u0442\u044c. \u041a\u043b\u0438\u043d\u043e\u043a \u043c\u043e\u0436\u043d\u043e \u043e\u0442\u043a\u0440\u044b\u0442\u044c \u043a\u0430\u043a \u0441 \u043f\u043e\u043c\u043e\u0449\u044c\u044e \u0444\u043b\u0438\u043f\u043f\u0435\u0440\u0430, \u0442\u0430\u043a \u0438 \u0441 \u043f\u043e\u043c\u043e\u0449\u044c\u044e \u0448\u043f\u0435\u043d\u044c\u043a\u0430. \u0420\u0443\u043a\u043e\u044f\u0442\u044c \u0438\u0437\u0433\u043e\u0442\u043e\u0432\u043b\u0435\u043d\u0430 \u0438\u0437 \u0434\u0435\u0440\u0435\u0432\u0430 \u0431\u0443\u0431\u0438\u043d\u0433\u0430. \u041e\u043d\u043e \u043e\u0442\u043b\u0438\u0447\u043d\u043e [&hellip;]<\/p>\n","protected":false},"featured_media":47292,"comment_status":"open","ping_status":"closed","template":"","meta":{"_acf_changed":false,"inline_featured_image":false},"product_brand":[1392],"product_cat":[169],"product_tag":[],"class_list":{"0":"post-47159","1":"product","2":"type-product","3":"status-publish","4":"has-post-thumbnail","6":"product_brand-boker","7":"product_cat-knives","9":"first","10":"instock","11":"shipping-taxable","12":"purchasable","13":"product-type-simple"},"acf":[],"yoast_head":"<!-- This site is optimized with the Yoast SEO plugin v27.4 - https:\/\/yoast.com\/product\/yoast-seo-wordpress\/ -->\n<title>\u041d\u043e\u0436 Boker Magnum Slim Brother Wood - \u041c\u0430\u0433\u0430\u0437\u0438\u043d Xstyle<\/title>\n<meta name=\"description\" content=\"\u041a\u0443\u043f\u0438\u0442\u0435 \u043d\u043e\u0436 Boker Magnum Slim Brother Wood \u0441 \u043b\u0435\u0437\u0432\u0438\u0435\u043c \u0438\u0437 440A. \u041f\u0440\u043e\u0447\u043d\u044b\u0439, \u043d\u0430\u0434\u0435\u0436\u043d\u044b\u0439, \u0441\u0442\u0438\u043b\u044c\u043d\u044b\u0439. \u0418\u0434\u0435\u0430\u043b\u0435\u043d \u0434\u043b\u044f \u0430\u043a\u0442\u0438\u0432\u043d\u043e\u0433\u043e \u043e\u0442\u0434\u044b\u0445\u0430 \u0438 \u0435\u0436\u0435\u0434\u043d\u0435\u0432\u043d\u043e\u0433\u043e \u0438\u0441\u043f\u043e\u043b\u044c\u0437\u043e\u0432\u0430\u043d\u0438\u044f.\" \/>\n<meta name=\"robots\" content=\"index, follow, max-snippet:-1, max-image-preview:large, max-video-preview:-1\" \/>\n<link rel=\"canonical\" href=\"https:\/\/xstyle.md\/ro\/produs\/nozh-boker-magnum-slim-brother-wood\/\" \/>\n<meta property=\"og:locale\" content=\"ro_RO\" \/>\n<meta property=\"og:type\" content=\"article\" \/>\n<meta property=\"og:title\" content=\"\u041d\u043e\u0436 Boker Magnum Slim Brother Wood - \u041c\u0430\u0433\u0430\u0437\u0438\u043d Xstyle\" \/>\n<meta property=\"og:description\" content=\"\u041a\u0443\u043f\u0438\u0442\u0435 \u043d\u043e\u0436 Boker Magnum Slim Brother Wood \u0441 \u043b\u0435\u0437\u0432\u0438\u0435\u043c \u0438\u0437 440A. \u041f\u0440\u043e\u0447\u043d\u044b\u0439, \u043d\u0430\u0434\u0435\u0436\u043d\u044b\u0439, \u0441\u0442\u0438\u043b\u044c\u043d\u044b\u0439. \u0418\u0434\u0435\u0430\u043b\u0435\u043d \u0434\u043b\u044f \u0430\u043a\u0442\u0438\u0432\u043d\u043e\u0433\u043e \u043e\u0442\u0434\u044b\u0445\u0430 \u0438 \u0435\u0436\u0435\u0434\u043d\u0435\u0432\u043d\u043e\u0433\u043e \u0438\u0441\u043f\u043e\u043b\u044c\u0437\u043e\u0432\u0430\u043d\u0438\u044f.\" \/>\n<meta property=\"og:url\" content=\"https:\/\/xstyle.md\/ro\/produs\/nozh-boker-magnum-slim-brother-wood\/\" \/>\n<meta property=\"og:site_name\" content=\"\u041c\u0430\u0433\u0430\u0437\u0438\u043d Xstyle\" \/>\n<meta property=\"article:publisher\" content=\"https:\/\/www.facebook.com\/xstylemd\" \/>\n<meta property=\"article:modified_time\" content=\"2026-02-12T16:59:01+00:00\" \/>\n<meta property=\"og:image\" content=\"https:\/\/xstyle.md\/wp-content\/uploads\/2022\/03\/boker-magnum-slim-brother-wood.jpg\" \/>\n\t<meta property=\"og:image:width\" content=\"452\" \/>\n\t<meta property=\"og:image:height\" content=\"501\" \/>\n\t<meta property=\"og:image:type\" content=\"image\/jpeg\" \/>\n<meta name=\"twitter:card\" content=\"summary_large_image\" \/>\n<meta name=\"twitter:label1\" content=\"Pre\u021b\" \/>\n\t<meta name=\"twitter:data1\" content=\"840&nbsp;MDL\" \/>\n\t<meta name=\"twitter:label2\" content=\"Disponibilitate\" \/>\n\t<meta name=\"twitter:data2\" content=\"\u00cen stoc\" \/>\n<script type=\"application\/ld+json\" class=\"yoast-schema-graph\">{\"@context\":\"https:\\\/\\\/schema.org\",\"@graph\":[{\"@type\":\"WebPage\",\"@id\":\"https:\\\/\\\/xstyle.md\\\/product\\\/nozh-boker-magnum-slim-brother-wood\\\/\",\"url\":\"https:\\\/\\\/xstyle.md\\\/product\\\/nozh-boker-magnum-slim-brother-wood\\\/\",\"name\":\"\u041d\u043e\u0436 Boker Magnum Slim Brother Wood - \u041c\u0430\u0433\u0430\u0437\u0438\u043d Xstyle\",\"isPartOf\":{\"@id\":\"https:\\\/\\\/xstyle.md\\\/#website\"},\"primaryImageOfPage\":{\"@id\":\"https:\\\/\\\/xstyle.md\\\/product\\\/nozh-boker-magnum-slim-brother-wood\\\/#primaryimage\"},\"image\":{\"@id\":\"https:\\\/\\\/xstyle.md\\\/product\\\/nozh-boker-magnum-slim-brother-wood\\\/#primaryimage\"},\"thumbnailUrl\":\"https:\\\/\\\/xstyle.md\\\/wp-content\\\/uploads\\\/2022\\\/03\\\/boker-magnum-slim-brother-wood.jpg\",\"datePublished\":\"2022-03-24T14:13:38+00:00\",\"dateModified\":\"2026-02-12T16:59:01+00:00\",\"description\":\"\u041a\u0443\u043f\u0438\u0442\u0435 \u043d\u043e\u0436 Boker Magnum Slim Brother Wood \u0441 \u043b\u0435\u0437\u0432\u0438\u0435\u043c \u0438\u0437 440A. \u041f\u0440\u043e\u0447\u043d\u044b\u0439, \u043d\u0430\u0434\u0435\u0436\u043d\u044b\u0439, \u0441\u0442\u0438\u043b\u044c\u043d\u044b\u0439. \u0418\u0434\u0435\u0430\u043b\u0435\u043d \u0434\u043b\u044f \u0430\u043a\u0442\u0438\u0432\u043d\u043e\u0433\u043e \u043e\u0442\u0434\u044b\u0445\u0430 \u0438 \u0435\u0436\u0435\u0434\u043d\u0435\u0432\u043d\u043e\u0433\u043e \u0438\u0441\u043f\u043e\u043b\u044c\u0437\u043e\u0432\u0430\u043d\u0438\u044f.\",\"breadcrumb\":{\"@id\":\"https:\\\/\\\/xstyle.md\\\/product\\\/nozh-boker-magnum-slim-brother-wood\\\/#breadcrumb\"},\"inLanguage\":\"ro-RO\",\"potentialAction\":[{\"@type\":\"ReadAction\",\"target\":[\"https:\\\/\\\/xstyle.md\\\/product\\\/nozh-boker-magnum-slim-brother-wood\\\/\"]}]},{\"@type\":\"ImageObject\",\"inLanguage\":\"ro-RO\",\"@id\":\"https:\\\/\\\/xstyle.md\\\/product\\\/nozh-boker-magnum-slim-brother-wood\\\/#primaryimage\",\"url\":\"https:\\\/\\\/xstyle.md\\\/wp-content\\\/uploads\\\/2022\\\/03\\\/boker-magnum-slim-brother-wood.jpg\",\"contentUrl\":\"https:\\\/\\\/xstyle.md\\\/wp-content\\\/uploads\\\/2022\\\/03\\\/boker-magnum-slim-brother-wood.jpg\",\"width\":452,\"height\":501,\"caption\":\"\u041d\u043e\u0436 Boker Magnum Slim Brother Wood \u0434\u043b\u044f \u0430\u043a\u0442\u0438\u0432\u043d\u043e\u0433\u043e \u043e\u0442\u0434\u044b\u0445\u0430 \u0438 \u043f\u0443\u0442\u0435\u0448\u0435\u0441\u0442\u0432\u0438\u0439, \u044d\u043a\u0438\u043f\u0438\u0440\u043e\u0432\u043a\u0430 \u0434\u043b\u044f \u0442\u0443\u0440\u0438\u0437\u043c\u0430 \u0438 \u0430\u043b\u044c\u043f\u0438\u043d\u0438\u0437\u043c\u0430, \u043e\u0431\u0443\u0432\u044c \u0438 \u043e\u0434\u0435\u0436\u0434\u0430 \u0434\u043b\u044f \u043f\u043e\u0445\u043e\u0434\u043e\u0432 \u0438 \u044d\u043a\u0441\u0442\u0440\u0435\u043c\u0430\u043b\u044c\u043d\u044b\u0445 \u0430\u043a\u0442\u0438\u0432\u043d\u043e\u0441\u0442\u0435\u0439\"},{\"@type\":\"BreadcrumbList\",\"@id\":\"https:\\\/\\\/xstyle.md\\\/product\\\/nozh-boker-magnum-slim-brother-wood\\\/#breadcrumb\",\"itemListElement\":[{\"@type\":\"ListItem\",\"position\":1,\"name\":\"\u0413\u043b\u0430\u0432\u043d\u0430\u044f \u0441\u0442\u0440\u0430\u043d\u0438\u0446\u0430\",\"item\":\"https:\\\/\\\/xstyle.md\\\/\"},{\"@type\":\"ListItem\",\"position\":2,\"name\":\"\u041c\u0430\u0433\u0430\u0437\u0438\u043d\",\"item\":\"https:\\\/\\\/xstyle.md\\\/shop\\\/\"},{\"@type\":\"ListItem\",\"position\":3,\"name\":\"\u041d\u043e\u0436 Boker Magnum Slim Brother Wood\"}]},{\"@type\":\"WebSite\",\"@id\":\"https:\\\/\\\/xstyle.md\\\/#website\",\"url\":\"https:\\\/\\\/xstyle.md\\\/\",\"name\":\"\u041c\u0430\u0433\u0430\u0437\u0438\u043d Xstyle\",\"description\":\"C\u043d\u0430\u0440\u044f\u0436\u0435\u043d\u0438\u0435 \u0434\u043b\u044f \u0442\u0443\u0440\u0438\u0437\u043c\u0430 \u0438 \u044d\u043a\u0441\u0442\u0440\u0435\u043c\u0430\u043b\u044c\u043d\u044b\u0445 \u0432\u0438\u0434\u043e\u0432 \u0441\u043f\u043e\u0440\u0442\u0430 \u0432 \u041c\u043e\u043b\u0434\u043e\u0432\u0435.. \u0426\u0435\u043d\u044b, \u0444\u043e\u0442\u043e, \u0445\u0430\u0440\u0430\u043a\u0442\u0435\u0440\u0438\u0441\u0442\u0438\u043a\u0438 \u0432 \u041c\u043e\u043b\u0434\u043e\u0432\u0435.\",\"publisher\":{\"@id\":\"https:\\\/\\\/xstyle.md\\\/#organization\"},\"alternateName\":\"X-Style\",\"potentialAction\":[{\"@type\":\"SearchAction\",\"target\":{\"@type\":\"EntryPoint\",\"urlTemplate\":\"https:\\\/\\\/xstyle.md\\\/?s={search_term_string}\"},\"query-input\":{\"@type\":\"PropertyValueSpecification\",\"valueRequired\":true,\"valueName\":\"search_term_string\"}}],\"inLanguage\":\"ro-RO\"},{\"@type\":\"Organization\",\"@id\":\"https:\\\/\\\/xstyle.md\\\/#organization\",\"name\":\"\u041c\u0430\u0433\u0430\u0437\u0438\u043d Xstyle\",\"alternateName\":\"x-style\",\"url\":\"https:\\\/\\\/xstyle.md\\\/\",\"logo\":{\"@type\":\"ImageObject\",\"inLanguage\":\"ro-RO\",\"@id\":\"https:\\\/\\\/xstyle.md\\\/#\\\/schema\\\/logo\\\/image\\\/\",\"url\":\"https:\\\/\\\/xstyle.md\\\/wp-content\\\/uploads\\\/2020\\\/06\\\/logoicon.svg\",\"contentUrl\":\"https:\\\/\\\/xstyle.md\\\/wp-content\\\/uploads\\\/2020\\\/06\\\/logoicon.svg\",\"caption\":\"\u041c\u0430\u0433\u0430\u0437\u0438\u043d Xstyle\"},\"image\":{\"@id\":\"https:\\\/\\\/xstyle.md\\\/#\\\/schema\\\/logo\\\/image\\\/\"},\"sameAs\":[\"https:\\\/\\\/www.facebook.com\\\/xstylemd\",\"https:\\\/\\\/www.instagram.com\\\/xstyle_md\\\/\",\"https:\\\/\\\/t.me\\\/xstyle_outdoor\"],\"hasMerchantReturnPolicy\":{\"@type\":\"MerchantReturnPolicy\",\"merchantReturnLink\":\"https:\\\/\\\/xstyle.md\\\/ro\\\/conditions\\\/\"}}]}<\/script>\n<meta property=\"product:price:amount\" content=\"840.00\" \/>\n<meta property=\"product:price:currency\" content=\"MDL\" \/>\n<meta property=\"og:availability\" content=\"instock\" \/>\n<meta property=\"product:availability\" content=\"instock\" \/>\n<meta property=\"product:retailer_item_id\" content=\"4045011188084\" \/>\n<meta property=\"product:condition\" content=\"new\" \/>\n<!-- \/ Yoast SEO plugin. -->","yoast_head_json":{"title":"Cu\u021bit Boker Magnum Slim Brother Wood - Magazin Xstyle","description":"Cump\u0103ra\u021bi cu\u021bitul Boker Magnum Slim Brother Wood cu lam\u0103 din 440A. Rezistent, fiabil, stilat. Ideal pentru activit\u0103\u021bi de recreere \u0219i utilizare zilnic\u0103.","robots":{"index":"index","follow":"follow","max-snippet":"max-snippet:-1","max-image-preview":"max-image-preview:large","max-video-preview":"max-video-preview:-1"},"canonical":"https:\/\/xstyle.md\/ro\/produs\/nozh-boker-magnum-slim-brother-wood\/","og_locale":"ro_RO","og_type":"article","og_title":"\u041d\u043e\u0436 Boker Magnum Slim Brother Wood - \u041c\u0430\u0433\u0430\u0437\u0438\u043d Xstyle","og_description":"\u041a\u0443\u043f\u0438\u0442\u0435 \u043d\u043e\u0436 Boker Magnum Slim Brother Wood \u0441 \u043b\u0435\u0437\u0432\u0438\u0435\u043c \u0438\u0437 440A. \u041f\u0440\u043e\u0447\u043d\u044b\u0439, \u043d\u0430\u0434\u0435\u0436\u043d\u044b\u0439, \u0441\u0442\u0438\u043b\u044c\u043d\u044b\u0439. \u0418\u0434\u0435\u0430\u043b\u0435\u043d \u0434\u043b\u044f \u0430\u043a\u0442\u0438\u0432\u043d\u043e\u0433\u043e \u043e\u0442\u0434\u044b\u0445\u0430 \u0438 \u0435\u0436\u0435\u0434\u043d\u0435\u0432\u043d\u043e\u0433\u043e \u0438\u0441\u043f\u043e\u043b\u044c\u0437\u043e\u0432\u0430\u043d\u0438\u044f.","og_url":"https:\/\/xstyle.md\/ro\/produs\/nozh-boker-magnum-slim-brother-wood\/","og_site_name":"\u041c\u0430\u0433\u0430\u0437\u0438\u043d Xstyle","article_publisher":"https:\/\/www.facebook.com\/xstylemd","article_modified_time":"2026-02-12T16:59:01+00:00","og_image":[{"width":452,"height":501,"url":"https:\/\/xstyle.md\/wp-content\/uploads\/2022\/03\/boker-magnum-slim-brother-wood.jpg","type":"image\/jpeg"}],"twitter_card":"summary_large_image","twitter_misc":{"Pre\u021b":"840&nbsp;MDL","Disponibilitate":"\u00cen stoc"},"schema":{"@context":"https:\/\/schema.org","@graph":[{"@type":"WebPage","@id":"https:\/\/xstyle.md\/product\/nozh-boker-magnum-slim-brother-wood\/","url":"https:\/\/xstyle.md\/product\/nozh-boker-magnum-slim-brother-wood\/","name":"Cu\u021bit Boker Magnum Slim Brother Wood - Magazin Xstyle","isPartOf":{"@id":"https:\/\/xstyle.md\/#website"},"primaryImageOfPage":{"@id":"https:\/\/xstyle.md\/product\/nozh-boker-magnum-slim-brother-wood\/#primaryimage"},"image":{"@id":"https:\/\/xstyle.md\/product\/nozh-boker-magnum-slim-brother-wood\/#primaryimage"},"thumbnailUrl":"https:\/\/xstyle.md\/wp-content\/uploads\/2022\/03\/boker-magnum-slim-brother-wood.jpg","datePublished":"2022-03-24T14:13:38+00:00","dateModified":"2026-02-12T16:59:01+00:00","description":"Cump\u0103ra\u021bi cu\u021bitul Boker Magnum Slim Brother Wood cu lam\u0103 din 440A. Rezistent, fiabil, stilat. Ideal pentru activit\u0103\u021bi de recreere \u0219i utilizare zilnic\u0103.","breadcrumb":{"@id":"https:\/\/xstyle.md\/product\/nozh-boker-magnum-slim-brother-wood\/#breadcrumb"},"inLanguage":"ro-RO","potentialAction":[{"@type":"ReadAction","target":["https:\/\/xstyle.md\/product\/nozh-boker-magnum-slim-brother-wood\/"]}]},{"@type":"ImageObject","inLanguage":"ro-RO","@id":"https:\/\/xstyle.md\/product\/nozh-boker-magnum-slim-brother-wood\/#primaryimage","url":"https:\/\/xstyle.md\/wp-content\/uploads\/2022\/03\/boker-magnum-slim-brother-wood.jpg","contentUrl":"https:\/\/xstyle.md\/wp-content\/uploads\/2022\/03\/boker-magnum-slim-brother-wood.jpg","width":452,"height":501,"caption":"\u041d\u043e\u0436 Boker Magnum Slim Brother Wood \u0434\u043b\u044f \u0430\u043a\u0442\u0438\u0432\u043d\u043e\u0433\u043e \u043e\u0442\u0434\u044b\u0445\u0430 \u0438 \u043f\u0443\u0442\u0435\u0448\u0435\u0441\u0442\u0432\u0438\u0439, \u044d\u043a\u0438\u043f\u0438\u0440\u043e\u0432\u043a\u0430 \u0434\u043b\u044f \u0442\u0443\u0440\u0438\u0437\u043c\u0430 \u0438 \u0430\u043b\u044c\u043f\u0438\u043d\u0438\u0437\u043c\u0430, \u043e\u0431\u0443\u0432\u044c \u0438 \u043e\u0434\u0435\u0436\u0434\u0430 \u0434\u043b\u044f \u043f\u043e\u0445\u043e\u0434\u043e\u0432 \u0438 \u044d\u043a\u0441\u0442\u0440\u0435\u043c\u0430\u043b\u044c\u043d\u044b\u0445 \u0430\u043a\u0442\u0438\u0432\u043d\u043e\u0441\u0442\u0435\u0439"},{"@type":"BreadcrumbList","@id":"https:\/\/xstyle.md\/product\/nozh-boker-magnum-slim-brother-wood\/#breadcrumb","itemListElement":[{"@type":"ListItem","position":1,"name":"\u0413\u043b\u0430\u0432\u043d\u0430\u044f \u0441\u0442\u0440\u0430\u043d\u0438\u0446\u0430","item":"https:\/\/xstyle.md\/"},{"@type":"ListItem","position":2,"name":"\u041c\u0430\u0433\u0430\u0437\u0438\u043d","item":"https:\/\/xstyle.md\/shop\/"},{"@type":"ListItem","position":3,"name":"\u041d\u043e\u0436 Boker Magnum Slim Brother Wood"}]},{"@type":"WebSite","@id":"https:\/\/xstyle.md\/#website","url":"https:\/\/xstyle.md\/","name":"Magazinul X-Style","description":"Echipamente pentru turism \u0219i sporturi extreme \u00een Moldova. Pre\u021buri, fotografii, caracteristici \u00een Moldova.","publisher":{"@id":"https:\/\/xstyle.md\/#organization"},"alternateName":"X-Style","potentialAction":[{"@type":"SearchAction","target":{"@type":"EntryPoint","urlTemplate":"https:\/\/xstyle.md\/?s={search_term_string}"},"query-input":{"@type":"PropertyValueSpecification","valueRequired":true,"valueName":"search_term_string"}}],"inLanguage":"ro-RO"},{"@type":"Organization","@id":"https:\/\/xstyle.md\/#organization","name":"Magazinul X-Style","alternateName":"x-style","url":"https:\/\/xstyle.md\/","logo":{"@type":"ImageObject","inLanguage":"ro-RO","@id":"https:\/\/xstyle.md\/#\/schema\/logo\/image\/","url":"https:\/\/xstyle.md\/wp-content\/uploads\/2020\/06\/logoicon.svg","contentUrl":"https:\/\/xstyle.md\/wp-content\/uploads\/2020\/06\/logoicon.svg","caption":"\u041c\u0430\u0433\u0430\u0437\u0438\u043d Xstyle"},"image":{"@id":"https:\/\/xstyle.md\/#\/schema\/logo\/image\/"},"sameAs":["https:\/\/www.facebook.com\/xstylemd","https:\/\/www.instagram.com\/xstyle_md\/","https:\/\/t.me\/xstyle_outdoor"],"hasMerchantReturnPolicy":{"@type":"MerchantReturnPolicy","merchantReturnLink":"https:\/\/xstyle.md\/ro\/conditions\/"}}]},"product_price_amount":"840.00","product_price_currency":"MDL","og_availability":"instock","product_availability":"instock","product_retailer_item_id":"4045011188084","product_condition":"new"},"_links":{"self":[{"href":"https:\/\/xstyle.md\/ro\/wp-json\/wp\/v2\/product\/47159","targetHints":{"allow":["GET"]}}],"collection":[{"href":"https:\/\/xstyle.md\/ro\/wp-json\/wp\/v2\/product"}],"about":[{"href":"https:\/\/xstyle.md\/ro\/wp-json\/wp\/v2\/types\/product"}],"replies":[{"embeddable":true,"href":"https:\/\/xstyle.md\/ro\/wp-json\/wp\/v2\/comments?post=47159"}],"wp:featuredmedia":[{"embeddable":true,"href":"https:\/\/xstyle.md\/ro\/wp-json\/wp\/v2\/media\/47292"}],"wp:attachment":[{"href":"https:\/\/xstyle.md\/ro\/wp-json\/wp\/v2\/media?parent=47159"}],"wp:term":[{"taxonomy":"product_brand","embeddable":true,"href":"https:\/\/xstyle.md\/ro\/wp-json\/wp\/v2\/product_brand?post=47159"},{"taxonomy":"product_cat","embeddable":true,"href":"https:\/\/xstyle.md\/ro\/wp-json\/wp\/v2\/product_cat?post=47159"},{"taxonomy":"product_tag","embeddable":true,"href":"https:\/\/xstyle.md\/ro\/wp-json\/wp\/v2\/product_tag?post=47159"}],"curies":[{"name":"wp","href":"https:\/\/api.w.org\/{rel}","templated":true}]}}