{"id":47149,"date":"2022-03-24T17:13:36","date_gmt":"2022-03-24T14:13:36","guid":{"rendered":"https:\/\/xstyle.md\/?post_type=product&#038;p=47149"},"modified":"2025-10-24T12:23:03","modified_gmt":"2025-10-24T09:23:03","slug":"nozh-boker-magnum-black-carbon","status":"publish","type":"product","link":"https:\/\/xstyle.md\/ro\/produs\/nozh-boker-magnum-black-carbon\/","title":{"rendered":"Cu\u021bit Boker Magnum Black Carbon"},"content":{"rendered":"<\/p>\n<p><strong>Boker Magnum Black Carbon<\/strong> &#8212; cu\u021bit pliabil tactic \u0219i de zi cu zi. Este u\u0219or \u0219i durabil, cu o lam\u0103 lung\u0103 \u0219i ascu\u021bit\u0103, acoperit\u0103 cu un finisaj negru care face ca o\u021belul inoxidabil s\u0103 fie \u0219i mai invulnerabil la rugin\u0103. Lama \u00een form\u0103 de suli\u021b\u0103 a cu\u021bitului este excelent\u0103 pentru t\u0103iere, precum \u0219i pentru lovituri de \u00eenjunghiere \u0219i penetrare. Pute\u021bi folosi o singur\u0103 m\u00e2n\u0103 pentru a deschide lama cu o mic\u0103 clapet\u0103, dar dac\u0103 nu exist\u0103 o astfel de urgen\u021b\u0103, cu\u021bitul poate fi deschis cu u\u0219urin\u021b\u0103 cu gaura oval\u0103 pentru unghii.<\/p>\n<p>M\u00e2nerul cu\u021bitului nu \u00eempov\u0103reaz\u0103 greutatea total\u0103 a acestuia, deoarece este realizat din c\u0103ptu\u0219eal\u0103 metalic\u0103 robust\u0103, cu c\u0103ptu\u0219eal\u0103 profilat\u0103 din fibr\u0103 de carbon foarte frumos lucrat\u0103, cu textur\u0103 irizat\u0103. Pe burta acestuia exist\u0103 curbe tehnologice pentru amplasarea degetelor, iar aripioara din o\u021bel, care continu\u0103 pantoful, \u00een pozi\u021bie deschis\u0103 serve\u0219te ca un fel de protec\u021bie pentru palma m\u00e2inii \u0219i locul de odihn\u0103 al acesteia. Un mecanism de \u00eenchidere fiabil este Liner Lock, cu o crest\u0103tur\u0103 fin\u0103 pe placa de deschidere, care permite plierea mai rapid\u0103 a cu\u021bitului, cu cel mai mic efort. Clipul de buzunar are un profil lung, \u00eengust \u0219i perforat \u0219i permite ca briceagul s\u0103 fie purtat \u00een pozi\u021bie de v\u00e2rf \u00een jos. Orificiul de trecere pentru m\u00e2ner extinde posibilit\u0103\u021bile de utilizare \u00een siguran\u021b\u0103 a instrumentului. Cu\u021bitul Boker Magnum Black Carbon este livrat \u00eentr-o cutie de cadou frumoas\u0103, realizat\u0103 din metal sub\u021bire.<\/p>\n<h3>Caracteristici<\/h3>\n<ul>\n<li>Tip cu\u021bit: pliabil<\/li>\n<li>Tip de t\u0103i\u0219: regulat<\/li>\n<li>Tip de blocare: Liner Lock<\/li>\n<li>Lungime total\u0103: 20,5 cm<\/li>\n<li>Lungimea lamei: 9 cm<\/li>\n<li>Material m\u00e2ner: fibr\u0103 de carbon<\/li>\n<li>Duritatea o\u021belului: 55-56 HRC<\/li>\n<li>Grad de o\u021bel: 440A<\/li>\n<li>Greutate: 95g.<\/li>\n<\/ul>\n<h3>Marca<\/h3>\n<p>B\u00f6ker este una dintre cele mai vechi companii germane, cu o istorie care dateaz\u0103 \u00eenc\u0103 din Evul Mediu t\u00e2rziu. Produc\u021bia familial\u0103 de s\u0103bii s-a dezvoltat \u00eentr-o gam\u0103 larg\u0103 de cu\u021bite, de la cu\u021bite de buc\u0103t\u0103rie la cu\u021bite de colec\u021bie. Iar emblema companiei, folosit\u0103 de mai bine de 150 de ani, este puternicul castan care a crescut l\u00e2ng\u0103 fabric\u0103.<\/p>\n<p>La fabricarea cu\u021bitelor se utilizeaz\u0103 o\u021bel german de \u00eenalt\u0103 calitate de la Solingen, precum \u0219i o\u021bel Damasc &#8212; materiale care s-au dovedit a fi durabile \u0219i ascu\u021bite pentru o perioad\u0103 lung\u0103 de timp. M\u00e2nerele sunt \u00eencrustate cu lemn valoros, ceramic\u0103, plastic. Produsele sunt reprezentate de o gam\u0103 larg\u0103 de forme de lame, toate modelele sunt surprinz\u0103tor de ergonomice \u0219i perfect echilibrate.<\/p>\n<p>Respectul pentru tradi\u021bie merge m\u00e2n\u0103 \u00een m\u00e2n\u0103 cu designul inovator. Toate acestea inspir\u0103 milioane de entuzia\u0219ti \u0219i utilizatori de cu\u021bite care au ajuns deja s\u0103 aprecieze fiabilitatea, originalitatea, func\u021bionalitatea \u0219i calitatea \u00eenalt\u0103 \u0219i de neegalat a produselor B\u00f6ker.<\/p>\n<p><\/p>","protected":false},"excerpt":{"rendered":"","protected":false},"featured_media":47228,"comment_status":"open","ping_status":"closed","template":"","meta":{"_acf_changed":false,"inline_featured_image":false},"product_brand":[1392],"product_cat":[169],"product_tag":[],"class_list":{"0":"post-47149","1":"product","2":"type-product","3":"status-publish","4":"has-post-thumbnail","6":"product_brand-boker","7":"product_cat-knives","9":"first","10":"instock","11":"shipping-taxable","12":"purchasable","13":"product-type-simple"},"acf":[],"yoast_head":"<!-- This site is optimized with the Yoast SEO plugin v27.4 - https:\/\/yoast.com\/product\/yoast-seo-wordpress\/ -->\n<title>\u041d\u043e\u0436 Boker Magnum Black Carbon - \u041c\u0430\u0433\u0430\u0437\u0438\u043d Xstyle<\/title>\n<meta name=\"description\" content=\"\u041a\u0443\u043f\u0438\u0442\u0435 \u0441\u043a\u043b\u0430\u0434\u043d\u043e\u0439 \u043d\u043e\u0436 Boker Magnum Black Carbon: \u043b\u0435\u0433\u043a\u0438\u0439, \u043f\u0440\u043e\u0447\u043d\u044b\u0439, \u0441 \u0434\u043b\u0438\u043d\u043d\u044b\u043c \u043b\u0435\u0437\u0432\u0438\u0435\u043c \u0438 \u0447\u0435\u0440\u043d\u044b\u043c \u043f\u043e\u043a\u0440\u044b\u0442\u0438\u0435\u043c. \u0418\u0434\u0435\u0430\u043b\u0435\u043d \u0434\u043b\u044f \u0442\u0430\u043a\u0442\u0438\u0447\u0435\u0441\u043a\u043e\u0433\u043e \u0438 \u043f\u043e\u0432\u0441\u0435\u0434\u043d\u0435\u0432\u043d\u043e\u0433\u043e \u0438\u0441\u043f\u043e\u043b\u044c\u0437\u043e\u0432\u0430\u043d\u0438\u044f.\" \/>\n<meta name=\"robots\" content=\"index, follow, max-snippet:-1, max-image-preview:large, max-video-preview:-1\" \/>\n<link rel=\"canonical\" href=\"https:\/\/xstyle.md\/ro\/produs\/nozh-boker-magnum-black-carbon\/\" \/>\n<meta property=\"og:locale\" content=\"ro_RO\" \/>\n<meta property=\"og:type\" content=\"article\" \/>\n<meta property=\"og:title\" content=\"\u041d\u043e\u0436 Boker Magnum Black Carbon - \u041c\u0430\u0433\u0430\u0437\u0438\u043d Xstyle\" \/>\n<meta property=\"og:description\" content=\"\u041a\u0443\u043f\u0438\u0442\u0435 \u0441\u043a\u043b\u0430\u0434\u043d\u043e\u0439 \u043d\u043e\u0436 Boker Magnum Black Carbon: \u043b\u0435\u0433\u043a\u0438\u0439, \u043f\u0440\u043e\u0447\u043d\u044b\u0439, \u0441 \u0434\u043b\u0438\u043d\u043d\u044b\u043c \u043b\u0435\u0437\u0432\u0438\u0435\u043c \u0438 \u0447\u0435\u0440\u043d\u044b\u043c \u043f\u043e\u043a\u0440\u044b\u0442\u0438\u0435\u043c. \u0418\u0434\u0435\u0430\u043b\u0435\u043d \u0434\u043b\u044f \u0442\u0430\u043a\u0442\u0438\u0447\u0435\u0441\u043a\u043e\u0433\u043e \u0438 \u043f\u043e\u0432\u0441\u0435\u0434\u043d\u0435\u0432\u043d\u043e\u0433\u043e \u0438\u0441\u043f\u043e\u043b\u044c\u0437\u043e\u0432\u0430\u043d\u0438\u044f.\" \/>\n<meta property=\"og:url\" content=\"https:\/\/xstyle.md\/ro\/produs\/nozh-boker-magnum-black-carbon\/\" \/>\n<meta property=\"og:site_name\" content=\"\u041c\u0430\u0433\u0430\u0437\u0438\u043d Xstyle\" \/>\n<meta property=\"article:publisher\" content=\"https:\/\/www.facebook.com\/xstylemd\" \/>\n<meta property=\"article:modified_time\" content=\"2025-10-24T09:23:03+00:00\" \/>\n<meta property=\"og:image\" content=\"https:\/\/xstyle.md\/wp-content\/uploads\/2022\/03\/boker-magnum-black-carbon.jpg\" \/>\n\t<meta property=\"og:image:width\" content=\"458\" \/>\n\t<meta property=\"og:image:height\" content=\"478\" \/>\n\t<meta property=\"og:image:type\" content=\"image\/jpeg\" \/>\n<meta name=\"twitter:card\" content=\"summary_large_image\" \/>\n<meta name=\"twitter:label1\" content=\"Pre\u021b\" \/>\n\t<meta name=\"twitter:data1\" content=\"790&nbsp;MDL\" \/>\n\t<meta name=\"twitter:label2\" content=\"Disponibilitate\" \/>\n\t<meta name=\"twitter:data2\" content=\"\u00cen stoc\" \/>\n<script type=\"application\/ld+json\" class=\"yoast-schema-graph\">{\"@context\":\"https:\\\/\\\/schema.org\",\"@graph\":[{\"@type\":\"WebPage\",\"@id\":\"https:\\\/\\\/xstyle.md\\\/product\\\/nozh-boker-magnum-black-carbon\\\/\",\"url\":\"https:\\\/\\\/xstyle.md\\\/product\\\/nozh-boker-magnum-black-carbon\\\/\",\"name\":\"\u041d\u043e\u0436 Boker Magnum Black Carbon - \u041c\u0430\u0433\u0430\u0437\u0438\u043d Xstyle\",\"isPartOf\":{\"@id\":\"https:\\\/\\\/xstyle.md\\\/#website\"},\"primaryImageOfPage\":{\"@id\":\"https:\\\/\\\/xstyle.md\\\/product\\\/nozh-boker-magnum-black-carbon\\\/#primaryimage\"},\"image\":{\"@id\":\"https:\\\/\\\/xstyle.md\\\/product\\\/nozh-boker-magnum-black-carbon\\\/#primaryimage\"},\"thumbnailUrl\":\"https:\\\/\\\/xstyle.md\\\/wp-content\\\/uploads\\\/2022\\\/03\\\/boker-magnum-black-carbon.jpg\",\"datePublished\":\"2022-03-24T14:13:36+00:00\",\"dateModified\":\"2025-10-24T09:23:03+00:00\",\"description\":\"\u041a\u0443\u043f\u0438\u0442\u0435 \u0441\u043a\u043b\u0430\u0434\u043d\u043e\u0439 \u043d\u043e\u0436 Boker Magnum Black Carbon: \u043b\u0435\u0433\u043a\u0438\u0439, \u043f\u0440\u043e\u0447\u043d\u044b\u0439, \u0441 \u0434\u043b\u0438\u043d\u043d\u044b\u043c \u043b\u0435\u0437\u0432\u0438\u0435\u043c \u0438 \u0447\u0435\u0440\u043d\u044b\u043c \u043f\u043e\u043a\u0440\u044b\u0442\u0438\u0435\u043c. \u0418\u0434\u0435\u0430\u043b\u0435\u043d \u0434\u043b\u044f \u0442\u0430\u043a\u0442\u0438\u0447\u0435\u0441\u043a\u043e\u0433\u043e \u0438 \u043f\u043e\u0432\u0441\u0435\u0434\u043d\u0435\u0432\u043d\u043e\u0433\u043e \u0438\u0441\u043f\u043e\u043b\u044c\u0437\u043e\u0432\u0430\u043d\u0438\u044f.\",\"breadcrumb\":{\"@id\":\"https:\\\/\\\/xstyle.md\\\/product\\\/nozh-boker-magnum-black-carbon\\\/#breadcrumb\"},\"inLanguage\":\"ro-RO\",\"potentialAction\":[{\"@type\":\"ReadAction\",\"target\":[\"https:\\\/\\\/xstyle.md\\\/product\\\/nozh-boker-magnum-black-carbon\\\/\"]}]},{\"@type\":\"ImageObject\",\"inLanguage\":\"ro-RO\",\"@id\":\"https:\\\/\\\/xstyle.md\\\/product\\\/nozh-boker-magnum-black-carbon\\\/#primaryimage\",\"url\":\"https:\\\/\\\/xstyle.md\\\/wp-content\\\/uploads\\\/2022\\\/03\\\/boker-magnum-black-carbon.jpg\",\"contentUrl\":\"https:\\\/\\\/xstyle.md\\\/wp-content\\\/uploads\\\/2022\\\/03\\\/boker-magnum-black-carbon.jpg\",\"width\":458,\"height\":478,\"caption\":\"\u0422\u0430\u043a\u0442\u0438\u043b\u044c\u043d\u044b\u0439 \u043d\u043e\u0436 Boker Magnum Black Carbon \u0434\u043b\u044f \u0430\u043a\u0442\u0438\u0432\u043d\u043e\u0433\u043e \u043e\u0442\u0434\u044b\u0445\u0430 \u2014 \u043f\u043e\u0445\u043e\u0434\u044b, \u0442\u0443\u0440\u0438\u0437\u043c, \u0430\u043b\u044c\u043f\u0438\u043d\u0438\u0437\u043c \u0438 \u043f\u0443\u0442\u0435\u0448\u0435\u0441\u0442\u0432\u0438\u044f\"},{\"@type\":\"BreadcrumbList\",\"@id\":\"https:\\\/\\\/xstyle.md\\\/product\\\/nozh-boker-magnum-black-carbon\\\/#breadcrumb\",\"itemListElement\":[{\"@type\":\"ListItem\",\"position\":1,\"name\":\"\u0413\u043b\u0430\u0432\u043d\u0430\u044f \u0441\u0442\u0440\u0430\u043d\u0438\u0446\u0430\",\"item\":\"https:\\\/\\\/xstyle.md\\\/\"},{\"@type\":\"ListItem\",\"position\":2,\"name\":\"\u041c\u0430\u0433\u0430\u0437\u0438\u043d\",\"item\":\"https:\\\/\\\/xstyle.md\\\/shop\\\/\"},{\"@type\":\"ListItem\",\"position\":3,\"name\":\"\u041d\u043e\u0436 Boker Magnum Black Carbon\"}]},{\"@type\":\"WebSite\",\"@id\":\"https:\\\/\\\/xstyle.md\\\/#website\",\"url\":\"https:\\\/\\\/xstyle.md\\\/\",\"name\":\"\u041c\u0430\u0433\u0430\u0437\u0438\u043d Xstyle\",\"description\":\"C\u043d\u0430\u0440\u044f\u0436\u0435\u043d\u0438\u0435 \u0434\u043b\u044f \u0442\u0443\u0440\u0438\u0437\u043c\u0430 \u0438 \u044d\u043a\u0441\u0442\u0440\u0435\u043c\u0430\u043b\u044c\u043d\u044b\u0445 \u0432\u0438\u0434\u043e\u0432 \u0441\u043f\u043e\u0440\u0442\u0430 \u0432 \u041c\u043e\u043b\u0434\u043e\u0432\u0435.. \u0426\u0435\u043d\u044b, \u0444\u043e\u0442\u043e, \u0445\u0430\u0440\u0430\u043a\u0442\u0435\u0440\u0438\u0441\u0442\u0438\u043a\u0438 \u0432 \u041c\u043e\u043b\u0434\u043e\u0432\u0435.\",\"publisher\":{\"@id\":\"https:\\\/\\\/xstyle.md\\\/#organization\"},\"alternateName\":\"X-Style\",\"potentialAction\":[{\"@type\":\"SearchAction\",\"target\":{\"@type\":\"EntryPoint\",\"urlTemplate\":\"https:\\\/\\\/xstyle.md\\\/?s={search_term_string}\"},\"query-input\":{\"@type\":\"PropertyValueSpecification\",\"valueRequired\":true,\"valueName\":\"search_term_string\"}}],\"inLanguage\":\"ro-RO\"},{\"@type\":\"Organization\",\"@id\":\"https:\\\/\\\/xstyle.md\\\/#organization\",\"name\":\"\u041c\u0430\u0433\u0430\u0437\u0438\u043d Xstyle\",\"alternateName\":\"x-style\",\"url\":\"https:\\\/\\\/xstyle.md\\\/\",\"logo\":{\"@type\":\"ImageObject\",\"inLanguage\":\"ro-RO\",\"@id\":\"https:\\\/\\\/xstyle.md\\\/#\\\/schema\\\/logo\\\/image\\\/\",\"url\":\"https:\\\/\\\/xstyle.md\\\/wp-content\\\/uploads\\\/2020\\\/06\\\/logoicon.svg\",\"contentUrl\":\"https:\\\/\\\/xstyle.md\\\/wp-content\\\/uploads\\\/2020\\\/06\\\/logoicon.svg\",\"caption\":\"\u041c\u0430\u0433\u0430\u0437\u0438\u043d Xstyle\"},\"image\":{\"@id\":\"https:\\\/\\\/xstyle.md\\\/#\\\/schema\\\/logo\\\/image\\\/\"},\"sameAs\":[\"https:\\\/\\\/www.facebook.com\\\/xstylemd\",\"https:\\\/\\\/www.instagram.com\\\/xstyle_md\\\/\",\"https:\\\/\\\/t.me\\\/xstyle_outdoor\"],\"hasMerchantReturnPolicy\":{\"@type\":\"MerchantReturnPolicy\",\"merchantReturnLink\":\"https:\\\/\\\/xstyle.md\\\/ro\\\/conditions\\\/\"}}]}<\/script>\n<meta property=\"product:price:amount\" content=\"790.00\" \/>\n<meta property=\"product:price:currency\" content=\"MDL\" \/>\n<meta property=\"og:availability\" content=\"instock\" \/>\n<meta property=\"product:availability\" content=\"instock\" \/>\n<meta property=\"product:retailer_item_id\" content=\"4045011139673\" \/>\n<meta property=\"product:condition\" content=\"new\" \/>\n<!-- \/ Yoast SEO plugin. -->","yoast_head_json":{"title":"Cu\u021bit Boker Magnum Black Carbon - Magazin Xstyle","description":"Cump\u0103ra\u021bi cu\u021bitul pliabil Boker Magnum Black Carbon: u\u0219or, rezistent, cu o lam\u0103 lung\u0103 \u0219i un finisaj negru. Ideal pentru utilizare tactic\u0103 \u0219i zilnic\u0103.","robots":{"index":"index","follow":"follow","max-snippet":"max-snippet:-1","max-image-preview":"max-image-preview:large","max-video-preview":"max-video-preview:-1"},"canonical":"https:\/\/xstyle.md\/ro\/produs\/nozh-boker-magnum-black-carbon\/","og_locale":"ro_RO","og_type":"article","og_title":"\u041d\u043e\u0436 Boker Magnum Black Carbon - \u041c\u0430\u0433\u0430\u0437\u0438\u043d Xstyle","og_description":"\u041a\u0443\u043f\u0438\u0442\u0435 \u0441\u043a\u043b\u0430\u0434\u043d\u043e\u0439 \u043d\u043e\u0436 Boker Magnum Black Carbon: \u043b\u0435\u0433\u043a\u0438\u0439, \u043f\u0440\u043e\u0447\u043d\u044b\u0439, \u0441 \u0434\u043b\u0438\u043d\u043d\u044b\u043c \u043b\u0435\u0437\u0432\u0438\u0435\u043c \u0438 \u0447\u0435\u0440\u043d\u044b\u043c \u043f\u043e\u043a\u0440\u044b\u0442\u0438\u0435\u043c. \u0418\u0434\u0435\u0430\u043b\u0435\u043d \u0434\u043b\u044f \u0442\u0430\u043a\u0442\u0438\u0447\u0435\u0441\u043a\u043e\u0433\u043e \u0438 \u043f\u043e\u0432\u0441\u0435\u0434\u043d\u0435\u0432\u043d\u043e\u0433\u043e \u0438\u0441\u043f\u043e\u043b\u044c\u0437\u043e\u0432\u0430\u043d\u0438\u044f.","og_url":"https:\/\/xstyle.md\/ro\/produs\/nozh-boker-magnum-black-carbon\/","og_site_name":"\u041c\u0430\u0433\u0430\u0437\u0438\u043d Xstyle","article_publisher":"https:\/\/www.facebook.com\/xstylemd","article_modified_time":"2025-10-24T09:23:03+00:00","og_image":[{"width":458,"height":478,"url":"https:\/\/xstyle.md\/wp-content\/uploads\/2022\/03\/boker-magnum-black-carbon.jpg","type":"image\/jpeg"}],"twitter_card":"summary_large_image","twitter_misc":{"Pre\u021b":"790&nbsp;MDL","Disponibilitate":"\u00cen stoc"},"schema":{"@context":"https:\/\/schema.org","@graph":[{"@type":"WebPage","@id":"https:\/\/xstyle.md\/product\/nozh-boker-magnum-black-carbon\/","url":"https:\/\/xstyle.md\/product\/nozh-boker-magnum-black-carbon\/","name":"Cu\u021bit Boker Magnum Black Carbon - Magazin Xstyle","isPartOf":{"@id":"https:\/\/xstyle.md\/#website"},"primaryImageOfPage":{"@id":"https:\/\/xstyle.md\/product\/nozh-boker-magnum-black-carbon\/#primaryimage"},"image":{"@id":"https:\/\/xstyle.md\/product\/nozh-boker-magnum-black-carbon\/#primaryimage"},"thumbnailUrl":"https:\/\/xstyle.md\/wp-content\/uploads\/2022\/03\/boker-magnum-black-carbon.jpg","datePublished":"2022-03-24T14:13:36+00:00","dateModified":"2025-10-24T09:23:03+00:00","description":"Cump\u0103ra\u021bi cu\u021bitul pliabil Boker Magnum Black Carbon: u\u0219or, rezistent, cu o lam\u0103 lung\u0103 \u0219i un finisaj negru. Ideal pentru utilizare tactic\u0103 \u0219i zilnic\u0103.","breadcrumb":{"@id":"https:\/\/xstyle.md\/product\/nozh-boker-magnum-black-carbon\/#breadcrumb"},"inLanguage":"ro-RO","potentialAction":[{"@type":"ReadAction","target":["https:\/\/xstyle.md\/product\/nozh-boker-magnum-black-carbon\/"]}]},{"@type":"ImageObject","inLanguage":"ro-RO","@id":"https:\/\/xstyle.md\/product\/nozh-boker-magnum-black-carbon\/#primaryimage","url":"https:\/\/xstyle.md\/wp-content\/uploads\/2022\/03\/boker-magnum-black-carbon.jpg","contentUrl":"https:\/\/xstyle.md\/wp-content\/uploads\/2022\/03\/boker-magnum-black-carbon.jpg","width":458,"height":478,"caption":"\u0422\u0430\u043a\u0442\u0438\u043b\u044c\u043d\u044b\u0439 \u043d\u043e\u0436 Boker Magnum Black Carbon \u0434\u043b\u044f \u0430\u043a\u0442\u0438\u0432\u043d\u043e\u0433\u043e \u043e\u0442\u0434\u044b\u0445\u0430 \u2014 \u043f\u043e\u0445\u043e\u0434\u044b, \u0442\u0443\u0440\u0438\u0437\u043c, \u0430\u043b\u044c\u043f\u0438\u043d\u0438\u0437\u043c \u0438 \u043f\u0443\u0442\u0435\u0448\u0435\u0441\u0442\u0432\u0438\u044f"},{"@type":"BreadcrumbList","@id":"https:\/\/xstyle.md\/product\/nozh-boker-magnum-black-carbon\/#breadcrumb","itemListElement":[{"@type":"ListItem","position":1,"name":"\u0413\u043b\u0430\u0432\u043d\u0430\u044f \u0441\u0442\u0440\u0430\u043d\u0438\u0446\u0430","item":"https:\/\/xstyle.md\/"},{"@type":"ListItem","position":2,"name":"\u041c\u0430\u0433\u0430\u0437\u0438\u043d","item":"https:\/\/xstyle.md\/shop\/"},{"@type":"ListItem","position":3,"name":"\u041d\u043e\u0436 Boker Magnum Black Carbon"}]},{"@type":"WebSite","@id":"https:\/\/xstyle.md\/#website","url":"https:\/\/xstyle.md\/","name":"Magazinul X-Style","description":"Echipamente pentru turism \u0219i sporturi extreme \u00een Moldova. Pre\u021buri, fotografii, caracteristici \u00een Moldova.","publisher":{"@id":"https:\/\/xstyle.md\/#organization"},"alternateName":"X-Style","potentialAction":[{"@type":"SearchAction","target":{"@type":"EntryPoint","urlTemplate":"https:\/\/xstyle.md\/?s={search_term_string}"},"query-input":{"@type":"PropertyValueSpecification","valueRequired":true,"valueName":"search_term_string"}}],"inLanguage":"ro-RO"},{"@type":"Organization","@id":"https:\/\/xstyle.md\/#organization","name":"Magazinul X-Style","alternateName":"x-style","url":"https:\/\/xstyle.md\/","logo":{"@type":"ImageObject","inLanguage":"ro-RO","@id":"https:\/\/xstyle.md\/#\/schema\/logo\/image\/","url":"https:\/\/xstyle.md\/wp-content\/uploads\/2020\/06\/logoicon.svg","contentUrl":"https:\/\/xstyle.md\/wp-content\/uploads\/2020\/06\/logoicon.svg","caption":"\u041c\u0430\u0433\u0430\u0437\u0438\u043d Xstyle"},"image":{"@id":"https:\/\/xstyle.md\/#\/schema\/logo\/image\/"},"sameAs":["https:\/\/www.facebook.com\/xstylemd","https:\/\/www.instagram.com\/xstyle_md\/","https:\/\/t.me\/xstyle_outdoor"],"hasMerchantReturnPolicy":{"@type":"MerchantReturnPolicy","merchantReturnLink":"https:\/\/xstyle.md\/ro\/conditions\/"}}]},"product_price_amount":"790.00","product_price_currency":"MDL","og_availability":"instock","product_availability":"instock","product_retailer_item_id":"4045011139673","product_condition":"new"},"_links":{"self":[{"href":"https:\/\/xstyle.md\/ro\/wp-json\/wp\/v2\/product\/47149","targetHints":{"allow":["GET"]}}],"collection":[{"href":"https:\/\/xstyle.md\/ro\/wp-json\/wp\/v2\/product"}],"about":[{"href":"https:\/\/xstyle.md\/ro\/wp-json\/wp\/v2\/types\/product"}],"replies":[{"embeddable":true,"href":"https:\/\/xstyle.md\/ro\/wp-json\/wp\/v2\/comments?post=47149"}],"wp:featuredmedia":[{"embeddable":true,"href":"https:\/\/xstyle.md\/ro\/wp-json\/wp\/v2\/media\/47228"}],"wp:attachment":[{"href":"https:\/\/xstyle.md\/ro\/wp-json\/wp\/v2\/media?parent=47149"}],"wp:term":[{"taxonomy":"product_brand","embeddable":true,"href":"https:\/\/xstyle.md\/ro\/wp-json\/wp\/v2\/product_brand?post=47149"},{"taxonomy":"product_cat","embeddable":true,"href":"https:\/\/xstyle.md\/ro\/wp-json\/wp\/v2\/product_cat?post=47149"},{"taxonomy":"product_tag","embeddable":true,"href":"https:\/\/xstyle.md\/ro\/wp-json\/wp\/v2\/product_tag?post=47149"}],"curies":[{"name":"wp","href":"https:\/\/api.w.org\/{rel}","templated":true}]}}