{"id":47146,"date":"2022-03-24T17:13:36","date_gmt":"2022-03-24T14:13:36","guid":{"rendered":"https:\/\/xstyle.md\/?post_type=product&#038;p=47146"},"modified":"2026-02-12T19:59:00","modified_gmt":"2026-02-12T16:59:00","slug":"nozh-boker-magnum-advance-all-black-pro","status":"publish","type":"product","link":"https:\/\/xstyle.md\/ro\/produs\/nozh-boker-magnum-advance-all-black-pro\/","title":{"rendered":"Cu\u021bit Boker Magnum Advance All Black Pro"},"content":{"rendered":"<\/p>\n<p><strong>Boker Magnum Advance All Black Pro<\/strong> &#8212; cu\u021bit tactic premium. Fulgii din plastic ranforsat cu fibre au un m\u00e2ner mic pentru o prindere sigur\u0103 cu sau f\u0103r\u0103 m\u0103nu\u0219i. Lama este fabricat\u0103 din o\u021bel inoxidabil 440C, are un finisaj negru \u0219i o muchie interioar\u0103 radiat\u0103 larg\u0103 care serve\u0219te drept suport pentru degetul mare. Liner Lock pozi\u021bionat cu precizie men\u021bine cu\u021bitul ordonat \u0219i sigur la locul s\u0103u. Versiunea cu o singur\u0103 m\u00e2n\u0103, cu aripioare \u0219i proeminen\u021b\u0103 pentru degetul mare, este ideal\u0103 pentru utilizarea \u00een condi\u021bii nefavorabile, cum ar fi vremea rece, noroiul sau ploaia, sau atunci c\u00e2nd fiecare secund\u0103 conteaz\u0103. Clipul cu balamale late este, de asemenea, acoperit cu negru \u0219i se fixeaz\u0103 \u00een siguran\u021b\u0103 cu trei \u0219uruburi. Vine cu o hus\u0103 de nailon durabil\u0103 pentru centur\u0103 cu \u00eenchidere cu c\u00e2rlig \u0219i bucl\u0103.<\/p>\n<h3>Caracteristici<\/h3>\n<ul>\n<li>Tip cu\u021bit: pliabil<\/li>\n<li>Tip de t\u0103i\u0219: regulat<\/li>\n<li>Tip de blocare: Liner Lock<\/li>\n<li>Lungime total\u0103: 19,5 cm<\/li>\n<li>Lungimea lamei: 8 cm<\/li>\n<li>Material m\u00e2ner: plastic<\/li>\n<li>Duritatea o\u021belului: 56-58 HRC<\/li>\n<li>Grad de o\u021bel: 440C<\/li>\n<li>Greutate: 117 g.<\/li>\n<\/ul>\n<h3>Marca<\/h3>\n<p>B\u00f6ker este una dintre cele mai vechi companii germane, cu o istorie care dateaz\u0103 \u00eenc\u0103 din Evul Mediu t\u00e2rziu. Produc\u021bia familial\u0103 de s\u0103bii s-a dezvoltat \u00eentr-o gam\u0103 larg\u0103 de cu\u021bite, de la cu\u021bite de buc\u0103t\u0103rie la cu\u021bite de colec\u021bie. Iar emblema companiei, folosit\u0103 de mai bine de 150 de ani, este puternicul castan care a crescut l\u00e2ng\u0103 fabric\u0103.<\/p>\n<p>La fabricarea cu\u021bitelor se utilizeaz\u0103 o\u021bel german de \u00eenalt\u0103 calitate de la Solingen, precum \u0219i o\u021bel Damasc &#8212; materiale care s-au dovedit a fi durabile \u0219i ascu\u021bite pentru o perioad\u0103 lung\u0103 de timp. M\u00e2nerele sunt \u00eencrustate cu lemn valoros, ceramic\u0103, plastic. Produsele sunt reprezentate de o gam\u0103 larg\u0103 de forme de lame, toate modelele sunt surprinz\u0103tor de ergonomice \u0219i perfect echilibrate.<\/p>\n<p>Respectul pentru tradi\u021bie merge m\u00e2n\u0103 \u00een m\u00e2n\u0103 cu designul inovator. Toate acestea inspir\u0103 milioane de entuzia\u0219ti \u0219i utilizatori de cu\u021bite care au ajuns deja s\u0103 aprecieze fiabilitatea, originalitatea, func\u021bionalitatea \u0219i calitatea \u00eenalt\u0103 \u0219i de neegalat a produselor B\u00f6ker.<\/p>\n<p><\/p>","protected":false},"excerpt":{"rendered":"","protected":false},"featured_media":47215,"comment_status":"open","ping_status":"closed","template":"","meta":{"_acf_changed":false,"inline_featured_image":false},"product_brand":[1392],"product_cat":[169],"product_tag":[],"class_list":{"0":"post-47146","1":"product","2":"type-product","3":"status-publish","4":"has-post-thumbnail","6":"product_brand-boker","7":"product_cat-knives","9":"first","10":"instock","11":"shipping-taxable","12":"purchasable","13":"product-type-simple"},"acf":[],"yoast_head":"<!-- This site is optimized with the Yoast SEO plugin v27.4 - https:\/\/yoast.com\/product\/yoast-seo-wordpress\/ -->\n<title>\u041d\u043e\u0436 Boker Magnum Advance All Black Pro - \u041c\u0430\u0433\u0430\u0437\u0438\u043d Xstyle<\/title>\n<meta name=\"description\" content=\"\u041d\u043e\u0436 Boker Magnum Advance All Black Pro - \u0442\u0430\u043a\u0442\u0438\u0447\u0435\u0441\u043a\u0438\u0439 \u043f\u0440\u0435\u043c\u0438\u0443\u043c-\u043d\u043e\u0436 \u0441 \u043b\u0435\u0437\u0432\u0438\u0435\u043c \u0438\u0437 \u043d\u0435\u0440\u0436\u0430\u0432\u0435\u044e\u0449\u0435\u0439 \u0441\u0442\u0430\u043b\u0438 440C \u0438 \u043d\u0430\u0434\u0435\u0436\u043d\u044b\u043c Liner Lock. \u0418\u0434\u0435\u0430\u043b\u0435\u043d \u0434\u043b\u044f \u0430\u043a\u0442\u0438\u0432\u043d\u043e\u0433\u043e \u0438\u0441\u043f\u043e\u043b\u044c\u0437\u043e\u0432\u0430\u043d\u0438\u044f!\" \/>\n<meta name=\"robots\" content=\"index, follow, max-snippet:-1, max-image-preview:large, max-video-preview:-1\" \/>\n<link rel=\"canonical\" href=\"https:\/\/xstyle.md\/ro\/produs\/nozh-boker-magnum-advance-all-black-pro\/\" \/>\n<meta property=\"og:locale\" content=\"ro_RO\" \/>\n<meta property=\"og:type\" content=\"article\" \/>\n<meta property=\"og:title\" content=\"\u041d\u043e\u0436 Boker Magnum Advance All Black Pro - \u041c\u0430\u0433\u0430\u0437\u0438\u043d Xstyle\" \/>\n<meta property=\"og:description\" content=\"\u041d\u043e\u0436 Boker Magnum Advance All Black Pro - \u0442\u0430\u043a\u0442\u0438\u0447\u0435\u0441\u043a\u0438\u0439 \u043f\u0440\u0435\u043c\u0438\u0443\u043c-\u043d\u043e\u0436 \u0441 \u043b\u0435\u0437\u0432\u0438\u0435\u043c \u0438\u0437 \u043d\u0435\u0440\u0436\u0430\u0432\u0435\u044e\u0449\u0435\u0439 \u0441\u0442\u0430\u043b\u0438 440C \u0438 \u043d\u0430\u0434\u0435\u0436\u043d\u044b\u043c Liner Lock. \u0418\u0434\u0435\u0430\u043b\u0435\u043d \u0434\u043b\u044f \u0430\u043a\u0442\u0438\u0432\u043d\u043e\u0433\u043e \u0438\u0441\u043f\u043e\u043b\u044c\u0437\u043e\u0432\u0430\u043d\u0438\u044f!\" \/>\n<meta property=\"og:url\" content=\"https:\/\/xstyle.md\/ro\/produs\/nozh-boker-magnum-advance-all-black-pro\/\" \/>\n<meta property=\"og:site_name\" content=\"\u041c\u0430\u0433\u0430\u0437\u0438\u043d Xstyle\" \/>\n<meta property=\"article:publisher\" content=\"https:\/\/www.facebook.com\/xstylemd\" \/>\n<meta property=\"article:modified_time\" content=\"2026-02-12T16:59:00+00:00\" \/>\n<meta property=\"og:image\" content=\"https:\/\/xstyle.md\/wp-content\/uploads\/2022\/03\/boker-magnum-advance-all-black-pro.jpg\" \/>\n\t<meta property=\"og:image:width\" content=\"485\" \/>\n\t<meta property=\"og:image:height\" content=\"448\" \/>\n\t<meta property=\"og:image:type\" content=\"image\/jpeg\" \/>\n<meta name=\"twitter:card\" content=\"summary_large_image\" \/>\n<meta name=\"twitter:label1\" content=\"Pre\u021b\" \/>\n\t<meta name=\"twitter:data1\" content=\"670&nbsp;MDL\" \/>\n\t<meta name=\"twitter:label2\" content=\"Disponibilitate\" \/>\n\t<meta name=\"twitter:data2\" content=\"\u00cen stoc\" \/>\n<script type=\"application\/ld+json\" class=\"yoast-schema-graph\">{\"@context\":\"https:\\\/\\\/schema.org\",\"@graph\":[{\"@type\":\"WebPage\",\"@id\":\"https:\\\/\\\/xstyle.md\\\/product\\\/nozh-boker-magnum-advance-all-black-pro\\\/\",\"url\":\"https:\\\/\\\/xstyle.md\\\/product\\\/nozh-boker-magnum-advance-all-black-pro\\\/\",\"name\":\"\u041d\u043e\u0436 Boker Magnum Advance All Black Pro - \u041c\u0430\u0433\u0430\u0437\u0438\u043d Xstyle\",\"isPartOf\":{\"@id\":\"https:\\\/\\\/xstyle.md\\\/#website\"},\"primaryImageOfPage\":{\"@id\":\"https:\\\/\\\/xstyle.md\\\/product\\\/nozh-boker-magnum-advance-all-black-pro\\\/#primaryimage\"},\"image\":{\"@id\":\"https:\\\/\\\/xstyle.md\\\/product\\\/nozh-boker-magnum-advance-all-black-pro\\\/#primaryimage\"},\"thumbnailUrl\":\"https:\\\/\\\/xstyle.md\\\/wp-content\\\/uploads\\\/2022\\\/03\\\/boker-magnum-advance-all-black-pro.jpg\",\"datePublished\":\"2022-03-24T14:13:36+00:00\",\"dateModified\":\"2026-02-12T16:59:00+00:00\",\"description\":\"\u041d\u043e\u0436 Boker Magnum Advance All Black Pro - \u0442\u0430\u043a\u0442\u0438\u0447\u0435\u0441\u043a\u0438\u0439 \u043f\u0440\u0435\u043c\u0438\u0443\u043c-\u043d\u043e\u0436 \u0441 \u043b\u0435\u0437\u0432\u0438\u0435\u043c \u0438\u0437 \u043d\u0435\u0440\u0436\u0430\u0432\u0435\u044e\u0449\u0435\u0439 \u0441\u0442\u0430\u043b\u0438 440C \u0438 \u043d\u0430\u0434\u0435\u0436\u043d\u044b\u043c Liner Lock. \u0418\u0434\u0435\u0430\u043b\u0435\u043d \u0434\u043b\u044f \u0430\u043a\u0442\u0438\u0432\u043d\u043e\u0433\u043e \u0438\u0441\u043f\u043e\u043b\u044c\u0437\u043e\u0432\u0430\u043d\u0438\u044f!\",\"breadcrumb\":{\"@id\":\"https:\\\/\\\/xstyle.md\\\/product\\\/nozh-boker-magnum-advance-all-black-pro\\\/#breadcrumb\"},\"inLanguage\":\"ro-RO\",\"potentialAction\":[{\"@type\":\"ReadAction\",\"target\":[\"https:\\\/\\\/xstyle.md\\\/product\\\/nozh-boker-magnum-advance-all-black-pro\\\/\"]}]},{\"@type\":\"ImageObject\",\"inLanguage\":\"ro-RO\",\"@id\":\"https:\\\/\\\/xstyle.md\\\/product\\\/nozh-boker-magnum-advance-all-black-pro\\\/#primaryimage\",\"url\":\"https:\\\/\\\/xstyle.md\\\/wp-content\\\/uploads\\\/2022\\\/03\\\/boker-magnum-advance-all-black-pro.jpg\",\"contentUrl\":\"https:\\\/\\\/xstyle.md\\\/wp-content\\\/uploads\\\/2022\\\/03\\\/boker-magnum-advance-all-black-pro.jpg\",\"width\":485,\"height\":448,\"caption\":\"\u0422\u0443\u0440\u0438\u0441\u0442\u0438\u0447\u0435\u0441\u043a\u0438\u0439 \u043d\u043e\u0436 Boker Magnum Advance All Black Pro \u0434\u043b\u044f \u0430\u043a\u0442\u0438\u0432\u043d\u043e\u0433\u043e \u043e\u0442\u0434\u044b\u0445\u0430, \u0430\u043b\u044c\u043f\u0438\u043d\u0438\u0437\u043c\u0430 \u0438 \u043f\u0443\u0442\u0435\u0448\u0435\u0441\u0442\u0432\u0438\u0439 \u0432 \u043c\u0430\u0433\u0430\u0437\u0438\u043d\u0435 \u0441 \u043e\u0434\u0435\u0436\u0434\u043e\u0439 \u0438 \u043e\u0431\u0443\u0432\u044c\u044e \u0434\u043b\u044f \u0430\u043a\u0442\u0438\u0432\u043d\u044b\u0445 \u0432\u0438\u0434\u043e\u0432 \u0441\u043f\u043e\u0440\u0442\u0430\"},{\"@type\":\"BreadcrumbList\",\"@id\":\"https:\\\/\\\/xstyle.md\\\/product\\\/nozh-boker-magnum-advance-all-black-pro\\\/#breadcrumb\",\"itemListElement\":[{\"@type\":\"ListItem\",\"position\":1,\"name\":\"\u0413\u043b\u0430\u0432\u043d\u0430\u044f \u0441\u0442\u0440\u0430\u043d\u0438\u0446\u0430\",\"item\":\"https:\\\/\\\/xstyle.md\\\/\"},{\"@type\":\"ListItem\",\"position\":2,\"name\":\"\u041c\u0430\u0433\u0430\u0437\u0438\u043d\",\"item\":\"https:\\\/\\\/xstyle.md\\\/shop\\\/\"},{\"@type\":\"ListItem\",\"position\":3,\"name\":\"\u041d\u043e\u0436 Boker Magnum Advance All Black Pro\"}]},{\"@type\":\"WebSite\",\"@id\":\"https:\\\/\\\/xstyle.md\\\/#website\",\"url\":\"https:\\\/\\\/xstyle.md\\\/\",\"name\":\"\u041c\u0430\u0433\u0430\u0437\u0438\u043d Xstyle\",\"description\":\"C\u043d\u0430\u0440\u044f\u0436\u0435\u043d\u0438\u0435 \u0434\u043b\u044f \u0442\u0443\u0440\u0438\u0437\u043c\u0430 \u0438 \u044d\u043a\u0441\u0442\u0440\u0435\u043c\u0430\u043b\u044c\u043d\u044b\u0445 \u0432\u0438\u0434\u043e\u0432 \u0441\u043f\u043e\u0440\u0442\u0430 \u0432 \u041c\u043e\u043b\u0434\u043e\u0432\u0435.. \u0426\u0435\u043d\u044b, \u0444\u043e\u0442\u043e, \u0445\u0430\u0440\u0430\u043a\u0442\u0435\u0440\u0438\u0441\u0442\u0438\u043a\u0438 \u0432 \u041c\u043e\u043b\u0434\u043e\u0432\u0435.\",\"publisher\":{\"@id\":\"https:\\\/\\\/xstyle.md\\\/#organization\"},\"alternateName\":\"X-Style\",\"potentialAction\":[{\"@type\":\"SearchAction\",\"target\":{\"@type\":\"EntryPoint\",\"urlTemplate\":\"https:\\\/\\\/xstyle.md\\\/?s={search_term_string}\"},\"query-input\":{\"@type\":\"PropertyValueSpecification\",\"valueRequired\":true,\"valueName\":\"search_term_string\"}}],\"inLanguage\":\"ro-RO\"},{\"@type\":\"Organization\",\"@id\":\"https:\\\/\\\/xstyle.md\\\/#organization\",\"name\":\"\u041c\u0430\u0433\u0430\u0437\u0438\u043d Xstyle\",\"alternateName\":\"x-style\",\"url\":\"https:\\\/\\\/xstyle.md\\\/\",\"logo\":{\"@type\":\"ImageObject\",\"inLanguage\":\"ro-RO\",\"@id\":\"https:\\\/\\\/xstyle.md\\\/#\\\/schema\\\/logo\\\/image\\\/\",\"url\":\"https:\\\/\\\/xstyle.md\\\/wp-content\\\/uploads\\\/2020\\\/06\\\/logoicon.svg\",\"contentUrl\":\"https:\\\/\\\/xstyle.md\\\/wp-content\\\/uploads\\\/2020\\\/06\\\/logoicon.svg\",\"caption\":\"\u041c\u0430\u0433\u0430\u0437\u0438\u043d Xstyle\"},\"image\":{\"@id\":\"https:\\\/\\\/xstyle.md\\\/#\\\/schema\\\/logo\\\/image\\\/\"},\"sameAs\":[\"https:\\\/\\\/www.facebook.com\\\/xstylemd\",\"https:\\\/\\\/www.instagram.com\\\/xstyle_md\\\/\",\"https:\\\/\\\/t.me\\\/xstyle_outdoor\"],\"hasMerchantReturnPolicy\":{\"@type\":\"MerchantReturnPolicy\",\"merchantReturnLink\":\"https:\\\/\\\/xstyle.md\\\/ro\\\/conditions\\\/\"}}]}<\/script>\n<meta property=\"product:price:amount\" content=\"670.00\" \/>\n<meta property=\"product:price:currency\" content=\"MDL\" \/>\n<meta property=\"og:availability\" content=\"instock\" \/>\n<meta property=\"product:availability\" content=\"instock\" \/>\n<meta property=\"product:retailer_item_id\" content=\"4045011186417\" \/>\n<meta property=\"product:condition\" content=\"new\" \/>\n<!-- \/ Yoast SEO plugin. -->","yoast_head_json":{"title":"Cu\u021bit Boker Magnum Advance All Black Pro - Magazin Xstyle","description":"Cu\u021bitul Boker Magnum Advance All Black Pro - un cu\u021bit tactic premium cu lam\u0103 din o\u021bel inoxidabil 440C \u0219i un mecanism de blocare Liner Lock de \u00eencredere. Ideal pentru utilizare activ\u0103!","robots":{"index":"index","follow":"follow","max-snippet":"max-snippet:-1","max-image-preview":"max-image-preview:large","max-video-preview":"max-video-preview:-1"},"canonical":"https:\/\/xstyle.md\/ro\/produs\/nozh-boker-magnum-advance-all-black-pro\/","og_locale":"ro_RO","og_type":"article","og_title":"\u041d\u043e\u0436 Boker Magnum Advance All Black Pro - \u041c\u0430\u0433\u0430\u0437\u0438\u043d Xstyle","og_description":"\u041d\u043e\u0436 Boker Magnum Advance All Black Pro - \u0442\u0430\u043a\u0442\u0438\u0447\u0435\u0441\u043a\u0438\u0439 \u043f\u0440\u0435\u043c\u0438\u0443\u043c-\u043d\u043e\u0436 \u0441 \u043b\u0435\u0437\u0432\u0438\u0435\u043c \u0438\u0437 \u043d\u0435\u0440\u0436\u0430\u0432\u0435\u044e\u0449\u0435\u0439 \u0441\u0442\u0430\u043b\u0438 440C \u0438 \u043d\u0430\u0434\u0435\u0436\u043d\u044b\u043c Liner Lock. \u0418\u0434\u0435\u0430\u043b\u0435\u043d \u0434\u043b\u044f \u0430\u043a\u0442\u0438\u0432\u043d\u043e\u0433\u043e \u0438\u0441\u043f\u043e\u043b\u044c\u0437\u043e\u0432\u0430\u043d\u0438\u044f!","og_url":"https:\/\/xstyle.md\/ro\/produs\/nozh-boker-magnum-advance-all-black-pro\/","og_site_name":"\u041c\u0430\u0433\u0430\u0437\u0438\u043d Xstyle","article_publisher":"https:\/\/www.facebook.com\/xstylemd","article_modified_time":"2026-02-12T16:59:00+00:00","og_image":[{"width":485,"height":448,"url":"https:\/\/xstyle.md\/wp-content\/uploads\/2022\/03\/boker-magnum-advance-all-black-pro.jpg","type":"image\/jpeg"}],"twitter_card":"summary_large_image","twitter_misc":{"Pre\u021b":"670&nbsp;MDL","Disponibilitate":"\u00cen stoc"},"schema":{"@context":"https:\/\/schema.org","@graph":[{"@type":"WebPage","@id":"https:\/\/xstyle.md\/product\/nozh-boker-magnum-advance-all-black-pro\/","url":"https:\/\/xstyle.md\/product\/nozh-boker-magnum-advance-all-black-pro\/","name":"Cu\u021bit Boker Magnum Advance All Black Pro - Magazin Xstyle","isPartOf":{"@id":"https:\/\/xstyle.md\/#website"},"primaryImageOfPage":{"@id":"https:\/\/xstyle.md\/product\/nozh-boker-magnum-advance-all-black-pro\/#primaryimage"},"image":{"@id":"https:\/\/xstyle.md\/product\/nozh-boker-magnum-advance-all-black-pro\/#primaryimage"},"thumbnailUrl":"https:\/\/xstyle.md\/wp-content\/uploads\/2022\/03\/boker-magnum-advance-all-black-pro.jpg","datePublished":"2022-03-24T14:13:36+00:00","dateModified":"2026-02-12T16:59:00+00:00","description":"Cu\u021bitul Boker Magnum Advance All Black Pro - un cu\u021bit tactic premium cu lam\u0103 din o\u021bel inoxidabil 440C \u0219i un mecanism de blocare Liner Lock de \u00eencredere. Ideal pentru utilizare activ\u0103!","breadcrumb":{"@id":"https:\/\/xstyle.md\/product\/nozh-boker-magnum-advance-all-black-pro\/#breadcrumb"},"inLanguage":"ro-RO","potentialAction":[{"@type":"ReadAction","target":["https:\/\/xstyle.md\/product\/nozh-boker-magnum-advance-all-black-pro\/"]}]},{"@type":"ImageObject","inLanguage":"ro-RO","@id":"https:\/\/xstyle.md\/product\/nozh-boker-magnum-advance-all-black-pro\/#primaryimage","url":"https:\/\/xstyle.md\/wp-content\/uploads\/2022\/03\/boker-magnum-advance-all-black-pro.jpg","contentUrl":"https:\/\/xstyle.md\/wp-content\/uploads\/2022\/03\/boker-magnum-advance-all-black-pro.jpg","width":485,"height":448,"caption":"\u0422\u0443\u0440\u0438\u0441\u0442\u0438\u0447\u0435\u0441\u043a\u0438\u0439 \u043d\u043e\u0436 Boker Magnum Advance All Black Pro \u0434\u043b\u044f \u0430\u043a\u0442\u0438\u0432\u043d\u043e\u0433\u043e \u043e\u0442\u0434\u044b\u0445\u0430, \u0430\u043b\u044c\u043f\u0438\u043d\u0438\u0437\u043c\u0430 \u0438 \u043f\u0443\u0442\u0435\u0448\u0435\u0441\u0442\u0432\u0438\u0439 \u0432 \u043c\u0430\u0433\u0430\u0437\u0438\u043d\u0435 \u0441 \u043e\u0434\u0435\u0436\u0434\u043e\u0439 \u0438 \u043e\u0431\u0443\u0432\u044c\u044e \u0434\u043b\u044f \u0430\u043a\u0442\u0438\u0432\u043d\u044b\u0445 \u0432\u0438\u0434\u043e\u0432 \u0441\u043f\u043e\u0440\u0442\u0430"},{"@type":"BreadcrumbList","@id":"https:\/\/xstyle.md\/product\/nozh-boker-magnum-advance-all-black-pro\/#breadcrumb","itemListElement":[{"@type":"ListItem","position":1,"name":"\u0413\u043b\u0430\u0432\u043d\u0430\u044f \u0441\u0442\u0440\u0430\u043d\u0438\u0446\u0430","item":"https:\/\/xstyle.md\/"},{"@type":"ListItem","position":2,"name":"\u041c\u0430\u0433\u0430\u0437\u0438\u043d","item":"https:\/\/xstyle.md\/shop\/"},{"@type":"ListItem","position":3,"name":"\u041d\u043e\u0436 Boker Magnum Advance All Black Pro"}]},{"@type":"WebSite","@id":"https:\/\/xstyle.md\/#website","url":"https:\/\/xstyle.md\/","name":"Magazinul X-Style","description":"Echipamente pentru turism \u0219i sporturi extreme \u00een Moldova. Pre\u021buri, fotografii, caracteristici \u00een Moldova.","publisher":{"@id":"https:\/\/xstyle.md\/#organization"},"alternateName":"X-Style","potentialAction":[{"@type":"SearchAction","target":{"@type":"EntryPoint","urlTemplate":"https:\/\/xstyle.md\/?s={search_term_string}"},"query-input":{"@type":"PropertyValueSpecification","valueRequired":true,"valueName":"search_term_string"}}],"inLanguage":"ro-RO"},{"@type":"Organization","@id":"https:\/\/xstyle.md\/#organization","name":"Magazinul X-Style","alternateName":"x-style","url":"https:\/\/xstyle.md\/","logo":{"@type":"ImageObject","inLanguage":"ro-RO","@id":"https:\/\/xstyle.md\/#\/schema\/logo\/image\/","url":"https:\/\/xstyle.md\/wp-content\/uploads\/2020\/06\/logoicon.svg","contentUrl":"https:\/\/xstyle.md\/wp-content\/uploads\/2020\/06\/logoicon.svg","caption":"\u041c\u0430\u0433\u0430\u0437\u0438\u043d Xstyle"},"image":{"@id":"https:\/\/xstyle.md\/#\/schema\/logo\/image\/"},"sameAs":["https:\/\/www.facebook.com\/xstylemd","https:\/\/www.instagram.com\/xstyle_md\/","https:\/\/t.me\/xstyle_outdoor"],"hasMerchantReturnPolicy":{"@type":"MerchantReturnPolicy","merchantReturnLink":"https:\/\/xstyle.md\/ro\/conditions\/"}}]},"product_price_amount":"670.00","product_price_currency":"MDL","og_availability":"instock","product_availability":"instock","product_retailer_item_id":"4045011186417","product_condition":"new"},"_links":{"self":[{"href":"https:\/\/xstyle.md\/ro\/wp-json\/wp\/v2\/product\/47146","targetHints":{"allow":["GET"]}}],"collection":[{"href":"https:\/\/xstyle.md\/ro\/wp-json\/wp\/v2\/product"}],"about":[{"href":"https:\/\/xstyle.md\/ro\/wp-json\/wp\/v2\/types\/product"}],"replies":[{"embeddable":true,"href":"https:\/\/xstyle.md\/ro\/wp-json\/wp\/v2\/comments?post=47146"}],"wp:featuredmedia":[{"embeddable":true,"href":"https:\/\/xstyle.md\/ro\/wp-json\/wp\/v2\/media\/47215"}],"wp:attachment":[{"href":"https:\/\/xstyle.md\/ro\/wp-json\/wp\/v2\/media?parent=47146"}],"wp:term":[{"taxonomy":"product_brand","embeddable":true,"href":"https:\/\/xstyle.md\/ro\/wp-json\/wp\/v2\/product_brand?post=47146"},{"taxonomy":"product_cat","embeddable":true,"href":"https:\/\/xstyle.md\/ro\/wp-json\/wp\/v2\/product_cat?post=47146"},{"taxonomy":"product_tag","embeddable":true,"href":"https:\/\/xstyle.md\/ro\/wp-json\/wp\/v2\/product_tag?post=47146"}],"curies":[{"name":"wp","href":"https:\/\/api.w.org\/{rel}","templated":true}]}}