{"id":46581,"date":"2022-03-10T12:21:21","date_gmt":"2022-03-10T09:21:21","guid":{"rendered":"https:\/\/xstyle.md\/?post_type=product&#038;p=46581"},"modified":"2026-04-07T15:23:49","modified_gmt":"2026-04-07T12:23:49","slug":"shnurki-la-sportiva-laccio-mountain-trango-170-cm","status":"publish","type":"product","link":"https:\/\/xstyle.md\/ro\/produs\/shnurki-la-sportiva-laccio-mountain-trango-170-cm\/","title":{"rendered":"\u0218ireturi La Sportiva Laccio Mountain Trango 170 cm"},"content":{"rendered":"<\/p>\n<p><strong>La Sportiva Laccio Mountain Trango 170 cm<\/strong> \u2013 sireturile de \u00eenalt\u0103 calitate \u0219i durabile sunt potrivite pentru incaltamintea de rock \u0219i de sport. Materialele sintetice vor dura mult timp, \u0219ireturile pot rezista la sarcini grele, la intemperii \u0219i la umiditate.<\/p>\n<h3>Particularit\u0103\u021bi<\/h3>\n<ul>\n<li>\u0218nurul are o sec\u021biune circular\u0103<\/li>\n<li>Capete sigilate<\/li>\n<li>Rezisten\u021b\u0103 mare la abraziune<\/li>\n<\/ul>\n<h3>Caracteristici<\/h3>\n<ul>\n<li>Material &#8212; poliester<\/li>\n<li>Lungime &#8212; 170 cm<\/li>\n<\/ul>\n<h3>Marca<\/h3>\n<p>Compania italian\u0103 este cunoscut\u0103 de to\u021bi alpini\u0219tii \u2014 \u00eenc\u0103l\u021b\u0103mintea pentru alpinism La Sportiva \u0219i ghetele pentru altitudini mari sunt considerate cele mai bune din lume. Istoria brandului a \u00eenceput cu fabricarea \u00eenc\u0103l\u021b\u0103mintei din lemn, iar acum este unul dintre liderii mondiali \u00een produc\u021bia \u00eenc\u0103l\u021b\u0103mintei pentru munte. Toat\u0103 \u00eenc\u0103l\u021b\u0103mintea este \u00een continuare cusut\u0103 manual \u0219i numai din materiale de \u00eenalt\u0103 calitate, este confortabil\u0103, de \u00eencredere \u0219i are o durabilitate excelent\u0103. Al\u0103turi de \u00eenc\u0103l\u021b\u0103minte, compania produce \u0219i \u00eembr\u0103c\u0103minte high-tech pentru pasiona\u021bii de alpinism. Standardele \u00eenalte de calitate ale companiei \u0219i tehnologia \u00een evolu\u021bie au ajutat La Sportiva s\u0103 devin\u0103 unul dintre cele mai importante m\u0103rci de \u00eenc\u0103l\u021b\u0103minte \u0219i \u00eembr\u0103c\u0103minte la nivel mondial.<\/p>\n<p>","protected":false},"excerpt":{"rendered":"","protected":false},"featured_media":46795,"comment_status":"open","ping_status":"closed","template":"","meta":{"_acf_changed":false,"inline_featured_image":false},"product_brand":[1410],"product_cat":[484],"product_tag":[],"class_list":{"0":"post-46581","1":"product","2":"type-product","3":"status-publish","4":"has-post-thumbnail","6":"product_brand-la-sportiva","7":"product_cat-shoe-accessories","9":"first","10":"instock","11":"shipping-taxable","12":"purchasable","13":"product-type-simple"},"acf":[],"yoast_head":"<!-- This site is optimized with the Yoast SEO plugin v27.2 - https:\/\/yoast.com\/product\/yoast-seo-wordpress\/ -->\n<title>\u0428\u043d\u0443\u0440\u043a\u0438 La Sportiva Laccio Mountain Trango 170 cm - \u041c\u0430\u0433\u0430\u0437\u0438\u043d Xstyle<\/title>\n<meta name=\"description\" content=\"\u0428\u043d\u0443\u0440\u043a\u0438 La Sportiva Laccio Mountain Trango 170 \u0441\u043c \u2013 \u043f\u0440\u043e\u0447\u043d\u044b\u0435 \u0438 \u0434\u043e\u043b\u0433\u043e\u0432\u0435\u0447\u043d\u044b\u0435, \u0438\u0434\u0435\u0430\u043b\u044c\u043d\u044b \u0434\u043b\u044f \u0433\u043e\u0440\u043d\u043e\u0433\u043e \u0438 \u0441\u043f\u043e\u0440\u0442\u0438\u0432\u043d\u043e\u0433\u043e \u043e\u0431\u0443\u0432\u0438. \u0423\u0441\u0442\u043e\u0439\u0447\u0438\u0432\u044b \u043a \u0438\u0437\u043d\u043e\u0441\u0443 \u0438 \u0432\u043b\u0430\u0433\u0435.\" \/>\n<meta name=\"robots\" content=\"index, follow, max-snippet:-1, max-image-preview:large, max-video-preview:-1\" \/>\n<link rel=\"canonical\" href=\"https:\/\/xstyle.md\/ro\/produs\/shnurki-la-sportiva-laccio-mountain-trango-170-cm\/\" \/>\n<meta property=\"og:locale\" content=\"ro_RO\" \/>\n<meta property=\"og:type\" content=\"article\" \/>\n<meta property=\"og:title\" content=\"\u0428\u043d\u0443\u0440\u043a\u0438 La Sportiva Laccio Mountain Trango 170 cm - \u041c\u0430\u0433\u0430\u0437\u0438\u043d Xstyle\" \/>\n<meta property=\"og:description\" content=\"\u0428\u043d\u0443\u0440\u043a\u0438 La Sportiva Laccio Mountain Trango 170 \u0441\u043c \u2013 \u043f\u0440\u043e\u0447\u043d\u044b\u0435 \u0438 \u0434\u043e\u043b\u0433\u043e\u0432\u0435\u0447\u043d\u044b\u0435, \u0438\u0434\u0435\u0430\u043b\u044c\u043d\u044b \u0434\u043b\u044f \u0433\u043e\u0440\u043d\u043e\u0433\u043e \u0438 \u0441\u043f\u043e\u0440\u0442\u0438\u0432\u043d\u043e\u0433\u043e \u043e\u0431\u0443\u0432\u0438. \u0423\u0441\u0442\u043e\u0439\u0447\u0438\u0432\u044b \u043a \u0438\u0437\u043d\u043e\u0441\u0443 \u0438 \u0432\u043b\u0430\u0433\u0435.\" \/>\n<meta property=\"og:url\" content=\"https:\/\/xstyle.md\/ro\/produs\/shnurki-la-sportiva-laccio-mountain-trango-170-cm\/\" \/>\n<meta property=\"og:site_name\" content=\"\u041c\u0430\u0433\u0430\u0437\u0438\u043d Xstyle\" \/>\n<meta property=\"article:publisher\" content=\"https:\/\/www.facebook.com\/xstylemd\" \/>\n<meta property=\"article:modified_time\" content=\"2026-04-07T12:23:49+00:00\" \/>\n<meta property=\"og:image\" content=\"https:\/\/xstyle.md\/wp-content\/uploads\/2022\/03\/la-sportiva-laccio-mountain-trango-170-cm.jpg\" \/>\n\t<meta property=\"og:image:width\" content=\"600\" \/>\n\t<meta property=\"og:image:height\" content=\"600\" \/>\n\t<meta property=\"og:image:type\" content=\"image\/jpeg\" \/>\n<meta name=\"twitter:card\" content=\"summary_large_image\" \/>\n<meta name=\"twitter:label1\" content=\"Pre\u021b\" \/>\n\t<meta name=\"twitter:data1\" content=\"85&nbsp;MDL\" \/>\n\t<meta name=\"twitter:label2\" content=\"Disponibilitate\" \/>\n\t<meta name=\"twitter:data2\" content=\"\u00cen stoc\" \/>\n<script type=\"application\/ld+json\" class=\"yoast-schema-graph\">{\"@context\":\"https:\/\/schema.org\",\"@graph\":[{\"@type\":\"WebPage\",\"@id\":\"https:\/\/xstyle.md\/product\/shnurki-la-sportiva-laccio-mountain-trango-170-cm\/\",\"url\":\"https:\/\/xstyle.md\/product\/shnurki-la-sportiva-laccio-mountain-trango-170-cm\/\",\"name\":\"\u0428\u043d\u0443\u0440\u043a\u0438 La Sportiva Laccio Mountain Trango 170 cm - \u041c\u0430\u0433\u0430\u0437\u0438\u043d Xstyle\",\"isPartOf\":{\"@id\":\"https:\/\/xstyle.md\/#website\"},\"primaryImageOfPage\":{\"@id\":\"https:\/\/xstyle.md\/product\/shnurki-la-sportiva-laccio-mountain-trango-170-cm\/#primaryimage\"},\"image\":{\"@id\":\"https:\/\/xstyle.md\/product\/shnurki-la-sportiva-laccio-mountain-trango-170-cm\/#primaryimage\"},\"thumbnailUrl\":\"https:\/\/xstyle.md\/wp-content\/uploads\/2022\/03\/la-sportiva-laccio-mountain-trango-170-cm.jpg\",\"datePublished\":\"2022-03-10T09:21:21+00:00\",\"dateModified\":\"2026-04-07T12:23:49+00:00\",\"description\":\"\u0428\u043d\u0443\u0440\u043a\u0438 La Sportiva Laccio Mountain Trango 170 \u0441\u043c \u2013 \u043f\u0440\u043e\u0447\u043d\u044b\u0435 \u0438 \u0434\u043e\u043b\u0433\u043e\u0432\u0435\u0447\u043d\u044b\u0435, \u0438\u0434\u0435\u0430\u043b\u044c\u043d\u044b \u0434\u043b\u044f \u0433\u043e\u0440\u043d\u043e\u0433\u043e \u0438 \u0441\u043f\u043e\u0440\u0442\u0438\u0432\u043d\u043e\u0433\u043e \u043e\u0431\u0443\u0432\u0438. \u0423\u0441\u0442\u043e\u0439\u0447\u0438\u0432\u044b \u043a \u0438\u0437\u043d\u043e\u0441\u0443 \u0438 \u0432\u043b\u0430\u0433\u0435.\",\"breadcrumb\":{\"@id\":\"https:\/\/xstyle.md\/product\/shnurki-la-sportiva-laccio-mountain-trango-170-cm\/#breadcrumb\"},\"inLanguage\":\"ro-RO\",\"potentialAction\":[{\"@type\":\"ReadAction\",\"target\":[\"https:\/\/xstyle.md\/product\/shnurki-la-sportiva-laccio-mountain-trango-170-cm\/\"]}]},{\"@type\":\"ImageObject\",\"inLanguage\":\"ro-RO\",\"@id\":\"https:\/\/xstyle.md\/product\/shnurki-la-sportiva-laccio-mountain-trango-170-cm\/#primaryimage\",\"url\":\"https:\/\/xstyle.md\/wp-content\/uploads\/2022\/03\/la-sportiva-laccio-mountain-trango-170-cm.jpg\",\"contentUrl\":\"https:\/\/xstyle.md\/wp-content\/uploads\/2022\/03\/la-sportiva-laccio-mountain-trango-170-cm.jpg\",\"width\":600,\"height\":600,\"caption\":\"\u0428\u043d\u0443\u0440\u043a\u0438 La Sportiva Laccio Mountain Trango 170 \u0441\u043c \u0434\u043b\u044f \u0430\u043a\u0442\u0438\u0432\u043d\u043e\u0433\u043e \u043e\u0442\u0434\u044b\u0445\u0430 \u043e\u0431\u0443\u0432\u044c \u0430\u043b\u044c\u043f\u0438\u043d\u0438\u0437\u043c \u0442\u0440\u0435\u043a\u0438\u043d\u0433 \u043f\u043e\u0445\u043e\u0434\u044b \u043f\u0443\u0442\u0435\u0448\u0435\u0441\u0442\u0432\u0438\u044f \u0441\u043f\u043e\u0440\u0442\u0438\u0432\u043d\u0430\u044f \u043e\u0434\u0435\u0436\u0434\u0430 \u0438 \u043e\u0431\u0443\u0432\u044c \u0434\u043b\u044f \u0433\u043e\u0440\u043d\u044b\u0445 \u043f\u043e\u0445\u043e\u0434\u043e\u0432\"},{\"@type\":\"BreadcrumbList\",\"@id\":\"https:\/\/xstyle.md\/product\/shnurki-la-sportiva-laccio-mountain-trango-170-cm\/#breadcrumb\",\"itemListElement\":[{\"@type\":\"ListItem\",\"position\":1,\"name\":\"\u0413\u043b\u0430\u0432\u043d\u0430\u044f \u0441\u0442\u0440\u0430\u043d\u0438\u0446\u0430\",\"item\":\"https:\/\/xstyle.md\/\"},{\"@type\":\"ListItem\",\"position\":2,\"name\":\"\u041c\u0430\u0433\u0430\u0437\u0438\u043d\",\"item\":\"https:\/\/xstyle.md\/shop\/\"},{\"@type\":\"ListItem\",\"position\":3,\"name\":\"\u0428\u043d\u0443\u0440\u043a\u0438 La Sportiva Laccio Mountain Trango 170 cm\"}]},{\"@type\":\"WebSite\",\"@id\":\"https:\/\/xstyle.md\/#website\",\"url\":\"https:\/\/xstyle.md\/\",\"name\":\"\u041c\u0430\u0433\u0430\u0437\u0438\u043d Xstyle\",\"description\":\"C\u043d\u0430\u0440\u044f\u0436\u0435\u043d\u0438\u0435 \u0434\u043b\u044f \u0442\u0443\u0440\u0438\u0437\u043c\u0430 \u0438 \u044d\u043a\u0441\u0442\u0440\u0435\u043c\u0430\u043b\u044c\u043d\u044b\u0445 \u0432\u0438\u0434\u043e\u0432 \u0441\u043f\u043e\u0440\u0442\u0430 \u0432 \u041c\u043e\u043b\u0434\u043e\u0432\u0435.. \u0426\u0435\u043d\u044b, \u0444\u043e\u0442\u043e, \u0445\u0430\u0440\u0430\u043a\u0442\u0435\u0440\u0438\u0441\u0442\u0438\u043a\u0438 \u0432 \u041c\u043e\u043b\u0434\u043e\u0432\u0435.\",\"publisher\":{\"@id\":\"https:\/\/xstyle.md\/#organization\"},\"alternateName\":\"X-Style\",\"potentialAction\":[{\"@type\":\"SearchAction\",\"target\":{\"@type\":\"EntryPoint\",\"urlTemplate\":\"https:\/\/xstyle.md\/?s={search_term_string}\"},\"query-input\":{\"@type\":\"PropertyValueSpecification\",\"valueRequired\":true,\"valueName\":\"search_term_string\"}}],\"inLanguage\":\"ro-RO\"},{\"@type\":\"Organization\",\"@id\":\"https:\/\/xstyle.md\/#organization\",\"name\":\"\u041c\u0430\u0433\u0430\u0437\u0438\u043d Xstyle\",\"alternateName\":\"x-style\",\"url\":\"https:\/\/xstyle.md\/\",\"logo\":{\"@type\":\"ImageObject\",\"inLanguage\":\"ro-RO\",\"@id\":\"https:\/\/xstyle.md\/#\/schema\/logo\/image\/\",\"url\":\"https:\/\/xstyle.md\/wp-content\/uploads\/2020\/06\/logoicon.svg\",\"contentUrl\":\"https:\/\/xstyle.md\/wp-content\/uploads\/2020\/06\/logoicon.svg\",\"caption\":\"\u041c\u0430\u0433\u0430\u0437\u0438\u043d Xstyle\"},\"image\":{\"@id\":\"https:\/\/xstyle.md\/#\/schema\/logo\/image\/\"},\"sameAs\":[\"https:\/\/www.facebook.com\/xstylemd\",\"https:\/\/www.instagram.com\/xstyle_md\/\",\"https:\/\/t.me\/xstyle_outdoor\"],\"hasMerchantReturnPolicy\":{\"@type\":\"MerchantReturnPolicy\",\"merchantReturnLink\":\"https:\/\/xstyle.md\/ro\/conditions\/\"}}]}<\/script>\n<meta property=\"product:price:amount\" content=\"85.00\" \/>\n<meta property=\"product:price:currency\" content=\"MDL\" \/>\n<meta property=\"og:availability\" content=\"instock\" \/>\n<meta property=\"product:availability\" content=\"instock\" \/>\n<meta property=\"product:retailer_item_id\" content=\"8020647928354\" \/>\n<meta property=\"product:condition\" content=\"new\" \/>\n<!-- \/ Yoast SEO plugin. -->","yoast_head_json":{"title":"\u0218ireturi La Sportiva Laccio Mountain Trango 170 cm - Magazin Xstyle","description":"\u0218nururile La Sportiva Laccio Mountain Trango de 170 cm \u2013 durabile \u0219i rezistente, ideale pentru \u00eenc\u0103l\u021b\u0103minte de munte \u0219i sport. Rezistente la uzur\u0103 \u0219i umiditate.","robots":{"index":"index","follow":"follow","max-snippet":"max-snippet:-1","max-image-preview":"max-image-preview:large","max-video-preview":"max-video-preview:-1"},"canonical":"https:\/\/xstyle.md\/ro\/produs\/shnurki-la-sportiva-laccio-mountain-trango-170-cm\/","og_locale":"ro_RO","og_type":"article","og_title":"\u0428\u043d\u0443\u0440\u043a\u0438 La Sportiva Laccio Mountain Trango 170 cm - \u041c\u0430\u0433\u0430\u0437\u0438\u043d Xstyle","og_description":"\u0428\u043d\u0443\u0440\u043a\u0438 La Sportiva Laccio Mountain Trango 170 \u0441\u043c \u2013 \u043f\u0440\u043e\u0447\u043d\u044b\u0435 \u0438 \u0434\u043e\u043b\u0433\u043e\u0432\u0435\u0447\u043d\u044b\u0435, \u0438\u0434\u0435\u0430\u043b\u044c\u043d\u044b \u0434\u043b\u044f \u0433\u043e\u0440\u043d\u043e\u0433\u043e \u0438 \u0441\u043f\u043e\u0440\u0442\u0438\u0432\u043d\u043e\u0433\u043e \u043e\u0431\u0443\u0432\u0438. \u0423\u0441\u0442\u043e\u0439\u0447\u0438\u0432\u044b \u043a \u0438\u0437\u043d\u043e\u0441\u0443 \u0438 \u0432\u043b\u0430\u0433\u0435.","og_url":"https:\/\/xstyle.md\/ro\/produs\/shnurki-la-sportiva-laccio-mountain-trango-170-cm\/","og_site_name":"\u041c\u0430\u0433\u0430\u0437\u0438\u043d Xstyle","article_publisher":"https:\/\/www.facebook.com\/xstylemd","article_modified_time":"2026-04-07T12:23:49+00:00","og_image":[{"width":600,"height":600,"url":"https:\/\/xstyle.md\/wp-content\/uploads\/2022\/03\/la-sportiva-laccio-mountain-trango-170-cm.jpg","type":"image\/jpeg"}],"twitter_card":"summary_large_image","twitter_misc":{"Pre\u021b":"85&nbsp;MDL","Disponibilitate":"\u00cen stoc"},"schema":{"@context":"https:\/\/schema.org","@graph":[{"@type":"WebPage","@id":"https:\/\/xstyle.md\/product\/shnurki-la-sportiva-laccio-mountain-trango-170-cm\/","url":"https:\/\/xstyle.md\/product\/shnurki-la-sportiva-laccio-mountain-trango-170-cm\/","name":"\u0218ireturi La Sportiva Laccio Mountain Trango 170 cm - Magazin Xstyle","isPartOf":{"@id":"https:\/\/xstyle.md\/#website"},"primaryImageOfPage":{"@id":"https:\/\/xstyle.md\/product\/shnurki-la-sportiva-laccio-mountain-trango-170-cm\/#primaryimage"},"image":{"@id":"https:\/\/xstyle.md\/product\/shnurki-la-sportiva-laccio-mountain-trango-170-cm\/#primaryimage"},"thumbnailUrl":"https:\/\/xstyle.md\/wp-content\/uploads\/2022\/03\/la-sportiva-laccio-mountain-trango-170-cm.jpg","datePublished":"2022-03-10T09:21:21+00:00","dateModified":"2026-04-07T12:23:49+00:00","description":"\u0218nururile La Sportiva Laccio Mountain Trango de 170 cm \u2013 durabile \u0219i rezistente, ideale pentru \u00eenc\u0103l\u021b\u0103minte de munte \u0219i sport. Rezistente la uzur\u0103 \u0219i umiditate.","breadcrumb":{"@id":"https:\/\/xstyle.md\/product\/shnurki-la-sportiva-laccio-mountain-trango-170-cm\/#breadcrumb"},"inLanguage":"ro-RO","potentialAction":[{"@type":"ReadAction","target":["https:\/\/xstyle.md\/product\/shnurki-la-sportiva-laccio-mountain-trango-170-cm\/"]}]},{"@type":"ImageObject","inLanguage":"ro-RO","@id":"https:\/\/xstyle.md\/product\/shnurki-la-sportiva-laccio-mountain-trango-170-cm\/#primaryimage","url":"https:\/\/xstyle.md\/wp-content\/uploads\/2022\/03\/la-sportiva-laccio-mountain-trango-170-cm.jpg","contentUrl":"https:\/\/xstyle.md\/wp-content\/uploads\/2022\/03\/la-sportiva-laccio-mountain-trango-170-cm.jpg","width":600,"height":600,"caption":"\u0428\u043d\u0443\u0440\u043a\u0438 La Sportiva Laccio Mountain Trango 170 \u0441\u043c \u0434\u043b\u044f \u0430\u043a\u0442\u0438\u0432\u043d\u043e\u0433\u043e \u043e\u0442\u0434\u044b\u0445\u0430 \u043e\u0431\u0443\u0432\u044c \u0430\u043b\u044c\u043f\u0438\u043d\u0438\u0437\u043c \u0442\u0440\u0435\u043a\u0438\u043d\u0433 \u043f\u043e\u0445\u043e\u0434\u044b \u043f\u0443\u0442\u0435\u0448\u0435\u0441\u0442\u0432\u0438\u044f \u0441\u043f\u043e\u0440\u0442\u0438\u0432\u043d\u0430\u044f \u043e\u0434\u0435\u0436\u0434\u0430 \u0438 \u043e\u0431\u0443\u0432\u044c \u0434\u043b\u044f \u0433\u043e\u0440\u043d\u044b\u0445 \u043f\u043e\u0445\u043e\u0434\u043e\u0432"},{"@type":"BreadcrumbList","@id":"https:\/\/xstyle.md\/product\/shnurki-la-sportiva-laccio-mountain-trango-170-cm\/#breadcrumb","itemListElement":[{"@type":"ListItem","position":1,"name":"\u0413\u043b\u0430\u0432\u043d\u0430\u044f \u0441\u0442\u0440\u0430\u043d\u0438\u0446\u0430","item":"https:\/\/xstyle.md\/"},{"@type":"ListItem","position":2,"name":"\u041c\u0430\u0433\u0430\u0437\u0438\u043d","item":"https:\/\/xstyle.md\/shop\/"},{"@type":"ListItem","position":3,"name":"\u0428\u043d\u0443\u0440\u043a\u0438 La Sportiva Laccio Mountain Trango 170 cm"}]},{"@type":"WebSite","@id":"https:\/\/xstyle.md\/#website","url":"https:\/\/xstyle.md\/","name":"Magazinul X-Style","description":"Echipamente pentru turism \u0219i sporturi extreme \u00een Moldova. Pre\u021buri, fotografii, caracteristici \u00een Moldova.","publisher":{"@id":"https:\/\/xstyle.md\/#organization"},"alternateName":"X-Style","potentialAction":[{"@type":"SearchAction","target":{"@type":"EntryPoint","urlTemplate":"https:\/\/xstyle.md\/?s={search_term_string}"},"query-input":{"@type":"PropertyValueSpecification","valueRequired":true,"valueName":"search_term_string"}}],"inLanguage":"ro-RO"},{"@type":"Organization","@id":"https:\/\/xstyle.md\/#organization","name":"Magazinul X-Style","alternateName":"x-style","url":"https:\/\/xstyle.md\/","logo":{"@type":"ImageObject","inLanguage":"ro-RO","@id":"https:\/\/xstyle.md\/#\/schema\/logo\/image\/","url":"https:\/\/xstyle.md\/wp-content\/uploads\/2020\/06\/logoicon.svg","contentUrl":"https:\/\/xstyle.md\/wp-content\/uploads\/2020\/06\/logoicon.svg","caption":"\u041c\u0430\u0433\u0430\u0437\u0438\u043d Xstyle"},"image":{"@id":"https:\/\/xstyle.md\/#\/schema\/logo\/image\/"},"sameAs":["https:\/\/www.facebook.com\/xstylemd","https:\/\/www.instagram.com\/xstyle_md\/","https:\/\/t.me\/xstyle_outdoor"],"hasMerchantReturnPolicy":{"@type":"MerchantReturnPolicy","merchantReturnLink":"https:\/\/xstyle.md\/ro\/conditions\/"}}]},"product_price_amount":"85.00","product_price_currency":"MDL","og_availability":"instock","product_availability":"instock","product_retailer_item_id":"8020647928354","product_condition":"new"},"post_mailing_queue_ids":[],"_links":{"self":[{"href":"https:\/\/xstyle.md\/ro\/wp-json\/wp\/v2\/product\/46581","targetHints":{"allow":["GET"]}}],"collection":[{"href":"https:\/\/xstyle.md\/ro\/wp-json\/wp\/v2\/product"}],"about":[{"href":"https:\/\/xstyle.md\/ro\/wp-json\/wp\/v2\/types\/product"}],"replies":[{"embeddable":true,"href":"https:\/\/xstyle.md\/ro\/wp-json\/wp\/v2\/comments?post=46581"}],"wp:featuredmedia":[{"embeddable":true,"href":"https:\/\/xstyle.md\/ro\/wp-json\/wp\/v2\/media\/46795"}],"wp:attachment":[{"href":"https:\/\/xstyle.md\/ro\/wp-json\/wp\/v2\/media?parent=46581"}],"wp:term":[{"taxonomy":"product_brand","embeddable":true,"href":"https:\/\/xstyle.md\/ro\/wp-json\/wp\/v2\/product_brand?post=46581"},{"taxonomy":"product_cat","embeddable":true,"href":"https:\/\/xstyle.md\/ro\/wp-json\/wp\/v2\/product_cat?post=46581"},{"taxonomy":"product_tag","embeddable":true,"href":"https:\/\/xstyle.md\/ro\/wp-json\/wp\/v2\/product_tag?post=46581"}],"curies":[{"name":"wp","href":"https:\/\/api.w.org\/{rel}","templated":true}]}}