{"id":46576,"date":"2022-03-10T12:21:20","date_gmt":"2022-03-10T09:21:20","guid":{"rendered":"https:\/\/xstyle.md\/?post_type=product&#038;p=46576"},"modified":"2025-10-24T12:36:43","modified_gmt":"2025-10-24T09:36:43","slug":"monopod-poplavok-gopro-floating-hand-grip","status":"publish","type":"product","link":"https:\/\/xstyle.md\/ro\/produs\/monopod-poplavok-gopro-floating-hand-grip\/","title":{"rendered":"M\u00e2ner plutitorGoPro Floating Hand Grip (AFHGM-003)"},"content":{"rendered":"<p><strong>GoPro Floating Hand Grip<\/strong> - monopod-plutitor, cu ajutorul c\u0103ruia pute\u021bi selecta cu u\u0219urin\u021b\u0103 cel mai bun unghi rotind camera \u00een direc\u021bia corect\u0103. Imaginea va fi clar\u0103 \u0219i stabil\u0103, pute\u021bi \u021bine cu u\u0219urin\u021b\u0103 procesul sub control. M\u00e2nerul reproiectat este mai mare, astfel \u00eenc\u00e2t va \u00eempinge f\u0103r\u0103 efort HERO9 \u0219i alte camere GoPro la suprafa\u021b\u0103.<\/p>\n<p>Monopodul este fabricat din plastic u\u0219or, dar rezistent \u0219i acoperit cu neopren. \u00cen timpul film\u0103rii pe ap\u0103, monopodul nu va aluneca din m\u00e2inile umede. Pentru mai mult\u0103 siguran\u021b\u0103, este ata\u0219at \u00een partea de jos a m\u00e2nerului, un \u0219nur pentru \u00eencheietura m\u00e2inii.<\/p>\n<p>Cucere\u0219te valurile m\u0103rii pe surf, alunec\u0103 pe suprafa\u021ba apei pe schiuri, \u021bin\u00e2nd \u00een m\u00e2n\u0103 o camer\u0103 de ac\u021biune. Filma\u021bi videoclipuri uluitoare \u0219i partaja\u021bi-le cu prietenii \u0219i urm\u0103ritorii Dumneavoastr\u0103. \u0218i dac\u0103 gadgetul va c\u0103dea \u00eempreun\u0103 cu monopodul, nu e o problem\u0103, camera va r\u0103m\u00e2ne plutind la suprafa\u021b\u0103 \u0219i va semnala cu o culoare portocalie str\u0103lucitoare.<\/p>\n<h3>Caracteristici<\/h3>\n<ul>\n<li>Material - metal, plastic<\/li>\n<li>Lungime minim\u0103 - 30 cm<\/li>\n<li>Lungime maxim\u0103 - 93 cm<\/li>\n<\/ul>\n<h3>Complecta\u021bia<\/h3>\n<ul>\n<li>Monopod-plutitor<\/li>\n<li>Curea pe \u00eencheietur\u0103<\/li>\n<\/ul>","protected":false},"excerpt":{"rendered":"<p>GoPro Floating Hand Grip &#8212; \u043c\u043e\u043d\u043e\u043f\u043e\u0434-\u043f\u043e\u043f\u043b\u0430\u0432\u043e\u043a, \u0441 \u043f\u043e\u043c\u043e\u0449\u044c\u044e \u043a\u043e\u0442\u043e\u0440\u043e\u0433\u043e \u0432\u044b \u043b\u0435\u0433\u043a\u043e \u043f\u043e\u0434\u0431\u0435\u0440\u0451\u0442\u0435 \u043e\u043f\u0442\u0438\u043c\u0430\u043b\u044c\u043d\u044b\u0439 \u0440\u0430\u043a\u0443\u0440\u0441, \u043f\u043e\u0432\u043e\u0440\u0430\u0447\u0438\u0432\u0430\u044f \u043a\u0430\u043c\u0435\u0440\u0443 \u0432 \u043d\u0443\u0436\u043d\u0443\u044e \u0441\u0442\u043e\u0440\u043e\u043d\u0443. \u0418\u0437\u043e\u0431\u0440\u0430\u0436\u0435\u043d\u0438\u0435 \u0431\u0443\u0434\u0435\u0442 \u0447\u0451\u0442\u043a\u0438\u043c \u0438 \u0441\u0442\u0430\u0431\u0438\u043b\u044c\u043d\u044b\u043c, \u0432\u044b \u0441 \u043b\u0451\u0433\u043a\u043e\u0441\u0442\u044c\u044e \u0441\u043c\u043e\u0436\u0435\u0442\u0435 \u0434\u0435\u0440\u0436\u0430\u0442\u044c \u043f\u0440\u043e\u0446\u0435\u0441\u0441 \u043f\u043e\u0434 \u043a\u043e\u043d\u0442\u0440\u043e\u043b\u0435\u043c. \u041e\u0431\u043d\u043e\u0432\u043b\u0435\u043d\u043d\u0430\u044f \u043c\u043e\u0434\u0435\u043b\u044c \u0440\u0443\u043a\u043e\u044f\u0442\u043a\u0438 \u0441\u0442\u0430\u043b\u0430 \u0431\u043e\u043b\u044c\u0448\u0435, \u043f\u043e\u044d\u0442\u043e\u043c\u0443 \u0431\u0435\u0437 \u0442\u0440\u0443\u0434\u0430 \u0432\u044b\u0442\u043e\u043b\u043a\u043d\u0435\u0442 \u043d\u0430 \u043f\u043e\u0432\u0435\u0440\u0445\u043d\u043e\u0441\u0442\u044c HERO9 \u0438 \u0434\u0440\u0443\u0433\u0438\u0435 \u043a\u0430\u043c\u0435\u0440\u044b GoPro. \u041c\u043e\u043d\u043e\u043f\u043e\u0434 \u0441\u0434\u0435\u043b\u0430\u043d \u0438\u0437 \u043b\u0435\u0433\u043a\u043e\u0433\u043e, \u043d\u043e \u043f\u0440\u043e\u0447\u043d\u043e\u0433\u043e \u043f\u043b\u0430\u0441\u0442\u0438\u043a\u0430 [&hellip;]<\/p>\n","protected":false},"featured_media":46991,"comment_status":"open","ping_status":"closed","template":"","meta":{"_acf_changed":false,"inline_featured_image":false},"product_brand":[1307],"product_cat":[909],"product_tag":[],"class_list":{"0":"post-46576","1":"product","2":"type-product","3":"status-publish","4":"has-post-thumbnail","6":"product_brand-gopro","7":"product_cat-monopiede","9":"first","10":"instock","11":"shipping-taxable","12":"purchasable","13":"product-type-simple"},"acf":[],"yoast_head":"<!-- This site is optimized with the Yoast SEO plugin v27.2 - https:\/\/yoast.com\/product\/yoast-seo-wordpress\/ -->\n<title>\u041c\u043e\u043d\u043e\u043f\u043e\u0434-\u043f\u043e\u043f\u043b\u0430\u0432\u043e\u043a GoPro Floating Hand Grip (AFHGM-003) - \u041c\u0430\u0433\u0430\u0437\u0438\u043d Xstyle<\/title>\n<meta name=\"description\" content=\"\u041d\u0430\u0439\u0434\u0438\u0442\u0435 \u0438\u0434\u0435\u0430\u043b\u044c\u043d\u044b\u0439 \u043c\u043e\u043d\u043e\u043f\u043e\u0434-\u043f\u043e\u043f\u043b\u0430\u0432\u043e\u043a GoPro \u0434\u043b\u044f HERO9! \u0423\u0434\u043e\u0431\u043d\u044b\u0439 \u0437\u0430\u0445\u0432\u0430\u0442 \u0441 \u043f\u043b\u0430\u0432\u0430\u044e\u0449\u0435\u0439 \u0444\u0443\u043d\u043a\u0446\u0438\u0435\u0439 \u2014 \u0441\u043d\u0438\u043c\u0430\u0439\u0442\u0435 \u044f\u0440\u043a\u0438\u0435 \u043c\u043e\u043c\u0435\u043d\u0442\u044b \u043d\u0430 \u0432\u043e\u0434\u0435 \u0431\u0435\u0437 \u0437\u0430\u0431\u043e\u0442.\" \/>\n<meta name=\"robots\" content=\"index, follow, max-snippet:-1, max-image-preview:large, max-video-preview:-1\" \/>\n<link rel=\"canonical\" href=\"https:\/\/xstyle.md\/ro\/produs\/monopod-poplavok-gopro-floating-hand-grip\/\" \/>\n<meta property=\"og:locale\" content=\"ro_RO\" \/>\n<meta property=\"og:type\" content=\"article\" \/>\n<meta property=\"og:title\" content=\"\u041c\u043e\u043d\u043e\u043f\u043e\u0434-\u043f\u043e\u043f\u043b\u0430\u0432\u043e\u043a GoPro Floating Hand Grip (AFHGM-003) - \u041c\u0430\u0433\u0430\u0437\u0438\u043d Xstyle\" \/>\n<meta property=\"og:description\" content=\"\u041d\u0430\u0439\u0434\u0438\u0442\u0435 \u0438\u0434\u0435\u0430\u043b\u044c\u043d\u044b\u0439 \u043c\u043e\u043d\u043e\u043f\u043e\u0434-\u043f\u043e\u043f\u043b\u0430\u0432\u043e\u043a GoPro \u0434\u043b\u044f HERO9! \u0423\u0434\u043e\u0431\u043d\u044b\u0439 \u0437\u0430\u0445\u0432\u0430\u0442 \u0441 \u043f\u043b\u0430\u0432\u0430\u044e\u0449\u0435\u0439 \u0444\u0443\u043d\u043a\u0446\u0438\u0435\u0439 \u2014 \u0441\u043d\u0438\u043c\u0430\u0439\u0442\u0435 \u044f\u0440\u043a\u0438\u0435 \u043c\u043e\u043c\u0435\u043d\u0442\u044b \u043d\u0430 \u0432\u043e\u0434\u0435 \u0431\u0435\u0437 \u0437\u0430\u0431\u043e\u0442.\" \/>\n<meta property=\"og:url\" content=\"https:\/\/xstyle.md\/ro\/produs\/monopod-poplavok-gopro-floating-hand-grip\/\" \/>\n<meta property=\"og:site_name\" content=\"\u041c\u0430\u0433\u0430\u0437\u0438\u043d Xstyle\" \/>\n<meta property=\"article:publisher\" content=\"https:\/\/www.facebook.com\/xstylemd\" \/>\n<meta property=\"article:modified_time\" content=\"2025-10-24T09:36:43+00:00\" \/>\n<meta property=\"og:image\" content=\"https:\/\/xstyle.md\/wp-content\/uploads\/2022\/03\/gopro-floating-hand-grip.jpg\" \/>\n\t<meta property=\"og:image:width\" content=\"860\" \/>\n\t<meta property=\"og:image:height\" content=\"790\" \/>\n\t<meta property=\"og:image:type\" content=\"image\/jpeg\" \/>\n<meta name=\"twitter:card\" content=\"summary_large_image\" \/>\n<meta name=\"twitter:label1\" content=\"Pre\u021b\" \/>\n\t<meta name=\"twitter:data1\" content=\"795&nbsp;MDL\" \/>\n\t<meta name=\"twitter:label2\" content=\"Disponibilitate\" \/>\n\t<meta name=\"twitter:data2\" content=\"\u00cen stoc\" \/>\n<script type=\"application\/ld+json\" class=\"yoast-schema-graph\">{\"@context\":\"https:\/\/schema.org\",\"@graph\":[{\"@type\":\"WebPage\",\"@id\":\"https:\/\/xstyle.md\/product\/monopod-poplavok-gopro-floating-hand-grip\/\",\"url\":\"https:\/\/xstyle.md\/product\/monopod-poplavok-gopro-floating-hand-grip\/\",\"name\":\"\u041c\u043e\u043d\u043e\u043f\u043e\u0434-\u043f\u043e\u043f\u043b\u0430\u0432\u043e\u043a GoPro Floating Hand Grip (AFHGM-003) - \u041c\u0430\u0433\u0430\u0437\u0438\u043d Xstyle\",\"isPartOf\":{\"@id\":\"https:\/\/xstyle.md\/#website\"},\"primaryImageOfPage\":{\"@id\":\"https:\/\/xstyle.md\/product\/monopod-poplavok-gopro-floating-hand-grip\/#primaryimage\"},\"image\":{\"@id\":\"https:\/\/xstyle.md\/product\/monopod-poplavok-gopro-floating-hand-grip\/#primaryimage\"},\"thumbnailUrl\":\"https:\/\/xstyle.md\/wp-content\/uploads\/2022\/03\/gopro-floating-hand-grip.jpg\",\"datePublished\":\"2022-03-10T09:21:20+00:00\",\"dateModified\":\"2025-10-24T09:36:43+00:00\",\"description\":\"\u041d\u0430\u0439\u0434\u0438\u0442\u0435 \u0438\u0434\u0435\u0430\u043b\u044c\u043d\u044b\u0439 \u043c\u043e\u043d\u043e\u043f\u043e\u0434-\u043f\u043e\u043f\u043b\u0430\u0432\u043e\u043a GoPro \u0434\u043b\u044f HERO9! \u0423\u0434\u043e\u0431\u043d\u044b\u0439 \u0437\u0430\u0445\u0432\u0430\u0442 \u0441 \u043f\u043b\u0430\u0432\u0430\u044e\u0449\u0435\u0439 \u0444\u0443\u043d\u043a\u0446\u0438\u0435\u0439 \u2014 \u0441\u043d\u0438\u043c\u0430\u0439\u0442\u0435 \u044f\u0440\u043a\u0438\u0435 \u043c\u043e\u043c\u0435\u043d\u0442\u044b \u043d\u0430 \u0432\u043e\u0434\u0435 \u0431\u0435\u0437 \u0437\u0430\u0431\u043e\u0442.\",\"breadcrumb\":{\"@id\":\"https:\/\/xstyle.md\/product\/monopod-poplavok-gopro-floating-hand-grip\/#breadcrumb\"},\"inLanguage\":\"ro-RO\",\"potentialAction\":[{\"@type\":\"ReadAction\",\"target\":[\"https:\/\/xstyle.md\/product\/monopod-poplavok-gopro-floating-hand-grip\/\"]}]},{\"@type\":\"ImageObject\",\"inLanguage\":\"ro-RO\",\"@id\":\"https:\/\/xstyle.md\/product\/monopod-poplavok-gopro-floating-hand-grip\/#primaryimage\",\"url\":\"https:\/\/xstyle.md\/wp-content\/uploads\/2022\/03\/gopro-floating-hand-grip.jpg\",\"contentUrl\":\"https:\/\/xstyle.md\/wp-content\/uploads\/2022\/03\/gopro-floating-hand-grip.jpg\",\"width\":860,\"height\":790,\"caption\":\"\u041c\u043e\u043d\u043e\u043f\u043e\u0434-\u043f\u043e\u043f\u043b\u0430\u0432\u043e\u043a \u0434\u043b\u044f GoPro \u0434\u043b\u044f \u0430\u043a\u0442\u0438\u0432\u043d\u043e\u0433\u043e \u043e\u0442\u0434\u044b\u0445\u0430, \u043f\u0443\u0442\u0435\u0448\u0435\u0441\u0442\u0432\u0438\u0439, \u0430\u043b\u044c\u043f\u0438\u043d\u0438\u0437\u043c\u0430 \u0438 hiking, \u0443\u0434\u043e\u0431\u043d\u0430\u044f \u044d\u043a\u0438\u043f\u0438\u0440\u043e\u0432\u043a\u0430 \u0434\u043b\u044f \u043b\u044e\u0431\u0438\u0442\u0435\u043b\u0435\u0439 \u043f\u0440\u0438\u043a\u043b\u044e\u0447\u0435\u043d\u0438\u0439 \u0438 \u0441\u043f\u043e\u0440\u0442\u0430 \u043d\u0430 \u043f\u0440\u0438\u0440\u043e\u0434\u0435\"},{\"@type\":\"BreadcrumbList\",\"@id\":\"https:\/\/xstyle.md\/product\/monopod-poplavok-gopro-floating-hand-grip\/#breadcrumb\",\"itemListElement\":[{\"@type\":\"ListItem\",\"position\":1,\"name\":\"\u0413\u043b\u0430\u0432\u043d\u0430\u044f \u0441\u0442\u0440\u0430\u043d\u0438\u0446\u0430\",\"item\":\"https:\/\/xstyle.md\/\"},{\"@type\":\"ListItem\",\"position\":2,\"name\":\"\u041c\u0430\u0433\u0430\u0437\u0438\u043d\",\"item\":\"https:\/\/xstyle.md\/shop\/\"},{\"@type\":\"ListItem\",\"position\":3,\"name\":\"\u041c\u043e\u043d\u043e\u043f\u043e\u0434-\u043f\u043e\u043f\u043b\u0430\u0432\u043e\u043a GoPro Floating Hand Grip (AFHGM-003)\"}]},{\"@type\":\"WebSite\",\"@id\":\"https:\/\/xstyle.md\/#website\",\"url\":\"https:\/\/xstyle.md\/\",\"name\":\"\u041c\u0430\u0433\u0430\u0437\u0438\u043d Xstyle\",\"description\":\"C\u043d\u0430\u0440\u044f\u0436\u0435\u043d\u0438\u0435 \u0434\u043b\u044f \u0442\u0443\u0440\u0438\u0437\u043c\u0430 \u0438 \u044d\u043a\u0441\u0442\u0440\u0435\u043c\u0430\u043b\u044c\u043d\u044b\u0445 \u0432\u0438\u0434\u043e\u0432 \u0441\u043f\u043e\u0440\u0442\u0430 \u0432 \u041c\u043e\u043b\u0434\u043e\u0432\u0435.. \u0426\u0435\u043d\u044b, \u0444\u043e\u0442\u043e, \u0445\u0430\u0440\u0430\u043a\u0442\u0435\u0440\u0438\u0441\u0442\u0438\u043a\u0438 \u0432 \u041c\u043e\u043b\u0434\u043e\u0432\u0435.\",\"publisher\":{\"@id\":\"https:\/\/xstyle.md\/#organization\"},\"alternateName\":\"X-Style\",\"potentialAction\":[{\"@type\":\"SearchAction\",\"target\":{\"@type\":\"EntryPoint\",\"urlTemplate\":\"https:\/\/xstyle.md\/?s={search_term_string}\"},\"query-input\":{\"@type\":\"PropertyValueSpecification\",\"valueRequired\":true,\"valueName\":\"search_term_string\"}}],\"inLanguage\":\"ro-RO\"},{\"@type\":\"Organization\",\"@id\":\"https:\/\/xstyle.md\/#organization\",\"name\":\"\u041c\u0430\u0433\u0430\u0437\u0438\u043d Xstyle\",\"alternateName\":\"x-style\",\"url\":\"https:\/\/xstyle.md\/\",\"logo\":{\"@type\":\"ImageObject\",\"inLanguage\":\"ro-RO\",\"@id\":\"https:\/\/xstyle.md\/#\/schema\/logo\/image\/\",\"url\":\"https:\/\/xstyle.md\/wp-content\/uploads\/2020\/06\/logoicon.svg\",\"contentUrl\":\"https:\/\/xstyle.md\/wp-content\/uploads\/2020\/06\/logoicon.svg\",\"caption\":\"\u041c\u0430\u0433\u0430\u0437\u0438\u043d Xstyle\"},\"image\":{\"@id\":\"https:\/\/xstyle.md\/#\/schema\/logo\/image\/\"},\"sameAs\":[\"https:\/\/www.facebook.com\/xstylemd\",\"https:\/\/www.instagram.com\/xstyle_md\/\",\"https:\/\/t.me\/xstyle_outdoor\"],\"hasMerchantReturnPolicy\":{\"@type\":\"MerchantReturnPolicy\",\"merchantReturnLink\":\"https:\/\/xstyle.md\/ro\/conditions\/\"}}]}<\/script>\n<meta property=\"product:price:amount\" content=\"795.00\" \/>\n<meta property=\"product:price:currency\" content=\"MDL\" \/>\n<meta property=\"og:availability\" content=\"instock\" \/>\n<meta property=\"product:availability\" content=\"instock\" \/>\n<meta property=\"product:retailer_item_id\" content=\"AFHGM-003\" \/>\n<meta property=\"product:condition\" content=\"new\" \/>\n<!-- \/ Yoast SEO plugin. -->","yoast_head_json":{"title":"\u041c\u043e\u043d\u043e\u043f\u043e\u0434-\u043f\u043e\u043f\u043b\u0430\u0432\u043e\u043a GoPro Floating Hand Grip (AFHGM-003) - \u041c\u0430\u0433\u0430\u0437\u0438\u043d Xstyle","description":"G\u0103si\u021bi monopodul perfect plutitor GoPro pentru HERO9! M\u00e2nerele confortabile cu func\u021bie de flotabilitate v\u0103 permit s\u0103 surprinde\u021bi momente vibrante pe ap\u0103 f\u0103r\u0103 griji.","robots":{"index":"index","follow":"follow","max-snippet":"max-snippet:-1","max-image-preview":"max-image-preview:large","max-video-preview":"max-video-preview:-1"},"canonical":"https:\/\/xstyle.md\/ro\/produs\/monopod-poplavok-gopro-floating-hand-grip\/","og_locale":"ro_RO","og_type":"article","og_title":"\u041c\u043e\u043d\u043e\u043f\u043e\u0434-\u043f\u043e\u043f\u043b\u0430\u0432\u043e\u043a GoPro Floating Hand Grip (AFHGM-003) - \u041c\u0430\u0433\u0430\u0437\u0438\u043d Xstyle","og_description":"\u041d\u0430\u0439\u0434\u0438\u0442\u0435 \u0438\u0434\u0435\u0430\u043b\u044c\u043d\u044b\u0439 \u043c\u043e\u043d\u043e\u043f\u043e\u0434-\u043f\u043e\u043f\u043b\u0430\u0432\u043e\u043a GoPro \u0434\u043b\u044f HERO9! \u0423\u0434\u043e\u0431\u043d\u044b\u0439 \u0437\u0430\u0445\u0432\u0430\u0442 \u0441 \u043f\u043b\u0430\u0432\u0430\u044e\u0449\u0435\u0439 \u0444\u0443\u043d\u043a\u0446\u0438\u0435\u0439 \u2014 \u0441\u043d\u0438\u043c\u0430\u0439\u0442\u0435 \u044f\u0440\u043a\u0438\u0435 \u043c\u043e\u043c\u0435\u043d\u0442\u044b \u043d\u0430 \u0432\u043e\u0434\u0435 \u0431\u0435\u0437 \u0437\u0430\u0431\u043e\u0442.","og_url":"https:\/\/xstyle.md\/ro\/produs\/monopod-poplavok-gopro-floating-hand-grip\/","og_site_name":"\u041c\u0430\u0433\u0430\u0437\u0438\u043d Xstyle","article_publisher":"https:\/\/www.facebook.com\/xstylemd","article_modified_time":"2025-10-24T09:36:43+00:00","og_image":[{"width":860,"height":790,"url":"https:\/\/xstyle.md\/wp-content\/uploads\/2022\/03\/gopro-floating-hand-grip.jpg","type":"image\/jpeg"}],"twitter_card":"summary_large_image","twitter_misc":{"Pre\u021b":"795&nbsp;MDL","Disponibilitate":"\u00cen stoc"},"schema":{"@context":"https:\/\/schema.org","@graph":[{"@type":"WebPage","@id":"https:\/\/xstyle.md\/product\/monopod-poplavok-gopro-floating-hand-grip\/","url":"https:\/\/xstyle.md\/product\/monopod-poplavok-gopro-floating-hand-grip\/","name":"\u041c\u043e\u043d\u043e\u043f\u043e\u0434-\u043f\u043e\u043f\u043b\u0430\u0432\u043e\u043a GoPro Floating Hand Grip (AFHGM-003) - \u041c\u0430\u0433\u0430\u0437\u0438\u043d Xstyle","isPartOf":{"@id":"https:\/\/xstyle.md\/#website"},"primaryImageOfPage":{"@id":"https:\/\/xstyle.md\/product\/monopod-poplavok-gopro-floating-hand-grip\/#primaryimage"},"image":{"@id":"https:\/\/xstyle.md\/product\/monopod-poplavok-gopro-floating-hand-grip\/#primaryimage"},"thumbnailUrl":"https:\/\/xstyle.md\/wp-content\/uploads\/2022\/03\/gopro-floating-hand-grip.jpg","datePublished":"2022-03-10T09:21:20+00:00","dateModified":"2025-10-24T09:36:43+00:00","description":"G\u0103si\u021bi monopodul perfect plutitor GoPro pentru HERO9! M\u00e2nerele confortabile cu func\u021bie de flotabilitate v\u0103 permit s\u0103 surprinde\u021bi momente vibrante pe ap\u0103 f\u0103r\u0103 griji.","breadcrumb":{"@id":"https:\/\/xstyle.md\/product\/monopod-poplavok-gopro-floating-hand-grip\/#breadcrumb"},"inLanguage":"ro-RO","potentialAction":[{"@type":"ReadAction","target":["https:\/\/xstyle.md\/product\/monopod-poplavok-gopro-floating-hand-grip\/"]}]},{"@type":"ImageObject","inLanguage":"ro-RO","@id":"https:\/\/xstyle.md\/product\/monopod-poplavok-gopro-floating-hand-grip\/#primaryimage","url":"https:\/\/xstyle.md\/wp-content\/uploads\/2022\/03\/gopro-floating-hand-grip.jpg","contentUrl":"https:\/\/xstyle.md\/wp-content\/uploads\/2022\/03\/gopro-floating-hand-grip.jpg","width":860,"height":790,"caption":"\u041c\u043e\u043d\u043e\u043f\u043e\u0434-\u043f\u043e\u043f\u043b\u0430\u0432\u043e\u043a \u0434\u043b\u044f GoPro \u0434\u043b\u044f \u0430\u043a\u0442\u0438\u0432\u043d\u043e\u0433\u043e \u043e\u0442\u0434\u044b\u0445\u0430, \u043f\u0443\u0442\u0435\u0448\u0435\u0441\u0442\u0432\u0438\u0439, \u0430\u043b\u044c\u043f\u0438\u043d\u0438\u0437\u043c\u0430 \u0438 hiking, \u0443\u0434\u043e\u0431\u043d\u0430\u044f \u044d\u043a\u0438\u043f\u0438\u0440\u043e\u0432\u043a\u0430 \u0434\u043b\u044f \u043b\u044e\u0431\u0438\u0442\u0435\u043b\u0435\u0439 \u043f\u0440\u0438\u043a\u043b\u044e\u0447\u0435\u043d\u0438\u0439 \u0438 \u0441\u043f\u043e\u0440\u0442\u0430 \u043d\u0430 \u043f\u0440\u0438\u0440\u043e\u0434\u0435"},{"@type":"BreadcrumbList","@id":"https:\/\/xstyle.md\/product\/monopod-poplavok-gopro-floating-hand-grip\/#breadcrumb","itemListElement":[{"@type":"ListItem","position":1,"name":"\u0413\u043b\u0430\u0432\u043d\u0430\u044f \u0441\u0442\u0440\u0430\u043d\u0438\u0446\u0430","item":"https:\/\/xstyle.md\/"},{"@type":"ListItem","position":2,"name":"\u041c\u0430\u0433\u0430\u0437\u0438\u043d","item":"https:\/\/xstyle.md\/shop\/"},{"@type":"ListItem","position":3,"name":"\u041c\u043e\u043d\u043e\u043f\u043e\u0434-\u043f\u043e\u043f\u043b\u0430\u0432\u043e\u043a GoPro Floating Hand Grip (AFHGM-003)"}]},{"@type":"WebSite","@id":"https:\/\/xstyle.md\/#website","url":"https:\/\/xstyle.md\/","name":"Magazinul X-Style","description":"Echipamente pentru turism \u0219i sporturi extreme \u00een Moldova. Pre\u021buri, fotografii, caracteristici \u00een Moldova.","publisher":{"@id":"https:\/\/xstyle.md\/#organization"},"alternateName":"X-Style","potentialAction":[{"@type":"SearchAction","target":{"@type":"EntryPoint","urlTemplate":"https:\/\/xstyle.md\/?s={search_term_string}"},"query-input":{"@type":"PropertyValueSpecification","valueRequired":true,"valueName":"search_term_string"}}],"inLanguage":"ro-RO"},{"@type":"Organization","@id":"https:\/\/xstyle.md\/#organization","name":"Magazinul X-Style","alternateName":"x-style","url":"https:\/\/xstyle.md\/","logo":{"@type":"ImageObject","inLanguage":"ro-RO","@id":"https:\/\/xstyle.md\/#\/schema\/logo\/image\/","url":"https:\/\/xstyle.md\/wp-content\/uploads\/2020\/06\/logoicon.svg","contentUrl":"https:\/\/xstyle.md\/wp-content\/uploads\/2020\/06\/logoicon.svg","caption":"\u041c\u0430\u0433\u0430\u0437\u0438\u043d Xstyle"},"image":{"@id":"https:\/\/xstyle.md\/#\/schema\/logo\/image\/"},"sameAs":["https:\/\/www.facebook.com\/xstylemd","https:\/\/www.instagram.com\/xstyle_md\/","https:\/\/t.me\/xstyle_outdoor"],"hasMerchantReturnPolicy":{"@type":"MerchantReturnPolicy","merchantReturnLink":"https:\/\/xstyle.md\/ro\/conditions\/"}}]},"product_price_amount":"795.00","product_price_currency":"MDL","og_availability":"instock","product_availability":"instock","product_retailer_item_id":"AFHGM-003","product_condition":"new"},"post_mailing_queue_ids":[],"_links":{"self":[{"href":"https:\/\/xstyle.md\/ro\/wp-json\/wp\/v2\/product\/46576","targetHints":{"allow":["GET"]}}],"collection":[{"href":"https:\/\/xstyle.md\/ro\/wp-json\/wp\/v2\/product"}],"about":[{"href":"https:\/\/xstyle.md\/ro\/wp-json\/wp\/v2\/types\/product"}],"replies":[{"embeddable":true,"href":"https:\/\/xstyle.md\/ro\/wp-json\/wp\/v2\/comments?post=46576"}],"wp:featuredmedia":[{"embeddable":true,"href":"https:\/\/xstyle.md\/ro\/wp-json\/wp\/v2\/media\/46991"}],"wp:attachment":[{"href":"https:\/\/xstyle.md\/ro\/wp-json\/wp\/v2\/media?parent=46576"}],"wp:term":[{"taxonomy":"product_brand","embeddable":true,"href":"https:\/\/xstyle.md\/ro\/wp-json\/wp\/v2\/product_brand?post=46576"},{"taxonomy":"product_cat","embeddable":true,"href":"https:\/\/xstyle.md\/ro\/wp-json\/wp\/v2\/product_cat?post=46576"},{"taxonomy":"product_tag","embeddable":true,"href":"https:\/\/xstyle.md\/ro\/wp-json\/wp\/v2\/product_tag?post=46576"}],"curies":[{"name":"wp","href":"https:\/\/api.w.org\/{rel}","templated":true}]}}