{"id":4588,"date":"2020-07-16T19:58:00","date_gmt":"2020-07-16T16:58:00","guid":{"rendered":"https:\/\/xstyle.md\/product\/nabor-posudy-pinguin-double-x"},"modified":"2026-03-19T16:24:19","modified_gmt":"2026-03-19T13:24:19","slug":"nabor-posudy-pinguin-double-x","status":"publish","type":"product","link":"https:\/\/xstyle.md\/ro\/produs\/nabor-posudy-pinguin-double-x\/","title":{"rendered":"Set vase Pinguin Double X"},"content":{"rendered":"<\/p>\n<p><strong>Pinguin Double X<\/strong> &#8212; un set de vase de g\u0103tit din aluminiu cu un element de schimb de c\u0103ldur\u0103 pe unul dintre recipiente, care economise\u0219te p\u00e2n\u0103 la 30% din gaz atunci c\u00e2nd se utilizeaz\u0103 o butelie. Setul este format din 2 tig\u0103i, 2 capace, 1 capac de protec\u021bie pentru elementul de schimb de c\u0103ldur\u0103 care poate fi folosit ca un bol plat \u0219i 1 burete pentru sp\u0103lare. Stratul de suprafa\u021b\u0103 este anodizat, ceea ce confer\u0103 produselor rezisten\u021b\u0103 la flac\u0103r\u0103 \u0219i uzur\u0103. Oala mai mic\u0103 se potrive\u0219te \u00een cea mai mare. Setul asigur\u0103 un transport sigur al buteliilor de gaz \u0219i al arz\u0103torului mic. Arz\u0103torul \u0219i cartu\u0219ul nu sunt incluse \u00een set.<\/p>\n<h3>Particularit\u0103\u021bi<\/h3>\n<ul>\n<li>Schimb\u0103torul de c\u0103ldur\u0103 reduce semnificativ timpul de fierbere a apei, reduc\u00e2nd astfel cantitatea de combustibil folosit\u0103.<\/li>\n<li>M\u00e2nere pliabile cu protec\u021bie \u00eempotriva arsurilor<\/li>\n<li>Material u\u0219or \u0219i durabil<\/li>\n<li>Hus\u0103 inclus\u0103<\/li>\n<li>Burete de vase inclus<\/li>\n<\/ul>\n<h3>Setul include<\/h3>\n<ul>\n<li>Crati\u021b\u0103 &#8212; 142\u00d7112 mm \/ 1125 ml \/ 166 g<\/li>\n<li>Crati\u021b\u0103 &#8212; 125\u00d7102 mm \/ 750 ml \/ 141 g<\/li>\n<li>Capac &#8212; 127\u00d765 mm \/ 550 ml \/ 96 g<\/li>\n<li>Capac &#8212; 120\u00d760 mm \/ 375 ml \/ 85 g<\/li>\n<li>Capac de protec\u021bie<\/li>\n<li>Burete<\/li>\n<li>Pung\u0103 cu plas\u0103<\/li>\n<\/ul>\n<h3>Caracteristici<\/h3>\n<ul>\n<li>Material &#8212; aluminiu anodizat dur<\/li>\n<li>Dimensiuni &#8212; 14,2 x 14,2 x 16,8 cm<\/li>\n<li>Greutate &#8212; 554g<\/li>\n<\/ul>\n<h3>Marca<\/h3>\n<p>Pinguin este cea mai experimentat\u0103 companie ceh\u0103 produc\u0103toare de echipamente pentru activit\u0103\u021bi \u00een aer liber, deoarece primele produse au fost lansate pe pia\u021b\u0103 \u00een 1989. Echipamentul Pinguin a fost folosit de multe ori de alpini\u0219ti \u0219i c\u0103l\u0103tori celebri \u00een cucerirea celor mai \u00eenalte v\u00e2rfuri muntoase din lume.<\/p>\n<p>Compania a fost denumit\u0103 dup\u0103 o pas\u0103re care tr\u0103ie\u0219te \u00een gerul aspru din Antarctica, fiind specializat\u0103 \u00een echipamente de c\u0103l\u0103torie care vor oferi tuturor iubitorilor de activit\u0103\u021bi \u00een aer liber confort \u0219i c\u0103ldur\u0103 \u00een frigul iernii sau pe calotele de ghea\u021b\u0103 ale v\u00e2rfurilor muntoase.<\/p>\n<p><\/p>","protected":false},"excerpt":{"rendered":"<p>Set vase Pinguin Double X<\/p>","protected":false},"featured_media":4587,"comment_status":"open","ping_status":"closed","template":"","meta":{"_acf_changed":false,"inline_featured_image":false},"product_brand":[1263],"product_cat":[84],"product_tag":[],"class_list":{"0":"post-4588","1":"product","2":"type-product","3":"status-publish","4":"has-post-thumbnail","6":"product_brand-pinguin","7":"product_cat-pots","9":"first","10":"outofstock","11":"shipping-taxable","12":"product-type-simple"},"acf":[],"yoast_head":"<!-- This site is optimized with the Yoast SEO plugin v27.2 - https:\/\/yoast.com\/product\/yoast-seo-wordpress\/ -->\n<title>\u041d\u0430\u0431\u043e\u0440 \u043a\u0430\u0441\u0442\u0440\u044e\u043b\u044c Pinguin Double X - \u041c\u0430\u0433\u0430\u0437\u0438\u043d Xstyle<\/title>\n<meta name=\"description\" content=\"\u041d\u0430\u0431\u043e\u0440 \u043a\u0430\u0441\u0442\u0440\u044e\u043b\u044c Pinguin Double X \u0438\u0437 \u0430\u043b\u044e\u043c\u0438\u043d\u0438\u044f. \u042d\u0444\u0444\u0435\u043a\u0442\u0438\u0432\u043d\u043e\u0435 \u044d\u043a\u043e\u043d\u043e\u043c\u043b\u0435\u043d\u0438\u0435 \u0433\u0430\u0437\u0430 \u0434\u043e 30%. \u0412 \u043a\u043e\u043c\u043f\u043b\u0435\u043a\u0442\u0435 2 \u0441\u043a\u043e\u0432\u043e\u0440\u043e\u0434\u044b \u0438 2 \u043a\u0440\u044b\u0448\u043a\u0438. \u0418\u0434\u0435\u0430\u043b\u044c\u043d\u043e \u0434\u043b\u044f \u0430\u043a\u0442\u0438\u0432\u043d\u043e\u0433\u043e \u043e\u0442\u0434\u044b\u0445\u0430!\" \/>\n<meta name=\"robots\" content=\"index, follow, max-snippet:-1, max-image-preview:large, max-video-preview:-1\" \/>\n<link rel=\"canonical\" href=\"https:\/\/xstyle.md\/ro\/produs\/nabor-posudy-pinguin-double-x\/\" \/>\n<meta property=\"og:locale\" content=\"ro_RO\" \/>\n<meta property=\"og:type\" content=\"article\" \/>\n<meta property=\"og:title\" content=\"\u041d\u0430\u0431\u043e\u0440 \u043a\u0430\u0441\u0442\u0440\u044e\u043b\u044c Pinguin Double X - \u041c\u0430\u0433\u0430\u0437\u0438\u043d Xstyle\" \/>\n<meta property=\"og:description\" content=\"\u041d\u0430\u0431\u043e\u0440 \u043a\u0430\u0441\u0442\u0440\u044e\u043b\u044c Pinguin Double X \u0438\u0437 \u0430\u043b\u044e\u043c\u0438\u043d\u0438\u044f. \u042d\u0444\u0444\u0435\u043a\u0442\u0438\u0432\u043d\u043e\u0435 \u044d\u043a\u043e\u043d\u043e\u043c\u043b\u0435\u043d\u0438\u0435 \u0433\u0430\u0437\u0430 \u0434\u043e 30%. \u0412 \u043a\u043e\u043c\u043f\u043b\u0435\u043a\u0442\u0435 2 \u0441\u043a\u043e\u0432\u043e\u0440\u043e\u0434\u044b \u0438 2 \u043a\u0440\u044b\u0448\u043a\u0438. \u0418\u0434\u0435\u0430\u043b\u044c\u043d\u043e \u0434\u043b\u044f \u0430\u043a\u0442\u0438\u0432\u043d\u043e\u0433\u043e \u043e\u0442\u0434\u044b\u0445\u0430!\" \/>\n<meta property=\"og:url\" content=\"https:\/\/xstyle.md\/ro\/produs\/nabor-posudy-pinguin-double-x\/\" \/>\n<meta property=\"og:site_name\" content=\"\u041c\u0430\u0433\u0430\u0437\u0438\u043d Xstyle\" \/>\n<meta property=\"article:publisher\" content=\"https:\/\/www.facebook.com\/xstylemd\" \/>\n<meta property=\"article:modified_time\" content=\"2026-03-19T13:24:19+00:00\" \/>\n<meta property=\"og:image\" content=\"https:\/\/xstyle.md\/wp-content\/uploads\/2020\/07\/4380-nadobi_pinguin_double_x_cid1.jpg\" \/>\n\t<meta property=\"og:image:width\" content=\"430\" \/>\n\t<meta property=\"og:image:height\" content=\"492\" \/>\n\t<meta property=\"og:image:type\" content=\"image\/jpeg\" \/>\n<meta name=\"twitter:card\" content=\"summary_large_image\" \/>\n<meta name=\"twitter:label1\" content=\"Pre\u021b\" \/>\n\t<meta name=\"twitter:data1\" content=\"1.190&nbsp;MDL\" \/>\n\t<meta name=\"twitter:label2\" content=\"Disponibilitate\" \/>\n\t<meta name=\"twitter:data2\" content=\"Stoc epuizat\" \/>\n<script type=\"application\/ld+json\" class=\"yoast-schema-graph\">{\"@context\":\"https:\/\/schema.org\",\"@graph\":[{\"@type\":\"WebPage\",\"@id\":\"https:\/\/xstyle.md\/product\/nabor-posudy-pinguin-double-x\/\",\"url\":\"https:\/\/xstyle.md\/product\/nabor-posudy-pinguin-double-x\/\",\"name\":\"\u041d\u0430\u0431\u043e\u0440 \u043a\u0430\u0441\u0442\u0440\u044e\u043b\u044c Pinguin Double X - \u041c\u0430\u0433\u0430\u0437\u0438\u043d Xstyle\",\"isPartOf\":{\"@id\":\"https:\/\/xstyle.md\/#website\"},\"primaryImageOfPage\":{\"@id\":\"https:\/\/xstyle.md\/product\/nabor-posudy-pinguin-double-x\/#primaryimage\"},\"image\":{\"@id\":\"https:\/\/xstyle.md\/product\/nabor-posudy-pinguin-double-x\/#primaryimage\"},\"thumbnailUrl\":\"https:\/\/xstyle.md\/wp-content\/uploads\/2020\/07\/4380-nadobi_pinguin_double_x_cid1.jpg\",\"datePublished\":\"2020-07-16T16:58:00+00:00\",\"dateModified\":\"2026-03-19T13:24:19+00:00\",\"description\":\"\u041d\u0430\u0431\u043e\u0440 \u043a\u0430\u0441\u0442\u0440\u044e\u043b\u044c Pinguin Double X \u0438\u0437 \u0430\u043b\u044e\u043c\u0438\u043d\u0438\u044f. \u042d\u0444\u0444\u0435\u043a\u0442\u0438\u0432\u043d\u043e\u0435 \u044d\u043a\u043e\u043d\u043e\u043c\u043b\u0435\u043d\u0438\u0435 \u0433\u0430\u0437\u0430 \u0434\u043e 30%. \u0412 \u043a\u043e\u043c\u043f\u043b\u0435\u043a\u0442\u0435 2 \u0441\u043a\u043e\u0432\u043e\u0440\u043e\u0434\u044b \u0438 2 \u043a\u0440\u044b\u0448\u043a\u0438. \u0418\u0434\u0435\u0430\u043b\u044c\u043d\u043e \u0434\u043b\u044f \u0430\u043a\u0442\u0438\u0432\u043d\u043e\u0433\u043e \u043e\u0442\u0434\u044b\u0445\u0430!\",\"breadcrumb\":{\"@id\":\"https:\/\/xstyle.md\/product\/nabor-posudy-pinguin-double-x\/#breadcrumb\"},\"inLanguage\":\"ro-RO\",\"potentialAction\":[{\"@type\":\"ReadAction\",\"target\":[\"https:\/\/xstyle.md\/product\/nabor-posudy-pinguin-double-x\/\"]}]},{\"@type\":\"ImageObject\",\"inLanguage\":\"ro-RO\",\"@id\":\"https:\/\/xstyle.md\/product\/nabor-posudy-pinguin-double-x\/#primaryimage\",\"url\":\"https:\/\/xstyle.md\/wp-content\/uploads\/2020\/07\/4380-nadobi_pinguin_double_x_cid1.jpg\",\"contentUrl\":\"https:\/\/xstyle.md\/wp-content\/uploads\/2020\/07\/4380-nadobi_pinguin_double_x_cid1.jpg\",\"width\":430,\"height\":492},{\"@type\":\"BreadcrumbList\",\"@id\":\"https:\/\/xstyle.md\/product\/nabor-posudy-pinguin-double-x\/#breadcrumb\",\"itemListElement\":[{\"@type\":\"ListItem\",\"position\":1,\"name\":\"\u0413\u043b\u0430\u0432\u043d\u0430\u044f \u0441\u0442\u0440\u0430\u043d\u0438\u0446\u0430\",\"item\":\"https:\/\/xstyle.md\/\"},{\"@type\":\"ListItem\",\"position\":2,\"name\":\"\u041c\u0430\u0433\u0430\u0437\u0438\u043d\",\"item\":\"https:\/\/xstyle.md\/shop\/\"},{\"@type\":\"ListItem\",\"position\":3,\"name\":\"\u041d\u0430\u0431\u043e\u0440 \u043a\u0430\u0441\u0442\u0440\u044e\u043b\u044c Pinguin Double X\"}]},{\"@type\":\"WebSite\",\"@id\":\"https:\/\/xstyle.md\/#website\",\"url\":\"https:\/\/xstyle.md\/\",\"name\":\"\u041c\u0430\u0433\u0430\u0437\u0438\u043d Xstyle\",\"description\":\"C\u043d\u0430\u0440\u044f\u0436\u0435\u043d\u0438\u0435 \u0434\u043b\u044f \u0442\u0443\u0440\u0438\u0437\u043c\u0430 \u0438 \u044d\u043a\u0441\u0442\u0440\u0435\u043c\u0430\u043b\u044c\u043d\u044b\u0445 \u0432\u0438\u0434\u043e\u0432 \u0441\u043f\u043e\u0440\u0442\u0430 \u0432 \u041c\u043e\u043b\u0434\u043e\u0432\u0435.. \u0426\u0435\u043d\u044b, \u0444\u043e\u0442\u043e, \u0445\u0430\u0440\u0430\u043a\u0442\u0435\u0440\u0438\u0441\u0442\u0438\u043a\u0438 \u0432 \u041c\u043e\u043b\u0434\u043e\u0432\u0435.\",\"publisher\":{\"@id\":\"https:\/\/xstyle.md\/#organization\"},\"alternateName\":\"X-Style\",\"potentialAction\":[{\"@type\":\"SearchAction\",\"target\":{\"@type\":\"EntryPoint\",\"urlTemplate\":\"https:\/\/xstyle.md\/?s={search_term_string}\"},\"query-input\":{\"@type\":\"PropertyValueSpecification\",\"valueRequired\":true,\"valueName\":\"search_term_string\"}}],\"inLanguage\":\"ro-RO\"},{\"@type\":\"Organization\",\"@id\":\"https:\/\/xstyle.md\/#organization\",\"name\":\"\u041c\u0430\u0433\u0430\u0437\u0438\u043d Xstyle\",\"alternateName\":\"x-style\",\"url\":\"https:\/\/xstyle.md\/\",\"logo\":{\"@type\":\"ImageObject\",\"inLanguage\":\"ro-RO\",\"@id\":\"https:\/\/xstyle.md\/#\/schema\/logo\/image\/\",\"url\":\"https:\/\/xstyle.md\/wp-content\/uploads\/2020\/06\/logoicon.svg\",\"contentUrl\":\"https:\/\/xstyle.md\/wp-content\/uploads\/2020\/06\/logoicon.svg\",\"caption\":\"\u041c\u0430\u0433\u0430\u0437\u0438\u043d Xstyle\"},\"image\":{\"@id\":\"https:\/\/xstyle.md\/#\/schema\/logo\/image\/\"},\"sameAs\":[\"https:\/\/www.facebook.com\/xstylemd\",\"https:\/\/www.instagram.com\/xstyle_md\/\",\"https:\/\/t.me\/xstyle_outdoor\"],\"hasMerchantReturnPolicy\":{\"@type\":\"MerchantReturnPolicy\",\"merchantReturnLink\":\"https:\/\/xstyle.md\/ro\/conditions\/\"}}]}<\/script>\n<meta property=\"product:price:amount\" content=\"1190.00\" \/>\n<meta property=\"product:price:currency\" content=\"MDL\" \/>\n<meta property=\"og:availability\" content=\"out of stock\" \/>\n<meta property=\"product:availability\" content=\"out of stock\" \/>\n<meta property=\"product:retailer_item_id\" content=\"8592638623000\" \/>\n<meta property=\"product:condition\" content=\"new\" \/>\n<!-- \/ Yoast SEO plugin. -->","yoast_head_json":{"title":"Set vase Pinguin Double X - Magazin Xstyle","description":"Set de oale Pinguin Double X din aluminiu. Economie eficient\u0103 de gaz de p\u00e2n\u0103 la 30%. Include 2 tig\u0103i \u0219i 2 capace. Ideal pentru activit\u0103\u021bi \u00een aer liber!","robots":{"index":"index","follow":"follow","max-snippet":"max-snippet:-1","max-image-preview":"max-image-preview:large","max-video-preview":"max-video-preview:-1"},"canonical":"https:\/\/xstyle.md\/ro\/produs\/nabor-posudy-pinguin-double-x\/","og_locale":"ro_RO","og_type":"article","og_title":"\u041d\u0430\u0431\u043e\u0440 \u043a\u0430\u0441\u0442\u0440\u044e\u043b\u044c Pinguin Double X - \u041c\u0430\u0433\u0430\u0437\u0438\u043d Xstyle","og_description":"\u041d\u0430\u0431\u043e\u0440 \u043a\u0430\u0441\u0442\u0440\u044e\u043b\u044c Pinguin Double X \u0438\u0437 \u0430\u043b\u044e\u043c\u0438\u043d\u0438\u044f. \u042d\u0444\u0444\u0435\u043a\u0442\u0438\u0432\u043d\u043e\u0435 \u044d\u043a\u043e\u043d\u043e\u043c\u043b\u0435\u043d\u0438\u0435 \u0433\u0430\u0437\u0430 \u0434\u043e 30%. \u0412 \u043a\u043e\u043c\u043f\u043b\u0435\u043a\u0442\u0435 2 \u0441\u043a\u043e\u0432\u043e\u0440\u043e\u0434\u044b \u0438 2 \u043a\u0440\u044b\u0448\u043a\u0438. \u0418\u0434\u0435\u0430\u043b\u044c\u043d\u043e \u0434\u043b\u044f \u0430\u043a\u0442\u0438\u0432\u043d\u043e\u0433\u043e \u043e\u0442\u0434\u044b\u0445\u0430!","og_url":"https:\/\/xstyle.md\/ro\/produs\/nabor-posudy-pinguin-double-x\/","og_site_name":"\u041c\u0430\u0433\u0430\u0437\u0438\u043d Xstyle","article_publisher":"https:\/\/www.facebook.com\/xstylemd","article_modified_time":"2026-03-19T13:24:19+00:00","og_image":[{"width":430,"height":492,"url":"https:\/\/xstyle.md\/wp-content\/uploads\/2020\/07\/4380-nadobi_pinguin_double_x_cid1.jpg","type":"image\/jpeg"}],"twitter_card":"summary_large_image","twitter_misc":{"Pre\u021b":"1.190&nbsp;MDL","Disponibilitate":"Stoc epuizat"},"schema":{"@context":"https:\/\/schema.org","@graph":[{"@type":"WebPage","@id":"https:\/\/xstyle.md\/product\/nabor-posudy-pinguin-double-x\/","url":"https:\/\/xstyle.md\/product\/nabor-posudy-pinguin-double-x\/","name":"Set vase Pinguin Double X - Magazin Xstyle","isPartOf":{"@id":"https:\/\/xstyle.md\/#website"},"primaryImageOfPage":{"@id":"https:\/\/xstyle.md\/product\/nabor-posudy-pinguin-double-x\/#primaryimage"},"image":{"@id":"https:\/\/xstyle.md\/product\/nabor-posudy-pinguin-double-x\/#primaryimage"},"thumbnailUrl":"https:\/\/xstyle.md\/wp-content\/uploads\/2020\/07\/4380-nadobi_pinguin_double_x_cid1.jpg","datePublished":"2020-07-16T16:58:00+00:00","dateModified":"2026-03-19T13:24:19+00:00","description":"Set de oale Pinguin Double X din aluminiu. Economie eficient\u0103 de gaz de p\u00e2n\u0103 la 30%. Include 2 tig\u0103i \u0219i 2 capace. Ideal pentru activit\u0103\u021bi \u00een aer liber!","breadcrumb":{"@id":"https:\/\/xstyle.md\/product\/nabor-posudy-pinguin-double-x\/#breadcrumb"},"inLanguage":"ro-RO","potentialAction":[{"@type":"ReadAction","target":["https:\/\/xstyle.md\/product\/nabor-posudy-pinguin-double-x\/"]}]},{"@type":"ImageObject","inLanguage":"ro-RO","@id":"https:\/\/xstyle.md\/product\/nabor-posudy-pinguin-double-x\/#primaryimage","url":"https:\/\/xstyle.md\/wp-content\/uploads\/2020\/07\/4380-nadobi_pinguin_double_x_cid1.jpg","contentUrl":"https:\/\/xstyle.md\/wp-content\/uploads\/2020\/07\/4380-nadobi_pinguin_double_x_cid1.jpg","width":430,"height":492},{"@type":"BreadcrumbList","@id":"https:\/\/xstyle.md\/product\/nabor-posudy-pinguin-double-x\/#breadcrumb","itemListElement":[{"@type":"ListItem","position":1,"name":"\u0413\u043b\u0430\u0432\u043d\u0430\u044f \u0441\u0442\u0440\u0430\u043d\u0438\u0446\u0430","item":"https:\/\/xstyle.md\/"},{"@type":"ListItem","position":2,"name":"\u041c\u0430\u0433\u0430\u0437\u0438\u043d","item":"https:\/\/xstyle.md\/shop\/"},{"@type":"ListItem","position":3,"name":"\u041d\u0430\u0431\u043e\u0440 \u043a\u0430\u0441\u0442\u0440\u044e\u043b\u044c Pinguin Double X"}]},{"@type":"WebSite","@id":"https:\/\/xstyle.md\/#website","url":"https:\/\/xstyle.md\/","name":"Magazinul X-Style","description":"Echipamente pentru turism \u0219i sporturi extreme \u00een Moldova. Pre\u021buri, fotografii, caracteristici \u00een Moldova.","publisher":{"@id":"https:\/\/xstyle.md\/#organization"},"alternateName":"X-Style","potentialAction":[{"@type":"SearchAction","target":{"@type":"EntryPoint","urlTemplate":"https:\/\/xstyle.md\/?s={search_term_string}"},"query-input":{"@type":"PropertyValueSpecification","valueRequired":true,"valueName":"search_term_string"}}],"inLanguage":"ro-RO"},{"@type":"Organization","@id":"https:\/\/xstyle.md\/#organization","name":"Magazinul X-Style","alternateName":"x-style","url":"https:\/\/xstyle.md\/","logo":{"@type":"ImageObject","inLanguage":"ro-RO","@id":"https:\/\/xstyle.md\/#\/schema\/logo\/image\/","url":"https:\/\/xstyle.md\/wp-content\/uploads\/2020\/06\/logoicon.svg","contentUrl":"https:\/\/xstyle.md\/wp-content\/uploads\/2020\/06\/logoicon.svg","caption":"\u041c\u0430\u0433\u0430\u0437\u0438\u043d Xstyle"},"image":{"@id":"https:\/\/xstyle.md\/#\/schema\/logo\/image\/"},"sameAs":["https:\/\/www.facebook.com\/xstylemd","https:\/\/www.instagram.com\/xstyle_md\/","https:\/\/t.me\/xstyle_outdoor"],"hasMerchantReturnPolicy":{"@type":"MerchantReturnPolicy","merchantReturnLink":"https:\/\/xstyle.md\/ro\/conditions\/"}}]},"product_price_amount":"1190.00","product_price_currency":"MDL","og_availability":"out of stock","product_availability":"out of stock","product_retailer_item_id":"8592638623000","product_condition":"new"},"post_mailing_queue_ids":[],"_links":{"self":[{"href":"https:\/\/xstyle.md\/ro\/wp-json\/wp\/v2\/product\/4588","targetHints":{"allow":["GET"]}}],"collection":[{"href":"https:\/\/xstyle.md\/ro\/wp-json\/wp\/v2\/product"}],"about":[{"href":"https:\/\/xstyle.md\/ro\/wp-json\/wp\/v2\/types\/product"}],"replies":[{"embeddable":true,"href":"https:\/\/xstyle.md\/ro\/wp-json\/wp\/v2\/comments?post=4588"}],"wp:featuredmedia":[{"embeddable":true,"href":"https:\/\/xstyle.md\/ro\/wp-json\/wp\/v2\/media\/4587"}],"wp:attachment":[{"href":"https:\/\/xstyle.md\/ro\/wp-json\/wp\/v2\/media?parent=4588"}],"wp:term":[{"taxonomy":"product_brand","embeddable":true,"href":"https:\/\/xstyle.md\/ro\/wp-json\/wp\/v2\/product_brand?post=4588"},{"taxonomy":"product_cat","embeddable":true,"href":"https:\/\/xstyle.md\/ro\/wp-json\/wp\/v2\/product_cat?post=4588"},{"taxonomy":"product_tag","embeddable":true,"href":"https:\/\/xstyle.md\/ro\/wp-json\/wp\/v2\/product_tag?post=4588"}],"curies":[{"name":"wp","href":"https:\/\/api.w.org\/{rel}","templated":true}]}}