{"id":45243,"date":"2022-02-02T20:33:45","date_gmt":"2022-02-02T17:33:45","guid":{"rendered":"https:\/\/xstyle.md\/?post_type=product&#038;p=45243"},"modified":"2025-10-24T13:03:16","modified_gmt":"2025-10-24T10:03:16","slug":"solnechnoe-zaryadnoe-ustrojstvo-goalzero-nomad-10","status":"publish","type":"product","link":"https:\/\/xstyle.md\/ro\/produs\/solnechnoe-zaryadnoe-ustrojstvo-goalzero-nomad-10\/","title":{"rendered":"\u00cenc\u0103rc\u0103tor solar Goal Zero Nomad 10"},"content":{"rendered":"<p><strong>\u0421\u043e\u043b\u043d\u0435\u0447\u043d\u043e\u0435 \u0437\u0430\u0440\u044f\u0434\u043d\u043e\u0435 \u0443\u0441\u0442\u0440\u043e\u0439\u0441\u0442\u0432\u043e GoalZero Nomad 10<\/strong>\u00a0\u043e\u0442\u043b\u0438\u0447\u0430\u0435\u0442\u0441\u044f \u043e\u043f\u0442\u0438\u043c\u0430\u043b\u044c\u043d\u044b\u043c \u0441\u043e\u0447\u0435\u0442\u0430\u043d\u0438\u0435\u043c \u043c\u043e\u0449\u043d\u043e\u0441\u0442\u0438 (10 \u0412\u0442) \u0438 \u0440\u0430\u0437\u043c\u0435\u0440\u043e\u0432. \u041e\u043d\u0430 \u043f\u043e\u0437\u0432\u043e\u043b\u044f\u0435\u0442 \u0437\u0430\u0440\u044f\u0436\u0430\u0442\u044c \u0442\u0435\u043b\u0435\u0444\u043e\u043d\u044b, \u0438\u0441\u0442\u043e\u0447\u043d\u0438\u043a\u0438 \u043f\u0438\u0442\u0430\u043d\u0438\u044f \u0438 \u0434\u0440\u0443\u0433\u0438\u0435 \u043d\u0435\u0431\u043e\u043b\u044c\u0448\u0438\u0435 \u0433\u0430\u0434\u0436\u0435\u0442\u044b \u0432 \u043b\u044e\u0431\u043e\u043c \u043c\u0435\u0441\u0442\u0435, \u0433\u0434\u0435 \u0441\u0432\u0435\u0442\u0438\u0442 \u0441\u043e\u043b\u043d\u0446\u0435. \u041a\u043e\u043d\u0441\u0442\u0440\u0443\u043a\u0446\u0438\u044f \u0441\u043e\u043b\u043d\u0435\u0447\u043d\u043e\u0439 \u043f\u0430\u043d\u0435\u043b\u0438 \u043e\u043f\u0442\u0438\u043c\u0438\u0437\u0438\u0440\u043e\u0432\u0430\u043d\u0430 \u0434\u043b\u044f \u043e\u0431\u0435\u0441\u043f\u0435\u0447\u0435\u043d\u0438\u044f \u043c\u0430\u043a\u0441\u0438\u043c\u0430\u043b\u044c\u043d\u043e\u0439 \u044d\u0444\u0444\u0435\u043a\u0442\u0438\u0432\u043d\u043e\u0441\u0442\u0438 \u043f\u0440\u0435\u043e\u0431\u0440\u0430\u0437\u043e\u0432\u0430\u043d\u0438\u044f \u0441\u043e\u043b\u043d\u0435\u0447\u043d\u043e\u0439 \u044d\u043d\u0435\u0440\u0433\u0438\u0438 \u0432 \u044d\u043b\u0435\u043a\u0442\u0440\u0438\u0447\u0435\u0441\u043a\u0443\u044e.<\/p>\n<p>\u0421\u043e\u043b\u043d\u0435\u0447\u043d\u0430\u044f \u043f\u0430\u043d\u0435\u043b\u044c \u043e\u0441\u043d\u0430\u0449\u0435\u043d\u0430 \u0432\u0441\u0442\u0440\u043e\u0435\u043d\u043d\u043e\u0439 \u0437\u0430\u0440\u044f\u0434\u043d\u043e\u0439 \u0441\u0442\u0430\u043d\u0446\u0438\u0435\u0439 \u043f\u043e\u0434 \u0438\u0441\u0442\u043e\u0447\u043d\u0438\u043a\u0438 \u043f\u0438\u0442\u0430\u043d\u0438\u044f Goal Zero \u0441\u0435\u0440\u0438\u0438 Flip, \u0430 \u0442\u0430\u043a\u0436\u0435 \u0443\u0434\u043e\u0431\u043d\u043e\u0439 \u043e\u0442\u043a\u0438\u0434\u043d\u043e\u0439 \u043e\u043f\u043e\u0440\u043e\u0439 \u0434\u043b\u044f \u043e\u0440\u0438\u0435\u043d\u0442\u0430\u0446\u0438\u0438 \u043e\u0442\u043d\u043e\u0441\u0438\u0442\u0435\u043b\u044c\u043d\u043e \u0441\u043e\u043b\u043d\u0446\u0430. \u041e\u043f\u043e\u0440\u0430 \u044f\u0432\u043b\u044f\u0435\u0442\u0441\u044f \u0441\u044a\u0435\u043c\u043d\u043e\u0439, \u0431\u043b\u0430\u0433\u043e\u0434\u0430\u0440\u044f \u0447\u0435\u043c\u0443 \u0435\u0435 \u043c\u043e\u0436\u043d\u043e \u043d\u0435 \u0431\u0440\u0430\u0442\u044c \u0441 \u0441\u043e\u0431\u043e\u0439 \u043f\u0440\u0438 \u043d\u0435\u043e\u0431\u0445\u043e\u0434\u0438\u043c\u043e\u0441\u0442\u0438.<\/p>\n<p>\u0422\u0430\u043a\u0436\u0435 \u043f\u0430\u043d\u0435\u043b\u044c Nomad 10 \u043e\u0441\u043d\u0430\u0449\u0435\u043d\u0430 \u0441\u0442\u0430\u043d\u0434\u0430\u0440\u0442\u043d\u044b\u043c USB-\u043f\u043e\u0440\u0442\u043e\u043c, \u043f\u043e\u0434\u0445\u043e\u0434\u044f\u0449\u0438\u043c \u0434\u043b\u044f \u0437\u0430\u0440\u044f\u0434\u043a\u0438 \u0431\u043e\u043b\u044c\u0448\u0438\u043d\u0441\u0442\u0432\u0430 \u0443\u0441\u0442\u0440\u043e\u0439\u0441\u0442\u0432.<\/p>\n<h3>Particularit\u0103\u021bi<\/h3>\n<ul>\n<li>Suport pivotant deta\u0219abil cu unghi de montare reglabil, care permite pozi\u021bionarea panoului solar cu fa\u021ba la soare \u00een orice moment al zilei.<\/li>\n<li>Design u\u0219or cu ochiuri de curea pentru ata\u0219area panoului solar la un rucsac sau cort.<\/li>\n<li>Design pliabil pentru depozitare \u0219i transport u\u0219or.<\/li>\n<li>Durabilitate \u0219i fiabilitate ridicate, ceea ce \u00eenseamn\u0103 c\u0103 poate fi utilizat chiar \u0219i \u00een cele mai dificile condi\u021bii climatice.<\/li>\n<\/ul>\n<h3>Dispozitive \u00eenc\u0103rcabile<\/h3>\n<ul>\n<li>Telefoane<\/li>\n<li>\u00cenc\u0103rc\u0103toare portabile<\/li>\n<li>Lanterne<\/li>\n<li>Br\u0103\u021b\u0103ri de fitness<\/li>\n<li>Goal Zero Lighthouse Series Lumini de balizaj<\/li>\n<li>Dispozitive de buzunar USB<\/li>\n<\/ul>\n<h3>Surse de alimentare compatibile<\/h3>\n<ul>\n<li>Flip 12: timp de \u00eenc\u0103rcare 2,5-5 ore<\/li>\n<li>Flip 24: timp de \u00eenc\u0103rcare 4-8 ore<\/li>\n<li>Flip 36: timp de \u00eenc\u0103rcare 6-12 ore<\/li>\n<li>Sherpa 15: timp de \u00eenc\u0103rcare 2,5-5 ore<\/li>\n<li>Ghid 10: timp de \u00eenc\u0103rcare 3-6 ore<\/li>\n<li>Venture 30: timp de \u00eenc\u0103rcare 4,5-9 ore<\/li>\n<\/ul>\n<h3>Ie\u0219iri<\/h3>\n<ul>\n<li>Port USB - 5 V, p\u00e2n\u0103 la 1,5 A (max. 7,5 W)<\/li>\n<li>Sta\u021bie de \u00eenc\u0103rcare - Pentru \u00eenc\u0103rc\u0103toarele din seria Flip<\/li>\n<\/ul>\n<h3>Panou solar<\/h3>\n<ul>\n<li>Putere nominal\u0103 - 10 W<\/li>\n<li>Tensiune \u00een circuit deschis - 6-7 V<\/li>\n<li>Tip de celul\u0103 - Celule monocristaline<\/li>\n<\/ul>\n<h3>Caracteristici<\/h3>\n<ul>\n<li>Greutate cu suport rabatabil - 510 g<\/li>\n<li>Dimensiuni pliate - 24,1 x 36,8 x 1,9 cm<\/li>\n<li>Dimensiuni pliate - 24,1 x 18,4 x 3,2 cm<\/li>\n<li>Perioada de garan\u021bie - 12 luni<\/li>\n<\/ul>","protected":false},"excerpt":{"rendered":"<p>\u0421\u043e\u043b\u043d\u0435\u0447\u043d\u043e\u0435 \u0437\u0430\u0440\u044f\u0434\u043d\u043e\u0435 \u0443\u0441\u0442\u0440\u043e\u0439\u0441\u0442\u0432\u043e GoalZero Nomad 10\u00a0\u043e\u0442\u043b\u0438\u0447\u0430\u0435\u0442\u0441\u044f \u043e\u043f\u0442\u0438\u043c\u0430\u043b\u044c\u043d\u044b\u043c \u0441\u043e\u0447\u0435\u0442\u0430\u043d\u0438\u0435\u043c \u043c\u043e\u0449\u043d\u043e\u0441\u0442\u0438 (10 \u0412\u0442) \u0438 \u0440\u0430\u0437\u043c\u0435\u0440\u043e\u0432. \u041e\u043d\u0430 \u043f\u043e\u0437\u0432\u043e\u043b\u044f\u0435\u0442 \u0437\u0430\u0440\u044f\u0436\u0430\u0442\u044c \u0442\u0435\u043b\u0435\u0444\u043e\u043d\u044b, \u0438\u0441\u0442\u043e\u0447\u043d\u0438\u043a\u0438 \u043f\u0438\u0442\u0430\u043d\u0438\u044f \u0438 \u0434\u0440\u0443\u0433\u0438\u0435 \u043d\u0435\u0431\u043e\u043b\u044c\u0448\u0438\u0435 \u0433\u0430\u0434\u0436\u0435\u0442\u044b \u0432 \u043b\u044e\u0431\u043e\u043c \u043c\u0435\u0441\u0442\u0435, \u0433\u0434\u0435 \u0441\u0432\u0435\u0442\u0438\u0442 \u0441\u043e\u043b\u043d\u0446\u0435. \u041a\u043e\u043d\u0441\u0442\u0440\u0443\u043a\u0446\u0438\u044f \u0441\u043e\u043b\u043d\u0435\u0447\u043d\u043e\u0439 \u043f\u0430\u043d\u0435\u043b\u0438 \u043e\u043f\u0442\u0438\u043c\u0438\u0437\u0438\u0440\u043e\u0432\u0430\u043d\u0430 \u0434\u043b\u044f \u043e\u0431\u0435\u0441\u043f\u0435\u0447\u0435\u043d\u0438\u044f \u043c\u0430\u043a\u0441\u0438\u043c\u0430\u043b\u044c\u043d\u043e\u0439 \u044d\u0444\u0444\u0435\u043a\u0442\u0438\u0432\u043d\u043e\u0441\u0442\u0438 \u043f\u0440\u0435\u043e\u0431\u0440\u0430\u0437\u043e\u0432\u0430\u043d\u0438\u044f \u0441\u043e\u043b\u043d\u0435\u0447\u043d\u043e\u0439 \u044d\u043d\u0435\u0440\u0433\u0438\u0438 \u0432 \u044d\u043b\u0435\u043a\u0442\u0440\u0438\u0447\u0435\u0441\u043a\u0443\u044e. \u0421\u043e\u043b\u043d\u0435\u0447\u043d\u0430\u044f \u043f\u0430\u043d\u0435\u043b\u044c \u043e\u0441\u043d\u0430\u0449\u0435\u043d\u0430 \u0432\u0441\u0442\u0440\u043e\u0435\u043d\u043d\u043e\u0439 \u0437\u0430\u0440\u044f\u0434\u043d\u043e\u0439 \u0441\u0442\u0430\u043d\u0446\u0438\u0435\u0439 \u043f\u043e\u0434 \u0438\u0441\u0442\u043e\u0447\u043d\u0438\u043a\u0438 \u043f\u0438\u0442\u0430\u043d\u0438\u044f Goal Zero \u0441\u0435\u0440\u0438\u0438 Flip, [&hellip;]<\/p>\n","protected":false},"featured_media":45506,"comment_status":"open","ping_status":"closed","template":"","meta":{"_acf_changed":false,"inline_featured_image":false},"product_brand":[1459],"product_cat":[524],"product_tag":[],"class_list":{"0":"post-45243","1":"product","2":"type-product","3":"status-publish","4":"has-post-thumbnail","6":"product_brand-goal-zero","7":"product_cat-solar-panels","9":"first","10":"instock","11":"shipping-taxable","12":"purchasable","13":"product-type-simple"},"acf":[],"yoast_head":"<!-- This site is optimized with the Yoast SEO plugin v27.2 - https:\/\/yoast.com\/product\/yoast-seo-wordpress\/ -->\n<title>\u0421\u043e\u043b\u043d\u0435\u0447\u043d\u043e\u0435 \u0437\u0430\u0440\u044f\u0434\u043d\u043e\u0435 \u0443\u0441\u0442\u0440\u043e\u0439\u0441\u0442\u0432\u043e Goal Zero Nomad 10 - \u041c\u0430\u0433\u0430\u0437\u0438\u043d Xstyle<\/title>\n<meta name=\"description\" content=\"\u0421\u043e\u043b\u043d\u0435\u0447\u043d\u043e\u0435 \u0437\u0430\u0440\u044f\u0434\u043d\u043e\u0435 \u0443\u0441\u0442\u0440\u043e\u0439\u0441\u0442\u0432\u043e GoalZero Nomad 10 \u2014 \u0438\u0434\u0435\u0430\u043b\u044c\u043d\u044b\u0439 \u043f\u043e\u043c\u043e\u0449\u043d\u0438\u043a \u0434\u043b\u044f \u043f\u0443\u0442\u0435\u0448\u0435\u0441\u0442\u0432\u0438\u0439. \u041a\u043e\u043c\u043f\u0430\u043a\u0442\u043d\u044b\u0439, \u043c\u043e\u0449\u043d\u044b\u0439, \u043b\u0435\u0433\u043a\u043e \u0437\u0430\u0440\u044f\u0436\u0430\u0435\u0442 USB-\u0443\u0441\u0442\u0440\u043e\u0439\u0441\u0442\u0432\u0430 \u043d\u0430 \u0445\u043e\u0434\u0443!\" \/>\n<meta name=\"robots\" content=\"index, follow, max-snippet:-1, max-image-preview:large, max-video-preview:-1\" \/>\n<link rel=\"canonical\" href=\"https:\/\/xstyle.md\/ro\/produs\/solnechnoe-zaryadnoe-ustrojstvo-goalzero-nomad-10\/\" \/>\n<meta property=\"og:locale\" content=\"ro_RO\" \/>\n<meta property=\"og:type\" content=\"article\" \/>\n<meta property=\"og:title\" content=\"\u0421\u043e\u043b\u043d\u0435\u0447\u043d\u043e\u0435 \u0437\u0430\u0440\u044f\u0434\u043d\u043e\u0435 \u0443\u0441\u0442\u0440\u043e\u0439\u0441\u0442\u0432\u043e Goal Zero Nomad 10 - \u041c\u0430\u0433\u0430\u0437\u0438\u043d Xstyle\" \/>\n<meta property=\"og:description\" content=\"\u0421\u043e\u043b\u043d\u0435\u0447\u043d\u043e\u0435 \u0437\u0430\u0440\u044f\u0434\u043d\u043e\u0435 \u0443\u0441\u0442\u0440\u043e\u0439\u0441\u0442\u0432\u043e GoalZero Nomad 10 \u2014 \u0438\u0434\u0435\u0430\u043b\u044c\u043d\u044b\u0439 \u043f\u043e\u043c\u043e\u0449\u043d\u0438\u043a \u0434\u043b\u044f \u043f\u0443\u0442\u0435\u0448\u0435\u0441\u0442\u0432\u0438\u0439. \u041a\u043e\u043c\u043f\u0430\u043a\u0442\u043d\u044b\u0439, \u043c\u043e\u0449\u043d\u044b\u0439, \u043b\u0435\u0433\u043a\u043e \u0437\u0430\u0440\u044f\u0436\u0430\u0435\u0442 USB-\u0443\u0441\u0442\u0440\u043e\u0439\u0441\u0442\u0432\u0430 \u043d\u0430 \u0445\u043e\u0434\u0443!\" \/>\n<meta property=\"og:url\" content=\"https:\/\/xstyle.md\/ro\/produs\/solnechnoe-zaryadnoe-ustrojstvo-goalzero-nomad-10\/\" \/>\n<meta property=\"og:site_name\" content=\"\u041c\u0430\u0433\u0430\u0437\u0438\u043d Xstyle\" \/>\n<meta property=\"article:publisher\" content=\"https:\/\/www.facebook.com\/xstylemd\" \/>\n<meta property=\"article:modified_time\" content=\"2025-10-24T10:03:16+00:00\" \/>\n<meta property=\"og:image\" content=\"https:\/\/xstyle.md\/wp-content\/uploads\/2022\/02\/goalzero-nomad-10.jpg\" \/>\n\t<meta property=\"og:image:width\" content=\"900\" \/>\n\t<meta property=\"og:image:height\" content=\"600\" \/>\n\t<meta property=\"og:image:type\" content=\"image\/jpeg\" \/>\n<meta name=\"twitter:card\" content=\"summary_large_image\" \/>\n<meta name=\"twitter:label1\" content=\"Pre\u021b\" \/>\n\t<meta name=\"twitter:data1\" content=\"2.690&nbsp;MDL\" \/>\n\t<meta name=\"twitter:label2\" content=\"Disponibilitate\" \/>\n\t<meta name=\"twitter:data2\" content=\"\u00cen stoc\" \/>\n<script type=\"application\/ld+json\" class=\"yoast-schema-graph\">{\"@context\":\"https:\/\/schema.org\",\"@graph\":[{\"@type\":\"WebPage\",\"@id\":\"https:\/\/xstyle.md\/product\/solnechnoe-zaryadnoe-ustrojstvo-goalzero-nomad-10\/\",\"url\":\"https:\/\/xstyle.md\/product\/solnechnoe-zaryadnoe-ustrojstvo-goalzero-nomad-10\/\",\"name\":\"\u0421\u043e\u043b\u043d\u0435\u0447\u043d\u043e\u0435 \u0437\u0430\u0440\u044f\u0434\u043d\u043e\u0435 \u0443\u0441\u0442\u0440\u043e\u0439\u0441\u0442\u0432\u043e Goal Zero Nomad 10 - \u041c\u0430\u0433\u0430\u0437\u0438\u043d Xstyle\",\"isPartOf\":{\"@id\":\"https:\/\/xstyle.md\/#website\"},\"primaryImageOfPage\":{\"@id\":\"https:\/\/xstyle.md\/product\/solnechnoe-zaryadnoe-ustrojstvo-goalzero-nomad-10\/#primaryimage\"},\"image\":{\"@id\":\"https:\/\/xstyle.md\/product\/solnechnoe-zaryadnoe-ustrojstvo-goalzero-nomad-10\/#primaryimage\"},\"thumbnailUrl\":\"https:\/\/xstyle.md\/wp-content\/uploads\/2022\/02\/goalzero-nomad-10.jpg\",\"datePublished\":\"2022-02-02T17:33:45+00:00\",\"dateModified\":\"2025-10-24T10:03:16+00:00\",\"description\":\"\u0421\u043e\u043b\u043d\u0435\u0447\u043d\u043e\u0435 \u0437\u0430\u0440\u044f\u0434\u043d\u043e\u0435 \u0443\u0441\u0442\u0440\u043e\u0439\u0441\u0442\u0432\u043e GoalZero Nomad 10 \u2014 \u0438\u0434\u0435\u0430\u043b\u044c\u043d\u044b\u0439 \u043f\u043e\u043c\u043e\u0449\u043d\u0438\u043a \u0434\u043b\u044f \u043f\u0443\u0442\u0435\u0448\u0435\u0441\u0442\u0432\u0438\u0439. \u041a\u043e\u043c\u043f\u0430\u043a\u0442\u043d\u044b\u0439, \u043c\u043e\u0449\u043d\u044b\u0439, \u043b\u0435\u0433\u043a\u043e \u0437\u0430\u0440\u044f\u0436\u0430\u0435\u0442 USB-\u0443\u0441\u0442\u0440\u043e\u0439\u0441\u0442\u0432\u0430 \u043d\u0430 \u0445\u043e\u0434\u0443!\",\"breadcrumb\":{\"@id\":\"https:\/\/xstyle.md\/product\/solnechnoe-zaryadnoe-ustrojstvo-goalzero-nomad-10\/#breadcrumb\"},\"inLanguage\":\"ro-RO\",\"potentialAction\":[{\"@type\":\"ReadAction\",\"target\":[\"https:\/\/xstyle.md\/product\/solnechnoe-zaryadnoe-ustrojstvo-goalzero-nomad-10\/\"]}]},{\"@type\":\"ImageObject\",\"inLanguage\":\"ro-RO\",\"@id\":\"https:\/\/xstyle.md\/product\/solnechnoe-zaryadnoe-ustrojstvo-goalzero-nomad-10\/#primaryimage\",\"url\":\"https:\/\/xstyle.md\/wp-content\/uploads\/2022\/02\/goalzero-nomad-10.jpg\",\"contentUrl\":\"https:\/\/xstyle.md\/wp-content\/uploads\/2022\/02\/goalzero-nomad-10.jpg\",\"width\":900,\"height\":600,\"caption\":\"\u0421\u043e\u043b\u043d\u0435\u0447\u043d\u043e\u0435 \u0437\u0430\u0440\u044f\u0434\u043d\u043e\u0435 \u0443\u0441\u0442\u0440\u043e\u0439\u0441\u0442\u0432\u043e Goal Zero Nomad 10 \u0434\u043b\u044f \u0430\u043a\u0442\u0438\u0432\u043d\u043e\u0433\u043e \u043e\u0442\u0434\u044b\u0445\u0430, \u043f\u043e\u0445\u043e\u0434\u043e\u0432 \u0438 \u043f\u0443\u0442\u0435\u0448\u0435\u0441\u0442\u0432\u0438\u0439 \u0432 \u0438\u043d\u0442\u0435\u0440\u043d\u0435\u0442-\u043c\u0430\u0433\u0430\u0437\u0438\u043d\u0435 \u044d\u043a\u0438\u043f\u0438\u0440\u043e\u0432\u043a\u0438, \u043e\u0434\u0435\u0436\u0434\u044b \u0438 \u043e\u0431\u0443\u0432\u0438 \u0434\u043b\u044f \u0442\u0443\u0440\u0438\u0437\u043c\u0430 \u0438 \u0430\u043b\u044c\u043f\u0438\u043d\u0438\u0437\u043c\u0430\"},{\"@type\":\"BreadcrumbList\",\"@id\":\"https:\/\/xstyle.md\/product\/solnechnoe-zaryadnoe-ustrojstvo-goalzero-nomad-10\/#breadcrumb\",\"itemListElement\":[{\"@type\":\"ListItem\",\"position\":1,\"name\":\"\u0413\u043b\u0430\u0432\u043d\u0430\u044f \u0441\u0442\u0440\u0430\u043d\u0438\u0446\u0430\",\"item\":\"https:\/\/xstyle.md\/\"},{\"@type\":\"ListItem\",\"position\":2,\"name\":\"\u041c\u0430\u0433\u0430\u0437\u0438\u043d\",\"item\":\"https:\/\/xstyle.md\/shop\/\"},{\"@type\":\"ListItem\",\"position\":3,\"name\":\"\u0421\u043e\u043b\u043d\u0435\u0447\u043d\u043e\u0435 \u0437\u0430\u0440\u044f\u0434\u043d\u043e\u0435 \u0443\u0441\u0442\u0440\u043e\u0439\u0441\u0442\u0432\u043e Goal Zero Nomad 10\"}]},{\"@type\":\"WebSite\",\"@id\":\"https:\/\/xstyle.md\/#website\",\"url\":\"https:\/\/xstyle.md\/\",\"name\":\"\u041c\u0430\u0433\u0430\u0437\u0438\u043d Xstyle\",\"description\":\"C\u043d\u0430\u0440\u044f\u0436\u0435\u043d\u0438\u0435 \u0434\u043b\u044f \u0442\u0443\u0440\u0438\u0437\u043c\u0430 \u0438 \u044d\u043a\u0441\u0442\u0440\u0435\u043c\u0430\u043b\u044c\u043d\u044b\u0445 \u0432\u0438\u0434\u043e\u0432 \u0441\u043f\u043e\u0440\u0442\u0430 \u0432 \u041c\u043e\u043b\u0434\u043e\u0432\u0435.. \u0426\u0435\u043d\u044b, \u0444\u043e\u0442\u043e, \u0445\u0430\u0440\u0430\u043a\u0442\u0435\u0440\u0438\u0441\u0442\u0438\u043a\u0438 \u0432 \u041c\u043e\u043b\u0434\u043e\u0432\u0435.\",\"publisher\":{\"@id\":\"https:\/\/xstyle.md\/#organization\"},\"alternateName\":\"X-Style\",\"potentialAction\":[{\"@type\":\"SearchAction\",\"target\":{\"@type\":\"EntryPoint\",\"urlTemplate\":\"https:\/\/xstyle.md\/?s={search_term_string}\"},\"query-input\":{\"@type\":\"PropertyValueSpecification\",\"valueRequired\":true,\"valueName\":\"search_term_string\"}}],\"inLanguage\":\"ro-RO\"},{\"@type\":\"Organization\",\"@id\":\"https:\/\/xstyle.md\/#organization\",\"name\":\"\u041c\u0430\u0433\u0430\u0437\u0438\u043d Xstyle\",\"alternateName\":\"x-style\",\"url\":\"https:\/\/xstyle.md\/\",\"logo\":{\"@type\":\"ImageObject\",\"inLanguage\":\"ro-RO\",\"@id\":\"https:\/\/xstyle.md\/#\/schema\/logo\/image\/\",\"url\":\"https:\/\/xstyle.md\/wp-content\/uploads\/2020\/06\/logoicon.svg\",\"contentUrl\":\"https:\/\/xstyle.md\/wp-content\/uploads\/2020\/06\/logoicon.svg\",\"caption\":\"\u041c\u0430\u0433\u0430\u0437\u0438\u043d Xstyle\"},\"image\":{\"@id\":\"https:\/\/xstyle.md\/#\/schema\/logo\/image\/\"},\"sameAs\":[\"https:\/\/www.facebook.com\/xstylemd\",\"https:\/\/www.instagram.com\/xstyle_md\/\",\"https:\/\/t.me\/xstyle_outdoor\"],\"hasMerchantReturnPolicy\":{\"@type\":\"MerchantReturnPolicy\",\"merchantReturnLink\":\"https:\/\/xstyle.md\/ro\/conditions\/\"}}]}<\/script>\n<meta property=\"product:price:amount\" content=\"2690.00\" \/>\n<meta property=\"product:price:currency\" content=\"MDL\" \/>\n<meta property=\"og:availability\" content=\"instock\" \/>\n<meta property=\"product:availability\" content=\"instock\" \/>\n<meta property=\"product:retailer_item_id\" content=\"847974007648\" \/>\n<meta property=\"product:condition\" content=\"new\" \/>\n<!-- \/ Yoast SEO plugin. -->","yoast_head_json":{"title":"\u0421\u043e\u043b\u043d\u0435\u0447\u043d\u043e\u0435 \u0437\u0430\u0440\u044f\u0434\u043d\u043e\u0435 \u0443\u0441\u0442\u0440\u043e\u0439\u0441\u0442\u0432\u043e Goal Zero Nomad 10 - \u041c\u0430\u0433\u0430\u0437\u0438\u043d Xstyle","description":"\u00cenc\u0103rc\u0103tor solar GoalZero Nomad 10 - ajutorul ideal pentru c\u0103l\u0103torii. Compact, puternic, \u00eencarc\u0103 u\u0219or dispozitivele USB \u00een timpul mersului!","robots":{"index":"index","follow":"follow","max-snippet":"max-snippet:-1","max-image-preview":"max-image-preview:large","max-video-preview":"max-video-preview:-1"},"canonical":"https:\/\/xstyle.md\/ro\/produs\/solnechnoe-zaryadnoe-ustrojstvo-goalzero-nomad-10\/","og_locale":"ro_RO","og_type":"article","og_title":"\u0421\u043e\u043b\u043d\u0435\u0447\u043d\u043e\u0435 \u0437\u0430\u0440\u044f\u0434\u043d\u043e\u0435 \u0443\u0441\u0442\u0440\u043e\u0439\u0441\u0442\u0432\u043e Goal Zero Nomad 10 - \u041c\u0430\u0433\u0430\u0437\u0438\u043d Xstyle","og_description":"\u0421\u043e\u043b\u043d\u0435\u0447\u043d\u043e\u0435 \u0437\u0430\u0440\u044f\u0434\u043d\u043e\u0435 \u0443\u0441\u0442\u0440\u043e\u0439\u0441\u0442\u0432\u043e GoalZero Nomad 10 \u2014 \u0438\u0434\u0435\u0430\u043b\u044c\u043d\u044b\u0439 \u043f\u043e\u043c\u043e\u0449\u043d\u0438\u043a \u0434\u043b\u044f \u043f\u0443\u0442\u0435\u0448\u0435\u0441\u0442\u0432\u0438\u0439. \u041a\u043e\u043c\u043f\u0430\u043a\u0442\u043d\u044b\u0439, \u043c\u043e\u0449\u043d\u044b\u0439, \u043b\u0435\u0433\u043a\u043e \u0437\u0430\u0440\u044f\u0436\u0430\u0435\u0442 USB-\u0443\u0441\u0442\u0440\u043e\u0439\u0441\u0442\u0432\u0430 \u043d\u0430 \u0445\u043e\u0434\u0443!","og_url":"https:\/\/xstyle.md\/ro\/produs\/solnechnoe-zaryadnoe-ustrojstvo-goalzero-nomad-10\/","og_site_name":"\u041c\u0430\u0433\u0430\u0437\u0438\u043d Xstyle","article_publisher":"https:\/\/www.facebook.com\/xstylemd","article_modified_time":"2025-10-24T10:03:16+00:00","og_image":[{"width":900,"height":600,"url":"https:\/\/xstyle.md\/wp-content\/uploads\/2022\/02\/goalzero-nomad-10.jpg","type":"image\/jpeg"}],"twitter_card":"summary_large_image","twitter_misc":{"Pre\u021b":"2.690&nbsp;MDL","Disponibilitate":"\u00cen stoc"},"schema":{"@context":"https:\/\/schema.org","@graph":[{"@type":"WebPage","@id":"https:\/\/xstyle.md\/product\/solnechnoe-zaryadnoe-ustrojstvo-goalzero-nomad-10\/","url":"https:\/\/xstyle.md\/product\/solnechnoe-zaryadnoe-ustrojstvo-goalzero-nomad-10\/","name":"\u0421\u043e\u043b\u043d\u0435\u0447\u043d\u043e\u0435 \u0437\u0430\u0440\u044f\u0434\u043d\u043e\u0435 \u0443\u0441\u0442\u0440\u043e\u0439\u0441\u0442\u0432\u043e Goal Zero Nomad 10 - \u041c\u0430\u0433\u0430\u0437\u0438\u043d Xstyle","isPartOf":{"@id":"https:\/\/xstyle.md\/#website"},"primaryImageOfPage":{"@id":"https:\/\/xstyle.md\/product\/solnechnoe-zaryadnoe-ustrojstvo-goalzero-nomad-10\/#primaryimage"},"image":{"@id":"https:\/\/xstyle.md\/product\/solnechnoe-zaryadnoe-ustrojstvo-goalzero-nomad-10\/#primaryimage"},"thumbnailUrl":"https:\/\/xstyle.md\/wp-content\/uploads\/2022\/02\/goalzero-nomad-10.jpg","datePublished":"2022-02-02T17:33:45+00:00","dateModified":"2025-10-24T10:03:16+00:00","description":"\u00cenc\u0103rc\u0103tor solar GoalZero Nomad 10 - ajutorul ideal pentru c\u0103l\u0103torii. Compact, puternic, \u00eencarc\u0103 u\u0219or dispozitivele USB \u00een timpul mersului!","breadcrumb":{"@id":"https:\/\/xstyle.md\/product\/solnechnoe-zaryadnoe-ustrojstvo-goalzero-nomad-10\/#breadcrumb"},"inLanguage":"ro-RO","potentialAction":[{"@type":"ReadAction","target":["https:\/\/xstyle.md\/product\/solnechnoe-zaryadnoe-ustrojstvo-goalzero-nomad-10\/"]}]},{"@type":"ImageObject","inLanguage":"ro-RO","@id":"https:\/\/xstyle.md\/product\/solnechnoe-zaryadnoe-ustrojstvo-goalzero-nomad-10\/#primaryimage","url":"https:\/\/xstyle.md\/wp-content\/uploads\/2022\/02\/goalzero-nomad-10.jpg","contentUrl":"https:\/\/xstyle.md\/wp-content\/uploads\/2022\/02\/goalzero-nomad-10.jpg","width":900,"height":600,"caption":"\u0421\u043e\u043b\u043d\u0435\u0447\u043d\u043e\u0435 \u0437\u0430\u0440\u044f\u0434\u043d\u043e\u0435 \u0443\u0441\u0442\u0440\u043e\u0439\u0441\u0442\u0432\u043e Goal Zero Nomad 10 \u0434\u043b\u044f \u0430\u043a\u0442\u0438\u0432\u043d\u043e\u0433\u043e \u043e\u0442\u0434\u044b\u0445\u0430, \u043f\u043e\u0445\u043e\u0434\u043e\u0432 \u0438 \u043f\u0443\u0442\u0435\u0448\u0435\u0441\u0442\u0432\u0438\u0439 \u0432 \u0438\u043d\u0442\u0435\u0440\u043d\u0435\u0442-\u043c\u0430\u0433\u0430\u0437\u0438\u043d\u0435 \u044d\u043a\u0438\u043f\u0438\u0440\u043e\u0432\u043a\u0438, \u043e\u0434\u0435\u0436\u0434\u044b \u0438 \u043e\u0431\u0443\u0432\u0438 \u0434\u043b\u044f \u0442\u0443\u0440\u0438\u0437\u043c\u0430 \u0438 \u0430\u043b\u044c\u043f\u0438\u043d\u0438\u0437\u043c\u0430"},{"@type":"BreadcrumbList","@id":"https:\/\/xstyle.md\/product\/solnechnoe-zaryadnoe-ustrojstvo-goalzero-nomad-10\/#breadcrumb","itemListElement":[{"@type":"ListItem","position":1,"name":"\u0413\u043b\u0430\u0432\u043d\u0430\u044f \u0441\u0442\u0440\u0430\u043d\u0438\u0446\u0430","item":"https:\/\/xstyle.md\/"},{"@type":"ListItem","position":2,"name":"\u041c\u0430\u0433\u0430\u0437\u0438\u043d","item":"https:\/\/xstyle.md\/shop\/"},{"@type":"ListItem","position":3,"name":"\u0421\u043e\u043b\u043d\u0435\u0447\u043d\u043e\u0435 \u0437\u0430\u0440\u044f\u0434\u043d\u043e\u0435 \u0443\u0441\u0442\u0440\u043e\u0439\u0441\u0442\u0432\u043e Goal Zero Nomad 10"}]},{"@type":"WebSite","@id":"https:\/\/xstyle.md\/#website","url":"https:\/\/xstyle.md\/","name":"Magazinul X-Style","description":"Echipamente pentru turism \u0219i sporturi extreme \u00een Moldova. Pre\u021buri, fotografii, caracteristici \u00een Moldova.","publisher":{"@id":"https:\/\/xstyle.md\/#organization"},"alternateName":"X-Style","potentialAction":[{"@type":"SearchAction","target":{"@type":"EntryPoint","urlTemplate":"https:\/\/xstyle.md\/?s={search_term_string}"},"query-input":{"@type":"PropertyValueSpecification","valueRequired":true,"valueName":"search_term_string"}}],"inLanguage":"ro-RO"},{"@type":"Organization","@id":"https:\/\/xstyle.md\/#organization","name":"Magazinul X-Style","alternateName":"x-style","url":"https:\/\/xstyle.md\/","logo":{"@type":"ImageObject","inLanguage":"ro-RO","@id":"https:\/\/xstyle.md\/#\/schema\/logo\/image\/","url":"https:\/\/xstyle.md\/wp-content\/uploads\/2020\/06\/logoicon.svg","contentUrl":"https:\/\/xstyle.md\/wp-content\/uploads\/2020\/06\/logoicon.svg","caption":"\u041c\u0430\u0433\u0430\u0437\u0438\u043d Xstyle"},"image":{"@id":"https:\/\/xstyle.md\/#\/schema\/logo\/image\/"},"sameAs":["https:\/\/www.facebook.com\/xstylemd","https:\/\/www.instagram.com\/xstyle_md\/","https:\/\/t.me\/xstyle_outdoor"],"hasMerchantReturnPolicy":{"@type":"MerchantReturnPolicy","merchantReturnLink":"https:\/\/xstyle.md\/ro\/conditions\/"}}]},"product_price_amount":"2690.00","product_price_currency":"MDL","og_availability":"instock","product_availability":"instock","product_retailer_item_id":"847974007648","product_condition":"new"},"post_mailing_queue_ids":[],"_links":{"self":[{"href":"https:\/\/xstyle.md\/ro\/wp-json\/wp\/v2\/product\/45243","targetHints":{"allow":["GET"]}}],"collection":[{"href":"https:\/\/xstyle.md\/ro\/wp-json\/wp\/v2\/product"}],"about":[{"href":"https:\/\/xstyle.md\/ro\/wp-json\/wp\/v2\/types\/product"}],"replies":[{"embeddable":true,"href":"https:\/\/xstyle.md\/ro\/wp-json\/wp\/v2\/comments?post=45243"}],"wp:featuredmedia":[{"embeddable":true,"href":"https:\/\/xstyle.md\/ro\/wp-json\/wp\/v2\/media\/45506"}],"wp:attachment":[{"href":"https:\/\/xstyle.md\/ro\/wp-json\/wp\/v2\/media?parent=45243"}],"wp:term":[{"taxonomy":"product_brand","embeddable":true,"href":"https:\/\/xstyle.md\/ro\/wp-json\/wp\/v2\/product_brand?post=45243"},{"taxonomy":"product_cat","embeddable":true,"href":"https:\/\/xstyle.md\/ro\/wp-json\/wp\/v2\/product_cat?post=45243"},{"taxonomy":"product_tag","embeddable":true,"href":"https:\/\/xstyle.md\/ro\/wp-json\/wp\/v2\/product_tag?post=45243"}],"curies":[{"name":"wp","href":"https:\/\/api.w.org\/{rel}","templated":true}]}}