{"id":45008,"date":"2022-01-25T20:55:03","date_gmt":"2022-01-25T17:55:03","guid":{"rendered":"https:\/\/xstyle.md\/?post_type=product&#038;p=45008"},"modified":"2025-10-24T12:20:22","modified_gmt":"2025-10-24T09:20:22","slug":"boty-neoprenovye-aqualung-echozip-5mm","status":"publish","type":"product","link":"https:\/\/xstyle.md\/ro\/produs\/boty-neoprenovye-aqualung-echozip-5mm\/","title":{"rendered":"\u00cenc\u0103l\u021b\u0103minte neopren Aqualung Echozip 5mm"},"content":{"rendered":"<\/p>\n<p><strong>Aqualung Echozip 5mm<\/strong> &#8212; un bocanc de scufundare din neopren care utilizeaz\u0103 o talp\u0103 \u0219i o talp\u0103 patentat\u0103 ERGO\u2122 anatomic corect\u0103, care se conformeaz\u0103 profilului piciorului, prevenind reten\u021bia excesiv\u0103 de ap\u0103 \u0219i oferind suport confortabil.<\/p>\n<h3>Particularit\u0103\u021bi<\/h3>\n<ul>\n<li>Talpa cu talp\u0103 groas\u0103 de 8 mm ofer\u0103 protec\u021bie excelent\u0103 \u00eempotriva \u00een\u021bep\u0103turilor, mu\u0219c\u0103turilor \u0219i alunec\u0103rilor<\/li>\n<li>Partea superioar\u0103 din neopren ofer\u0103 c\u0103ldura potrivit\u0103 \u00een toate condi\u021biile<\/li>\n<li>Pu\u021binele cus\u0103turi sunt pozi\u021bionate departe de p\u0103r\u021bile cele mai late ale piciorului pentru a minimiza frecarea<\/li>\n<li>Fermoare YKK durabile, rezistente la coroziune<\/li>\n<li>C\u0103ptu\u0219eal\u0103 elastic\u0103 rezistent\u0103 la abraziune pe partea superioar\u0103<\/li>\n<li>Livrate cu ambalaj cu emisii minime de carbon, f\u0103r\u0103 pungi de plastic<\/li>\n<\/ul>\n<h3>Caracteristici<\/h3>\n<ul>\n<li>Material superior &#8212; neopren<\/li>\n<li>Talp\u0103 &#8212; ERGO\u2122<\/li>\n<li>Grosime &#8212; 5 mm<\/li>\n<li>Destina\u021bie &#8212; scufund\u0103ri<\/li>\n<\/ul>\n<h3>Marca<\/h3>\n<p>AquaLung este un brand legendar \u00een domeniul scufund\u0103rii, fondat de Jacques-Yves Cousteau \u0219i Emile Gagnan. Cu mai mult de 80 de ani de existen\u021b\u0103, compania a devenit unul dintre cei mai mari produc\u0103tori de echipamente de e\u0219afodaj din industrie, cu cea mai mare gam\u0103 de modele din industrie. Varietatea de produse moderne disponibile \u00een cadrul companiei ne permite s\u0103 oferim o gam\u0103 larg\u0103 de produse care pot fi utilizate de amatori, dar \u0219i de profesioni\u0219ti. Gama larg\u0103 include: m\u0103\u0219ti, aripioare, snorkeluri, costume \u0219i uscate, regulatoare \u0219i caracati\u021be, o varietate de tehnologii dispozitive, ambr\u0103c\u0103minte \u0219i \u00eenc\u0103l\u021b\u0103minte, gen\u021bi \u0219i multe alte accesorii. Produsele AquaLung sunt disponibile \u00een mai mult de 90 de \u021b\u0103ri din lume.<\/p>\n<p><\/p>","protected":false},"excerpt":{"rendered":"","protected":false},"featured_media":45303,"comment_status":"open","ping_status":"closed","template":"","meta":{"_acf_changed":false,"inline_featured_image":false},"product_brand":[1284],"product_cat":[183],"product_tag":[],"class_list":{"0":"post-45008","1":"product","2":"type-product","3":"status-publish","4":"has-post-thumbnail","6":"product_brand-aqualung","7":"product_cat-aquashoes","9":"first","10":"instock","11":"shipping-taxable","12":"purchasable","13":"product-type-simple"},"acf":[],"yoast_head":"<!-- This site is optimized with the Yoast SEO plugin v27.4 - https:\/\/yoast.com\/product\/yoast-seo-wordpress\/ -->\n<title>\u0411\u043e\u0442\u044b \u043d\u0435\u043e\u043f\u0440\u0435\u043d\u043e\u0432\u044b\u0435 Aqualung Echozip 5mm - \u041c\u0430\u0433\u0430\u0437\u0438\u043d Xstyle<\/title>\n<meta name=\"description\" content=\"\u041d\u0435\u043e\u043f\u0440\u0435\u043d\u043e\u0432\u044b\u0435 \u0431\u043e\u0442\u044b Aqualung Echozip 5mm \u043e\u0431\u0435\u0441\u043f\u0435\u0447\u0438\u0432\u0430\u044e\u0442 \u043a\u043e\u043c\u0444\u043e\u0440\u0442 \u0438 \u0437\u0430\u0449\u0438\u0442\u0443, \u0431\u043b\u0430\u0433\u043e\u0434\u0430\u0440\u044f \u0430\u043d\u0430\u0442\u043e\u043c\u0438\u0447\u0435\u0441\u043a\u043e\u0439 \u043f\u043e\u0434\u043e\u0448\u0432\u0435 ERGO \u0438 \u0442\u043e\u043b\u0441\u0442\u043e\u0439 \u043f\u043e\u0434\u043e\u0448\u0432\u0435 \u0434\u043b\u044f \u0437\u0430\u0449\u0438\u0442\u044b \u043e\u0442 \u043f\u043e\u0432\u0440\u0435\u0436\u0434\u0435\u043d\u0438\u0439.\" \/>\n<meta name=\"robots\" content=\"index, follow, max-snippet:-1, max-image-preview:large, max-video-preview:-1\" \/>\n<link rel=\"canonical\" href=\"https:\/\/xstyle.md\/ro\/produs\/boty-neoprenovye-aqualung-echozip-5mm\/\" \/>\n<meta property=\"og:locale\" content=\"ro_RO\" \/>\n<meta property=\"og:type\" content=\"article\" \/>\n<meta property=\"og:title\" content=\"\u0411\u043e\u0442\u044b \u043d\u0435\u043e\u043f\u0440\u0435\u043d\u043e\u0432\u044b\u0435 Aqualung Echozip 5mm - \u041c\u0430\u0433\u0430\u0437\u0438\u043d Xstyle\" \/>\n<meta property=\"og:description\" content=\"\u041d\u0435\u043e\u043f\u0440\u0435\u043d\u043e\u0432\u044b\u0435 \u0431\u043e\u0442\u044b Aqualung Echozip 5mm \u043e\u0431\u0435\u0441\u043f\u0435\u0447\u0438\u0432\u0430\u044e\u0442 \u043a\u043e\u043c\u0444\u043e\u0440\u0442 \u0438 \u0437\u0430\u0449\u0438\u0442\u0443, \u0431\u043b\u0430\u0433\u043e\u0434\u0430\u0440\u044f \u0430\u043d\u0430\u0442\u043e\u043c\u0438\u0447\u0435\u0441\u043a\u043e\u0439 \u043f\u043e\u0434\u043e\u0448\u0432\u0435 ERGO \u0438 \u0442\u043e\u043b\u0441\u0442\u043e\u0439 \u043f\u043e\u0434\u043e\u0448\u0432\u0435 \u0434\u043b\u044f \u0437\u0430\u0449\u0438\u0442\u044b \u043e\u0442 \u043f\u043e\u0432\u0440\u0435\u0436\u0434\u0435\u043d\u0438\u0439.\" \/>\n<meta property=\"og:url\" content=\"https:\/\/xstyle.md\/ro\/produs\/boty-neoprenovye-aqualung-echozip-5mm\/\" \/>\n<meta property=\"og:site_name\" content=\"\u041c\u0430\u0433\u0430\u0437\u0438\u043d Xstyle\" \/>\n<meta property=\"article:publisher\" content=\"https:\/\/www.facebook.com\/xstylemd\" \/>\n<meta property=\"article:modified_time\" content=\"2025-10-24T09:20:22+00:00\" \/>\n<meta property=\"og:image\" content=\"https:\/\/xstyle.md\/wp-content\/uploads\/2022\/01\/aqualung-echozip-5mm.png\" \/>\n\t<meta property=\"og:image:width\" content=\"612\" \/>\n\t<meta property=\"og:image:height\" content=\"612\" \/>\n\t<meta property=\"og:image:type\" content=\"image\/png\" \/>\n<meta name=\"twitter:card\" content=\"summary_large_image\" \/>\n<meta name=\"twitter:label1\" content=\"Pre\u021b\" \/>\n\t<meta name=\"twitter:data1\" content=\"1.490&nbsp;MDL\" \/>\n\t<meta name=\"twitter:label2\" content=\"Disponibilitate\" \/>\n\t<meta name=\"twitter:data2\" content=\"\u00cen stoc\" \/>\n<script type=\"application\/ld+json\" class=\"yoast-schema-graph\">{\"@context\":\"https:\\\/\\\/schema.org\",\"@graph\":[{\"@type\":\"WebPage\",\"@id\":\"https:\\\/\\\/xstyle.md\\\/product\\\/boty-neoprenovye-aqualung-echozip-5mm\\\/\",\"url\":\"https:\\\/\\\/xstyle.md\\\/product\\\/boty-neoprenovye-aqualung-echozip-5mm\\\/\",\"name\":\"\u0411\u043e\u0442\u044b \u043d\u0435\u043e\u043f\u0440\u0435\u043d\u043e\u0432\u044b\u0435 Aqualung Echozip 5mm - \u041c\u0430\u0433\u0430\u0437\u0438\u043d Xstyle\",\"isPartOf\":{\"@id\":\"https:\\\/\\\/xstyle.md\\\/#website\"},\"primaryImageOfPage\":{\"@id\":\"https:\\\/\\\/xstyle.md\\\/product\\\/boty-neoprenovye-aqualung-echozip-5mm\\\/#primaryimage\"},\"image\":{\"@id\":\"https:\\\/\\\/xstyle.md\\\/product\\\/boty-neoprenovye-aqualung-echozip-5mm\\\/#primaryimage\"},\"thumbnailUrl\":\"https:\\\/\\\/xstyle.md\\\/wp-content\\\/uploads\\\/2022\\\/01\\\/aqualung-echozip-5mm.png\",\"datePublished\":\"2022-01-25T17:55:03+00:00\",\"dateModified\":\"2025-10-24T09:20:22+00:00\",\"description\":\"\u041d\u0435\u043e\u043f\u0440\u0435\u043d\u043e\u0432\u044b\u0435 \u0431\u043e\u0442\u044b Aqualung Echozip 5mm \u043e\u0431\u0435\u0441\u043f\u0435\u0447\u0438\u0432\u0430\u044e\u0442 \u043a\u043e\u043c\u0444\u043e\u0440\u0442 \u0438 \u0437\u0430\u0449\u0438\u0442\u0443, \u0431\u043b\u0430\u0433\u043e\u0434\u0430\u0440\u044f \u0430\u043d\u0430\u0442\u043e\u043c\u0438\u0447\u0435\u0441\u043a\u043e\u0439 \u043f\u043e\u0434\u043e\u0448\u0432\u0435 ERGO \u0438 \u0442\u043e\u043b\u0441\u0442\u043e\u0439 \u043f\u043e\u0434\u043e\u0448\u0432\u0435 \u0434\u043b\u044f \u0437\u0430\u0449\u0438\u0442\u044b \u043e\u0442 \u043f\u043e\u0432\u0440\u0435\u0436\u0434\u0435\u043d\u0438\u0439.\",\"breadcrumb\":{\"@id\":\"https:\\\/\\\/xstyle.md\\\/product\\\/boty-neoprenovye-aqualung-echozip-5mm\\\/#breadcrumb\"},\"inLanguage\":\"ro-RO\",\"potentialAction\":[{\"@type\":\"ReadAction\",\"target\":[\"https:\\\/\\\/xstyle.md\\\/product\\\/boty-neoprenovye-aqualung-echozip-5mm\\\/\"]}]},{\"@type\":\"ImageObject\",\"inLanguage\":\"ro-RO\",\"@id\":\"https:\\\/\\\/xstyle.md\\\/product\\\/boty-neoprenovye-aqualung-echozip-5mm\\\/#primaryimage\",\"url\":\"https:\\\/\\\/xstyle.md\\\/wp-content\\\/uploads\\\/2022\\\/01\\\/aqualung-echozip-5mm.png\",\"contentUrl\":\"https:\\\/\\\/xstyle.md\\\/wp-content\\\/uploads\\\/2022\\\/01\\\/aqualung-echozip-5mm.png\",\"width\":612,\"height\":612,\"caption\":\"\u0422\u0435\u043f\u043b\u044b\u0435 \u043d\u0435\u043e\u043f\u0440\u0435\u043d\u043e\u043e\u0432\u044b\u0435 \u0431\u043e\u0442\u0438\u043d\u043a\u0438 Aqualung Echozip 5mm \u0434\u043b\u044f \u0430\u043a\u0442\u0438\u0432\u043d\u043e\u0433\u043e \u043e\u0442\u0434\u044b\u0445\u0430, \u043f\u043e\u0445\u043e\u0434\u043e\u0432, \u043f\u0443\u0442\u0435\u0448\u0435\u0441\u0442\u0432\u0438\u0439 \u0438 \u0430\u043b\u044c\u043f\u0438\u043d\u0438\u0437\u043c\u0430 \u0432 \u0438\u043d\u0442\u0435\u0440\u043d\u0435\u0442-\u043c\u0430\u0433\u0430\u0437\u0438\u043d\u0435 \u044d\u043a\u0438\u043f\u0438\u0440\u043e\u0432\u043a\u0438 \u0434\u043b\u044f \u0430\u043a\u0442\u0438\u0432\u043d\u043e\u0439 \u0436\u0438\u0437\u043d\u0438\"},{\"@type\":\"BreadcrumbList\",\"@id\":\"https:\\\/\\\/xstyle.md\\\/product\\\/boty-neoprenovye-aqualung-echozip-5mm\\\/#breadcrumb\",\"itemListElement\":[{\"@type\":\"ListItem\",\"position\":1,\"name\":\"\u0413\u043b\u0430\u0432\u043d\u0430\u044f \u0441\u0442\u0440\u0430\u043d\u0438\u0446\u0430\",\"item\":\"https:\\\/\\\/xstyle.md\\\/\"},{\"@type\":\"ListItem\",\"position\":2,\"name\":\"\u041c\u0430\u0433\u0430\u0437\u0438\u043d\",\"item\":\"https:\\\/\\\/xstyle.md\\\/shop\\\/\"},{\"@type\":\"ListItem\",\"position\":3,\"name\":\"\u0411\u043e\u0442\u044b \u043d\u0435\u043e\u043f\u0440\u0435\u043d\u043e\u0432\u044b\u0435 Aqualung Echozip 5mm\"}]},{\"@type\":\"WebSite\",\"@id\":\"https:\\\/\\\/xstyle.md\\\/#website\",\"url\":\"https:\\\/\\\/xstyle.md\\\/\",\"name\":\"\u041c\u0430\u0433\u0430\u0437\u0438\u043d Xstyle\",\"description\":\"C\u043d\u0430\u0440\u044f\u0436\u0435\u043d\u0438\u0435 \u0434\u043b\u044f \u0442\u0443\u0440\u0438\u0437\u043c\u0430 \u0438 \u044d\u043a\u0441\u0442\u0440\u0435\u043c\u0430\u043b\u044c\u043d\u044b\u0445 \u0432\u0438\u0434\u043e\u0432 \u0441\u043f\u043e\u0440\u0442\u0430 \u0432 \u041c\u043e\u043b\u0434\u043e\u0432\u0435.. \u0426\u0435\u043d\u044b, \u0444\u043e\u0442\u043e, \u0445\u0430\u0440\u0430\u043a\u0442\u0435\u0440\u0438\u0441\u0442\u0438\u043a\u0438 \u0432 \u041c\u043e\u043b\u0434\u043e\u0432\u0435.\",\"publisher\":{\"@id\":\"https:\\\/\\\/xstyle.md\\\/#organization\"},\"alternateName\":\"X-Style\",\"potentialAction\":[{\"@type\":\"SearchAction\",\"target\":{\"@type\":\"EntryPoint\",\"urlTemplate\":\"https:\\\/\\\/xstyle.md\\\/?s={search_term_string}\"},\"query-input\":{\"@type\":\"PropertyValueSpecification\",\"valueRequired\":true,\"valueName\":\"search_term_string\"}}],\"inLanguage\":\"ro-RO\"},{\"@type\":\"Organization\",\"@id\":\"https:\\\/\\\/xstyle.md\\\/#organization\",\"name\":\"\u041c\u0430\u0433\u0430\u0437\u0438\u043d Xstyle\",\"alternateName\":\"x-style\",\"url\":\"https:\\\/\\\/xstyle.md\\\/\",\"logo\":{\"@type\":\"ImageObject\",\"inLanguage\":\"ro-RO\",\"@id\":\"https:\\\/\\\/xstyle.md\\\/#\\\/schema\\\/logo\\\/image\\\/\",\"url\":\"https:\\\/\\\/xstyle.md\\\/wp-content\\\/uploads\\\/2020\\\/06\\\/logoicon.svg\",\"contentUrl\":\"https:\\\/\\\/xstyle.md\\\/wp-content\\\/uploads\\\/2020\\\/06\\\/logoicon.svg\",\"caption\":\"\u041c\u0430\u0433\u0430\u0437\u0438\u043d Xstyle\"},\"image\":{\"@id\":\"https:\\\/\\\/xstyle.md\\\/#\\\/schema\\\/logo\\\/image\\\/\"},\"sameAs\":[\"https:\\\/\\\/www.facebook.com\\\/xstylemd\",\"https:\\\/\\\/www.instagram.com\\\/xstyle_md\\\/\",\"https:\\\/\\\/t.me\\\/xstyle_outdoor\"],\"hasMerchantReturnPolicy\":{\"@type\":\"MerchantReturnPolicy\",\"merchantReturnLink\":\"https:\\\/\\\/xstyle.md\\\/ro\\\/conditions\\\/\"}}]}<\/script>\n<meta property=\"product:price:amount\" content=\"1490.00\" \/>\n<meta property=\"product:price:currency\" content=\"MDL\" \/>\n<meta property=\"og:availability\" content=\"instock\" \/>\n<meta property=\"product:availability\" content=\"instock\" \/>\n<meta property=\"product:retailer_item_id\" content=\"3665771006681\" \/>\n<meta property=\"product:condition\" content=\"new\" \/>\n<!-- \/ Yoast SEO plugin. -->","yoast_head_json":{"title":"Cizme din neopren Aqualung Echozip 5mm - Magazin Xstyle","description":"Botinele de neopren Aqualung Echozip 5mm ofer\u0103 confort \u0219i protec\u021bie, gra\u021bie t\u0103lpii anatomice ERGO \u0219i unei t\u0103lpi groase pentru protec\u021bia \u00eempotriva deterior\u0103rilor.","robots":{"index":"index","follow":"follow","max-snippet":"max-snippet:-1","max-image-preview":"max-image-preview:large","max-video-preview":"max-video-preview:-1"},"canonical":"https:\/\/xstyle.md\/ro\/produs\/boty-neoprenovye-aqualung-echozip-5mm\/","og_locale":"ro_RO","og_type":"article","og_title":"\u0411\u043e\u0442\u044b \u043d\u0435\u043e\u043f\u0440\u0435\u043d\u043e\u0432\u044b\u0435 Aqualung Echozip 5mm - \u041c\u0430\u0433\u0430\u0437\u0438\u043d Xstyle","og_description":"\u041d\u0435\u043e\u043f\u0440\u0435\u043d\u043e\u0432\u044b\u0435 \u0431\u043e\u0442\u044b Aqualung Echozip 5mm \u043e\u0431\u0435\u0441\u043f\u0435\u0447\u0438\u0432\u0430\u044e\u0442 \u043a\u043e\u043c\u0444\u043e\u0440\u0442 \u0438 \u0437\u0430\u0449\u0438\u0442\u0443, \u0431\u043b\u0430\u0433\u043e\u0434\u0430\u0440\u044f \u0430\u043d\u0430\u0442\u043e\u043c\u0438\u0447\u0435\u0441\u043a\u043e\u0439 \u043f\u043e\u0434\u043e\u0448\u0432\u0435 ERGO \u0438 \u0442\u043e\u043b\u0441\u0442\u043e\u0439 \u043f\u043e\u0434\u043e\u0448\u0432\u0435 \u0434\u043b\u044f \u0437\u0430\u0449\u0438\u0442\u044b \u043e\u0442 \u043f\u043e\u0432\u0440\u0435\u0436\u0434\u0435\u043d\u0438\u0439.","og_url":"https:\/\/xstyle.md\/ro\/produs\/boty-neoprenovye-aqualung-echozip-5mm\/","og_site_name":"\u041c\u0430\u0433\u0430\u0437\u0438\u043d Xstyle","article_publisher":"https:\/\/www.facebook.com\/xstylemd","article_modified_time":"2025-10-24T09:20:22+00:00","og_image":[{"width":612,"height":612,"url":"https:\/\/xstyle.md\/wp-content\/uploads\/2022\/01\/aqualung-echozip-5mm.png","type":"image\/png"}],"twitter_card":"summary_large_image","twitter_misc":{"Pre\u021b":"1.490&nbsp;MDL","Disponibilitate":"\u00cen stoc"},"schema":{"@context":"https:\/\/schema.org","@graph":[{"@type":"WebPage","@id":"https:\/\/xstyle.md\/product\/boty-neoprenovye-aqualung-echozip-5mm\/","url":"https:\/\/xstyle.md\/product\/boty-neoprenovye-aqualung-echozip-5mm\/","name":"Cizme din neopren Aqualung Echozip 5mm - Magazin Xstyle","isPartOf":{"@id":"https:\/\/xstyle.md\/#website"},"primaryImageOfPage":{"@id":"https:\/\/xstyle.md\/product\/boty-neoprenovye-aqualung-echozip-5mm\/#primaryimage"},"image":{"@id":"https:\/\/xstyle.md\/product\/boty-neoprenovye-aqualung-echozip-5mm\/#primaryimage"},"thumbnailUrl":"https:\/\/xstyle.md\/wp-content\/uploads\/2022\/01\/aqualung-echozip-5mm.png","datePublished":"2022-01-25T17:55:03+00:00","dateModified":"2025-10-24T09:20:22+00:00","description":"Botinele de neopren Aqualung Echozip 5mm ofer\u0103 confort \u0219i protec\u021bie, gra\u021bie t\u0103lpii anatomice ERGO \u0219i unei t\u0103lpi groase pentru protec\u021bia \u00eempotriva deterior\u0103rilor.","breadcrumb":{"@id":"https:\/\/xstyle.md\/product\/boty-neoprenovye-aqualung-echozip-5mm\/#breadcrumb"},"inLanguage":"ro-RO","potentialAction":[{"@type":"ReadAction","target":["https:\/\/xstyle.md\/product\/boty-neoprenovye-aqualung-echozip-5mm\/"]}]},{"@type":"ImageObject","inLanguage":"ro-RO","@id":"https:\/\/xstyle.md\/product\/boty-neoprenovye-aqualung-echozip-5mm\/#primaryimage","url":"https:\/\/xstyle.md\/wp-content\/uploads\/2022\/01\/aqualung-echozip-5mm.png","contentUrl":"https:\/\/xstyle.md\/wp-content\/uploads\/2022\/01\/aqualung-echozip-5mm.png","width":612,"height":612,"caption":"\u0422\u0435\u043f\u043b\u044b\u0435 \u043d\u0435\u043e\u043f\u0440\u0435\u043d\u043e\u043e\u0432\u044b\u0435 \u0431\u043e\u0442\u0438\u043d\u043a\u0438 Aqualung Echozip 5mm \u0434\u043b\u044f \u0430\u043a\u0442\u0438\u0432\u043d\u043e\u0433\u043e \u043e\u0442\u0434\u044b\u0445\u0430, \u043f\u043e\u0445\u043e\u0434\u043e\u0432, \u043f\u0443\u0442\u0435\u0448\u0435\u0441\u0442\u0432\u0438\u0439 \u0438 \u0430\u043b\u044c\u043f\u0438\u043d\u0438\u0437\u043c\u0430 \u0432 \u0438\u043d\u0442\u0435\u0440\u043d\u0435\u0442-\u043c\u0430\u0433\u0430\u0437\u0438\u043d\u0435 \u044d\u043a\u0438\u043f\u0438\u0440\u043e\u0432\u043a\u0438 \u0434\u043b\u044f \u0430\u043a\u0442\u0438\u0432\u043d\u043e\u0439 \u0436\u0438\u0437\u043d\u0438"},{"@type":"BreadcrumbList","@id":"https:\/\/xstyle.md\/product\/boty-neoprenovye-aqualung-echozip-5mm\/#breadcrumb","itemListElement":[{"@type":"ListItem","position":1,"name":"\u0413\u043b\u0430\u0432\u043d\u0430\u044f \u0441\u0442\u0440\u0430\u043d\u0438\u0446\u0430","item":"https:\/\/xstyle.md\/"},{"@type":"ListItem","position":2,"name":"\u041c\u0430\u0433\u0430\u0437\u0438\u043d","item":"https:\/\/xstyle.md\/shop\/"},{"@type":"ListItem","position":3,"name":"\u0411\u043e\u0442\u044b \u043d\u0435\u043e\u043f\u0440\u0435\u043d\u043e\u0432\u044b\u0435 Aqualung Echozip 5mm"}]},{"@type":"WebSite","@id":"https:\/\/xstyle.md\/#website","url":"https:\/\/xstyle.md\/","name":"Magazinul X-Style","description":"Echipamente pentru turism \u0219i sporturi extreme \u00een Moldova. Pre\u021buri, fotografii, caracteristici \u00een Moldova.","publisher":{"@id":"https:\/\/xstyle.md\/#organization"},"alternateName":"X-Style","potentialAction":[{"@type":"SearchAction","target":{"@type":"EntryPoint","urlTemplate":"https:\/\/xstyle.md\/?s={search_term_string}"},"query-input":{"@type":"PropertyValueSpecification","valueRequired":true,"valueName":"search_term_string"}}],"inLanguage":"ro-RO"},{"@type":"Organization","@id":"https:\/\/xstyle.md\/#organization","name":"Magazinul X-Style","alternateName":"x-style","url":"https:\/\/xstyle.md\/","logo":{"@type":"ImageObject","inLanguage":"ro-RO","@id":"https:\/\/xstyle.md\/#\/schema\/logo\/image\/","url":"https:\/\/xstyle.md\/wp-content\/uploads\/2020\/06\/logoicon.svg","contentUrl":"https:\/\/xstyle.md\/wp-content\/uploads\/2020\/06\/logoicon.svg","caption":"\u041c\u0430\u0433\u0430\u0437\u0438\u043d Xstyle"},"image":{"@id":"https:\/\/xstyle.md\/#\/schema\/logo\/image\/"},"sameAs":["https:\/\/www.facebook.com\/xstylemd","https:\/\/www.instagram.com\/xstyle_md\/","https:\/\/t.me\/xstyle_outdoor"],"hasMerchantReturnPolicy":{"@type":"MerchantReturnPolicy","merchantReturnLink":"https:\/\/xstyle.md\/ro\/conditions\/"}}]},"product_price_amount":"1490.00","product_price_currency":"MDL","og_availability":"instock","product_availability":"instock","product_retailer_item_id":"3665771006681","product_condition":"new"},"_links":{"self":[{"href":"https:\/\/xstyle.md\/ro\/wp-json\/wp\/v2\/product\/45008","targetHints":{"allow":["GET"]}}],"collection":[{"href":"https:\/\/xstyle.md\/ro\/wp-json\/wp\/v2\/product"}],"about":[{"href":"https:\/\/xstyle.md\/ro\/wp-json\/wp\/v2\/types\/product"}],"replies":[{"embeddable":true,"href":"https:\/\/xstyle.md\/ro\/wp-json\/wp\/v2\/comments?post=45008"}],"wp:featuredmedia":[{"embeddable":true,"href":"https:\/\/xstyle.md\/ro\/wp-json\/wp\/v2\/media\/45303"}],"wp:attachment":[{"href":"https:\/\/xstyle.md\/ro\/wp-json\/wp\/v2\/media?parent=45008"}],"wp:term":[{"taxonomy":"product_brand","embeddable":true,"href":"https:\/\/xstyle.md\/ro\/wp-json\/wp\/v2\/product_brand?post=45008"},{"taxonomy":"product_cat","embeddable":true,"href":"https:\/\/xstyle.md\/ro\/wp-json\/wp\/v2\/product_cat?post=45008"},{"taxonomy":"product_tag","embeddable":true,"href":"https:\/\/xstyle.md\/ro\/wp-json\/wp\/v2\/product_tag?post=45008"}],"curies":[{"name":"wp","href":"https:\/\/api.w.org\/{rel}","templated":true}]}}