{"id":4499,"date":"2020-07-16T19:53:54","date_gmt":"2020-07-16T16:53:54","guid":{"rendered":"https:\/\/xstyle.md\/product\/germomeshok-hiko-compact-cylindric-bag-420tpu-40l"},"modified":"2024-10-21T09:18:57","modified_gmt":"2024-10-21T06:18:57","slug":"germomeshok-hiko-compact-cylindric-bag-420tpu-40l","status":"publish","type":"product","link":"https:\/\/xstyle.md\/ro\/produs\/germomeshok-hiko-compact-cylindric-bag-420tpu-40l\/","title":{"rendered":"Sac ermetic Hiko COMPACT Cylindric Bag 420TPU 40L"},"content":{"rendered":"<\/p>\n<p><strong>Sac ermetic Hiko COMPACT Cylindric Bag 420TPU 40L\u00a0<\/strong>garanteaz\u0103 rezisten\u021ba la uzur\u0103 \u0219i protec\u021bia lucrurilor de praf, murd\u0103rie \u0219i umiditate.<\/p>\n<h3>Particularit\u0103\u021bi<\/h3>\n<ul>\n<li>M\u00e2ner de transport<\/li>\n<li>Cus\u0103turi sudate.<\/li>\n<\/ul>\n<h3>Caracteristici<\/h3>\n<ul>\n<li>Material &#8212; TPU<\/li>\n<li>Volum &#8212; 40 l.<\/li>\n<\/ul>\n<h3>Tehnologie<\/h3>\n<ul>\n<li><strong>TPU<\/strong> &#8212; este un poliuretan termoplastic de \u00eenalt\u0103 temperatur\u0103. Un material care combin\u0103 rezisten\u021ba plasticului cu flexibilitatea siliconului. \u021aes\u0103tura acoperit\u0103 cu TPU este ideal\u0103 pentru fabricarea de echipamente gonflabile \u0219i dep\u0103\u0219e\u0219te \u021bes\u0103tura obi\u0219nuit\u0103 din PVC \u00een multe aspecte esen\u021biale. De exemplu, TPU are o rezisten\u021b\u0103 mai bun\u0103 la abraziune, permeabilitate la gaze \u0219i rezisten\u021b\u0103 la \u00eenghe\u021b.<\/li>\n<\/ul>\n<h3>Marca<\/h3>\n<p>Compania ceh\u0103 Hiko &#8212; lider \u00een produc\u021bia de \u00eembr\u0103c\u0103minte, echipamente \u0219i accesorii pentru sporturi nautice, cum ar fi: caiac, rafting, slalom \u0219i drume\u021bii. Principalul obiectiv al companiei este de a produce produse cerute de sportivi \u0219i de pasiona\u021bii de sporturi nautice. Din acest motiv, o aten\u021bie deosebit\u0103 este acordat\u0103 calit\u0103\u021bii \u0219i durabilit\u0103\u021bii materialelor din care sunt fabricate produsele m\u0103rcii. Echipamentul tehnologic al fabricilor Hiko este \u00een mod constant \u00eembun\u0103t\u0103\u021bit cu noi solu\u021bii tehnologice, motiv pentru care Hiko r\u0103m\u00e2ne unul dintre cele mai recunoscute branduri din lume &#8212; lider de pia\u021b\u0103 \u00een segmentul s\u0103u de \u021binute outdoor.<\/p>\n<p><\/p>","protected":false},"excerpt":{"rendered":"<p>Sac ermetic Hiko COMPACT Cylindric Bag 420TPU 40L<\/p>","protected":false},"featured_media":4498,"comment_status":"open","ping_status":"closed","template":"","meta":{"_acf_changed":false,"inline_featured_image":false},"product_brand":[1289],"product_cat":[863],"product_tag":[],"class_list":{"0":"post-4499","1":"product","2":"type-product","3":"status-publish","4":"has-post-thumbnail","6":"product_brand-hiko","7":"product_cat-hermetic-bags","9":"first","10":"instock","11":"shipping-taxable","12":"purchasable","13":"product-type-simple"},"acf":[],"yoast_head":"<!-- This site is optimized with the Yoast SEO plugin v27.4 - https:\/\/yoast.com\/product\/yoast-seo-wordpress\/ -->\n<title>\u0413\u0435\u0440\u043c\u043e\u043c\u0435\u0448\u043e\u043a Hiko COMPACT Cylindric Bag 420TPU 40L - \u041c\u0430\u0433\u0430\u0437\u0438\u043d Xstyle<\/title>\n<meta name=\"description\" content=\"\u0413\u0435\u0440\u043c\u043e\u043c\u0435\u0448\u043e\u043a Hiko COMPACT 40L \u0438\u0437 420TPU \u043e\u0431\u0435\u0441\u043f\u0435\u0447\u0438\u0432\u0430\u0435\u0442 \u0437\u0430\u0449\u0438\u0442\u0443 \u043e\u0442 \u0432\u043b\u0430\u0433\u0438 \u0438 \u0433\u0440\u044f\u0437\u0438. \u0418\u0434\u0435\u0430\u043b\u0435\u043d \u0434\u043b\u044f \u0430\u043a\u0442\u0438\u0432\u043d\u043e\u0433\u043e \u043e\u0442\u0434\u044b\u0445\u0430 \u0438 \u043d\u0430\u0434\u0435\u0436\u043d\u043e\u0439 \u0442\u0440\u0430\u043d\u0441\u043f\u043e\u0440\u0442\u0438\u0440\u043e\u0432\u043a\u0438 \u0432\u0435\u0449\u0435\u0439.\" \/>\n<meta name=\"robots\" content=\"index, follow, max-snippet:-1, max-image-preview:large, max-video-preview:-1\" \/>\n<link rel=\"canonical\" href=\"https:\/\/xstyle.md\/ro\/produs\/germomeshok-hiko-compact-cylindric-bag-420tpu-40l\/\" \/>\n<meta property=\"og:locale\" content=\"ro_RO\" \/>\n<meta property=\"og:type\" content=\"article\" \/>\n<meta property=\"og:title\" content=\"\u0413\u0435\u0440\u043c\u043e\u043c\u0435\u0448\u043e\u043a Hiko COMPACT Cylindric Bag 420TPU 40L - \u041c\u0430\u0433\u0430\u0437\u0438\u043d Xstyle\" \/>\n<meta property=\"og:description\" content=\"\u0413\u0435\u0440\u043c\u043e\u043c\u0435\u0448\u043e\u043a Hiko COMPACT 40L \u0438\u0437 420TPU \u043e\u0431\u0435\u0441\u043f\u0435\u0447\u0438\u0432\u0430\u0435\u0442 \u0437\u0430\u0449\u0438\u0442\u0443 \u043e\u0442 \u0432\u043b\u0430\u0433\u0438 \u0438 \u0433\u0440\u044f\u0437\u0438. \u0418\u0434\u0435\u0430\u043b\u0435\u043d \u0434\u043b\u044f \u0430\u043a\u0442\u0438\u0432\u043d\u043e\u0433\u043e \u043e\u0442\u0434\u044b\u0445\u0430 \u0438 \u043d\u0430\u0434\u0435\u0436\u043d\u043e\u0439 \u0442\u0440\u0430\u043d\u0441\u043f\u043e\u0440\u0442\u0438\u0440\u043e\u0432\u043a\u0438 \u0432\u0435\u0449\u0435\u0439.\" \/>\n<meta property=\"og:url\" content=\"https:\/\/xstyle.md\/ro\/produs\/germomeshok-hiko-compact-cylindric-bag-420tpu-40l\/\" \/>\n<meta property=\"og:site_name\" content=\"\u041c\u0430\u0433\u0430\u0437\u0438\u043d Xstyle\" \/>\n<meta property=\"article:publisher\" content=\"https:\/\/www.facebook.com\/xstylemd\" \/>\n<meta property=\"article:modified_time\" content=\"2024-10-21T06:18:57+00:00\" \/>\n<meta property=\"og:image\" content=\"https:\/\/xstyle.md\/wp-content\/uploads\/2020\/07\/79000hikobag01.jpg\" \/>\n\t<meta property=\"og:image:width\" content=\"254\" \/>\n\t<meta property=\"og:image:height\" content=\"520\" \/>\n\t<meta property=\"og:image:type\" content=\"image\/jpeg\" \/>\n<meta name=\"twitter:card\" content=\"summary_large_image\" \/>\n<meta name=\"twitter:label1\" content=\"Pre\u021b\" \/>\n\t<meta name=\"twitter:data1\" content=\"925&nbsp;MDL\" \/>\n\t<meta name=\"twitter:label2\" content=\"Disponibilitate\" \/>\n\t<meta name=\"twitter:data2\" content=\"\u00cen stoc\" \/>\n<script type=\"application\/ld+json\" class=\"yoast-schema-graph\">{\"@context\":\"https:\\\/\\\/schema.org\",\"@graph\":[{\"@type\":\"WebPage\",\"@id\":\"https:\\\/\\\/xstyle.md\\\/product\\\/germomeshok-hiko-compact-cylindric-bag-420tpu-40l\\\/\",\"url\":\"https:\\\/\\\/xstyle.md\\\/product\\\/germomeshok-hiko-compact-cylindric-bag-420tpu-40l\\\/\",\"name\":\"\u0413\u0435\u0440\u043c\u043e\u043c\u0435\u0448\u043e\u043a Hiko COMPACT Cylindric Bag 420TPU 40L - \u041c\u0430\u0433\u0430\u0437\u0438\u043d Xstyle\",\"isPartOf\":{\"@id\":\"https:\\\/\\\/xstyle.md\\\/#website\"},\"primaryImageOfPage\":{\"@id\":\"https:\\\/\\\/xstyle.md\\\/product\\\/germomeshok-hiko-compact-cylindric-bag-420tpu-40l\\\/#primaryimage\"},\"image\":{\"@id\":\"https:\\\/\\\/xstyle.md\\\/product\\\/germomeshok-hiko-compact-cylindric-bag-420tpu-40l\\\/#primaryimage\"},\"thumbnailUrl\":\"https:\\\/\\\/xstyle.md\\\/wp-content\\\/uploads\\\/2020\\\/07\\\/79000hikobag01.jpg\",\"datePublished\":\"2020-07-16T16:53:54+00:00\",\"dateModified\":\"2024-10-21T06:18:57+00:00\",\"description\":\"\u0413\u0435\u0440\u043c\u043e\u043c\u0435\u0448\u043e\u043a Hiko COMPACT 40L \u0438\u0437 420TPU \u043e\u0431\u0435\u0441\u043f\u0435\u0447\u0438\u0432\u0430\u0435\u0442 \u0437\u0430\u0449\u0438\u0442\u0443 \u043e\u0442 \u0432\u043b\u0430\u0433\u0438 \u0438 \u0433\u0440\u044f\u0437\u0438. \u0418\u0434\u0435\u0430\u043b\u0435\u043d \u0434\u043b\u044f \u0430\u043a\u0442\u0438\u0432\u043d\u043e\u0433\u043e \u043e\u0442\u0434\u044b\u0445\u0430 \u0438 \u043d\u0430\u0434\u0435\u0436\u043d\u043e\u0439 \u0442\u0440\u0430\u043d\u0441\u043f\u043e\u0440\u0442\u0438\u0440\u043e\u0432\u043a\u0438 \u0432\u0435\u0449\u0435\u0439.\",\"breadcrumb\":{\"@id\":\"https:\\\/\\\/xstyle.md\\\/product\\\/germomeshok-hiko-compact-cylindric-bag-420tpu-40l\\\/#breadcrumb\"},\"inLanguage\":\"ro-RO\",\"potentialAction\":[{\"@type\":\"ReadAction\",\"target\":[\"https:\\\/\\\/xstyle.md\\\/product\\\/germomeshok-hiko-compact-cylindric-bag-420tpu-40l\\\/\"]}]},{\"@type\":\"ImageObject\",\"inLanguage\":\"ro-RO\",\"@id\":\"https:\\\/\\\/xstyle.md\\\/product\\\/germomeshok-hiko-compact-cylindric-bag-420tpu-40l\\\/#primaryimage\",\"url\":\"https:\\\/\\\/xstyle.md\\\/wp-content\\\/uploads\\\/2020\\\/07\\\/79000hikobag01.jpg\",\"contentUrl\":\"https:\\\/\\\/xstyle.md\\\/wp-content\\\/uploads\\\/2020\\\/07\\\/79000hikobag01.jpg\",\"width\":254,\"height\":520},{\"@type\":\"BreadcrumbList\",\"@id\":\"https:\\\/\\\/xstyle.md\\\/product\\\/germomeshok-hiko-compact-cylindric-bag-420tpu-40l\\\/#breadcrumb\",\"itemListElement\":[{\"@type\":\"ListItem\",\"position\":1,\"name\":\"\u0413\u043b\u0430\u0432\u043d\u0430\u044f \u0441\u0442\u0440\u0430\u043d\u0438\u0446\u0430\",\"item\":\"https:\\\/\\\/xstyle.md\\\/\"},{\"@type\":\"ListItem\",\"position\":2,\"name\":\"\u041c\u0430\u0433\u0430\u0437\u0438\u043d\",\"item\":\"https:\\\/\\\/xstyle.md\\\/shop\\\/\"},{\"@type\":\"ListItem\",\"position\":3,\"name\":\"\u0413\u0435\u0440\u043c\u043e\u043c\u0435\u0448\u043e\u043a Hiko COMPACT Cylindric Bag 420TPU 40L\"}]},{\"@type\":\"WebSite\",\"@id\":\"https:\\\/\\\/xstyle.md\\\/#website\",\"url\":\"https:\\\/\\\/xstyle.md\\\/\",\"name\":\"\u041c\u0430\u0433\u0430\u0437\u0438\u043d Xstyle\",\"description\":\"C\u043d\u0430\u0440\u044f\u0436\u0435\u043d\u0438\u0435 \u0434\u043b\u044f \u0442\u0443\u0440\u0438\u0437\u043c\u0430 \u0438 \u044d\u043a\u0441\u0442\u0440\u0435\u043c\u0430\u043b\u044c\u043d\u044b\u0445 \u0432\u0438\u0434\u043e\u0432 \u0441\u043f\u043e\u0440\u0442\u0430 \u0432 \u041c\u043e\u043b\u0434\u043e\u0432\u0435.. \u0426\u0435\u043d\u044b, \u0444\u043e\u0442\u043e, \u0445\u0430\u0440\u0430\u043a\u0442\u0435\u0440\u0438\u0441\u0442\u0438\u043a\u0438 \u0432 \u041c\u043e\u043b\u0434\u043e\u0432\u0435.\",\"publisher\":{\"@id\":\"https:\\\/\\\/xstyle.md\\\/#organization\"},\"alternateName\":\"X-Style\",\"potentialAction\":[{\"@type\":\"SearchAction\",\"target\":{\"@type\":\"EntryPoint\",\"urlTemplate\":\"https:\\\/\\\/xstyle.md\\\/?s={search_term_string}\"},\"query-input\":{\"@type\":\"PropertyValueSpecification\",\"valueRequired\":true,\"valueName\":\"search_term_string\"}}],\"inLanguage\":\"ro-RO\"},{\"@type\":\"Organization\",\"@id\":\"https:\\\/\\\/xstyle.md\\\/#organization\",\"name\":\"\u041c\u0430\u0433\u0430\u0437\u0438\u043d Xstyle\",\"alternateName\":\"x-style\",\"url\":\"https:\\\/\\\/xstyle.md\\\/\",\"logo\":{\"@type\":\"ImageObject\",\"inLanguage\":\"ro-RO\",\"@id\":\"https:\\\/\\\/xstyle.md\\\/#\\\/schema\\\/logo\\\/image\\\/\",\"url\":\"https:\\\/\\\/xstyle.md\\\/wp-content\\\/uploads\\\/2020\\\/06\\\/logoicon.svg\",\"contentUrl\":\"https:\\\/\\\/xstyle.md\\\/wp-content\\\/uploads\\\/2020\\\/06\\\/logoicon.svg\",\"caption\":\"\u041c\u0430\u0433\u0430\u0437\u0438\u043d Xstyle\"},\"image\":{\"@id\":\"https:\\\/\\\/xstyle.md\\\/#\\\/schema\\\/logo\\\/image\\\/\"},\"sameAs\":[\"https:\\\/\\\/www.facebook.com\\\/xstylemd\",\"https:\\\/\\\/www.instagram.com\\\/xstyle_md\\\/\",\"https:\\\/\\\/t.me\\\/xstyle_outdoor\"],\"hasMerchantReturnPolicy\":{\"@type\":\"MerchantReturnPolicy\",\"merchantReturnLink\":\"https:\\\/\\\/xstyle.md\\\/ro\\\/conditions\\\/\"}}]}<\/script>\n<meta property=\"product:price:amount\" content=\"925.00\" \/>\n<meta property=\"product:price:currency\" content=\"MDL\" \/>\n<meta property=\"og:availability\" content=\"instock\" \/>\n<meta property=\"product:availability\" content=\"instock\" \/>\n<meta property=\"product:retailer_item_id\" content=\"8591692117814\" \/>\n<meta property=\"product:condition\" content=\"new\" \/>\n<!-- \/ Yoast SEO plugin. -->","yoast_head_json":{"title":"Sac ermetic Hiko COMPACT Cylindric Bag 420TPU 40L - Magazin Xstyle","description":"Rucsacul hermetic Hiko COMPACT 40L din 420TPU ofer\u0103 protec\u021bie \u00eempotriva umezelii \u0219i murd\u0103riei. Este ideal pentru activit\u0103\u021bi \u00een aer liber \u0219i transportul sigur al lucrurilor.","robots":{"index":"index","follow":"follow","max-snippet":"max-snippet:-1","max-image-preview":"max-image-preview:large","max-video-preview":"max-video-preview:-1"},"canonical":"https:\/\/xstyle.md\/ro\/produs\/germomeshok-hiko-compact-cylindric-bag-420tpu-40l\/","og_locale":"ro_RO","og_type":"article","og_title":"\u0413\u0435\u0440\u043c\u043e\u043c\u0435\u0448\u043e\u043a Hiko COMPACT Cylindric Bag 420TPU 40L - \u041c\u0430\u0433\u0430\u0437\u0438\u043d Xstyle","og_description":"\u0413\u0435\u0440\u043c\u043e\u043c\u0435\u0448\u043e\u043a Hiko COMPACT 40L \u0438\u0437 420TPU \u043e\u0431\u0435\u0441\u043f\u0435\u0447\u0438\u0432\u0430\u0435\u0442 \u0437\u0430\u0449\u0438\u0442\u0443 \u043e\u0442 \u0432\u043b\u0430\u0433\u0438 \u0438 \u0433\u0440\u044f\u0437\u0438. \u0418\u0434\u0435\u0430\u043b\u0435\u043d \u0434\u043b\u044f \u0430\u043a\u0442\u0438\u0432\u043d\u043e\u0433\u043e \u043e\u0442\u0434\u044b\u0445\u0430 \u0438 \u043d\u0430\u0434\u0435\u0436\u043d\u043e\u0439 \u0442\u0440\u0430\u043d\u0441\u043f\u043e\u0440\u0442\u0438\u0440\u043e\u0432\u043a\u0438 \u0432\u0435\u0449\u0435\u0439.","og_url":"https:\/\/xstyle.md\/ro\/produs\/germomeshok-hiko-compact-cylindric-bag-420tpu-40l\/","og_site_name":"\u041c\u0430\u0433\u0430\u0437\u0438\u043d Xstyle","article_publisher":"https:\/\/www.facebook.com\/xstylemd","article_modified_time":"2024-10-21T06:18:57+00:00","og_image":[{"width":254,"height":520,"url":"https:\/\/xstyle.md\/wp-content\/uploads\/2020\/07\/79000hikobag01.jpg","type":"image\/jpeg"}],"twitter_card":"summary_large_image","twitter_misc":{"Pre\u021b":"925&nbsp;MDL","Disponibilitate":"\u00cen stoc"},"schema":{"@context":"https:\/\/schema.org","@graph":[{"@type":"WebPage","@id":"https:\/\/xstyle.md\/product\/germomeshok-hiko-compact-cylindric-bag-420tpu-40l\/","url":"https:\/\/xstyle.md\/product\/germomeshok-hiko-compact-cylindric-bag-420tpu-40l\/","name":"Sac ermetic Hiko COMPACT Cylindric Bag 420TPU 40L - Magazin Xstyle","isPartOf":{"@id":"https:\/\/xstyle.md\/#website"},"primaryImageOfPage":{"@id":"https:\/\/xstyle.md\/product\/germomeshok-hiko-compact-cylindric-bag-420tpu-40l\/#primaryimage"},"image":{"@id":"https:\/\/xstyle.md\/product\/germomeshok-hiko-compact-cylindric-bag-420tpu-40l\/#primaryimage"},"thumbnailUrl":"https:\/\/xstyle.md\/wp-content\/uploads\/2020\/07\/79000hikobag01.jpg","datePublished":"2020-07-16T16:53:54+00:00","dateModified":"2024-10-21T06:18:57+00:00","description":"Rucsacul hermetic Hiko COMPACT 40L din 420TPU ofer\u0103 protec\u021bie \u00eempotriva umezelii \u0219i murd\u0103riei. Este ideal pentru activit\u0103\u021bi \u00een aer liber \u0219i transportul sigur al lucrurilor.","breadcrumb":{"@id":"https:\/\/xstyle.md\/product\/germomeshok-hiko-compact-cylindric-bag-420tpu-40l\/#breadcrumb"},"inLanguage":"ro-RO","potentialAction":[{"@type":"ReadAction","target":["https:\/\/xstyle.md\/product\/germomeshok-hiko-compact-cylindric-bag-420tpu-40l\/"]}]},{"@type":"ImageObject","inLanguage":"ro-RO","@id":"https:\/\/xstyle.md\/product\/germomeshok-hiko-compact-cylindric-bag-420tpu-40l\/#primaryimage","url":"https:\/\/xstyle.md\/wp-content\/uploads\/2020\/07\/79000hikobag01.jpg","contentUrl":"https:\/\/xstyle.md\/wp-content\/uploads\/2020\/07\/79000hikobag01.jpg","width":254,"height":520},{"@type":"BreadcrumbList","@id":"https:\/\/xstyle.md\/product\/germomeshok-hiko-compact-cylindric-bag-420tpu-40l\/#breadcrumb","itemListElement":[{"@type":"ListItem","position":1,"name":"\u0413\u043b\u0430\u0432\u043d\u0430\u044f \u0441\u0442\u0440\u0430\u043d\u0438\u0446\u0430","item":"https:\/\/xstyle.md\/"},{"@type":"ListItem","position":2,"name":"\u041c\u0430\u0433\u0430\u0437\u0438\u043d","item":"https:\/\/xstyle.md\/shop\/"},{"@type":"ListItem","position":3,"name":"\u0413\u0435\u0440\u043c\u043e\u043c\u0435\u0448\u043e\u043a Hiko COMPACT Cylindric Bag 420TPU 40L"}]},{"@type":"WebSite","@id":"https:\/\/xstyle.md\/#website","url":"https:\/\/xstyle.md\/","name":"Magazinul X-Style","description":"Echipamente pentru turism \u0219i sporturi extreme \u00een Moldova. Pre\u021buri, fotografii, caracteristici \u00een Moldova.","publisher":{"@id":"https:\/\/xstyle.md\/#organization"},"alternateName":"X-Style","potentialAction":[{"@type":"SearchAction","target":{"@type":"EntryPoint","urlTemplate":"https:\/\/xstyle.md\/?s={search_term_string}"},"query-input":{"@type":"PropertyValueSpecification","valueRequired":true,"valueName":"search_term_string"}}],"inLanguage":"ro-RO"},{"@type":"Organization","@id":"https:\/\/xstyle.md\/#organization","name":"Magazinul X-Style","alternateName":"x-style","url":"https:\/\/xstyle.md\/","logo":{"@type":"ImageObject","inLanguage":"ro-RO","@id":"https:\/\/xstyle.md\/#\/schema\/logo\/image\/","url":"https:\/\/xstyle.md\/wp-content\/uploads\/2020\/06\/logoicon.svg","contentUrl":"https:\/\/xstyle.md\/wp-content\/uploads\/2020\/06\/logoicon.svg","caption":"\u041c\u0430\u0433\u0430\u0437\u0438\u043d Xstyle"},"image":{"@id":"https:\/\/xstyle.md\/#\/schema\/logo\/image\/"},"sameAs":["https:\/\/www.facebook.com\/xstylemd","https:\/\/www.instagram.com\/xstyle_md\/","https:\/\/t.me\/xstyle_outdoor"],"hasMerchantReturnPolicy":{"@type":"MerchantReturnPolicy","merchantReturnLink":"https:\/\/xstyle.md\/ro\/conditions\/"}}]},"product_price_amount":"925.00","product_price_currency":"MDL","og_availability":"instock","product_availability":"instock","product_retailer_item_id":"8591692117814","product_condition":"new"},"post_mailing_queue_ids":[],"_links":{"self":[{"href":"https:\/\/xstyle.md\/ro\/wp-json\/wp\/v2\/product\/4499","targetHints":{"allow":["GET"]}}],"collection":[{"href":"https:\/\/xstyle.md\/ro\/wp-json\/wp\/v2\/product"}],"about":[{"href":"https:\/\/xstyle.md\/ro\/wp-json\/wp\/v2\/types\/product"}],"replies":[{"embeddable":true,"href":"https:\/\/xstyle.md\/ro\/wp-json\/wp\/v2\/comments?post=4499"}],"wp:featuredmedia":[{"embeddable":true,"href":"https:\/\/xstyle.md\/ro\/wp-json\/wp\/v2\/media\/4498"}],"wp:attachment":[{"href":"https:\/\/xstyle.md\/ro\/wp-json\/wp\/v2\/media?parent=4499"}],"wp:term":[{"taxonomy":"product_brand","embeddable":true,"href":"https:\/\/xstyle.md\/ro\/wp-json\/wp\/v2\/product_brand?post=4499"},{"taxonomy":"product_cat","embeddable":true,"href":"https:\/\/xstyle.md\/ro\/wp-json\/wp\/v2\/product_cat?post=4499"},{"taxonomy":"product_tag","embeddable":true,"href":"https:\/\/xstyle.md\/ro\/wp-json\/wp\/v2\/product_tag?post=4499"}],"curies":[{"name":"wp","href":"https:\/\/api.w.org\/{rel}","templated":true}]}}