{"id":4497,"date":"2020-07-16T19:53:49","date_gmt":"2020-07-16T16:53:49","guid":{"rendered":"https:\/\/xstyle.md\/product\/trekkingovye-palki-masters-training-speed"},"modified":"2026-02-25T13:40:09","modified_gmt":"2026-02-25T10:40:09","slug":"masters-training-speed","status":"publish","type":"product","link":"https:\/\/xstyle.md\/ro\/produs\/masters-training-speed\/","title":{"rendered":"Be\u021be de Nordic Walking Masters Training Speed"},"content":{"rendered":"<\/p>\n<p><strong>Masters Training Speed<\/strong> \u2013 be\u021be pentru mers nordic cu sistemul de blocare \u00een sec\u021biune \u201eWING LOCK &#8212; Sistem de blocare\u201d *, dezvoltat pe baza unui clip pe baz\u0103 de aluminiu de avia\u021bie.<\/p>\n<p>Be\u021bele telescopice au m\u00e2nerul profesional Essenza Clik Cork, dezvoltat pe baza experien\u021bei Asocia\u021biei Italiene Nordic Walking ANI. M\u00e2nerul este proiectat special pentru exerci\u021bii de m\u00e2n\u0103 \u0219i \u00eencheietur\u0103 \u00een timpul mersului nordic (f\u0103r\u0103 proeminen\u021be \u0219i opriri, ca \u00een be\u021bele de trekking care interfereaz\u0103 cu mersul nordic complet). M\u00e2nerul are inser\u021bii din plut\u0103 natural\u0103, asigur\u00e2nd o prindere confortabil\u0103, cu o aderen\u021b\u0103 ridicat\u0103 \u00een timpul iernii \u0219i un efect de eliminare a umidit\u0103\u021bii vara.<\/p>\n<p>M\u00e2nerul este echipat cu un sistem Evolution Reflex reglabil ergonomic, cu elemente reflectorizante \u0219i un sistem de deconectare rapid\u0103 a m\u0103nu\u0219ii de la m\u00e2ner. Detaliile reflectorizante v\u0103 permit s\u0103 crea\u021bi un mediu sigur pentru mersul nordic seara \u00eentr-un ora\u0219 cu trafic ridicat pe drumuri \u0219i cur\u021bi sau \u00een parcuri \u0219i pie\u021be cu un trafic intens de transport cu bicicleta.<\/p>\n<p>Fiecare m\u0103nu\u0219\u0103 este marcat\u0103 cu L (st\u00e2nga) \u0219i R (dreapta), ceea ce simplific\u0103 determinarea be\u021belor din st\u00e2nga \u0219i din dreapta \u0219i v\u0103 permite s\u0103 \u00eencepe\u021bi imediat antrenamentele. Lanterna \u00een sine este o semi-m\u0103nu\u0219\u0103 cu un sistem de ajustare rapid\u0103 a m\u0103rimii periei, bazat\u0103 pe elemente de fixare Velcro, care v\u0103 permite s\u0103 regla\u021bi \u0219iretul pe m\u00e2inile dvs. atunci c\u00e2nd folosi\u021bi bastoane vara sau iarna peste m\u0103nu\u0219i.<\/p>\n<p>Designul be\u021belor este telescopic \u00een dou\u0103 sec\u021biuni. Acest design v\u0103 permite s\u0103 plia\u021bi compact be\u021bele \u00een jum\u0103tate \u0219i s\u0103 le transporta\u021bi cu u\u0219urin\u021b\u0103 \u00eentr-o geant\u0103, rucsac sau \u00eentr-o ma\u0219in\u0103. Dar acest lucru nu este totul &#8212; bastoanele telescopice (glisante) sunt potrivite pentru persoane de orice \u00een\u0103l\u021bime \u0219i v\u0103 permit, de asemenea, s\u0103 le configura\u021bi pentru exerci\u021bii \u0219i antrenamente mai intense.<\/p>\n<h3>Specificatii<\/h3>\n<ul>\n<li>Sistemul de blocare a clemelor protejeaz\u0103 be\u021bele atunci c\u00e2nd sunt desf\u0103cute<\/li>\n<li>M\u00e2nerul cu m\u00e2nec\u0103 reglabil\u0103 Evolution Reflex este echipat cu un sistem de desprindere rapid\u0103 a m\u00e2nu\u0219ii de la m\u00e2ner;<\/li>\n<li>Detaliile reflectorizante te fac mai vizibil seara;<\/li>\n<li>Inser\u021biile naturale de plut\u0103 asigur\u0103 o prindere confortabil\u0103 \u0219i o aderen\u021b\u0103 bun\u0103 iarna \u0219i absorb umiditatea vara<\/li>\n<li>Proiectarea telescopic\u0103 a dou\u0103 sec\u021biuni a be\u021belor face posibil\u0103 plierea compact\u0103 a acestora \u0219i transportarea lor cu u\u0219urin\u021b\u0103 \u00eentr-o geant\u0103, rucsac sau \u00eentr-o ma\u0219in\u0103.<\/li>\n<\/ul>\n<h3>Caracteristici<\/h3>\n<ul>\n<li>Lungime &#8212; intervalul variaz\u0103 de la 85-130 cm<\/li>\n<li>Lungimea sec\u021biunii &#8212; \u00f8 16\/14<\/li>\n<li>Greutatea pentru perechea de be\u021be &#8212; 450 gr<\/li>\n<li>Material &#8212; aluminiu de avia\u021bie 7075<\/li>\n<li>M\u0103nu\u0219\u0103 &#8212; reflex de evolu\u021bie cu elemente reflectorizante \u0219i sistem de deconectare rapid\u0103<\/li>\n<li>M\u00e2ner &#8212; Essenza Click Cork cu plut\u0103 natural\u0103<\/li>\n<li>Duze pentru asfalt din material SEBS cu aderen\u021b\u0103 ridicat\u0103 &#8212; 2 buc\u0103\u021bi<\/li>\n<\/ul>\n<h3>Setul Include<\/h3>\n<ul>\n<li>Be\u021be pentru mers nordic- o pereche<\/li>\n<li>V\u00e2rful din aliaj- o pereche<\/li>\n<li>M\u0103nu\u0219i- o pereche<\/li>\n<li>Accesorii pentru mers pe asfalt- o pereche<\/li>\n<\/ul>\n<p><\/p>","protected":false},"excerpt":{"rendered":"<p>Be\u021be de Nordic Walking Masters Training Speed<\/p>","protected":false},"featured_media":4490,"comment_status":"open","ping_status":"closed","template":"","meta":{"_acf_changed":false,"inline_featured_image":false},"product_brand":[1326],"product_cat":[461],"product_tag":[],"class_list":{"0":"post-4497","1":"product","2":"type-product","3":"status-publish","4":"has-post-thumbnail","6":"product_brand-masters","7":"product_cat-nordic-stalpi","9":"first","10":"instock","11":"shipping-taxable","12":"purchasable","13":"product-type-simple"},"acf":[],"yoast_head":"<!-- This site is optimized with the Yoast SEO plugin v27.2 - https:\/\/yoast.com\/product\/yoast-seo-wordpress\/ -->\n<title>\u0421\u043a\u0430\u043d\u0434\u0438\u043d\u0430\u0432\u0441\u043a\u0438\u0435 \u043f\u0430\u043b\u043a\u0438 Masters Training Speed - \u041c\u0430\u0433\u0430\u0437\u0438\u043d Xstyle<\/title>\n<meta name=\"description\" content=\"\u041e\u0442\u043a\u0440\u043e\u0439\u0442\u0435 \u0434\u043b\u044f \u0441\u0435\u0431\u044f \u0441\u043a\u0430\u043d\u0434\u0438\u043d\u0430\u0432\u0441\u043a\u0438\u0435 \u043f\u0430\u043b\u043a\u0438 Masters Training Speed \u0441 \u0441\u0438\u0441\u0442\u0435\u043c\u043e\u0439 \u0431\u043b\u043e\u043a\u0438\u0440\u043e\u0432\u043a\u0438 WING LOCK. \u0418\u0434\u0435\u0430\u043b\u044c\u043d\u044b \u0434\u043b\u044f \u0443\u0434\u043e\u0431\u0441\u0442\u0432\u0430 \u0438 \u043c\u0430\u043a\u0441\u0438\u043c\u0430\u043b\u044c\u043d\u043e\u0439 \u043f\u0440\u043e\u0438\u0437\u0432\u043e\u0434\u0438\u0442\u0435\u043b\u044c\u043d\u043e\u0441\u0442\u0438!\" \/>\n<meta name=\"robots\" content=\"index, follow, max-snippet:-1, max-image-preview:large, max-video-preview:-1\" \/>\n<link rel=\"canonical\" href=\"https:\/\/xstyle.md\/ro\/produs\/masters-training-speed\/\" \/>\n<meta property=\"og:locale\" content=\"ro_RO\" \/>\n<meta property=\"og:type\" content=\"article\" \/>\n<meta property=\"og:title\" content=\"\u0421\u043a\u0430\u043d\u0434\u0438\u043d\u0430\u0432\u0441\u043a\u0438\u0435 \u043f\u0430\u043b\u043a\u0438 Masters Training Speed - \u041c\u0430\u0433\u0430\u0437\u0438\u043d Xstyle\" \/>\n<meta property=\"og:description\" content=\"\u041e\u0442\u043a\u0440\u043e\u0439\u0442\u0435 \u0434\u043b\u044f \u0441\u0435\u0431\u044f \u0441\u043a\u0430\u043d\u0434\u0438\u043d\u0430\u0432\u0441\u043a\u0438\u0435 \u043f\u0430\u043b\u043a\u0438 Masters Training Speed \u0441 \u0441\u0438\u0441\u0442\u0435\u043c\u043e\u0439 \u0431\u043b\u043e\u043a\u0438\u0440\u043e\u0432\u043a\u0438 WING LOCK. \u0418\u0434\u0435\u0430\u043b\u044c\u043d\u044b \u0434\u043b\u044f \u0443\u0434\u043e\u0431\u0441\u0442\u0432\u0430 \u0438 \u043c\u0430\u043a\u0441\u0438\u043c\u0430\u043b\u044c\u043d\u043e\u0439 \u043f\u0440\u043e\u0438\u0437\u0432\u043e\u0434\u0438\u0442\u0435\u043b\u044c\u043d\u043e\u0441\u0442\u0438!\" \/>\n<meta property=\"og:url\" content=\"https:\/\/xstyle.md\/ro\/produs\/masters-training-speed\/\" \/>\n<meta property=\"og:site_name\" content=\"\u041c\u0430\u0433\u0430\u0437\u0438\u043d Xstyle\" \/>\n<meta property=\"article:publisher\" content=\"https:\/\/www.facebook.com\/xstylemd\" \/>\n<meta property=\"article:modified_time\" content=\"2026-02-25T10:40:09+00:00\" \/>\n<meta property=\"og:image\" content=\"https:\/\/xstyle.md\/wp-content\/uploads\/2020\/07\/masters-training-speed.jpg\" \/>\n\t<meta property=\"og:image:width\" content=\"745\" \/>\n\t<meta property=\"og:image:height\" content=\"938\" \/>\n\t<meta property=\"og:image:type\" content=\"image\/jpeg\" \/>\n<meta name=\"twitter:card\" content=\"summary_large_image\" \/>\n<meta name=\"twitter:label1\" content=\"Pre\u021b\" \/>\n\t<meta name=\"twitter:data1\" content=\"1.290&nbsp;MDL\" \/>\n\t<meta name=\"twitter:label2\" content=\"Disponibilitate\" \/>\n\t<meta name=\"twitter:data2\" content=\"\u00cen stoc\" \/>\n<script type=\"application\/ld+json\" class=\"yoast-schema-graph\">{\"@context\":\"https:\/\/schema.org\",\"@graph\":[{\"@type\":\"WebPage\",\"@id\":\"https:\/\/xstyle.md\/product\/masters-training-speed\/\",\"url\":\"https:\/\/xstyle.md\/product\/masters-training-speed\/\",\"name\":\"\u0421\u043a\u0430\u043d\u0434\u0438\u043d\u0430\u0432\u0441\u043a\u0438\u0435 \u043f\u0430\u043b\u043a\u0438 Masters Training Speed - \u041c\u0430\u0433\u0430\u0437\u0438\u043d Xstyle\",\"isPartOf\":{\"@id\":\"https:\/\/xstyle.md\/#website\"},\"primaryImageOfPage\":{\"@id\":\"https:\/\/xstyle.md\/product\/masters-training-speed\/#primaryimage\"},\"image\":{\"@id\":\"https:\/\/xstyle.md\/product\/masters-training-speed\/#primaryimage\"},\"thumbnailUrl\":\"https:\/\/xstyle.md\/wp-content\/uploads\/2020\/07\/masters-training-speed.jpg\",\"datePublished\":\"2020-07-16T16:53:49+00:00\",\"dateModified\":\"2026-02-25T10:40:09+00:00\",\"description\":\"\u041e\u0442\u043a\u0440\u043e\u0439\u0442\u0435 \u0434\u043b\u044f \u0441\u0435\u0431\u044f \u0441\u043a\u0430\u043d\u0434\u0438\u043d\u0430\u0432\u0441\u043a\u0438\u0435 \u043f\u0430\u043b\u043a\u0438 Masters Training Speed \u0441 \u0441\u0438\u0441\u0442\u0435\u043c\u043e\u0439 \u0431\u043b\u043e\u043a\u0438\u0440\u043e\u0432\u043a\u0438 WING LOCK. \u0418\u0434\u0435\u0430\u043b\u044c\u043d\u044b \u0434\u043b\u044f \u0443\u0434\u043e\u0431\u0441\u0442\u0432\u0430 \u0438 \u043c\u0430\u043a\u0441\u0438\u043c\u0430\u043b\u044c\u043d\u043e\u0439 \u043f\u0440\u043e\u0438\u0437\u0432\u043e\u0434\u0438\u0442\u0435\u043b\u044c\u043d\u043e\u0441\u0442\u0438!\",\"breadcrumb\":{\"@id\":\"https:\/\/xstyle.md\/product\/masters-training-speed\/#breadcrumb\"},\"inLanguage\":\"ro-RO\",\"potentialAction\":[{\"@type\":\"ReadAction\",\"target\":[\"https:\/\/xstyle.md\/product\/masters-training-speed\/\"]}]},{\"@type\":\"ImageObject\",\"inLanguage\":\"ro-RO\",\"@id\":\"https:\/\/xstyle.md\/product\/masters-training-speed\/#primaryimage\",\"url\":\"https:\/\/xstyle.md\/wp-content\/uploads\/2020\/07\/masters-training-speed.jpg\",\"contentUrl\":\"https:\/\/xstyle.md\/wp-content\/uploads\/2020\/07\/masters-training-speed.jpg\",\"width\":745,\"height\":938},{\"@type\":\"BreadcrumbList\",\"@id\":\"https:\/\/xstyle.md\/product\/masters-training-speed\/#breadcrumb\",\"itemListElement\":[{\"@type\":\"ListItem\",\"position\":1,\"name\":\"\u0413\u043b\u0430\u0432\u043d\u0430\u044f \u0441\u0442\u0440\u0430\u043d\u0438\u0446\u0430\",\"item\":\"https:\/\/xstyle.md\/\"},{\"@type\":\"ListItem\",\"position\":2,\"name\":\"\u041c\u0430\u0433\u0430\u0437\u0438\u043d\",\"item\":\"https:\/\/xstyle.md\/shop\/\"},{\"@type\":\"ListItem\",\"position\":3,\"name\":\"\u0421\u043a\u0430\u043d\u0434\u0438\u043d\u0430\u0432\u0441\u043a\u0438\u0435 \u043f\u0430\u043b\u043a\u0438 Masters Training Speed\"}]},{\"@type\":\"WebSite\",\"@id\":\"https:\/\/xstyle.md\/#website\",\"url\":\"https:\/\/xstyle.md\/\",\"name\":\"\u041c\u0430\u0433\u0430\u0437\u0438\u043d Xstyle\",\"description\":\"C\u043d\u0430\u0440\u044f\u0436\u0435\u043d\u0438\u0435 \u0434\u043b\u044f \u0442\u0443\u0440\u0438\u0437\u043c\u0430 \u0438 \u044d\u043a\u0441\u0442\u0440\u0435\u043c\u0430\u043b\u044c\u043d\u044b\u0445 \u0432\u0438\u0434\u043e\u0432 \u0441\u043f\u043e\u0440\u0442\u0430 \u0432 \u041c\u043e\u043b\u0434\u043e\u0432\u0435.. \u0426\u0435\u043d\u044b, \u0444\u043e\u0442\u043e, \u0445\u0430\u0440\u0430\u043a\u0442\u0435\u0440\u0438\u0441\u0442\u0438\u043a\u0438 \u0432 \u041c\u043e\u043b\u0434\u043e\u0432\u0435.\",\"publisher\":{\"@id\":\"https:\/\/xstyle.md\/#organization\"},\"alternateName\":\"X-Style\",\"potentialAction\":[{\"@type\":\"SearchAction\",\"target\":{\"@type\":\"EntryPoint\",\"urlTemplate\":\"https:\/\/xstyle.md\/?s={search_term_string}\"},\"query-input\":{\"@type\":\"PropertyValueSpecification\",\"valueRequired\":true,\"valueName\":\"search_term_string\"}}],\"inLanguage\":\"ro-RO\"},{\"@type\":\"Organization\",\"@id\":\"https:\/\/xstyle.md\/#organization\",\"name\":\"\u041c\u0430\u0433\u0430\u0437\u0438\u043d Xstyle\",\"alternateName\":\"x-style\",\"url\":\"https:\/\/xstyle.md\/\",\"logo\":{\"@type\":\"ImageObject\",\"inLanguage\":\"ro-RO\",\"@id\":\"https:\/\/xstyle.md\/#\/schema\/logo\/image\/\",\"url\":\"https:\/\/xstyle.md\/wp-content\/uploads\/2020\/06\/logoicon.svg\",\"contentUrl\":\"https:\/\/xstyle.md\/wp-content\/uploads\/2020\/06\/logoicon.svg\",\"caption\":\"\u041c\u0430\u0433\u0430\u0437\u0438\u043d Xstyle\"},\"image\":{\"@id\":\"https:\/\/xstyle.md\/#\/schema\/logo\/image\/\"},\"sameAs\":[\"https:\/\/www.facebook.com\/xstylemd\",\"https:\/\/www.instagram.com\/xstyle_md\/\",\"https:\/\/t.me\/xstyle_outdoor\"],\"hasMerchantReturnPolicy\":{\"@type\":\"MerchantReturnPolicy\",\"merchantReturnLink\":\"https:\/\/xstyle.md\/ro\/conditions\/\"}}]}<\/script>\n<meta property=\"product:price:amount\" content=\"1290.00\" \/>\n<meta property=\"product:price:currency\" content=\"MDL\" \/>\n<meta property=\"og:availability\" content=\"instock\" \/>\n<meta property=\"product:availability\" content=\"instock\" \/>\n<meta property=\"product:retailer_item_id\" content=\"8023349000779\" \/>\n<meta property=\"product:condition\" content=\"new\" \/>\n<!-- \/ Yoast SEO plugin. -->","yoast_head_json":{"title":"Be\u021be trekking Masters Training Speed - Magazin Xstyle","description":"Descoperi\u021bi be\u021bele scandinave Masters Training Speed cu sistemul de blocare WING LOCK. Ideale pentru confort \u0219i performan\u021b\u0103 maxim\u0103!","robots":{"index":"index","follow":"follow","max-snippet":"max-snippet:-1","max-image-preview":"max-image-preview:large","max-video-preview":"max-video-preview:-1"},"canonical":"https:\/\/xstyle.md\/ro\/produs\/masters-training-speed\/","og_locale":"ro_RO","og_type":"article","og_title":"\u0421\u043a\u0430\u043d\u0434\u0438\u043d\u0430\u0432\u0441\u043a\u0438\u0435 \u043f\u0430\u043b\u043a\u0438 Masters Training Speed - \u041c\u0430\u0433\u0430\u0437\u0438\u043d Xstyle","og_description":"\u041e\u0442\u043a\u0440\u043e\u0439\u0442\u0435 \u0434\u043b\u044f \u0441\u0435\u0431\u044f \u0441\u043a\u0430\u043d\u0434\u0438\u043d\u0430\u0432\u0441\u043a\u0438\u0435 \u043f\u0430\u043b\u043a\u0438 Masters Training Speed \u0441 \u0441\u0438\u0441\u0442\u0435\u043c\u043e\u0439 \u0431\u043b\u043e\u043a\u0438\u0440\u043e\u0432\u043a\u0438 WING LOCK. \u0418\u0434\u0435\u0430\u043b\u044c\u043d\u044b \u0434\u043b\u044f \u0443\u0434\u043e\u0431\u0441\u0442\u0432\u0430 \u0438 \u043c\u0430\u043a\u0441\u0438\u043c\u0430\u043b\u044c\u043d\u043e\u0439 \u043f\u0440\u043e\u0438\u0437\u0432\u043e\u0434\u0438\u0442\u0435\u043b\u044c\u043d\u043e\u0441\u0442\u0438!","og_url":"https:\/\/xstyle.md\/ro\/produs\/masters-training-speed\/","og_site_name":"\u041c\u0430\u0433\u0430\u0437\u0438\u043d Xstyle","article_publisher":"https:\/\/www.facebook.com\/xstylemd","article_modified_time":"2026-02-25T10:40:09+00:00","og_image":[{"width":745,"height":938,"url":"https:\/\/xstyle.md\/wp-content\/uploads\/2020\/07\/masters-training-speed.jpg","type":"image\/jpeg"}],"twitter_card":"summary_large_image","twitter_misc":{"Pre\u021b":"1.290&nbsp;MDL","Disponibilitate":"\u00cen stoc"},"schema":{"@context":"https:\/\/schema.org","@graph":[{"@type":"WebPage","@id":"https:\/\/xstyle.md\/product\/masters-training-speed\/","url":"https:\/\/xstyle.md\/product\/masters-training-speed\/","name":"Be\u021be trekking Masters Training Speed - Magazin Xstyle","isPartOf":{"@id":"https:\/\/xstyle.md\/#website"},"primaryImageOfPage":{"@id":"https:\/\/xstyle.md\/product\/masters-training-speed\/#primaryimage"},"image":{"@id":"https:\/\/xstyle.md\/product\/masters-training-speed\/#primaryimage"},"thumbnailUrl":"https:\/\/xstyle.md\/wp-content\/uploads\/2020\/07\/masters-training-speed.jpg","datePublished":"2020-07-16T16:53:49+00:00","dateModified":"2026-02-25T10:40:09+00:00","description":"Descoperi\u021bi be\u021bele scandinave Masters Training Speed cu sistemul de blocare WING LOCK. Ideale pentru confort \u0219i performan\u021b\u0103 maxim\u0103!","breadcrumb":{"@id":"https:\/\/xstyle.md\/product\/masters-training-speed\/#breadcrumb"},"inLanguage":"ro-RO","potentialAction":[{"@type":"ReadAction","target":["https:\/\/xstyle.md\/product\/masters-training-speed\/"]}]},{"@type":"ImageObject","inLanguage":"ro-RO","@id":"https:\/\/xstyle.md\/product\/masters-training-speed\/#primaryimage","url":"https:\/\/xstyle.md\/wp-content\/uploads\/2020\/07\/masters-training-speed.jpg","contentUrl":"https:\/\/xstyle.md\/wp-content\/uploads\/2020\/07\/masters-training-speed.jpg","width":745,"height":938},{"@type":"BreadcrumbList","@id":"https:\/\/xstyle.md\/product\/masters-training-speed\/#breadcrumb","itemListElement":[{"@type":"ListItem","position":1,"name":"\u0413\u043b\u0430\u0432\u043d\u0430\u044f \u0441\u0442\u0440\u0430\u043d\u0438\u0446\u0430","item":"https:\/\/xstyle.md\/"},{"@type":"ListItem","position":2,"name":"\u041c\u0430\u0433\u0430\u0437\u0438\u043d","item":"https:\/\/xstyle.md\/shop\/"},{"@type":"ListItem","position":3,"name":"\u0421\u043a\u0430\u043d\u0434\u0438\u043d\u0430\u0432\u0441\u043a\u0438\u0435 \u043f\u0430\u043b\u043a\u0438 Masters Training Speed"}]},{"@type":"WebSite","@id":"https:\/\/xstyle.md\/#website","url":"https:\/\/xstyle.md\/","name":"Magazinul X-Style","description":"Echipamente pentru turism \u0219i sporturi extreme \u00een Moldova. Pre\u021buri, fotografii, caracteristici \u00een Moldova.","publisher":{"@id":"https:\/\/xstyle.md\/#organization"},"alternateName":"X-Style","potentialAction":[{"@type":"SearchAction","target":{"@type":"EntryPoint","urlTemplate":"https:\/\/xstyle.md\/?s={search_term_string}"},"query-input":{"@type":"PropertyValueSpecification","valueRequired":true,"valueName":"search_term_string"}}],"inLanguage":"ro-RO"},{"@type":"Organization","@id":"https:\/\/xstyle.md\/#organization","name":"Magazinul X-Style","alternateName":"x-style","url":"https:\/\/xstyle.md\/","logo":{"@type":"ImageObject","inLanguage":"ro-RO","@id":"https:\/\/xstyle.md\/#\/schema\/logo\/image\/","url":"https:\/\/xstyle.md\/wp-content\/uploads\/2020\/06\/logoicon.svg","contentUrl":"https:\/\/xstyle.md\/wp-content\/uploads\/2020\/06\/logoicon.svg","caption":"\u041c\u0430\u0433\u0430\u0437\u0438\u043d Xstyle"},"image":{"@id":"https:\/\/xstyle.md\/#\/schema\/logo\/image\/"},"sameAs":["https:\/\/www.facebook.com\/xstylemd","https:\/\/www.instagram.com\/xstyle_md\/","https:\/\/t.me\/xstyle_outdoor"],"hasMerchantReturnPolicy":{"@type":"MerchantReturnPolicy","merchantReturnLink":"https:\/\/xstyle.md\/ro\/conditions\/"}}]},"product_price_amount":"1290.00","product_price_currency":"MDL","og_availability":"instock","product_availability":"instock","product_retailer_item_id":"8023349000779","product_condition":"new"},"post_mailing_queue_ids":[],"_links":{"self":[{"href":"https:\/\/xstyle.md\/ro\/wp-json\/wp\/v2\/product\/4497","targetHints":{"allow":["GET"]}}],"collection":[{"href":"https:\/\/xstyle.md\/ro\/wp-json\/wp\/v2\/product"}],"about":[{"href":"https:\/\/xstyle.md\/ro\/wp-json\/wp\/v2\/types\/product"}],"replies":[{"embeddable":true,"href":"https:\/\/xstyle.md\/ro\/wp-json\/wp\/v2\/comments?post=4497"}],"wp:featuredmedia":[{"embeddable":true,"href":"https:\/\/xstyle.md\/ro\/wp-json\/wp\/v2\/media\/4490"}],"wp:attachment":[{"href":"https:\/\/xstyle.md\/ro\/wp-json\/wp\/v2\/media?parent=4497"}],"wp:term":[{"taxonomy":"product_brand","embeddable":true,"href":"https:\/\/xstyle.md\/ro\/wp-json\/wp\/v2\/product_brand?post=4497"},{"taxonomy":"product_cat","embeddable":true,"href":"https:\/\/xstyle.md\/ro\/wp-json\/wp\/v2\/product_cat?post=4497"},{"taxonomy":"product_tag","embeddable":true,"href":"https:\/\/xstyle.md\/ro\/wp-json\/wp\/v2\/product_tag?post=4497"}],"curies":[{"name":"wp","href":"https:\/\/api.w.org\/{rel}","templated":true}]}}