{"id":44719,"date":"2022-01-21T10:39:59","date_gmt":"2022-01-21T07:39:59","guid":{"rendered":"https:\/\/xstyle.md\/?post_type=product&#038;p=44719"},"modified":"2025-11-05T18:29:59","modified_gmt":"2025-11-05T15:29:59","slug":"trekkingovye-palki-tsl-hiking-c3-cross","status":"publish","type":"product","link":"https:\/\/xstyle.md\/ro\/produs\/trekkingovye-palki-tsl-hiking-c3-cross\/","title":{"rendered":"Be\u021be de trekking TSL Hiking C3 Cross"},"content":{"rendered":"<\/p>\n<p><strong>TSL Hiking C3 Cross<\/strong> &#8212; be\u021be de trekking foarte u\u0219oare, cu trei sec\u021biuni, din fibr\u0103 de carbon. Lungimea be\u021belor de trekking este fixat\u0103 prin sistemul External Lock, iar v\u00e2rfurile din tungsten asigur\u0103 o aderen\u021b\u0103 foarte bun\u0103 pe teren.<\/p>\n<h3>Particularit\u0103\u021bi<\/h3>\n<ul>\n<li>M\u00e2ner lung din spum\u0103 EVA pentru mersul la vale<\/li>\n<li>Wt Sistem de curele magnetice<\/li>\n<li>Sistem de \u00eenchidere extern<\/li>\n<li>V\u00e2rf de tungsten<\/li>\n<\/ul>\n<h3>Caracteristici<\/h3>\n<ul>\n<li>Material &#8212; carbon<\/li>\n<li>Num\u0103r de sec\u021biuni &#8212; 3<\/li>\n<li>Sistem de reglare &#8212; sistem de blocare extern<\/li>\n<li>Scop &#8212; trekking, freeride<\/li>\n<li>\u00cen set &#8212; 2 buc\u0103\u021bi<\/li>\n<\/ul>\n<h3>Tehnologie<\/h3>\n<ul>\n<li><strong>External Lock System<\/strong> \u2013 tehnologie de reglare extern\u0103 care asigur\u0103 o stabilitate excelent\u0103 \u00een toate condi\u021biile meteorologice, precum \u0219i o str\u00e2ngere rapid\u0103 \u0219i fiabil\u0103.<\/li>\n<li><strong>WT Magnetic Strap System<\/strong> \u2013 sistem magnetic pentru fixarea curelei de \u00eencheietura m\u00e2inii pe m\u00e2nerul propriu-zis. Cureaua se blocheaz\u0103 \u00een siguran\u021b\u0103 \u0219i nu va aluneca din m\u00e2inile dumneavoastr\u0103. Se deta\u0219eaz\u0103 rapid cu o simpl\u0103 ap\u0103sare de buton.<\/li>\n<li><strong>Twist System<\/strong> &#8212; sistemul de rota\u021bie este utilizat pentru schimbarea co\u0219urilor.<\/li>\n<\/ul>\n<h3>Marca<\/h3>\n<p>TSL este un brand de origine francez\u0103 de renume mondial \u00een domeniul produc\u021biei de rachete de z\u0103pad\u0103, ale c\u0103rui produse sunt foarte solicitate de mai bine de 35 de ani, care \u0219i-a \u00eenceput istoria modern\u0103 \u00een 1986.<\/p>\n<p>Ast\u0103zi, TSL Sport Equipment este una dintre pu\u021binele companii specializate \u00een principal \u00een produc\u021bia de snowshoes, care reprezint\u0103 cea mai mare parte a cifrei de afaceri a companiei. Cu toate acestea, pe l\u00e2ng\u0103 snowshoes, TSL produce lumini LED de calitate, rucsacuri, pantofi, be\u021be de trekking.<\/p>\n<p><\/p>","protected":false},"excerpt":{"rendered":"","protected":false},"featured_media":46422,"comment_status":"open","ping_status":"closed","template":"","meta":{"_acf_changed":false,"inline_featured_image":false},"product_brand":[1308],"product_cat":[414],"product_tag":[],"class_list":{"0":"post-44719","1":"product","2":"type-product","3":"status-publish","4":"has-post-thumbnail","6":"product_brand-tsl","7":"product_cat-stalpi-de-trekking","9":"first","10":"instock","11":"shipping-taxable","12":"purchasable","13":"product-type-simple"},"acf":[],"yoast_head":"<!-- This site is optimized with the Yoast SEO plugin v27.2 - https:\/\/yoast.com\/product\/yoast-seo-wordpress\/ -->\n<title>\u0422\u0440\u0435\u043a\u043a\u0438\u043d\u0433\u043e\u0432\u044b\u0435 \u043f\u0430\u043b\u043a\u0438 TSL Hiking C3 Cross - \u041c\u0430\u0433\u0430\u0437\u0438\u043d Xstyle<\/title>\n<meta name=\"description\" content=\"\u0422\u0440\u0435\u043a\u043a\u0438\u043d\u0433\u043e\u0432\u044b\u0435 \u043f\u0430\u043b\u043a\u0438 TSL Hiking C3 Cross \u2013 \u043b\u0435\u0433\u043a\u0438\u0435, \u0441 \u0441\u0438\u0441\u0442\u0435\u043c\u043e\u0439 \u0432\u043d\u0435\u0448\u043d\u0435\u0439 \u0431\u043b\u043e\u043a\u0438\u0440\u043e\u0432\u043a\u0438 \u0438 \u0432\u043e\u043b\u044c\u0444\u0440\u0430\u043c\u043e\u0432\u044b\u043c\u0438\u5c16\u5c16\u0447\u0438\u043a\u0430\u043c\u0438 \u0434\u043b\u044f \u043e\u0442\u043b\u0438\u0447\u043d\u043e\u0433\u043e \u0441\u0446\u0435\u043f\u043b\u0435\u043d\u0438\u044f \u043d\u0430 \u043b\u044e\u0431\u044b\u0445 \u043f\u043e\u0432\u0435\u0440\u0445\u043d\u043e\u0441\u0442\u044f\u0445.\" \/>\n<meta name=\"robots\" content=\"index, follow, max-snippet:-1, max-image-preview:large, max-video-preview:-1\" \/>\n<link rel=\"canonical\" href=\"https:\/\/xstyle.md\/ro\/produs\/trekkingovye-palki-tsl-hiking-c3-cross\/\" \/>\n<meta property=\"og:locale\" content=\"ro_RO\" \/>\n<meta property=\"og:type\" content=\"article\" \/>\n<meta property=\"og:title\" content=\"\u0422\u0440\u0435\u043a\u043a\u0438\u043d\u0433\u043e\u0432\u044b\u0435 \u043f\u0430\u043b\u043a\u0438 TSL Hiking C3 Cross - \u041c\u0430\u0433\u0430\u0437\u0438\u043d Xstyle\" \/>\n<meta property=\"og:description\" content=\"\u0422\u0440\u0435\u043a\u043a\u0438\u043d\u0433\u043e\u0432\u044b\u0435 \u043f\u0430\u043b\u043a\u0438 TSL Hiking C3 Cross \u2013 \u043b\u0435\u0433\u043a\u0438\u0435, \u0441 \u0441\u0438\u0441\u0442\u0435\u043c\u043e\u0439 \u0432\u043d\u0435\u0448\u043d\u0435\u0439 \u0431\u043b\u043e\u043a\u0438\u0440\u043e\u0432\u043a\u0438 \u0438 \u0432\u043e\u043b\u044c\u0444\u0440\u0430\u043c\u043e\u0432\u044b\u043c\u0438\u5c16\u5c16\u0447\u0438\u043a\u0430\u043c\u0438 \u0434\u043b\u044f \u043e\u0442\u043b\u0438\u0447\u043d\u043e\u0433\u043e \u0441\u0446\u0435\u043f\u043b\u0435\u043d\u0438\u044f \u043d\u0430 \u043b\u044e\u0431\u044b\u0445 \u043f\u043e\u0432\u0435\u0440\u0445\u043d\u043e\u0441\u0442\u044f\u0445.\" \/>\n<meta property=\"og:url\" content=\"https:\/\/xstyle.md\/ro\/produs\/trekkingovye-palki-tsl-hiking-c3-cross\/\" \/>\n<meta property=\"og:site_name\" content=\"\u041c\u0430\u0433\u0430\u0437\u0438\u043d Xstyle\" \/>\n<meta property=\"article:publisher\" content=\"https:\/\/www.facebook.com\/xstylemd\" \/>\n<meta property=\"article:modified_time\" content=\"2025-11-05T15:29:59+00:00\" \/>\n<meta property=\"og:image\" content=\"https:\/\/xstyle.md\/wp-content\/uploads\/2022\/01\/tsl-hiking-c3-cross-scaled.jpg\" \/>\n\t<meta property=\"og:image:width\" content=\"1626\" \/>\n\t<meta property=\"og:image:height\" content=\"2560\" \/>\n\t<meta property=\"og:image:type\" content=\"image\/jpeg\" \/>\n<meta name=\"twitter:card\" content=\"summary_large_image\" \/>\n<meta name=\"twitter:label1\" content=\"Pre\u021b\" \/>\n\t<meta name=\"twitter:data1\" content=\"1.790&nbsp;MDL\" \/>\n\t<meta name=\"twitter:label2\" content=\"Disponibilitate\" \/>\n\t<meta name=\"twitter:data2\" content=\"\u00cen stoc\" \/>\n<script type=\"application\/ld+json\" class=\"yoast-schema-graph\">{\"@context\":\"https:\/\/schema.org\",\"@graph\":[{\"@type\":\"WebPage\",\"@id\":\"https:\/\/xstyle.md\/product\/trekkingovye-palki-tsl-hiking-c3-cross\/\",\"url\":\"https:\/\/xstyle.md\/product\/trekkingovye-palki-tsl-hiking-c3-cross\/\",\"name\":\"\u0422\u0440\u0435\u043a\u043a\u0438\u043d\u0433\u043e\u0432\u044b\u0435 \u043f\u0430\u043b\u043a\u0438 TSL Hiking C3 Cross - \u041c\u0430\u0433\u0430\u0437\u0438\u043d Xstyle\",\"isPartOf\":{\"@id\":\"https:\/\/xstyle.md\/#website\"},\"primaryImageOfPage\":{\"@id\":\"https:\/\/xstyle.md\/product\/trekkingovye-palki-tsl-hiking-c3-cross\/#primaryimage\"},\"image\":{\"@id\":\"https:\/\/xstyle.md\/product\/trekkingovye-palki-tsl-hiking-c3-cross\/#primaryimage\"},\"thumbnailUrl\":\"https:\/\/xstyle.md\/wp-content\/uploads\/2022\/01\/tsl-hiking-c3-cross-scaled.jpg\",\"datePublished\":\"2022-01-21T07:39:59+00:00\",\"dateModified\":\"2025-11-05T15:29:59+00:00\",\"description\":\"\u0422\u0440\u0435\u043a\u043a\u0438\u043d\u0433\u043e\u0432\u044b\u0435 \u043f\u0430\u043b\u043a\u0438 TSL Hiking C3 Cross \u2013 \u043b\u0435\u0433\u043a\u0438\u0435, \u0441 \u0441\u0438\u0441\u0442\u0435\u043c\u043e\u0439 \u0432\u043d\u0435\u0448\u043d\u0435\u0439 \u0431\u043b\u043e\u043a\u0438\u0440\u043e\u0432\u043a\u0438 \u0438 \u0432\u043e\u043b\u044c\u0444\u0440\u0430\u043c\u043e\u0432\u044b\u043c\u0438\u5c16\u5c16\u0447\u0438\u043a\u0430\u043c\u0438 \u0434\u043b\u044f \u043e\u0442\u043b\u0438\u0447\u043d\u043e\u0433\u043e \u0441\u0446\u0435\u043f\u043b\u0435\u043d\u0438\u044f \u043d\u0430 \u043b\u044e\u0431\u044b\u0445 \u043f\u043e\u0432\u0435\u0440\u0445\u043d\u043e\u0441\u0442\u044f\u0445.\",\"breadcrumb\":{\"@id\":\"https:\/\/xstyle.md\/product\/trekkingovye-palki-tsl-hiking-c3-cross\/#breadcrumb\"},\"inLanguage\":\"ro-RO\",\"potentialAction\":[{\"@type\":\"ReadAction\",\"target\":[\"https:\/\/xstyle.md\/product\/trekkingovye-palki-tsl-hiking-c3-cross\/\"]}]},{\"@type\":\"ImageObject\",\"inLanguage\":\"ro-RO\",\"@id\":\"https:\/\/xstyle.md\/product\/trekkingovye-palki-tsl-hiking-c3-cross\/#primaryimage\",\"url\":\"https:\/\/xstyle.md\/wp-content\/uploads\/2022\/01\/tsl-hiking-c3-cross-scaled.jpg\",\"contentUrl\":\"https:\/\/xstyle.md\/wp-content\/uploads\/2022\/01\/tsl-hiking-c3-cross-scaled.jpg\",\"width\":1220,\"height\":1920,\"caption\":\"\u0422\u0440\u0435\u043a\u043a\u0438\u043d\u0433\u043e\u0432\u044b\u0435 \u043f\u0430\u043b\u043a\u0438 TSL Hiking C3 Cross \u0434\u043b\u044f \u0442\u0443\u0440\u0438\u0441\u0442\u043e\u0432 \u0438 \u0430\u043b\u044c\u043f\u0438\u043d\u0438\u0441\u0442\u043e\u0432, \u043e\u0431\u043e\u0440\u0443\u0434\u043e\u0432\u0430\u043d\u0438\u0435 \u0434\u043b\u044f \u0430\u043a\u0442\u0438\u0432\u043d\u043e\u0433\u043e \u043e\u0442\u0434\u044b\u0445\u0430, \u043f\u043e\u0445\u043e\u0434\u043e\u0432 \u0438 \u043f\u0443\u0442\u0435\u0448\u0435\u0441\u0442\u0432\u0438\u0439 \u0432 \u0438\u043d\u0442\u0435\u0440\u043d\u0435\u0442-\u043c\u0430\u0433\u0430\u0437\u0438\u043d\u0435 \u044d\u043a\u0438\u043f\u0438\u0440\u043e\u0432\u043a\u0438 \u0434\u043b\u044f \u0430\u043a\u0442\u0438\u0432\u043d\u043e\u0439 \u0436\u0438\u0437\u043d\u0438\"},{\"@type\":\"BreadcrumbList\",\"@id\":\"https:\/\/xstyle.md\/product\/trekkingovye-palki-tsl-hiking-c3-cross\/#breadcrumb\",\"itemListElement\":[{\"@type\":\"ListItem\",\"position\":1,\"name\":\"\u0413\u043b\u0430\u0432\u043d\u0430\u044f \u0441\u0442\u0440\u0430\u043d\u0438\u0446\u0430\",\"item\":\"https:\/\/xstyle.md\/\"},{\"@type\":\"ListItem\",\"position\":2,\"name\":\"\u041c\u0430\u0433\u0430\u0437\u0438\u043d\",\"item\":\"https:\/\/xstyle.md\/shop\/\"},{\"@type\":\"ListItem\",\"position\":3,\"name\":\"\u0422\u0440\u0435\u043a\u043a\u0438\u043d\u0433\u043e\u0432\u044b\u0435 \u043f\u0430\u043b\u043a\u0438 TSL Hiking C3 Cross\"}]},{\"@type\":\"WebSite\",\"@id\":\"https:\/\/xstyle.md\/#website\",\"url\":\"https:\/\/xstyle.md\/\",\"name\":\"\u041c\u0430\u0433\u0430\u0437\u0438\u043d Xstyle\",\"description\":\"C\u043d\u0430\u0440\u044f\u0436\u0435\u043d\u0438\u0435 \u0434\u043b\u044f \u0442\u0443\u0440\u0438\u0437\u043c\u0430 \u0438 \u044d\u043a\u0441\u0442\u0440\u0435\u043c\u0430\u043b\u044c\u043d\u044b\u0445 \u0432\u0438\u0434\u043e\u0432 \u0441\u043f\u043e\u0440\u0442\u0430 \u0432 \u041c\u043e\u043b\u0434\u043e\u0432\u0435.. \u0426\u0435\u043d\u044b, \u0444\u043e\u0442\u043e, \u0445\u0430\u0440\u0430\u043a\u0442\u0435\u0440\u0438\u0441\u0442\u0438\u043a\u0438 \u0432 \u041c\u043e\u043b\u0434\u043e\u0432\u0435.\",\"publisher\":{\"@id\":\"https:\/\/xstyle.md\/#organization\"},\"alternateName\":\"X-Style\",\"potentialAction\":[{\"@type\":\"SearchAction\",\"target\":{\"@type\":\"EntryPoint\",\"urlTemplate\":\"https:\/\/xstyle.md\/?s={search_term_string}\"},\"query-input\":{\"@type\":\"PropertyValueSpecification\",\"valueRequired\":true,\"valueName\":\"search_term_string\"}}],\"inLanguage\":\"ro-RO\"},{\"@type\":\"Organization\",\"@id\":\"https:\/\/xstyle.md\/#organization\",\"name\":\"\u041c\u0430\u0433\u0430\u0437\u0438\u043d Xstyle\",\"alternateName\":\"x-style\",\"url\":\"https:\/\/xstyle.md\/\",\"logo\":{\"@type\":\"ImageObject\",\"inLanguage\":\"ro-RO\",\"@id\":\"https:\/\/xstyle.md\/#\/schema\/logo\/image\/\",\"url\":\"https:\/\/xstyle.md\/wp-content\/uploads\/2020\/06\/logoicon.svg\",\"contentUrl\":\"https:\/\/xstyle.md\/wp-content\/uploads\/2020\/06\/logoicon.svg\",\"caption\":\"\u041c\u0430\u0433\u0430\u0437\u0438\u043d Xstyle\"},\"image\":{\"@id\":\"https:\/\/xstyle.md\/#\/schema\/logo\/image\/\"},\"sameAs\":[\"https:\/\/www.facebook.com\/xstylemd\",\"https:\/\/www.instagram.com\/xstyle_md\/\",\"https:\/\/t.me\/xstyle_outdoor\"],\"hasMerchantReturnPolicy\":{\"@type\":\"MerchantReturnPolicy\",\"merchantReturnLink\":\"https:\/\/xstyle.md\/ro\/conditions\/\"}}]}<\/script>\n<meta property=\"product:price:amount\" content=\"1790.00\" \/>\n<meta property=\"product:price:currency\" content=\"MDL\" \/>\n<meta property=\"og:availability\" content=\"instock\" \/>\n<meta property=\"product:availability\" content=\"instock\" \/>\n<meta property=\"product:retailer_item_id\" content=\"3436500813913\" \/>\n<meta property=\"product:condition\" content=\"new\" \/>\n<!-- \/ Yoast SEO plugin. -->","yoast_head_json":{"title":"Be\u021be de trekking TSL Hiking C3 Cross - Magazin Xstyle","description":"Be\u021be de trekking TSL Hiking C3 Cross \u2013 u\u0219oare, cu sistem de blocare exterioar\u0103 \u0219i cu v\u00e2rfuri din tungsten pentru o aderen\u021b\u0103 excelent\u0103 pe orice suprafa\u021b\u0103.","robots":{"index":"index","follow":"follow","max-snippet":"max-snippet:-1","max-image-preview":"max-image-preview:large","max-video-preview":"max-video-preview:-1"},"canonical":"https:\/\/xstyle.md\/ro\/produs\/trekkingovye-palki-tsl-hiking-c3-cross\/","og_locale":"ro_RO","og_type":"article","og_title":"\u0422\u0440\u0435\u043a\u043a\u0438\u043d\u0433\u043e\u0432\u044b\u0435 \u043f\u0430\u043b\u043a\u0438 TSL Hiking C3 Cross - \u041c\u0430\u0433\u0430\u0437\u0438\u043d Xstyle","og_description":"\u0422\u0440\u0435\u043a\u043a\u0438\u043d\u0433\u043e\u0432\u044b\u0435 \u043f\u0430\u043b\u043a\u0438 TSL Hiking C3 Cross \u2013 \u043b\u0435\u0433\u043a\u0438\u0435, \u0441 \u0441\u0438\u0441\u0442\u0435\u043c\u043e\u0439 \u0432\u043d\u0435\u0448\u043d\u0435\u0439 \u0431\u043b\u043e\u043a\u0438\u0440\u043e\u0432\u043a\u0438 \u0438 \u0432\u043e\u043b\u044c\u0444\u0440\u0430\u043c\u043e\u0432\u044b\u043c\u0438\u5c16\u5c16\u0447\u0438\u043a\u0430\u043c\u0438 \u0434\u043b\u044f \u043e\u0442\u043b\u0438\u0447\u043d\u043e\u0433\u043e \u0441\u0446\u0435\u043f\u043b\u0435\u043d\u0438\u044f \u043d\u0430 \u043b\u044e\u0431\u044b\u0445 \u043f\u043e\u0432\u0435\u0440\u0445\u043d\u043e\u0441\u0442\u044f\u0445.","og_url":"https:\/\/xstyle.md\/ro\/produs\/trekkingovye-palki-tsl-hiking-c3-cross\/","og_site_name":"\u041c\u0430\u0433\u0430\u0437\u0438\u043d Xstyle","article_publisher":"https:\/\/www.facebook.com\/xstylemd","article_modified_time":"2025-11-05T15:29:59+00:00","og_image":[{"width":1626,"height":2560,"url":"https:\/\/xstyle.md\/wp-content\/uploads\/2022\/01\/tsl-hiking-c3-cross-scaled.jpg","type":"image\/jpeg"}],"twitter_card":"summary_large_image","twitter_misc":{"Pre\u021b":"1.790&nbsp;MDL","Disponibilitate":"\u00cen stoc"},"schema":{"@context":"https:\/\/schema.org","@graph":[{"@type":"WebPage","@id":"https:\/\/xstyle.md\/product\/trekkingovye-palki-tsl-hiking-c3-cross\/","url":"https:\/\/xstyle.md\/product\/trekkingovye-palki-tsl-hiking-c3-cross\/","name":"Be\u021be de trekking TSL Hiking C3 Cross - Magazin Xstyle","isPartOf":{"@id":"https:\/\/xstyle.md\/#website"},"primaryImageOfPage":{"@id":"https:\/\/xstyle.md\/product\/trekkingovye-palki-tsl-hiking-c3-cross\/#primaryimage"},"image":{"@id":"https:\/\/xstyle.md\/product\/trekkingovye-palki-tsl-hiking-c3-cross\/#primaryimage"},"thumbnailUrl":"https:\/\/xstyle.md\/wp-content\/uploads\/2022\/01\/tsl-hiking-c3-cross-scaled.jpg","datePublished":"2022-01-21T07:39:59+00:00","dateModified":"2025-11-05T15:29:59+00:00","description":"Be\u021be de trekking TSL Hiking C3 Cross \u2013 u\u0219oare, cu sistem de blocare exterioar\u0103 \u0219i cu v\u00e2rfuri din tungsten pentru o aderen\u021b\u0103 excelent\u0103 pe orice suprafa\u021b\u0103.","breadcrumb":{"@id":"https:\/\/xstyle.md\/product\/trekkingovye-palki-tsl-hiking-c3-cross\/#breadcrumb"},"inLanguage":"ro-RO","potentialAction":[{"@type":"ReadAction","target":["https:\/\/xstyle.md\/product\/trekkingovye-palki-tsl-hiking-c3-cross\/"]}]},{"@type":"ImageObject","inLanguage":"ro-RO","@id":"https:\/\/xstyle.md\/product\/trekkingovye-palki-tsl-hiking-c3-cross\/#primaryimage","url":"https:\/\/xstyle.md\/wp-content\/uploads\/2022\/01\/tsl-hiking-c3-cross-scaled.jpg","contentUrl":"https:\/\/xstyle.md\/wp-content\/uploads\/2022\/01\/tsl-hiking-c3-cross-scaled.jpg","width":1220,"height":1920,"caption":"\u0422\u0440\u0435\u043a\u043a\u0438\u043d\u0433\u043e\u0432\u044b\u0435 \u043f\u0430\u043b\u043a\u0438 TSL Hiking C3 Cross \u0434\u043b\u044f \u0442\u0443\u0440\u0438\u0441\u0442\u043e\u0432 \u0438 \u0430\u043b\u044c\u043f\u0438\u043d\u0438\u0441\u0442\u043e\u0432, \u043e\u0431\u043e\u0440\u0443\u0434\u043e\u0432\u0430\u043d\u0438\u0435 \u0434\u043b\u044f \u0430\u043a\u0442\u0438\u0432\u043d\u043e\u0433\u043e \u043e\u0442\u0434\u044b\u0445\u0430, \u043f\u043e\u0445\u043e\u0434\u043e\u0432 \u0438 \u043f\u0443\u0442\u0435\u0448\u0435\u0441\u0442\u0432\u0438\u0439 \u0432 \u0438\u043d\u0442\u0435\u0440\u043d\u0435\u0442-\u043c\u0430\u0433\u0430\u0437\u0438\u043d\u0435 \u044d\u043a\u0438\u043f\u0438\u0440\u043e\u0432\u043a\u0438 \u0434\u043b\u044f \u0430\u043a\u0442\u0438\u0432\u043d\u043e\u0439 \u0436\u0438\u0437\u043d\u0438"},{"@type":"BreadcrumbList","@id":"https:\/\/xstyle.md\/product\/trekkingovye-palki-tsl-hiking-c3-cross\/#breadcrumb","itemListElement":[{"@type":"ListItem","position":1,"name":"\u0413\u043b\u0430\u0432\u043d\u0430\u044f \u0441\u0442\u0440\u0430\u043d\u0438\u0446\u0430","item":"https:\/\/xstyle.md\/"},{"@type":"ListItem","position":2,"name":"\u041c\u0430\u0433\u0430\u0437\u0438\u043d","item":"https:\/\/xstyle.md\/shop\/"},{"@type":"ListItem","position":3,"name":"\u0422\u0440\u0435\u043a\u043a\u0438\u043d\u0433\u043e\u0432\u044b\u0435 \u043f\u0430\u043b\u043a\u0438 TSL Hiking C3 Cross"}]},{"@type":"WebSite","@id":"https:\/\/xstyle.md\/#website","url":"https:\/\/xstyle.md\/","name":"Magazinul X-Style","description":"Echipamente pentru turism \u0219i sporturi extreme \u00een Moldova. Pre\u021buri, fotografii, caracteristici \u00een Moldova.","publisher":{"@id":"https:\/\/xstyle.md\/#organization"},"alternateName":"X-Style","potentialAction":[{"@type":"SearchAction","target":{"@type":"EntryPoint","urlTemplate":"https:\/\/xstyle.md\/?s={search_term_string}"},"query-input":{"@type":"PropertyValueSpecification","valueRequired":true,"valueName":"search_term_string"}}],"inLanguage":"ro-RO"},{"@type":"Organization","@id":"https:\/\/xstyle.md\/#organization","name":"Magazinul X-Style","alternateName":"x-style","url":"https:\/\/xstyle.md\/","logo":{"@type":"ImageObject","inLanguage":"ro-RO","@id":"https:\/\/xstyle.md\/#\/schema\/logo\/image\/","url":"https:\/\/xstyle.md\/wp-content\/uploads\/2020\/06\/logoicon.svg","contentUrl":"https:\/\/xstyle.md\/wp-content\/uploads\/2020\/06\/logoicon.svg","caption":"\u041c\u0430\u0433\u0430\u0437\u0438\u043d Xstyle"},"image":{"@id":"https:\/\/xstyle.md\/#\/schema\/logo\/image\/"},"sameAs":["https:\/\/www.facebook.com\/xstylemd","https:\/\/www.instagram.com\/xstyle_md\/","https:\/\/t.me\/xstyle_outdoor"],"hasMerchantReturnPolicy":{"@type":"MerchantReturnPolicy","merchantReturnLink":"https:\/\/xstyle.md\/ro\/conditions\/"}}]},"product_price_amount":"1790.00","product_price_currency":"MDL","og_availability":"instock","product_availability":"instock","product_retailer_item_id":"3436500813913","product_condition":"new"},"post_mailing_queue_ids":[],"_links":{"self":[{"href":"https:\/\/xstyle.md\/ro\/wp-json\/wp\/v2\/product\/44719","targetHints":{"allow":["GET"]}}],"collection":[{"href":"https:\/\/xstyle.md\/ro\/wp-json\/wp\/v2\/product"}],"about":[{"href":"https:\/\/xstyle.md\/ro\/wp-json\/wp\/v2\/types\/product"}],"replies":[{"embeddable":true,"href":"https:\/\/xstyle.md\/ro\/wp-json\/wp\/v2\/comments?post=44719"}],"wp:featuredmedia":[{"embeddable":true,"href":"https:\/\/xstyle.md\/ro\/wp-json\/wp\/v2\/media\/46422"}],"wp:attachment":[{"href":"https:\/\/xstyle.md\/ro\/wp-json\/wp\/v2\/media?parent=44719"}],"wp:term":[{"taxonomy":"product_brand","embeddable":true,"href":"https:\/\/xstyle.md\/ro\/wp-json\/wp\/v2\/product_brand?post=44719"},{"taxonomy":"product_cat","embeddable":true,"href":"https:\/\/xstyle.md\/ro\/wp-json\/wp\/v2\/product_cat?post=44719"},{"taxonomy":"product_tag","embeddable":true,"href":"https:\/\/xstyle.md\/ro\/wp-json\/wp\/v2\/product_tag?post=44719"}],"curies":[{"name":"wp","href":"https:\/\/api.w.org\/{rel}","templated":true}]}}