{"id":4469,"date":"2020-07-16T19:52:01","date_gmt":"2020-07-16T16:52:01","guid":{"rendered":"https:\/\/xstyle.md\/product\/trekkingovye-palki-masters-physique-0-1"},"modified":"2025-10-24T12:49:51","modified_gmt":"2025-10-24T09:49:51","slug":"masters-physique-0-1","status":"publish","type":"product","link":"https:\/\/xstyle.md\/ro\/produs\/masters-physique-0-1\/","title":{"rendered":"Be\u021be de Nordic Walking Masters Physique 0,1"},"content":{"rendered":"<\/p>\n<p><strong>Be\u021bele pentru mersul nordic Masters Physique 0,1<\/strong> \u2013 care o constituie o construc\u021bie format\u0103 dintr-o sec\u021biune,create de c\u0103tre marca italian\u0103 Masters of the Nordic walking series, care includ fibr\u0103 de carbon (10%), sunt ideali pentru pasiona\u021bii activi, puternici pentru mersul nordic de \u00eenalt\u0103 calitate, precum \u0219i pentru sportivi profesioni\u0219ti pentru antrenamente regulate.<\/p>\n<p>Lejeritatea \u0219i rezisten\u021ba, ob\u021binute prin utilizarea celei mai noi tehnologii \u00een producerea fibrei de carbon, v\u0103 vor permite s\u0103 v\u0103 sim\u021bi\u021bi \u00eencrez\u0103tori \u00een orice mediu de preg\u0103tire.<\/p>\n<p>Acoperirea cu vopsea de multe straturi pentru a p\u0103stra aspectul \u00een caz de c\u0103dere accidental\u0103 a be\u021belor sau condi\u021biile \u00een care be\u021bele pot fi zg\u00e2r\u00e2iate sau dup\u0103 un antrenament intens pe un teren accidentat.<\/p>\n<p>M\u00e2nerul din spum\u0103 Essenza Click Grip EVA este confec\u021bionat dintr-un material moale, ergonomic \u0219i pl\u0103cut pentru piele. Dezvoltat pe baza experien\u021bei Asocia\u021biei Italiene Nordic Walking ANI. M\u00e2nerele sunt concepute special pentru exerci\u021bii ale m\u00e2inilor \u0219i \u00eencheieturilor \u00een timpul mersului nordic (f\u0103r\u0103 proeminen\u021be \u0219i opriri). M\u0103nu\u0219ile de la \u00eencheietura m\u00e2inii sunt respirabile \u0219i reglabile, ceea ce v\u0103 permite s\u0103 le \u00eencadra\u021bi confortabil pe m\u00e2n\u0103. Este ata\u0219at cu un singur clic la m\u00e2nerul b\u0103\u021bului.<\/p>\n<p>Detaliile reflectorizante de pe fiecare m\u0103nu\u0219\u0103 v\u0103 permit s\u0103 cre\u0219te\u021bi siguran\u021ba mersului nordic seara.<br \/>\nFiecare m\u0103nu\u0219\u0103 este marcat\u0103 cu L (st\u00e2nga) \u0219i R (dreapta), ceea ce simplific\u0103 determinarea b\u0103\u021bului st\u00e2ng \u0219i drept.<\/p>\n<p>Be\u021bele au un v\u00e2rf din aliaj de Carbide cu un design special, cu o rezisten\u021b\u0103 crescut\u0103 la uzur\u0103 pentru un nivel ridicat de aderen\u021b\u0103 la orice suprafa\u021b\u0103 din teren accidentat.<\/p>\n<h3>Specificatii<\/h3>\n<ul>\n<li>V\u00e2rful \u00een form\u0103 de \u201eghear\u0103\u201d amplasat la un unghi de 45 de grade \u00een raport cu direc\u021bia de mers, asigur\u0103 o cuplare maxim\u0103 cu orice fel de teren.<\/li>\n<li>V\u00e2rful este potrivit pentru mersul pe suprafe\u021be moi precum sol, iarb\u0103 sau nisip.<\/li>\n<li>Fabricat din 10% fibr\u0103 de carbon cu structur\u0103 HM (High Modulus) \u0219i diametru de 16 mm<\/li>\n<li>Vine cu suport NW cu v\u00e2rf de o\u021bel.<\/li>\n<li>Greutate u\u0219oar\u0103, care faciliteaz\u0103 foarte mult procesul de transport<\/li>\n<li>Distribu\u021bie optim\u0103 a sarcinii la mers<\/li>\n<\/ul>\n<h3>Caracteristici<\/h3>\n<ul>\n<li>Greutatea perechii de be\u021be &#8212; 314 gr<\/li>\n<li>Diametru: 16mm<\/li>\n<li>Material &#8212; 10% fibr\u0103 de carbon<\/li>\n<li>M\u00e2ner &#8212; plastic<\/li>\n<li>M\u0103nu\u0219\u0103 &#8212; deta\u0219abil\u0103<\/li>\n<li>V\u00e2rful- aliaj din Carbide<\/li>\n<\/ul>\n<h3>Setul Include<\/h3>\n<ul>\n<li>Be\u021be pentru mers scandinav- o pereche<\/li>\n<li>V\u00e2rful din aliaj- o pereche<\/li>\n<li>M\u0103nu\u0219i- o pereche<\/li>\n<\/ul>\n<p><\/p>","protected":false},"excerpt":{"rendered":"<p>Be\u021be de Nordic Walking Masters Physique 0,1<\/p>","protected":false},"featured_media":4467,"comment_status":"open","ping_status":"closed","template":"","meta":{"_acf_changed":false,"inline_featured_image":false},"product_brand":[1326],"product_cat":[461],"product_tag":[],"class_list":{"0":"post-4469","1":"product","2":"type-product","3":"status-publish","4":"has-post-thumbnail","6":"product_brand-masters","7":"product_cat-nordic-stalpi","9":"first","10":"instock","11":"shipping-taxable","12":"purchasable","13":"product-type-simple"},"acf":[],"yoast_head":"<!-- This site is optimized with the Yoast SEO plugin v27.2 - https:\/\/yoast.com\/product\/yoast-seo-wordpress\/ -->\n<title>\u0421\u043a\u0430\u043d\u0434\u0438\u043d\u0430\u0432\u0441\u043a\u0438\u0435 \u043f\u0430\u043b\u043a\u0438 Masters Physique 0,1 - \u041c\u0430\u0433\u0430\u0437\u0438\u043d Xstyle<\/title>\n<meta name=\"description\" content=\"\u0421\u043a\u0430\u043d\u0434\u0438\u043d\u0430\u0432\u0441\u043a\u0438\u0435 \u043f\u0430\u043b\u043a\u0438 Masters Physique 0,1: \u0438\u0434\u0435\u0430\u043b\u044c\u043d\u044b \u0434\u043b\u044f \u0430\u043a\u0442\u0438\u0432\u043d\u044b\u0445 \u043b\u044e\u0431\u0438\u0442\u0435\u043b\u0435\u0439. \u041b\u0435\u0433\u043a\u0438\u0435, \u043f\u0440\u043e\u0447\u043d\u044b\u0435, \u0441 EVA \u0440\u0443\u043a\u043e\u044f\u0442\u043a\u0430\u043c\u0438. \u041e\u0431\u0435\u0441\u043f\u0435\u0447\u0430\u0442 \u043a\u043e\u043c\u0444\u043e\u0440\u0442 \u0438 \u0441\u0442\u0430\u0431\u0438\u043b\u044c\u043d\u043e\u0441\u0442\u044c \u043f\u0440\u0438 \u0445\u043e\u0434\u044c\u0431\u0435!\" \/>\n<meta name=\"robots\" content=\"index, follow, max-snippet:-1, max-image-preview:large, max-video-preview:-1\" \/>\n<link rel=\"canonical\" href=\"https:\/\/xstyle.md\/ro\/produs\/masters-physique-0-1\/\" \/>\n<meta property=\"og:locale\" content=\"ro_RO\" \/>\n<meta property=\"og:type\" content=\"article\" \/>\n<meta property=\"og:title\" content=\"\u0421\u043a\u0430\u043d\u0434\u0438\u043d\u0430\u0432\u0441\u043a\u0438\u0435 \u043f\u0430\u043b\u043a\u0438 Masters Physique 0,1 - \u041c\u0430\u0433\u0430\u0437\u0438\u043d Xstyle\" \/>\n<meta property=\"og:description\" content=\"\u0421\u043a\u0430\u043d\u0434\u0438\u043d\u0430\u0432\u0441\u043a\u0438\u0435 \u043f\u0430\u043b\u043a\u0438 Masters Physique 0,1: \u0438\u0434\u0435\u0430\u043b\u044c\u043d\u044b \u0434\u043b\u044f \u0430\u043a\u0442\u0438\u0432\u043d\u044b\u0445 \u043b\u044e\u0431\u0438\u0442\u0435\u043b\u0435\u0439. \u041b\u0435\u0433\u043a\u0438\u0435, \u043f\u0440\u043e\u0447\u043d\u044b\u0435, \u0441 EVA \u0440\u0443\u043a\u043e\u044f\u0442\u043a\u0430\u043c\u0438. \u041e\u0431\u0435\u0441\u043f\u0435\u0447\u0430\u0442 \u043a\u043e\u043c\u0444\u043e\u0440\u0442 \u0438 \u0441\u0442\u0430\u0431\u0438\u043b\u044c\u043d\u043e\u0441\u0442\u044c \u043f\u0440\u0438 \u0445\u043e\u0434\u044c\u0431\u0435!\" \/>\n<meta property=\"og:url\" content=\"https:\/\/xstyle.md\/ro\/produs\/masters-physique-0-1\/\" \/>\n<meta property=\"og:site_name\" content=\"\u041c\u0430\u0433\u0430\u0437\u0438\u043d Xstyle\" \/>\n<meta property=\"article:publisher\" content=\"https:\/\/www.facebook.com\/xstylemd\" \/>\n<meta property=\"article:modified_time\" content=\"2025-10-24T09:49:51+00:00\" \/>\n<meta property=\"og:image\" content=\"https:\/\/xstyle.md\/wp-content\/uploads\/2020\/07\/28-physique-0.1-carbon-2.jpg\" \/>\n\t<meta property=\"og:image:width\" content=\"745\" \/>\n\t<meta property=\"og:image:height\" content=\"938\" \/>\n\t<meta property=\"og:image:type\" content=\"image\/jpeg\" \/>\n<meta name=\"twitter:card\" content=\"summary_large_image\" \/>\n<meta name=\"twitter:label1\" content=\"Pre\u021b\" \/>\n\t<meta name=\"twitter:data1\" content=\"990&nbsp;MDL\" \/>\n\t<meta name=\"twitter:label2\" content=\"Disponibilitate\" \/>\n\t<meta name=\"twitter:data2\" content=\"\u00cen stoc\" \/>\n<script type=\"application\/ld+json\" class=\"yoast-schema-graph\">{\"@context\":\"https:\/\/schema.org\",\"@graph\":[{\"@type\":\"WebPage\",\"@id\":\"https:\/\/xstyle.md\/product\/masters-physique-0-1\/\",\"url\":\"https:\/\/xstyle.md\/product\/masters-physique-0-1\/\",\"name\":\"\u0421\u043a\u0430\u043d\u0434\u0438\u043d\u0430\u0432\u0441\u043a\u0438\u0435 \u043f\u0430\u043b\u043a\u0438 Masters Physique 0,1 - \u041c\u0430\u0433\u0430\u0437\u0438\u043d Xstyle\",\"isPartOf\":{\"@id\":\"https:\/\/xstyle.md\/#website\"},\"primaryImageOfPage\":{\"@id\":\"https:\/\/xstyle.md\/product\/masters-physique-0-1\/#primaryimage\"},\"image\":{\"@id\":\"https:\/\/xstyle.md\/product\/masters-physique-0-1\/#primaryimage\"},\"thumbnailUrl\":\"https:\/\/xstyle.md\/wp-content\/uploads\/2020\/07\/28-physique-0.1-carbon-2.jpg\",\"datePublished\":\"2020-07-16T16:52:01+00:00\",\"dateModified\":\"2025-10-24T09:49:51+00:00\",\"description\":\"\u0421\u043a\u0430\u043d\u0434\u0438\u043d\u0430\u0432\u0441\u043a\u0438\u0435 \u043f\u0430\u043b\u043a\u0438 Masters Physique 0,1: \u0438\u0434\u0435\u0430\u043b\u044c\u043d\u044b \u0434\u043b\u044f \u0430\u043a\u0442\u0438\u0432\u043d\u044b\u0445 \u043b\u044e\u0431\u0438\u0442\u0435\u043b\u0435\u0439. \u041b\u0435\u0433\u043a\u0438\u0435, \u043f\u0440\u043e\u0447\u043d\u044b\u0435, \u0441 EVA \u0440\u0443\u043a\u043e\u044f\u0442\u043a\u0430\u043c\u0438. \u041e\u0431\u0435\u0441\u043f\u0435\u0447\u0430\u0442 \u043a\u043e\u043c\u0444\u043e\u0440\u0442 \u0438 \u0441\u0442\u0430\u0431\u0438\u043b\u044c\u043d\u043e\u0441\u0442\u044c \u043f\u0440\u0438 \u0445\u043e\u0434\u044c\u0431\u0435!\",\"breadcrumb\":{\"@id\":\"https:\/\/xstyle.md\/product\/masters-physique-0-1\/#breadcrumb\"},\"inLanguage\":\"ro-RO\",\"potentialAction\":[{\"@type\":\"ReadAction\",\"target\":[\"https:\/\/xstyle.md\/product\/masters-physique-0-1\/\"]}]},{\"@type\":\"ImageObject\",\"inLanguage\":\"ro-RO\",\"@id\":\"https:\/\/xstyle.md\/product\/masters-physique-0-1\/#primaryimage\",\"url\":\"https:\/\/xstyle.md\/wp-content\/uploads\/2020\/07\/28-physique-0.1-carbon-2.jpg\",\"contentUrl\":\"https:\/\/xstyle.md\/wp-content\/uploads\/2020\/07\/28-physique-0.1-carbon-2.jpg\",\"width\":745,\"height\":938},{\"@type\":\"BreadcrumbList\",\"@id\":\"https:\/\/xstyle.md\/product\/masters-physique-0-1\/#breadcrumb\",\"itemListElement\":[{\"@type\":\"ListItem\",\"position\":1,\"name\":\"\u0413\u043b\u0430\u0432\u043d\u0430\u044f \u0441\u0442\u0440\u0430\u043d\u0438\u0446\u0430\",\"item\":\"https:\/\/xstyle.md\/\"},{\"@type\":\"ListItem\",\"position\":2,\"name\":\"\u041c\u0430\u0433\u0430\u0437\u0438\u043d\",\"item\":\"https:\/\/xstyle.md\/shop\/\"},{\"@type\":\"ListItem\",\"position\":3,\"name\":\"\u0421\u043a\u0430\u043d\u0434\u0438\u043d\u0430\u0432\u0441\u043a\u0438\u0435 \u043f\u0430\u043b\u043a\u0438 Masters Physique 0,1\"}]},{\"@type\":\"WebSite\",\"@id\":\"https:\/\/xstyle.md\/#website\",\"url\":\"https:\/\/xstyle.md\/\",\"name\":\"\u041c\u0430\u0433\u0430\u0437\u0438\u043d Xstyle\",\"description\":\"C\u043d\u0430\u0440\u044f\u0436\u0435\u043d\u0438\u0435 \u0434\u043b\u044f \u0442\u0443\u0440\u0438\u0437\u043c\u0430 \u0438 \u044d\u043a\u0441\u0442\u0440\u0435\u043c\u0430\u043b\u044c\u043d\u044b\u0445 \u0432\u0438\u0434\u043e\u0432 \u0441\u043f\u043e\u0440\u0442\u0430 \u0432 \u041c\u043e\u043b\u0434\u043e\u0432\u0435.. \u0426\u0435\u043d\u044b, \u0444\u043e\u0442\u043e, \u0445\u0430\u0440\u0430\u043a\u0442\u0435\u0440\u0438\u0441\u0442\u0438\u043a\u0438 \u0432 \u041c\u043e\u043b\u0434\u043e\u0432\u0435.\",\"publisher\":{\"@id\":\"https:\/\/xstyle.md\/#organization\"},\"alternateName\":\"X-Style\",\"potentialAction\":[{\"@type\":\"SearchAction\",\"target\":{\"@type\":\"EntryPoint\",\"urlTemplate\":\"https:\/\/xstyle.md\/?s={search_term_string}\"},\"query-input\":{\"@type\":\"PropertyValueSpecification\",\"valueRequired\":true,\"valueName\":\"search_term_string\"}}],\"inLanguage\":\"ro-RO\"},{\"@type\":\"Organization\",\"@id\":\"https:\/\/xstyle.md\/#organization\",\"name\":\"\u041c\u0430\u0433\u0430\u0437\u0438\u043d Xstyle\",\"alternateName\":\"x-style\",\"url\":\"https:\/\/xstyle.md\/\",\"logo\":{\"@type\":\"ImageObject\",\"inLanguage\":\"ro-RO\",\"@id\":\"https:\/\/xstyle.md\/#\/schema\/logo\/image\/\",\"url\":\"https:\/\/xstyle.md\/wp-content\/uploads\/2020\/06\/logoicon.svg\",\"contentUrl\":\"https:\/\/xstyle.md\/wp-content\/uploads\/2020\/06\/logoicon.svg\",\"caption\":\"\u041c\u0430\u0433\u0430\u0437\u0438\u043d Xstyle\"},\"image\":{\"@id\":\"https:\/\/xstyle.md\/#\/schema\/logo\/image\/\"},\"sameAs\":[\"https:\/\/www.facebook.com\/xstylemd\",\"https:\/\/www.instagram.com\/xstyle_md\/\",\"https:\/\/t.me\/xstyle_outdoor\"],\"hasMerchantReturnPolicy\":{\"@type\":\"MerchantReturnPolicy\",\"merchantReturnLink\":\"https:\/\/xstyle.md\/ro\/conditions\/\"}}]}<\/script>\n<meta property=\"product:price:amount\" content=\"990.00\" \/>\n<meta property=\"product:price:currency\" content=\"MDL\" \/>\n<meta property=\"og:availability\" content=\"instock\" \/>\n<meta property=\"product:availability\" content=\"instock\" \/>\n<meta property=\"product:retailer_item_id\" content=\"8023349003886\" \/>\n<meta property=\"product:condition\" content=\"new\" \/>\n<!-- \/ Yoast SEO plugin. -->","yoast_head_json":{"title":"\u0421\u043a\u0430\u043d\u0434\u0438\u043d\u0430\u0432\u0441\u043a\u0438\u0435 \u043f\u0430\u043b\u043a\u0438 Masters Physique 0,1 - \u041c\u0430\u0433\u0430\u0437\u0438\u043d Xstyle","description":"Bastonele scandinave Masters Physique 0,1: ideale pentru iubitorii activi. U\u0219oare, durabile, cu m\u00e2nere din EVA. Vor asigura confort \u0219i stabilitate \u00een timpul mersului!","robots":{"index":"index","follow":"follow","max-snippet":"max-snippet:-1","max-image-preview":"max-image-preview:large","max-video-preview":"max-video-preview:-1"},"canonical":"https:\/\/xstyle.md\/ro\/produs\/masters-physique-0-1\/","og_locale":"ro_RO","og_type":"article","og_title":"\u0421\u043a\u0430\u043d\u0434\u0438\u043d\u0430\u0432\u0441\u043a\u0438\u0435 \u043f\u0430\u043b\u043a\u0438 Masters Physique 0,1 - \u041c\u0430\u0433\u0430\u0437\u0438\u043d Xstyle","og_description":"\u0421\u043a\u0430\u043d\u0434\u0438\u043d\u0430\u0432\u0441\u043a\u0438\u0435 \u043f\u0430\u043b\u043a\u0438 Masters Physique 0,1: \u0438\u0434\u0435\u0430\u043b\u044c\u043d\u044b \u0434\u043b\u044f \u0430\u043a\u0442\u0438\u0432\u043d\u044b\u0445 \u043b\u044e\u0431\u0438\u0442\u0435\u043b\u0435\u0439. \u041b\u0435\u0433\u043a\u0438\u0435, \u043f\u0440\u043e\u0447\u043d\u044b\u0435, \u0441 EVA \u0440\u0443\u043a\u043e\u044f\u0442\u043a\u0430\u043c\u0438. \u041e\u0431\u0435\u0441\u043f\u0435\u0447\u0430\u0442 \u043a\u043e\u043c\u0444\u043e\u0440\u0442 \u0438 \u0441\u0442\u0430\u0431\u0438\u043b\u044c\u043d\u043e\u0441\u0442\u044c \u043f\u0440\u0438 \u0445\u043e\u0434\u044c\u0431\u0435!","og_url":"https:\/\/xstyle.md\/ro\/produs\/masters-physique-0-1\/","og_site_name":"\u041c\u0430\u0433\u0430\u0437\u0438\u043d Xstyle","article_publisher":"https:\/\/www.facebook.com\/xstylemd","article_modified_time":"2025-10-24T09:49:51+00:00","og_image":[{"width":745,"height":938,"url":"https:\/\/xstyle.md\/wp-content\/uploads\/2020\/07\/28-physique-0.1-carbon-2.jpg","type":"image\/jpeg"}],"twitter_card":"summary_large_image","twitter_misc":{"Pre\u021b":"990&nbsp;MDL","Disponibilitate":"\u00cen stoc"},"schema":{"@context":"https:\/\/schema.org","@graph":[{"@type":"WebPage","@id":"https:\/\/xstyle.md\/product\/masters-physique-0-1\/","url":"https:\/\/xstyle.md\/product\/masters-physique-0-1\/","name":"\u0421\u043a\u0430\u043d\u0434\u0438\u043d\u0430\u0432\u0441\u043a\u0438\u0435 \u043f\u0430\u043b\u043a\u0438 Masters Physique 0,1 - \u041c\u0430\u0433\u0430\u0437\u0438\u043d Xstyle","isPartOf":{"@id":"https:\/\/xstyle.md\/#website"},"primaryImageOfPage":{"@id":"https:\/\/xstyle.md\/product\/masters-physique-0-1\/#primaryimage"},"image":{"@id":"https:\/\/xstyle.md\/product\/masters-physique-0-1\/#primaryimage"},"thumbnailUrl":"https:\/\/xstyle.md\/wp-content\/uploads\/2020\/07\/28-physique-0.1-carbon-2.jpg","datePublished":"2020-07-16T16:52:01+00:00","dateModified":"2025-10-24T09:49:51+00:00","description":"Bastonele scandinave Masters Physique 0,1: ideale pentru iubitorii activi. U\u0219oare, durabile, cu m\u00e2nere din EVA. Vor asigura confort \u0219i stabilitate \u00een timpul mersului!","breadcrumb":{"@id":"https:\/\/xstyle.md\/product\/masters-physique-0-1\/#breadcrumb"},"inLanguage":"ro-RO","potentialAction":[{"@type":"ReadAction","target":["https:\/\/xstyle.md\/product\/masters-physique-0-1\/"]}]},{"@type":"ImageObject","inLanguage":"ro-RO","@id":"https:\/\/xstyle.md\/product\/masters-physique-0-1\/#primaryimage","url":"https:\/\/xstyle.md\/wp-content\/uploads\/2020\/07\/28-physique-0.1-carbon-2.jpg","contentUrl":"https:\/\/xstyle.md\/wp-content\/uploads\/2020\/07\/28-physique-0.1-carbon-2.jpg","width":745,"height":938},{"@type":"BreadcrumbList","@id":"https:\/\/xstyle.md\/product\/masters-physique-0-1\/#breadcrumb","itemListElement":[{"@type":"ListItem","position":1,"name":"\u0413\u043b\u0430\u0432\u043d\u0430\u044f \u0441\u0442\u0440\u0430\u043d\u0438\u0446\u0430","item":"https:\/\/xstyle.md\/"},{"@type":"ListItem","position":2,"name":"\u041c\u0430\u0433\u0430\u0437\u0438\u043d","item":"https:\/\/xstyle.md\/shop\/"},{"@type":"ListItem","position":3,"name":"\u0421\u043a\u0430\u043d\u0434\u0438\u043d\u0430\u0432\u0441\u043a\u0438\u0435 \u043f\u0430\u043b\u043a\u0438 Masters Physique 0,1"}]},{"@type":"WebSite","@id":"https:\/\/xstyle.md\/#website","url":"https:\/\/xstyle.md\/","name":"Magazinul X-Style","description":"Echipamente pentru turism \u0219i sporturi extreme \u00een Moldova. Pre\u021buri, fotografii, caracteristici \u00een Moldova.","publisher":{"@id":"https:\/\/xstyle.md\/#organization"},"alternateName":"X-Style","potentialAction":[{"@type":"SearchAction","target":{"@type":"EntryPoint","urlTemplate":"https:\/\/xstyle.md\/?s={search_term_string}"},"query-input":{"@type":"PropertyValueSpecification","valueRequired":true,"valueName":"search_term_string"}}],"inLanguage":"ro-RO"},{"@type":"Organization","@id":"https:\/\/xstyle.md\/#organization","name":"Magazinul X-Style","alternateName":"x-style","url":"https:\/\/xstyle.md\/","logo":{"@type":"ImageObject","inLanguage":"ro-RO","@id":"https:\/\/xstyle.md\/#\/schema\/logo\/image\/","url":"https:\/\/xstyle.md\/wp-content\/uploads\/2020\/06\/logoicon.svg","contentUrl":"https:\/\/xstyle.md\/wp-content\/uploads\/2020\/06\/logoicon.svg","caption":"\u041c\u0430\u0433\u0430\u0437\u0438\u043d Xstyle"},"image":{"@id":"https:\/\/xstyle.md\/#\/schema\/logo\/image\/"},"sameAs":["https:\/\/www.facebook.com\/xstylemd","https:\/\/www.instagram.com\/xstyle_md\/","https:\/\/t.me\/xstyle_outdoor"],"hasMerchantReturnPolicy":{"@type":"MerchantReturnPolicy","merchantReturnLink":"https:\/\/xstyle.md\/ro\/conditions\/"}}]},"product_price_amount":"990.00","product_price_currency":"MDL","og_availability":"instock","product_availability":"instock","product_retailer_item_id":"8023349003886","product_condition":"new"},"post_mailing_queue_ids":[],"_links":{"self":[{"href":"https:\/\/xstyle.md\/ro\/wp-json\/wp\/v2\/product\/4469","targetHints":{"allow":["GET"]}}],"collection":[{"href":"https:\/\/xstyle.md\/ro\/wp-json\/wp\/v2\/product"}],"about":[{"href":"https:\/\/xstyle.md\/ro\/wp-json\/wp\/v2\/types\/product"}],"replies":[{"embeddable":true,"href":"https:\/\/xstyle.md\/ro\/wp-json\/wp\/v2\/comments?post=4469"}],"wp:featuredmedia":[{"embeddable":true,"href":"https:\/\/xstyle.md\/ro\/wp-json\/wp\/v2\/media\/4467"}],"wp:attachment":[{"href":"https:\/\/xstyle.md\/ro\/wp-json\/wp\/v2\/media?parent=4469"}],"wp:term":[{"taxonomy":"product_brand","embeddable":true,"href":"https:\/\/xstyle.md\/ro\/wp-json\/wp\/v2\/product_brand?post=4469"},{"taxonomy":"product_cat","embeddable":true,"href":"https:\/\/xstyle.md\/ro\/wp-json\/wp\/v2\/product_cat?post=4469"},{"taxonomy":"product_tag","embeddable":true,"href":"https:\/\/xstyle.md\/ro\/wp-json\/wp\/v2\/product_tag?post=4469"}],"curies":[{"name":"wp","href":"https:\/\/api.w.org\/{rel}","templated":true}]}}