{"id":44665,"date":"2022-01-21T10:39:50","date_gmt":"2022-01-21T07:39:50","guid":{"rendered":"https:\/\/xstyle.md\/?post_type=product&#038;p=44665"},"modified":"2026-03-04T12:27:10","modified_gmt":"2026-03-04T09:27:10","slug":"puhovik-reimatec-paahto-pale-rose","status":"publish","type":"product","link":"https:\/\/xstyle.md\/ro\/produs\/puhovik-reimatec-paahto-pale-rose\/","title":{"rendered":"Geac\u0103 cu puf Reimatec Paahto Pale rose"},"content":{"rendered":"<p><\/p>\n<p><strong>Reimatec Paahto <\/strong>&#8212; este o geac\u0103 inovatoare 2-\u00een-1, realizat\u0103 dintr-un material care re\u021bine c\u0103ldura datorit\u0103 unei tehnologii speciale ce utilizeaz\u0103 za\u021bul de cafea. Prin carbonizarea za\u021bului la temperaturi ridicate, acesta este transformat \u00eentr-o pudr\u0103 cu structur\u0103 poroas\u0103. C\u00e2nd aceast\u0103 pudr\u0103 este integrat\u0103 \u00een poliester, \u00een interiorul fibrelor se formeaz\u0103 micro-orificii care stocheaz\u0103 c\u0103ldura.<\/p>\n<p>Noul material str\u0103lucitor Coffee Bean, \u00eempreun\u0103 cu izola\u021bia din puf natural, \u00eei vor \u021bine de cald micu\u021bului \u00een timpul plimb\u0103rilor lungi. Un aspect extrem de practic: gluga \u0219i m\u00e2necile sunt deta\u0219abile, transform\u00e2nd rapid geaca \u00eentr-o vest\u0103 \u2014 o pies\u0103 cu adev\u0103rat universal\u0103!<\/p>\n<h3>Particularit\u0103\u021bi<\/h3>\n<ul>\n<li>Protec\u021bie BIONIC-FINISH\u00aeECO &#8212; \u00eempotriva apei \u0219i murd\u0103riei, f\u0103r\u0103 fluorocarburi.<\/li>\n<li>C\u0103ptu\u0219eal\u0103 neted\u0103 din poliester.<\/li>\n<li>Izola\u021bie natural\u0103 &#8212; amestec de puf \u0219i pene (60%\/40%), cu un Fill Power de 550.<\/li>\n<li>Certificare RDS &#8212;\u00a0 puful \u0219i penele sunt certificate conform Responsible Down Standard.<\/li>\n<li>Glug\u0103 deta\u0219abil\u0103 \u0219i sigur\u0103.<\/li>\n<li>M\u00e2neci deta\u0219abile cu fermoar (se transform\u0103 \u00een vest\u0103).<\/li>\n<li>Man\u0219ete elastice \u0219i dou\u0103 buzunare cu fermoar.<\/li>\n<li>Nivel de izolare termic\u0103 &#8212; mediu \u2014 optim pentru temperaturi \u00eentre 0 \u00b0C \u0219i -20 \u00b0C.<\/li>\n<\/ul>\n<h3>Caracteristici<\/h3>\n<ul>\n<li>Material &#8212; 100% poliester, laminare cu poliuretan<\/li>\n<li>Izola\u021bie &#8212; Reima Down 60 (Puf\/Pene), Fill Power 550<\/li>\n<li>Respirabilitate &#8212; 7000 g\/m\u00b2\/24h<\/li>\n<li>Impermeabilitate &#8212; 8000 mm<\/li>\n<li>Sezon &#8212; Iarn\u0103<\/li>\n<\/ul>\n<h3>Tehnologii<\/h3>\n<ul>\n<li><strong>BIONIC-FINISH<\/strong>\u00ae <strong>ECO <\/strong>&#8212; este un sistem unic \u0219i patentat care protejeaz\u0103 materialele textile \u00eempotriva apei \u0219i a altor influen\u021be externe. Acesta asigur\u0103 o protec\u021bie uniform\u0103 a fibrelor, f\u0103c\u00e2nd \u021bes\u0103tura mai rezistent\u0103 \u0219i mai durabil\u0103 la uzur\u0103. \u00cenveli\u0219ul are propriet\u0103\u021bi hidrofobe (respinge apa) \u0219i respirabile, protejeaz\u0103 \u00eempotriva murd\u0103riei \u0219i, \u00een plus, este hipoalergenic. Aceast\u0103 impregnare va permite materialului jachetei dumneavoastr\u0103 s\u0103 \u00ee\u0219i p\u0103streze propriet\u0103\u021bile ini\u021biale \u0219i aspectul impecabil pentru o perioad\u0103 lung\u0103 de timp.<\/li>\n<li><strong>Fill Power<\/strong> \u2013 este caracteristica ce descrie capacitatea unei mase determinate de puf de a umple un anumit volum. Sensul fizic al Fill Power este volumul exprimat \u00een inci cubi ocupat de o uncie de puf. Cu c\u00e2t acest indicator este mai mare, cu at\u00e2t calitatea pufului este considerat\u0103 superioar\u0103.<br \/>\n\u00cen echipamentele de tip Outdoor, se utilizeaz\u0103 puf cu o valoare Fill Power de cel pu\u021bin 550 de unit\u0103\u021bi, \u00een timp ce valorile de peste 650 de unit\u0103\u021bi sunt considerate foarte bune. Puful cu valori ridicate de Fill Power se distinge nu doar prin volumul mare pe unitatea de mas\u0103, ci \u0219i printr-o rezisten\u021b\u0103 termic\u0103 sporit\u0103 pe unitatea de grosime, comparativ cu valorile standard.<br \/>\n<\/li>\n<\/ul>\n<h3>Marca<\/h3>\n<p>Reima \u2014 lider mondial \u00een produc\u021bia de \u00eembr\u0103c\u0103minte func\u021bional\u0103 \u0219i \u00eenc\u0103l\u021b\u0103minte pentru copii pentru plimb\u0103ri active pe strad\u0103 \u00een orice vreme. Este asociat cu cea mai \u00eenalt\u0103 calitate \u0219i este v\u00e2ndut \u00een multe \u021b\u0103ri din \u00eentreaga lume. Principiile fundamentale ale designului sunt: func\u021bionalitate, siguran\u021b\u0103, fiabilitate \u0219i inova\u021bie. Reima satisface nevoile copiilor activi cu \u00eembr\u0103c\u0103minte exterioar\u0103 u\u0219oar\u0103, respirabil\u0103, cu o membran\u0103 care poate fi asortat\u0103 cu lenjerie termic\u0103 \u0219i lenjerie de corp.<\/p>\n<p>Misiunea principal\u0103 a m\u0103rcii este de a \u00eencuraja copiii s\u0103 descopere bucuria mi\u0219c\u0103rii, iar ideea de afaceri este aceea de a oferi copiilor activi cu v\u00e2rsta cuprins\u0103 \u00eentre 0 \u0219i 12 ani o garderob\u0103 cuprinz\u0103toare de calitate pentru orice anotimp.<\/p>","protected":false},"excerpt":{"rendered":"<p>\u0411\u0440\u0435\u043d\u0434 Reima \u2013 \u043c\u0438\u0440\u043e\u0432\u043e\u0439 \u043b\u0438\u0434\u0435\u0440 \u043f\u043e \u043f\u0440\u043e\u0438\u0437\u0432\u043e\u0434\u0441\u0442\u0432\u0443 \u0444\u0443\u043d\u043a\u0446\u0438\u043e\u043d\u0430\u043b\u044c\u043d\u043e\u0439 \u0434\u0435\u0442\u0441\u043a\u043e\u0439 \u043e\u0434\u0435\u0436\u0434\u044b \u0438 \u043e\u0431\u0443\u0432\u0438 \u0434\u043b\u044f \u0430\u043a\u0442\u0438\u0432\u043d\u044b\u0445 \u043f\u0440\u043e\u0433\u0443\u043b\u043e\u043a \u043d\u0430 \u0443\u043b\u0438\u0446\u0435 \u043f\u0440\u0438 \u043b\u044e\u0431\u043e\u0439 \u043f\u043e\u0433\u043e\u0434\u0435. \u041e\u043d \u0430\u0441\u0441\u043e\u0446\u0438\u0438\u0440\u0443\u0435\u0442\u0441\u044f \u0441 \u0432\u044b\u0441\u043e\u0447\u0430\u0439\u0448\u0438\u043c \u043a\u0430\u0447\u0435\u0441\u0442\u0432\u043e\u043c \u0438 \u0440\u0435\u0430\u043b\u0438\u0437\u0443\u044e\u0442\u0441\u044f \u0432\u043e \u043c\u043d\u043e\u0433\u0438\u0445 \u0441\u0442\u0440\u0430\u043d\u0430\u0445 \u043c\u0438\u0440\u0430. \u041e\u0441\u043d\u043e\u0432\u043e\u043f\u043e\u043b\u0430\u0433\u0430\u044e\u0449\u0438\u043c\u0438 \u043f\u0440\u0438\u043d\u0446\u0438\u043f\u0430\u043c\u0438 \u0434\u0438\u0437\u0430\u0439\u043d\u0430 \u044f\u0432\u043b\u044f\u044e\u0442\u0441\u044f: \u0444\u0443\u043d\u043a\u0446\u0438\u043e\u043d\u0430\u043b\u044c\u043d\u043e\u0441\u0442\u044c, \u0431\u0435\u0437\u043e\u043f\u0430\u0441\u043d\u043e\u0441\u0442\u044c, \u043d\u0430\u0434\u0435\u0436\u043d\u043e\u0441\u0442\u044c \u0438 \u043d\u043e\u0432\u0430\u0442\u043e\u0440\u0441\u0442\u0432\u043e. Reima \u043e\u0440\u0438\u0435\u043d\u0442\u0438\u0440\u0443\u0435\u0442\u0441\u044f \u043d\u0430 \u043f\u043e\u0442\u0440\u0435\u0431\u043d\u043e\u0441\u0442\u0438 \u0430\u043a\u0442\u0438\u0432\u043d\u044b\u0445 \u0434\u0435\u0442\u0435\u0439, \u0432\u044b\u043f\u0443\u0441\u043a\u0430\u044f \u043b\u0435\u0433\u043a\u0443\u044e, \u0434\u044b\u0448\u0430\u0449\u0443\u044e \u0432\u0435\u0440\u0445\u043d\u044e\u044e \u043e\u0434\u0435\u0436\u0434\u0443 \u0441 \u043c\u0435\u043c\u0431\u0440\u0430\u043d\u043e\u0439, \u043a \u043a\u043e\u0442\u043e\u0440\u043e\u0439 [&hellip;]<\/p>\n","protected":false},"featured_media":45204,"comment_status":"open","ping_status":"closed","template":"","meta":{"_acf_changed":false,"inline_featured_image":false},"product_brand":[1403],"product_cat":[308],"product_tag":[],"class_list":{"0":"post-44665","1":"product","2":"type-product","3":"status-publish","4":"has-post-thumbnail","6":"product_brand-reima","7":"product_cat-kid-jackets","9":"first","10":"instock","11":"shipping-taxable","12":"purchasable","13":"product-type-simple"},"acf":[],"yoast_head":"<!-- This site is optimized with the Yoast SEO plugin v27.4 - https:\/\/yoast.com\/product\/yoast-seo-wordpress\/ -->\n<title>\u041f\u0443\u0445\u043e\u0432\u0438\u043a Reimatec Paahto Pale rose - \u041c\u0430\u0433\u0430\u0437\u0438\u043d Xstyle<\/title>\n<meta name=\"description\" content=\"\u041f\u0443\u0445\u043e\u0432\u0438\u043a Reimatec Paahto Pale Rose \u2014 \u0438\u0434\u0435\u0430\u043b\u044c\u043d\u044b\u0439 \u0432\u044b\u0431\u043e\u0440 \u0434\u043b\u044f \u0437\u0438\u043c\u044b! \u0422\u0435\u043f\u043b\u044b\u0439, \u043b\u0435\u0433\u043a\u0438\u0439 \u0438 \u0441\u0442\u0438\u043b\u044c\u043d\u044b\u0439, \u0441 \u0432\u044b\u0441\u043e\u043a\u0438\u043c \u043d\u0430\u043f\u043e\u043b\u043d\u0435\u043d\u0438\u0435\u043c \u0438 \u044d\u043a\u043e\u043b\u043e\u0433\u0438\u0447\u043d\u044b\u043c\u0438 \u043c\u0430\u0442\u0435\u0440\u0438\u0430\u043b\u0430\u043c\u0438.\" \/>\n<meta name=\"robots\" content=\"index, follow, max-snippet:-1, max-image-preview:large, max-video-preview:-1\" \/>\n<link rel=\"canonical\" href=\"https:\/\/xstyle.md\/ro\/produs\/puhovik-reimatec-paahto-pale-rose\/\" \/>\n<meta property=\"og:locale\" content=\"ro_RO\" \/>\n<meta property=\"og:type\" content=\"article\" \/>\n<meta property=\"og:title\" content=\"\u041f\u0443\u0445\u043e\u0432\u0438\u043a Reimatec Paahto Pale rose - \u041c\u0430\u0433\u0430\u0437\u0438\u043d Xstyle\" \/>\n<meta property=\"og:description\" content=\"\u041f\u0443\u0445\u043e\u0432\u0438\u043a Reimatec Paahto Pale Rose \u2014 \u0438\u0434\u0435\u0430\u043b\u044c\u043d\u044b\u0439 \u0432\u044b\u0431\u043e\u0440 \u0434\u043b\u044f \u0437\u0438\u043c\u044b! \u0422\u0435\u043f\u043b\u044b\u0439, \u043b\u0435\u0433\u043a\u0438\u0439 \u0438 \u0441\u0442\u0438\u043b\u044c\u043d\u044b\u0439, \u0441 \u0432\u044b\u0441\u043e\u043a\u0438\u043c \u043d\u0430\u043f\u043e\u043b\u043d\u0435\u043d\u0438\u0435\u043c \u0438 \u044d\u043a\u043e\u043b\u043e\u0433\u0438\u0447\u043d\u044b\u043c\u0438 \u043c\u0430\u0442\u0435\u0440\u0438\u0430\u043b\u0430\u043c\u0438.\" \/>\n<meta property=\"og:url\" content=\"https:\/\/xstyle.md\/ro\/produs\/puhovik-reimatec-paahto-pale-rose\/\" \/>\n<meta property=\"og:site_name\" content=\"\u041c\u0430\u0433\u0430\u0437\u0438\u043d Xstyle\" \/>\n<meta property=\"article:publisher\" content=\"https:\/\/www.facebook.com\/xstylemd\" \/>\n<meta property=\"article:modified_time\" content=\"2026-03-04T09:27:10+00:00\" \/>\n<meta property=\"og:image\" content=\"https:\/\/xstyle.md\/wp-content\/uploads\/2022\/01\/reimatec-paahto-pale-rose.jpg\" \/>\n\t<meta property=\"og:image:width\" content=\"592\" \/>\n\t<meta property=\"og:image:height\" content=\"854\" \/>\n\t<meta property=\"og:image:type\" content=\"image\/jpeg\" \/>\n<meta name=\"twitter:card\" content=\"summary_large_image\" \/>\n<meta name=\"twitter:label1\" content=\"Pre\u021b\" \/>\n\t<meta name=\"twitter:data1\" content=\"2.490&nbsp;MDL\" \/>\n\t<meta name=\"twitter:label2\" content=\"Disponibilitate\" \/>\n\t<meta name=\"twitter:data2\" content=\"\u00cen stoc\" \/>\n<script type=\"application\/ld+json\" class=\"yoast-schema-graph\">{\"@context\":\"https:\\\/\\\/schema.org\",\"@graph\":[{\"@type\":\"WebPage\",\"@id\":\"https:\\\/\\\/xstyle.md\\\/product\\\/puhovik-reimatec-paahto-pale-rose\\\/\",\"url\":\"https:\\\/\\\/xstyle.md\\\/product\\\/puhovik-reimatec-paahto-pale-rose\\\/\",\"name\":\"\u041f\u0443\u0445\u043e\u0432\u0438\u043a Reimatec Paahto Pale rose - \u041c\u0430\u0433\u0430\u0437\u0438\u043d Xstyle\",\"isPartOf\":{\"@id\":\"https:\\\/\\\/xstyle.md\\\/#website\"},\"primaryImageOfPage\":{\"@id\":\"https:\\\/\\\/xstyle.md\\\/product\\\/puhovik-reimatec-paahto-pale-rose\\\/#primaryimage\"},\"image\":{\"@id\":\"https:\\\/\\\/xstyle.md\\\/product\\\/puhovik-reimatec-paahto-pale-rose\\\/#primaryimage\"},\"thumbnailUrl\":\"https:\\\/\\\/xstyle.md\\\/wp-content\\\/uploads\\\/2022\\\/01\\\/reimatec-paahto-pale-rose.jpg\",\"datePublished\":\"2022-01-21T07:39:50+00:00\",\"dateModified\":\"2026-03-04T09:27:10+00:00\",\"description\":\"\u041f\u0443\u0445\u043e\u0432\u0438\u043a Reimatec Paahto Pale Rose \u2014 \u0438\u0434\u0435\u0430\u043b\u044c\u043d\u044b\u0439 \u0432\u044b\u0431\u043e\u0440 \u0434\u043b\u044f \u0437\u0438\u043c\u044b! \u0422\u0435\u043f\u043b\u044b\u0439, \u043b\u0435\u0433\u043a\u0438\u0439 \u0438 \u0441\u0442\u0438\u043b\u044c\u043d\u044b\u0439, \u0441 \u0432\u044b\u0441\u043e\u043a\u0438\u043c \u043d\u0430\u043f\u043e\u043b\u043d\u0435\u043d\u0438\u0435\u043c \u0438 \u044d\u043a\u043e\u043b\u043e\u0433\u0438\u0447\u043d\u044b\u043c\u0438 \u043c\u0430\u0442\u0435\u0440\u0438\u0430\u043b\u0430\u043c\u0438.\",\"breadcrumb\":{\"@id\":\"https:\\\/\\\/xstyle.md\\\/product\\\/puhovik-reimatec-paahto-pale-rose\\\/#breadcrumb\"},\"inLanguage\":\"ro-RO\",\"potentialAction\":[{\"@type\":\"ReadAction\",\"target\":[\"https:\\\/\\\/xstyle.md\\\/product\\\/puhovik-reimatec-paahto-pale-rose\\\/\"]}]},{\"@type\":\"ImageObject\",\"inLanguage\":\"ro-RO\",\"@id\":\"https:\\\/\\\/xstyle.md\\\/product\\\/puhovik-reimatec-paahto-pale-rose\\\/#primaryimage\",\"url\":\"https:\\\/\\\/xstyle.md\\\/wp-content\\\/uploads\\\/2022\\\/01\\\/reimatec-paahto-pale-rose.jpg\",\"contentUrl\":\"https:\\\/\\\/xstyle.md\\\/wp-content\\\/uploads\\\/2022\\\/01\\\/reimatec-paahto-pale-rose.jpg\",\"width\":592,\"height\":854,\"caption\":\"\u0420\u043e\u0437\u043e\u0432\u0438\u0439 \u043f\u0443\u0445\u043e\u0432\u0438\u043a Reimatec Paahto \u0434\u043b\u044f \u0430\u043a\u0442\u0438\u0432\u043d\u043e\u0433\u043e \u043e\u0442\u0434\u044b\u0445\u0430, \u043f\u043e\u0445\u043e\u0434\u043d\u043e\u0439 \u043e\u0434\u0435\u0436\u0434\u044b \u0438 \u043f\u0443\u0442\u0435\u0448\u0435\u0441\u0442\u0432\u0438\u0439 \u043d\u0430 \u043e\u043d\u043b\u0430\u0439\u043d \u043c\u0430\u0433\u0430\u0437\u0438\u043d\u0435 \u0441\u043f\u043e\u0440\u0442\u0438\u0432\u043d\u043e\u0439 \u043e\u0434\u0435\u0436\u0434\u044b \u0438 \u043e\u0431\u0443\u0432\u0438 \u0434\u043b\u044f \u0430\u043a\u0442\u0438\u0432\u043d\u043e\u0433\u043e \u043e\u0431\u0440\u0430\u0437\u0430 \u0436\u0438\u0437\u043d\u0438\"},{\"@type\":\"BreadcrumbList\",\"@id\":\"https:\\\/\\\/xstyle.md\\\/product\\\/puhovik-reimatec-paahto-pale-rose\\\/#breadcrumb\",\"itemListElement\":[{\"@type\":\"ListItem\",\"position\":1,\"name\":\"\u0413\u043b\u0430\u0432\u043d\u0430\u044f \u0441\u0442\u0440\u0430\u043d\u0438\u0446\u0430\",\"item\":\"https:\\\/\\\/xstyle.md\\\/\"},{\"@type\":\"ListItem\",\"position\":2,\"name\":\"\u041c\u0430\u0433\u0430\u0437\u0438\u043d\",\"item\":\"https:\\\/\\\/xstyle.md\\\/shop\\\/\"},{\"@type\":\"ListItem\",\"position\":3,\"name\":\"\u041f\u0443\u0445\u043e\u0432\u0438\u043a Reimatec Paahto Pale rose\"}]},{\"@type\":\"WebSite\",\"@id\":\"https:\\\/\\\/xstyle.md\\\/#website\",\"url\":\"https:\\\/\\\/xstyle.md\\\/\",\"name\":\"\u041c\u0430\u0433\u0430\u0437\u0438\u043d Xstyle\",\"description\":\"C\u043d\u0430\u0440\u044f\u0436\u0435\u043d\u0438\u0435 \u0434\u043b\u044f \u0442\u0443\u0440\u0438\u0437\u043c\u0430 \u0438 \u044d\u043a\u0441\u0442\u0440\u0435\u043c\u0430\u043b\u044c\u043d\u044b\u0445 \u0432\u0438\u0434\u043e\u0432 \u0441\u043f\u043e\u0440\u0442\u0430 \u0432 \u041c\u043e\u043b\u0434\u043e\u0432\u0435.. \u0426\u0435\u043d\u044b, \u0444\u043e\u0442\u043e, \u0445\u0430\u0440\u0430\u043a\u0442\u0435\u0440\u0438\u0441\u0442\u0438\u043a\u0438 \u0432 \u041c\u043e\u043b\u0434\u043e\u0432\u0435.\",\"publisher\":{\"@id\":\"https:\\\/\\\/xstyle.md\\\/#organization\"},\"alternateName\":\"X-Style\",\"potentialAction\":[{\"@type\":\"SearchAction\",\"target\":{\"@type\":\"EntryPoint\",\"urlTemplate\":\"https:\\\/\\\/xstyle.md\\\/?s={search_term_string}\"},\"query-input\":{\"@type\":\"PropertyValueSpecification\",\"valueRequired\":true,\"valueName\":\"search_term_string\"}}],\"inLanguage\":\"ro-RO\"},{\"@type\":\"Organization\",\"@id\":\"https:\\\/\\\/xstyle.md\\\/#organization\",\"name\":\"\u041c\u0430\u0433\u0430\u0437\u0438\u043d Xstyle\",\"alternateName\":\"x-style\",\"url\":\"https:\\\/\\\/xstyle.md\\\/\",\"logo\":{\"@type\":\"ImageObject\",\"inLanguage\":\"ro-RO\",\"@id\":\"https:\\\/\\\/xstyle.md\\\/#\\\/schema\\\/logo\\\/image\\\/\",\"url\":\"https:\\\/\\\/xstyle.md\\\/wp-content\\\/uploads\\\/2020\\\/06\\\/logoicon.svg\",\"contentUrl\":\"https:\\\/\\\/xstyle.md\\\/wp-content\\\/uploads\\\/2020\\\/06\\\/logoicon.svg\",\"caption\":\"\u041c\u0430\u0433\u0430\u0437\u0438\u043d Xstyle\"},\"image\":{\"@id\":\"https:\\\/\\\/xstyle.md\\\/#\\\/schema\\\/logo\\\/image\\\/\"},\"sameAs\":[\"https:\\\/\\\/www.facebook.com\\\/xstylemd\",\"https:\\\/\\\/www.instagram.com\\\/xstyle_md\\\/\",\"https:\\\/\\\/t.me\\\/xstyle_outdoor\"],\"hasMerchantReturnPolicy\":{\"@type\":\"MerchantReturnPolicy\",\"merchantReturnLink\":\"https:\\\/\\\/xstyle.md\\\/ro\\\/conditions\\\/\"}}]}<\/script>\n<meta property=\"product:price:amount\" content=\"2490.00\" \/>\n<meta property=\"product:price:currency\" content=\"MDL\" \/>\n<meta property=\"og:availability\" content=\"instock\" \/>\n<meta property=\"product:availability\" content=\"instock\" \/>\n<meta property=\"product:retailer_item_id\" content=\"6438429656289\" \/>\n<meta property=\"product:condition\" content=\"new\" \/>\n<!-- \/ Yoast SEO plugin. -->","yoast_head_json":{"title":"Puf\u0103 Reimatec Paahto Pale rose - Magazin Xstyle","description":"Jacheta Reimatec Paahto Pale Rose este alegerea ideal\u0103 pentru iarn\u0103! Cald\u0103, u\u0219oar\u0103 \u0219i elegant\u0103, cu umplutur\u0103 ridicat\u0103 \u0219i materiale ecologice.","robots":{"index":"index","follow":"follow","max-snippet":"max-snippet:-1","max-image-preview":"max-image-preview:large","max-video-preview":"max-video-preview:-1"},"canonical":"https:\/\/xstyle.md\/ro\/produs\/puhovik-reimatec-paahto-pale-rose\/","og_locale":"ro_RO","og_type":"article","og_title":"\u041f\u0443\u0445\u043e\u0432\u0438\u043a Reimatec Paahto Pale rose - \u041c\u0430\u0433\u0430\u0437\u0438\u043d Xstyle","og_description":"\u041f\u0443\u0445\u043e\u0432\u0438\u043a Reimatec Paahto Pale Rose \u2014 \u0438\u0434\u0435\u0430\u043b\u044c\u043d\u044b\u0439 \u0432\u044b\u0431\u043e\u0440 \u0434\u043b\u044f \u0437\u0438\u043c\u044b! \u0422\u0435\u043f\u043b\u044b\u0439, \u043b\u0435\u0433\u043a\u0438\u0439 \u0438 \u0441\u0442\u0438\u043b\u044c\u043d\u044b\u0439, \u0441 \u0432\u044b\u0441\u043e\u043a\u0438\u043c \u043d\u0430\u043f\u043e\u043b\u043d\u0435\u043d\u0438\u0435\u043c \u0438 \u044d\u043a\u043e\u043b\u043e\u0433\u0438\u0447\u043d\u044b\u043c\u0438 \u043c\u0430\u0442\u0435\u0440\u0438\u0430\u043b\u0430\u043c\u0438.","og_url":"https:\/\/xstyle.md\/ro\/produs\/puhovik-reimatec-paahto-pale-rose\/","og_site_name":"\u041c\u0430\u0433\u0430\u0437\u0438\u043d Xstyle","article_publisher":"https:\/\/www.facebook.com\/xstylemd","article_modified_time":"2026-03-04T09:27:10+00:00","og_image":[{"width":592,"height":854,"url":"https:\/\/xstyle.md\/wp-content\/uploads\/2022\/01\/reimatec-paahto-pale-rose.jpg","type":"image\/jpeg"}],"twitter_card":"summary_large_image","twitter_misc":{"Pre\u021b":"2.490&nbsp;MDL","Disponibilitate":"\u00cen stoc"},"schema":{"@context":"https:\/\/schema.org","@graph":[{"@type":"WebPage","@id":"https:\/\/xstyle.md\/product\/puhovik-reimatec-paahto-pale-rose\/","url":"https:\/\/xstyle.md\/product\/puhovik-reimatec-paahto-pale-rose\/","name":"Puf\u0103 Reimatec Paahto Pale rose - Magazin Xstyle","isPartOf":{"@id":"https:\/\/xstyle.md\/#website"},"primaryImageOfPage":{"@id":"https:\/\/xstyle.md\/product\/puhovik-reimatec-paahto-pale-rose\/#primaryimage"},"image":{"@id":"https:\/\/xstyle.md\/product\/puhovik-reimatec-paahto-pale-rose\/#primaryimage"},"thumbnailUrl":"https:\/\/xstyle.md\/wp-content\/uploads\/2022\/01\/reimatec-paahto-pale-rose.jpg","datePublished":"2022-01-21T07:39:50+00:00","dateModified":"2026-03-04T09:27:10+00:00","description":"Jacheta Reimatec Paahto Pale Rose este alegerea ideal\u0103 pentru iarn\u0103! Cald\u0103, u\u0219oar\u0103 \u0219i elegant\u0103, cu umplutur\u0103 ridicat\u0103 \u0219i materiale ecologice.","breadcrumb":{"@id":"https:\/\/xstyle.md\/product\/puhovik-reimatec-paahto-pale-rose\/#breadcrumb"},"inLanguage":"ro-RO","potentialAction":[{"@type":"ReadAction","target":["https:\/\/xstyle.md\/product\/puhovik-reimatec-paahto-pale-rose\/"]}]},{"@type":"ImageObject","inLanguage":"ro-RO","@id":"https:\/\/xstyle.md\/product\/puhovik-reimatec-paahto-pale-rose\/#primaryimage","url":"https:\/\/xstyle.md\/wp-content\/uploads\/2022\/01\/reimatec-paahto-pale-rose.jpg","contentUrl":"https:\/\/xstyle.md\/wp-content\/uploads\/2022\/01\/reimatec-paahto-pale-rose.jpg","width":592,"height":854,"caption":"\u0420\u043e\u0437\u043e\u0432\u0438\u0439 \u043f\u0443\u0445\u043e\u0432\u0438\u043a Reimatec Paahto \u0434\u043b\u044f \u0430\u043a\u0442\u0438\u0432\u043d\u043e\u0433\u043e \u043e\u0442\u0434\u044b\u0445\u0430, \u043f\u043e\u0445\u043e\u0434\u043d\u043e\u0439 \u043e\u0434\u0435\u0436\u0434\u044b \u0438 \u043f\u0443\u0442\u0435\u0448\u0435\u0441\u0442\u0432\u0438\u0439 \u043d\u0430 \u043e\u043d\u043b\u0430\u0439\u043d \u043c\u0430\u0433\u0430\u0437\u0438\u043d\u0435 \u0441\u043f\u043e\u0440\u0442\u0438\u0432\u043d\u043e\u0439 \u043e\u0434\u0435\u0436\u0434\u044b \u0438 \u043e\u0431\u0443\u0432\u0438 \u0434\u043b\u044f \u0430\u043a\u0442\u0438\u0432\u043d\u043e\u0433\u043e \u043e\u0431\u0440\u0430\u0437\u0430 \u0436\u0438\u0437\u043d\u0438"},{"@type":"BreadcrumbList","@id":"https:\/\/xstyle.md\/product\/puhovik-reimatec-paahto-pale-rose\/#breadcrumb","itemListElement":[{"@type":"ListItem","position":1,"name":"\u0413\u043b\u0430\u0432\u043d\u0430\u044f \u0441\u0442\u0440\u0430\u043d\u0438\u0446\u0430","item":"https:\/\/xstyle.md\/"},{"@type":"ListItem","position":2,"name":"\u041c\u0430\u0433\u0430\u0437\u0438\u043d","item":"https:\/\/xstyle.md\/shop\/"},{"@type":"ListItem","position":3,"name":"\u041f\u0443\u0445\u043e\u0432\u0438\u043a Reimatec Paahto Pale rose"}]},{"@type":"WebSite","@id":"https:\/\/xstyle.md\/#website","url":"https:\/\/xstyle.md\/","name":"Magazinul X-Style","description":"Echipamente pentru turism \u0219i sporturi extreme \u00een Moldova. Pre\u021buri, fotografii, caracteristici \u00een Moldova.","publisher":{"@id":"https:\/\/xstyle.md\/#organization"},"alternateName":"X-Style","potentialAction":[{"@type":"SearchAction","target":{"@type":"EntryPoint","urlTemplate":"https:\/\/xstyle.md\/?s={search_term_string}"},"query-input":{"@type":"PropertyValueSpecification","valueRequired":true,"valueName":"search_term_string"}}],"inLanguage":"ro-RO"},{"@type":"Organization","@id":"https:\/\/xstyle.md\/#organization","name":"Magazinul X-Style","alternateName":"x-style","url":"https:\/\/xstyle.md\/","logo":{"@type":"ImageObject","inLanguage":"ro-RO","@id":"https:\/\/xstyle.md\/#\/schema\/logo\/image\/","url":"https:\/\/xstyle.md\/wp-content\/uploads\/2020\/06\/logoicon.svg","contentUrl":"https:\/\/xstyle.md\/wp-content\/uploads\/2020\/06\/logoicon.svg","caption":"\u041c\u0430\u0433\u0430\u0437\u0438\u043d Xstyle"},"image":{"@id":"https:\/\/xstyle.md\/#\/schema\/logo\/image\/"},"sameAs":["https:\/\/www.facebook.com\/xstylemd","https:\/\/www.instagram.com\/xstyle_md\/","https:\/\/t.me\/xstyle_outdoor"],"hasMerchantReturnPolicy":{"@type":"MerchantReturnPolicy","merchantReturnLink":"https:\/\/xstyle.md\/ro\/conditions\/"}}]},"product_price_amount":"2490.00","product_price_currency":"MDL","og_availability":"instock","product_availability":"instock","product_retailer_item_id":"6438429656289","product_condition":"new"},"_links":{"self":[{"href":"https:\/\/xstyle.md\/ro\/wp-json\/wp\/v2\/product\/44665","targetHints":{"allow":["GET"]}}],"collection":[{"href":"https:\/\/xstyle.md\/ro\/wp-json\/wp\/v2\/product"}],"about":[{"href":"https:\/\/xstyle.md\/ro\/wp-json\/wp\/v2\/types\/product"}],"replies":[{"embeddable":true,"href":"https:\/\/xstyle.md\/ro\/wp-json\/wp\/v2\/comments?post=44665"}],"wp:featuredmedia":[{"embeddable":true,"href":"https:\/\/xstyle.md\/ro\/wp-json\/wp\/v2\/media\/45204"}],"wp:attachment":[{"href":"https:\/\/xstyle.md\/ro\/wp-json\/wp\/v2\/media?parent=44665"}],"wp:term":[{"taxonomy":"product_brand","embeddable":true,"href":"https:\/\/xstyle.md\/ro\/wp-json\/wp\/v2\/product_brand?post=44665"},{"taxonomy":"product_cat","embeddable":true,"href":"https:\/\/xstyle.md\/ro\/wp-json\/wp\/v2\/product_cat?post=44665"},{"taxonomy":"product_tag","embeddable":true,"href":"https:\/\/xstyle.md\/ro\/wp-json\/wp\/v2\/product_tag?post=44665"}],"curies":[{"name":"wp","href":"https:\/\/api.w.org\/{rel}","templated":true}]}}