{"id":44652,"date":"2022-01-21T10:39:47","date_gmt":"2022-01-21T07:39:47","guid":{"rendered":"https:\/\/xstyle.md\/?post_type=product&#038;p=44652"},"modified":"2026-03-19T16:47:59","modified_gmt":"2026-03-19T13:47:59","slug":"bryuki-reimatec-laskija-jr-deep-ocean","status":"publish","type":"product","link":"https:\/\/xstyle.md\/ro\/produs\/bryuki-reimatec-laskija-jr-deep-ocean\/","title":{"rendered":"Pantaloni schi Reimatec Laskija JR deep ocean"},"content":{"rendered":"<p><\/p>\n<p><strong>Reimatec Laskija JR<\/strong> &#8212; sunt pantaloni de schi func\u021bionali, concepu\u021bi special pentru copiii activi. Materialul respinge eficient apa \u0219i murd\u0103ria, iar toate cus\u0103turile sunt sigilate pentru a asigura o impermeabilitate total\u0103. \u021aes\u0103tura rezistent\u0103 la v\u00e2nt \u0219i respirabil\u0103 ofer\u0103 confort \u00een zilele reci, men\u021bin\u00e2nd c\u0103ldura corpului f\u0103r\u0103 a provoca supra\u00eenc\u0103lzire. Bre\u021belele deta\u0219abile \u0219i reglabile sunt extrem de practice, garant\u00e2nd c\u0103 pantalonii r\u0103m\u00e2n fixa\u021bi \u00een timpul aventurilor intense pe p\u00e2rtie. Ranfors\u0103rile de la tiv sunt rezistente la uzur\u0103 \u0219i protejeaz\u0103 gleznele, \u00een timp ce paraz\u0103pezile interioare blocheaz\u0103 p\u0103trunderea frigului, fiind ideali at\u00e2t pentru cl\u0103pari, c\u00e2t \u0219i pentru boot-\u0219ii de snowboard.<\/p>\n<h3>Particularit\u0103\u021bi<\/h3>\n<ul>\n<li>Material Reimatec\u00ae &#8212; impermeabil, rezistent la v\u00e2nt, respirabil \u0219i resping\u0103tor de murd\u0103rie.<\/li>\n<li>Asigurat\u0103 de inser\u021biile elastice din talie.<\/li>\n<li>Izola\u021bie sintetic\u0103 sub\u021bire \u0219i flexibil\u0103, cu propriet\u0103\u021bi ridicate de izolare.<\/li>\n<li>Protec\u021bie sporit\u0103 &#8212; \u00eent\u0103rituri la baza piciorului pentru protec\u021bie \u00eempotriva t\u0103ieturilor provocate de canturile schiurilor.<\/li>\n<li>Man\u0219ete interioare anti-z\u0103pad\u0103 (paraz\u0103pezi).<\/li>\n<li>Finisaj BIONIC-FINISH\u00aeECO f\u0103r\u0103 fluorocarburi.<\/li>\n<li>Bre\u021bele elastice, reglabile \u0219i complet deta\u0219abile.<\/li>\n<li>Izola\u021bie medie \u2013 potrivit\u0103 pentru temperaturi de p\u00e2n\u0103 la -20\u00b0C.<\/li>\n<li>Rezisten\u021b\u0103 la abraziune de cel pu\u021bin 30.000 cicluri.<\/li>\n<\/ul>\n<h3>Caracteristici<\/h3>\n<ul>\n<li>Material &#8212; 100% poliester, strat de poliuretan<\/li>\n<li>Sezon &#8212; Iarn\u0103<\/li>\n<li>Respirabilitate &#8212; 5000 g\/m\u00b2\/24h<\/li>\n<li>Impermeabilitate &#8212; 10000 mm<\/li>\n<\/ul>\n<h3>Tehnologii<\/h3>\n<ul>\n<li><strong>BIONIC-FINISH<\/strong>\u00ae <strong>ECO <\/strong>&#8212; este un sistem unic \u0219i patentat care protejeaz\u0103 materialele textile \u00eempotriva apei \u0219i a altor influen\u021be externe. Acesta asigur\u0103 o protec\u021bie uniform\u0103 a fibrelor, f\u0103c\u00e2nd \u021bes\u0103tura mai rezistent\u0103 \u0219i mai durabil\u0103 la uzur\u0103. \u00cenveli\u0219ul are propriet\u0103\u021bi hidrofobe (respinge apa) \u0219i respirabile, protejeaz\u0103 \u00eempotriva murd\u0103riei \u0219i, \u00een plus, este hipoalergenic. Aceast\u0103 impregnare va permite materialului jachetei dumneavoastr\u0103 s\u0103 \u00ee\u0219i p\u0103streze propriet\u0103\u021bile ini\u021biale \u0219i aspectul impecabil pentru o perioad\u0103 lung\u0103 de timp.<br \/>\n<\/li>\n<\/ul>\n<h3>Marca<\/h3>\n<p>Reima \u2014 lider mondial \u00een produc\u021bia de \u00eembr\u0103c\u0103minte func\u021bional\u0103 \u0219i \u00eenc\u0103l\u021b\u0103minte pentru copii pentru plimb\u0103ri active pe strad\u0103 \u00een orice vreme. Este asociat cu cea mai \u00eenalt\u0103 calitate \u0219i este v\u00e2ndut \u00een multe \u021b\u0103ri din \u00eentreaga lume. Principiile fundamentale ale designului sunt: func\u021bionalitate, siguran\u021b\u0103, fiabilitate \u0219i inova\u021bie. Reima satisface nevoile copiilor activi cu \u00eembr\u0103c\u0103minte exterioar\u0103 u\u0219oar\u0103, respirabil\u0103, cu o membran\u0103 care poate fi asortat\u0103 cu lenjerie termic\u0103 \u0219i lenjerie de corp.<\/p>\n<p>Misiunea principal\u0103 a m\u0103rcii este de a \u00eencuraja copiii s\u0103 descopere bucuria mi\u0219c\u0103rii, iar ideea de afaceri este aceea de a oferi copiilor activi cu v\u00e2rsta cuprins\u0103 \u00eentre 0 \u0219i 12 ani o garderob\u0103 cuprinz\u0103toare de calitate pentru orice anotimp.<\/p>","protected":false},"excerpt":{"rendered":"<p>\u0411\u0440\u0435\u043d\u0434 Reima &#8212; \u043c\u0438\u0440\u043e\u0432\u043e\u0439 \u043b\u0438\u0434\u0435\u0440 \u043f\u043e \u043f\u0440\u043e\u0438\u0437\u0432\u043e\u0434\u0441\u0442\u0432\u0443 \u0444\u0443\u043d\u043a\u0446\u0438\u043e\u043d\u0430\u043b\u044c\u043d\u043e\u0439 \u0434\u0435\u0442\u0441\u043a\u043e\u0439 \u043e\u0434\u0435\u0436\u0434\u044b \u0438 \u043e\u0431\u0443\u0432\u0438 \u0434\u043b\u044f \u0430\u043a\u0442\u0438\u0432\u043d\u044b\u0445 \u043f\u0440\u043e\u0433\u0443\u043b\u043e\u043a \u043d\u0430 \u0443\u043b\u0438\u0446\u0435 \u043f\u0440\u0438 \u043b\u044e\u0431\u043e\u0439 \u043f\u043e\u0433\u043e\u0434\u0435. \u041e\u043d \u0430\u0441\u0441\u043e\u0446\u0438\u0438\u0440\u0443\u0435\u0442\u0441\u044f \u0441 \u0432\u044b\u0441\u043e\u0447\u0430\u0439\u0448\u0438\u043c \u043a\u0430\u0447\u0435\u0441\u0442\u0432\u043e\u043c \u0438 \u0440\u0435\u0430\u043b\u0438\u0437\u0443\u044e\u0442\u0441\u044f \u0432\u043e \u043c\u043d\u043e\u0433\u0438\u0445 \u0441\u0442\u0440\u0430\u043d\u0430\u0445 \u043c\u0438\u0440\u0430. \u041e\u0441\u043d\u043e\u0432\u043e\u043f\u043e\u043b\u0430\u0433\u0430\u044e\u0449\u0438\u043c\u0438 \u043f\u0440\u0438\u043d\u0446\u0438\u043f\u0430\u043c\u0438 \u0434\u0438\u0437\u0430\u0439\u043d\u0430 \u044f\u0432\u043b\u044f\u044e\u0442\u0441\u044f: \u0444\u0443\u043d\u043a\u0446\u0438\u043e\u043d\u0430\u043b\u044c\u043d\u043e\u0441\u0442\u044c, \u0431\u0435\u0437\u043e\u043f\u0430\u0441\u043d\u043e\u0441\u0442\u044c, \u043d\u0430\u0434\u0435\u0436\u043d\u043e\u0441\u0442\u044c \u0438 \u043d\u043e\u0432\u0430\u0442\u043e\u0440\u0441\u0442\u0432\u043e. Reima \u043e\u0440\u0438\u0435\u043d\u0442\u0438\u0440\u0443\u0435\u0442\u0441\u044f \u043d\u0430 \u043f\u043e\u0442\u0440\u0435\u0431\u043d\u043e\u0441\u0442\u0438 \u0430\u043a\u0442\u0438\u0432\u043d\u044b\u0445 \u0434\u0435\u0442\u0435\u0439, \u0432\u044b\u043f\u0443\u0441\u043a\u0430\u044f \u043b\u0435\u0433\u043a\u0443\u044e, \u0434\u044b\u0448\u0430\u0449\u0443\u044e \u0432\u0435\u0440\u0445\u043d\u044e\u044e \u043e\u0434\u0435\u0436\u0434\u0443 \u0441 \u043c\u0435\u043c\u0431\u0440\u0430\u043d\u043e\u0439, \u043a \u043a\u043e\u0442\u043e\u0440\u043e\u0439 [&hellip;]<\/p>\n","protected":false},"featured_media":99985,"comment_status":"open","ping_status":"closed","template":"","meta":{"_acf_changed":false,"inline_featured_image":false},"product_brand":[1403],"product_cat":[281],"product_tag":[],"class_list":{"0":"post-44652","1":"product","2":"type-product","3":"status-publish","4":"has-post-thumbnail","6":"product_brand-reima","7":"product_cat-kid-trousers","9":"first","10":"instock","11":"shipping-taxable","12":"purchasable","13":"product-type-simple"},"acf":[],"yoast_head":"<!-- This site is optimized with the Yoast SEO plugin v27.2 - https:\/\/yoast.com\/product\/yoast-seo-wordpress\/ -->\n<title>\u0411\u0440\u044e\u043a\u0438 Reimatec Laskija JR deep ocean - \u041c\u0430\u0433\u0430\u0437\u0438\u043d Xstyle<\/title>\n<meta name=\"description\" content=\"\u041e\u0442\u043a\u0440\u043e\u0439\u0442\u0435 \u0434\u043b\u044f \u0441\u0435\u0431\u044f \u0431\u0440\u044e\u043a\u0438 Reimatec Laskija JR deep ocean \u2013 \u0438\u0434\u0435\u0430\u043b\u044c\u043d\u044b\u0439 \u0432\u044b\u0431\u043e\u0440 \u0434\u043b\u044f \u0430\u043a\u0442\u0438\u0432\u043d\u044b\u0445 \u0434\u0435\u0442\u0435\u0439. \u0412\u043e\u0434\u043e\u043d\u0435\u043f\u0440\u043e\u043d\u0438\u0446\u0430\u0435\u043c\u044b\u0435, \u0434\u044b\u0448\u0430\u0449\u0438\u0435 \u0438 \u044d\u043a\u043e\u043b\u043e\u0433\u0438\u0447\u043d\u044b\u0435!\" \/>\n<meta name=\"robots\" content=\"index, follow, max-snippet:-1, max-image-preview:large, max-video-preview:-1\" \/>\n<link rel=\"canonical\" href=\"https:\/\/xstyle.md\/ro\/produs\/bryuki-reimatec-laskija-jr-deep-ocean\/\" \/>\n<meta property=\"og:locale\" content=\"ro_RO\" \/>\n<meta property=\"og:type\" content=\"article\" \/>\n<meta property=\"og:title\" content=\"\u0411\u0440\u044e\u043a\u0438 Reimatec Laskija JR deep ocean - \u041c\u0430\u0433\u0430\u0437\u0438\u043d Xstyle\" \/>\n<meta property=\"og:description\" content=\"\u041e\u0442\u043a\u0440\u043e\u0439\u0442\u0435 \u0434\u043b\u044f \u0441\u0435\u0431\u044f \u0431\u0440\u044e\u043a\u0438 Reimatec Laskija JR deep ocean \u2013 \u0438\u0434\u0435\u0430\u043b\u044c\u043d\u044b\u0439 \u0432\u044b\u0431\u043e\u0440 \u0434\u043b\u044f \u0430\u043a\u0442\u0438\u0432\u043d\u044b\u0445 \u0434\u0435\u0442\u0435\u0439. \u0412\u043e\u0434\u043e\u043d\u0435\u043f\u0440\u043e\u043d\u0438\u0446\u0430\u0435\u043c\u044b\u0435, \u0434\u044b\u0448\u0430\u0449\u0438\u0435 \u0438 \u044d\u043a\u043e\u043b\u043e\u0433\u0438\u0447\u043d\u044b\u0435!\" \/>\n<meta property=\"og:url\" content=\"https:\/\/xstyle.md\/ro\/produs\/bryuki-reimatec-laskija-jr-deep-ocean\/\" \/>\n<meta property=\"og:site_name\" content=\"\u041c\u0430\u0433\u0430\u0437\u0438\u043d Xstyle\" \/>\n<meta property=\"article:publisher\" content=\"https:\/\/www.facebook.com\/xstylemd\" \/>\n<meta property=\"article:modified_time\" content=\"2026-03-19T13:47:59+00:00\" \/>\n<meta property=\"og:image\" content=\"https:\/\/xstyle.md\/wp-content\/uploads\/2022\/01\/reimatec-laskija-jr-deep-ocean-1.webp\" \/>\n\t<meta property=\"og:image:width\" content=\"1200\" \/>\n\t<meta property=\"og:image:height\" content=\"1200\" \/>\n\t<meta property=\"og:image:type\" content=\"image\/webp\" \/>\n<meta name=\"twitter:card\" content=\"summary_large_image\" \/>\n<meta name=\"twitter:label1\" content=\"Pre\u021b\" \/>\n\t<meta name=\"twitter:data1\" content=\"1.950&nbsp;MDL\" \/>\n\t<meta name=\"twitter:label2\" content=\"Disponibilitate\" \/>\n\t<meta name=\"twitter:data2\" content=\"\u00cen stoc\" \/>\n<script type=\"application\/ld+json\" class=\"yoast-schema-graph\">{\"@context\":\"https:\/\/schema.org\",\"@graph\":[{\"@type\":\"WebPage\",\"@id\":\"https:\/\/xstyle.md\/product\/bryuki-reimatec-laskija-jr-deep-ocean\/\",\"url\":\"https:\/\/xstyle.md\/product\/bryuki-reimatec-laskija-jr-deep-ocean\/\",\"name\":\"\u0411\u0440\u044e\u043a\u0438 Reimatec Laskija JR deep ocean - \u041c\u0430\u0433\u0430\u0437\u0438\u043d Xstyle\",\"isPartOf\":{\"@id\":\"https:\/\/xstyle.md\/#website\"},\"primaryImageOfPage\":{\"@id\":\"https:\/\/xstyle.md\/product\/bryuki-reimatec-laskija-jr-deep-ocean\/#primaryimage\"},\"image\":{\"@id\":\"https:\/\/xstyle.md\/product\/bryuki-reimatec-laskija-jr-deep-ocean\/#primaryimage\"},\"thumbnailUrl\":\"https:\/\/xstyle.md\/wp-content\/uploads\/2022\/01\/reimatec-laskija-jr-deep-ocean-1.webp\",\"datePublished\":\"2022-01-21T07:39:47+00:00\",\"dateModified\":\"2026-03-19T13:47:59+00:00\",\"description\":\"\u041e\u0442\u043a\u0440\u043e\u0439\u0442\u0435 \u0434\u043b\u044f \u0441\u0435\u0431\u044f \u0431\u0440\u044e\u043a\u0438 Reimatec Laskija JR deep ocean \u2013 \u0438\u0434\u0435\u0430\u043b\u044c\u043d\u044b\u0439 \u0432\u044b\u0431\u043e\u0440 \u0434\u043b\u044f \u0430\u043a\u0442\u0438\u0432\u043d\u044b\u0445 \u0434\u0435\u0442\u0435\u0439. \u0412\u043e\u0434\u043e\u043d\u0435\u043f\u0440\u043e\u043d\u0438\u0446\u0430\u0435\u043c\u044b\u0435, \u0434\u044b\u0448\u0430\u0449\u0438\u0435 \u0438 \u044d\u043a\u043e\u043b\u043e\u0433\u0438\u0447\u043d\u044b\u0435!\",\"breadcrumb\":{\"@id\":\"https:\/\/xstyle.md\/product\/bryuki-reimatec-laskija-jr-deep-ocean\/#breadcrumb\"},\"inLanguage\":\"ro-RO\",\"potentialAction\":[{\"@type\":\"ReadAction\",\"target\":[\"https:\/\/xstyle.md\/product\/bryuki-reimatec-laskija-jr-deep-ocean\/\"]}]},{\"@type\":\"ImageObject\",\"inLanguage\":\"ro-RO\",\"@id\":\"https:\/\/xstyle.md\/product\/bryuki-reimatec-laskija-jr-deep-ocean\/#primaryimage\",\"url\":\"https:\/\/xstyle.md\/wp-content\/uploads\/2022\/01\/reimatec-laskija-jr-deep-ocean-1.webp\",\"contentUrl\":\"https:\/\/xstyle.md\/wp-content\/uploads\/2022\/01\/reimatec-laskija-jr-deep-ocean-1.webp\",\"width\":1200,\"height\":1200,\"caption\":\"\u0422\u0430\u043c\u0431\u043e\u0432\u0441\u043a\u0438\u0435 \u0431\u0440\u044e\u043a\u0438 Reimatec Laskija JR \u0434\u043b\u044f \u0430\u043a\u0442\u0438\u0432\u043d\u043e\u0439 \u0436\u0438\u0437\u043d\u0438, \u043e\u0434\u0435\u0436\u0434\u044b \u0438 \u043e\u0431\u0443\u0432\u0438 \u0434\u043b\u044f \u043f\u043e\u0445\u043e\u0434\u043e\u0432, \u0430\u043b\u044c\u043f\u0438\u043d\u0438\u0437\u043c\u0430 \u0438 \u043f\u0443\u0442\u0435\u0448\u0435\u0441\u0442\u0432\u0438\u0439, \u0433\u043b\u0443\u0431\u043e\u043a\u0438\u0439 \u043e\u043a\u0435\u0430\u043d\"},{\"@type\":\"BreadcrumbList\",\"@id\":\"https:\/\/xstyle.md\/product\/bryuki-reimatec-laskija-jr-deep-ocean\/#breadcrumb\",\"itemListElement\":[{\"@type\":\"ListItem\",\"position\":1,\"name\":\"\u0413\u043b\u0430\u0432\u043d\u0430\u044f \u0441\u0442\u0440\u0430\u043d\u0438\u0446\u0430\",\"item\":\"https:\/\/xstyle.md\/\"},{\"@type\":\"ListItem\",\"position\":2,\"name\":\"\u041c\u0430\u0433\u0430\u0437\u0438\u043d\",\"item\":\"https:\/\/xstyle.md\/shop\/\"},{\"@type\":\"ListItem\",\"position\":3,\"name\":\"\u0411\u0440\u044e\u043a\u0438 Reimatec Laskija JR deep ocean\"}]},{\"@type\":\"WebSite\",\"@id\":\"https:\/\/xstyle.md\/#website\",\"url\":\"https:\/\/xstyle.md\/\",\"name\":\"\u041c\u0430\u0433\u0430\u0437\u0438\u043d Xstyle\",\"description\":\"C\u043d\u0430\u0440\u044f\u0436\u0435\u043d\u0438\u0435 \u0434\u043b\u044f \u0442\u0443\u0440\u0438\u0437\u043c\u0430 \u0438 \u044d\u043a\u0441\u0442\u0440\u0435\u043c\u0430\u043b\u044c\u043d\u044b\u0445 \u0432\u0438\u0434\u043e\u0432 \u0441\u043f\u043e\u0440\u0442\u0430 \u0432 \u041c\u043e\u043b\u0434\u043e\u0432\u0435.. \u0426\u0435\u043d\u044b, \u0444\u043e\u0442\u043e, \u0445\u0430\u0440\u0430\u043a\u0442\u0435\u0440\u0438\u0441\u0442\u0438\u043a\u0438 \u0432 \u041c\u043e\u043b\u0434\u043e\u0432\u0435.\",\"publisher\":{\"@id\":\"https:\/\/xstyle.md\/#organization\"},\"alternateName\":\"X-Style\",\"potentialAction\":[{\"@type\":\"SearchAction\",\"target\":{\"@type\":\"EntryPoint\",\"urlTemplate\":\"https:\/\/xstyle.md\/?s={search_term_string}\"},\"query-input\":{\"@type\":\"PropertyValueSpecification\",\"valueRequired\":true,\"valueName\":\"search_term_string\"}}],\"inLanguage\":\"ro-RO\"},{\"@type\":\"Organization\",\"@id\":\"https:\/\/xstyle.md\/#organization\",\"name\":\"\u041c\u0430\u0433\u0430\u0437\u0438\u043d Xstyle\",\"alternateName\":\"x-style\",\"url\":\"https:\/\/xstyle.md\/\",\"logo\":{\"@type\":\"ImageObject\",\"inLanguage\":\"ro-RO\",\"@id\":\"https:\/\/xstyle.md\/#\/schema\/logo\/image\/\",\"url\":\"https:\/\/xstyle.md\/wp-content\/uploads\/2020\/06\/logoicon.svg\",\"contentUrl\":\"https:\/\/xstyle.md\/wp-content\/uploads\/2020\/06\/logoicon.svg\",\"caption\":\"\u041c\u0430\u0433\u0430\u0437\u0438\u043d Xstyle\"},\"image\":{\"@id\":\"https:\/\/xstyle.md\/#\/schema\/logo\/image\/\"},\"sameAs\":[\"https:\/\/www.facebook.com\/xstylemd\",\"https:\/\/www.instagram.com\/xstyle_md\/\",\"https:\/\/t.me\/xstyle_outdoor\"],\"hasMerchantReturnPolicy\":{\"@type\":\"MerchantReturnPolicy\",\"merchantReturnLink\":\"https:\/\/xstyle.md\/ro\/conditions\/\"}}]}<\/script>\n<meta property=\"product:price:amount\" content=\"1950.00\" \/>\n<meta property=\"product:price:currency\" content=\"MDL\" \/>\n<meta property=\"og:availability\" content=\"instock\" \/>\n<meta property=\"product:availability\" content=\"instock\" \/>\n<meta property=\"product:retailer_item_id\" content=\"6438429641995\" \/>\n<meta property=\"product:condition\" content=\"new\" \/>\n<!-- \/ Yoast SEO plugin. -->","yoast_head_json":{"title":"Pantaloni Reimatec Laskija JR deep ocean - Magazin Xstyle","description":"Descoperi\u021bi pantalonii Reimatec Laskija JR deep ocean \u2013 alegerea perfect\u0103 pentru copii activi. Sunt impermeabili, respirabili \u0219i ecologici!","robots":{"index":"index","follow":"follow","max-snippet":"max-snippet:-1","max-image-preview":"max-image-preview:large","max-video-preview":"max-video-preview:-1"},"canonical":"https:\/\/xstyle.md\/ro\/produs\/bryuki-reimatec-laskija-jr-deep-ocean\/","og_locale":"ro_RO","og_type":"article","og_title":"\u0411\u0440\u044e\u043a\u0438 Reimatec Laskija JR deep ocean - \u041c\u0430\u0433\u0430\u0437\u0438\u043d Xstyle","og_description":"\u041e\u0442\u043a\u0440\u043e\u0439\u0442\u0435 \u0434\u043b\u044f \u0441\u0435\u0431\u044f \u0431\u0440\u044e\u043a\u0438 Reimatec Laskija JR deep ocean \u2013 \u0438\u0434\u0435\u0430\u043b\u044c\u043d\u044b\u0439 \u0432\u044b\u0431\u043e\u0440 \u0434\u043b\u044f \u0430\u043a\u0442\u0438\u0432\u043d\u044b\u0445 \u0434\u0435\u0442\u0435\u0439. \u0412\u043e\u0434\u043e\u043d\u0435\u043f\u0440\u043e\u043d\u0438\u0446\u0430\u0435\u043c\u044b\u0435, \u0434\u044b\u0448\u0430\u0449\u0438\u0435 \u0438 \u044d\u043a\u043e\u043b\u043e\u0433\u0438\u0447\u043d\u044b\u0435!","og_url":"https:\/\/xstyle.md\/ro\/produs\/bryuki-reimatec-laskija-jr-deep-ocean\/","og_site_name":"\u041c\u0430\u0433\u0430\u0437\u0438\u043d Xstyle","article_publisher":"https:\/\/www.facebook.com\/xstylemd","article_modified_time":"2026-03-19T13:47:59+00:00","og_image":[{"width":1200,"height":1200,"url":"https:\/\/xstyle.md\/wp-content\/uploads\/2022\/01\/reimatec-laskija-jr-deep-ocean-1.webp","type":"image\/webp"}],"twitter_card":"summary_large_image","twitter_misc":{"Pre\u021b":"1.950&nbsp;MDL","Disponibilitate":"\u00cen stoc"},"schema":{"@context":"https:\/\/schema.org","@graph":[{"@type":"WebPage","@id":"https:\/\/xstyle.md\/product\/bryuki-reimatec-laskija-jr-deep-ocean\/","url":"https:\/\/xstyle.md\/product\/bryuki-reimatec-laskija-jr-deep-ocean\/","name":"Pantaloni Reimatec Laskija JR deep ocean - Magazin Xstyle","isPartOf":{"@id":"https:\/\/xstyle.md\/#website"},"primaryImageOfPage":{"@id":"https:\/\/xstyle.md\/product\/bryuki-reimatec-laskija-jr-deep-ocean\/#primaryimage"},"image":{"@id":"https:\/\/xstyle.md\/product\/bryuki-reimatec-laskija-jr-deep-ocean\/#primaryimage"},"thumbnailUrl":"https:\/\/xstyle.md\/wp-content\/uploads\/2022\/01\/reimatec-laskija-jr-deep-ocean-1.webp","datePublished":"2022-01-21T07:39:47+00:00","dateModified":"2026-03-19T13:47:59+00:00","description":"Descoperi\u021bi pantalonii Reimatec Laskija JR deep ocean \u2013 alegerea perfect\u0103 pentru copii activi. Sunt impermeabili, respirabili \u0219i ecologici!","breadcrumb":{"@id":"https:\/\/xstyle.md\/product\/bryuki-reimatec-laskija-jr-deep-ocean\/#breadcrumb"},"inLanguage":"ro-RO","potentialAction":[{"@type":"ReadAction","target":["https:\/\/xstyle.md\/product\/bryuki-reimatec-laskija-jr-deep-ocean\/"]}]},{"@type":"ImageObject","inLanguage":"ro-RO","@id":"https:\/\/xstyle.md\/product\/bryuki-reimatec-laskija-jr-deep-ocean\/#primaryimage","url":"https:\/\/xstyle.md\/wp-content\/uploads\/2022\/01\/reimatec-laskija-jr-deep-ocean-1.webp","contentUrl":"https:\/\/xstyle.md\/wp-content\/uploads\/2022\/01\/reimatec-laskija-jr-deep-ocean-1.webp","width":1200,"height":1200,"caption":"\u0422\u0430\u043c\u0431\u043e\u0432\u0441\u043a\u0438\u0435 \u0431\u0440\u044e\u043a\u0438 Reimatec Laskija JR \u0434\u043b\u044f \u0430\u043a\u0442\u0438\u0432\u043d\u043e\u0439 \u0436\u0438\u0437\u043d\u0438, \u043e\u0434\u0435\u0436\u0434\u044b \u0438 \u043e\u0431\u0443\u0432\u0438 \u0434\u043b\u044f \u043f\u043e\u0445\u043e\u0434\u043e\u0432, \u0430\u043b\u044c\u043f\u0438\u043d\u0438\u0437\u043c\u0430 \u0438 \u043f\u0443\u0442\u0435\u0448\u0435\u0441\u0442\u0432\u0438\u0439, \u0433\u043b\u0443\u0431\u043e\u043a\u0438\u0439 \u043e\u043a\u0435\u0430\u043d"},{"@type":"BreadcrumbList","@id":"https:\/\/xstyle.md\/product\/bryuki-reimatec-laskija-jr-deep-ocean\/#breadcrumb","itemListElement":[{"@type":"ListItem","position":1,"name":"\u0413\u043b\u0430\u0432\u043d\u0430\u044f \u0441\u0442\u0440\u0430\u043d\u0438\u0446\u0430","item":"https:\/\/xstyle.md\/"},{"@type":"ListItem","position":2,"name":"\u041c\u0430\u0433\u0430\u0437\u0438\u043d","item":"https:\/\/xstyle.md\/shop\/"},{"@type":"ListItem","position":3,"name":"\u0411\u0440\u044e\u043a\u0438 Reimatec Laskija JR deep ocean"}]},{"@type":"WebSite","@id":"https:\/\/xstyle.md\/#website","url":"https:\/\/xstyle.md\/","name":"Magazinul X-Style","description":"Echipamente pentru turism \u0219i sporturi extreme \u00een Moldova. Pre\u021buri, fotografii, caracteristici \u00een Moldova.","publisher":{"@id":"https:\/\/xstyle.md\/#organization"},"alternateName":"X-Style","potentialAction":[{"@type":"SearchAction","target":{"@type":"EntryPoint","urlTemplate":"https:\/\/xstyle.md\/?s={search_term_string}"},"query-input":{"@type":"PropertyValueSpecification","valueRequired":true,"valueName":"search_term_string"}}],"inLanguage":"ro-RO"},{"@type":"Organization","@id":"https:\/\/xstyle.md\/#organization","name":"Magazinul X-Style","alternateName":"x-style","url":"https:\/\/xstyle.md\/","logo":{"@type":"ImageObject","inLanguage":"ro-RO","@id":"https:\/\/xstyle.md\/#\/schema\/logo\/image\/","url":"https:\/\/xstyle.md\/wp-content\/uploads\/2020\/06\/logoicon.svg","contentUrl":"https:\/\/xstyle.md\/wp-content\/uploads\/2020\/06\/logoicon.svg","caption":"\u041c\u0430\u0433\u0430\u0437\u0438\u043d Xstyle"},"image":{"@id":"https:\/\/xstyle.md\/#\/schema\/logo\/image\/"},"sameAs":["https:\/\/www.facebook.com\/xstylemd","https:\/\/www.instagram.com\/xstyle_md\/","https:\/\/t.me\/xstyle_outdoor"],"hasMerchantReturnPolicy":{"@type":"MerchantReturnPolicy","merchantReturnLink":"https:\/\/xstyle.md\/ro\/conditions\/"}}]},"product_price_amount":"1950.00","product_price_currency":"MDL","og_availability":"instock","product_availability":"instock","product_retailer_item_id":"6438429641995","product_condition":"new"},"post_mailing_queue_ids":[],"_links":{"self":[{"href":"https:\/\/xstyle.md\/ro\/wp-json\/wp\/v2\/product\/44652","targetHints":{"allow":["GET"]}}],"collection":[{"href":"https:\/\/xstyle.md\/ro\/wp-json\/wp\/v2\/product"}],"about":[{"href":"https:\/\/xstyle.md\/ro\/wp-json\/wp\/v2\/types\/product"}],"replies":[{"embeddable":true,"href":"https:\/\/xstyle.md\/ro\/wp-json\/wp\/v2\/comments?post=44652"}],"wp:featuredmedia":[{"embeddable":true,"href":"https:\/\/xstyle.md\/ro\/wp-json\/wp\/v2\/media\/99985"}],"wp:attachment":[{"href":"https:\/\/xstyle.md\/ro\/wp-json\/wp\/v2\/media?parent=44652"}],"wp:term":[{"taxonomy":"product_brand","embeddable":true,"href":"https:\/\/xstyle.md\/ro\/wp-json\/wp\/v2\/product_brand?post=44652"},{"taxonomy":"product_cat","embeddable":true,"href":"https:\/\/xstyle.md\/ro\/wp-json\/wp\/v2\/product_cat?post=44652"},{"taxonomy":"product_tag","embeddable":true,"href":"https:\/\/xstyle.md\/ro\/wp-json\/wp\/v2\/product_tag?post=44652"}],"curies":[{"name":"wp","href":"https:\/\/api.w.org\/{rel}","templated":true}]}}