{"id":44642,"date":"2022-01-21T10:39:45","date_gmt":"2022-01-21T07:39:45","guid":{"rendered":"https:\/\/xstyle.md\/?post_type=product&#038;p=44642"},"modified":"2026-03-04T12:26:57","modified_gmt":"2026-03-04T09:26:57","slug":"botinki-reimatec-ehtii-jr-cinnamon-brown","status":"publish","type":"product","link":"https:\/\/xstyle.md\/ro\/produs\/botinki-reimatec-ehtii-jr-cinnamon-brown\/","title":{"rendered":"Bocanci Reimatec Ehtii JR cinnamon brown"},"content":{"rendered":"<\/p>\n<p><strong>Reimatec Ehtii JR <\/strong>&#8212; sunt bocanci pentru copii impermeabili \u0219i eleganti, fabricati din materiale de calitate \u0219i ecologice. Foarte u\u0219or \u0219i confortabil de purtat. Ace\u0219ti bocanci le permit tinerilor aventurieri urbani s\u0103 exploreze cu u\u0219urin\u021b\u0103 noi minuni naturale, p\u0103str\u00e2ndu-le picioarele uscate \u00een ciuda stropilor accidentale. Partea superioar\u0103 este u\u0219oar\u0103 \u0219i confortabil\u0103, realizat\u0103 din piele \u0219i material textil. Talpa exterioar\u0103 Vibram asigur\u0103 o trac\u021biune excelent\u0103, iar \u0219ireturile elastice fac ca \u00eenc\u0103l\u021barea bocancilor s\u0103 fie rapid\u0103 \u0219i u\u0219oar\u0103.<\/p>\n<h3>Particularit\u0103\u021bi<\/h3>\n<ul>\n<li>Talp\u0103 exterioar\u0103 Vibram Ecostep din cauciuc reciclat 30%<\/li>\n<li>C\u0103ptu\u0219eal\u0103 textil\u0103 confortabil\u0103<\/li>\n<li>T\u0103lpile Happy Fit cu imprimeu deta\u0219abil faciliteaz\u0103 g\u0103sirea m\u0103rimii potrivite<\/li>\n<li>\u00cenchidere elastic\u0103 cu \u0219ireturi pentru o \u00eenc\u0103l\u021bare rapid\u0103 \u0219i u\u0219oar\u0103<\/li>\n<li>Detalii reflectorizante pentru o mai mare siguran\u021b\u0103<\/li>\n<li>\u00cenveli\u0219 f\u0103r\u0103 fluorocarbon rezistent la ap\u0103 \u0219i murd\u0103rie.<\/li>\n<\/ul>\n<h3>Caracteristici<\/h3>\n<ul>\n<li>Material &#8212; pielea, material textil<\/li>\n<li>Talp\u0103 &#8212; Vibram Ecostep<\/li>\n<li>Destina\u021bie &#8212; ora\u0219<\/li>\n<li>Sezonul &#8212; demi-sezon.<\/li>\n<\/ul>\n<h3>Tehnologie<\/h3>\n<ul>\n<li><strong>Vibram Ecostep<\/strong> &#8212; talp\u0103 ecologic\u0103 realizat\u0103 din cauciuc reciclat. O combina\u021bie inovatoare de stabilitate \u0219i performan\u021b\u0103 care ofer\u0103 durabilitate sporit\u0103 \u0219i trac\u021biune \u00eembun\u0103t\u0103\u021bit\u0103 pe suprafe\u021be uscate \u0219i umede.<\/li>\n<li><strong>BIONIC-FINISH<\/strong>\u00ae<strong>ECO<\/strong> &#8212; un sistem unic, patentat, care protejeaz\u0103 textilele de ap\u0103 \u0219i alte influen\u021be. Acesta asigur\u0103 o protec\u021bie uniform\u0103 a fibrelor, ceea ce face ca \u021bes\u0103tura s\u0103 fie mai durabil\u0103 \u0219i mai rezistent\u0103 la uzur\u0103. Acoperirea este hidrofug\u0103 \u0219i respirabil\u0103, protejeaz\u0103 \u00eempotriva murd\u0103riei \u0219i este, de asemenea, hipoalergenic\u0103. Aceast\u0103 impregnare va permite \u021bes\u0103turii jachetei dvs. s\u0103 \u00ee\u0219i p\u0103streze propriet\u0103\u021bile \u0219i aspectul original pentru o perioad\u0103 lung\u0103 de timp.<\/li>\n<\/ul>\n<h3>Marca<\/h3>\n<p>Reima este lider mondial \u00een domeniul \u00eembr\u0103c\u0103mintei \u0219i \u00eenc\u0103l\u021b\u0103mintei func\u021bionale pentru copii, pentru activit\u0103\u021bi active \u00een aer liber, pe orice vreme. Este asociat\u0103 cu cea mai \u00eenalt\u0103 calitate \u0219i este comercializat\u0103 \u00een multe \u021b\u0103ri din \u00eentreaga lume. Principiile care stau la baza proiect\u0103rii sunt: func\u021bionalitate, siguran\u021b\u0103, fiabilitate \u0219i inova\u021bie. Reima se concentreaz\u0103 pe nevoile copiilor activi, cu \u00eembr\u0103c\u0103minte exterioar\u0103 u\u0219oar\u0103, respirabil\u0103, acoperit\u0103 cu membran\u0103, la care se adapteaz\u0103 lenjeria de corp termic\u0103 \u0219i hainele exterioare.<\/p>\n<p>Misiunea principal\u0103 a m\u0103rcii este de a \u00eencuraja copiii s\u0103 descopere bucuria mi\u0219c\u0103rii, iar ideea de afaceri este de a oferi copiilor activi cu v\u00e2rste cuprinse \u00eentre 0 \u0219i 12 ani o garderob\u0103 complet\u0103 de calitate pentru toate anotimpurile.<\/p>\n<p>","protected":false},"excerpt":{"rendered":"","protected":false},"featured_media":44916,"comment_status":"open","ping_status":"closed","template":"","meta":{"_acf_changed":false,"inline_featured_image":false},"product_brand":[1403],"product_cat":[853],"product_tag":[],"class_list":{"0":"post-44642","1":"product","2":"type-product","3":"status-publish","4":"has-post-thumbnail","6":"product_brand-reima","7":"product_cat-kids-fall-winter","9":"first","10":"instock","11":"shipping-taxable","12":"purchasable","13":"product-type-simple"},"acf":[],"yoast_head":"<!-- This site is optimized with the Yoast SEO plugin v27.2 - https:\/\/yoast.com\/product\/yoast-seo-wordpress\/ -->\n<title>\u0411\u043e\u0442\u0438\u043d\u043a\u0438 Reimatec Ehtii JR cinnamon brown - \u041c\u0430\u0433\u0430\u0437\u0438\u043d Xstyle<\/title>\n<meta name=\"description\" content=\"\u0411\u043e\u0442\u0438\u043d\u043a\u0438 Reimatec Ehtii JR \u0446\u0432\u0435\u0442 \u043a\u043e\u0440\u0438\u0447\u043d\u0435\u0432\u044b\u043c\u0438 \u0438\u0437 \u044d\u043a\u043e\u043b\u043e\u0433\u0438\u0447\u043d\u044b\u0445 \u043c\u0430\u0442\u0435\u0440\u0438\u0430\u043b\u043e\u0432. \u041b\u0435\u0433\u043a\u0438\u0435, \u0441\u0442\u0438\u043b\u044c\u043d\u044b\u0435 \u0438 \u0432\u043e\u0434\u043e\u043d\u0435\u043f\u0440\u043e\u043c\u043e\u043a\u0430\u0435\u043c\u044b\u0435 \u0434\u043b\u044f \u0430\u043a\u0442\u0438\u0432\u043d\u044b\u0445 \u0434\u0435\u0442\u0435\u0439. \u0418\u0434\u0435\u0430\u043b\u044c\u043d\u044b \u0434\u043b\u044f \u043f\u0440\u0438\u043a\u043b\u044e\u0447\u0435\u043d\u0438\u0439!\" \/>\n<meta name=\"robots\" content=\"index, follow, max-snippet:-1, max-image-preview:large, max-video-preview:-1\" \/>\n<link rel=\"canonical\" href=\"https:\/\/xstyle.md\/ro\/produs\/botinki-reimatec-ehtii-jr-cinnamon-brown\/\" \/>\n<meta property=\"og:locale\" content=\"ro_RO\" \/>\n<meta property=\"og:type\" content=\"article\" \/>\n<meta property=\"og:title\" content=\"\u0411\u043e\u0442\u0438\u043d\u043a\u0438 Reimatec Ehtii JR cinnamon brown - \u041c\u0430\u0433\u0430\u0437\u0438\u043d Xstyle\" \/>\n<meta property=\"og:description\" content=\"\u0411\u043e\u0442\u0438\u043d\u043a\u0438 Reimatec Ehtii JR \u0446\u0432\u0435\u0442 \u043a\u043e\u0440\u0438\u0447\u043d\u0435\u0432\u044b\u043c\u0438 \u0438\u0437 \u044d\u043a\u043e\u043b\u043e\u0433\u0438\u0447\u043d\u044b\u0445 \u043c\u0430\u0442\u0435\u0440\u0438\u0430\u043b\u043e\u0432. \u041b\u0435\u0433\u043a\u0438\u0435, \u0441\u0442\u0438\u043b\u044c\u043d\u044b\u0435 \u0438 \u0432\u043e\u0434\u043e\u043d\u0435\u043f\u0440\u043e\u043c\u043e\u043a\u0430\u0435\u043c\u044b\u0435 \u0434\u043b\u044f \u0430\u043a\u0442\u0438\u0432\u043d\u044b\u0445 \u0434\u0435\u0442\u0435\u0439. \u0418\u0434\u0435\u0430\u043b\u044c\u043d\u044b \u0434\u043b\u044f \u043f\u0440\u0438\u043a\u043b\u044e\u0447\u0435\u043d\u0438\u0439!\" \/>\n<meta property=\"og:url\" content=\"https:\/\/xstyle.md\/ro\/produs\/botinki-reimatec-ehtii-jr-cinnamon-brown\/\" \/>\n<meta property=\"og:site_name\" content=\"\u041c\u0430\u0433\u0430\u0437\u0438\u043d Xstyle\" \/>\n<meta property=\"article:publisher\" content=\"https:\/\/www.facebook.com\/xstylemd\" \/>\n<meta property=\"article:modified_time\" content=\"2026-03-04T09:26:57+00:00\" \/>\n<meta property=\"og:image\" content=\"https:\/\/xstyle.md\/wp-content\/uploads\/2022\/01\/reimatec-ehtii-jr-cinnamon-brown.jpg\" \/>\n\t<meta property=\"og:image:width\" content=\"610\" \/>\n\t<meta property=\"og:image:height\" content=\"374\" \/>\n\t<meta property=\"og:image:type\" content=\"image\/jpeg\" \/>\n<meta name=\"twitter:card\" content=\"summary_large_image\" \/>\n<meta name=\"twitter:label1\" content=\"Pre\u021b\" \/>\n\t<meta name=\"twitter:data1\" content=\"1.890&nbsp;MDL\" \/>\n\t<meta name=\"twitter:label2\" content=\"Disponibilitate\" \/>\n\t<meta name=\"twitter:data2\" content=\"\u00cen stoc\" \/>\n<script type=\"application\/ld+json\" class=\"yoast-schema-graph\">{\"@context\":\"https:\/\/schema.org\",\"@graph\":[{\"@type\":\"WebPage\",\"@id\":\"https:\/\/xstyle.md\/product\/botinki-reimatec-ehtii-jr-cinnamon-brown\/\",\"url\":\"https:\/\/xstyle.md\/product\/botinki-reimatec-ehtii-jr-cinnamon-brown\/\",\"name\":\"\u0411\u043e\u0442\u0438\u043d\u043a\u0438 Reimatec Ehtii JR cinnamon brown - \u041c\u0430\u0433\u0430\u0437\u0438\u043d Xstyle\",\"isPartOf\":{\"@id\":\"https:\/\/xstyle.md\/#website\"},\"primaryImageOfPage\":{\"@id\":\"https:\/\/xstyle.md\/product\/botinki-reimatec-ehtii-jr-cinnamon-brown\/#primaryimage\"},\"image\":{\"@id\":\"https:\/\/xstyle.md\/product\/botinki-reimatec-ehtii-jr-cinnamon-brown\/#primaryimage\"},\"thumbnailUrl\":\"https:\/\/xstyle.md\/wp-content\/uploads\/2022\/01\/reimatec-ehtii-jr-cinnamon-brown.jpg\",\"datePublished\":\"2022-01-21T07:39:45+00:00\",\"dateModified\":\"2026-03-04T09:26:57+00:00\",\"description\":\"\u0411\u043e\u0442\u0438\u043d\u043a\u0438 Reimatec Ehtii JR \u0446\u0432\u0435\u0442 \u043a\u043e\u0440\u0438\u0447\u043d\u0435\u0432\u044b\u043c\u0438 \u0438\u0437 \u044d\u043a\u043e\u043b\u043e\u0433\u0438\u0447\u043d\u044b\u0445 \u043c\u0430\u0442\u0435\u0440\u0438\u0430\u043b\u043e\u0432. \u041b\u0435\u0433\u043a\u0438\u0435, \u0441\u0442\u0438\u043b\u044c\u043d\u044b\u0435 \u0438 \u0432\u043e\u0434\u043e\u043d\u0435\u043f\u0440\u043e\u043c\u043e\u043a\u0430\u0435\u043c\u044b\u0435 \u0434\u043b\u044f \u0430\u043a\u0442\u0438\u0432\u043d\u044b\u0445 \u0434\u0435\u0442\u0435\u0439. \u0418\u0434\u0435\u0430\u043b\u044c\u043d\u044b \u0434\u043b\u044f \u043f\u0440\u0438\u043a\u043b\u044e\u0447\u0435\u043d\u0438\u0439!\",\"breadcrumb\":{\"@id\":\"https:\/\/xstyle.md\/product\/botinki-reimatec-ehtii-jr-cinnamon-brown\/#breadcrumb\"},\"inLanguage\":\"ro-RO\",\"potentialAction\":[{\"@type\":\"ReadAction\",\"target\":[\"https:\/\/xstyle.md\/product\/botinki-reimatec-ehtii-jr-cinnamon-brown\/\"]}]},{\"@type\":\"ImageObject\",\"inLanguage\":\"ro-RO\",\"@id\":\"https:\/\/xstyle.md\/product\/botinki-reimatec-ehtii-jr-cinnamon-brown\/#primaryimage\",\"url\":\"https:\/\/xstyle.md\/wp-content\/uploads\/2022\/01\/reimatec-ehtii-jr-cinnamon-brown.jpg\",\"contentUrl\":\"https:\/\/xstyle.md\/wp-content\/uploads\/2022\/01\/reimatec-ehtii-jr-cinnamon-brown.jpg\",\"width\":610,\"height\":374,\"caption\":\"\u0414\u0435\u0442\u0441\u043a\u0430\u044f \u043e\u0431\u0443\u0432\u044c \u0434\u043b\u044f \u0430\u043a\u0442\u0438\u0432\u043d\u043e\u0433\u043e \u043e\u0442\u0434\u044b\u0445\u0430 \u0438 \u043f\u0443\u0442\u0435\u0448\u0435\u0441\u0442\u0432\u0438\u0439 \u0431\u043e\u0442\u0438\u043d\u043a\u0438 Reimatec Ehtii JR \u043a\u043e\u0440\u0438\u0447\u043d\u0435\u0432\u043e\u0433\u043e \u0446\u0432\u0435\u0442\u0430 \u0434\u043b\u044f \u043f\u043e\u0445\u043e\u0434\u043e\u0432 \u0438 \u0430\u043b\u044c\u043f\u0438\u043d\u0438\u0437\u043c\u0430 \u043d\u0430 \u0441\u0430\u0439\u0442\u0435 \u043c\u0430\u0433\u0430\u0437\u0438\u043d\u0430 \u0441\u043f\u043e\u0440\u0442\u0438\u0432\u043d\u043e\u0439 \u043e\u0434\u0435\u0436\u0434\u044b \u0438 \u043e\u0431\u0443\u0432\u0438\"},{\"@type\":\"BreadcrumbList\",\"@id\":\"https:\/\/xstyle.md\/product\/botinki-reimatec-ehtii-jr-cinnamon-brown\/#breadcrumb\",\"itemListElement\":[{\"@type\":\"ListItem\",\"position\":1,\"name\":\"\u0413\u043b\u0430\u0432\u043d\u0430\u044f \u0441\u0442\u0440\u0430\u043d\u0438\u0446\u0430\",\"item\":\"https:\/\/xstyle.md\/\"},{\"@type\":\"ListItem\",\"position\":2,\"name\":\"\u041c\u0430\u0433\u0430\u0437\u0438\u043d\",\"item\":\"https:\/\/xstyle.md\/shop\/\"},{\"@type\":\"ListItem\",\"position\":3,\"name\":\"\u0411\u043e\u0442\u0438\u043d\u043a\u0438 Reimatec Ehtii JR cinnamon brown\"}]},{\"@type\":\"WebSite\",\"@id\":\"https:\/\/xstyle.md\/#website\",\"url\":\"https:\/\/xstyle.md\/\",\"name\":\"\u041c\u0430\u0433\u0430\u0437\u0438\u043d Xstyle\",\"description\":\"C\u043d\u0430\u0440\u044f\u0436\u0435\u043d\u0438\u0435 \u0434\u043b\u044f \u0442\u0443\u0440\u0438\u0437\u043c\u0430 \u0438 \u044d\u043a\u0441\u0442\u0440\u0435\u043c\u0430\u043b\u044c\u043d\u044b\u0445 \u0432\u0438\u0434\u043e\u0432 \u0441\u043f\u043e\u0440\u0442\u0430 \u0432 \u041c\u043e\u043b\u0434\u043e\u0432\u0435.. \u0426\u0435\u043d\u044b, \u0444\u043e\u0442\u043e, \u0445\u0430\u0440\u0430\u043a\u0442\u0435\u0440\u0438\u0441\u0442\u0438\u043a\u0438 \u0432 \u041c\u043e\u043b\u0434\u043e\u0432\u0435.\",\"publisher\":{\"@id\":\"https:\/\/xstyle.md\/#organization\"},\"alternateName\":\"X-Style\",\"potentialAction\":[{\"@type\":\"SearchAction\",\"target\":{\"@type\":\"EntryPoint\",\"urlTemplate\":\"https:\/\/xstyle.md\/?s={search_term_string}\"},\"query-input\":{\"@type\":\"PropertyValueSpecification\",\"valueRequired\":true,\"valueName\":\"search_term_string\"}}],\"inLanguage\":\"ro-RO\"},{\"@type\":\"Organization\",\"@id\":\"https:\/\/xstyle.md\/#organization\",\"name\":\"\u041c\u0430\u0433\u0430\u0437\u0438\u043d Xstyle\",\"alternateName\":\"x-style\",\"url\":\"https:\/\/xstyle.md\/\",\"logo\":{\"@type\":\"ImageObject\",\"inLanguage\":\"ro-RO\",\"@id\":\"https:\/\/xstyle.md\/#\/schema\/logo\/image\/\",\"url\":\"https:\/\/xstyle.md\/wp-content\/uploads\/2020\/06\/logoicon.svg\",\"contentUrl\":\"https:\/\/xstyle.md\/wp-content\/uploads\/2020\/06\/logoicon.svg\",\"caption\":\"\u041c\u0430\u0433\u0430\u0437\u0438\u043d Xstyle\"},\"image\":{\"@id\":\"https:\/\/xstyle.md\/#\/schema\/logo\/image\/\"},\"sameAs\":[\"https:\/\/www.facebook.com\/xstylemd\",\"https:\/\/www.instagram.com\/xstyle_md\/\",\"https:\/\/t.me\/xstyle_outdoor\"],\"hasMerchantReturnPolicy\":{\"@type\":\"MerchantReturnPolicy\",\"merchantReturnLink\":\"https:\/\/xstyle.md\/ro\/conditions\/\"}}]}<\/script>\n<meta property=\"product:price:amount\" content=\"1890.00\" \/>\n<meta property=\"product:price:currency\" content=\"MDL\" \/>\n<meta property=\"og:availability\" content=\"instock\" \/>\n<meta property=\"product:availability\" content=\"instock\" \/>\n<meta property=\"product:retailer_item_id\" content=\"6438429574828\" \/>\n<meta property=\"product:condition\" content=\"new\" \/>\n<!-- \/ Yoast SEO plugin. -->","yoast_head_json":{"title":"Bocanci Reimatec Ehtii JR cinnamon brown - Magazin Xstyle","description":"Botinele Reimatec Ehtii JR de culoare maro sunt fabricate din materiale ecologice. U\u0219oare, stilate \u0219i impermeabile pentru copii activi. Ideale pentru aventuri!","robots":{"index":"index","follow":"follow","max-snippet":"max-snippet:-1","max-image-preview":"max-image-preview:large","max-video-preview":"max-video-preview:-1"},"canonical":"https:\/\/xstyle.md\/ro\/produs\/botinki-reimatec-ehtii-jr-cinnamon-brown\/","og_locale":"ro_RO","og_type":"article","og_title":"\u0411\u043e\u0442\u0438\u043d\u043a\u0438 Reimatec Ehtii JR cinnamon brown - \u041c\u0430\u0433\u0430\u0437\u0438\u043d Xstyle","og_description":"\u0411\u043e\u0442\u0438\u043d\u043a\u0438 Reimatec Ehtii JR \u0446\u0432\u0435\u0442 \u043a\u043e\u0440\u0438\u0447\u043d\u0435\u0432\u044b\u043c\u0438 \u0438\u0437 \u044d\u043a\u043e\u043b\u043e\u0433\u0438\u0447\u043d\u044b\u0445 \u043c\u0430\u0442\u0435\u0440\u0438\u0430\u043b\u043e\u0432. \u041b\u0435\u0433\u043a\u0438\u0435, \u0441\u0442\u0438\u043b\u044c\u043d\u044b\u0435 \u0438 \u0432\u043e\u0434\u043e\u043d\u0435\u043f\u0440\u043e\u043c\u043e\u043a\u0430\u0435\u043c\u044b\u0435 \u0434\u043b\u044f \u0430\u043a\u0442\u0438\u0432\u043d\u044b\u0445 \u0434\u0435\u0442\u0435\u0439. \u0418\u0434\u0435\u0430\u043b\u044c\u043d\u044b \u0434\u043b\u044f \u043f\u0440\u0438\u043a\u043b\u044e\u0447\u0435\u043d\u0438\u0439!","og_url":"https:\/\/xstyle.md\/ro\/produs\/botinki-reimatec-ehtii-jr-cinnamon-brown\/","og_site_name":"\u041c\u0430\u0433\u0430\u0437\u0438\u043d Xstyle","article_publisher":"https:\/\/www.facebook.com\/xstylemd","article_modified_time":"2026-03-04T09:26:57+00:00","og_image":[{"width":610,"height":374,"url":"https:\/\/xstyle.md\/wp-content\/uploads\/2022\/01\/reimatec-ehtii-jr-cinnamon-brown.jpg","type":"image\/jpeg"}],"twitter_card":"summary_large_image","twitter_misc":{"Pre\u021b":"1.890&nbsp;MDL","Disponibilitate":"\u00cen stoc"},"schema":{"@context":"https:\/\/schema.org","@graph":[{"@type":"WebPage","@id":"https:\/\/xstyle.md\/product\/botinki-reimatec-ehtii-jr-cinnamon-brown\/","url":"https:\/\/xstyle.md\/product\/botinki-reimatec-ehtii-jr-cinnamon-brown\/","name":"Bocanci Reimatec Ehtii JR cinnamon brown - Magazin Xstyle","isPartOf":{"@id":"https:\/\/xstyle.md\/#website"},"primaryImageOfPage":{"@id":"https:\/\/xstyle.md\/product\/botinki-reimatec-ehtii-jr-cinnamon-brown\/#primaryimage"},"image":{"@id":"https:\/\/xstyle.md\/product\/botinki-reimatec-ehtii-jr-cinnamon-brown\/#primaryimage"},"thumbnailUrl":"https:\/\/xstyle.md\/wp-content\/uploads\/2022\/01\/reimatec-ehtii-jr-cinnamon-brown.jpg","datePublished":"2022-01-21T07:39:45+00:00","dateModified":"2026-03-04T09:26:57+00:00","description":"Botinele Reimatec Ehtii JR de culoare maro sunt fabricate din materiale ecologice. U\u0219oare, stilate \u0219i impermeabile pentru copii activi. Ideale pentru aventuri!","breadcrumb":{"@id":"https:\/\/xstyle.md\/product\/botinki-reimatec-ehtii-jr-cinnamon-brown\/#breadcrumb"},"inLanguage":"ro-RO","potentialAction":[{"@type":"ReadAction","target":["https:\/\/xstyle.md\/product\/botinki-reimatec-ehtii-jr-cinnamon-brown\/"]}]},{"@type":"ImageObject","inLanguage":"ro-RO","@id":"https:\/\/xstyle.md\/product\/botinki-reimatec-ehtii-jr-cinnamon-brown\/#primaryimage","url":"https:\/\/xstyle.md\/wp-content\/uploads\/2022\/01\/reimatec-ehtii-jr-cinnamon-brown.jpg","contentUrl":"https:\/\/xstyle.md\/wp-content\/uploads\/2022\/01\/reimatec-ehtii-jr-cinnamon-brown.jpg","width":610,"height":374,"caption":"\u0414\u0435\u0442\u0441\u043a\u0430\u044f \u043e\u0431\u0443\u0432\u044c \u0434\u043b\u044f \u0430\u043a\u0442\u0438\u0432\u043d\u043e\u0433\u043e \u043e\u0442\u0434\u044b\u0445\u0430 \u0438 \u043f\u0443\u0442\u0435\u0448\u0435\u0441\u0442\u0432\u0438\u0439 \u0431\u043e\u0442\u0438\u043d\u043a\u0438 Reimatec Ehtii JR \u043a\u043e\u0440\u0438\u0447\u043d\u0435\u0432\u043e\u0433\u043e \u0446\u0432\u0435\u0442\u0430 \u0434\u043b\u044f \u043f\u043e\u0445\u043e\u0434\u043e\u0432 \u0438 \u0430\u043b\u044c\u043f\u0438\u043d\u0438\u0437\u043c\u0430 \u043d\u0430 \u0441\u0430\u0439\u0442\u0435 \u043c\u0430\u0433\u0430\u0437\u0438\u043d\u0430 \u0441\u043f\u043e\u0440\u0442\u0438\u0432\u043d\u043e\u0439 \u043e\u0434\u0435\u0436\u0434\u044b \u0438 \u043e\u0431\u0443\u0432\u0438"},{"@type":"BreadcrumbList","@id":"https:\/\/xstyle.md\/product\/botinki-reimatec-ehtii-jr-cinnamon-brown\/#breadcrumb","itemListElement":[{"@type":"ListItem","position":1,"name":"\u0413\u043b\u0430\u0432\u043d\u0430\u044f \u0441\u0442\u0440\u0430\u043d\u0438\u0446\u0430","item":"https:\/\/xstyle.md\/"},{"@type":"ListItem","position":2,"name":"\u041c\u0430\u0433\u0430\u0437\u0438\u043d","item":"https:\/\/xstyle.md\/shop\/"},{"@type":"ListItem","position":3,"name":"\u0411\u043e\u0442\u0438\u043d\u043a\u0438 Reimatec Ehtii JR cinnamon brown"}]},{"@type":"WebSite","@id":"https:\/\/xstyle.md\/#website","url":"https:\/\/xstyle.md\/","name":"Magazinul X-Style","description":"Echipamente pentru turism \u0219i sporturi extreme \u00een Moldova. Pre\u021buri, fotografii, caracteristici \u00een Moldova.","publisher":{"@id":"https:\/\/xstyle.md\/#organization"},"alternateName":"X-Style","potentialAction":[{"@type":"SearchAction","target":{"@type":"EntryPoint","urlTemplate":"https:\/\/xstyle.md\/?s={search_term_string}"},"query-input":{"@type":"PropertyValueSpecification","valueRequired":true,"valueName":"search_term_string"}}],"inLanguage":"ro-RO"},{"@type":"Organization","@id":"https:\/\/xstyle.md\/#organization","name":"Magazinul X-Style","alternateName":"x-style","url":"https:\/\/xstyle.md\/","logo":{"@type":"ImageObject","inLanguage":"ro-RO","@id":"https:\/\/xstyle.md\/#\/schema\/logo\/image\/","url":"https:\/\/xstyle.md\/wp-content\/uploads\/2020\/06\/logoicon.svg","contentUrl":"https:\/\/xstyle.md\/wp-content\/uploads\/2020\/06\/logoicon.svg","caption":"\u041c\u0430\u0433\u0430\u0437\u0438\u043d Xstyle"},"image":{"@id":"https:\/\/xstyle.md\/#\/schema\/logo\/image\/"},"sameAs":["https:\/\/www.facebook.com\/xstylemd","https:\/\/www.instagram.com\/xstyle_md\/","https:\/\/t.me\/xstyle_outdoor"],"hasMerchantReturnPolicy":{"@type":"MerchantReturnPolicy","merchantReturnLink":"https:\/\/xstyle.md\/ro\/conditions\/"}}]},"product_price_amount":"1890.00","product_price_currency":"MDL","og_availability":"instock","product_availability":"instock","product_retailer_item_id":"6438429574828","product_condition":"new"},"post_mailing_queue_ids":[],"_links":{"self":[{"href":"https:\/\/xstyle.md\/ro\/wp-json\/wp\/v2\/product\/44642","targetHints":{"allow":["GET"]}}],"collection":[{"href":"https:\/\/xstyle.md\/ro\/wp-json\/wp\/v2\/product"}],"about":[{"href":"https:\/\/xstyle.md\/ro\/wp-json\/wp\/v2\/types\/product"}],"replies":[{"embeddable":true,"href":"https:\/\/xstyle.md\/ro\/wp-json\/wp\/v2\/comments?post=44642"}],"wp:featuredmedia":[{"embeddable":true,"href":"https:\/\/xstyle.md\/ro\/wp-json\/wp\/v2\/media\/44916"}],"wp:attachment":[{"href":"https:\/\/xstyle.md\/ro\/wp-json\/wp\/v2\/media?parent=44642"}],"wp:term":[{"taxonomy":"product_brand","embeddable":true,"href":"https:\/\/xstyle.md\/ro\/wp-json\/wp\/v2\/product_brand?post=44642"},{"taxonomy":"product_cat","embeddable":true,"href":"https:\/\/xstyle.md\/ro\/wp-json\/wp\/v2\/product_cat?post=44642"},{"taxonomy":"product_tag","embeddable":true,"href":"https:\/\/xstyle.md\/ro\/wp-json\/wp\/v2\/product_tag?post=44642"}],"curies":[{"name":"wp","href":"https:\/\/api.w.org\/{rel}","templated":true}]}}