{"id":44628,"date":"2022-01-21T10:39:42","date_gmt":"2022-01-21T07:39:42","guid":{"rendered":"https:\/\/xstyle.md\/?post_type=product&#038;p=44628"},"modified":"2026-03-19T16:47:57","modified_gmt":"2026-03-19T13:47:57","slug":"batnik-montane-allez-micro-pull-on-wmn-narwhal-blue","status":"publish","type":"product","link":"https:\/\/xstyle.md\/ro\/produs\/batnik-montane-allez-micro-pull-on-wmn-narwhal-blue\/","title":{"rendered":"Pulover Montane Allez Micro Pull On Wmn narwhal blue"},"content":{"rendered":"<\/p>\n<p>Pulover <strong>Montane Allez Micro Pull On\u00a0<\/strong>este confec\u021bionat din fleece V-Marl Stretch. Cu un interior periat cu textur\u0103 \u00een V moale \u0219i un raport excelent c\u0103ldur\u0103\/greutate, V-Marl a fost ales special pentru acest hanorac versatil pentru femei. Poart\u0103-l \u00een timpul \u0219i dup\u0103 orice activitate montan\u0103 cu ritm rapid. Iarna, folosi\u021bi-l ca al 2-lea strat sub o jachet\u0103.<\/p>\n<h3>Particularit\u0103\u021bi<\/h3>\n<ul>\n<li>Raport excelent \u00eentre c\u0103ldur\u0103 \u0219i greutate<\/li>\n<li>Glug\u0103 elastic\u0103 care poate fi purtat\u0103 sub casc\u0103<\/li>\n<li>Buzunare c\u0103ptu\u0219ite cu plas\u0103<\/li>\n<li>Man\u0219ete exterioare cu bucle pentru degetul mare<\/li>\n<li>M\u00e2neci confortabile<\/li>\n<li>Fermoar\u021be YKK<\/li>\n<li>Uscare rapid\u0103.<\/li>\n<\/ul>\n<h3>Caracteristici<\/h3>\n<ul>\n<li>Material &#8212; V-Marl Stretch<\/li>\n<li>Sezonul - primavar\u0103\/var\u0103\/toamn\u0103<\/li>\n<li>Destina\u021bie &#8212; sport\/ casual\/ trekking<\/li>\n<li>Model - pentru femei.<\/li>\n<\/ul>\n<h3>Tehnologie<\/h3>\n<ul>\n<li><strong>V-Marl Stretch<\/strong> &#8212; tes\u0103tur\u0103 moale din fleece care se \u00eentinde bine \u0219i se usuc\u0103 rapid pentru o purtare confortabil\u0103 \u0219i activitate fizic\u0103.<\/li>\n<li><strong>YKK\u00ae<\/strong> &#8212; fermoare de \u00eenalt\u0103 calitate fabricate de compania japonez\u0103 YKK Group, certificate pentru conformitatea cu standardele interna\u021bionale. Rezistente la sarcini de for\u021b\u0103 mare \u0219i la coroziune. Sunt utilizate \u00een produse cu cel mai \u00eenalt grad de fiabilitate.<\/li>\n<\/ul>\n<h3>Marca<\/h3>\n<p>Compania Montane\u00ae produce gen\u021bi multifunc\u021bionale \u0219i confortabile, gen\u021bi de dormitor \u0219i alte echipamente pentru exerci\u021bii, activit\u0103\u021bi sportive extreme \u0219i montane.<\/p>\n<p>Marca Montane\u00ae este un devenit sinonim cu u\u0219oar\u0103 \u0219i respirabil\u0103. Este primul care a fost descris cu adevaluarea limitelor de control al polu\u0103rii aerului \u00eentr-un singur strat \u0219 i primul care a fost creat, realiz\u00e2nd adevaluarea sistemului de control al polu\u0103rii aerului, cu elemente ale sistemului de control al polu\u0103rii aerului rezistente la vibra\u021bii \u0219 i respirabile.<\/p>\n<p>Func\u021bionalitatea hainelor nu se opreste la design. Tehnologia de fabrica\u021bie a hainelului este de prim\u0103 clas\u0103. De peste 10 ani, Montane\u00ae este unul dintre cei mai importan\u021bi produc\u0103tori de echipamente de drume\u021bie din lume, care a reconstruit natura aventuroas\u0103 a turismului pentru revitalizarea alpinismului \u0219i a turismului, iar ploaia abundent\u0103 este o m\u0103rturie a performan\u021bei adevate a mediului extern.<\/p>\n<p><\/p>","protected":false},"excerpt":{"rendered":"","protected":false},"featured_media":45662,"comment_status":"open","ping_status":"closed","template":"","meta":{"_acf_changed":false,"inline_featured_image":false},"product_brand":[1309],"product_cat":[243],"product_tag":[],"class_list":{"0":"post-44628","1":"product","2":"type-product","3":"status-publish","4":"has-post-thumbnail","6":"product_brand-montane","7":"product_cat-fleece-scurta-femei","9":"first","10":"instock","11":"shipping-taxable","12":"purchasable","13":"product-type-simple"},"acf":[],"yoast_head":"<!-- This site is optimized with the Yoast SEO plugin v27.4 - https:\/\/yoast.com\/product\/yoast-seo-wordpress\/ -->\n<title>\u0411\u0430\u0442\u043d\u0438\u043a Montane Allez Micro Pull On Wmn narwhal blue - \u041c\u0430\u0433\u0430\u0437\u0438\u043d Xstyle<\/title>\n<meta name=\"description\" content=\"\u0423\u0437\u043d\u0430\u0439\u0442\u0435 \u043e \u0431\u0430\u0442\u043d\u0438\u043a\u0435 Montane Allez Micro Pull On \u0434\u043b\u044f \u0436\u0435\u043d\u0449\u0438\u043d \u0432 \u0446\u0432\u0435\u0442\u0435 \u043d\u0430\u0440\u0432\u0430\u043b \u0441 \u043e\u0442\u043b\u0438\u0447\u043d\u043e\u0439 \u0442\u0435\u0440\u043c\u043e\u0440\u0435\u0433\u0443\u043b\u044f\u0446\u0438\u0435\u0439 \u0438 \u043b\u0435\u0433\u043a\u043e\u0441\u0442\u044c\u044e. \u0418\u0434\u0435\u0430\u043b\u0435\u043d \u0434\u043b\u044f \u0430\u043a\u0442\u0438\u0432\u043d\u043e\u0433\u043e \u043e\u0442\u0434\u044b\u0445\u0430!\" \/>\n<meta name=\"robots\" content=\"index, follow, max-snippet:-1, max-image-preview:large, max-video-preview:-1\" \/>\n<link rel=\"canonical\" href=\"https:\/\/xstyle.md\/ro\/produs\/batnik-montane-allez-micro-pull-on-wmn-narwhal-blue\/\" \/>\n<meta property=\"og:locale\" content=\"ro_RO\" \/>\n<meta property=\"og:type\" content=\"article\" \/>\n<meta property=\"og:title\" content=\"\u0411\u0430\u0442\u043d\u0438\u043a Montane Allez Micro Pull On Wmn narwhal blue - \u041c\u0430\u0433\u0430\u0437\u0438\u043d Xstyle\" \/>\n<meta property=\"og:description\" content=\"\u0423\u0437\u043d\u0430\u0439\u0442\u0435 \u043e \u0431\u0430\u0442\u043d\u0438\u043a\u0435 Montane Allez Micro Pull On \u0434\u043b\u044f \u0436\u0435\u043d\u0449\u0438\u043d \u0432 \u0446\u0432\u0435\u0442\u0435 \u043d\u0430\u0440\u0432\u0430\u043b \u0441 \u043e\u0442\u043b\u0438\u0447\u043d\u043e\u0439 \u0442\u0435\u0440\u043c\u043e\u0440\u0435\u0433\u0443\u043b\u044f\u0446\u0438\u0435\u0439 \u0438 \u043b\u0435\u0433\u043a\u043e\u0441\u0442\u044c\u044e. \u0418\u0434\u0435\u0430\u043b\u0435\u043d \u0434\u043b\u044f \u0430\u043a\u0442\u0438\u0432\u043d\u043e\u0433\u043e \u043e\u0442\u0434\u044b\u0445\u0430!\" \/>\n<meta property=\"og:url\" content=\"https:\/\/xstyle.md\/ro\/produs\/batnik-montane-allez-micro-pull-on-wmn-narwhal-blue\/\" \/>\n<meta property=\"og:site_name\" content=\"\u041c\u0430\u0433\u0430\u0437\u0438\u043d Xstyle\" \/>\n<meta property=\"article:publisher\" content=\"https:\/\/www.facebook.com\/xstylemd\" \/>\n<meta property=\"article:modified_time\" content=\"2026-03-19T13:47:57+00:00\" \/>\n<meta property=\"og:image\" content=\"https:\/\/xstyle.md\/wp-content\/uploads\/2022\/01\/montane-allez-micro-pull-on-wmn-narwhal-blue.jpg\" \/>\n\t<meta property=\"og:image:width\" content=\"800\" \/>\n\t<meta property=\"og:image:height\" content=\"800\" \/>\n\t<meta property=\"og:image:type\" content=\"image\/jpeg\" \/>\n<meta name=\"twitter:card\" content=\"summary_large_image\" \/>\n<meta name=\"twitter:label1\" content=\"Pre\u021b\" \/>\n\t<meta name=\"twitter:data1\" content=\"1.390&nbsp;MDL\" \/>\n\t<meta name=\"twitter:label2\" content=\"Disponibilitate\" \/>\n\t<meta name=\"twitter:data2\" content=\"\u00cen stoc\" \/>\n<script type=\"application\/ld+json\" class=\"yoast-schema-graph\">{\"@context\":\"https:\\\/\\\/schema.org\",\"@graph\":[{\"@type\":\"WebPage\",\"@id\":\"https:\\\/\\\/xstyle.md\\\/product\\\/batnik-montane-allez-micro-pull-on-wmn-narwhal-blue\\\/\",\"url\":\"https:\\\/\\\/xstyle.md\\\/product\\\/batnik-montane-allez-micro-pull-on-wmn-narwhal-blue\\\/\",\"name\":\"\u0411\u0430\u0442\u043d\u0438\u043a Montane Allez Micro Pull On Wmn narwhal blue - \u041c\u0430\u0433\u0430\u0437\u0438\u043d Xstyle\",\"isPartOf\":{\"@id\":\"https:\\\/\\\/xstyle.md\\\/#website\"},\"primaryImageOfPage\":{\"@id\":\"https:\\\/\\\/xstyle.md\\\/product\\\/batnik-montane-allez-micro-pull-on-wmn-narwhal-blue\\\/#primaryimage\"},\"image\":{\"@id\":\"https:\\\/\\\/xstyle.md\\\/product\\\/batnik-montane-allez-micro-pull-on-wmn-narwhal-blue\\\/#primaryimage\"},\"thumbnailUrl\":\"https:\\\/\\\/xstyle.md\\\/wp-content\\\/uploads\\\/2022\\\/01\\\/montane-allez-micro-pull-on-wmn-narwhal-blue.jpg\",\"datePublished\":\"2022-01-21T07:39:42+00:00\",\"dateModified\":\"2026-03-19T13:47:57+00:00\",\"description\":\"\u0423\u0437\u043d\u0430\u0439\u0442\u0435 \u043e \u0431\u0430\u0442\u043d\u0438\u043a\u0435 Montane Allez Micro Pull On \u0434\u043b\u044f \u0436\u0435\u043d\u0449\u0438\u043d \u0432 \u0446\u0432\u0435\u0442\u0435 \u043d\u0430\u0440\u0432\u0430\u043b \u0441 \u043e\u0442\u043b\u0438\u0447\u043d\u043e\u0439 \u0442\u0435\u0440\u043c\u043e\u0440\u0435\u0433\u0443\u043b\u044f\u0446\u0438\u0435\u0439 \u0438 \u043b\u0435\u0433\u043a\u043e\u0441\u0442\u044c\u044e. \u0418\u0434\u0435\u0430\u043b\u0435\u043d \u0434\u043b\u044f \u0430\u043a\u0442\u0438\u0432\u043d\u043e\u0433\u043e \u043e\u0442\u0434\u044b\u0445\u0430!\",\"breadcrumb\":{\"@id\":\"https:\\\/\\\/xstyle.md\\\/product\\\/batnik-montane-allez-micro-pull-on-wmn-narwhal-blue\\\/#breadcrumb\"},\"inLanguage\":\"ro-RO\",\"potentialAction\":[{\"@type\":\"ReadAction\",\"target\":[\"https:\\\/\\\/xstyle.md\\\/product\\\/batnik-montane-allez-micro-pull-on-wmn-narwhal-blue\\\/\"]}]},{\"@type\":\"ImageObject\",\"inLanguage\":\"ro-RO\",\"@id\":\"https:\\\/\\\/xstyle.md\\\/product\\\/batnik-montane-allez-micro-pull-on-wmn-narwhal-blue\\\/#primaryimage\",\"url\":\"https:\\\/\\\/xstyle.md\\\/wp-content\\\/uploads\\\/2022\\\/01\\\/montane-allez-micro-pull-on-wmn-narwhal-blue.jpg\",\"contentUrl\":\"https:\\\/\\\/xstyle.md\\\/wp-content\\\/uploads\\\/2022\\\/01\\\/montane-allez-micro-pull-on-wmn-narwhal-blue.jpg\",\"width\":800,\"height\":800,\"caption\":\"\u0412\u043b\u0430\u0433\u043e\u0441\u0442\u043e\u0439\u043a\u0438\u0439 \u0431\u0430\u0442\u043d\u0438\u043a Montane Allez Micro Pull On Wmn \u0434\u043b\u044f \u0430\u043a\u0442\u0438\u0432\u043d\u043e\u0433\u043e \u043e\u0442\u0434\u044b\u0445\u0430 \u0438 \u043f\u0443\u0442\u0435\u0448\u0435\u0441\u0442\u0432\u0438\u0439, \u043e\u0434\u0435\u0436\u0434\u0430 \u0438 \u043e\u0431\u0443\u0432\u044c \u0434\u043b\u044f \u0445\u0430\u0439\u043a\u0438\u043d\u0433\u0430 \u0438 \u0430\u043b\u044c\u043f\u0438\u043d\u0438\u0437\u043c\u0430 \u0434\u043b\u044f \u0436\u0435\u043d\u0441\u043a\u043e\u0439 \u043a\u043e\u043b\u043b\u0435\u043a\u0446\u0438\u0438 \u043e\u043d\u043b\u0430\u0439\u043d \u043c\u0430\u0433\u0430\u0437\u0438\u043d\u0430 \u0441\u043f\u043e\u0440\u0442\u0438\u0432\u043d\u043e\u0439 \u044d\u043a\u0438\u043f\u0438\u0440\u043e\u0432\u043a\u0438\"},{\"@type\":\"BreadcrumbList\",\"@id\":\"https:\\\/\\\/xstyle.md\\\/product\\\/batnik-montane-allez-micro-pull-on-wmn-narwhal-blue\\\/#breadcrumb\",\"itemListElement\":[{\"@type\":\"ListItem\",\"position\":1,\"name\":\"\u0413\u043b\u0430\u0432\u043d\u0430\u044f \u0441\u0442\u0440\u0430\u043d\u0438\u0446\u0430\",\"item\":\"https:\\\/\\\/xstyle.md\\\/\"},{\"@type\":\"ListItem\",\"position\":2,\"name\":\"\u041c\u0430\u0433\u0430\u0437\u0438\u043d\",\"item\":\"https:\\\/\\\/xstyle.md\\\/shop\\\/\"},{\"@type\":\"ListItem\",\"position\":3,\"name\":\"\u0411\u0430\u0442\u043d\u0438\u043a Montane Allez Micro Pull On Wmn narwhal blue\"}]},{\"@type\":\"WebSite\",\"@id\":\"https:\\\/\\\/xstyle.md\\\/#website\",\"url\":\"https:\\\/\\\/xstyle.md\\\/\",\"name\":\"\u041c\u0430\u0433\u0430\u0437\u0438\u043d Xstyle\",\"description\":\"C\u043d\u0430\u0440\u044f\u0436\u0435\u043d\u0438\u0435 \u0434\u043b\u044f \u0442\u0443\u0440\u0438\u0437\u043c\u0430 \u0438 \u044d\u043a\u0441\u0442\u0440\u0435\u043c\u0430\u043b\u044c\u043d\u044b\u0445 \u0432\u0438\u0434\u043e\u0432 \u0441\u043f\u043e\u0440\u0442\u0430 \u0432 \u041c\u043e\u043b\u0434\u043e\u0432\u0435.. \u0426\u0435\u043d\u044b, \u0444\u043e\u0442\u043e, \u0445\u0430\u0440\u0430\u043a\u0442\u0435\u0440\u0438\u0441\u0442\u0438\u043a\u0438 \u0432 \u041c\u043e\u043b\u0434\u043e\u0432\u0435.\",\"publisher\":{\"@id\":\"https:\\\/\\\/xstyle.md\\\/#organization\"},\"alternateName\":\"X-Style\",\"potentialAction\":[{\"@type\":\"SearchAction\",\"target\":{\"@type\":\"EntryPoint\",\"urlTemplate\":\"https:\\\/\\\/xstyle.md\\\/?s={search_term_string}\"},\"query-input\":{\"@type\":\"PropertyValueSpecification\",\"valueRequired\":true,\"valueName\":\"search_term_string\"}}],\"inLanguage\":\"ro-RO\"},{\"@type\":\"Organization\",\"@id\":\"https:\\\/\\\/xstyle.md\\\/#organization\",\"name\":\"\u041c\u0430\u0433\u0430\u0437\u0438\u043d Xstyle\",\"alternateName\":\"x-style\",\"url\":\"https:\\\/\\\/xstyle.md\\\/\",\"logo\":{\"@type\":\"ImageObject\",\"inLanguage\":\"ro-RO\",\"@id\":\"https:\\\/\\\/xstyle.md\\\/#\\\/schema\\\/logo\\\/image\\\/\",\"url\":\"https:\\\/\\\/xstyle.md\\\/wp-content\\\/uploads\\\/2020\\\/06\\\/logoicon.svg\",\"contentUrl\":\"https:\\\/\\\/xstyle.md\\\/wp-content\\\/uploads\\\/2020\\\/06\\\/logoicon.svg\",\"caption\":\"\u041c\u0430\u0433\u0430\u0437\u0438\u043d Xstyle\"},\"image\":{\"@id\":\"https:\\\/\\\/xstyle.md\\\/#\\\/schema\\\/logo\\\/image\\\/\"},\"sameAs\":[\"https:\\\/\\\/www.facebook.com\\\/xstylemd\",\"https:\\\/\\\/www.instagram.com\\\/xstyle_md\\\/\",\"https:\\\/\\\/t.me\\\/xstyle_outdoor\"],\"hasMerchantReturnPolicy\":{\"@type\":\"MerchantReturnPolicy\",\"merchantReturnLink\":\"https:\\\/\\\/xstyle.md\\\/ro\\\/conditions\\\/\"}}]}<\/script>\n<meta property=\"product:price:amount\" content=\"1390.00\" \/>\n<meta property=\"product:price:currency\" content=\"MDL\" \/>\n<meta property=\"og:availability\" content=\"instock\" \/>\n<meta property=\"product:availability\" content=\"instock\" \/>\n<meta property=\"product:retailer_item_id\" content=\"5056237027179\" \/>\n<meta property=\"product:condition\" content=\"new\" \/>\n<!-- \/ Yoast SEO plugin. -->","yoast_head_json":{"title":"Pulover Montane Allez Micro Pull On Wmn narwhal blue - Magazin Xstyle","description":"Descoperi\u021bi despre batul Montane Allez Micro Pull On pentru femei, \u00een culoarea narval, cu o excelent\u0103 termoreglare \u0219i u\u0219urin\u021b\u0103. Ideal pentru activit\u0103\u021bi \u00een aer liber!","robots":{"index":"index","follow":"follow","max-snippet":"max-snippet:-1","max-image-preview":"max-image-preview:large","max-video-preview":"max-video-preview:-1"},"canonical":"https:\/\/xstyle.md\/ro\/produs\/batnik-montane-allez-micro-pull-on-wmn-narwhal-blue\/","og_locale":"ro_RO","og_type":"article","og_title":"\u0411\u0430\u0442\u043d\u0438\u043a Montane Allez Micro Pull On Wmn narwhal blue - \u041c\u0430\u0433\u0430\u0437\u0438\u043d Xstyle","og_description":"\u0423\u0437\u043d\u0430\u0439\u0442\u0435 \u043e \u0431\u0430\u0442\u043d\u0438\u043a\u0435 Montane Allez Micro Pull On \u0434\u043b\u044f \u0436\u0435\u043d\u0449\u0438\u043d \u0432 \u0446\u0432\u0435\u0442\u0435 \u043d\u0430\u0440\u0432\u0430\u043b \u0441 \u043e\u0442\u043b\u0438\u0447\u043d\u043e\u0439 \u0442\u0435\u0440\u043c\u043e\u0440\u0435\u0433\u0443\u043b\u044f\u0446\u0438\u0435\u0439 \u0438 \u043b\u0435\u0433\u043a\u043e\u0441\u0442\u044c\u044e. \u0418\u0434\u0435\u0430\u043b\u0435\u043d \u0434\u043b\u044f \u0430\u043a\u0442\u0438\u0432\u043d\u043e\u0433\u043e \u043e\u0442\u0434\u044b\u0445\u0430!","og_url":"https:\/\/xstyle.md\/ro\/produs\/batnik-montane-allez-micro-pull-on-wmn-narwhal-blue\/","og_site_name":"\u041c\u0430\u0433\u0430\u0437\u0438\u043d Xstyle","article_publisher":"https:\/\/www.facebook.com\/xstylemd","article_modified_time":"2026-03-19T13:47:57+00:00","og_image":[{"width":800,"height":800,"url":"https:\/\/xstyle.md\/wp-content\/uploads\/2022\/01\/montane-allez-micro-pull-on-wmn-narwhal-blue.jpg","type":"image\/jpeg"}],"twitter_card":"summary_large_image","twitter_misc":{"Pre\u021b":"1.390&nbsp;MDL","Disponibilitate":"\u00cen stoc"},"schema":{"@context":"https:\/\/schema.org","@graph":[{"@type":"WebPage","@id":"https:\/\/xstyle.md\/product\/batnik-montane-allez-micro-pull-on-wmn-narwhal-blue\/","url":"https:\/\/xstyle.md\/product\/batnik-montane-allez-micro-pull-on-wmn-narwhal-blue\/","name":"Pulover Montane Allez Micro Pull On Wmn narwhal blue - Magazin Xstyle","isPartOf":{"@id":"https:\/\/xstyle.md\/#website"},"primaryImageOfPage":{"@id":"https:\/\/xstyle.md\/product\/batnik-montane-allez-micro-pull-on-wmn-narwhal-blue\/#primaryimage"},"image":{"@id":"https:\/\/xstyle.md\/product\/batnik-montane-allez-micro-pull-on-wmn-narwhal-blue\/#primaryimage"},"thumbnailUrl":"https:\/\/xstyle.md\/wp-content\/uploads\/2022\/01\/montane-allez-micro-pull-on-wmn-narwhal-blue.jpg","datePublished":"2022-01-21T07:39:42+00:00","dateModified":"2026-03-19T13:47:57+00:00","description":"Descoperi\u021bi despre batul Montane Allez Micro Pull On pentru femei, \u00een culoarea narval, cu o excelent\u0103 termoreglare \u0219i u\u0219urin\u021b\u0103. Ideal pentru activit\u0103\u021bi \u00een aer liber!","breadcrumb":{"@id":"https:\/\/xstyle.md\/product\/batnik-montane-allez-micro-pull-on-wmn-narwhal-blue\/#breadcrumb"},"inLanguage":"ro-RO","potentialAction":[{"@type":"ReadAction","target":["https:\/\/xstyle.md\/product\/batnik-montane-allez-micro-pull-on-wmn-narwhal-blue\/"]}]},{"@type":"ImageObject","inLanguage":"ro-RO","@id":"https:\/\/xstyle.md\/product\/batnik-montane-allez-micro-pull-on-wmn-narwhal-blue\/#primaryimage","url":"https:\/\/xstyle.md\/wp-content\/uploads\/2022\/01\/montane-allez-micro-pull-on-wmn-narwhal-blue.jpg","contentUrl":"https:\/\/xstyle.md\/wp-content\/uploads\/2022\/01\/montane-allez-micro-pull-on-wmn-narwhal-blue.jpg","width":800,"height":800,"caption":"\u0412\u043b\u0430\u0433\u043e\u0441\u0442\u043e\u0439\u043a\u0438\u0439 \u0431\u0430\u0442\u043d\u0438\u043a Montane Allez Micro Pull On Wmn \u0434\u043b\u044f \u0430\u043a\u0442\u0438\u0432\u043d\u043e\u0433\u043e \u043e\u0442\u0434\u044b\u0445\u0430 \u0438 \u043f\u0443\u0442\u0435\u0448\u0435\u0441\u0442\u0432\u0438\u0439, \u043e\u0434\u0435\u0436\u0434\u0430 \u0438 \u043e\u0431\u0443\u0432\u044c \u0434\u043b\u044f \u0445\u0430\u0439\u043a\u0438\u043d\u0433\u0430 \u0438 \u0430\u043b\u044c\u043f\u0438\u043d\u0438\u0437\u043c\u0430 \u0434\u043b\u044f \u0436\u0435\u043d\u0441\u043a\u043e\u0439 \u043a\u043e\u043b\u043b\u0435\u043a\u0446\u0438\u0438 \u043e\u043d\u043b\u0430\u0439\u043d \u043c\u0430\u0433\u0430\u0437\u0438\u043d\u0430 \u0441\u043f\u043e\u0440\u0442\u0438\u0432\u043d\u043e\u0439 \u044d\u043a\u0438\u043f\u0438\u0440\u043e\u0432\u043a\u0438"},{"@type":"BreadcrumbList","@id":"https:\/\/xstyle.md\/product\/batnik-montane-allez-micro-pull-on-wmn-narwhal-blue\/#breadcrumb","itemListElement":[{"@type":"ListItem","position":1,"name":"\u0413\u043b\u0430\u0432\u043d\u0430\u044f \u0441\u0442\u0440\u0430\u043d\u0438\u0446\u0430","item":"https:\/\/xstyle.md\/"},{"@type":"ListItem","position":2,"name":"\u041c\u0430\u0433\u0430\u0437\u0438\u043d","item":"https:\/\/xstyle.md\/shop\/"},{"@type":"ListItem","position":3,"name":"\u0411\u0430\u0442\u043d\u0438\u043a Montane Allez Micro Pull On Wmn narwhal blue"}]},{"@type":"WebSite","@id":"https:\/\/xstyle.md\/#website","url":"https:\/\/xstyle.md\/","name":"Magazinul X-Style","description":"Echipamente pentru turism \u0219i sporturi extreme \u00een Moldova. Pre\u021buri, fotografii, caracteristici \u00een Moldova.","publisher":{"@id":"https:\/\/xstyle.md\/#organization"},"alternateName":"X-Style","potentialAction":[{"@type":"SearchAction","target":{"@type":"EntryPoint","urlTemplate":"https:\/\/xstyle.md\/?s={search_term_string}"},"query-input":{"@type":"PropertyValueSpecification","valueRequired":true,"valueName":"search_term_string"}}],"inLanguage":"ro-RO"},{"@type":"Organization","@id":"https:\/\/xstyle.md\/#organization","name":"Magazinul X-Style","alternateName":"x-style","url":"https:\/\/xstyle.md\/","logo":{"@type":"ImageObject","inLanguage":"ro-RO","@id":"https:\/\/xstyle.md\/#\/schema\/logo\/image\/","url":"https:\/\/xstyle.md\/wp-content\/uploads\/2020\/06\/logoicon.svg","contentUrl":"https:\/\/xstyle.md\/wp-content\/uploads\/2020\/06\/logoicon.svg","caption":"\u041c\u0430\u0433\u0430\u0437\u0438\u043d Xstyle"},"image":{"@id":"https:\/\/xstyle.md\/#\/schema\/logo\/image\/"},"sameAs":["https:\/\/www.facebook.com\/xstylemd","https:\/\/www.instagram.com\/xstyle_md\/","https:\/\/t.me\/xstyle_outdoor"],"hasMerchantReturnPolicy":{"@type":"MerchantReturnPolicy","merchantReturnLink":"https:\/\/xstyle.md\/ro\/conditions\/"}}]},"product_price_amount":"1390.00","product_price_currency":"MDL","og_availability":"instock","product_availability":"instock","product_retailer_item_id":"5056237027179","product_condition":"new"},"post_mailing_queue_ids":[],"_links":{"self":[{"href":"https:\/\/xstyle.md\/ro\/wp-json\/wp\/v2\/product\/44628","targetHints":{"allow":["GET"]}}],"collection":[{"href":"https:\/\/xstyle.md\/ro\/wp-json\/wp\/v2\/product"}],"about":[{"href":"https:\/\/xstyle.md\/ro\/wp-json\/wp\/v2\/types\/product"}],"replies":[{"embeddable":true,"href":"https:\/\/xstyle.md\/ro\/wp-json\/wp\/v2\/comments?post=44628"}],"wp:featuredmedia":[{"embeddable":true,"href":"https:\/\/xstyle.md\/ro\/wp-json\/wp\/v2\/media\/45662"}],"wp:attachment":[{"href":"https:\/\/xstyle.md\/ro\/wp-json\/wp\/v2\/media?parent=44628"}],"wp:term":[{"taxonomy":"product_brand","embeddable":true,"href":"https:\/\/xstyle.md\/ro\/wp-json\/wp\/v2\/product_brand?post=44628"},{"taxonomy":"product_cat","embeddable":true,"href":"https:\/\/xstyle.md\/ro\/wp-json\/wp\/v2\/product_cat?post=44628"},{"taxonomy":"product_tag","embeddable":true,"href":"https:\/\/xstyle.md\/ro\/wp-json\/wp\/v2\/product_tag?post=44628"}],"curies":[{"name":"wp","href":"https:\/\/api.w.org\/{rel}","templated":true}]}}