{"id":44602,"date":"2022-01-21T10:39:39","date_gmt":"2022-01-21T07:39:39","guid":{"rendered":"https:\/\/xstyle.md\/?post_type=product&#038;p=44602"},"modified":"2025-12-24T18:50:43","modified_gmt":"2025-12-24T15:50:43","slug":"batnik-maier-choralpe-wmn-blue-white-print","status":"publish","type":"product","link":"https:\/\/xstyle.md\/ro\/produs\/batnik-maier-choralpe-wmn-blue-white-print\/","title":{"rendered":"Pulover Maier Choralpe Wmn blue\/white print"},"content":{"rendered":"<\/p>\n<p>Pulover <strong>Maier Choralpe<\/strong> &#8212; stratul intermediar perfect pentru o zi rece pe p\u00e2rtii. Materialul elastic se \u00eentinde \u00een patru direc\u021bii pentru a maximiza libertatea de mi\u0219care, \u00een timp ce tehnologia Dryprotec asigur\u0103 o uscare rapid\u0103 dup\u0103 ce te-ai udat. \u00cempreun\u0103 cu un strat interior fleecy care \u00ee\u021bi \u021bine de cald indiferent de situa\u021bie \u0219i un imprimeu sublimat atr\u0103g\u0103tor, acest strat intermediar este alegerea perfect\u0103 pentru tine.<\/p>\n<h3>Particularit\u0103\u021bi<\/h3>\n<ul>\n<li>\u00centindere \u00een 4 direc\u021bii pentru libertate total\u0103 de mi\u0219care<\/li>\n<li>P\u0103streaz\u0103 respirabilitatea \u0219i se usuc\u0103 rapid datorit\u0103 tehnologiei Dryprotec<\/li>\n<li>Fermoar elegant cu protec\u021bie confortabil\u0103 pentru b\u0103rbie<\/li>\n<li>Stratul interior pufos v\u0103 men\u021bine c\u0103ldura.<\/li>\n<\/ul>\n<h3>Caracteristici<\/h3>\n<ul>\n<li>Material &#8212; 92% poliester, 8% elastan<\/li>\n<li>Destina\u021bie &#8212; casual\/ drume\u021bie\/ sporturi de iarn\u0103<\/li>\n<li>Sezonul &#8212; iarn\u0103\/toamn\u0103<\/li>\n<li>Model - pentru femei.<\/li>\n<\/ul>\n<h3>Tehnologie<\/h3>\n<ul>\n<li><strong>Dryprotec<\/strong> &#8212; impregnare special\u0103 care nu numai c\u0103 permite uscarea rapid\u0103 a \u021bes\u0103turii, dar faciliteaz\u0103 \u0219i \u00eengrijirea produsului. Datorit\u0103 acestui lucru, \u00eembr\u0103c\u0103mintea este foarte confortabil\u0103 de purtat \u0219i nu exist\u0103 o senza\u021bie nepl\u0103cut\u0103 de frig pe piele.<\/li>\n<\/ul>\n<h3>Marca<\/h3>\n<p>MAIER a fost organizat \u00een 1938 \u00een Germania de c\u0103tre un grup de oameni cu acelea\u0219i vederi. Scopul m\u0103rcii a fost de a crea cele mai confortabile haine care s\u0103 se potriveasc\u0103 unei persoane de orice \u00een\u0103l\u021bime. Marca este specializat\u0103 \u00een fabricarea de \u00eembr\u0103c\u0103minte \u0219i accesorii pentru schi \u0219i activit\u0103\u021bi prelungite \u00een aer liber. Marca se adreseaz\u0103 persoanelor care aleg un stil de via\u021b\u0103 activ. Produsele sunt caracterizate de confort \u0219i de o calitate european\u0103 real\u0103. La fabricare, se \u021bine cont de particularit\u0103\u021bile siluetei unei persoane, datorit\u0103 c\u0103rora hainele se potrivesc perfect \u0219i nu exist\u0103 niciun disconfort la utilizarea lor.<\/p>\n<p>Marca folose\u0219te propriile modele \u0219i materiale moderne. Hainele nu las\u0103 s\u0103 treac\u0103 umezeala \u0219i, \u00een acela\u0219i timp, permit corpului s\u0103 respire. Chiar \u0219i \u00een timpul sporturilor active, o persoan\u0103 \u00een astfel de produse nu transpir\u0103, nu exist\u0103 riscul de \u00eenghe\u021b. Majoritatea modelelor au o membran\u0103 de diferite grosimi \u0219i densit\u0103\u021bi. Acest lucru v\u0103 permite s\u0103 utiliza\u021bi haine \u00een aproape orice anotimp \u0219i \u00een orice condi\u021bii meteorologice. De asemenea, la toate fabricile m\u0103rcii exist\u0103 un control de mediu. \u00cen produc\u021bie se folosesc numai materiale inofensive. Compania acord\u0103 aten\u021bie fiec\u0103rui detaliu. Ca urmare, produsele MAIER au fost foarte repede recunoscute \u00een \u00eentreaga lume.<\/p>\n<p><\/p>","protected":false},"excerpt":{"rendered":"","protected":false},"featured_media":53836,"comment_status":"open","ping_status":"closed","template":"","meta":{"_acf_changed":false,"inline_featured_image":false},"product_brand":[1319],"product_cat":[243],"product_tag":[],"class_list":{"0":"post-44602","1":"product","2":"type-product","3":"status-publish","4":"has-post-thumbnail","6":"product_brand-maier","7":"product_cat-fleece-scurta-femei","9":"first","10":"instock","11":"sale","12":"shipping-taxable","13":"purchasable","14":"product-type-simple"},"acf":[],"yoast_head":"<!-- This site is optimized with the Yoast SEO plugin v27.2 - https:\/\/yoast.com\/product\/yoast-seo-wordpress\/ -->\n<title>\u0411\u0430\u0442\u043d\u0438\u043a Maier Choralpe Wmn blue\/white print - \u041c\u0430\u0433\u0430\u0437\u0438\u043d Xstyle<\/title>\n<meta name=\"description\" content=\"\u041f\u0440\u0438\u043c\u0435\u043d\u0438\u0442\u0435 \u0441\u0442\u0438\u043b\u044c\u043d\u044b\u0439 \u0431\u0430\u0442\u043d\u0438\u043a Maier Choralpe Wmn \u0441 \u0443\u043d\u0438\u043a\u0430\u043b\u044c\u043d\u044b\u043c \u0434\u0438\u0437\u0430\u0439\u043d\u043e\u043c. \u041e\u043d \u043e\u0431\u0435\u0441\u043f\u0435\u0447\u0438\u0432\u0430\u0435\u0442 \u043a\u043e\u043c\u0444\u043e\u0440\u0442, \u0431\u044b\u0441\u0442\u0440\u043e \u0441\u043e\u0445\u043d\u0435\u0442 \u0438 \u043e\u0442\u043b\u0438\u0447\u043d\u043e \u043f\u043e\u0434\u0445\u043e\u0434\u0438\u0442 \u0434\u043b\u044f \u0430\u043a\u0442\u0438\u0432\u043d\u043e\u0433\u043e \u043e\u0442\u0434\u044b\u0445\u0430!\" \/>\n<meta name=\"robots\" content=\"index, follow, max-snippet:-1, max-image-preview:large, max-video-preview:-1\" \/>\n<link rel=\"canonical\" href=\"https:\/\/xstyle.md\/ro\/produs\/batnik-maier-choralpe-wmn-blue-white-print\/\" \/>\n<meta property=\"og:locale\" content=\"ro_RO\" \/>\n<meta property=\"og:type\" content=\"article\" \/>\n<meta property=\"og:title\" content=\"\u0411\u0430\u0442\u043d\u0438\u043a Maier Choralpe Wmn blue\/white print - \u041c\u0430\u0433\u0430\u0437\u0438\u043d Xstyle\" \/>\n<meta property=\"og:description\" content=\"\u041f\u0440\u0438\u043c\u0435\u043d\u0438\u0442\u0435 \u0441\u0442\u0438\u043b\u044c\u043d\u044b\u0439 \u0431\u0430\u0442\u043d\u0438\u043a Maier Choralpe Wmn \u0441 \u0443\u043d\u0438\u043a\u0430\u043b\u044c\u043d\u044b\u043c \u0434\u0438\u0437\u0430\u0439\u043d\u043e\u043c. \u041e\u043d \u043e\u0431\u0435\u0441\u043f\u0435\u0447\u0438\u0432\u0430\u0435\u0442 \u043a\u043e\u043c\u0444\u043e\u0440\u0442, \u0431\u044b\u0441\u0442\u0440\u043e \u0441\u043e\u0445\u043d\u0435\u0442 \u0438 \u043e\u0442\u043b\u0438\u0447\u043d\u043e \u043f\u043e\u0434\u0445\u043e\u0434\u0438\u0442 \u0434\u043b\u044f \u0430\u043a\u0442\u0438\u0432\u043d\u043e\u0433\u043e \u043e\u0442\u0434\u044b\u0445\u0430!\" \/>\n<meta property=\"og:url\" content=\"https:\/\/xstyle.md\/ro\/produs\/batnik-maier-choralpe-wmn-blue-white-print\/\" \/>\n<meta property=\"og:site_name\" content=\"\u041c\u0430\u0433\u0430\u0437\u0438\u043d Xstyle\" \/>\n<meta property=\"article:publisher\" content=\"https:\/\/www.facebook.com\/xstylemd\" \/>\n<meta property=\"article:modified_time\" content=\"2025-12-24T15:50:43+00:00\" \/>\n<meta property=\"og:image\" content=\"https:\/\/xstyle.md\/wp-content\/uploads\/2022\/01\/maier-choralpe-wmn-bluewhite-print-0.jpg\" \/>\n\t<meta property=\"og:image:width\" content=\"870\" \/>\n\t<meta property=\"og:image:height\" content=\"987\" \/>\n\t<meta property=\"og:image:type\" content=\"image\/jpeg\" \/>\n<meta name=\"twitter:card\" content=\"summary_large_image\" \/>\n<meta name=\"twitter:label1\" content=\"Pre\u021b\" \/>\n\t<meta name=\"twitter:data1\" content=\"1.134&nbsp;MDL\" \/>\n\t<meta name=\"twitter:label2\" content=\"Disponibilitate\" \/>\n\t<meta name=\"twitter:data2\" content=\"\u00cen stoc\" \/>\n<script type=\"application\/ld+json\" class=\"yoast-schema-graph\">{\"@context\":\"https:\/\/schema.org\",\"@graph\":[{\"@type\":\"WebPage\",\"@id\":\"https:\/\/xstyle.md\/product\/batnik-maier-choralpe-wmn-blue-white-print\/\",\"url\":\"https:\/\/xstyle.md\/product\/batnik-maier-choralpe-wmn-blue-white-print\/\",\"name\":\"\u0411\u0430\u0442\u043d\u0438\u043a Maier Choralpe Wmn blue\/white print - \u041c\u0430\u0433\u0430\u0437\u0438\u043d Xstyle\",\"isPartOf\":{\"@id\":\"https:\/\/xstyle.md\/#website\"},\"primaryImageOfPage\":{\"@id\":\"https:\/\/xstyle.md\/product\/batnik-maier-choralpe-wmn-blue-white-print\/#primaryimage\"},\"image\":{\"@id\":\"https:\/\/xstyle.md\/product\/batnik-maier-choralpe-wmn-blue-white-print\/#primaryimage\"},\"thumbnailUrl\":\"https:\/\/xstyle.md\/wp-content\/uploads\/2022\/01\/maier-choralpe-wmn-bluewhite-print-0.jpg\",\"datePublished\":\"2022-01-21T07:39:39+00:00\",\"dateModified\":\"2025-12-24T15:50:43+00:00\",\"description\":\"\u041f\u0440\u0438\u043c\u0435\u043d\u0438\u0442\u0435 \u0441\u0442\u0438\u043b\u044c\u043d\u044b\u0439 \u0431\u0430\u0442\u043d\u0438\u043a Maier Choralpe Wmn \u0441 \u0443\u043d\u0438\u043a\u0430\u043b\u044c\u043d\u044b\u043c \u0434\u0438\u0437\u0430\u0439\u043d\u043e\u043c. \u041e\u043d \u043e\u0431\u0435\u0441\u043f\u0435\u0447\u0438\u0432\u0430\u0435\u0442 \u043a\u043e\u043c\u0444\u043e\u0440\u0442, \u0431\u044b\u0441\u0442\u0440\u043e \u0441\u043e\u0445\u043d\u0435\u0442 \u0438 \u043e\u0442\u043b\u0438\u0447\u043d\u043e \u043f\u043e\u0434\u0445\u043e\u0434\u0438\u0442 \u0434\u043b\u044f \u0430\u043a\u0442\u0438\u0432\u043d\u043e\u0433\u043e \u043e\u0442\u0434\u044b\u0445\u0430!\",\"breadcrumb\":{\"@id\":\"https:\/\/xstyle.md\/product\/batnik-maier-choralpe-wmn-blue-white-print\/#breadcrumb\"},\"inLanguage\":\"ro-RO\",\"potentialAction\":[{\"@type\":\"ReadAction\",\"target\":[\"https:\/\/xstyle.md\/product\/batnik-maier-choralpe-wmn-blue-white-print\/\"]}]},{\"@type\":\"ImageObject\",\"inLanguage\":\"ro-RO\",\"@id\":\"https:\/\/xstyle.md\/product\/batnik-maier-choralpe-wmn-blue-white-print\/#primaryimage\",\"url\":\"https:\/\/xstyle.md\/wp-content\/uploads\/2022\/01\/maier-choralpe-wmn-bluewhite-print-0.jpg\",\"contentUrl\":\"https:\/\/xstyle.md\/wp-content\/uploads\/2022\/01\/maier-choralpe-wmn-bluewhite-print-0.jpg\",\"width\":870,\"height\":987,\"caption\":\"\u0411\u0430\u0442\u043d\u0438\u043a Maier Choralpe \u0434\u043b\u044f \u0430\u043a\u0442\u0438\u0432\u043d\u043e\u0433\u043e \u043e\u0442\u0434\u044b\u0445\u0430, \u043f\u043e\u0445\u043e\u0434\u043e\u0432 \u0438 \u043f\u0443\u0442\u0435\u0448\u0435\u0441\u0442\u0432\u0438\u0439, \u0436\u0435\u043d\u0441\u043a\u0430\u044f \u043e\u0434\u0435\u0436\u0434\u0430 \u0438 \u043e\u0431\u0443\u0432\u044c \u0434\u043b\u044f \u0442\u0443\u0440\u0438\u0437\u043c\u0430, \u0441\u0442\u0438\u043b\u044c\u043d\u044b\u0439 \u0441\u043f\u043e\u0440\u0442\u0438\u0432\u043d\u044b\u0439 \u043a\u043e\u0441\u0442\u044e\u043c \u0434\u043b\u044f \u0430\u043a\u0442\u0438\u0432\u043d\u043e\u0439 \u0436\u0438\u0437\u043d\u0438\"},{\"@type\":\"BreadcrumbList\",\"@id\":\"https:\/\/xstyle.md\/product\/batnik-maier-choralpe-wmn-blue-white-print\/#breadcrumb\",\"itemListElement\":[{\"@type\":\"ListItem\",\"position\":1,\"name\":\"\u0413\u043b\u0430\u0432\u043d\u0430\u044f \u0441\u0442\u0440\u0430\u043d\u0438\u0446\u0430\",\"item\":\"https:\/\/xstyle.md\/\"},{\"@type\":\"ListItem\",\"position\":2,\"name\":\"\u041c\u0430\u0433\u0430\u0437\u0438\u043d\",\"item\":\"https:\/\/xstyle.md\/shop\/\"},{\"@type\":\"ListItem\",\"position\":3,\"name\":\"\u0411\u0430\u0442\u043d\u0438\u043a Maier Choralpe Wmn blue\/white print\"}]},{\"@type\":\"WebSite\",\"@id\":\"https:\/\/xstyle.md\/#website\",\"url\":\"https:\/\/xstyle.md\/\",\"name\":\"\u041c\u0430\u0433\u0430\u0437\u0438\u043d Xstyle\",\"description\":\"C\u043d\u0430\u0440\u044f\u0436\u0435\u043d\u0438\u0435 \u0434\u043b\u044f \u0442\u0443\u0440\u0438\u0437\u043c\u0430 \u0438 \u044d\u043a\u0441\u0442\u0440\u0435\u043c\u0430\u043b\u044c\u043d\u044b\u0445 \u0432\u0438\u0434\u043e\u0432 \u0441\u043f\u043e\u0440\u0442\u0430 \u0432 \u041c\u043e\u043b\u0434\u043e\u0432\u0435.. \u0426\u0435\u043d\u044b, \u0444\u043e\u0442\u043e, \u0445\u0430\u0440\u0430\u043a\u0442\u0435\u0440\u0438\u0441\u0442\u0438\u043a\u0438 \u0432 \u041c\u043e\u043b\u0434\u043e\u0432\u0435.\",\"publisher\":{\"@id\":\"https:\/\/xstyle.md\/#organization\"},\"alternateName\":\"X-Style\",\"potentialAction\":[{\"@type\":\"SearchAction\",\"target\":{\"@type\":\"EntryPoint\",\"urlTemplate\":\"https:\/\/xstyle.md\/?s={search_term_string}\"},\"query-input\":{\"@type\":\"PropertyValueSpecification\",\"valueRequired\":true,\"valueName\":\"search_term_string\"}}],\"inLanguage\":\"ro-RO\"},{\"@type\":\"Organization\",\"@id\":\"https:\/\/xstyle.md\/#organization\",\"name\":\"\u041c\u0430\u0433\u0430\u0437\u0438\u043d Xstyle\",\"alternateName\":\"x-style\",\"url\":\"https:\/\/xstyle.md\/\",\"logo\":{\"@type\":\"ImageObject\",\"inLanguage\":\"ro-RO\",\"@id\":\"https:\/\/xstyle.md\/#\/schema\/logo\/image\/\",\"url\":\"https:\/\/xstyle.md\/wp-content\/uploads\/2020\/06\/logoicon.svg\",\"contentUrl\":\"https:\/\/xstyle.md\/wp-content\/uploads\/2020\/06\/logoicon.svg\",\"caption\":\"\u041c\u0430\u0433\u0430\u0437\u0438\u043d Xstyle\"},\"image\":{\"@id\":\"https:\/\/xstyle.md\/#\/schema\/logo\/image\/\"},\"sameAs\":[\"https:\/\/www.facebook.com\/xstylemd\",\"https:\/\/www.instagram.com\/xstyle_md\/\",\"https:\/\/t.me\/xstyle_outdoor\"],\"hasMerchantReturnPolicy\":{\"@type\":\"MerchantReturnPolicy\",\"merchantReturnLink\":\"https:\/\/xstyle.md\/ro\/conditions\/\"}}]}<\/script>\n<meta property=\"product:price:amount\" content=\"1134.00\" \/>\n<meta property=\"product:price:currency\" content=\"MDL\" \/>\n<meta property=\"og:availability\" content=\"instock\" \/>\n<meta property=\"product:availability\" content=\"instock\" \/>\n<meta property=\"product:retailer_item_id\" content=\"4060765043618\" \/>\n<meta property=\"product:condition\" content=\"new\" \/>\n<!-- \/ Yoast SEO plugin. -->","yoast_head_json":{"title":"Pulover Maier Choralpe Wmn blue\/white print - Magazin Xstyle","description":"Aplica\u021bi un pulover elegant Maier Choralpe Wmn cu un design unic. Acesta ofer\u0103 confort, se usuc\u0103 rapid \u0219i este perfect pentru activit\u0103\u021bi recreative!","robots":{"index":"index","follow":"follow","max-snippet":"max-snippet:-1","max-image-preview":"max-image-preview:large","max-video-preview":"max-video-preview:-1"},"canonical":"https:\/\/xstyle.md\/ro\/produs\/batnik-maier-choralpe-wmn-blue-white-print\/","og_locale":"ro_RO","og_type":"article","og_title":"\u0411\u0430\u0442\u043d\u0438\u043a Maier Choralpe Wmn blue\/white print - \u041c\u0430\u0433\u0430\u0437\u0438\u043d Xstyle","og_description":"\u041f\u0440\u0438\u043c\u0435\u043d\u0438\u0442\u0435 \u0441\u0442\u0438\u043b\u044c\u043d\u044b\u0439 \u0431\u0430\u0442\u043d\u0438\u043a Maier Choralpe Wmn \u0441 \u0443\u043d\u0438\u043a\u0430\u043b\u044c\u043d\u044b\u043c \u0434\u0438\u0437\u0430\u0439\u043d\u043e\u043c. \u041e\u043d \u043e\u0431\u0435\u0441\u043f\u0435\u0447\u0438\u0432\u0430\u0435\u0442 \u043a\u043e\u043c\u0444\u043e\u0440\u0442, \u0431\u044b\u0441\u0442\u0440\u043e \u0441\u043e\u0445\u043d\u0435\u0442 \u0438 \u043e\u0442\u043b\u0438\u0447\u043d\u043e \u043f\u043e\u0434\u0445\u043e\u0434\u0438\u0442 \u0434\u043b\u044f \u0430\u043a\u0442\u0438\u0432\u043d\u043e\u0433\u043e \u043e\u0442\u0434\u044b\u0445\u0430!","og_url":"https:\/\/xstyle.md\/ro\/produs\/batnik-maier-choralpe-wmn-blue-white-print\/","og_site_name":"\u041c\u0430\u0433\u0430\u0437\u0438\u043d Xstyle","article_publisher":"https:\/\/www.facebook.com\/xstylemd","article_modified_time":"2025-12-24T15:50:43+00:00","og_image":[{"width":870,"height":987,"url":"https:\/\/xstyle.md\/wp-content\/uploads\/2022\/01\/maier-choralpe-wmn-bluewhite-print-0.jpg","type":"image\/jpeg"}],"twitter_card":"summary_large_image","twitter_misc":{"Pre\u021b":"1.134&nbsp;MDL","Disponibilitate":"\u00cen stoc"},"schema":{"@context":"https:\/\/schema.org","@graph":[{"@type":"WebPage","@id":"https:\/\/xstyle.md\/product\/batnik-maier-choralpe-wmn-blue-white-print\/","url":"https:\/\/xstyle.md\/product\/batnik-maier-choralpe-wmn-blue-white-print\/","name":"Pulover Maier Choralpe Wmn blue\/white print - Magazin Xstyle","isPartOf":{"@id":"https:\/\/xstyle.md\/#website"},"primaryImageOfPage":{"@id":"https:\/\/xstyle.md\/product\/batnik-maier-choralpe-wmn-blue-white-print\/#primaryimage"},"image":{"@id":"https:\/\/xstyle.md\/product\/batnik-maier-choralpe-wmn-blue-white-print\/#primaryimage"},"thumbnailUrl":"https:\/\/xstyle.md\/wp-content\/uploads\/2022\/01\/maier-choralpe-wmn-bluewhite-print-0.jpg","datePublished":"2022-01-21T07:39:39+00:00","dateModified":"2025-12-24T15:50:43+00:00","description":"Aplica\u021bi un pulover elegant Maier Choralpe Wmn cu un design unic. Acesta ofer\u0103 confort, se usuc\u0103 rapid \u0219i este perfect pentru activit\u0103\u021bi recreative!","breadcrumb":{"@id":"https:\/\/xstyle.md\/product\/batnik-maier-choralpe-wmn-blue-white-print\/#breadcrumb"},"inLanguage":"ro-RO","potentialAction":[{"@type":"ReadAction","target":["https:\/\/xstyle.md\/product\/batnik-maier-choralpe-wmn-blue-white-print\/"]}]},{"@type":"ImageObject","inLanguage":"ro-RO","@id":"https:\/\/xstyle.md\/product\/batnik-maier-choralpe-wmn-blue-white-print\/#primaryimage","url":"https:\/\/xstyle.md\/wp-content\/uploads\/2022\/01\/maier-choralpe-wmn-bluewhite-print-0.jpg","contentUrl":"https:\/\/xstyle.md\/wp-content\/uploads\/2022\/01\/maier-choralpe-wmn-bluewhite-print-0.jpg","width":870,"height":987,"caption":"\u0411\u0430\u0442\u043d\u0438\u043a Maier Choralpe \u0434\u043b\u044f \u0430\u043a\u0442\u0438\u0432\u043d\u043e\u0433\u043e \u043e\u0442\u0434\u044b\u0445\u0430, \u043f\u043e\u0445\u043e\u0434\u043e\u0432 \u0438 \u043f\u0443\u0442\u0435\u0448\u0435\u0441\u0442\u0432\u0438\u0439, \u0436\u0435\u043d\u0441\u043a\u0430\u044f \u043e\u0434\u0435\u0436\u0434\u0430 \u0438 \u043e\u0431\u0443\u0432\u044c \u0434\u043b\u044f \u0442\u0443\u0440\u0438\u0437\u043c\u0430, \u0441\u0442\u0438\u043b\u044c\u043d\u044b\u0439 \u0441\u043f\u043e\u0440\u0442\u0438\u0432\u043d\u044b\u0439 \u043a\u043e\u0441\u0442\u044e\u043c \u0434\u043b\u044f \u0430\u043a\u0442\u0438\u0432\u043d\u043e\u0439 \u0436\u0438\u0437\u043d\u0438"},{"@type":"BreadcrumbList","@id":"https:\/\/xstyle.md\/product\/batnik-maier-choralpe-wmn-blue-white-print\/#breadcrumb","itemListElement":[{"@type":"ListItem","position":1,"name":"\u0413\u043b\u0430\u0432\u043d\u0430\u044f \u0441\u0442\u0440\u0430\u043d\u0438\u0446\u0430","item":"https:\/\/xstyle.md\/"},{"@type":"ListItem","position":2,"name":"\u041c\u0430\u0433\u0430\u0437\u0438\u043d","item":"https:\/\/xstyle.md\/shop\/"},{"@type":"ListItem","position":3,"name":"\u0411\u0430\u0442\u043d\u0438\u043a Maier Choralpe Wmn blue\/white print"}]},{"@type":"WebSite","@id":"https:\/\/xstyle.md\/#website","url":"https:\/\/xstyle.md\/","name":"Magazinul X-Style","description":"Echipamente pentru turism \u0219i sporturi extreme \u00een Moldova. Pre\u021buri, fotografii, caracteristici \u00een Moldova.","publisher":{"@id":"https:\/\/xstyle.md\/#organization"},"alternateName":"X-Style","potentialAction":[{"@type":"SearchAction","target":{"@type":"EntryPoint","urlTemplate":"https:\/\/xstyle.md\/?s={search_term_string}"},"query-input":{"@type":"PropertyValueSpecification","valueRequired":true,"valueName":"search_term_string"}}],"inLanguage":"ro-RO"},{"@type":"Organization","@id":"https:\/\/xstyle.md\/#organization","name":"Magazinul X-Style","alternateName":"x-style","url":"https:\/\/xstyle.md\/","logo":{"@type":"ImageObject","inLanguage":"ro-RO","@id":"https:\/\/xstyle.md\/#\/schema\/logo\/image\/","url":"https:\/\/xstyle.md\/wp-content\/uploads\/2020\/06\/logoicon.svg","contentUrl":"https:\/\/xstyle.md\/wp-content\/uploads\/2020\/06\/logoicon.svg","caption":"\u041c\u0430\u0433\u0430\u0437\u0438\u043d Xstyle"},"image":{"@id":"https:\/\/xstyle.md\/#\/schema\/logo\/image\/"},"sameAs":["https:\/\/www.facebook.com\/xstylemd","https:\/\/www.instagram.com\/xstyle_md\/","https:\/\/t.me\/xstyle_outdoor"],"hasMerchantReturnPolicy":{"@type":"MerchantReturnPolicy","merchantReturnLink":"https:\/\/xstyle.md\/ro\/conditions\/"}}]},"product_price_amount":"1134.00","product_price_currency":"MDL","og_availability":"instock","product_availability":"instock","product_retailer_item_id":"4060765043618","product_condition":"new"},"post_mailing_queue_ids":[],"_links":{"self":[{"href":"https:\/\/xstyle.md\/ro\/wp-json\/wp\/v2\/product\/44602","targetHints":{"allow":["GET"]}}],"collection":[{"href":"https:\/\/xstyle.md\/ro\/wp-json\/wp\/v2\/product"}],"about":[{"href":"https:\/\/xstyle.md\/ro\/wp-json\/wp\/v2\/types\/product"}],"replies":[{"embeddable":true,"href":"https:\/\/xstyle.md\/ro\/wp-json\/wp\/v2\/comments?post=44602"}],"wp:featuredmedia":[{"embeddable":true,"href":"https:\/\/xstyle.md\/ro\/wp-json\/wp\/v2\/media\/53836"}],"wp:attachment":[{"href":"https:\/\/xstyle.md\/ro\/wp-json\/wp\/v2\/media?parent=44602"}],"wp:term":[{"taxonomy":"product_brand","embeddable":true,"href":"https:\/\/xstyle.md\/ro\/wp-json\/wp\/v2\/product_brand?post=44602"},{"taxonomy":"product_cat","embeddable":true,"href":"https:\/\/xstyle.md\/ro\/wp-json\/wp\/v2\/product_cat?post=44602"},{"taxonomy":"product_tag","embeddable":true,"href":"https:\/\/xstyle.md\/ro\/wp-json\/wp\/v2\/product_tag?post=44602"}],"curies":[{"name":"wp","href":"https:\/\/api.w.org\/{rel}","templated":true}]}}