{"id":44600,"date":"2022-01-21T10:39:38","date_gmt":"2022-01-21T07:39:38","guid":{"rendered":"https:\/\/xstyle.md\/?post_type=product&#038;p=44600"},"modified":"2025-12-24T18:50:41","modified_gmt":"2025-12-24T15:50:41","slug":"kurtka-maier-eiberg-wmn-antigua-sand","status":"publish","type":"product","link":"https:\/\/xstyle.md\/ro\/produs\/kurtka-maier-eiberg-wmn-antigua-sand\/","title":{"rendered":"Geac\u0103 de schi Maier Eiberg Wmn antigua sand"},"content":{"rendered":"<div><span lang=\"EN-US\"><\/span><\/div>\n<div><\/div>\n<div>\n<p><strong><strong>Maier Eiberg &#8212; <\/strong><\/strong>geaca\u00a0de schi elegant\u0103, cu c\u0103ptu\u0219eal\u0103 inovatoare mTHERM, v\u0103 \u021bine \u00een cald chiar \u0219i \u00een zilele cele mai reci, iar atunci c\u00e2nd ave\u021bi nevoie, pute\u021bi pur \u0219i simplu s\u0103 deschide\u021bi g\u0103urile de ventila\u021bie de la subra\u021b pentru a v\u0103 r\u0103cori. Cu mTEX 10.000, aceast\u0103 geac\u0103 este, de asemenea, o alegere excelent\u0103 pentru vreme nefavorabil\u0103, deoarece membrana face materialul impermeabil \u0219i rezistent la v\u00e2nt, r\u0103m\u00e2n\u00e2nd \u00een acela\u0219i timp foarte respirabil. Datorit\u0103 acoperirii ecologice f\u0103r\u0103 PFC, o cantitate mic\u0103 de ap\u0103 pur \u0219i simplu se rostogole\u0219te de pe material.<\/p>\n<h3 data-reader-unique-id=\"2\">Particularit\u0103\u021bi<\/h3>\n<ul data-reader-unique-id=\"4\">\n<li data-reader-unique-id=\"5\">Membran\u0103 mTEX 10.000 respirabil\u0103, rezistent\u0103 la ap\u0103 \u0219i v\u00e2nt;<\/li>\n<li data-reader-unique-id=\"5\">Materialul elastic bidirec\u021bional pentru libertate maxim\u0103 de mi\u0219care;<\/li>\n<li data-reader-unique-id=\"5\">Finisaj ecologic f\u0103r\u0103 PFC;<\/li>\n<li data-reader-unique-id=\"5\">Extensiune confortabil\u0103 \u00een dou\u0103 direc\u021bii pentru libertate maxim\u0103 de mi\u0219care;<\/li>\n<li data-reader-unique-id=\"5\">mTHERM: Izola\u021bia inovatoare re\u021bine \u00een mod optim c\u0103ldura corpului;<\/li>\n<li data-reader-unique-id=\"5\">Man\u0219ete c\u0103ptu\u0219ite cu g\u0103uri confortabile pentru degetul mare;<\/li>\n<li data-reader-unique-id=\"5\">Glug\u0103 deta\u0219abil\u0103, complet ajustabil\u0103;<\/li>\n<li data-reader-unique-id=\"5\">Lavet\u0103 practic\u0103 pentru cur\u0103\u021barea ochelarilor;<\/li>\n<li data-reader-unique-id=\"5\">Trei buzunare mari cu fermoar \u0219i dou\u0103 buzunare interioare mari.<\/li>\n<\/ul>\n<h3 class=\"clear\" data-reader-unique-id=\"11\">Caracteristici<\/h3>\n<ul data-reader-unique-id=\"12\">\n<li data-reader-unique-id=\"13\">Material \u2014 100% Poliester;<\/li>\n<li data-reader-unique-id=\"14\">Izolant termic \u2014 mTHERM;<\/li>\n<li data-reader-unique-id=\"15\">Membran\u0103 \u2014 mTEX 10.000;<\/li>\n<li data-reader-unique-id=\"16\">Rezisten\u021b\u0103 la ap\u0103 &#8212; 10.000 mm;<\/li>\n<li data-reader-unique-id=\"16\">Permeabilitate la vapori \u2013 10000 g\/(m\u00b2\u22c5zi);<\/li>\n<li data-reader-unique-id=\"17\">Model \u2014 pentru femei.<\/li>\n<\/ul>\n<h3 class=\"clear\" data-reader-unique-id=\"18\">Tehnologie<\/h3>\n<ul data-reader-unique-id=\"19\">\n<li data-reader-unique-id=\"20\"><strong data-reader-unique-id=\"21\">mTEX<\/strong> este o membran\u0103 rezistent\u0103 la ap\u0103, respirabil\u0103, fabricat\u0103 dintr-un material rezistent, care permite umezelii s\u0103 se absoarbe \u0219i este u\u0219or de cur\u0103\u021bat de murd\u0103rie.<\/li>\n<li data-reader-unique-id=\"22\"><strong data-reader-unique-id=\"23\">mTHERM<\/strong> este o c\u0103ptu\u0219eal\u0103 din l\u00e2n\u0103 care impresioneaz\u0103 prin capacitatea sa de a re\u021bine c\u0103ldura \u0219i de a men\u021bine hainele respirabile.<\/li>\n<\/ul>\n<h3 class=\"clear\" data-reader-unique-id=\"24\">Marca<\/h3>\n<p data-reader-unique-id=\"25\">Compania MAIER a fost fondat\u0103 \u00een 1938, \u00een Germania, de un grup de oameni cu idei similare. Scopul m\u0103rcii a fost s\u0103 creeze cele mai confortabile haine care s\u0103 se potriveasc\u0103 unei persoane de orice \u00een\u0103l\u021bime. Brandul este specializat \u00een fabricarea \u00eembr\u0103c\u0103mintei \u0219i accesoriilor pentru schi \u0219i alte activit\u0103\u021bi. Brandul se adreseaz\u0103 persoanelor care aleg un stil de via\u021b\u0103 activ. Produc\u021bia difer\u0103 prin comoditate \u0219i calitatea european\u0103. La fabrica\u021bie se iau \u00een considerare caracteristicile figurii umane, datorit\u0103 c\u0103rora hainele se potrivesc perfect, nu exist\u0103 disconfort \u00een timpul utiliz\u0103rii sale.<\/p>\n<p data-reader-unique-id=\"26\">Brandul folose\u0219te propriile dezvolt\u0103ri \u0219i materiale moderne. Hainele nu las\u0103 umezeala s\u0103 treac\u0103 \u0219i \u00een acela\u0219i timp permit corpului s\u0103 respire. Chiar \u0219i \u00een timpul sportului activ, o persoan\u0103 din astfel de produse nu transpir\u0103 \u0219i nu exist\u0103 riscul de \u00eenghe\u021b. Majoritatea modelelor au o membran\u0103 de diferite grosimi \u0219i densit\u0103\u021bi. Acest lucru v\u0103 permite s\u0103 folosi\u021bi haine \u00een aproape orice perioad\u0103 a anului \u0219i \u00een orice condi\u021bii meteorologice. De asemenea, controlul mediului este \u00een vigoare la toate fabricile acestei m\u0103rcii. \u00cen produc\u021bie sunt utilizate numai materiale inofensive. Compania acord\u0103 aten\u021bie fiec\u0103rui detaliu. Drept urmare, produsele MAIER au fost rapid recunoscute \u00een \u00eentreaga lume.<\/p>\n<\/div>\n<div><\/div>\n<div>\n<div><span lang=\"EN-US\"><\/span><\/div>\n<\/div>","protected":false},"excerpt":{"rendered":"","protected":false},"featured_media":58383,"comment_status":"open","ping_status":"closed","template":"","meta":{"_acf_changed":false,"inline_featured_image":false},"product_brand":[1319],"product_cat":[430],"product_tag":[],"class_list":{"0":"post-44600","1":"product","2":"type-product","3":"status-publish","4":"has-post-thumbnail","6":"product_brand-maier","7":"product_cat-jachete-de-schi-femei","9":"first","10":"instock","11":"sale","12":"shipping-taxable","13":"purchasable","14":"product-type-simple"},"acf":[],"yoast_head":"<!-- This site is optimized with the Yoast SEO plugin v27.4 - https:\/\/yoast.com\/product\/yoast-seo-wordpress\/ -->\n<title>\u041a\u0443\u0440\u0442\u043a\u0430 Maier Eiberg Wmn antigua sand - \u041c\u0430\u0433\u0430\u0437\u0438\u043d Xstyle<\/title>\n<meta name=\"description\" content=\"\u041a\u0443\u0440\u0442\u043a\u0430 Maier Eiberg Wmn antigua sand: \u0441\u0442\u0438\u043b\u044c, \u0442\u0435\u043f\u043b\u043e \u0438 \u0432\u0435\u043d\u0442\u0438\u043b\u044f\u0446\u0438\u044f. \u0418\u043d\u043d\u043e\u0432\u0430\u0446\u0438\u043e\u043d\u043d\u0430\u044f \u0438\u0437\u043e\u043b\u044f\u0446\u0438\u044f mTHERM \u0438 \u0432\u043e\u0434\u043e\u043e\u0442\u0442\u0430\u043b\u043a\u0438\u0432\u0430\u044e\u0449\u0438\u0439 mTEX 10000. \u0418\u0434\u0435\u0430\u043b\u044c\u043d\u044b\u0439 \u0432\u044b\u0431\u043e\u0440 \u0434\u043b\u044f \u0445\u043e\u043b\u043e\u0434\u043d\u043e\u0439 \u043f\u043e\u0433\u043e\u0434\u044b.\" \/>\n<meta name=\"robots\" content=\"index, follow, max-snippet:-1, max-image-preview:large, max-video-preview:-1\" \/>\n<link rel=\"canonical\" href=\"https:\/\/xstyle.md\/ro\/produs\/kurtka-maier-eiberg-wmn-antigua-sand\/\" \/>\n<meta property=\"og:locale\" content=\"ro_RO\" \/>\n<meta property=\"og:type\" content=\"article\" \/>\n<meta property=\"og:title\" content=\"\u041a\u0443\u0440\u0442\u043a\u0430 Maier Eiberg Wmn antigua sand - \u041c\u0430\u0433\u0430\u0437\u0438\u043d Xstyle\" \/>\n<meta property=\"og:description\" content=\"\u041a\u0443\u0440\u0442\u043a\u0430 Maier Eiberg Wmn antigua sand: \u0441\u0442\u0438\u043b\u044c, \u0442\u0435\u043f\u043b\u043e \u0438 \u0432\u0435\u043d\u0442\u0438\u043b\u044f\u0446\u0438\u044f. \u0418\u043d\u043d\u043e\u0432\u0430\u0446\u0438\u043e\u043d\u043d\u0430\u044f \u0438\u0437\u043e\u043b\u044f\u0446\u0438\u044f mTHERM \u0438 \u0432\u043e\u0434\u043e\u043e\u0442\u0442\u0430\u043b\u043a\u0438\u0432\u0430\u044e\u0449\u0438\u0439 mTEX 10000. \u0418\u0434\u0435\u0430\u043b\u044c\u043d\u044b\u0439 \u0432\u044b\u0431\u043e\u0440 \u0434\u043b\u044f \u0445\u043e\u043b\u043e\u0434\u043d\u043e\u0439 \u043f\u043e\u0433\u043e\u0434\u044b.\" \/>\n<meta property=\"og:url\" content=\"https:\/\/xstyle.md\/ro\/produs\/kurtka-maier-eiberg-wmn-antigua-sand\/\" \/>\n<meta property=\"og:site_name\" content=\"\u041c\u0430\u0433\u0430\u0437\u0438\u043d Xstyle\" \/>\n<meta property=\"article:publisher\" content=\"https:\/\/www.facebook.com\/xstylemd\" \/>\n<meta property=\"article:modified_time\" content=\"2025-12-24T15:50:41+00:00\" \/>\n<meta property=\"og:image\" content=\"https:\/\/xstyle.md\/wp-content\/uploads\/2022\/01\/maier-eiberg-wmn-antigua-sand0.jpg\" \/>\n\t<meta property=\"og:image:width\" content=\"1504\" \/>\n\t<meta property=\"og:image:height\" content=\"1544\" \/>\n\t<meta property=\"og:image:type\" content=\"image\/jpeg\" \/>\n<meta name=\"twitter:card\" content=\"summary_large_image\" \/>\n<meta name=\"twitter:label1\" content=\"Pre\u021b\" \/>\n\t<meta name=\"twitter:data1\" content=\"3.703&nbsp;MDL\" \/>\n\t<meta name=\"twitter:label2\" content=\"Disponibilitate\" \/>\n\t<meta name=\"twitter:data2\" content=\"\u00cen stoc\" \/>\n<script type=\"application\/ld+json\" class=\"yoast-schema-graph\">{\"@context\":\"https:\\\/\\\/schema.org\",\"@graph\":[{\"@type\":\"WebPage\",\"@id\":\"https:\\\/\\\/xstyle.md\\\/product\\\/kurtka-maier-eiberg-wmn-antigua-sand\\\/\",\"url\":\"https:\\\/\\\/xstyle.md\\\/product\\\/kurtka-maier-eiberg-wmn-antigua-sand\\\/\",\"name\":\"\u041a\u0443\u0440\u0442\u043a\u0430 Maier Eiberg Wmn antigua sand - \u041c\u0430\u0433\u0430\u0437\u0438\u043d Xstyle\",\"isPartOf\":{\"@id\":\"https:\\\/\\\/xstyle.md\\\/#website\"},\"primaryImageOfPage\":{\"@id\":\"https:\\\/\\\/xstyle.md\\\/product\\\/kurtka-maier-eiberg-wmn-antigua-sand\\\/#primaryimage\"},\"image\":{\"@id\":\"https:\\\/\\\/xstyle.md\\\/product\\\/kurtka-maier-eiberg-wmn-antigua-sand\\\/#primaryimage\"},\"thumbnailUrl\":\"https:\\\/\\\/xstyle.md\\\/wp-content\\\/uploads\\\/2022\\\/01\\\/maier-eiberg-wmn-antigua-sand0.jpg\",\"datePublished\":\"2022-01-21T07:39:38+00:00\",\"dateModified\":\"2025-12-24T15:50:41+00:00\",\"description\":\"\u041a\u0443\u0440\u0442\u043a\u0430 Maier Eiberg Wmn antigua sand: \u0441\u0442\u0438\u043b\u044c, \u0442\u0435\u043f\u043b\u043e \u0438 \u0432\u0435\u043d\u0442\u0438\u043b\u044f\u0446\u0438\u044f. \u0418\u043d\u043d\u043e\u0432\u0430\u0446\u0438\u043e\u043d\u043d\u0430\u044f \u0438\u0437\u043e\u043b\u044f\u0446\u0438\u044f mTHERM \u0438 \u0432\u043e\u0434\u043e\u043e\u0442\u0442\u0430\u043b\u043a\u0438\u0432\u0430\u044e\u0449\u0438\u0439 mTEX 10000. \u0418\u0434\u0435\u0430\u043b\u044c\u043d\u044b\u0439 \u0432\u044b\u0431\u043e\u0440 \u0434\u043b\u044f \u0445\u043e\u043b\u043e\u0434\u043d\u043e\u0439 \u043f\u043e\u0433\u043e\u0434\u044b.\",\"breadcrumb\":{\"@id\":\"https:\\\/\\\/xstyle.md\\\/product\\\/kurtka-maier-eiberg-wmn-antigua-sand\\\/#breadcrumb\"},\"inLanguage\":\"ro-RO\",\"potentialAction\":[{\"@type\":\"ReadAction\",\"target\":[\"https:\\\/\\\/xstyle.md\\\/product\\\/kurtka-maier-eiberg-wmn-antigua-sand\\\/\"]}]},{\"@type\":\"ImageObject\",\"inLanguage\":\"ro-RO\",\"@id\":\"https:\\\/\\\/xstyle.md\\\/product\\\/kurtka-maier-eiberg-wmn-antigua-sand\\\/#primaryimage\",\"url\":\"https:\\\/\\\/xstyle.md\\\/wp-content\\\/uploads\\\/2022\\\/01\\\/maier-eiberg-wmn-antigua-sand0.jpg\",\"contentUrl\":\"https:\\\/\\\/xstyle.md\\\/wp-content\\\/uploads\\\/2022\\\/01\\\/maier-eiberg-wmn-antigua-sand0.jpg\",\"width\":1504,\"height\":1544,\"caption\":\"\u0416\u0435\u043d\u0441\u043a\u0430\u044f \u043a\u0443\u0440\u0442\u043a\u0430 Maier Eiberg Wmn antigua sand \u0434\u043b\u044f \u0430\u043a\u0442\u0438\u0432\u043d\u043e\u0433\u043e \u043e\u0442\u0434\u044b\u0445\u0430 \u043f\u043e\u0445\u043e\u0434\u043e\u0432 \u043f\u0443\u0442\u0435\u0448\u0435\u0441\u0442\u0432\u0438\u0439 \u0438 \u0441\u043f\u043e\u0440\u0442\u0437\u0430\u043b\u0430 \u043d\u0430 \u043e\u043d\u043b\u0430\u0439\u043d \u043c\u0430\u0433\u0430\u0437\u0438\u043d\u0435 \u044d\u043a\u0438\u043f\u0438\u0440\u043e\u0432\u043a\u0438 \u0434\u043b\u044f \u0430\u043a\u0442\u0438\u0432\u043d\u043e\u0439 \u0436\u0438\u0437\u043d\u0438\"},{\"@type\":\"BreadcrumbList\",\"@id\":\"https:\\\/\\\/xstyle.md\\\/product\\\/kurtka-maier-eiberg-wmn-antigua-sand\\\/#breadcrumb\",\"itemListElement\":[{\"@type\":\"ListItem\",\"position\":1,\"name\":\"\u0413\u043b\u0430\u0432\u043d\u0430\u044f \u0441\u0442\u0440\u0430\u043d\u0438\u0446\u0430\",\"item\":\"https:\\\/\\\/xstyle.md\\\/\"},{\"@type\":\"ListItem\",\"position\":2,\"name\":\"\u041c\u0430\u0433\u0430\u0437\u0438\u043d\",\"item\":\"https:\\\/\\\/xstyle.md\\\/shop\\\/\"},{\"@type\":\"ListItem\",\"position\":3,\"name\":\"\u041a\u0443\u0440\u0442\u043a\u0430 Maier Eiberg Wmn antigua sand\"}]},{\"@type\":\"WebSite\",\"@id\":\"https:\\\/\\\/xstyle.md\\\/#website\",\"url\":\"https:\\\/\\\/xstyle.md\\\/\",\"name\":\"\u041c\u0430\u0433\u0430\u0437\u0438\u043d Xstyle\",\"description\":\"C\u043d\u0430\u0440\u044f\u0436\u0435\u043d\u0438\u0435 \u0434\u043b\u044f \u0442\u0443\u0440\u0438\u0437\u043c\u0430 \u0438 \u044d\u043a\u0441\u0442\u0440\u0435\u043c\u0430\u043b\u044c\u043d\u044b\u0445 \u0432\u0438\u0434\u043e\u0432 \u0441\u043f\u043e\u0440\u0442\u0430 \u0432 \u041c\u043e\u043b\u0434\u043e\u0432\u0435.. \u0426\u0435\u043d\u044b, \u0444\u043e\u0442\u043e, \u0445\u0430\u0440\u0430\u043a\u0442\u0435\u0440\u0438\u0441\u0442\u0438\u043a\u0438 \u0432 \u041c\u043e\u043b\u0434\u043e\u0432\u0435.\",\"publisher\":{\"@id\":\"https:\\\/\\\/xstyle.md\\\/#organization\"},\"alternateName\":\"X-Style\",\"potentialAction\":[{\"@type\":\"SearchAction\",\"target\":{\"@type\":\"EntryPoint\",\"urlTemplate\":\"https:\\\/\\\/xstyle.md\\\/?s={search_term_string}\"},\"query-input\":{\"@type\":\"PropertyValueSpecification\",\"valueRequired\":true,\"valueName\":\"search_term_string\"}}],\"inLanguage\":\"ro-RO\"},{\"@type\":\"Organization\",\"@id\":\"https:\\\/\\\/xstyle.md\\\/#organization\",\"name\":\"\u041c\u0430\u0433\u0430\u0437\u0438\u043d Xstyle\",\"alternateName\":\"x-style\",\"url\":\"https:\\\/\\\/xstyle.md\\\/\",\"logo\":{\"@type\":\"ImageObject\",\"inLanguage\":\"ro-RO\",\"@id\":\"https:\\\/\\\/xstyle.md\\\/#\\\/schema\\\/logo\\\/image\\\/\",\"url\":\"https:\\\/\\\/xstyle.md\\\/wp-content\\\/uploads\\\/2020\\\/06\\\/logoicon.svg\",\"contentUrl\":\"https:\\\/\\\/xstyle.md\\\/wp-content\\\/uploads\\\/2020\\\/06\\\/logoicon.svg\",\"caption\":\"\u041c\u0430\u0433\u0430\u0437\u0438\u043d Xstyle\"},\"image\":{\"@id\":\"https:\\\/\\\/xstyle.md\\\/#\\\/schema\\\/logo\\\/image\\\/\"},\"sameAs\":[\"https:\\\/\\\/www.facebook.com\\\/xstylemd\",\"https:\\\/\\\/www.instagram.com\\\/xstyle_md\\\/\",\"https:\\\/\\\/t.me\\\/xstyle_outdoor\"],\"hasMerchantReturnPolicy\":{\"@type\":\"MerchantReturnPolicy\",\"merchantReturnLink\":\"https:\\\/\\\/xstyle.md\\\/ro\\\/conditions\\\/\"}}]}<\/script>\n<meta property=\"product:price:amount\" content=\"3703.00\" \/>\n<meta property=\"product:price:currency\" content=\"MDL\" \/>\n<meta property=\"og:availability\" content=\"instock\" \/>\n<meta property=\"product:availability\" content=\"instock\" \/>\n<meta property=\"product:retailer_item_id\" content=\"4060765023085\" \/>\n<meta property=\"product:condition\" content=\"new\" \/>\n<!-- \/ Yoast SEO plugin. -->","yoast_head_json":{"title":"Geac\u0103 Maier Eiberg Wmn antigua sand - Magazin Xstyle","description":"Jacheta Maier Eiberg Wmn antigua sand: stil, c\u0103ldur\u0103 \u0219i ventila\u021bie. Izola\u021bie inovatoare mTHERM \u0219i impermeabilitate mTEX 10000. Alegerea perfect\u0103 pentru vreme rece.","robots":{"index":"index","follow":"follow","max-snippet":"max-snippet:-1","max-image-preview":"max-image-preview:large","max-video-preview":"max-video-preview:-1"},"canonical":"https:\/\/xstyle.md\/ro\/produs\/kurtka-maier-eiberg-wmn-antigua-sand\/","og_locale":"ro_RO","og_type":"article","og_title":"\u041a\u0443\u0440\u0442\u043a\u0430 Maier Eiberg Wmn antigua sand - \u041c\u0430\u0433\u0430\u0437\u0438\u043d Xstyle","og_description":"\u041a\u0443\u0440\u0442\u043a\u0430 Maier Eiberg Wmn antigua sand: \u0441\u0442\u0438\u043b\u044c, \u0442\u0435\u043f\u043b\u043e \u0438 \u0432\u0435\u043d\u0442\u0438\u043b\u044f\u0446\u0438\u044f. \u0418\u043d\u043d\u043e\u0432\u0430\u0446\u0438\u043e\u043d\u043d\u0430\u044f \u0438\u0437\u043e\u043b\u044f\u0446\u0438\u044f mTHERM \u0438 \u0432\u043e\u0434\u043e\u043e\u0442\u0442\u0430\u043b\u043a\u0438\u0432\u0430\u044e\u0449\u0438\u0439 mTEX 10000. \u0418\u0434\u0435\u0430\u043b\u044c\u043d\u044b\u0439 \u0432\u044b\u0431\u043e\u0440 \u0434\u043b\u044f \u0445\u043e\u043b\u043e\u0434\u043d\u043e\u0439 \u043f\u043e\u0433\u043e\u0434\u044b.","og_url":"https:\/\/xstyle.md\/ro\/produs\/kurtka-maier-eiberg-wmn-antigua-sand\/","og_site_name":"\u041c\u0430\u0433\u0430\u0437\u0438\u043d Xstyle","article_publisher":"https:\/\/www.facebook.com\/xstylemd","article_modified_time":"2025-12-24T15:50:41+00:00","og_image":[{"width":1504,"height":1544,"url":"https:\/\/xstyle.md\/wp-content\/uploads\/2022\/01\/maier-eiberg-wmn-antigua-sand0.jpg","type":"image\/jpeg"}],"twitter_card":"summary_large_image","twitter_misc":{"Pre\u021b":"3.703&nbsp;MDL","Disponibilitate":"\u00cen stoc"},"schema":{"@context":"https:\/\/schema.org","@graph":[{"@type":"WebPage","@id":"https:\/\/xstyle.md\/product\/kurtka-maier-eiberg-wmn-antigua-sand\/","url":"https:\/\/xstyle.md\/product\/kurtka-maier-eiberg-wmn-antigua-sand\/","name":"Geac\u0103 Maier Eiberg Wmn antigua sand - Magazin Xstyle","isPartOf":{"@id":"https:\/\/xstyle.md\/#website"},"primaryImageOfPage":{"@id":"https:\/\/xstyle.md\/product\/kurtka-maier-eiberg-wmn-antigua-sand\/#primaryimage"},"image":{"@id":"https:\/\/xstyle.md\/product\/kurtka-maier-eiberg-wmn-antigua-sand\/#primaryimage"},"thumbnailUrl":"https:\/\/xstyle.md\/wp-content\/uploads\/2022\/01\/maier-eiberg-wmn-antigua-sand0.jpg","datePublished":"2022-01-21T07:39:38+00:00","dateModified":"2025-12-24T15:50:41+00:00","description":"Jacheta Maier Eiberg Wmn antigua sand: stil, c\u0103ldur\u0103 \u0219i ventila\u021bie. Izola\u021bie inovatoare mTHERM \u0219i impermeabilitate mTEX 10000. Alegerea perfect\u0103 pentru vreme rece.","breadcrumb":{"@id":"https:\/\/xstyle.md\/product\/kurtka-maier-eiberg-wmn-antigua-sand\/#breadcrumb"},"inLanguage":"ro-RO","potentialAction":[{"@type":"ReadAction","target":["https:\/\/xstyle.md\/product\/kurtka-maier-eiberg-wmn-antigua-sand\/"]}]},{"@type":"ImageObject","inLanguage":"ro-RO","@id":"https:\/\/xstyle.md\/product\/kurtka-maier-eiberg-wmn-antigua-sand\/#primaryimage","url":"https:\/\/xstyle.md\/wp-content\/uploads\/2022\/01\/maier-eiberg-wmn-antigua-sand0.jpg","contentUrl":"https:\/\/xstyle.md\/wp-content\/uploads\/2022\/01\/maier-eiberg-wmn-antigua-sand0.jpg","width":1504,"height":1544,"caption":"\u0416\u0435\u043d\u0441\u043a\u0430\u044f \u043a\u0443\u0440\u0442\u043a\u0430 Maier Eiberg Wmn antigua sand \u0434\u043b\u044f \u0430\u043a\u0442\u0438\u0432\u043d\u043e\u0433\u043e \u043e\u0442\u0434\u044b\u0445\u0430 \u043f\u043e\u0445\u043e\u0434\u043e\u0432 \u043f\u0443\u0442\u0435\u0448\u0435\u0441\u0442\u0432\u0438\u0439 \u0438 \u0441\u043f\u043e\u0440\u0442\u0437\u0430\u043b\u0430 \u043d\u0430 \u043e\u043d\u043b\u0430\u0439\u043d \u043c\u0430\u0433\u0430\u0437\u0438\u043d\u0435 \u044d\u043a\u0438\u043f\u0438\u0440\u043e\u0432\u043a\u0438 \u0434\u043b\u044f \u0430\u043a\u0442\u0438\u0432\u043d\u043e\u0439 \u0436\u0438\u0437\u043d\u0438"},{"@type":"BreadcrumbList","@id":"https:\/\/xstyle.md\/product\/kurtka-maier-eiberg-wmn-antigua-sand\/#breadcrumb","itemListElement":[{"@type":"ListItem","position":1,"name":"\u0413\u043b\u0430\u0432\u043d\u0430\u044f \u0441\u0442\u0440\u0430\u043d\u0438\u0446\u0430","item":"https:\/\/xstyle.md\/"},{"@type":"ListItem","position":2,"name":"\u041c\u0430\u0433\u0430\u0437\u0438\u043d","item":"https:\/\/xstyle.md\/shop\/"},{"@type":"ListItem","position":3,"name":"\u041a\u0443\u0440\u0442\u043a\u0430 Maier Eiberg Wmn antigua sand"}]},{"@type":"WebSite","@id":"https:\/\/xstyle.md\/#website","url":"https:\/\/xstyle.md\/","name":"Magazinul X-Style","description":"Echipamente pentru turism \u0219i sporturi extreme \u00een Moldova. Pre\u021buri, fotografii, caracteristici \u00een Moldova.","publisher":{"@id":"https:\/\/xstyle.md\/#organization"},"alternateName":"X-Style","potentialAction":[{"@type":"SearchAction","target":{"@type":"EntryPoint","urlTemplate":"https:\/\/xstyle.md\/?s={search_term_string}"},"query-input":{"@type":"PropertyValueSpecification","valueRequired":true,"valueName":"search_term_string"}}],"inLanguage":"ro-RO"},{"@type":"Organization","@id":"https:\/\/xstyle.md\/#organization","name":"Magazinul X-Style","alternateName":"x-style","url":"https:\/\/xstyle.md\/","logo":{"@type":"ImageObject","inLanguage":"ro-RO","@id":"https:\/\/xstyle.md\/#\/schema\/logo\/image\/","url":"https:\/\/xstyle.md\/wp-content\/uploads\/2020\/06\/logoicon.svg","contentUrl":"https:\/\/xstyle.md\/wp-content\/uploads\/2020\/06\/logoicon.svg","caption":"\u041c\u0430\u0433\u0430\u0437\u0438\u043d Xstyle"},"image":{"@id":"https:\/\/xstyle.md\/#\/schema\/logo\/image\/"},"sameAs":["https:\/\/www.facebook.com\/xstylemd","https:\/\/www.instagram.com\/xstyle_md\/","https:\/\/t.me\/xstyle_outdoor"],"hasMerchantReturnPolicy":{"@type":"MerchantReturnPolicy","merchantReturnLink":"https:\/\/xstyle.md\/ro\/conditions\/"}}]},"product_price_amount":"3703.00","product_price_currency":"MDL","og_availability":"instock","product_availability":"instock","product_retailer_item_id":"4060765023085","product_condition":"new"},"_links":{"self":[{"href":"https:\/\/xstyle.md\/ro\/wp-json\/wp\/v2\/product\/44600","targetHints":{"allow":["GET"]}}],"collection":[{"href":"https:\/\/xstyle.md\/ro\/wp-json\/wp\/v2\/product"}],"about":[{"href":"https:\/\/xstyle.md\/ro\/wp-json\/wp\/v2\/types\/product"}],"replies":[{"embeddable":true,"href":"https:\/\/xstyle.md\/ro\/wp-json\/wp\/v2\/comments?post=44600"}],"wp:featuredmedia":[{"embeddable":true,"href":"https:\/\/xstyle.md\/ro\/wp-json\/wp\/v2\/media\/58383"}],"wp:attachment":[{"href":"https:\/\/xstyle.md\/ro\/wp-json\/wp\/v2\/media?parent=44600"}],"wp:term":[{"taxonomy":"product_brand","embeddable":true,"href":"https:\/\/xstyle.md\/ro\/wp-json\/wp\/v2\/product_brand?post=44600"},{"taxonomy":"product_cat","embeddable":true,"href":"https:\/\/xstyle.md\/ro\/wp-json\/wp\/v2\/product_cat?post=44600"},{"taxonomy":"product_tag","embeddable":true,"href":"https:\/\/xstyle.md\/ro\/wp-json\/wp\/v2\/product_tag?post=44600"}],"curies":[{"name":"wp","href":"https:\/\/api.w.org\/{rel}","templated":true}]}}