{"id":44581,"date":"2022-01-21T10:39:35","date_gmt":"2022-01-21T07:39:35","guid":{"rendered":"https:\/\/xstyle.md\/?post_type=product&#038;p=44581"},"modified":"2024-10-03T00:15:10","modified_gmt":"2024-10-02T21:15:10","slug":"sapogi-kamik-bushman-v-mossy-oak-country","status":"publish","type":"product","link":"https:\/\/xstyle.md\/ro\/produs\/sapogi-kamik-bushman-v-mossy-oak-country\/","title":{"rendered":"Cizme Kamik Bushman V mossy oak country"},"content":{"rendered":"<\/p>\n<p><strong>Kamik Bushman V<\/strong> &#8212; cizmele sunt confortabile \u0219i durabile, ceea ce le face indispensabile pentru pescuitul \u0219i drume\u021biile de iarn\u0103. Cizmele pot fi folosite cu \u00eencredere chiar \u0219i \u00een cele mai dure condi\u021bii meteorologice. Materialul impermeabil men\u021bine picioarele uscate, iar tratamentul antibacterian \u021bine la distan\u021b\u0103 mirosurile, chiar \u0219i atunci c\u00e2nd sunt purtate pentru perioade lungi de timp.<\/p>\n<h3>Particularit\u0103\u021bi<\/h3>\n<ul>\n<li>100% cizme impermeabile<\/li>\n<li>Partea superioar\u0103 din neopren stretch cu grosime de 7 mm, cu protec\u021bie Kamik TEAR GUARD<\/li>\n<li>Neopren tratat anti-miros<\/li>\n<li>Guler de siguran\u021b\u0103 cu balamale portocalii<\/li>\n<li>C\u0103ptu\u0219eal\u0103 din plas\u0103 \u0219i fleece care respinge umezeala<\/li>\n<li>Talp\u0103 de confort EVA deta\u0219abil\u0103<\/li>\n<li>Prelucrare naturala \u0219i netoxica Cleansport NXT\u2122 care elimin\u0103 mirosurile<\/li>\n<li>Tehnologie Kamik LockFIT cu suport posterior pentru c\u0103lc\u00e2i \u0219i tij\u0103 \u00een form\u0103 de cruce<\/li>\n<li>\u00cenveli\u0219 din cauciuc sintetic impermeabil \u0219i u\u0219or, f\u0103r\u0103 PVC<\/li>\n<li>Rezistent la ulei \u0219i la acizi<\/li>\n<li>Talp\u0103 exterioar\u0103 Vibram\u00ae Grip Performance pentru 4 anotimpuri.<\/li>\n<\/ul>\n<h3>Caracteristici<\/h3>\n<ul>\n<li>Material de baz\u0103 &#8212; neopren<\/li>\n<li>Talp\u0103 exterioar\u0103 &#8212; Vibram\u00ae Grip Performance<\/li>\n<li>\u00cen\u0103l\u021bime &#8212; 40 cm<\/li>\n<li>Zona de confort &#8212; 40\u00b0C<\/li>\n<li>Sezonul.<\/li>\n<\/ul>\n<h3>Tehnologie<\/h3>\n<ul>\n<li><strong>RubberHe<\/strong> &#8212; este o talp\u0103 exterioar\u0103 avansat\u0103 care este la fel de u\u0219oar\u0103 ca heliul \u0219i rezistent\u0103 ca fierul. Ofer\u0103 o aderen\u021b\u0103 \u0219i o flexibilitate excelenta. Este cu 50% mai u\u0219oar\u0103 dec\u00e2t cauciucul natural \u0219i este 100% reciclabil\u0103, astfel \u00eenc\u00e2t nu contamineaz\u0103 mediul \u00eenconjur\u0103tor.<\/li>\n<li><strong>Cleansport NXT<\/strong> este o tehnologie inovatoare de control al mirosurilor. Mirosul nepl\u0103cut este cauzat de bacteriile care se \u00eenmul\u021besc prin produc\u021bia de transpira\u021bie. Pentru a neutraliza mirosul, se folosesc al\u021bi microbi care se hr\u0103nesc cu bacteriile care provoac\u0103 mirosul, transform\u00e2nd sudoarea \u00een ap\u0103 \u0219i CO2. Tehnologia nu este toxic\u0103 \u0219i nu d\u0103uneaz\u0103 mediului \u00eenconjur\u0103tor. 100.000.000.000 de microbi activi se a\u0219eaz\u0103 pe fiecare centimetru p\u0103trat al c\u0103ptu\u0219elii, form\u00e2nd un strat protector care este gata s\u0103 reac\u021bioneze imediat ce are loc contactul cu transpira\u021bia. Aceast\u0103 tehnologie v\u0103 men\u021bine bocancii proaspe\u021bi.<\/li>\n<li><strong>EVA<\/strong> este etilen\u0103-acetat de vinil, un material polimeric compozit. Este un material modern, ecologic \u0219i igienic, care \u0219i-a g\u0103sit o larg\u0103 aplicare \u00een diverse sfere ale vie\u021bii, inclusiv \u00een fabricarea incaltamintei. Avantajul acestui material este u\u0219urin\u021ba sa; este mai u\u0219or chiar \u0219i dec\u00e2t cauciucul sau PVC-ul. De asemenea, nu provoac\u0103 alergii, este rezistent la ap\u0103, elastic \u0219i are propriet\u0103\u021bi de amortizare \u0219i de izolare termic\u0103.<\/li>\n<\/ul>\n<p>\n\n<\/p>\n<h3>Marca<\/h3>\n<p>Istoria m\u0103rcii Kamik s-a \u00eenceput \u00een 1898 odat\u0103 cu \u00eenfiin\u021barea cizm\u0103riei \u00een provincia canadian\u0103 Quebec. Afacerea firmei a mers cu diferite grade de succes, p\u00e2n\u0103 c\u00e2nd a fost angajat un manager pe nume William Cook. Acesta a fost cel care a adus afacerea la un nou nivel cu talentul s\u0103u comercial uimitor.<\/p>\n<p>Compania s-a extins, s-a mutat la Montreal \u0219i a devenit oficial The General Footwear Company. Cook a avut o calitate foarte valoroas\u0103 pentru un manager \u2014 el a distins cu acurate\u021be \u0219i a eviden\u021biat noile tehnologii promi\u021b\u0103toare \u00een produc\u021bia de \u00eenc\u0103l\u021b\u0103minte, apoi le-a aplicat cu succes \u00een activit\u0103\u021bile companiei. Drept urmare, Genfoot a c\u00e2\u0219tigat o popularitate imens\u0103, mai \u00eent\u00e2i \u00een Canada \u0219i apoi dincolo.<\/p>\n<p>Marca Kamik \u00een sine a fost dezvoltat\u0103 \u00een 1972 \u0219i a atras imediat aten\u021bia cu tehnologia sa \u00eenalt\u0103 la pre\u021buri foarte accesibile. Ini\u021bial, aceste produse au fost destinate v\u00e2n\u0103torilor, drume\u021bilor \u0219i altor persoane cu cerintele ridicate privind durabilitatea \u0219i rezisten\u021ba la ap\u0103 a incaltamintei, dar \u00een timp, calit\u0103\u021bile lor unice au \u00eenceput s\u0103 fie aplicate modelelor de purtare zilnic\u0103.<\/p>\n<p>","protected":false},"excerpt":{"rendered":"","protected":false},"featured_media":58632,"comment_status":"open","ping_status":"closed","template":"","meta":{"_acf_changed":false,"inline_featured_image":false},"product_brand":[1356],"product_cat":[379],"product_tag":[],"class_list":{"0":"post-44581","1":"product","2":"type-product","3":"status-publish","4":"has-post-thumbnail","6":"product_brand-kamik","7":"product_cat-rainboots","9":"first","10":"instock","11":"shipping-taxable","12":"purchasable","13":"product-type-simple"},"acf":[],"yoast_head":"<!-- This site is optimized with the Yoast SEO plugin v27.2 - https:\/\/yoast.com\/product\/yoast-seo-wordpress\/ -->\n<title>\u0421\u0430\u043f\u043e\u0433\u0438 Kamik Bushman V mossy oak country - \u041c\u0430\u0433\u0430\u0437\u0438\u043d Xstyle<\/title>\n<meta name=\"description\" content=\"\u041a\u0443\u043f\u0438\u0442\u0435 \u0441\u0430\u043f\u043e\u0433\u0438 Kamik Bushman V \u0432 \u0441\u0442\u0438\u043b\u0435 Mossy Oak Country \u2014 \u043a\u043e\u043c\u0444\u043e\u0440\u0442 \u0438 \u043d\u0430\u0434\u0435\u0436\u043d\u043e\u0441\u0442\u044c \u0434\u043b\u044f \u0440\u044b\u0431\u0430\u043b\u043a\u0438 \u0438 \u0437\u0438\u043c\u043d\u0438\u0445 \u043f\u0440\u043e\u0433\u0443\u043b\u043e\u043a \u043f\u0440\u0438 \u043b\u044e\u0431\u044b\u0445 \u043f\u043e\u0433\u043e\u0434\u043d\u044b\u0445 \u0443\u0441\u043b\u043e\u0432\u0438\u044f\u0445!\" \/>\n<meta name=\"robots\" content=\"index, follow, max-snippet:-1, max-image-preview:large, max-video-preview:-1\" \/>\n<link rel=\"canonical\" href=\"https:\/\/xstyle.md\/ro\/produs\/sapogi-kamik-bushman-v-mossy-oak-country\/\" \/>\n<meta property=\"og:locale\" content=\"ro_RO\" \/>\n<meta property=\"og:type\" content=\"article\" \/>\n<meta property=\"og:title\" content=\"\u0421\u0430\u043f\u043e\u0433\u0438 Kamik Bushman V mossy oak country - \u041c\u0430\u0433\u0430\u0437\u0438\u043d Xstyle\" \/>\n<meta property=\"og:description\" content=\"\u041a\u0443\u043f\u0438\u0442\u0435 \u0441\u0430\u043f\u043e\u0433\u0438 Kamik Bushman V \u0432 \u0441\u0442\u0438\u043b\u0435 Mossy Oak Country \u2014 \u043a\u043e\u043c\u0444\u043e\u0440\u0442 \u0438 \u043d\u0430\u0434\u0435\u0436\u043d\u043e\u0441\u0442\u044c \u0434\u043b\u044f \u0440\u044b\u0431\u0430\u043b\u043a\u0438 \u0438 \u0437\u0438\u043c\u043d\u0438\u0445 \u043f\u0440\u043e\u0433\u0443\u043b\u043e\u043a \u043f\u0440\u0438 \u043b\u044e\u0431\u044b\u0445 \u043f\u043e\u0433\u043e\u0434\u043d\u044b\u0445 \u0443\u0441\u043b\u043e\u0432\u0438\u044f\u0445!\" \/>\n<meta property=\"og:url\" content=\"https:\/\/xstyle.md\/ro\/produs\/sapogi-kamik-bushman-v-mossy-oak-country\/\" \/>\n<meta property=\"og:site_name\" content=\"\u041c\u0430\u0433\u0430\u0437\u0438\u043d Xstyle\" \/>\n<meta property=\"article:publisher\" content=\"https:\/\/www.facebook.com\/xstylemd\" \/>\n<meta property=\"article:modified_time\" content=\"2024-10-02T21:15:10+00:00\" \/>\n<meta property=\"og:image\" content=\"https:\/\/xstyle.md\/wp-content\/uploads\/2022\/01\/kamik-bushman-v-mossy-oak-country-0.jpg\" \/>\n\t<meta property=\"og:image:width\" content=\"1023\" \/>\n\t<meta property=\"og:image:height\" content=\"1049\" \/>\n\t<meta property=\"og:image:type\" content=\"image\/jpeg\" \/>\n<meta name=\"twitter:card\" content=\"summary_large_image\" \/>\n<meta name=\"twitter:label1\" content=\"Pre\u021b\" \/>\n\t<meta name=\"twitter:data1\" content=\"3.790&nbsp;MDL\" \/>\n\t<meta name=\"twitter:label2\" content=\"Disponibilitate\" \/>\n\t<meta name=\"twitter:data2\" content=\"\u00cen stoc\" \/>\n<script type=\"application\/ld+json\" class=\"yoast-schema-graph\">{\"@context\":\"https:\/\/schema.org\",\"@graph\":[{\"@type\":\"WebPage\",\"@id\":\"https:\/\/xstyle.md\/product\/sapogi-kamik-bushman-v-mossy-oak-country\/\",\"url\":\"https:\/\/xstyle.md\/product\/sapogi-kamik-bushman-v-mossy-oak-country\/\",\"name\":\"\u0421\u0430\u043f\u043e\u0433\u0438 Kamik Bushman V mossy oak country - \u041c\u0430\u0433\u0430\u0437\u0438\u043d Xstyle\",\"isPartOf\":{\"@id\":\"https:\/\/xstyle.md\/#website\"},\"primaryImageOfPage\":{\"@id\":\"https:\/\/xstyle.md\/product\/sapogi-kamik-bushman-v-mossy-oak-country\/#primaryimage\"},\"image\":{\"@id\":\"https:\/\/xstyle.md\/product\/sapogi-kamik-bushman-v-mossy-oak-country\/#primaryimage\"},\"thumbnailUrl\":\"https:\/\/xstyle.md\/wp-content\/uploads\/2022\/01\/kamik-bushman-v-mossy-oak-country-0.jpg\",\"datePublished\":\"2022-01-21T07:39:35+00:00\",\"dateModified\":\"2024-10-02T21:15:10+00:00\",\"description\":\"\u041a\u0443\u043f\u0438\u0442\u0435 \u0441\u0430\u043f\u043e\u0433\u0438 Kamik Bushman V \u0432 \u0441\u0442\u0438\u043b\u0435 Mossy Oak Country \u2014 \u043a\u043e\u043c\u0444\u043e\u0440\u0442 \u0438 \u043d\u0430\u0434\u0435\u0436\u043d\u043e\u0441\u0442\u044c \u0434\u043b\u044f \u0440\u044b\u0431\u0430\u043b\u043a\u0438 \u0438 \u0437\u0438\u043c\u043d\u0438\u0445 \u043f\u0440\u043e\u0433\u0443\u043b\u043e\u043a \u043f\u0440\u0438 \u043b\u044e\u0431\u044b\u0445 \u043f\u043e\u0433\u043e\u0434\u043d\u044b\u0445 \u0443\u0441\u043b\u043e\u0432\u0438\u044f\u0445!\",\"breadcrumb\":{\"@id\":\"https:\/\/xstyle.md\/product\/sapogi-kamik-bushman-v-mossy-oak-country\/#breadcrumb\"},\"inLanguage\":\"ro-RO\",\"potentialAction\":[{\"@type\":\"ReadAction\",\"target\":[\"https:\/\/xstyle.md\/product\/sapogi-kamik-bushman-v-mossy-oak-country\/\"]}]},{\"@type\":\"ImageObject\",\"inLanguage\":\"ro-RO\",\"@id\":\"https:\/\/xstyle.md\/product\/sapogi-kamik-bushman-v-mossy-oak-country\/#primaryimage\",\"url\":\"https:\/\/xstyle.md\/wp-content\/uploads\/2022\/01\/kamik-bushman-v-mossy-oak-country-0.jpg\",\"contentUrl\":\"https:\/\/xstyle.md\/wp-content\/uploads\/2022\/01\/kamik-bushman-v-mossy-oak-country-0.jpg\",\"width\":1023,\"height\":1049,\"caption\":\"\u0422\u0435\u043f\u043b\u044b\u0435 \u0441\u0430\u043f\u043e\u0433\u0438 Kamik Bushman V Mossy Oak Country \u0434\u043b\u044f \u0430\u043a\u0442\u0438\u0432\u043d\u043e\u0433\u043e \u043e\u0442\u0434\u044b\u0445\u0430, \u0442\u0443\u0440\u0438\u0437\u043c\u0430 \u0438 \u0445\u0430\u0439\u043a\u0438\u043d\u0433\u0430 \u043d\u0430 \u043e\u043d\u043b\u0430\u0439\u043d \u043c\u0430\u0433\u0430\u0437\u0438\u043d\u0435 \u0430\u043a\u0442\u0438\u0432\u043d\u043e\u0439 \u043e\u0434\u0435\u0436\u0434\u044b \u0438 \u043e\u0431\u0443\u0432\u0438\"},{\"@type\":\"BreadcrumbList\",\"@id\":\"https:\/\/xstyle.md\/product\/sapogi-kamik-bushman-v-mossy-oak-country\/#breadcrumb\",\"itemListElement\":[{\"@type\":\"ListItem\",\"position\":1,\"name\":\"\u0413\u043b\u0430\u0432\u043d\u0430\u044f \u0441\u0442\u0440\u0430\u043d\u0438\u0446\u0430\",\"item\":\"https:\/\/xstyle.md\/\"},{\"@type\":\"ListItem\",\"position\":2,\"name\":\"\u041c\u0430\u0433\u0430\u0437\u0438\u043d\",\"item\":\"https:\/\/xstyle.md\/shop\/\"},{\"@type\":\"ListItem\",\"position\":3,\"name\":\"\u0421\u0430\u043f\u043e\u0433\u0438 Kamik Bushman V mossy oak country\"}]},{\"@type\":\"WebSite\",\"@id\":\"https:\/\/xstyle.md\/#website\",\"url\":\"https:\/\/xstyle.md\/\",\"name\":\"\u041c\u0430\u0433\u0430\u0437\u0438\u043d Xstyle\",\"description\":\"C\u043d\u0430\u0440\u044f\u0436\u0435\u043d\u0438\u0435 \u0434\u043b\u044f \u0442\u0443\u0440\u0438\u0437\u043c\u0430 \u0438 \u044d\u043a\u0441\u0442\u0440\u0435\u043c\u0430\u043b\u044c\u043d\u044b\u0445 \u0432\u0438\u0434\u043e\u0432 \u0441\u043f\u043e\u0440\u0442\u0430 \u0432 \u041c\u043e\u043b\u0434\u043e\u0432\u0435.. \u0426\u0435\u043d\u044b, \u0444\u043e\u0442\u043e, \u0445\u0430\u0440\u0430\u043a\u0442\u0435\u0440\u0438\u0441\u0442\u0438\u043a\u0438 \u0432 \u041c\u043e\u043b\u0434\u043e\u0432\u0435.\",\"publisher\":{\"@id\":\"https:\/\/xstyle.md\/#organization\"},\"alternateName\":\"X-Style\",\"potentialAction\":[{\"@type\":\"SearchAction\",\"target\":{\"@type\":\"EntryPoint\",\"urlTemplate\":\"https:\/\/xstyle.md\/?s={search_term_string}\"},\"query-input\":{\"@type\":\"PropertyValueSpecification\",\"valueRequired\":true,\"valueName\":\"search_term_string\"}}],\"inLanguage\":\"ro-RO\"},{\"@type\":\"Organization\",\"@id\":\"https:\/\/xstyle.md\/#organization\",\"name\":\"\u041c\u0430\u0433\u0430\u0437\u0438\u043d Xstyle\",\"alternateName\":\"x-style\",\"url\":\"https:\/\/xstyle.md\/\",\"logo\":{\"@type\":\"ImageObject\",\"inLanguage\":\"ro-RO\",\"@id\":\"https:\/\/xstyle.md\/#\/schema\/logo\/image\/\",\"url\":\"https:\/\/xstyle.md\/wp-content\/uploads\/2020\/06\/logoicon.svg\",\"contentUrl\":\"https:\/\/xstyle.md\/wp-content\/uploads\/2020\/06\/logoicon.svg\",\"caption\":\"\u041c\u0430\u0433\u0430\u0437\u0438\u043d Xstyle\"},\"image\":{\"@id\":\"https:\/\/xstyle.md\/#\/schema\/logo\/image\/\"},\"sameAs\":[\"https:\/\/www.facebook.com\/xstylemd\",\"https:\/\/www.instagram.com\/xstyle_md\/\",\"https:\/\/t.me\/xstyle_outdoor\"],\"hasMerchantReturnPolicy\":{\"@type\":\"MerchantReturnPolicy\",\"merchantReturnLink\":\"https:\/\/xstyle.md\/ro\/conditions\/\"}}]}<\/script>\n<meta property=\"product:price:amount\" content=\"3790.00\" \/>\n<meta property=\"product:price:currency\" content=\"MDL\" \/>\n<meta property=\"og:availability\" content=\"instock\" \/>\n<meta property=\"product:availability\" content=\"instock\" \/>\n<meta property=\"product:retailer_item_id\" content=\"627574322880\" \/>\n<meta property=\"product:condition\" content=\"new\" \/>\n<!-- \/ Yoast SEO plugin. -->","yoast_head_json":{"title":"Cizme Kamik Bushman V mossy oak country - Magazin Xstyle","description":"Cump\u0103ra\u021bi cizmele Kamik Bushman V \u00een stil Mossy Oak Country \u2014 confort \u0219i fiabilitate pentru pescuit \u0219i plimb\u0103ri de iarn\u0103 \u00een orice condi\u021bii meteorologice!","robots":{"index":"index","follow":"follow","max-snippet":"max-snippet:-1","max-image-preview":"max-image-preview:large","max-video-preview":"max-video-preview:-1"},"canonical":"https:\/\/xstyle.md\/ro\/produs\/sapogi-kamik-bushman-v-mossy-oak-country\/","og_locale":"ro_RO","og_type":"article","og_title":"\u0421\u0430\u043f\u043e\u0433\u0438 Kamik Bushman V mossy oak country - \u041c\u0430\u0433\u0430\u0437\u0438\u043d Xstyle","og_description":"\u041a\u0443\u043f\u0438\u0442\u0435 \u0441\u0430\u043f\u043e\u0433\u0438 Kamik Bushman V \u0432 \u0441\u0442\u0438\u043b\u0435 Mossy Oak Country \u2014 \u043a\u043e\u043c\u0444\u043e\u0440\u0442 \u0438 \u043d\u0430\u0434\u0435\u0436\u043d\u043e\u0441\u0442\u044c \u0434\u043b\u044f \u0440\u044b\u0431\u0430\u043b\u043a\u0438 \u0438 \u0437\u0438\u043c\u043d\u0438\u0445 \u043f\u0440\u043e\u0433\u0443\u043b\u043e\u043a \u043f\u0440\u0438 \u043b\u044e\u0431\u044b\u0445 \u043f\u043e\u0433\u043e\u0434\u043d\u044b\u0445 \u0443\u0441\u043b\u043e\u0432\u0438\u044f\u0445!","og_url":"https:\/\/xstyle.md\/ro\/produs\/sapogi-kamik-bushman-v-mossy-oak-country\/","og_site_name":"\u041c\u0430\u0433\u0430\u0437\u0438\u043d Xstyle","article_publisher":"https:\/\/www.facebook.com\/xstylemd","article_modified_time":"2024-10-02T21:15:10+00:00","og_image":[{"width":1023,"height":1049,"url":"https:\/\/xstyle.md\/wp-content\/uploads\/2022\/01\/kamik-bushman-v-mossy-oak-country-0.jpg","type":"image\/jpeg"}],"twitter_card":"summary_large_image","twitter_misc":{"Pre\u021b":"3.790&nbsp;MDL","Disponibilitate":"\u00cen stoc"},"schema":{"@context":"https:\/\/schema.org","@graph":[{"@type":"WebPage","@id":"https:\/\/xstyle.md\/product\/sapogi-kamik-bushman-v-mossy-oak-country\/","url":"https:\/\/xstyle.md\/product\/sapogi-kamik-bushman-v-mossy-oak-country\/","name":"Cizme Kamik Bushman V mossy oak country - Magazin Xstyle","isPartOf":{"@id":"https:\/\/xstyle.md\/#website"},"primaryImageOfPage":{"@id":"https:\/\/xstyle.md\/product\/sapogi-kamik-bushman-v-mossy-oak-country\/#primaryimage"},"image":{"@id":"https:\/\/xstyle.md\/product\/sapogi-kamik-bushman-v-mossy-oak-country\/#primaryimage"},"thumbnailUrl":"https:\/\/xstyle.md\/wp-content\/uploads\/2022\/01\/kamik-bushman-v-mossy-oak-country-0.jpg","datePublished":"2022-01-21T07:39:35+00:00","dateModified":"2024-10-02T21:15:10+00:00","description":"Cump\u0103ra\u021bi cizmele Kamik Bushman V \u00een stil Mossy Oak Country \u2014 confort \u0219i fiabilitate pentru pescuit \u0219i plimb\u0103ri de iarn\u0103 \u00een orice condi\u021bii meteorologice!","breadcrumb":{"@id":"https:\/\/xstyle.md\/product\/sapogi-kamik-bushman-v-mossy-oak-country\/#breadcrumb"},"inLanguage":"ro-RO","potentialAction":[{"@type":"ReadAction","target":["https:\/\/xstyle.md\/product\/sapogi-kamik-bushman-v-mossy-oak-country\/"]}]},{"@type":"ImageObject","inLanguage":"ro-RO","@id":"https:\/\/xstyle.md\/product\/sapogi-kamik-bushman-v-mossy-oak-country\/#primaryimage","url":"https:\/\/xstyle.md\/wp-content\/uploads\/2022\/01\/kamik-bushman-v-mossy-oak-country-0.jpg","contentUrl":"https:\/\/xstyle.md\/wp-content\/uploads\/2022\/01\/kamik-bushman-v-mossy-oak-country-0.jpg","width":1023,"height":1049,"caption":"\u0422\u0435\u043f\u043b\u044b\u0435 \u0441\u0430\u043f\u043e\u0433\u0438 Kamik Bushman V Mossy Oak Country \u0434\u043b\u044f \u0430\u043a\u0442\u0438\u0432\u043d\u043e\u0433\u043e \u043e\u0442\u0434\u044b\u0445\u0430, \u0442\u0443\u0440\u0438\u0437\u043c\u0430 \u0438 \u0445\u0430\u0439\u043a\u0438\u043d\u0433\u0430 \u043d\u0430 \u043e\u043d\u043b\u0430\u0439\u043d \u043c\u0430\u0433\u0430\u0437\u0438\u043d\u0435 \u0430\u043a\u0442\u0438\u0432\u043d\u043e\u0439 \u043e\u0434\u0435\u0436\u0434\u044b \u0438 \u043e\u0431\u0443\u0432\u0438"},{"@type":"BreadcrumbList","@id":"https:\/\/xstyle.md\/product\/sapogi-kamik-bushman-v-mossy-oak-country\/#breadcrumb","itemListElement":[{"@type":"ListItem","position":1,"name":"\u0413\u043b\u0430\u0432\u043d\u0430\u044f \u0441\u0442\u0440\u0430\u043d\u0438\u0446\u0430","item":"https:\/\/xstyle.md\/"},{"@type":"ListItem","position":2,"name":"\u041c\u0430\u0433\u0430\u0437\u0438\u043d","item":"https:\/\/xstyle.md\/shop\/"},{"@type":"ListItem","position":3,"name":"\u0421\u0430\u043f\u043e\u0433\u0438 Kamik Bushman V mossy oak country"}]},{"@type":"WebSite","@id":"https:\/\/xstyle.md\/#website","url":"https:\/\/xstyle.md\/","name":"Magazinul X-Style","description":"Echipamente pentru turism \u0219i sporturi extreme \u00een Moldova. Pre\u021buri, fotografii, caracteristici \u00een Moldova.","publisher":{"@id":"https:\/\/xstyle.md\/#organization"},"alternateName":"X-Style","potentialAction":[{"@type":"SearchAction","target":{"@type":"EntryPoint","urlTemplate":"https:\/\/xstyle.md\/?s={search_term_string}"},"query-input":{"@type":"PropertyValueSpecification","valueRequired":true,"valueName":"search_term_string"}}],"inLanguage":"ro-RO"},{"@type":"Organization","@id":"https:\/\/xstyle.md\/#organization","name":"Magazinul X-Style","alternateName":"x-style","url":"https:\/\/xstyle.md\/","logo":{"@type":"ImageObject","inLanguage":"ro-RO","@id":"https:\/\/xstyle.md\/#\/schema\/logo\/image\/","url":"https:\/\/xstyle.md\/wp-content\/uploads\/2020\/06\/logoicon.svg","contentUrl":"https:\/\/xstyle.md\/wp-content\/uploads\/2020\/06\/logoicon.svg","caption":"\u041c\u0430\u0433\u0430\u0437\u0438\u043d Xstyle"},"image":{"@id":"https:\/\/xstyle.md\/#\/schema\/logo\/image\/"},"sameAs":["https:\/\/www.facebook.com\/xstylemd","https:\/\/www.instagram.com\/xstyle_md\/","https:\/\/t.me\/xstyle_outdoor"],"hasMerchantReturnPolicy":{"@type":"MerchantReturnPolicy","merchantReturnLink":"https:\/\/xstyle.md\/ro\/conditions\/"}}]},"product_price_amount":"3790.00","product_price_currency":"MDL","og_availability":"instock","product_availability":"instock","product_retailer_item_id":"627574322880","product_condition":"new"},"post_mailing_queue_ids":[],"_links":{"self":[{"href":"https:\/\/xstyle.md\/ro\/wp-json\/wp\/v2\/product\/44581","targetHints":{"allow":["GET"]}}],"collection":[{"href":"https:\/\/xstyle.md\/ro\/wp-json\/wp\/v2\/product"}],"about":[{"href":"https:\/\/xstyle.md\/ro\/wp-json\/wp\/v2\/types\/product"}],"replies":[{"embeddable":true,"href":"https:\/\/xstyle.md\/ro\/wp-json\/wp\/v2\/comments?post=44581"}],"wp:featuredmedia":[{"embeddable":true,"href":"https:\/\/xstyle.md\/ro\/wp-json\/wp\/v2\/media\/58632"}],"wp:attachment":[{"href":"https:\/\/xstyle.md\/ro\/wp-json\/wp\/v2\/media?parent=44581"}],"wp:term":[{"taxonomy":"product_brand","embeddable":true,"href":"https:\/\/xstyle.md\/ro\/wp-json\/wp\/v2\/product_brand?post=44581"},{"taxonomy":"product_cat","embeddable":true,"href":"https:\/\/xstyle.md\/ro\/wp-json\/wp\/v2\/product_cat?post=44581"},{"taxonomy":"product_tag","embeddable":true,"href":"https:\/\/xstyle.md\/ro\/wp-json\/wp\/v2\/product_tag?post=44581"}],"curies":[{"name":"wp","href":"https:\/\/api.w.org\/{rel}","templated":true}]}}