{"id":44568,"date":"2022-01-21T10:39:32","date_gmt":"2022-01-21T07:39:32","guid":{"rendered":"https:\/\/xstyle.md\/?post_type=product&#038;p=44568"},"modified":"2026-03-19T16:47:47","modified_gmt":"2026-03-19T13:47:47","slug":"botinki-kamik-spencer-mid-dark-olive","status":"publish","type":"product","link":"https:\/\/xstyle.md\/ro\/produs\/botinki-kamik-spencer-mid-dark-olive\/","title":{"rendered":"Bocanci Kamik Spencer Mid dark olive"},"content":{"rendered":"<\/p>\n<p><strong>Kamik Spencer Mid<\/strong> &#8212; bocanci de iarn\u0103 pentru b\u0103rba\u021bi, ideali pentru mersul pe str\u0103zile din ora\u0219 \u0219i pentru deplas\u0103ri la locul de munc\u0103. Membrana impermeabil\u0103 DriDefense de la Kamik protejeaz\u0103 \u00eempotriva noroiului \u0219i a ploii, \u00eendep\u0103rt\u00e2nd \u00een acela\u0219i timp transpira\u021bia de piele. Va va pl\u0103cea aspectul lor clasic, iar talpa exterioar\u0103 rezistent\u0103 \u0219i antiderapant\u0103 Vibram\u00ae Arctic Grip va face s\u0103 va sim\u021biti \u00eencrez\u0103tor pe drum.<\/p>\n<h3>Particularit\u0103\u021bi<\/h3>\n<ul>\n<li>Piele provenit\u0103 de la o t\u0103b\u0103c\u0103rie cu rating de aur pentru utilizarea durabil\u0103 a apei, energiei \u0219i a tehnicilor de gestionare a de\u0219eurilor.<\/li>\n<li>Model cu \u0219iret \u0219i tij\u0103 c\u0103ptu\u0219it\u0103<\/li>\n<li>Izola\u021bie rezistent\u0103 HEAT-MX\u2122<\/li>\n<li>C\u0103ptu\u0219eal\u0103 boa moale care evacueaz\u0103 umezeala<\/li>\n<li>Talp\u0103 Ortholite\u00ae Hybrid\u2122 cu un maxim de confort \u0219i ecologic<\/li>\n<li>Agent de \u00eendep\u0103rtare a mirosurilor AEGIS\u00ae.<\/li>\n<li>Talp\u0103 exterioar\u0103 realizat\u0103 din cauciuc sintetic SNO<\/li>\n<li>Flexibilitate cu trac\u021biune excelent\u0103 pe z\u0103pad\u0103.<\/li>\n<\/ul>\n<h3>Caracteristici<\/h3>\n<ul>\n<li>Material de baz\u0103 &#8212; piele impermeabil\u0103 cu membran\u0103 DriDefense<\/li>\n<li>C\u0103ptu\u0219eal\u0103 &#8212; HEAT-MX\u2122<\/li>\n<li>Talp\u0103 intermediar\u0103 Vibram\u00ae Arctic Grip<\/li>\n<li>\u00cen\u0103l\u021bimea man\u0219etei 15 cm<\/li>\n<li>Zona de confort &#8212; 30\u00b0C<\/li>\n<li>Sezonul &#8212; toamn\u0103\/iarn\u0103.<\/li>\n<\/ul>\n<h3>Tehnologie<\/h3>\n<ul>\n<li><strong>Vibram<\/strong>\u00ae<strong> Arctic Grip <\/strong>&#8212; tehnologie avansat\u0103 a t\u0103lpii exterioare Vibram\u00ae, special conceput\u0103 pentru utilizarea pe suprafe\u021be alunecoase. Talpa \u00eembun\u0103t\u0103\u021be\u0219te trac\u021biunea pe suprafe\u021bele \u00eenghe\u021bate \u0219i \u00eenz\u0103pezite, p\u0103str\u00e2ndu-\u0219i \u00een acela\u0219i timp calit\u0103\u021bile durabile \u0219i rezistente la uzur\u0103.<\/li>\n<li><strong>DriDefense <\/strong>&#8212; membrana impermeabil\u0103 v\u0103 men\u021bine picioarele uscate pe tot parcursul sezonului. Folose\u0219te o membran\u0103 respirabil\u0103 care permite umezelii s\u0103 ias\u0103 \u00een exterior f\u0103r\u0103 a l\u0103sa apa s\u0103 intre.<\/li>\n<li><strong>HEAT-MX<\/strong>\u2122 &#8212; izola\u021bie ecologic\u0103. Tehnologia inovatoare DRI-CAVET\u2122 evacueaz\u0103 umezeala pentru un confort maxim.<\/li>\n<li><strong>Ortholite<\/strong>\u00ae <strong>Hybrid<\/strong>\u2122 &#8212; o versiune ecologic\u0103 a t\u0103lpilor de \u00eenalt\u0103 tehnologie care asigur\u0103 o disipare excelent\u0103 a umezelii de pe picior. Designul special al cupei pentru c\u0103lc\u00e2i asigur\u0103 o amortizare suplimentar\u0103, \u0219i un confort mai mare. De asemenea, tratat\u0103 cu impregnare bactericid\u0103, care previne apari\u021bia bacteriilor \u0219i a mirosurilor. Utilizarea materialelor ecologice reduce impactul negativ asupra planetei.<\/li>\n<\/ul>\n<p>\n<p><img decoding=\"async\" class=\"alignnone\" style=\"width: 100%;\" src=\"https:\/\/xstyle.md\/wp-content\/uploads\/2021\/01\/razmer_kamik.jpg\" alt=\"\" \/><\/p>\n\n<\/p>\n<h3>Marca<\/h3>\n<p>Istoria m\u0103rcii Kamik s-a \u00eenceput \u00een 1898 odat\u0103 cu \u00eenfiin\u021barea cizm\u0103riei \u00een provincia canadian\u0103 Quebec. Afacerea firmei a mers cu diferite grade de succes, p\u00e2n\u0103 c\u00e2nd a fost angajat un manager pe nume William Cook. Acesta a fost cel care a adus afacerea la un nou nivel cu talentul s\u0103u comercial uimitor.<\/p>\n<p>Compania s-a extins, s-a mutat la Montreal \u0219i a devenit oficial The General Footwear Company. Cook a avut o calitate foarte valoroas\u0103 pentru un manager \u2014 el a distins cu acurate\u021be \u0219i a eviden\u021biat noile tehnologii promi\u021b\u0103toare \u00een produc\u021bia de \u00eenc\u0103l\u021b\u0103minte, apoi le-a aplicat cu succes \u00een activit\u0103\u021bile companiei. Drept urmare, Genfoot a c\u00e2\u0219tigat o popularitate imens\u0103, mai \u00eent\u00e2i \u00een Canada \u0219i apoi dincolo.<\/p>\n<p>Marca Kamik \u00een sine a fost dezvoltat\u0103 \u00een 1972 \u0219i a atras imediat aten\u021bia cu tehnologia sa \u00eenalt\u0103 la pre\u021buri foarte accesibile. Ini\u021bial, aceste produse au fost destinate v\u00e2n\u0103torilor, drume\u021bilor \u0219i altor persoane cu preten\u021bii ridicate privind durabilitatea \u0219i rezisten\u021ba la ap\u0103 a pantofilor, dar \u00een timp, calit\u0103\u021bile lor unice au \u00eenceput s\u0103 fie aplicate modelelor de purtare zilnic\u0103.<\/p>\n<p>","protected":false},"excerpt":{"rendered":"","protected":false},"featured_media":44830,"comment_status":"open","ping_status":"closed","template":"","meta":{"_acf_changed":false,"inline_featured_image":false},"product_brand":[1356],"product_cat":[146],"product_tag":[],"class_list":{"0":"post-44568","1":"product","2":"type-product","3":"status-publish","4":"has-post-thumbnail","6":"product_brand-kamik","7":"product_cat-fall-winter","9":"first","10":"instock","11":"shipping-taxable","12":"purchasable","13":"product-type-simple"},"acf":[],"yoast_head":"<!-- This site is optimized with the Yoast SEO plugin v27.2 - https:\/\/yoast.com\/product\/yoast-seo-wordpress\/ -->\n<title>\u0411\u043e\u0442\u0438\u043d\u043a\u0438 Kamik Spencer Mid dark olive - \u041c\u0430\u0433\u0430\u0437\u0438\u043d Xstyle<\/title>\n<meta name=\"description\" content=\"\u0423\u0437\u043d\u0430\u0439\u0442\u0435 \u043e \u0431\u043e\u0442\u0438\u043d\u043a\u0430\u0445 Kamik Spencer Mid \u0432 \u0442\u0435\u043c\u043d\u043e-\u043e\u043b\u0438\u0432\u043a\u043e\u0432\u043e\u043c \u0446\u0432\u0435\u0442\u0435. \u0418\u0434\u0435\u0430\u043b\u044c\u043d\u044b \u0434\u043b\u044f \u0433\u043e\u0440\u043e\u0434\u0430 \u0438 \u0440\u0430\u0431\u043e\u0442\u044b: \u0432\u043e\u0434\u043e\u043d\u0435\u043f\u0440\u043e\u043d\u0438\u0446\u0430\u0435\u043c\u0430\u044f \u043c\u0435\u043c\u0431\u0440\u0430\u043d\u0430, Vibram Arctic Grip, \u043a\u043e\u043c\u0444\u043e\u0440\u0442 HEATMX!\" \/>\n<meta name=\"robots\" content=\"index, follow, max-snippet:-1, max-image-preview:large, max-video-preview:-1\" \/>\n<link rel=\"canonical\" href=\"https:\/\/xstyle.md\/ro\/produs\/botinki-kamik-spencer-mid-dark-olive\/\" \/>\n<meta property=\"og:locale\" content=\"ro_RO\" \/>\n<meta property=\"og:type\" content=\"article\" \/>\n<meta property=\"og:title\" content=\"\u0411\u043e\u0442\u0438\u043d\u043a\u0438 Kamik Spencer Mid dark olive - \u041c\u0430\u0433\u0430\u0437\u0438\u043d Xstyle\" \/>\n<meta property=\"og:description\" content=\"\u0423\u0437\u043d\u0430\u0439\u0442\u0435 \u043e \u0431\u043e\u0442\u0438\u043d\u043a\u0430\u0445 Kamik Spencer Mid \u0432 \u0442\u0435\u043c\u043d\u043e-\u043e\u043b\u0438\u0432\u043a\u043e\u0432\u043e\u043c \u0446\u0432\u0435\u0442\u0435. \u0418\u0434\u0435\u0430\u043b\u044c\u043d\u044b \u0434\u043b\u044f \u0433\u043e\u0440\u043e\u0434\u0430 \u0438 \u0440\u0430\u0431\u043e\u0442\u044b: \u0432\u043e\u0434\u043e\u043d\u0435\u043f\u0440\u043e\u043d\u0438\u0446\u0430\u0435\u043c\u0430\u044f \u043c\u0435\u043c\u0431\u0440\u0430\u043d\u0430, Vibram Arctic Grip, \u043a\u043e\u043c\u0444\u043e\u0440\u0442 HEATMX!\" \/>\n<meta property=\"og:url\" content=\"https:\/\/xstyle.md\/ro\/produs\/botinki-kamik-spencer-mid-dark-olive\/\" \/>\n<meta property=\"og:site_name\" content=\"\u041c\u0430\u0433\u0430\u0437\u0438\u043d Xstyle\" \/>\n<meta property=\"article:publisher\" content=\"https:\/\/www.facebook.com\/xstylemd\" \/>\n<meta property=\"article:modified_time\" content=\"2026-03-19T13:47:47+00:00\" \/>\n<meta property=\"og:image\" content=\"https:\/\/xstyle.md\/wp-content\/uploads\/2022\/01\/kamik-spencer-mid-dark-olive.jpg\" \/>\n\t<meta property=\"og:image:width\" content=\"1500\" \/>\n\t<meta property=\"og:image:height\" content=\"1500\" \/>\n\t<meta property=\"og:image:type\" content=\"image\/jpeg\" \/>\n<meta name=\"twitter:card\" content=\"summary_large_image\" \/>\n<meta name=\"twitter:label1\" content=\"Pre\u021b\" \/>\n\t<meta name=\"twitter:data1\" content=\"4.390&nbsp;MDL\" \/>\n\t<meta name=\"twitter:label2\" content=\"Disponibilitate\" \/>\n\t<meta name=\"twitter:data2\" content=\"\u00cen stoc\" \/>\n<script type=\"application\/ld+json\" class=\"yoast-schema-graph\">{\"@context\":\"https:\/\/schema.org\",\"@graph\":[{\"@type\":\"WebPage\",\"@id\":\"https:\/\/xstyle.md\/product\/botinki-kamik-spencer-mid-dark-olive\/\",\"url\":\"https:\/\/xstyle.md\/product\/botinki-kamik-spencer-mid-dark-olive\/\",\"name\":\"\u0411\u043e\u0442\u0438\u043d\u043a\u0438 Kamik Spencer Mid dark olive - \u041c\u0430\u0433\u0430\u0437\u0438\u043d Xstyle\",\"isPartOf\":{\"@id\":\"https:\/\/xstyle.md\/#website\"},\"primaryImageOfPage\":{\"@id\":\"https:\/\/xstyle.md\/product\/botinki-kamik-spencer-mid-dark-olive\/#primaryimage\"},\"image\":{\"@id\":\"https:\/\/xstyle.md\/product\/botinki-kamik-spencer-mid-dark-olive\/#primaryimage\"},\"thumbnailUrl\":\"https:\/\/xstyle.md\/wp-content\/uploads\/2022\/01\/kamik-spencer-mid-dark-olive.jpg\",\"datePublished\":\"2022-01-21T07:39:32+00:00\",\"dateModified\":\"2026-03-19T13:47:47+00:00\",\"description\":\"\u0423\u0437\u043d\u0430\u0439\u0442\u0435 \u043e \u0431\u043e\u0442\u0438\u043d\u043a\u0430\u0445 Kamik Spencer Mid \u0432 \u0442\u0435\u043c\u043d\u043e-\u043e\u043b\u0438\u0432\u043a\u043e\u0432\u043e\u043c \u0446\u0432\u0435\u0442\u0435. \u0418\u0434\u0435\u0430\u043b\u044c\u043d\u044b \u0434\u043b\u044f \u0433\u043e\u0440\u043e\u0434\u0430 \u0438 \u0440\u0430\u0431\u043e\u0442\u044b: \u0432\u043e\u0434\u043e\u043d\u0435\u043f\u0440\u043e\u043d\u0438\u0446\u0430\u0435\u043c\u0430\u044f \u043c\u0435\u043c\u0431\u0440\u0430\u043d\u0430, Vibram Arctic Grip, \u043a\u043e\u043c\u0444\u043e\u0440\u0442 HEATMX!\",\"breadcrumb\":{\"@id\":\"https:\/\/xstyle.md\/product\/botinki-kamik-spencer-mid-dark-olive\/#breadcrumb\"},\"inLanguage\":\"ro-RO\",\"potentialAction\":[{\"@type\":\"ReadAction\",\"target\":[\"https:\/\/xstyle.md\/product\/botinki-kamik-spencer-mid-dark-olive\/\"]}]},{\"@type\":\"ImageObject\",\"inLanguage\":\"ro-RO\",\"@id\":\"https:\/\/xstyle.md\/product\/botinki-kamik-spencer-mid-dark-olive\/#primaryimage\",\"url\":\"https:\/\/xstyle.md\/wp-content\/uploads\/2022\/01\/kamik-spencer-mid-dark-olive.jpg\",\"contentUrl\":\"https:\/\/xstyle.md\/wp-content\/uploads\/2022\/01\/kamik-spencer-mid-dark-olive.jpg\",\"width\":1500,\"height\":1500,\"caption\":\"\u0411\u043e\u0442\u0438\u043d\u043a\u0438 Kamik Spencer Mid \u0442\u0435\u043c\u043d\u043e-\u043e\u043b\u0438\u0432\u043a\u043e\u0432\u044b\u0435 \u0434\u043b\u044f \u0430\u043a\u0442\u0438\u0432\u043d\u043e\u0433\u043e \u043e\u0442\u0434\u044b\u0445\u0430, \u0430\u043b\u044c\u043f\u0438\u043d\u0438\u0437\u043c\u0430 \u0438 \u043f\u0443\u0442\u0435\u0448\u0435\u0441\u0442\u0432\u0438\u0439, \u043e\u0431\u0443\u0432\u044c \u0434\u043b\u044f \u0442\u0443\u0440\u0438\u0437\u043c\u0430, \u043f\u043e\u0445\u043e\u0434\u043e\u0432 \u0438 \u043e\u0442\u0434\u044b\u0445\u0430 \u043d\u0430 \u043f\u0440\u0438\u0440\u043e\u0434\u0435\"},{\"@type\":\"BreadcrumbList\",\"@id\":\"https:\/\/xstyle.md\/product\/botinki-kamik-spencer-mid-dark-olive\/#breadcrumb\",\"itemListElement\":[{\"@type\":\"ListItem\",\"position\":1,\"name\":\"\u0413\u043b\u0430\u0432\u043d\u0430\u044f \u0441\u0442\u0440\u0430\u043d\u0438\u0446\u0430\",\"item\":\"https:\/\/xstyle.md\/\"},{\"@type\":\"ListItem\",\"position\":2,\"name\":\"\u041c\u0430\u0433\u0430\u0437\u0438\u043d\",\"item\":\"https:\/\/xstyle.md\/shop\/\"},{\"@type\":\"ListItem\",\"position\":3,\"name\":\"\u0411\u043e\u0442\u0438\u043d\u043a\u0438 Kamik Spencer Mid dark olive\"}]},{\"@type\":\"WebSite\",\"@id\":\"https:\/\/xstyle.md\/#website\",\"url\":\"https:\/\/xstyle.md\/\",\"name\":\"\u041c\u0430\u0433\u0430\u0437\u0438\u043d Xstyle\",\"description\":\"C\u043d\u0430\u0440\u044f\u0436\u0435\u043d\u0438\u0435 \u0434\u043b\u044f \u0442\u0443\u0440\u0438\u0437\u043c\u0430 \u0438 \u044d\u043a\u0441\u0442\u0440\u0435\u043c\u0430\u043b\u044c\u043d\u044b\u0445 \u0432\u0438\u0434\u043e\u0432 \u0441\u043f\u043e\u0440\u0442\u0430 \u0432 \u041c\u043e\u043b\u0434\u043e\u0432\u0435.. \u0426\u0435\u043d\u044b, \u0444\u043e\u0442\u043e, \u0445\u0430\u0440\u0430\u043a\u0442\u0435\u0440\u0438\u0441\u0442\u0438\u043a\u0438 \u0432 \u041c\u043e\u043b\u0434\u043e\u0432\u0435.\",\"publisher\":{\"@id\":\"https:\/\/xstyle.md\/#organization\"},\"alternateName\":\"X-Style\",\"potentialAction\":[{\"@type\":\"SearchAction\",\"target\":{\"@type\":\"EntryPoint\",\"urlTemplate\":\"https:\/\/xstyle.md\/?s={search_term_string}\"},\"query-input\":{\"@type\":\"PropertyValueSpecification\",\"valueRequired\":true,\"valueName\":\"search_term_string\"}}],\"inLanguage\":\"ro-RO\"},{\"@type\":\"Organization\",\"@id\":\"https:\/\/xstyle.md\/#organization\",\"name\":\"\u041c\u0430\u0433\u0430\u0437\u0438\u043d Xstyle\",\"alternateName\":\"x-style\",\"url\":\"https:\/\/xstyle.md\/\",\"logo\":{\"@type\":\"ImageObject\",\"inLanguage\":\"ro-RO\",\"@id\":\"https:\/\/xstyle.md\/#\/schema\/logo\/image\/\",\"url\":\"https:\/\/xstyle.md\/wp-content\/uploads\/2020\/06\/logoicon.svg\",\"contentUrl\":\"https:\/\/xstyle.md\/wp-content\/uploads\/2020\/06\/logoicon.svg\",\"caption\":\"\u041c\u0430\u0433\u0430\u0437\u0438\u043d Xstyle\"},\"image\":{\"@id\":\"https:\/\/xstyle.md\/#\/schema\/logo\/image\/\"},\"sameAs\":[\"https:\/\/www.facebook.com\/xstylemd\",\"https:\/\/www.instagram.com\/xstyle_md\/\",\"https:\/\/t.me\/xstyle_outdoor\"],\"hasMerchantReturnPolicy\":{\"@type\":\"MerchantReturnPolicy\",\"merchantReturnLink\":\"https:\/\/xstyle.md\/ro\/conditions\/\"}}]}<\/script>\n<meta property=\"product:price:amount\" content=\"4390.00\" \/>\n<meta property=\"product:price:currency\" content=\"MDL\" \/>\n<meta property=\"og:availability\" content=\"instock\" \/>\n<meta property=\"product:availability\" content=\"instock\" \/>\n<meta property=\"product:retailer_item_id\" content=\"627574528848\" \/>\n<meta property=\"product:condition\" content=\"new\" \/>\n<!-- \/ Yoast SEO plugin. -->","yoast_head_json":{"title":"Bocanci Kamik Spencer Mid dark olive - Magazin Xstyle","description":"Afla\u021bi despre bocancii Kamik Spencer Mid \u00een culoarea verde \u00eenchis. Ideali pentru ora\u0219 \u0219i munc\u0103: membran\u0103 impermeabil\u0103, Vibram Arctic Grip, confort HEATMX!","robots":{"index":"index","follow":"follow","max-snippet":"max-snippet:-1","max-image-preview":"max-image-preview:large","max-video-preview":"max-video-preview:-1"},"canonical":"https:\/\/xstyle.md\/ro\/produs\/botinki-kamik-spencer-mid-dark-olive\/","og_locale":"ro_RO","og_type":"article","og_title":"\u0411\u043e\u0442\u0438\u043d\u043a\u0438 Kamik Spencer Mid dark olive - \u041c\u0430\u0433\u0430\u0437\u0438\u043d Xstyle","og_description":"\u0423\u0437\u043d\u0430\u0439\u0442\u0435 \u043e \u0431\u043e\u0442\u0438\u043d\u043a\u0430\u0445 Kamik Spencer Mid \u0432 \u0442\u0435\u043c\u043d\u043e-\u043e\u043b\u0438\u0432\u043a\u043e\u0432\u043e\u043c \u0446\u0432\u0435\u0442\u0435. \u0418\u0434\u0435\u0430\u043b\u044c\u043d\u044b \u0434\u043b\u044f \u0433\u043e\u0440\u043e\u0434\u0430 \u0438 \u0440\u0430\u0431\u043e\u0442\u044b: \u0432\u043e\u0434\u043e\u043d\u0435\u043f\u0440\u043e\u043d\u0438\u0446\u0430\u0435\u043c\u0430\u044f \u043c\u0435\u043c\u0431\u0440\u0430\u043d\u0430, Vibram Arctic Grip, \u043a\u043e\u043c\u0444\u043e\u0440\u0442 HEATMX!","og_url":"https:\/\/xstyle.md\/ro\/produs\/botinki-kamik-spencer-mid-dark-olive\/","og_site_name":"\u041c\u0430\u0433\u0430\u0437\u0438\u043d Xstyle","article_publisher":"https:\/\/www.facebook.com\/xstylemd","article_modified_time":"2026-03-19T13:47:47+00:00","og_image":[{"width":1500,"height":1500,"url":"https:\/\/xstyle.md\/wp-content\/uploads\/2022\/01\/kamik-spencer-mid-dark-olive.jpg","type":"image\/jpeg"}],"twitter_card":"summary_large_image","twitter_misc":{"Pre\u021b":"4.390&nbsp;MDL","Disponibilitate":"\u00cen stoc"},"schema":{"@context":"https:\/\/schema.org","@graph":[{"@type":"WebPage","@id":"https:\/\/xstyle.md\/product\/botinki-kamik-spencer-mid-dark-olive\/","url":"https:\/\/xstyle.md\/product\/botinki-kamik-spencer-mid-dark-olive\/","name":"Bocanci Kamik Spencer Mid dark olive - Magazin Xstyle","isPartOf":{"@id":"https:\/\/xstyle.md\/#website"},"primaryImageOfPage":{"@id":"https:\/\/xstyle.md\/product\/botinki-kamik-spencer-mid-dark-olive\/#primaryimage"},"image":{"@id":"https:\/\/xstyle.md\/product\/botinki-kamik-spencer-mid-dark-olive\/#primaryimage"},"thumbnailUrl":"https:\/\/xstyle.md\/wp-content\/uploads\/2022\/01\/kamik-spencer-mid-dark-olive.jpg","datePublished":"2022-01-21T07:39:32+00:00","dateModified":"2026-03-19T13:47:47+00:00","description":"Afla\u021bi despre bocancii Kamik Spencer Mid \u00een culoarea verde \u00eenchis. Ideali pentru ora\u0219 \u0219i munc\u0103: membran\u0103 impermeabil\u0103, Vibram Arctic Grip, confort HEATMX!","breadcrumb":{"@id":"https:\/\/xstyle.md\/product\/botinki-kamik-spencer-mid-dark-olive\/#breadcrumb"},"inLanguage":"ro-RO","potentialAction":[{"@type":"ReadAction","target":["https:\/\/xstyle.md\/product\/botinki-kamik-spencer-mid-dark-olive\/"]}]},{"@type":"ImageObject","inLanguage":"ro-RO","@id":"https:\/\/xstyle.md\/product\/botinki-kamik-spencer-mid-dark-olive\/#primaryimage","url":"https:\/\/xstyle.md\/wp-content\/uploads\/2022\/01\/kamik-spencer-mid-dark-olive.jpg","contentUrl":"https:\/\/xstyle.md\/wp-content\/uploads\/2022\/01\/kamik-spencer-mid-dark-olive.jpg","width":1500,"height":1500,"caption":"\u0411\u043e\u0442\u0438\u043d\u043a\u0438 Kamik Spencer Mid \u0442\u0435\u043c\u043d\u043e-\u043e\u043b\u0438\u0432\u043a\u043e\u0432\u044b\u0435 \u0434\u043b\u044f \u0430\u043a\u0442\u0438\u0432\u043d\u043e\u0433\u043e \u043e\u0442\u0434\u044b\u0445\u0430, \u0430\u043b\u044c\u043f\u0438\u043d\u0438\u0437\u043c\u0430 \u0438 \u043f\u0443\u0442\u0435\u0448\u0435\u0441\u0442\u0432\u0438\u0439, \u043e\u0431\u0443\u0432\u044c \u0434\u043b\u044f \u0442\u0443\u0440\u0438\u0437\u043c\u0430, \u043f\u043e\u0445\u043e\u0434\u043e\u0432 \u0438 \u043e\u0442\u0434\u044b\u0445\u0430 \u043d\u0430 \u043f\u0440\u0438\u0440\u043e\u0434\u0435"},{"@type":"BreadcrumbList","@id":"https:\/\/xstyle.md\/product\/botinki-kamik-spencer-mid-dark-olive\/#breadcrumb","itemListElement":[{"@type":"ListItem","position":1,"name":"\u0413\u043b\u0430\u0432\u043d\u0430\u044f \u0441\u0442\u0440\u0430\u043d\u0438\u0446\u0430","item":"https:\/\/xstyle.md\/"},{"@type":"ListItem","position":2,"name":"\u041c\u0430\u0433\u0430\u0437\u0438\u043d","item":"https:\/\/xstyle.md\/shop\/"},{"@type":"ListItem","position":3,"name":"\u0411\u043e\u0442\u0438\u043d\u043a\u0438 Kamik Spencer Mid dark olive"}]},{"@type":"WebSite","@id":"https:\/\/xstyle.md\/#website","url":"https:\/\/xstyle.md\/","name":"Magazinul X-Style","description":"Echipamente pentru turism \u0219i sporturi extreme \u00een Moldova. Pre\u021buri, fotografii, caracteristici \u00een Moldova.","publisher":{"@id":"https:\/\/xstyle.md\/#organization"},"alternateName":"X-Style","potentialAction":[{"@type":"SearchAction","target":{"@type":"EntryPoint","urlTemplate":"https:\/\/xstyle.md\/?s={search_term_string}"},"query-input":{"@type":"PropertyValueSpecification","valueRequired":true,"valueName":"search_term_string"}}],"inLanguage":"ro-RO"},{"@type":"Organization","@id":"https:\/\/xstyle.md\/#organization","name":"Magazinul X-Style","alternateName":"x-style","url":"https:\/\/xstyle.md\/","logo":{"@type":"ImageObject","inLanguage":"ro-RO","@id":"https:\/\/xstyle.md\/#\/schema\/logo\/image\/","url":"https:\/\/xstyle.md\/wp-content\/uploads\/2020\/06\/logoicon.svg","contentUrl":"https:\/\/xstyle.md\/wp-content\/uploads\/2020\/06\/logoicon.svg","caption":"\u041c\u0430\u0433\u0430\u0437\u0438\u043d Xstyle"},"image":{"@id":"https:\/\/xstyle.md\/#\/schema\/logo\/image\/"},"sameAs":["https:\/\/www.facebook.com\/xstylemd","https:\/\/www.instagram.com\/xstyle_md\/","https:\/\/t.me\/xstyle_outdoor"],"hasMerchantReturnPolicy":{"@type":"MerchantReturnPolicy","merchantReturnLink":"https:\/\/xstyle.md\/ro\/conditions\/"}}]},"product_price_amount":"4390.00","product_price_currency":"MDL","og_availability":"instock","product_availability":"instock","product_retailer_item_id":"627574528848","product_condition":"new"},"post_mailing_queue_ids":[],"_links":{"self":[{"href":"https:\/\/xstyle.md\/ro\/wp-json\/wp\/v2\/product\/44568","targetHints":{"allow":["GET"]}}],"collection":[{"href":"https:\/\/xstyle.md\/ro\/wp-json\/wp\/v2\/product"}],"about":[{"href":"https:\/\/xstyle.md\/ro\/wp-json\/wp\/v2\/types\/product"}],"replies":[{"embeddable":true,"href":"https:\/\/xstyle.md\/ro\/wp-json\/wp\/v2\/comments?post=44568"}],"wp:featuredmedia":[{"embeddable":true,"href":"https:\/\/xstyle.md\/ro\/wp-json\/wp\/v2\/media\/44830"}],"wp:attachment":[{"href":"https:\/\/xstyle.md\/ro\/wp-json\/wp\/v2\/media?parent=44568"}],"wp:term":[{"taxonomy":"product_brand","embeddable":true,"href":"https:\/\/xstyle.md\/ro\/wp-json\/wp\/v2\/product_brand?post=44568"},{"taxonomy":"product_cat","embeddable":true,"href":"https:\/\/xstyle.md\/ro\/wp-json\/wp\/v2\/product_cat?post=44568"},{"taxonomy":"product_tag","embeddable":true,"href":"https:\/\/xstyle.md\/ro\/wp-json\/wp\/v2\/product_tag?post=44568"}],"curies":[{"name":"wp","href":"https:\/\/api.w.org\/{rel}","templated":true}]}}