{"id":44565,"date":"2022-01-21T10:39:32","date_gmt":"2022-01-21T07:39:32","guid":{"rendered":"https:\/\/xstyle.md\/?post_type=product&#038;p=44565"},"modified":"2025-12-18T17:16:03","modified_gmt":"2025-12-18T14:16:03","slug":"ochki-julbo-shield-blue-rv-hm2-4","status":"publish","type":"product","link":"https:\/\/xstyle.md\/ro\/produs\/ochki-julbo-shield-blue-rv-hm2-4\/","title":{"rendered":"Ochelari Julbo Shield Blue RV HM2-4"},"content":{"rendered":"<\/p>\n<p><strong>Julbo Shield Blue RV HM2-4<\/strong> &#8212; ochelari confortabili \u0219i practici pentru alpinism \u0219i alpinism. Acest model este o alegere excelent\u0103, \u00een primul r\u00e2nd pentru alpini\u0219ti, dar este, de asemenea, popular cu fanii de recreere activ\u0103 pe ap\u0103 (pescuit, surfing, kiting, wakeboarding, naviga\u021bie etc.). Datorit\u0103 perdelelor laterale deta\u0219abile, ochelarii pot fi transforma\u021bi dintr-o versiune de munte (alpinism) \u00eentr-una mai conven\u021bional\u0103, cu un design universal adecvat \u00een ora\u0219 sau pe plaj\u0103. Lentilele asigur\u0103 o protec\u021bie fiabil\u0103 a ochilor \u00eempotriva efectelor nocive ale radia\u021biilor UV, chiar \u0219i \u00een mun\u021bii \u00eenal\u021bi.<\/p>\n<p>Lentilele fotocromatice cu polarizare Cameleon asigur\u0103 o protec\u021bie fiabil\u0103 a ochilor \u00eempotriva efectelor nocive ale radia\u021biilor UV \u00een condi\u021bii de munte \u00eenalt. Polarizarea elimin\u0103 perfect str\u0103lucirea de la suprafa\u021ba apei sau a z\u0103pezii, permi\u021b\u00e2ndu-v\u0103 s\u0103 vede\u021bi clar p\u00e2n\u0103 la orizont, \u00een toate condi\u021biile meteorologice, de la acoperirea cu nori mari p\u00e2n\u0103 la soarele orbitor. Perdelele laterale protejeaz\u0103 suplimentar \u00eempotriva luminii reflectate de z\u0103pad\u0103 \u0219i ap\u0103.<\/p>\n<h3>Particularit\u0103\u021bi<\/h3>\n<ul>\n<li>Lentile fotocromatice (cameleon) cu polarizare<\/li>\n<li>Perdele laterale deta\u0219abile<\/li>\n<li>Rama din nailon se potrive\u0219te aproape oric\u0103rei forme a fe\u021bei \u0219i r\u0103m\u00e2ne bine pe ea<\/li>\n<li>Ventila\u021bie frontal\u0103<\/li>\n<li>Curea deta\u0219abil\u0103<\/li>\n<li>Cordon reglabil pentru ag\u0103\u021barea ochelarilor \u00een jurul g\u00e2tului inclus<\/li>\n<li>Geant\u0103 de depozitare \u0219i transport<\/li>\n<\/ul>\n<h3>Caracteristici<\/h3>\n<ul>\n<li>Lentile &#8212; Reactiv High Mountain 2-4<\/li>\n<li>Categoria de protec\u021bie: 2-4 (5-20% transmisie a luminii)<\/li>\n<li>L\u0103\u021bimea lentilelor &#8212; 54 mm<\/li>\n<li>Lungimea lan\u021bului &#8212; 120 mm<\/li>\n<li>Suport &#8212; 17 mm<\/li>\n<li>Scop &#8212; activit\u0103\u021bi \u00een aer liber \/ alpinism<\/li>\n<li>Model &#8212; unisex<\/li>\n<\/ul>\n<h4>Tehnologie<\/h4>\n<ul>\n<li><strong>Reactiv High Mountain<\/strong> &#8212; sunt lentile fotocromice \u0219i polarizate cu categorii de protec\u021bie 2-4. Acestea sunt capabile s\u0103 se adapteze la modul \u00een care se schimb\u0103 lumina. Acest lucru este ideal pentru schi, drume\u021bii \u0219i alpinism. Lentilele sunt oleofobe la exterior \u0219i au un strat anticearc\u0103n la interior.<\/li>\n<li><b>Total Cover<\/b> &#8212; protec\u021bie maxim\u0103 \u00een condi\u021bii extreme de lumin\u0103 solar\u0103.<\/li>\n<li><strong>Grip Tech<\/strong> \u2013 material exclusiv moale pe t\u00e2mple, care nu se lipe\u0219te de p\u0103r, oferind suport \u0219i confort absolut.<\/li>\n<li><strong>Air Flow<\/strong> \u2013 ventila\u021bie \u00eencorporat\u0103 \u00een cadru pentru o bun\u0103 circula\u021bie a aerului \u0219i pentru a preveni aburirea.<\/li>\n<\/ul>\n<h3>Marca<\/h3>\n<p>Julbo este un brand francez de renume mondial care produce ochelari sport de \u00eenalt\u0103 calitate, ochelari pentru sporturi de ap\u0103, ochelari pentru alpinism la altitudine mare, m\u0103\u0219ti pentru sporturi de iarn\u0103, c\u0103\u0219ti de schi \u0219i multe altele. Aceast\u0103 companie are o istorie de peste 130 de ani, iar \u00een acest timp s-a dezvoltat de la o mic\u0103 firm\u0103 de familie la un juc\u0103tor important pe pia\u021ba global\u0103. Julbo a devenit un adev\u0103rat expert \u0219i un punct de referin\u021b\u0103 \u00een dezvoltarea de optic\u0103 pentru utilizare \u00een condi\u021bii extreme. Experien\u021ba acumulat\u0103 de-a lungul anilor, tehnologiile inovatoare \u0219i cooperarea cu sportivii au dus la o gam\u0103 larg\u0103 de produse care au c\u00e2\u0219tigat o mare popularitate \u00een \u00eentreaga lume.<\/p>\n<p><\/p>","protected":false},"excerpt":{"rendered":"","protected":false},"featured_media":45552,"comment_status":"open","ping_status":"closed","template":"","meta":{"_acf_changed":false,"inline_featured_image":false},"product_brand":[1294],"product_cat":[238],"product_tag":[],"class_list":{"0":"post-44565","1":"product","2":"type-product","3":"status-publish","4":"has-post-thumbnail","6":"product_brand-julbo","7":"product_cat-sunglasses-julbo","9":"first","10":"instock","11":"shipping-taxable","12":"purchasable","13":"product-type-simple"},"acf":[],"yoast_head":"<!-- This site is optimized with the Yoast SEO plugin v27.2 - https:\/\/yoast.com\/product\/yoast-seo-wordpress\/ -->\n<title>\u041e\u0447\u043a\u0438 Julbo Shield Blue RV HM2-4 - \u041c\u0430\u0433\u0430\u0437\u0438\u043d Xstyle<\/title>\n<meta name=\"description\" content=\"\u041e\u0447\u043a\u0438 Julbo Shield Blue RV HM2-4 \u2013 \u0438\u0434\u0435\u0430\u043b\u044c\u043d\u044b\u0439 \u0432\u044b\u0431\u043e\u0440 \u0434\u043b\u044f \u0430\u043b\u044c\u043f\u0438\u043d\u0438\u0441\u0442\u043e\u0432 \u0438 \u043b\u044e\u0431\u0438\u0442\u0435\u043b\u0435\u0439 \u0430\u043a\u0442\u0438\u0432\u043d\u043e\u0433\u043e \u043e\u0442\u0434\u044b\u0445\u0430. \u0412\u044b\u0441\u043e\u043a\u043e\u0435 \u043a\u0430\u0447\u0435\u0441\u0442\u0432\u043e, \u043a\u043e\u043c\u0444\u043e\u0440\u0442 \u0438 \u0437\u0430\u0449\u0438\u0442\u0430 \u043e\u0442 \u0443\u043b\u044c\u0442\u0440\u0430\u0444\u0438\u043e\u043b\u0435\u0442\u0430.\" \/>\n<meta name=\"robots\" content=\"index, follow, max-snippet:-1, max-image-preview:large, max-video-preview:-1\" \/>\n<link rel=\"canonical\" href=\"https:\/\/xstyle.md\/ro\/produs\/ochki-julbo-shield-blue-rv-hm2-4\/\" \/>\n<meta property=\"og:locale\" content=\"ro_RO\" \/>\n<meta property=\"og:type\" content=\"article\" \/>\n<meta property=\"og:title\" content=\"\u041e\u0447\u043a\u0438 Julbo Shield Blue RV HM2-4 - \u041c\u0430\u0433\u0430\u0437\u0438\u043d Xstyle\" \/>\n<meta property=\"og:description\" content=\"\u041e\u0447\u043a\u0438 Julbo Shield Blue RV HM2-4 \u2013 \u0438\u0434\u0435\u0430\u043b\u044c\u043d\u044b\u0439 \u0432\u044b\u0431\u043e\u0440 \u0434\u043b\u044f \u0430\u043b\u044c\u043f\u0438\u043d\u0438\u0441\u0442\u043e\u0432 \u0438 \u043b\u044e\u0431\u0438\u0442\u0435\u043b\u0435\u0439 \u0430\u043a\u0442\u0438\u0432\u043d\u043e\u0433\u043e \u043e\u0442\u0434\u044b\u0445\u0430. \u0412\u044b\u0441\u043e\u043a\u043e\u0435 \u043a\u0430\u0447\u0435\u0441\u0442\u0432\u043e, \u043a\u043e\u043c\u0444\u043e\u0440\u0442 \u0438 \u0437\u0430\u0449\u0438\u0442\u0430 \u043e\u0442 \u0443\u043b\u044c\u0442\u0440\u0430\u0444\u0438\u043e\u043b\u0435\u0442\u0430.\" \/>\n<meta property=\"og:url\" content=\"https:\/\/xstyle.md\/ro\/produs\/ochki-julbo-shield-blue-rv-hm2-4\/\" \/>\n<meta property=\"og:site_name\" content=\"\u041c\u0430\u0433\u0430\u0437\u0438\u043d Xstyle\" \/>\n<meta property=\"article:publisher\" content=\"https:\/\/www.facebook.com\/xstylemd\" \/>\n<meta property=\"article:modified_time\" content=\"2025-12-18T14:16:03+00:00\" \/>\n<meta property=\"og:image\" content=\"https:\/\/xstyle.md\/wp-content\/uploads\/2022\/01\/julbo-shield-blue-rv-hm2-4.jpg\" \/>\n\t<meta property=\"og:image:width\" content=\"1000\" \/>\n\t<meta property=\"og:image:height\" content=\"1000\" \/>\n\t<meta property=\"og:image:type\" content=\"image\/jpeg\" \/>\n<meta name=\"twitter:card\" content=\"summary_large_image\" \/>\n<meta name=\"twitter:label1\" content=\"Pre\u021b\" \/>\n\t<meta name=\"twitter:data1\" content=\"3.970&nbsp;MDL\" \/>\n\t<meta name=\"twitter:label2\" content=\"Disponibilitate\" \/>\n\t<meta name=\"twitter:data2\" content=\"\u00cen stoc\" \/>\n<script type=\"application\/ld+json\" class=\"yoast-schema-graph\">{\"@context\":\"https:\/\/schema.org\",\"@graph\":[{\"@type\":\"WebPage\",\"@id\":\"https:\/\/xstyle.md\/product\/ochki-julbo-shield-blue-rv-hm2-4\/\",\"url\":\"https:\/\/xstyle.md\/product\/ochki-julbo-shield-blue-rv-hm2-4\/\",\"name\":\"\u041e\u0447\u043a\u0438 Julbo Shield Blue RV HM2-4 - \u041c\u0430\u0433\u0430\u0437\u0438\u043d Xstyle\",\"isPartOf\":{\"@id\":\"https:\/\/xstyle.md\/#website\"},\"primaryImageOfPage\":{\"@id\":\"https:\/\/xstyle.md\/product\/ochki-julbo-shield-blue-rv-hm2-4\/#primaryimage\"},\"image\":{\"@id\":\"https:\/\/xstyle.md\/product\/ochki-julbo-shield-blue-rv-hm2-4\/#primaryimage\"},\"thumbnailUrl\":\"https:\/\/xstyle.md\/wp-content\/uploads\/2022\/01\/julbo-shield-blue-rv-hm2-4.jpg\",\"datePublished\":\"2022-01-21T07:39:32+00:00\",\"dateModified\":\"2025-12-18T14:16:03+00:00\",\"description\":\"\u041e\u0447\u043a\u0438 Julbo Shield Blue RV HM2-4 \u2013 \u0438\u0434\u0435\u0430\u043b\u044c\u043d\u044b\u0439 \u0432\u044b\u0431\u043e\u0440 \u0434\u043b\u044f \u0430\u043b\u044c\u043f\u0438\u043d\u0438\u0441\u0442\u043e\u0432 \u0438 \u043b\u044e\u0431\u0438\u0442\u0435\u043b\u0435\u0439 \u0430\u043a\u0442\u0438\u0432\u043d\u043e\u0433\u043e \u043e\u0442\u0434\u044b\u0445\u0430. \u0412\u044b\u0441\u043e\u043a\u043e\u0435 \u043a\u0430\u0447\u0435\u0441\u0442\u0432\u043e, \u043a\u043e\u043c\u0444\u043e\u0440\u0442 \u0438 \u0437\u0430\u0449\u0438\u0442\u0430 \u043e\u0442 \u0443\u043b\u044c\u0442\u0440\u0430\u0444\u0438\u043e\u043b\u0435\u0442\u0430.\",\"breadcrumb\":{\"@id\":\"https:\/\/xstyle.md\/product\/ochki-julbo-shield-blue-rv-hm2-4\/#breadcrumb\"},\"inLanguage\":\"ro-RO\",\"potentialAction\":[{\"@type\":\"ReadAction\",\"target\":[\"https:\/\/xstyle.md\/product\/ochki-julbo-shield-blue-rv-hm2-4\/\"]}]},{\"@type\":\"ImageObject\",\"inLanguage\":\"ro-RO\",\"@id\":\"https:\/\/xstyle.md\/product\/ochki-julbo-shield-blue-rv-hm2-4\/#primaryimage\",\"url\":\"https:\/\/xstyle.md\/wp-content\/uploads\/2022\/01\/julbo-shield-blue-rv-hm2-4.jpg\",\"contentUrl\":\"https:\/\/xstyle.md\/wp-content\/uploads\/2022\/01\/julbo-shield-blue-rv-hm2-4.jpg\",\"width\":1000,\"height\":1000,\"caption\":\"\u0422\u0443\u0440\u0438\u0441\u0442\u0438\u0447\u0435\u0441\u043a\u0438\u0435 \u043e\u0447\u043a\u0438 Julbo Shield Blue RV HM2-4 \u0434\u043b\u044f \u0430\u043a\u0442\u0438\u0432\u043d\u043e\u0433\u043e \u043e\u0442\u0434\u044b\u0445\u0430, \u043f\u043e\u0445\u043e\u0434\u043e\u0432 \u0438 \u043f\u0443\u0442\u0435\u0448\u0435\u0441\u0442\u0432\u0438\u0439, \u0441\u043f\u043e\u0440\u0442\u0438\u0432\u043d\u0430\u044f \u043e\u043f\u0442\u0438\u043a\u0430 \u0434\u043b\u044f \u0430\u043b\u044c\u043f\u0438\u043d\u0438\u0437\u043c\u0430 \u0438 \u0433\u043e\u0440\u043d\u044b\u0445 \u043f\u0440\u0438\u043a\u043b\u044e\u0447\u0435\u043d\u0438\u0439\"},{\"@type\":\"BreadcrumbList\",\"@id\":\"https:\/\/xstyle.md\/product\/ochki-julbo-shield-blue-rv-hm2-4\/#breadcrumb\",\"itemListElement\":[{\"@type\":\"ListItem\",\"position\":1,\"name\":\"\u0413\u043b\u0430\u0432\u043d\u0430\u044f \u0441\u0442\u0440\u0430\u043d\u0438\u0446\u0430\",\"item\":\"https:\/\/xstyle.md\/\"},{\"@type\":\"ListItem\",\"position\":2,\"name\":\"\u041c\u0430\u0433\u0430\u0437\u0438\u043d\",\"item\":\"https:\/\/xstyle.md\/shop\/\"},{\"@type\":\"ListItem\",\"position\":3,\"name\":\"\u041e\u0447\u043a\u0438 Julbo Shield Blue RV HM2-4\"}]},{\"@type\":\"WebSite\",\"@id\":\"https:\/\/xstyle.md\/#website\",\"url\":\"https:\/\/xstyle.md\/\",\"name\":\"\u041c\u0430\u0433\u0430\u0437\u0438\u043d Xstyle\",\"description\":\"C\u043d\u0430\u0440\u044f\u0436\u0435\u043d\u0438\u0435 \u0434\u043b\u044f \u0442\u0443\u0440\u0438\u0437\u043c\u0430 \u0438 \u044d\u043a\u0441\u0442\u0440\u0435\u043c\u0430\u043b\u044c\u043d\u044b\u0445 \u0432\u0438\u0434\u043e\u0432 \u0441\u043f\u043e\u0440\u0442\u0430 \u0432 \u041c\u043e\u043b\u0434\u043e\u0432\u0435.. \u0426\u0435\u043d\u044b, \u0444\u043e\u0442\u043e, \u0445\u0430\u0440\u0430\u043a\u0442\u0435\u0440\u0438\u0441\u0442\u0438\u043a\u0438 \u0432 \u041c\u043e\u043b\u0434\u043e\u0432\u0435.\",\"publisher\":{\"@id\":\"https:\/\/xstyle.md\/#organization\"},\"alternateName\":\"X-Style\",\"potentialAction\":[{\"@type\":\"SearchAction\",\"target\":{\"@type\":\"EntryPoint\",\"urlTemplate\":\"https:\/\/xstyle.md\/?s={search_term_string}\"},\"query-input\":{\"@type\":\"PropertyValueSpecification\",\"valueRequired\":true,\"valueName\":\"search_term_string\"}}],\"inLanguage\":\"ro-RO\"},{\"@type\":\"Organization\",\"@id\":\"https:\/\/xstyle.md\/#organization\",\"name\":\"\u041c\u0430\u0433\u0430\u0437\u0438\u043d Xstyle\",\"alternateName\":\"x-style\",\"url\":\"https:\/\/xstyle.md\/\",\"logo\":{\"@type\":\"ImageObject\",\"inLanguage\":\"ro-RO\",\"@id\":\"https:\/\/xstyle.md\/#\/schema\/logo\/image\/\",\"url\":\"https:\/\/xstyle.md\/wp-content\/uploads\/2020\/06\/logoicon.svg\",\"contentUrl\":\"https:\/\/xstyle.md\/wp-content\/uploads\/2020\/06\/logoicon.svg\",\"caption\":\"\u041c\u0430\u0433\u0430\u0437\u0438\u043d Xstyle\"},\"image\":{\"@id\":\"https:\/\/xstyle.md\/#\/schema\/logo\/image\/\"},\"sameAs\":[\"https:\/\/www.facebook.com\/xstylemd\",\"https:\/\/www.instagram.com\/xstyle_md\/\",\"https:\/\/t.me\/xstyle_outdoor\"],\"hasMerchantReturnPolicy\":{\"@type\":\"MerchantReturnPolicy\",\"merchantReturnLink\":\"https:\/\/xstyle.md\/ro\/conditions\/\"}}]}<\/script>\n<meta property=\"product:price:amount\" content=\"3970.00\" \/>\n<meta property=\"product:price:currency\" content=\"MDL\" \/>\n<meta property=\"og:availability\" content=\"instock\" \/>\n<meta property=\"product:availability\" content=\"instock\" \/>\n<meta property=\"product:retailer_item_id\" content=\"3660576149823\" \/>\n<meta property=\"product:condition\" content=\"new\" \/>\n<!-- \/ Yoast SEO plugin. -->","yoast_head_json":{"title":"Ochelari Julbo Shield Blue RV HM2-4 - Magazin Xstyle","description":"Ochelari Julbo Shield Blue RV HM2-4 \u2013 alegerea ideal\u0103 pentru alpini\u0219ti \u0219i iubitorii de activit\u0103\u021bi \u00een aer liber. Calitate \u00eenalt\u0103, confort \u0219i protec\u021bie \u00eempotriva radia\u021biilor ultraviolete.","robots":{"index":"index","follow":"follow","max-snippet":"max-snippet:-1","max-image-preview":"max-image-preview:large","max-video-preview":"max-video-preview:-1"},"canonical":"https:\/\/xstyle.md\/ro\/produs\/ochki-julbo-shield-blue-rv-hm2-4\/","og_locale":"ro_RO","og_type":"article","og_title":"\u041e\u0447\u043a\u0438 Julbo Shield Blue RV HM2-4 - \u041c\u0430\u0433\u0430\u0437\u0438\u043d Xstyle","og_description":"\u041e\u0447\u043a\u0438 Julbo Shield Blue RV HM2-4 \u2013 \u0438\u0434\u0435\u0430\u043b\u044c\u043d\u044b\u0439 \u0432\u044b\u0431\u043e\u0440 \u0434\u043b\u044f \u0430\u043b\u044c\u043f\u0438\u043d\u0438\u0441\u0442\u043e\u0432 \u0438 \u043b\u044e\u0431\u0438\u0442\u0435\u043b\u0435\u0439 \u0430\u043a\u0442\u0438\u0432\u043d\u043e\u0433\u043e \u043e\u0442\u0434\u044b\u0445\u0430. \u0412\u044b\u0441\u043e\u043a\u043e\u0435 \u043a\u0430\u0447\u0435\u0441\u0442\u0432\u043e, \u043a\u043e\u043c\u0444\u043e\u0440\u0442 \u0438 \u0437\u0430\u0449\u0438\u0442\u0430 \u043e\u0442 \u0443\u043b\u044c\u0442\u0440\u0430\u0444\u0438\u043e\u043b\u0435\u0442\u0430.","og_url":"https:\/\/xstyle.md\/ro\/produs\/ochki-julbo-shield-blue-rv-hm2-4\/","og_site_name":"\u041c\u0430\u0433\u0430\u0437\u0438\u043d Xstyle","article_publisher":"https:\/\/www.facebook.com\/xstylemd","article_modified_time":"2025-12-18T14:16:03+00:00","og_image":[{"width":1000,"height":1000,"url":"https:\/\/xstyle.md\/wp-content\/uploads\/2022\/01\/julbo-shield-blue-rv-hm2-4.jpg","type":"image\/jpeg"}],"twitter_card":"summary_large_image","twitter_misc":{"Pre\u021b":"3.970&nbsp;MDL","Disponibilitate":"\u00cen stoc"},"schema":{"@context":"https:\/\/schema.org","@graph":[{"@type":"WebPage","@id":"https:\/\/xstyle.md\/product\/ochki-julbo-shield-blue-rv-hm2-4\/","url":"https:\/\/xstyle.md\/product\/ochki-julbo-shield-blue-rv-hm2-4\/","name":"Ochelari Julbo Shield Blue RV HM2-4 - Magazin Xstyle","isPartOf":{"@id":"https:\/\/xstyle.md\/#website"},"primaryImageOfPage":{"@id":"https:\/\/xstyle.md\/product\/ochki-julbo-shield-blue-rv-hm2-4\/#primaryimage"},"image":{"@id":"https:\/\/xstyle.md\/product\/ochki-julbo-shield-blue-rv-hm2-4\/#primaryimage"},"thumbnailUrl":"https:\/\/xstyle.md\/wp-content\/uploads\/2022\/01\/julbo-shield-blue-rv-hm2-4.jpg","datePublished":"2022-01-21T07:39:32+00:00","dateModified":"2025-12-18T14:16:03+00:00","description":"Ochelari Julbo Shield Blue RV HM2-4 \u2013 alegerea ideal\u0103 pentru alpini\u0219ti \u0219i iubitorii de activit\u0103\u021bi \u00een aer liber. Calitate \u00eenalt\u0103, confort \u0219i protec\u021bie \u00eempotriva radia\u021biilor ultraviolete.","breadcrumb":{"@id":"https:\/\/xstyle.md\/product\/ochki-julbo-shield-blue-rv-hm2-4\/#breadcrumb"},"inLanguage":"ro-RO","potentialAction":[{"@type":"ReadAction","target":["https:\/\/xstyle.md\/product\/ochki-julbo-shield-blue-rv-hm2-4\/"]}]},{"@type":"ImageObject","inLanguage":"ro-RO","@id":"https:\/\/xstyle.md\/product\/ochki-julbo-shield-blue-rv-hm2-4\/#primaryimage","url":"https:\/\/xstyle.md\/wp-content\/uploads\/2022\/01\/julbo-shield-blue-rv-hm2-4.jpg","contentUrl":"https:\/\/xstyle.md\/wp-content\/uploads\/2022\/01\/julbo-shield-blue-rv-hm2-4.jpg","width":1000,"height":1000,"caption":"\u0422\u0443\u0440\u0438\u0441\u0442\u0438\u0447\u0435\u0441\u043a\u0438\u0435 \u043e\u0447\u043a\u0438 Julbo Shield Blue RV HM2-4 \u0434\u043b\u044f \u0430\u043a\u0442\u0438\u0432\u043d\u043e\u0433\u043e \u043e\u0442\u0434\u044b\u0445\u0430, \u043f\u043e\u0445\u043e\u0434\u043e\u0432 \u0438 \u043f\u0443\u0442\u0435\u0448\u0435\u0441\u0442\u0432\u0438\u0439, \u0441\u043f\u043e\u0440\u0442\u0438\u0432\u043d\u0430\u044f \u043e\u043f\u0442\u0438\u043a\u0430 \u0434\u043b\u044f \u0430\u043b\u044c\u043f\u0438\u043d\u0438\u0437\u043c\u0430 \u0438 \u0433\u043e\u0440\u043d\u044b\u0445 \u043f\u0440\u0438\u043a\u043b\u044e\u0447\u0435\u043d\u0438\u0439"},{"@type":"BreadcrumbList","@id":"https:\/\/xstyle.md\/product\/ochki-julbo-shield-blue-rv-hm2-4\/#breadcrumb","itemListElement":[{"@type":"ListItem","position":1,"name":"\u0413\u043b\u0430\u0432\u043d\u0430\u044f \u0441\u0442\u0440\u0430\u043d\u0438\u0446\u0430","item":"https:\/\/xstyle.md\/"},{"@type":"ListItem","position":2,"name":"\u041c\u0430\u0433\u0430\u0437\u0438\u043d","item":"https:\/\/xstyle.md\/shop\/"},{"@type":"ListItem","position":3,"name":"\u041e\u0447\u043a\u0438 Julbo Shield Blue RV HM2-4"}]},{"@type":"WebSite","@id":"https:\/\/xstyle.md\/#website","url":"https:\/\/xstyle.md\/","name":"Magazinul X-Style","description":"Echipamente pentru turism \u0219i sporturi extreme \u00een Moldova. Pre\u021buri, fotografii, caracteristici \u00een Moldova.","publisher":{"@id":"https:\/\/xstyle.md\/#organization"},"alternateName":"X-Style","potentialAction":[{"@type":"SearchAction","target":{"@type":"EntryPoint","urlTemplate":"https:\/\/xstyle.md\/?s={search_term_string}"},"query-input":{"@type":"PropertyValueSpecification","valueRequired":true,"valueName":"search_term_string"}}],"inLanguage":"ro-RO"},{"@type":"Organization","@id":"https:\/\/xstyle.md\/#organization","name":"Magazinul X-Style","alternateName":"x-style","url":"https:\/\/xstyle.md\/","logo":{"@type":"ImageObject","inLanguage":"ro-RO","@id":"https:\/\/xstyle.md\/#\/schema\/logo\/image\/","url":"https:\/\/xstyle.md\/wp-content\/uploads\/2020\/06\/logoicon.svg","contentUrl":"https:\/\/xstyle.md\/wp-content\/uploads\/2020\/06\/logoicon.svg","caption":"\u041c\u0430\u0433\u0430\u0437\u0438\u043d Xstyle"},"image":{"@id":"https:\/\/xstyle.md\/#\/schema\/logo\/image\/"},"sameAs":["https:\/\/www.facebook.com\/xstylemd","https:\/\/www.instagram.com\/xstyle_md\/","https:\/\/t.me\/xstyle_outdoor"],"hasMerchantReturnPolicy":{"@type":"MerchantReturnPolicy","merchantReturnLink":"https:\/\/xstyle.md\/ro\/conditions\/"}}]},"product_price_amount":"3970.00","product_price_currency":"MDL","og_availability":"instock","product_availability":"instock","product_retailer_item_id":"3660576149823","product_condition":"new"},"post_mailing_queue_ids":[],"_links":{"self":[{"href":"https:\/\/xstyle.md\/ro\/wp-json\/wp\/v2\/product\/44565","targetHints":{"allow":["GET"]}}],"collection":[{"href":"https:\/\/xstyle.md\/ro\/wp-json\/wp\/v2\/product"}],"about":[{"href":"https:\/\/xstyle.md\/ro\/wp-json\/wp\/v2\/types\/product"}],"replies":[{"embeddable":true,"href":"https:\/\/xstyle.md\/ro\/wp-json\/wp\/v2\/comments?post=44565"}],"wp:featuredmedia":[{"embeddable":true,"href":"https:\/\/xstyle.md\/ro\/wp-json\/wp\/v2\/media\/45552"}],"wp:attachment":[{"href":"https:\/\/xstyle.md\/ro\/wp-json\/wp\/v2\/media?parent=44565"}],"wp:term":[{"taxonomy":"product_brand","embeddable":true,"href":"https:\/\/xstyle.md\/ro\/wp-json\/wp\/v2\/product_brand?post=44565"},{"taxonomy":"product_cat","embeddable":true,"href":"https:\/\/xstyle.md\/ro\/wp-json\/wp\/v2\/product_cat?post=44565"},{"taxonomy":"product_tag","embeddable":true,"href":"https:\/\/xstyle.md\/ro\/wp-json\/wp\/v2\/product_tag?post=44565"}],"curies":[{"name":"wp","href":"https:\/\/api.w.org\/{rel}","templated":true}]}}