{"id":44558,"date":"2022-01-21T10:39:31","date_gmt":"2022-01-21T07:39:31","guid":{"rendered":"https:\/\/xstyle.md\/?post_type=product&#038;p=44558"},"modified":"2026-03-19T16:47:43","modified_gmt":"2026-03-19T13:47:43","slug":"gornolyzhnaya-maska-julbo-luna-rv","status":"publish","type":"product","link":"https:\/\/xstyle.md\/ro\/produs\/gornolyzhnaya-maska-julbo-luna-rv\/","title":{"rendered":"Masc\u0103 schi Julbo Luna RV"},"content":{"rendered":"<\/p>\n<p><strong>Julbo Luna RV <\/strong>&#8212; oachelari schi pentru cei care nu las\u0103 nimic la voia \u00eent\u00e2mpl\u0103rii, fie c\u0103 este vorba de profesionalism \u00een schi sau de aspect. C\u00e2mp vizual larg, design ergonomic, confort superior cu spum\u0103 cu dou\u0103 straturi \u0219i o curea lat\u0103 &#8212; designerii Julbo au lucrat cu aten\u021bie la fiecare detaliu. Lentilele fotocromatice se adapteaz\u0103 la schimbarea condi\u021biilor de lumin\u0103, sistemul de ventila\u021bie \u0219i tratamentul anticearc\u0103n minimizeaz\u0103 riscul de apari\u021bie a ce\u021bii pe interiorul lentilelor. Datorit\u0103 formei anatomice \u0219i spumei din zonele de contact, masca se potrive\u0219te perfect \u0219i confortabil pe fa\u021b\u0103.<\/p>\n<h3>Particularit\u0103\u021bi<\/h3>\n<ul>\n<li>Lentilele duble din policarbonat ofer\u0103 protec\u021bie maxim\u0103 \u0219i reduc riscul de aburire<\/li>\n<li>Designul lentilelor sferice ofer\u0103 un unghi larg de vizualizare, practic f\u0103r\u0103 distorsiuni optice, volum mare \u00een interior, reduc\u00e2nd riscul de aburire<\/li>\n<li>Lentilele fotocromatice se adapteaz\u0103 la condi\u021biile de lumin\u0103 \u00een func\u021bie de intensitatea luminii<\/li>\n<li>Dou\u0103 straturi de spum\u0103 pentru confort optim \u0219i absorb\u021bie a \u0219ocurilor, cu un strat moale pentru un contact mai moale cu pielea<\/li>\n<li>Stratul anti-cea\u021b\u0103 din interiorul lentilei minimizeaz\u0103 riscul de aburire<\/li>\n<li>Air Flow &#8212; sistem de ventila\u021bie cu g\u0103uri \u00een ram\u0103 pentru circula\u021bia aerului<\/li>\n<li>Cadru anatomic minimalist \u0219i unghi de vizualizare m\u0103rit at\u00e2t pe vertical\u0103, c\u00e2t \u0219i pe orizontal\u0103<\/li>\n<li>Curea acoperit\u0103 cu silicon pentru o potrivire perfect\u0103<\/li>\n<\/ul>\n<h3>Caracteristici<\/h3>\n<ul>\n<li>Lentile &#8212; Reactiv Performance<\/li>\n<li>Form\u0103 &#8212; sferic\u0103<\/li>\n<li>Material &#8212; policarbonat<\/li>\n<li>Categoria de protec\u021bie UV: 2-4 (5-20% transmisie a luminii)<\/li>\n<li>Destina\u021bie &#8212; schi\/snowboard<\/li>\n<li>Model &#8212; unisex<\/li>\n<\/ul>\n<h3>Tehnologie<\/h3>\n<ul>\n<li><strong>Reactiv Performance<\/strong> &#8212; este o tehnologie prin care lentilele se adapteaz\u0103 la toate condi\u021biile de iluminare \u00een func\u021bie de intensitatea radia\u021biilor UV, devenind mai \u00eentunecate sau mai deschise. Stratul special anticearc\u0103n previne aburirea, amprentele, faciliteaz\u0103 cur\u0103\u021barea petelor, asigur\u0103 scurgerea pic\u0103turilor de ap\u0103 \u0219i garanteaz\u0103 durabilitate maxim\u0103.<\/li>\n<li><strong>Air Flow<\/strong> \u2013 ventila\u021bie \u00eencorporat\u0103 \u00een cadru pentru o bun\u0103 circula\u021bie a aerului \u0219i pentru a preveni aburirea.<\/li>\n<li><strong>Anti \u2013 fog<\/strong> \u2013 este un mijloc de modificare a for\u021bei de tensiune de pe suprafa\u021ba apei \u0219i de prevenire a form\u0103rii pic\u0103turilor individuale pe suprafa\u021ba interioar\u0103 a lentilei.<\/li>\n<\/ul>\n<h3>Marca<\/h3>\n<p>Julbo este un brand francez de renume mondial care produce ochelari sport de \u00eenalt\u0103 calitate, ochelari pentru sporturi de ap\u0103, ochelari pentru alpinism la altitudine mare, m\u0103\u0219ti pentru sporturi de iarn\u0103, c\u0103\u0219ti de schi \u0219i multe altele. Aceast\u0103 companie are o istorie de peste 130 de ani, iar \u00een acest timp s-a dezvoltat de la o mic\u0103 firm\u0103 de familie la un juc\u0103tor important pe pia\u021ba global\u0103. Julbo a devenit un adev\u0103rat expert \u0219i un punct de referin\u021b\u0103 \u00een dezvoltarea de optic\u0103 pentru utilizare \u00een condi\u021bii extreme. Experien\u021ba acumulat\u0103 de-a lungul anilor, tehnologiile inovatoare \u0219i cooperarea cu sportivii au dus la o gam\u0103 larg\u0103 de produse care au c\u00e2\u0219tigat o mare popularitate \u00een \u00eentreaga lume.<\/p>\n<p><\/p>","protected":false},"excerpt":{"rendered":"","protected":false},"featured_media":45894,"comment_status":"open","ping_status":"closed","template":"","meta":{"_acf_changed":false,"inline_featured_image":false},"product_brand":[1294],"product_cat":[390],"product_tag":[],"class_list":{"0":"post-44558","1":"product","2":"type-product","3":"status-publish","4":"has-post-thumbnail","6":"product_brand-julbo","7":"product_cat-ski-mask","9":"first","10":"instock","11":"shipping-taxable","12":"purchasable","13":"product-type-simple"},"acf":[],"yoast_head":"<!-- This site is optimized with the Yoast SEO plugin v27.2 - https:\/\/yoast.com\/product\/yoast-seo-wordpress\/ -->\n<title>\u0413\u043e\u0440\u043d\u043e\u043b\u044b\u0436\u043d\u0430\u044f \u043c\u0430\u0441\u043a\u0430 Julbo Luna RV - \u041c\u0430\u0433\u0430\u0437\u0438\u043d Xstyle<\/title>\n<meta name=\"description\" content=\"\u041a\u0443\u043f\u0438\u0442\u0435 \u0433\u043e\u0440\u043d\u043e\u043b\u044b\u0436\u043d\u0443\u044e \u043c\u0430\u0441\u043a\u0443 Julbo Luna RV \u0441 \u0442\u0435\u0445\u043d\u043e\u043b\u043e\u0433\u0438\u0435\u0439 \u0430\u043d\u0442\u0438\u0444\u043e\u0433 \u0438 \u0448\u0438\u0440\u043e\u043a\u0438\u043c \u043f\u043e\u043b\u0435\u043c \u0437\u0440\u0435\u043d\u0438\u044f. \u0418\u0434\u0435\u0430\u043b\u044c\u043d\u043e \u0434\u043b\u044f \u043f\u0440\u043e\u0444\u0435\u0441\u0441\u0438\u043e\u043d\u0430\u043b\u043e\u0432 \u0438 \u043b\u044e\u0431\u0438\u0442\u0435\u043b\u0435\u0439 \u0437\u0438\u043c\u043d\u0438\u0445 \u0432\u0438\u0434\u043e\u0432 \u0441\u043f\u043e\u0440\u0442\u0430.\" \/>\n<meta name=\"robots\" content=\"index, follow, max-snippet:-1, max-image-preview:large, max-video-preview:-1\" \/>\n<link rel=\"canonical\" href=\"https:\/\/xstyle.md\/ro\/produs\/gornolyzhnaya-maska-julbo-luna-rv\/\" \/>\n<meta property=\"og:locale\" content=\"ro_RO\" \/>\n<meta property=\"og:type\" content=\"article\" \/>\n<meta property=\"og:title\" content=\"\u0413\u043e\u0440\u043d\u043e\u043b\u044b\u0436\u043d\u0430\u044f \u043c\u0430\u0441\u043a\u0430 Julbo Luna RV - \u041c\u0430\u0433\u0430\u0437\u0438\u043d Xstyle\" \/>\n<meta property=\"og:description\" content=\"\u041a\u0443\u043f\u0438\u0442\u0435 \u0433\u043e\u0440\u043d\u043e\u043b\u044b\u0436\u043d\u0443\u044e \u043c\u0430\u0441\u043a\u0443 Julbo Luna RV \u0441 \u0442\u0435\u0445\u043d\u043e\u043b\u043e\u0433\u0438\u0435\u0439 \u0430\u043d\u0442\u0438\u0444\u043e\u0433 \u0438 \u0448\u0438\u0440\u043e\u043a\u0438\u043c \u043f\u043e\u043b\u0435\u043c \u0437\u0440\u0435\u043d\u0438\u044f. \u0418\u0434\u0435\u0430\u043b\u044c\u043d\u043e \u0434\u043b\u044f \u043f\u0440\u043e\u0444\u0435\u0441\u0441\u0438\u043e\u043d\u0430\u043b\u043e\u0432 \u0438 \u043b\u044e\u0431\u0438\u0442\u0435\u043b\u0435\u0439 \u0437\u0438\u043c\u043d\u0438\u0445 \u0432\u0438\u0434\u043e\u0432 \u0441\u043f\u043e\u0440\u0442\u0430.\" \/>\n<meta property=\"og:url\" content=\"https:\/\/xstyle.md\/ro\/produs\/gornolyzhnaya-maska-julbo-luna-rv\/\" \/>\n<meta property=\"og:site_name\" content=\"\u041c\u0430\u0433\u0430\u0437\u0438\u043d Xstyle\" \/>\n<meta property=\"article:publisher\" content=\"https:\/\/www.facebook.com\/xstylemd\" \/>\n<meta property=\"article:modified_time\" content=\"2026-03-19T13:47:43+00:00\" \/>\n<meta property=\"og:image\" content=\"https:\/\/xstyle.md\/wp-content\/uploads\/2022\/01\/julbo-luna-rv.jpg\" \/>\n\t<meta property=\"og:image:width\" content=\"1000\" \/>\n\t<meta property=\"og:image:height\" content=\"600\" \/>\n\t<meta property=\"og:image:type\" content=\"image\/jpeg\" \/>\n<meta name=\"twitter:card\" content=\"summary_large_image\" \/>\n<meta name=\"twitter:label1\" content=\"Pre\u021b\" \/>\n\t<meta name=\"twitter:data1\" content=\"3.400&nbsp;MDL\" \/>\n\t<meta name=\"twitter:label2\" content=\"Disponibilitate\" \/>\n\t<meta name=\"twitter:data2\" content=\"\u00cen stoc\" \/>\n<script type=\"application\/ld+json\" class=\"yoast-schema-graph\">{\"@context\":\"https:\/\/schema.org\",\"@graph\":[{\"@type\":\"WebPage\",\"@id\":\"https:\/\/xstyle.md\/product\/gornolyzhnaya-maska-julbo-luna-rv\/\",\"url\":\"https:\/\/xstyle.md\/product\/gornolyzhnaya-maska-julbo-luna-rv\/\",\"name\":\"\u0413\u043e\u0440\u043d\u043e\u043b\u044b\u0436\u043d\u0430\u044f \u043c\u0430\u0441\u043a\u0430 Julbo Luna RV - \u041c\u0430\u0433\u0430\u0437\u0438\u043d Xstyle\",\"isPartOf\":{\"@id\":\"https:\/\/xstyle.md\/#website\"},\"primaryImageOfPage\":{\"@id\":\"https:\/\/xstyle.md\/product\/gornolyzhnaya-maska-julbo-luna-rv\/#primaryimage\"},\"image\":{\"@id\":\"https:\/\/xstyle.md\/product\/gornolyzhnaya-maska-julbo-luna-rv\/#primaryimage\"},\"thumbnailUrl\":\"https:\/\/xstyle.md\/wp-content\/uploads\/2022\/01\/julbo-luna-rv.jpg\",\"datePublished\":\"2022-01-21T07:39:31+00:00\",\"dateModified\":\"2026-03-19T13:47:43+00:00\",\"description\":\"\u041a\u0443\u043f\u0438\u0442\u0435 \u0433\u043e\u0440\u043d\u043e\u043b\u044b\u0436\u043d\u0443\u044e \u043c\u0430\u0441\u043a\u0443 Julbo Luna RV \u0441 \u0442\u0435\u0445\u043d\u043e\u043b\u043e\u0433\u0438\u0435\u0439 \u0430\u043d\u0442\u0438\u0444\u043e\u0433 \u0438 \u0448\u0438\u0440\u043e\u043a\u0438\u043c \u043f\u043e\u043b\u0435\u043c \u0437\u0440\u0435\u043d\u0438\u044f. \u0418\u0434\u0435\u0430\u043b\u044c\u043d\u043e \u0434\u043b\u044f \u043f\u0440\u043e\u0444\u0435\u0441\u0441\u0438\u043e\u043d\u0430\u043b\u043e\u0432 \u0438 \u043b\u044e\u0431\u0438\u0442\u0435\u043b\u0435\u0439 \u0437\u0438\u043c\u043d\u0438\u0445 \u0432\u0438\u0434\u043e\u0432 \u0441\u043f\u043e\u0440\u0442\u0430.\",\"breadcrumb\":{\"@id\":\"https:\/\/xstyle.md\/product\/gornolyzhnaya-maska-julbo-luna-rv\/#breadcrumb\"},\"inLanguage\":\"ro-RO\",\"potentialAction\":[{\"@type\":\"ReadAction\",\"target\":[\"https:\/\/xstyle.md\/product\/gornolyzhnaya-maska-julbo-luna-rv\/\"]}]},{\"@type\":\"ImageObject\",\"inLanguage\":\"ro-RO\",\"@id\":\"https:\/\/xstyle.md\/product\/gornolyzhnaya-maska-julbo-luna-rv\/#primaryimage\",\"url\":\"https:\/\/xstyle.md\/wp-content\/uploads\/2022\/01\/julbo-luna-rv.jpg\",\"contentUrl\":\"https:\/\/xstyle.md\/wp-content\/uploads\/2022\/01\/julbo-luna-rv.jpg\",\"width\":1000,\"height\":600,\"caption\":\"\u0413\u043e\u0440\u043d\u043e\u043b\u044b\u0436\u043d\u0430\u044f \u043c\u0430\u0441\u043a\u0430 Julbo Luna RV \u0434\u043b\u044f \u0430\u043a\u0442\u0438\u0432\u043d\u043e\u0433\u043e \u043e\u0442\u0434\u044b\u0445\u0430, \u043b\u044b\u0436, \u0441\u043d\u0430\u0440\u044f\u0436\u0435\u043d\u0438\u044f \u0434\u043b\u044f \u043f\u0443\u0442\u0435\u0448\u0435\u0441\u0442\u0432\u0438\u0439, \u0441\u043f\u043e\u0440\u0442\u0438\u0432\u043d\u043e\u0439 \u043e\u0434\u0435\u0436\u0434\u044b \u0438 \u043e\u0431\u0443\u0432\u0438 \u0434\u043b\u044f \u0430\u043b\u044c\u043f\u0438\u043d\u0438\u0437\u043c\u0430 \u0438 \u0442\u0443\u0440\u0438\u0437\u043c\u0430\"},{\"@type\":\"BreadcrumbList\",\"@id\":\"https:\/\/xstyle.md\/product\/gornolyzhnaya-maska-julbo-luna-rv\/#breadcrumb\",\"itemListElement\":[{\"@type\":\"ListItem\",\"position\":1,\"name\":\"\u0413\u043b\u0430\u0432\u043d\u0430\u044f \u0441\u0442\u0440\u0430\u043d\u0438\u0446\u0430\",\"item\":\"https:\/\/xstyle.md\/\"},{\"@type\":\"ListItem\",\"position\":2,\"name\":\"\u041c\u0430\u0433\u0430\u0437\u0438\u043d\",\"item\":\"https:\/\/xstyle.md\/shop\/\"},{\"@type\":\"ListItem\",\"position\":3,\"name\":\"\u0413\u043e\u0440\u043d\u043e\u043b\u044b\u0436\u043d\u0430\u044f \u043c\u0430\u0441\u043a\u0430 Julbo Luna RV\"}]},{\"@type\":\"WebSite\",\"@id\":\"https:\/\/xstyle.md\/#website\",\"url\":\"https:\/\/xstyle.md\/\",\"name\":\"\u041c\u0430\u0433\u0430\u0437\u0438\u043d Xstyle\",\"description\":\"C\u043d\u0430\u0440\u044f\u0436\u0435\u043d\u0438\u0435 \u0434\u043b\u044f \u0442\u0443\u0440\u0438\u0437\u043c\u0430 \u0438 \u044d\u043a\u0441\u0442\u0440\u0435\u043c\u0430\u043b\u044c\u043d\u044b\u0445 \u0432\u0438\u0434\u043e\u0432 \u0441\u043f\u043e\u0440\u0442\u0430 \u0432 \u041c\u043e\u043b\u0434\u043e\u0432\u0435.. \u0426\u0435\u043d\u044b, \u0444\u043e\u0442\u043e, \u0445\u0430\u0440\u0430\u043a\u0442\u0435\u0440\u0438\u0441\u0442\u0438\u043a\u0438 \u0432 \u041c\u043e\u043b\u0434\u043e\u0432\u0435.\",\"publisher\":{\"@id\":\"https:\/\/xstyle.md\/#organization\"},\"alternateName\":\"X-Style\",\"potentialAction\":[{\"@type\":\"SearchAction\",\"target\":{\"@type\":\"EntryPoint\",\"urlTemplate\":\"https:\/\/xstyle.md\/?s={search_term_string}\"},\"query-input\":{\"@type\":\"PropertyValueSpecification\",\"valueRequired\":true,\"valueName\":\"search_term_string\"}}],\"inLanguage\":\"ro-RO\"},{\"@type\":\"Organization\",\"@id\":\"https:\/\/xstyle.md\/#organization\",\"name\":\"\u041c\u0430\u0433\u0430\u0437\u0438\u043d Xstyle\",\"alternateName\":\"x-style\",\"url\":\"https:\/\/xstyle.md\/\",\"logo\":{\"@type\":\"ImageObject\",\"inLanguage\":\"ro-RO\",\"@id\":\"https:\/\/xstyle.md\/#\/schema\/logo\/image\/\",\"url\":\"https:\/\/xstyle.md\/wp-content\/uploads\/2020\/06\/logoicon.svg\",\"contentUrl\":\"https:\/\/xstyle.md\/wp-content\/uploads\/2020\/06\/logoicon.svg\",\"caption\":\"\u041c\u0430\u0433\u0430\u0437\u0438\u043d Xstyle\"},\"image\":{\"@id\":\"https:\/\/xstyle.md\/#\/schema\/logo\/image\/\"},\"sameAs\":[\"https:\/\/www.facebook.com\/xstylemd\",\"https:\/\/www.instagram.com\/xstyle_md\/\",\"https:\/\/t.me\/xstyle_outdoor\"],\"hasMerchantReturnPolicy\":{\"@type\":\"MerchantReturnPolicy\",\"merchantReturnLink\":\"https:\/\/xstyle.md\/ro\/conditions\/\"}}]}<\/script>\n<meta property=\"product:price:amount\" content=\"3400.00\" \/>\n<meta property=\"product:price:currency\" content=\"MDL\" \/>\n<meta property=\"og:availability\" content=\"instock\" \/>\n<meta property=\"product:availability\" content=\"instock\" \/>\n<meta property=\"product:retailer_item_id\" content=\"3660576151451\" \/>\n<meta property=\"product:condition\" content=\"new\" \/>\n<!-- \/ Yoast SEO plugin. -->","yoast_head_json":{"title":"Ochelari schi Julbo Luna RV - Magazin Xstyle","description":"Cump\u0103ra\u021bi masca de schi Julbo Luna RV cu tehnologie anti-fog \u0219i c\u00e2mp de vedere larg. Ideal\u0103 pentru profesioni\u0219ti \u0219i amatori de sporturi de iarn\u0103.","robots":{"index":"index","follow":"follow","max-snippet":"max-snippet:-1","max-image-preview":"max-image-preview:large","max-video-preview":"max-video-preview:-1"},"canonical":"https:\/\/xstyle.md\/ro\/produs\/gornolyzhnaya-maska-julbo-luna-rv\/","og_locale":"ro_RO","og_type":"article","og_title":"\u0413\u043e\u0440\u043d\u043e\u043b\u044b\u0436\u043d\u0430\u044f \u043c\u0430\u0441\u043a\u0430 Julbo Luna RV - \u041c\u0430\u0433\u0430\u0437\u0438\u043d Xstyle","og_description":"\u041a\u0443\u043f\u0438\u0442\u0435 \u0433\u043e\u0440\u043d\u043e\u043b\u044b\u0436\u043d\u0443\u044e \u043c\u0430\u0441\u043a\u0443 Julbo Luna RV \u0441 \u0442\u0435\u0445\u043d\u043e\u043b\u043e\u0433\u0438\u0435\u0439 \u0430\u043d\u0442\u0438\u0444\u043e\u0433 \u0438 \u0448\u0438\u0440\u043e\u043a\u0438\u043c \u043f\u043e\u043b\u0435\u043c \u0437\u0440\u0435\u043d\u0438\u044f. \u0418\u0434\u0435\u0430\u043b\u044c\u043d\u043e \u0434\u043b\u044f \u043f\u0440\u043e\u0444\u0435\u0441\u0441\u0438\u043e\u043d\u0430\u043b\u043e\u0432 \u0438 \u043b\u044e\u0431\u0438\u0442\u0435\u043b\u0435\u0439 \u0437\u0438\u043c\u043d\u0438\u0445 \u0432\u0438\u0434\u043e\u0432 \u0441\u043f\u043e\u0440\u0442\u0430.","og_url":"https:\/\/xstyle.md\/ro\/produs\/gornolyzhnaya-maska-julbo-luna-rv\/","og_site_name":"\u041c\u0430\u0433\u0430\u0437\u0438\u043d Xstyle","article_publisher":"https:\/\/www.facebook.com\/xstylemd","article_modified_time":"2026-03-19T13:47:43+00:00","og_image":[{"width":1000,"height":600,"url":"https:\/\/xstyle.md\/wp-content\/uploads\/2022\/01\/julbo-luna-rv.jpg","type":"image\/jpeg"}],"twitter_card":"summary_large_image","twitter_misc":{"Pre\u021b":"3.400&nbsp;MDL","Disponibilitate":"\u00cen stoc"},"schema":{"@context":"https:\/\/schema.org","@graph":[{"@type":"WebPage","@id":"https:\/\/xstyle.md\/product\/gornolyzhnaya-maska-julbo-luna-rv\/","url":"https:\/\/xstyle.md\/product\/gornolyzhnaya-maska-julbo-luna-rv\/","name":"Ochelari schi Julbo Luna RV - Magazin Xstyle","isPartOf":{"@id":"https:\/\/xstyle.md\/#website"},"primaryImageOfPage":{"@id":"https:\/\/xstyle.md\/product\/gornolyzhnaya-maska-julbo-luna-rv\/#primaryimage"},"image":{"@id":"https:\/\/xstyle.md\/product\/gornolyzhnaya-maska-julbo-luna-rv\/#primaryimage"},"thumbnailUrl":"https:\/\/xstyle.md\/wp-content\/uploads\/2022\/01\/julbo-luna-rv.jpg","datePublished":"2022-01-21T07:39:31+00:00","dateModified":"2026-03-19T13:47:43+00:00","description":"Cump\u0103ra\u021bi masca de schi Julbo Luna RV cu tehnologie anti-fog \u0219i c\u00e2mp de vedere larg. Ideal\u0103 pentru profesioni\u0219ti \u0219i amatori de sporturi de iarn\u0103.","breadcrumb":{"@id":"https:\/\/xstyle.md\/product\/gornolyzhnaya-maska-julbo-luna-rv\/#breadcrumb"},"inLanguage":"ro-RO","potentialAction":[{"@type":"ReadAction","target":["https:\/\/xstyle.md\/product\/gornolyzhnaya-maska-julbo-luna-rv\/"]}]},{"@type":"ImageObject","inLanguage":"ro-RO","@id":"https:\/\/xstyle.md\/product\/gornolyzhnaya-maska-julbo-luna-rv\/#primaryimage","url":"https:\/\/xstyle.md\/wp-content\/uploads\/2022\/01\/julbo-luna-rv.jpg","contentUrl":"https:\/\/xstyle.md\/wp-content\/uploads\/2022\/01\/julbo-luna-rv.jpg","width":1000,"height":600,"caption":"\u0413\u043e\u0440\u043d\u043e\u043b\u044b\u0436\u043d\u0430\u044f \u043c\u0430\u0441\u043a\u0430 Julbo Luna RV \u0434\u043b\u044f \u0430\u043a\u0442\u0438\u0432\u043d\u043e\u0433\u043e \u043e\u0442\u0434\u044b\u0445\u0430, \u043b\u044b\u0436, \u0441\u043d\u0430\u0440\u044f\u0436\u0435\u043d\u0438\u044f \u0434\u043b\u044f \u043f\u0443\u0442\u0435\u0448\u0435\u0441\u0442\u0432\u0438\u0439, \u0441\u043f\u043e\u0440\u0442\u0438\u0432\u043d\u043e\u0439 \u043e\u0434\u0435\u0436\u0434\u044b \u0438 \u043e\u0431\u0443\u0432\u0438 \u0434\u043b\u044f \u0430\u043b\u044c\u043f\u0438\u043d\u0438\u0437\u043c\u0430 \u0438 \u0442\u0443\u0440\u0438\u0437\u043c\u0430"},{"@type":"BreadcrumbList","@id":"https:\/\/xstyle.md\/product\/gornolyzhnaya-maska-julbo-luna-rv\/#breadcrumb","itemListElement":[{"@type":"ListItem","position":1,"name":"\u0413\u043b\u0430\u0432\u043d\u0430\u044f \u0441\u0442\u0440\u0430\u043d\u0438\u0446\u0430","item":"https:\/\/xstyle.md\/"},{"@type":"ListItem","position":2,"name":"\u041c\u0430\u0433\u0430\u0437\u0438\u043d","item":"https:\/\/xstyle.md\/shop\/"},{"@type":"ListItem","position":3,"name":"\u0413\u043e\u0440\u043d\u043e\u043b\u044b\u0436\u043d\u0430\u044f \u043c\u0430\u0441\u043a\u0430 Julbo Luna RV"}]},{"@type":"WebSite","@id":"https:\/\/xstyle.md\/#website","url":"https:\/\/xstyle.md\/","name":"Magazinul X-Style","description":"Echipamente pentru turism \u0219i sporturi extreme \u00een Moldova. Pre\u021buri, fotografii, caracteristici \u00een Moldova.","publisher":{"@id":"https:\/\/xstyle.md\/#organization"},"alternateName":"X-Style","potentialAction":[{"@type":"SearchAction","target":{"@type":"EntryPoint","urlTemplate":"https:\/\/xstyle.md\/?s={search_term_string}"},"query-input":{"@type":"PropertyValueSpecification","valueRequired":true,"valueName":"search_term_string"}}],"inLanguage":"ro-RO"},{"@type":"Organization","@id":"https:\/\/xstyle.md\/#organization","name":"Magazinul X-Style","alternateName":"x-style","url":"https:\/\/xstyle.md\/","logo":{"@type":"ImageObject","inLanguage":"ro-RO","@id":"https:\/\/xstyle.md\/#\/schema\/logo\/image\/","url":"https:\/\/xstyle.md\/wp-content\/uploads\/2020\/06\/logoicon.svg","contentUrl":"https:\/\/xstyle.md\/wp-content\/uploads\/2020\/06\/logoicon.svg","caption":"\u041c\u0430\u0433\u0430\u0437\u0438\u043d Xstyle"},"image":{"@id":"https:\/\/xstyle.md\/#\/schema\/logo\/image\/"},"sameAs":["https:\/\/www.facebook.com\/xstylemd","https:\/\/www.instagram.com\/xstyle_md\/","https:\/\/t.me\/xstyle_outdoor"],"hasMerchantReturnPolicy":{"@type":"MerchantReturnPolicy","merchantReturnLink":"https:\/\/xstyle.md\/ro\/conditions\/"}}]},"product_price_amount":"3400.00","product_price_currency":"MDL","og_availability":"instock","product_availability":"instock","product_retailer_item_id":"3660576151451","product_condition":"new"},"post_mailing_queue_ids":[],"_links":{"self":[{"href":"https:\/\/xstyle.md\/ro\/wp-json\/wp\/v2\/product\/44558","targetHints":{"allow":["GET"]}}],"collection":[{"href":"https:\/\/xstyle.md\/ro\/wp-json\/wp\/v2\/product"}],"about":[{"href":"https:\/\/xstyle.md\/ro\/wp-json\/wp\/v2\/types\/product"}],"replies":[{"embeddable":true,"href":"https:\/\/xstyle.md\/ro\/wp-json\/wp\/v2\/comments?post=44558"}],"wp:featuredmedia":[{"embeddable":true,"href":"https:\/\/xstyle.md\/ro\/wp-json\/wp\/v2\/media\/45894"}],"wp:attachment":[{"href":"https:\/\/xstyle.md\/ro\/wp-json\/wp\/v2\/media?parent=44558"}],"wp:term":[{"taxonomy":"product_brand","embeddable":true,"href":"https:\/\/xstyle.md\/ro\/wp-json\/wp\/v2\/product_brand?post=44558"},{"taxonomy":"product_cat","embeddable":true,"href":"https:\/\/xstyle.md\/ro\/wp-json\/wp\/v2\/product_cat?post=44558"},{"taxonomy":"product_tag","embeddable":true,"href":"https:\/\/xstyle.md\/ro\/wp-json\/wp\/v2\/product_tag?post=44558"}],"curies":[{"name":"wp","href":"https:\/\/api.w.org\/{rel}","templated":true}]}}