{"id":4375,"date":"2020-07-16T19:47:38","date_gmt":"2020-07-16T16:47:38","guid":{"rendered":"https:\/\/xstyle.md\/product\/lasty-aqualung-amika"},"modified":"2025-10-24T12:20:29","modified_gmt":"2025-10-24T09:20:29","slug":"lasty-aqualung-amika","status":"publish","type":"product","link":"https:\/\/xstyle.md\/ro\/produs\/lasty-aqualung-amika\/","title":{"rendered":"Labe Aqualung Amika"},"content":{"rendered":"<\/p>\n<p><strong>Labe Aqualung Amika &#8212;\u00a0<\/strong>au o lam\u0103 de dimensiuni convenabile pentru c\u0103l\u0103torie \u0219i greutate redus\u0103, ceea ce le face ideale pentru orice aventur\u0103. Materialul ofer\u0103 confort \u0219i durabilitate. Au garnituri de cauciuc anti-alunecare pentru o trac\u021biune excelent\u0103 pe suprafe\u021be alunecoase. Cureaua reglabil\u0103 asigur\u0103 o potrivire ideal\u0103 \u0219i are o bucla mare pentru o \u00eembr\u0103care \u0219i o scoatere u\u0219oar\u0103. Disponibil \u00een mai multe culori \u0219i dimensiuni.<\/p>\n<h3>Particularit\u0103\u021bi<\/h3>\n<ul>\n<li>Greutate redus\u0103<\/li>\n<li>Perfect pentru orice aventur\u0103<\/li>\n<li>Confort \u0219i durabilitate<\/li>\n<li>Tampoane de cauciuc antiderapante pentru o trac\u021biune excelent\u0103 pe suprafe\u021be alunecoase<\/li>\n<li>Curea reglabil\u0103 pentru o potrivire perfect\u0103.<\/li>\n<\/ul>\n<h3>Caracteristici<\/h3>\n<ul>\n<li>Materiale &#8212; cauciuc, plastic<\/li>\n<li>Destina\u021bie &#8212; \u00eenot\/ scufundare<\/li>\n<li>Rigiditate &#8212; medie<\/li>\n<li>Tip de lam\u0103 &#8212; ventilat\u0103<\/li>\n<li>Tipul tocului &#8212; deschis.<\/li>\n<\/ul>\n<h3>Marca<\/h3>\n<p>AquaLung &#8212; o marc\u0103 legendar\u0103 \u00een lumea scufund\u0103rilor, av\u00e2ndu-i ca fondatori pe Jacques-Yves Cousteau \u0219i Emile Gagnan. De mai bine de 80 de ani de existen\u021b\u0103, compania a devenit cel mai mare produc\u0103tor de echipamente de scufund\u0103ri, cu cea mai larg\u0103 gam\u0103 de modele din industrie. Varietatea de produse moderne ale companiei v\u0103 permite s\u0103 g\u0103si\u021bi ceea ce ave\u021bi nevoie at\u00e2t pentru \u00eencep\u0103torii amatori, c\u00e2t \u0219i pentru profesioni\u0219ti. Gama larg\u0103 include: m\u0103\u0219ti, aripioare, tuburi de snorkeling, costume de neopren umede \u0219i uscate, regulatoare \u0219i caracati\u021be, diverse dispozitive de \u00eenalt\u0103 tehnologie, \u00eembr\u0103c\u0103minte \u0219i \u00eenc\u0103l\u021b\u0103minte, gen\u021bi \u0219i multe alte accesorii. Datorit\u0103 unei re\u021bele puternice de distribu\u021bie, produsele AquaLung pot fi achizi\u021bionate \u00een peste 90 de \u021b\u0103ri de pe toate continentele.<\/p>\n<p><\/p>","protected":false},"excerpt":{"rendered":"<p>Labe Aqualung Amika<\/p>","protected":false},"featured_media":4373,"comment_status":"open","ping_status":"closed","template":"","meta":{"_acf_changed":false,"inline_featured_image":false},"product_brand":[1284],"product_cat":[179],"product_tag":[],"class_list":{"0":"post-4375","1":"product","2":"type-product","3":"status-publish","4":"has-post-thumbnail","6":"product_brand-aqualung","7":"product_cat-flippers","9":"first","10":"instock","11":"shipping-taxable","12":"purchasable","13":"product-type-simple"},"acf":[],"yoast_head":"<!-- This site is optimized with the Yoast SEO plugin v27.2 - https:\/\/yoast.com\/product\/yoast-seo-wordpress\/ -->\n<title>\u041b\u0430\u0441\u0442\u044b Aqualung Amika - \u041c\u0430\u0433\u0430\u0437\u0438\u043d Xstyle<\/title>\n<meta name=\"description\" content=\"\u041b\u0430\u0441\u0442\u044b Aqualung Amika \u0438\u0434\u0435\u0430\u043b\u044c\u043d\u043e \u043f\u043e\u0434\u0445\u043e\u0434\u044f\u0442 \u0434\u043b\u044f \u043f\u0443\u0442\u0435\u0448\u0435\u0441\u0442\u0432\u0438\u0439. \u041b\u0435\u0433\u043a\u0438\u0435, \u0443\u0434\u043e\u0431\u043d\u044b\u0435 \u0438 \u043f\u0440\u043e\u0447\u043d\u044b\u0435, \u0441 \u0430\u043d\u0442\u0438\u0441\u043a\u043e\u043b\u044c\u0437\u044f\u0449\u0438\u043c\u0438 \u043d\u0430\u043a\u043b\u0430\u0434\u043a\u0430\u043c\u0438 \u0438 \u0440\u0435\u0433\u0443\u043b\u0438\u0440\u0443\u0435\u043c\u044b\u043c \u0440\u0435\u043c\u0435\u0448\u043a\u043e\u043c. \u041e\u0442\u043b\u0438\u0447\u043d\u044b\u0439 \u0432\u044b\u0431\u043e\u0440 \u0434\u043b\u044f \u043f\u0440\u0438\u043a\u043b\u044e\u0447\u0435\u043d\u0438\u0439!\" \/>\n<meta name=\"robots\" content=\"index, follow, max-snippet:-1, max-image-preview:large, max-video-preview:-1\" \/>\n<link rel=\"canonical\" href=\"https:\/\/xstyle.md\/ro\/produs\/lasty-aqualung-amika\/\" \/>\n<meta property=\"og:locale\" content=\"ro_RO\" \/>\n<meta property=\"og:type\" content=\"article\" \/>\n<meta property=\"og:title\" content=\"\u041b\u0430\u0441\u0442\u044b Aqualung Amika - \u041c\u0430\u0433\u0430\u0437\u0438\u043d Xstyle\" \/>\n<meta property=\"og:description\" content=\"\u041b\u0430\u0441\u0442\u044b Aqualung Amika \u0438\u0434\u0435\u0430\u043b\u044c\u043d\u043e \u043f\u043e\u0434\u0445\u043e\u0434\u044f\u0442 \u0434\u043b\u044f \u043f\u0443\u0442\u0435\u0448\u0435\u0441\u0442\u0432\u0438\u0439. \u041b\u0435\u0433\u043a\u0438\u0435, \u0443\u0434\u043e\u0431\u043d\u044b\u0435 \u0438 \u043f\u0440\u043e\u0447\u043d\u044b\u0435, \u0441 \u0430\u043d\u0442\u0438\u0441\u043a\u043e\u043b\u044c\u0437\u044f\u0449\u0438\u043c\u0438 \u043d\u0430\u043a\u043b\u0430\u0434\u043a\u0430\u043c\u0438 \u0438 \u0440\u0435\u0433\u0443\u043b\u0438\u0440\u0443\u0435\u043c\u044b\u043c \u0440\u0435\u043c\u0435\u0448\u043a\u043e\u043c. \u041e\u0442\u043b\u0438\u0447\u043d\u044b\u0439 \u0432\u044b\u0431\u043e\u0440 \u0434\u043b\u044f \u043f\u0440\u0438\u043a\u043b\u044e\u0447\u0435\u043d\u0438\u0439!\" \/>\n<meta property=\"og:url\" content=\"https:\/\/xstyle.md\/ro\/produs\/lasty-aqualung-amika\/\" \/>\n<meta property=\"og:site_name\" content=\"\u041c\u0430\u0433\u0430\u0437\u0438\u043d Xstyle\" \/>\n<meta property=\"article:publisher\" content=\"https:\/\/www.facebook.com\/xstylemd\" \/>\n<meta property=\"article:modified_time\" content=\"2025-10-24T09:20:29+00:00\" \/>\n<meta property=\"og:image\" content=\"https:\/\/xstyle.md\/wp-content\/uploads\/2020\/07\/23960g_amika_gelb_1_l.jpg\" \/>\n\t<meta property=\"og:image:width\" content=\"1114\" \/>\n\t<meta property=\"og:image:height\" content=\"1500\" \/>\n\t<meta property=\"og:image:type\" content=\"image\/jpeg\" \/>\n<meta name=\"twitter:card\" content=\"summary_large_image\" \/>\n<meta name=\"twitter:label1\" content=\"Pre\u021b\" \/>\n\t<meta name=\"twitter:data1\" content=\"1.070&nbsp;MDL\" \/>\n\t<meta name=\"twitter:label2\" content=\"Disponibilitate\" \/>\n\t<meta name=\"twitter:data2\" content=\"\u00cen stoc\" \/>\n<script type=\"application\/ld+json\" class=\"yoast-schema-graph\">{\"@context\":\"https:\/\/schema.org\",\"@graph\":[{\"@type\":\"WebPage\",\"@id\":\"https:\/\/xstyle.md\/product\/lasty-aqualung-amika\/\",\"url\":\"https:\/\/xstyle.md\/product\/lasty-aqualung-amika\/\",\"name\":\"\u041b\u0430\u0441\u0442\u044b Aqualung Amika - \u041c\u0430\u0433\u0430\u0437\u0438\u043d Xstyle\",\"isPartOf\":{\"@id\":\"https:\/\/xstyle.md\/#website\"},\"primaryImageOfPage\":{\"@id\":\"https:\/\/xstyle.md\/product\/lasty-aqualung-amika\/#primaryimage\"},\"image\":{\"@id\":\"https:\/\/xstyle.md\/product\/lasty-aqualung-amika\/#primaryimage\"},\"thumbnailUrl\":\"https:\/\/xstyle.md\/wp-content\/uploads\/2020\/07\/23960g_amika_gelb_1_l.jpg\",\"datePublished\":\"2020-07-16T16:47:38+00:00\",\"dateModified\":\"2025-10-24T09:20:29+00:00\",\"description\":\"\u041b\u0430\u0441\u0442\u044b Aqualung Amika \u0438\u0434\u0435\u0430\u043b\u044c\u043d\u043e \u043f\u043e\u0434\u0445\u043e\u0434\u044f\u0442 \u0434\u043b\u044f \u043f\u0443\u0442\u0435\u0448\u0435\u0441\u0442\u0432\u0438\u0439. \u041b\u0435\u0433\u043a\u0438\u0435, \u0443\u0434\u043e\u0431\u043d\u044b\u0435 \u0438 \u043f\u0440\u043e\u0447\u043d\u044b\u0435, \u0441 \u0430\u043d\u0442\u0438\u0441\u043a\u043e\u043b\u044c\u0437\u044f\u0449\u0438\u043c\u0438 \u043d\u0430\u043a\u043b\u0430\u0434\u043a\u0430\u043c\u0438 \u0438 \u0440\u0435\u0433\u0443\u043b\u0438\u0440\u0443\u0435\u043c\u044b\u043c \u0440\u0435\u043c\u0435\u0448\u043a\u043e\u043c. \u041e\u0442\u043b\u0438\u0447\u043d\u044b\u0439 \u0432\u044b\u0431\u043e\u0440 \u0434\u043b\u044f \u043f\u0440\u0438\u043a\u043b\u044e\u0447\u0435\u043d\u0438\u0439!\",\"breadcrumb\":{\"@id\":\"https:\/\/xstyle.md\/product\/lasty-aqualung-amika\/#breadcrumb\"},\"inLanguage\":\"ro-RO\",\"potentialAction\":[{\"@type\":\"ReadAction\",\"target\":[\"https:\/\/xstyle.md\/product\/lasty-aqualung-amika\/\"]}]},{\"@type\":\"ImageObject\",\"inLanguage\":\"ro-RO\",\"@id\":\"https:\/\/xstyle.md\/product\/lasty-aqualung-amika\/#primaryimage\",\"url\":\"https:\/\/xstyle.md\/wp-content\/uploads\/2020\/07\/23960g_amika_gelb_1_l.jpg\",\"contentUrl\":\"https:\/\/xstyle.md\/wp-content\/uploads\/2020\/07\/23960g_amika_gelb_1_l.jpg\",\"width\":1114,\"height\":1500},{\"@type\":\"BreadcrumbList\",\"@id\":\"https:\/\/xstyle.md\/product\/lasty-aqualung-amika\/#breadcrumb\",\"itemListElement\":[{\"@type\":\"ListItem\",\"position\":1,\"name\":\"\u0413\u043b\u0430\u0432\u043d\u0430\u044f \u0441\u0442\u0440\u0430\u043d\u0438\u0446\u0430\",\"item\":\"https:\/\/xstyle.md\/\"},{\"@type\":\"ListItem\",\"position\":2,\"name\":\"\u041c\u0430\u0433\u0430\u0437\u0438\u043d\",\"item\":\"https:\/\/xstyle.md\/shop\/\"},{\"@type\":\"ListItem\",\"position\":3,\"name\":\"\u041b\u0430\u0441\u0442\u044b Aqualung Amika\"}]},{\"@type\":\"WebSite\",\"@id\":\"https:\/\/xstyle.md\/#website\",\"url\":\"https:\/\/xstyle.md\/\",\"name\":\"\u041c\u0430\u0433\u0430\u0437\u0438\u043d Xstyle\",\"description\":\"C\u043d\u0430\u0440\u044f\u0436\u0435\u043d\u0438\u0435 \u0434\u043b\u044f \u0442\u0443\u0440\u0438\u0437\u043c\u0430 \u0438 \u044d\u043a\u0441\u0442\u0440\u0435\u043c\u0430\u043b\u044c\u043d\u044b\u0445 \u0432\u0438\u0434\u043e\u0432 \u0441\u043f\u043e\u0440\u0442\u0430 \u0432 \u041c\u043e\u043b\u0434\u043e\u0432\u0435.. \u0426\u0435\u043d\u044b, \u0444\u043e\u0442\u043e, \u0445\u0430\u0440\u0430\u043a\u0442\u0435\u0440\u0438\u0441\u0442\u0438\u043a\u0438 \u0432 \u041c\u043e\u043b\u0434\u043e\u0432\u0435.\",\"publisher\":{\"@id\":\"https:\/\/xstyle.md\/#organization\"},\"alternateName\":\"X-Style\",\"potentialAction\":[{\"@type\":\"SearchAction\",\"target\":{\"@type\":\"EntryPoint\",\"urlTemplate\":\"https:\/\/xstyle.md\/?s={search_term_string}\"},\"query-input\":{\"@type\":\"PropertyValueSpecification\",\"valueRequired\":true,\"valueName\":\"search_term_string\"}}],\"inLanguage\":\"ro-RO\"},{\"@type\":\"Organization\",\"@id\":\"https:\/\/xstyle.md\/#organization\",\"name\":\"\u041c\u0430\u0433\u0430\u0437\u0438\u043d Xstyle\",\"alternateName\":\"x-style\",\"url\":\"https:\/\/xstyle.md\/\",\"logo\":{\"@type\":\"ImageObject\",\"inLanguage\":\"ro-RO\",\"@id\":\"https:\/\/xstyle.md\/#\/schema\/logo\/image\/\",\"url\":\"https:\/\/xstyle.md\/wp-content\/uploads\/2020\/06\/logoicon.svg\",\"contentUrl\":\"https:\/\/xstyle.md\/wp-content\/uploads\/2020\/06\/logoicon.svg\",\"caption\":\"\u041c\u0430\u0433\u0430\u0437\u0438\u043d Xstyle\"},\"image\":{\"@id\":\"https:\/\/xstyle.md\/#\/schema\/logo\/image\/\"},\"sameAs\":[\"https:\/\/www.facebook.com\/xstylemd\",\"https:\/\/www.instagram.com\/xstyle_md\/\",\"https:\/\/t.me\/xstyle_outdoor\"],\"hasMerchantReturnPolicy\":{\"@type\":\"MerchantReturnPolicy\",\"merchantReturnLink\":\"https:\/\/xstyle.md\/ro\/conditions\/\"}}]}<\/script>\n<meta property=\"product:price:amount\" content=\"1070.00\" \/>\n<meta property=\"product:price:currency\" content=\"MDL\" \/>\n<meta property=\"og:availability\" content=\"instock\" \/>\n<meta property=\"product:availability\" content=\"instock\" \/>\n<meta property=\"product:retailer_item_id\" content=\"8032621399029\" \/>\n<meta property=\"product:condition\" content=\"new\" \/>\n<!-- \/ Yoast SEO plugin. -->","yoast_head_json":{"title":"Labe Aqualung Amika - Magazin Xstyle","description":"Labele Aqualung Amika sunt perfecte pentru c\u0103l\u0103torii. U\u0219oare, confortabile \u0219i durabile, cu inser\u021bii antiderapante \u0219i curea reglabil\u0103. O alegere excelent\u0103 pentru aventuri!","robots":{"index":"index","follow":"follow","max-snippet":"max-snippet:-1","max-image-preview":"max-image-preview:large","max-video-preview":"max-video-preview:-1"},"canonical":"https:\/\/xstyle.md\/ro\/produs\/lasty-aqualung-amika\/","og_locale":"ro_RO","og_type":"article","og_title":"\u041b\u0430\u0441\u0442\u044b Aqualung Amika - \u041c\u0430\u0433\u0430\u0437\u0438\u043d Xstyle","og_description":"\u041b\u0430\u0441\u0442\u044b Aqualung Amika \u0438\u0434\u0435\u0430\u043b\u044c\u043d\u043e \u043f\u043e\u0434\u0445\u043e\u0434\u044f\u0442 \u0434\u043b\u044f \u043f\u0443\u0442\u0435\u0448\u0435\u0441\u0442\u0432\u0438\u0439. \u041b\u0435\u0433\u043a\u0438\u0435, \u0443\u0434\u043e\u0431\u043d\u044b\u0435 \u0438 \u043f\u0440\u043e\u0447\u043d\u044b\u0435, \u0441 \u0430\u043d\u0442\u0438\u0441\u043a\u043e\u043b\u044c\u0437\u044f\u0449\u0438\u043c\u0438 \u043d\u0430\u043a\u043b\u0430\u0434\u043a\u0430\u043c\u0438 \u0438 \u0440\u0435\u0433\u0443\u043b\u0438\u0440\u0443\u0435\u043c\u044b\u043c \u0440\u0435\u043c\u0435\u0448\u043a\u043e\u043c. \u041e\u0442\u043b\u0438\u0447\u043d\u044b\u0439 \u0432\u044b\u0431\u043e\u0440 \u0434\u043b\u044f \u043f\u0440\u0438\u043a\u043b\u044e\u0447\u0435\u043d\u0438\u0439!","og_url":"https:\/\/xstyle.md\/ro\/produs\/lasty-aqualung-amika\/","og_site_name":"\u041c\u0430\u0433\u0430\u0437\u0438\u043d Xstyle","article_publisher":"https:\/\/www.facebook.com\/xstylemd","article_modified_time":"2025-10-24T09:20:29+00:00","og_image":[{"width":1114,"height":1500,"url":"https:\/\/xstyle.md\/wp-content\/uploads\/2020\/07\/23960g_amika_gelb_1_l.jpg","type":"image\/jpeg"}],"twitter_card":"summary_large_image","twitter_misc":{"Pre\u021b":"1.070&nbsp;MDL","Disponibilitate":"\u00cen stoc"},"schema":{"@context":"https:\/\/schema.org","@graph":[{"@type":"WebPage","@id":"https:\/\/xstyle.md\/product\/lasty-aqualung-amika\/","url":"https:\/\/xstyle.md\/product\/lasty-aqualung-amika\/","name":"Labe Aqualung Amika - Magazin Xstyle","isPartOf":{"@id":"https:\/\/xstyle.md\/#website"},"primaryImageOfPage":{"@id":"https:\/\/xstyle.md\/product\/lasty-aqualung-amika\/#primaryimage"},"image":{"@id":"https:\/\/xstyle.md\/product\/lasty-aqualung-amika\/#primaryimage"},"thumbnailUrl":"https:\/\/xstyle.md\/wp-content\/uploads\/2020\/07\/23960g_amika_gelb_1_l.jpg","datePublished":"2020-07-16T16:47:38+00:00","dateModified":"2025-10-24T09:20:29+00:00","description":"Labele Aqualung Amika sunt perfecte pentru c\u0103l\u0103torii. U\u0219oare, confortabile \u0219i durabile, cu inser\u021bii antiderapante \u0219i curea reglabil\u0103. O alegere excelent\u0103 pentru aventuri!","breadcrumb":{"@id":"https:\/\/xstyle.md\/product\/lasty-aqualung-amika\/#breadcrumb"},"inLanguage":"ro-RO","potentialAction":[{"@type":"ReadAction","target":["https:\/\/xstyle.md\/product\/lasty-aqualung-amika\/"]}]},{"@type":"ImageObject","inLanguage":"ro-RO","@id":"https:\/\/xstyle.md\/product\/lasty-aqualung-amika\/#primaryimage","url":"https:\/\/xstyle.md\/wp-content\/uploads\/2020\/07\/23960g_amika_gelb_1_l.jpg","contentUrl":"https:\/\/xstyle.md\/wp-content\/uploads\/2020\/07\/23960g_amika_gelb_1_l.jpg","width":1114,"height":1500},{"@type":"BreadcrumbList","@id":"https:\/\/xstyle.md\/product\/lasty-aqualung-amika\/#breadcrumb","itemListElement":[{"@type":"ListItem","position":1,"name":"\u0413\u043b\u0430\u0432\u043d\u0430\u044f \u0441\u0442\u0440\u0430\u043d\u0438\u0446\u0430","item":"https:\/\/xstyle.md\/"},{"@type":"ListItem","position":2,"name":"\u041c\u0430\u0433\u0430\u0437\u0438\u043d","item":"https:\/\/xstyle.md\/shop\/"},{"@type":"ListItem","position":3,"name":"\u041b\u0430\u0441\u0442\u044b Aqualung Amika"}]},{"@type":"WebSite","@id":"https:\/\/xstyle.md\/#website","url":"https:\/\/xstyle.md\/","name":"Magazinul X-Style","description":"Echipamente pentru turism \u0219i sporturi extreme \u00een Moldova. Pre\u021buri, fotografii, caracteristici \u00een Moldova.","publisher":{"@id":"https:\/\/xstyle.md\/#organization"},"alternateName":"X-Style","potentialAction":[{"@type":"SearchAction","target":{"@type":"EntryPoint","urlTemplate":"https:\/\/xstyle.md\/?s={search_term_string}"},"query-input":{"@type":"PropertyValueSpecification","valueRequired":true,"valueName":"search_term_string"}}],"inLanguage":"ro-RO"},{"@type":"Organization","@id":"https:\/\/xstyle.md\/#organization","name":"Magazinul X-Style","alternateName":"x-style","url":"https:\/\/xstyle.md\/","logo":{"@type":"ImageObject","inLanguage":"ro-RO","@id":"https:\/\/xstyle.md\/#\/schema\/logo\/image\/","url":"https:\/\/xstyle.md\/wp-content\/uploads\/2020\/06\/logoicon.svg","contentUrl":"https:\/\/xstyle.md\/wp-content\/uploads\/2020\/06\/logoicon.svg","caption":"\u041c\u0430\u0433\u0430\u0437\u0438\u043d Xstyle"},"image":{"@id":"https:\/\/xstyle.md\/#\/schema\/logo\/image\/"},"sameAs":["https:\/\/www.facebook.com\/xstylemd","https:\/\/www.instagram.com\/xstyle_md\/","https:\/\/t.me\/xstyle_outdoor"],"hasMerchantReturnPolicy":{"@type":"MerchantReturnPolicy","merchantReturnLink":"https:\/\/xstyle.md\/ro\/conditions\/"}}]},"product_price_amount":"1070.00","product_price_currency":"MDL","og_availability":"instock","product_availability":"instock","product_retailer_item_id":"8032621399029","product_condition":"new"},"post_mailing_queue_ids":[],"_links":{"self":[{"href":"https:\/\/xstyle.md\/ro\/wp-json\/wp\/v2\/product\/4375","targetHints":{"allow":["GET"]}}],"collection":[{"href":"https:\/\/xstyle.md\/ro\/wp-json\/wp\/v2\/product"}],"about":[{"href":"https:\/\/xstyle.md\/ro\/wp-json\/wp\/v2\/types\/product"}],"replies":[{"embeddable":true,"href":"https:\/\/xstyle.md\/ro\/wp-json\/wp\/v2\/comments?post=4375"}],"wp:featuredmedia":[{"embeddable":true,"href":"https:\/\/xstyle.md\/ro\/wp-json\/wp\/v2\/media\/4373"}],"wp:attachment":[{"href":"https:\/\/xstyle.md\/ro\/wp-json\/wp\/v2\/media?parent=4375"}],"wp:term":[{"taxonomy":"product_brand","embeddable":true,"href":"https:\/\/xstyle.md\/ro\/wp-json\/wp\/v2\/product_brand?post=4375"},{"taxonomy":"product_cat","embeddable":true,"href":"https:\/\/xstyle.md\/ro\/wp-json\/wp\/v2\/product_cat?post=4375"},{"taxonomy":"product_tag","embeddable":true,"href":"https:\/\/xstyle.md\/ro\/wp-json\/wp\/v2\/product_tag?post=4375"}],"curies":[{"name":"wp","href":"https:\/\/api.w.org\/{rel}","templated":true}]}}