{"id":43591,"date":"2021-12-24T19:00:37","date_gmt":"2021-12-24T16:00:37","guid":{"rendered":"https:\/\/xstyle.md\/?post_type=product&#038;p=43591"},"modified":"2026-02-04T16:39:00","modified_gmt":"2026-02-04T13:39:00","slug":"perchatki-ziener-importa-lady-black","status":"publish","type":"product","link":"https:\/\/xstyle.md\/ro\/produs\/perchatki-ziener-importa-lady-black\/","title":{"rendered":"M\u0103nu\u0219i Ziener Importa Lady black"},"content":{"rendered":"<p><\/p>\n<p><strong>Ziener Importa<\/strong> \u2013 m\u0103nu\u0219i de dam\u0103 moi, c\u0103lduroase \u0219i multifunc\u021bionale, fabricate din material softshell, fiind extrem de versatile \u00een utilizare. Membrana Windshield\u00ae, rezistent\u0103 la v\u00e2nt, respirabil\u0103 \u0219i hidrofob\u0103, previne r\u0103cirea m\u00e2inilor cauzat\u0103 de v\u00e2nt. Palmele ranforsate sunt foarte durabile \u0219i asigur\u0103 o aderen\u021b\u0103 perfect\u0103.<\/p>\n<h3>Particularit\u0103\u021bi<\/h3>\n<ul>\n<li>Palm\u0103 \u00eent\u0103rit\u0103 &#8212; spore\u0219te durabilitatea \u0219i rezisten\u021ba la uzur\u0103 a m\u0103nu\u0219ilor \u00een timp.<\/li>\n<li>Interior confortabil &#8212; material moale \u0219i c\u0103lduros la interior pentru un confort termic sporit.<\/li>\n<li>Tehnologie Windshield\u00ae &#8212; material respirabil, dar \u00een acela\u0219i timp complet rezistent la v\u00e2nt, care men\u021bine un climat optim pentru m\u00e2ini.<\/li>\n<li>Versatilitate &#8212; design multifunc\u021bional, ideal at\u00e2t pentru plimb\u0103rile urbane, c\u00e2t \u0219i pentru activit\u0103\u021bi u\u0219oare \u00een aer liber.<\/li>\n<\/ul>\n<h3>Caracteristici<\/h3>\n<ul>\n<li>Material &#8212; Poliester<\/li>\n<li>Destina\u021bie &#8212; Urbane<\/li>\n<li>Model &#8212; Dam\u0103<\/li>\n<\/ul>\n<h3>Tehnologii<\/h3>\n<ul>\n<li><strong>SoftShell<\/strong> \u2013 un material multifunc\u021bional, foarte u\u0219or, elastic \u0219i rezistent la uzur\u0103, care posed\u0103 propriet\u0103\u021bi de protec\u021bie \u00eempotriva v\u00e2ntului (windproof), respirabilitate \u0219i rezisten\u021b\u0103 la ap\u0103.<\/li>\n<li><strong>Windshield<\/strong>\u00ae \u2013 o construc\u021bie format\u0103 din trei straturi, compus\u0103 dintr-un strat exterior impermeabil, o membran\u0103 din poliuretan \u0219i o c\u0103ptu\u0219eal\u0103 textil\u0103. Aceasta ofer\u0103 o protec\u021bie fiabil\u0103 \u00eempotriva v\u00e2ntului \u0219i a precipita\u021biilor, asigur\u00e2nd \u00een acela\u0219i timp ventila\u021bia necesar\u0103 \u0219i eliminarea eficient\u0103 a umidit\u0103\u021bii (transpira\u021biei).<\/li>\n<li><strong>Thermoshield<\/strong>\u00ae \u2013 un strat izolator special care asigur\u0103 reten\u021bia maxim\u0103 a c\u0103ldurii \u00een interior.<br \/>\n<\/li>\n<\/ul>\n<h3>Marca<\/h3>\n<p>Ziener - marc\u0103 german\u0103 care produce m\u0103nu\u0219i \u0219i \u00eembr\u0103c\u0103minte pentru schi. Istoria companiei a \u00eenceput \u00een anul 1946 cu un atelier care producea m\u0103nu\u0219i pentru utilizare zilnic\u0103. Ulterior, compania a \u00eenceput s\u0103 produc\u0103 m\u0103nu\u0219i de schi de \u00eenalt\u0103 calitate, lucrate manual.<\/p>\n<p>\u00cembr\u0103c\u0103mintea de schi Ziener se distinge prin utilizarea noilor tehnologii \u0219i prin func\u021bionalitatea detaliilor de marc\u0103. Fiecare colec\u021bie de \u00eembr\u0103c\u0103minte de schi Ziener are culori moderne \u0219i o combina\u021bie neobi\u0219nuit\u0103 de materiale \u0219i imprimeuri. La crearea produselor se folose\u0219te tehnologia Thermoshield, care v\u0103 permite s\u0103 p\u0103stra\u021bi c\u0103ldura \u00een interiorul produsului c\u00e2t mai mult posibil. Partenerii companiei sunt: \u200b\u200bGore-Tex, NANOtex \u0219i Primaloft.<\/p>\n<p>\u00cen prezent, brandul Ziener este unul dintre liderii pie\u021bei europene de m\u0103nu\u0219i pentru sporturile de iarn\u0103. Produsele companiei sunt prezente \u00een numeroase \u021b\u0103ri din \u00eentreaga lume.<\/p>","protected":false},"excerpt":{"rendered":"<p>\u0411\u0440\u0435\u043d\u0434 Ziener &#8212; \u043d\u0435\u043c\u0435\u0446\u043a\u0438\u0439 \u0431\u0440\u0435\u043d\u0434, \u043f\u0440\u043e\u0438\u0437\u0432\u043e\u0434\u044f\u0449\u0438\u0439 \u043f\u0435\u0440\u0447\u0430\u0442\u043a\u0438 \u0438 \u043e\u0434\u0435\u0436\u0434\u0443 \u0434\u043b\u044f \u0433\u043e\u0440\u043d\u043e\u043b\u044b\u0436\u043d\u043e\u0433\u043e \u0441\u043f\u043e\u0440\u0442\u0430. \u0418\u0441\u0442\u043e\u0440\u0438\u044f \u043a\u043e\u043c\u043f\u0430\u043d\u0438\u0438 \u043d\u0430\u0447\u0430\u043b\u0430\u0441\u044c \u0432 1946 \u0433\u043e\u0434\u0443 \u0441 \u043c\u0430\u0441\u0442\u0435\u0440\u0441\u043a\u043e\u0439 \u043f\u043e \u043f\u0440\u043e\u0438\u0437\u0432\u043e\u0434\u0441\u0442\u0432\u0443 \u043f\u0435\u0440\u0447\u0430\u0442\u043e\u043a \u0434\u043b\u044f \u043f\u043e\u0432\u0441\u0435\u0434\u043d\u0435\u0432\u043d\u043e\u0433\u043e \u0438\u0441\u043f\u043e\u043b\u044c\u0437\u043e\u0432\u0430\u043d\u0438\u044f. \u041f\u043e\u0437\u0436\u0435 \u043a\u043e\u043c\u043f\u0430\u043d\u0438\u044f \u043d\u0430\u0447\u0430\u043b\u0430 \u043f\u0440\u043e\u0438\u0437\u0432\u043e\u0434\u0438\u0442\u044c \u0432\u044b\u0441\u043e\u043a\u043e\u043a\u0430\u0447\u0435\u0441\u0442\u0432\u0435\u043d\u043d\u044b\u0435 \u043b\u044b\u0436\u043d\u044b\u0435 \u043f\u0435\u0440\u0447\u0430\u0442\u043a\u0438 \u0440\u0443\u0447\u043d\u043e\u0439 \u0440\u0430\u0431\u043e\u0442\u044b. \u0413\u043e\u0440\u043d\u043e\u043b\u044b\u0436\u043d\u0430\u044f \u043e\u0434\u0435\u0436\u0434\u0430 \u0444\u0438\u0440\u043c\u044b Ziener \u043e\u0442\u043b\u0438\u0447\u0430\u0435\u0442\u0441\u044f \u043f\u0440\u0438\u043c\u0435\u043d\u0435\u043d\u0438\u0435\u043c \u043d\u043e\u0432\u044b\u0445 \u0442\u0435\u0445\u043d\u043e\u043b\u043e\u0433\u0438\u0439 \u0438 \u0444\u0443\u043d\u043a\u0446\u0438\u043e\u043d\u0430\u043b\u044c\u043d\u043e\u0441\u0442\u044c\u044e \u0444\u0438\u0440\u043c\u0435\u043d\u043d\u044b\u0445 \u0434\u0435\u0442\u0430\u043b\u0435\u0439. \u041a\u0430\u0436\u0434\u0430\u044f \u043a\u043e\u043b\u043b\u0435\u043a\u0446\u0438\u044f \u0433\u043e\u0440\u043d\u043e\u043b\u044b\u0436\u043d\u0430\u044f \u043e\u0434\u0435\u0436\u0434\u0430 Ziener &#8212; \u044d\u0442\u043e \u0441\u043e\u0432\u0440\u0435\u043c\u0435\u043d\u043d\u044b\u0435 [&hellip;]<\/p>\n","protected":false},"featured_media":44085,"comment_status":"open","ping_status":"closed","template":"","meta":{"_acf_changed":false,"inline_featured_image":false},"product_brand":[1313],"product_cat":[883],"product_tag":[],"class_list":{"0":"post-43591","1":"product","2":"type-product","3":"status-publish","4":"has-post-thumbnail","6":"product_brand-ziener","7":"product_cat-city-gloves-women","9":"first","10":"instock","11":"shipping-taxable","12":"purchasable","13":"product-type-simple"},"acf":[],"yoast_head":"<!-- This site is optimized with the Yoast SEO plugin v27.4 - https:\/\/yoast.com\/product\/yoast-seo-wordpress\/ -->\n<title>\u041f\u0435\u0440\u0447\u0430\u0442\u043a\u0438 Ziener Importa Lady black - \u041c\u0430\u0433\u0430\u0437\u0438\u043d Xstyle<\/title>\n<meta name=\"description\" content=\"\u041a\u0443\u043f\u0438\u0442\u0435 \u043f\u0435\u0440\u0447\u0430\u0442\u043a\u0438 Ziener Importa Lady black \u0441 \u0442\u0435\u0445\u043d\u043e\u043b\u043e\u0433\u0438\u0435\u0439 Softshell \u0438 Thermoshield. \u0418\u0434\u0435\u0430\u043b\u044c\u043d\u044b \u0434\u043b\u044f \u0445\u043e\u043b\u043e\u0434\u043d\u043e\u0439 \u043f\u043e\u0433\u043e\u0434\u044b. \u041a\u043e\u043c\u0444\u043e\u0440\u0442 \u0438 \u0437\u0430\u0449\u0438\u0442\u0430 \u043e\u0442 \u0432\u0435\u0442\u0440\u0430!\" \/>\n<meta name=\"robots\" content=\"index, follow, max-snippet:-1, max-image-preview:large, max-video-preview:-1\" \/>\n<link rel=\"canonical\" href=\"https:\/\/xstyle.md\/ro\/produs\/perchatki-ziener-importa-lady-black\/\" \/>\n<meta property=\"og:locale\" content=\"ro_RO\" \/>\n<meta property=\"og:type\" content=\"article\" \/>\n<meta property=\"og:title\" content=\"\u041f\u0435\u0440\u0447\u0430\u0442\u043a\u0438 Ziener Importa Lady black - \u041c\u0430\u0433\u0430\u0437\u0438\u043d Xstyle\" \/>\n<meta property=\"og:description\" content=\"\u041a\u0443\u043f\u0438\u0442\u0435 \u043f\u0435\u0440\u0447\u0430\u0442\u043a\u0438 Ziener Importa Lady black \u0441 \u0442\u0435\u0445\u043d\u043e\u043b\u043e\u0433\u0438\u0435\u0439 Softshell \u0438 Thermoshield. \u0418\u0434\u0435\u0430\u043b\u044c\u043d\u044b \u0434\u043b\u044f \u0445\u043e\u043b\u043e\u0434\u043d\u043e\u0439 \u043f\u043e\u0433\u043e\u0434\u044b. \u041a\u043e\u043c\u0444\u043e\u0440\u0442 \u0438 \u0437\u0430\u0449\u0438\u0442\u0430 \u043e\u0442 \u0432\u0435\u0442\u0440\u0430!\" \/>\n<meta property=\"og:url\" content=\"https:\/\/xstyle.md\/ro\/produs\/perchatki-ziener-importa-lady-black\/\" \/>\n<meta property=\"og:site_name\" content=\"\u041c\u0430\u0433\u0430\u0437\u0438\u043d Xstyle\" \/>\n<meta property=\"article:publisher\" content=\"https:\/\/www.facebook.com\/xstylemd\" \/>\n<meta property=\"article:modified_time\" content=\"2026-02-04T13:39:00+00:00\" \/>\n<meta property=\"og:image\" content=\"https:\/\/xstyle.md\/wp-content\/uploads\/2021\/12\/zeiner-importa-lady-black.png\" \/>\n\t<meta property=\"og:image:width\" content=\"587\" \/>\n\t<meta property=\"og:image:height\" content=\"755\" \/>\n\t<meta property=\"og:image:type\" content=\"image\/png\" \/>\n<meta name=\"twitter:card\" content=\"summary_large_image\" \/>\n<meta name=\"twitter:label1\" content=\"Pre\u021b\" \/>\n\t<meta name=\"twitter:data1\" content=\"485&nbsp;MDL\" \/>\n\t<meta name=\"twitter:label2\" content=\"Disponibilitate\" \/>\n\t<meta name=\"twitter:data2\" content=\"\u00cen stoc\" \/>\n<script type=\"application\/ld+json\" class=\"yoast-schema-graph\">{\"@context\":\"https:\\\/\\\/schema.org\",\"@graph\":[{\"@type\":\"WebPage\",\"@id\":\"https:\\\/\\\/xstyle.md\\\/product\\\/perchatki-ziener-importa-lady-black\\\/\",\"url\":\"https:\\\/\\\/xstyle.md\\\/product\\\/perchatki-ziener-importa-lady-black\\\/\",\"name\":\"\u041f\u0435\u0440\u0447\u0430\u0442\u043a\u0438 Ziener Importa Lady black - \u041c\u0430\u0433\u0430\u0437\u0438\u043d Xstyle\",\"isPartOf\":{\"@id\":\"https:\\\/\\\/xstyle.md\\\/#website\"},\"primaryImageOfPage\":{\"@id\":\"https:\\\/\\\/xstyle.md\\\/product\\\/perchatki-ziener-importa-lady-black\\\/#primaryimage\"},\"image\":{\"@id\":\"https:\\\/\\\/xstyle.md\\\/product\\\/perchatki-ziener-importa-lady-black\\\/#primaryimage\"},\"thumbnailUrl\":\"https:\\\/\\\/xstyle.md\\\/wp-content\\\/uploads\\\/2021\\\/12\\\/zeiner-importa-lady-black.png\",\"datePublished\":\"2021-12-24T16:00:37+00:00\",\"dateModified\":\"2026-02-04T13:39:00+00:00\",\"description\":\"\u041a\u0443\u043f\u0438\u0442\u0435 \u043f\u0435\u0440\u0447\u0430\u0442\u043a\u0438 Ziener Importa Lady black \u0441 \u0442\u0435\u0445\u043d\u043e\u043b\u043e\u0433\u0438\u0435\u0439 Softshell \u0438 Thermoshield. \u0418\u0434\u0435\u0430\u043b\u044c\u043d\u044b \u0434\u043b\u044f \u0445\u043e\u043b\u043e\u0434\u043d\u043e\u0439 \u043f\u043e\u0433\u043e\u0434\u044b. \u041a\u043e\u043c\u0444\u043e\u0440\u0442 \u0438 \u0437\u0430\u0449\u0438\u0442\u0430 \u043e\u0442 \u0432\u0435\u0442\u0440\u0430!\",\"breadcrumb\":{\"@id\":\"https:\\\/\\\/xstyle.md\\\/product\\\/perchatki-ziener-importa-lady-black\\\/#breadcrumb\"},\"inLanguage\":\"ro-RO\",\"potentialAction\":[{\"@type\":\"ReadAction\",\"target\":[\"https:\\\/\\\/xstyle.md\\\/product\\\/perchatki-ziener-importa-lady-black\\\/\"]}]},{\"@type\":\"ImageObject\",\"inLanguage\":\"ro-RO\",\"@id\":\"https:\\\/\\\/xstyle.md\\\/product\\\/perchatki-ziener-importa-lady-black\\\/#primaryimage\",\"url\":\"https:\\\/\\\/xstyle.md\\\/wp-content\\\/uploads\\\/2021\\\/12\\\/zeiner-importa-lady-black.png\",\"contentUrl\":\"https:\\\/\\\/xstyle.md\\\/wp-content\\\/uploads\\\/2021\\\/12\\\/zeiner-importa-lady-black.png\",\"width\":587,\"height\":755,\"caption\":\"\u041b\u0435\u0433\u043a\u0438\u0435 \u0436\u0435\u043d\u0441\u043a\u0438\u0435 \u043f\u0435\u0440\u0447\u0430\u0442\u043a\u0438 Ziener Importa \u0434\u043b\u044f \u0430\u043a\u0442\u0438\u0432\u043d\u043e\u0433\u043e \u043e\u0442\u0434\u044b\u0445\u0430, \u0442\u0443\u0440\u0438\u0437\u043c\u0430 \u0438 \u0441\u043a\u0430\u043b\u043e\u043b\u0430\u0437\u0430\u043d\u0438\u044f \u043d\u0430 \u0444\u043e\u043d\u0435 \u043f\u0440\u0438\u0440\u043e\u0434\u044b, \u043f\u043e\u0434\u0445\u043e\u0434\u044f\u0449\u0438\u0435 \u0434\u043b\u044f \u043f\u0443\u0442\u0435\u0448\u0435\u0441\u0442\u0432\u0438\u0439 \u0438 \u0437\u0430\u043d\u044f\u0442\u0438\u0439 \u0441\u043f\u043e\u0440\u0442\u043e\u043c \u043d\u0430 \u043e\u0442\u043a\u0440\u044b\u0442\u043e\u043c \u0432\u043e\u0437\u0434\u0443\u0445\u0435\"},{\"@type\":\"BreadcrumbList\",\"@id\":\"https:\\\/\\\/xstyle.md\\\/product\\\/perchatki-ziener-importa-lady-black\\\/#breadcrumb\",\"itemListElement\":[{\"@type\":\"ListItem\",\"position\":1,\"name\":\"\u0413\u043b\u0430\u0432\u043d\u0430\u044f \u0441\u0442\u0440\u0430\u043d\u0438\u0446\u0430\",\"item\":\"https:\\\/\\\/xstyle.md\\\/\"},{\"@type\":\"ListItem\",\"position\":2,\"name\":\"\u041c\u0430\u0433\u0430\u0437\u0438\u043d\",\"item\":\"https:\\\/\\\/xstyle.md\\\/shop\\\/\"},{\"@type\":\"ListItem\",\"position\":3,\"name\":\"\u041f\u0435\u0440\u0447\u0430\u0442\u043a\u0438 Ziener Importa Lady black\"}]},{\"@type\":\"WebSite\",\"@id\":\"https:\\\/\\\/xstyle.md\\\/#website\",\"url\":\"https:\\\/\\\/xstyle.md\\\/\",\"name\":\"\u041c\u0430\u0433\u0430\u0437\u0438\u043d Xstyle\",\"description\":\"C\u043d\u0430\u0440\u044f\u0436\u0435\u043d\u0438\u0435 \u0434\u043b\u044f \u0442\u0443\u0440\u0438\u0437\u043c\u0430 \u0438 \u044d\u043a\u0441\u0442\u0440\u0435\u043c\u0430\u043b\u044c\u043d\u044b\u0445 \u0432\u0438\u0434\u043e\u0432 \u0441\u043f\u043e\u0440\u0442\u0430 \u0432 \u041c\u043e\u043b\u0434\u043e\u0432\u0435.. \u0426\u0435\u043d\u044b, \u0444\u043e\u0442\u043e, \u0445\u0430\u0440\u0430\u043a\u0442\u0435\u0440\u0438\u0441\u0442\u0438\u043a\u0438 \u0432 \u041c\u043e\u043b\u0434\u043e\u0432\u0435.\",\"publisher\":{\"@id\":\"https:\\\/\\\/xstyle.md\\\/#organization\"},\"alternateName\":\"X-Style\",\"potentialAction\":[{\"@type\":\"SearchAction\",\"target\":{\"@type\":\"EntryPoint\",\"urlTemplate\":\"https:\\\/\\\/xstyle.md\\\/?s={search_term_string}\"},\"query-input\":{\"@type\":\"PropertyValueSpecification\",\"valueRequired\":true,\"valueName\":\"search_term_string\"}}],\"inLanguage\":\"ro-RO\"},{\"@type\":\"Organization\",\"@id\":\"https:\\\/\\\/xstyle.md\\\/#organization\",\"name\":\"\u041c\u0430\u0433\u0430\u0437\u0438\u043d Xstyle\",\"alternateName\":\"x-style\",\"url\":\"https:\\\/\\\/xstyle.md\\\/\",\"logo\":{\"@type\":\"ImageObject\",\"inLanguage\":\"ro-RO\",\"@id\":\"https:\\\/\\\/xstyle.md\\\/#\\\/schema\\\/logo\\\/image\\\/\",\"url\":\"https:\\\/\\\/xstyle.md\\\/wp-content\\\/uploads\\\/2020\\\/06\\\/logoicon.svg\",\"contentUrl\":\"https:\\\/\\\/xstyle.md\\\/wp-content\\\/uploads\\\/2020\\\/06\\\/logoicon.svg\",\"caption\":\"\u041c\u0430\u0433\u0430\u0437\u0438\u043d Xstyle\"},\"image\":{\"@id\":\"https:\\\/\\\/xstyle.md\\\/#\\\/schema\\\/logo\\\/image\\\/\"},\"sameAs\":[\"https:\\\/\\\/www.facebook.com\\\/xstylemd\",\"https:\\\/\\\/www.instagram.com\\\/xstyle_md\\\/\",\"https:\\\/\\\/t.me\\\/xstyle_outdoor\"],\"hasMerchantReturnPolicy\":{\"@type\":\"MerchantReturnPolicy\",\"merchantReturnLink\":\"https:\\\/\\\/xstyle.md\\\/ro\\\/conditions\\\/\"}}]}<\/script>\n<meta property=\"product:price:amount\" content=\"485.00\" \/>\n<meta property=\"product:price:currency\" content=\"MDL\" \/>\n<meta property=\"og:availability\" content=\"instock\" \/>\n<meta property=\"product:availability\" content=\"instock\" \/>\n<meta property=\"product:retailer_item_id\" content=\"4052928213006\" \/>\n<meta property=\"product:condition\" content=\"new\" \/>\n<!-- \/ Yoast SEO plugin. -->","yoast_head_json":{"title":"M\u0103nu\u0219i Ziener Importa Lady black - Magazin Xstyle","description":"Cump\u0103ra\u021bi m\u0103nu\u0219ile Ziener Importa Lady black cu tehnologia Softshell \u0219i Thermoshield. Ideale pentru vreme rece. Confort \u0219i protec\u021bie \u00eempotriva v\u00e2ntului!","robots":{"index":"index","follow":"follow","max-snippet":"max-snippet:-1","max-image-preview":"max-image-preview:large","max-video-preview":"max-video-preview:-1"},"canonical":"https:\/\/xstyle.md\/ro\/produs\/perchatki-ziener-importa-lady-black\/","og_locale":"ro_RO","og_type":"article","og_title":"\u041f\u0435\u0440\u0447\u0430\u0442\u043a\u0438 Ziener Importa Lady black - \u041c\u0430\u0433\u0430\u0437\u0438\u043d Xstyle","og_description":"\u041a\u0443\u043f\u0438\u0442\u0435 \u043f\u0435\u0440\u0447\u0430\u0442\u043a\u0438 Ziener Importa Lady black \u0441 \u0442\u0435\u0445\u043d\u043e\u043b\u043e\u0433\u0438\u0435\u0439 Softshell \u0438 Thermoshield. \u0418\u0434\u0435\u0430\u043b\u044c\u043d\u044b \u0434\u043b\u044f \u0445\u043e\u043b\u043e\u0434\u043d\u043e\u0439 \u043f\u043e\u0433\u043e\u0434\u044b. \u041a\u043e\u043c\u0444\u043e\u0440\u0442 \u0438 \u0437\u0430\u0449\u0438\u0442\u0430 \u043e\u0442 \u0432\u0435\u0442\u0440\u0430!","og_url":"https:\/\/xstyle.md\/ro\/produs\/perchatki-ziener-importa-lady-black\/","og_site_name":"\u041c\u0430\u0433\u0430\u0437\u0438\u043d Xstyle","article_publisher":"https:\/\/www.facebook.com\/xstylemd","article_modified_time":"2026-02-04T13:39:00+00:00","og_image":[{"width":587,"height":755,"url":"https:\/\/xstyle.md\/wp-content\/uploads\/2021\/12\/zeiner-importa-lady-black.png","type":"image\/png"}],"twitter_card":"summary_large_image","twitter_misc":{"Pre\u021b":"485&nbsp;MDL","Disponibilitate":"\u00cen stoc"},"schema":{"@context":"https:\/\/schema.org","@graph":[{"@type":"WebPage","@id":"https:\/\/xstyle.md\/product\/perchatki-ziener-importa-lady-black\/","url":"https:\/\/xstyle.md\/product\/perchatki-ziener-importa-lady-black\/","name":"M\u0103nu\u0219i Ziener Importa Lady black - Magazin Xstyle","isPartOf":{"@id":"https:\/\/xstyle.md\/#website"},"primaryImageOfPage":{"@id":"https:\/\/xstyle.md\/product\/perchatki-ziener-importa-lady-black\/#primaryimage"},"image":{"@id":"https:\/\/xstyle.md\/product\/perchatki-ziener-importa-lady-black\/#primaryimage"},"thumbnailUrl":"https:\/\/xstyle.md\/wp-content\/uploads\/2021\/12\/zeiner-importa-lady-black.png","datePublished":"2021-12-24T16:00:37+00:00","dateModified":"2026-02-04T13:39:00+00:00","description":"Cump\u0103ra\u021bi m\u0103nu\u0219ile Ziener Importa Lady black cu tehnologia Softshell \u0219i Thermoshield. Ideale pentru vreme rece. Confort \u0219i protec\u021bie \u00eempotriva v\u00e2ntului!","breadcrumb":{"@id":"https:\/\/xstyle.md\/product\/perchatki-ziener-importa-lady-black\/#breadcrumb"},"inLanguage":"ro-RO","potentialAction":[{"@type":"ReadAction","target":["https:\/\/xstyle.md\/product\/perchatki-ziener-importa-lady-black\/"]}]},{"@type":"ImageObject","inLanguage":"ro-RO","@id":"https:\/\/xstyle.md\/product\/perchatki-ziener-importa-lady-black\/#primaryimage","url":"https:\/\/xstyle.md\/wp-content\/uploads\/2021\/12\/zeiner-importa-lady-black.png","contentUrl":"https:\/\/xstyle.md\/wp-content\/uploads\/2021\/12\/zeiner-importa-lady-black.png","width":587,"height":755,"caption":"\u041b\u0435\u0433\u043a\u0438\u0435 \u0436\u0435\u043d\u0441\u043a\u0438\u0435 \u043f\u0435\u0440\u0447\u0430\u0442\u043a\u0438 Ziener Importa \u0434\u043b\u044f \u0430\u043a\u0442\u0438\u0432\u043d\u043e\u0433\u043e \u043e\u0442\u0434\u044b\u0445\u0430, \u0442\u0443\u0440\u0438\u0437\u043c\u0430 \u0438 \u0441\u043a\u0430\u043b\u043e\u043b\u0430\u0437\u0430\u043d\u0438\u044f \u043d\u0430 \u0444\u043e\u043d\u0435 \u043f\u0440\u0438\u0440\u043e\u0434\u044b, \u043f\u043e\u0434\u0445\u043e\u0434\u044f\u0449\u0438\u0435 \u0434\u043b\u044f \u043f\u0443\u0442\u0435\u0448\u0435\u0441\u0442\u0432\u0438\u0439 \u0438 \u0437\u0430\u043d\u044f\u0442\u0438\u0439 \u0441\u043f\u043e\u0440\u0442\u043e\u043c \u043d\u0430 \u043e\u0442\u043a\u0440\u044b\u0442\u043e\u043c \u0432\u043e\u0437\u0434\u0443\u0445\u0435"},{"@type":"BreadcrumbList","@id":"https:\/\/xstyle.md\/product\/perchatki-ziener-importa-lady-black\/#breadcrumb","itemListElement":[{"@type":"ListItem","position":1,"name":"\u0413\u043b\u0430\u0432\u043d\u0430\u044f \u0441\u0442\u0440\u0430\u043d\u0438\u0446\u0430","item":"https:\/\/xstyle.md\/"},{"@type":"ListItem","position":2,"name":"\u041c\u0430\u0433\u0430\u0437\u0438\u043d","item":"https:\/\/xstyle.md\/shop\/"},{"@type":"ListItem","position":3,"name":"\u041f\u0435\u0440\u0447\u0430\u0442\u043a\u0438 Ziener Importa Lady black"}]},{"@type":"WebSite","@id":"https:\/\/xstyle.md\/#website","url":"https:\/\/xstyle.md\/","name":"Magazinul X-Style","description":"Echipamente pentru turism \u0219i sporturi extreme \u00een Moldova. Pre\u021buri, fotografii, caracteristici \u00een Moldova.","publisher":{"@id":"https:\/\/xstyle.md\/#organization"},"alternateName":"X-Style","potentialAction":[{"@type":"SearchAction","target":{"@type":"EntryPoint","urlTemplate":"https:\/\/xstyle.md\/?s={search_term_string}"},"query-input":{"@type":"PropertyValueSpecification","valueRequired":true,"valueName":"search_term_string"}}],"inLanguage":"ro-RO"},{"@type":"Organization","@id":"https:\/\/xstyle.md\/#organization","name":"Magazinul X-Style","alternateName":"x-style","url":"https:\/\/xstyle.md\/","logo":{"@type":"ImageObject","inLanguage":"ro-RO","@id":"https:\/\/xstyle.md\/#\/schema\/logo\/image\/","url":"https:\/\/xstyle.md\/wp-content\/uploads\/2020\/06\/logoicon.svg","contentUrl":"https:\/\/xstyle.md\/wp-content\/uploads\/2020\/06\/logoicon.svg","caption":"\u041c\u0430\u0433\u0430\u0437\u0438\u043d Xstyle"},"image":{"@id":"https:\/\/xstyle.md\/#\/schema\/logo\/image\/"},"sameAs":["https:\/\/www.facebook.com\/xstylemd","https:\/\/www.instagram.com\/xstyle_md\/","https:\/\/t.me\/xstyle_outdoor"],"hasMerchantReturnPolicy":{"@type":"MerchantReturnPolicy","merchantReturnLink":"https:\/\/xstyle.md\/ro\/conditions\/"}}]},"product_price_amount":"485.00","product_price_currency":"MDL","og_availability":"instock","product_availability":"instock","product_retailer_item_id":"4052928213006","product_condition":"new"},"_links":{"self":[{"href":"https:\/\/xstyle.md\/ro\/wp-json\/wp\/v2\/product\/43591","targetHints":{"allow":["GET"]}}],"collection":[{"href":"https:\/\/xstyle.md\/ro\/wp-json\/wp\/v2\/product"}],"about":[{"href":"https:\/\/xstyle.md\/ro\/wp-json\/wp\/v2\/types\/product"}],"replies":[{"embeddable":true,"href":"https:\/\/xstyle.md\/ro\/wp-json\/wp\/v2\/comments?post=43591"}],"wp:featuredmedia":[{"embeddable":true,"href":"https:\/\/xstyle.md\/ro\/wp-json\/wp\/v2\/media\/44085"}],"wp:attachment":[{"href":"https:\/\/xstyle.md\/ro\/wp-json\/wp\/v2\/media?parent=43591"}],"wp:term":[{"taxonomy":"product_brand","embeddable":true,"href":"https:\/\/xstyle.md\/ro\/wp-json\/wp\/v2\/product_brand?post=43591"},{"taxonomy":"product_cat","embeddable":true,"href":"https:\/\/xstyle.md\/ro\/wp-json\/wp\/v2\/product_cat?post=43591"},{"taxonomy":"product_tag","embeddable":true,"href":"https:\/\/xstyle.md\/ro\/wp-json\/wp\/v2\/product_tag?post=43591"}],"curies":[{"name":"wp","href":"https:\/\/api.w.org\/{rel}","templated":true}]}}