{"id":43574,"date":"2021-12-24T19:00:35","date_gmt":"2021-12-24T16:00:35","guid":{"rendered":"https:\/\/xstyle.md\/?post_type=product&#038;p=43574"},"modified":"2026-04-07T15:05:52","modified_gmt":"2026-04-07T12:05:52","slug":"ankernyj-strop-singing-rock-steel-anchor-3m","status":"publish","type":"product","link":"https:\/\/xstyle.md\/ro\/produs\/ankernyj-strop-singing-rock-steel-anchor-3m\/","title":{"rendered":"Lonj\u0103 de ancorare Singing Rock Steel Anchor 3m"},"content":{"rendered":"<\/p>\n<p><strong>Singing Rock Steel Anchor 3m<\/strong> &#8212; pra\u0219tie din o\u021bel pentru ag\u0103\u021barea \u00een siguran\u021b\u0103 a fr\u00e2nghiei pe copaci, salv\u00e2nd scoar\u021ba. Datorit\u0103 inelelor de diferite diametre, poate fi u\u0219or ata\u0219at\u0103 de la sol la ramurile superioare ale unui copac. De asemenea, poate fi utilizat\u0103 \u00een alpinismul industrial atunci c\u00e2nd se lucreaz\u0103 pe grinzi.<\/p>\n<h3>Particularit\u0103\u021bi<\/h3>\n<ul>\n<li>Ambele capete sunt prelucrate cu un ochet fix<\/li>\n<li>Combina\u021bie de rezisten\u021b\u0103 \u0219i durabilitate foarte bun\u0103<\/li>\n<li>Ideal pentru t\u0103ierea copacilor sau sudarea la \u00een\u0103l\u021bime<\/li>\n<\/ul>\n<h3>Caracteristici<\/h3>\n<ul>\n<li>Lungime &#8212; 300 cm<\/li>\n<li>\u00cenc\u0103rcare &#8212; 15 kN<\/li>\n<li>Certificare &#8212; CE 1019, EN795B<\/li>\n<\/ul>\n<h3>Marca<\/h3>\n<p>SINGING ROCK este o companie ceh\u0103 implicat\u0103 \u00een produc\u021bia de echipamente de alpinism \u0219i escalad\u0103. A fost fondat\u0103 \u00een 1992 de c\u0103tre doi alpini\u0219ti cehi \u0219i un om de afaceri belgian. De la \u00eenceputurile sale \u0219i p\u00e2n\u0103 \u00een prezent, compania s-a concentrat pe utilizarea celor mai moderne progrese \u0219i evolu\u021bii \u00een produc\u021bie. SingingRock lucreaz\u0103 \u00een str\u00e2ns\u0103 leg\u0103tur\u0103 cu mul\u021bi alpini\u0219ti renumi\u021bi care testeaz\u0103 noile produse \u0219i ale c\u0103ror opinii sunt \u00eentotdeauna luate \u00een considerare \u00een timpul dezvolt\u0103rii.<\/p>\n<p>\u00cen prezent, SINGING ROCK este unul dintre liderii mondiali pe pia\u021ba echipamentelor profesionale pentru munca la \u00een\u0103l\u021bime, pentru armat\u0103 \u0219i pentru serviciile de urgen\u021b\u0103. Compania ofer\u0103 hamuri, fr\u00e2nghii, scripe\u021bi \u0219i carabiniere, dispozitive de rapel, dispozitive de siguran\u021b\u0103 pentru lucrul la \u00een\u0103l\u021bime, c\u00e2rlige de ancorare, fr\u00e2nghii de siguran\u021b\u0103 \u0219i alte echipamente necesare pentru acest tip de munc\u0103. Toate aceste produse sunt dezvoltate \u0219i fabricate \u00een Republica Ceh\u0103, \u00een Europa. Ele sunt certificate \u0219i respect\u0103 pe deplin standardele interna\u021bionale de securitate a muncii.<\/p>\n<p><\/p>","protected":false},"excerpt":{"rendered":"","protected":false},"featured_media":44263,"comment_status":"open","ping_status":"closed","template":"","meta":{"_acf_changed":false,"inline_featured_image":false},"product_brand":[1276],"product_cat":[136],"product_tag":[],"class_list":{"0":"post-43574","1":"product","2":"type-product","3":"status-publish","4":"has-post-thumbnail","6":"product_brand-singing-rock","7":"product_cat-self-insurance","9":"first","10":"instock","11":"shipping-taxable","12":"purchasable","13":"product-type-simple"},"acf":[],"yoast_head":"<!-- This site is optimized with the Yoast SEO plugin v27.4 - https:\/\/yoast.com\/product\/yoast-seo-wordpress\/ -->\n<title>\u0410\u043d\u043a\u0435\u0440\u043d\u044b\u0439 \u0441\u0442\u0440\u043e\u043f Singing Rock Steel Anchor 3m - \u041c\u0430\u0433\u0430\u0437\u0438\u043d Xstyle<\/title>\n<meta name=\"description\" content=\"\u041a\u0443\u043f\u0438\u0442\u0435 \u0430\u043d\u043a\u0435\u0440\u043d\u044b\u0439 \u0441\u0442\u0440\u043e\u043f Singing Rock Steel Anchor 3\u043c \u0434\u043b\u044f \u0431\u0435\u0437\u043e\u043f\u0430\u0441\u043d\u043e\u0433\u043e \u043a\u0440\u0435\u043f\u043b\u0435\u043d\u0438\u044f \u0432\u0435\u0440\u0435\u0432\u043a\u0438 \u043d\u0430 \u0434\u0435\u0440\u0435\u0432\u044c\u044f\u0445 \u0438 \u0432 \u0430\u043b\u044c\u043f\u0438\u043d\u0438\u0437\u043c\u0435. \u041d\u0430\u0434\u0435\u0436\u043d\u043e\u0441\u0442\u044c \u0438 \u043a\u0430\u0447\u0435\u0441\u0442\u0432\u043e \u043f\u0440\u043e\u0432\u0435\u0440\u0435\u043d\u044b!\" \/>\n<meta name=\"robots\" content=\"index, follow, max-snippet:-1, max-image-preview:large, max-video-preview:-1\" \/>\n<link rel=\"canonical\" href=\"https:\/\/xstyle.md\/ro\/produs\/ankernyj-strop-singing-rock-steel-anchor-3m\/\" \/>\n<meta property=\"og:locale\" content=\"ro_RO\" \/>\n<meta property=\"og:type\" content=\"article\" \/>\n<meta property=\"og:title\" content=\"\u0410\u043d\u043a\u0435\u0440\u043d\u044b\u0439 \u0441\u0442\u0440\u043e\u043f Singing Rock Steel Anchor 3m - \u041c\u0430\u0433\u0430\u0437\u0438\u043d Xstyle\" \/>\n<meta property=\"og:description\" content=\"\u041a\u0443\u043f\u0438\u0442\u0435 \u0430\u043d\u043a\u0435\u0440\u043d\u044b\u0439 \u0441\u0442\u0440\u043e\u043f Singing Rock Steel Anchor 3\u043c \u0434\u043b\u044f \u0431\u0435\u0437\u043e\u043f\u0430\u0441\u043d\u043e\u0433\u043e \u043a\u0440\u0435\u043f\u043b\u0435\u043d\u0438\u044f \u0432\u0435\u0440\u0435\u0432\u043a\u0438 \u043d\u0430 \u0434\u0435\u0440\u0435\u0432\u044c\u044f\u0445 \u0438 \u0432 \u0430\u043b\u044c\u043f\u0438\u043d\u0438\u0437\u043c\u0435. \u041d\u0430\u0434\u0435\u0436\u043d\u043e\u0441\u0442\u044c \u0438 \u043a\u0430\u0447\u0435\u0441\u0442\u0432\u043e \u043f\u0440\u043e\u0432\u0435\u0440\u0435\u043d\u044b!\" \/>\n<meta property=\"og:url\" content=\"https:\/\/xstyle.md\/ro\/produs\/ankernyj-strop-singing-rock-steel-anchor-3m\/\" \/>\n<meta property=\"og:site_name\" content=\"\u041c\u0430\u0433\u0430\u0437\u0438\u043d Xstyle\" \/>\n<meta property=\"article:publisher\" content=\"https:\/\/www.facebook.com\/xstylemd\" \/>\n<meta property=\"article:modified_time\" content=\"2026-04-07T12:05:52+00:00\" \/>\n<meta property=\"og:image\" content=\"https:\/\/xstyle.md\/wp-content\/uploads\/2021\/12\/singing-rock-steel-anchor-3m.jpg\" \/>\n\t<meta property=\"og:image:width\" content=\"1000\" \/>\n\t<meta property=\"og:image:height\" content=\"1000\" \/>\n\t<meta property=\"og:image:type\" content=\"image\/jpeg\" \/>\n<meta name=\"twitter:card\" content=\"summary_large_image\" \/>\n<meta name=\"twitter:label1\" content=\"Pre\u021b\" \/>\n\t<meta name=\"twitter:data1\" content=\"780&nbsp;MDL\" \/>\n\t<meta name=\"twitter:label2\" content=\"Disponibilitate\" \/>\n\t<meta name=\"twitter:data2\" content=\"\u00cen stoc\" \/>\n<script type=\"application\/ld+json\" class=\"yoast-schema-graph\">{\"@context\":\"https:\\\/\\\/schema.org\",\"@graph\":[{\"@type\":\"WebPage\",\"@id\":\"https:\\\/\\\/xstyle.md\\\/product\\\/ankernyj-strop-singing-rock-steel-anchor-3m\\\/\",\"url\":\"https:\\\/\\\/xstyle.md\\\/product\\\/ankernyj-strop-singing-rock-steel-anchor-3m\\\/\",\"name\":\"\u0410\u043d\u043a\u0435\u0440\u043d\u044b\u0439 \u0441\u0442\u0440\u043e\u043f Singing Rock Steel Anchor 3m - \u041c\u0430\u0433\u0430\u0437\u0438\u043d Xstyle\",\"isPartOf\":{\"@id\":\"https:\\\/\\\/xstyle.md\\\/#website\"},\"primaryImageOfPage\":{\"@id\":\"https:\\\/\\\/xstyle.md\\\/product\\\/ankernyj-strop-singing-rock-steel-anchor-3m\\\/#primaryimage\"},\"image\":{\"@id\":\"https:\\\/\\\/xstyle.md\\\/product\\\/ankernyj-strop-singing-rock-steel-anchor-3m\\\/#primaryimage\"},\"thumbnailUrl\":\"https:\\\/\\\/xstyle.md\\\/wp-content\\\/uploads\\\/2021\\\/12\\\/singing-rock-steel-anchor-3m.jpg\",\"datePublished\":\"2021-12-24T16:00:35+00:00\",\"dateModified\":\"2026-04-07T12:05:52+00:00\",\"description\":\"\u041a\u0443\u043f\u0438\u0442\u0435 \u0430\u043d\u043a\u0435\u0440\u043d\u044b\u0439 \u0441\u0442\u0440\u043e\u043f Singing Rock Steel Anchor 3\u043c \u0434\u043b\u044f \u0431\u0435\u0437\u043e\u043f\u0430\u0441\u043d\u043e\u0433\u043e \u043a\u0440\u0435\u043f\u043b\u0435\u043d\u0438\u044f \u0432\u0435\u0440\u0435\u0432\u043a\u0438 \u043d\u0430 \u0434\u0435\u0440\u0435\u0432\u044c\u044f\u0445 \u0438 \u0432 \u0430\u043b\u044c\u043f\u0438\u043d\u0438\u0437\u043c\u0435. \u041d\u0430\u0434\u0435\u0436\u043d\u043e\u0441\u0442\u044c \u0438 \u043a\u0430\u0447\u0435\u0441\u0442\u0432\u043e \u043f\u0440\u043e\u0432\u0435\u0440\u0435\u043d\u044b!\",\"breadcrumb\":{\"@id\":\"https:\\\/\\\/xstyle.md\\\/product\\\/ankernyj-strop-singing-rock-steel-anchor-3m\\\/#breadcrumb\"},\"inLanguage\":\"ro-RO\",\"potentialAction\":[{\"@type\":\"ReadAction\",\"target\":[\"https:\\\/\\\/xstyle.md\\\/product\\\/ankernyj-strop-singing-rock-steel-anchor-3m\\\/\"]}]},{\"@type\":\"ImageObject\",\"inLanguage\":\"ro-RO\",\"@id\":\"https:\\\/\\\/xstyle.md\\\/product\\\/ankernyj-strop-singing-rock-steel-anchor-3m\\\/#primaryimage\",\"url\":\"https:\\\/\\\/xstyle.md\\\/wp-content\\\/uploads\\\/2021\\\/12\\\/singing-rock-steel-anchor-3m.jpg\",\"contentUrl\":\"https:\\\/\\\/xstyle.md\\\/wp-content\\\/uploads\\\/2021\\\/12\\\/singing-rock-steel-anchor-3m.jpg\",\"width\":1000,\"height\":1000,\"caption\":\"\u0420\u044e\u043a\u0437\u0430\u043a \u0434\u043b\u044f \u0430\u043a\u0442\u0438\u0432\u043d\u043e\u0433\u043e \u043e\u0442\u0434\u044b\u0445\u0430, \u043f\u043e\u0445\u043e\u0434\u043e\u0432 \u0438 \u043f\u0443\u0442\u0435\u0448\u0435\u0441\u0442\u0432\u0438\u0439 \u0441\u043e \u0441\u0442\u0430\u043b\u044c\u043d\u044b\u043c \u0430\u043d\u043a\u0435\u0440\u043e\u043c Singing Rock 3\u043c \u0434\u043b\u044f \u0441\u043a\u0430\u043b\u043e\u043b\u0430\u0437\u0430\u043d\u0438\u044f \u0438 \u0430\u043b\u044c\u043f\u0438\u043d\u0438\u0437\u043c\u0430 \u043d\u0430 \u0441\u0430\u0439\u0442\u0435 \u0438\u043d\u0442\u0435\u0440\u043d\u0435\u0442-\u043c\u0430\u0433\u0430\u0437\u0438\u043d\u0430 \u0434\u043b\u044f \u0430\u043a\u0442\u0438\u0432\u043d\u044b\u0445 \u043f\u0443\u0442\u0435\u0448\u0435\u0441\u0442\u0432\u0435\u043d\u043d\u0438\u043a\u043e\u0432\"},{\"@type\":\"BreadcrumbList\",\"@id\":\"https:\\\/\\\/xstyle.md\\\/product\\\/ankernyj-strop-singing-rock-steel-anchor-3m\\\/#breadcrumb\",\"itemListElement\":[{\"@type\":\"ListItem\",\"position\":1,\"name\":\"\u0413\u043b\u0430\u0432\u043d\u0430\u044f \u0441\u0442\u0440\u0430\u043d\u0438\u0446\u0430\",\"item\":\"https:\\\/\\\/xstyle.md\\\/\"},{\"@type\":\"ListItem\",\"position\":2,\"name\":\"\u041c\u0430\u0433\u0430\u0437\u0438\u043d\",\"item\":\"https:\\\/\\\/xstyle.md\\\/shop\\\/\"},{\"@type\":\"ListItem\",\"position\":3,\"name\":\"\u0410\u043d\u043a\u0435\u0440\u043d\u044b\u0439 \u0441\u0442\u0440\u043e\u043f Singing Rock Steel Anchor 3m\"}]},{\"@type\":\"WebSite\",\"@id\":\"https:\\\/\\\/xstyle.md\\\/#website\",\"url\":\"https:\\\/\\\/xstyle.md\\\/\",\"name\":\"\u041c\u0430\u0433\u0430\u0437\u0438\u043d Xstyle\",\"description\":\"C\u043d\u0430\u0440\u044f\u0436\u0435\u043d\u0438\u0435 \u0434\u043b\u044f \u0442\u0443\u0440\u0438\u0437\u043c\u0430 \u0438 \u044d\u043a\u0441\u0442\u0440\u0435\u043c\u0430\u043b\u044c\u043d\u044b\u0445 \u0432\u0438\u0434\u043e\u0432 \u0441\u043f\u043e\u0440\u0442\u0430 \u0432 \u041c\u043e\u043b\u0434\u043e\u0432\u0435.. \u0426\u0435\u043d\u044b, \u0444\u043e\u0442\u043e, \u0445\u0430\u0440\u0430\u043a\u0442\u0435\u0440\u0438\u0441\u0442\u0438\u043a\u0438 \u0432 \u041c\u043e\u043b\u0434\u043e\u0432\u0435.\",\"publisher\":{\"@id\":\"https:\\\/\\\/xstyle.md\\\/#organization\"},\"alternateName\":\"X-Style\",\"potentialAction\":[{\"@type\":\"SearchAction\",\"target\":{\"@type\":\"EntryPoint\",\"urlTemplate\":\"https:\\\/\\\/xstyle.md\\\/?s={search_term_string}\"},\"query-input\":{\"@type\":\"PropertyValueSpecification\",\"valueRequired\":true,\"valueName\":\"search_term_string\"}}],\"inLanguage\":\"ro-RO\"},{\"@type\":\"Organization\",\"@id\":\"https:\\\/\\\/xstyle.md\\\/#organization\",\"name\":\"\u041c\u0430\u0433\u0430\u0437\u0438\u043d Xstyle\",\"alternateName\":\"x-style\",\"url\":\"https:\\\/\\\/xstyle.md\\\/\",\"logo\":{\"@type\":\"ImageObject\",\"inLanguage\":\"ro-RO\",\"@id\":\"https:\\\/\\\/xstyle.md\\\/#\\\/schema\\\/logo\\\/image\\\/\",\"url\":\"https:\\\/\\\/xstyle.md\\\/wp-content\\\/uploads\\\/2020\\\/06\\\/logoicon.svg\",\"contentUrl\":\"https:\\\/\\\/xstyle.md\\\/wp-content\\\/uploads\\\/2020\\\/06\\\/logoicon.svg\",\"caption\":\"\u041c\u0430\u0433\u0430\u0437\u0438\u043d Xstyle\"},\"image\":{\"@id\":\"https:\\\/\\\/xstyle.md\\\/#\\\/schema\\\/logo\\\/image\\\/\"},\"sameAs\":[\"https:\\\/\\\/www.facebook.com\\\/xstylemd\",\"https:\\\/\\\/www.instagram.com\\\/xstyle_md\\\/\",\"https:\\\/\\\/t.me\\\/xstyle_outdoor\"],\"hasMerchantReturnPolicy\":{\"@type\":\"MerchantReturnPolicy\",\"merchantReturnLink\":\"https:\\\/\\\/xstyle.md\\\/ro\\\/conditions\\\/\"}}]}<\/script>\n<meta property=\"product:price:amount\" content=\"780.00\" \/>\n<meta property=\"product:price:currency\" content=\"MDL\" \/>\n<meta property=\"og:availability\" content=\"instock\" \/>\n<meta property=\"product:availability\" content=\"instock\" \/>\n<meta property=\"product:retailer_item_id\" content=\"8595033347595\" \/>\n<meta property=\"product:condition\" content=\"new\" \/>\n<!-- \/ Yoast SEO plugin. -->","yoast_head_json":{"title":"Lonj\u0103 de ancorare Singing Rock Steel Anchor 3m - Magazin Xstyle","description":"Cump\u0103ra\u021bi o curea de ancorare Singing Rock Steel Anchor de 3m pentru fixarea sigur\u0103 a fr\u00e2nghiei pe copaci \u0219i \u00een alpinism. Fiabilitatea \u0219i calitatea sunt verificate!","robots":{"index":"index","follow":"follow","max-snippet":"max-snippet:-1","max-image-preview":"max-image-preview:large","max-video-preview":"max-video-preview:-1"},"canonical":"https:\/\/xstyle.md\/ro\/produs\/ankernyj-strop-singing-rock-steel-anchor-3m\/","og_locale":"ro_RO","og_type":"article","og_title":"\u0410\u043d\u043a\u0435\u0440\u043d\u044b\u0439 \u0441\u0442\u0440\u043e\u043f Singing Rock Steel Anchor 3m - \u041c\u0430\u0433\u0430\u0437\u0438\u043d Xstyle","og_description":"\u041a\u0443\u043f\u0438\u0442\u0435 \u0430\u043d\u043a\u0435\u0440\u043d\u044b\u0439 \u0441\u0442\u0440\u043e\u043f Singing Rock Steel Anchor 3\u043c \u0434\u043b\u044f \u0431\u0435\u0437\u043e\u043f\u0430\u0441\u043d\u043e\u0433\u043e \u043a\u0440\u0435\u043f\u043b\u0435\u043d\u0438\u044f \u0432\u0435\u0440\u0435\u0432\u043a\u0438 \u043d\u0430 \u0434\u0435\u0440\u0435\u0432\u044c\u044f\u0445 \u0438 \u0432 \u0430\u043b\u044c\u043f\u0438\u043d\u0438\u0437\u043c\u0435. \u041d\u0430\u0434\u0435\u0436\u043d\u043e\u0441\u0442\u044c \u0438 \u043a\u0430\u0447\u0435\u0441\u0442\u0432\u043e \u043f\u0440\u043e\u0432\u0435\u0440\u0435\u043d\u044b!","og_url":"https:\/\/xstyle.md\/ro\/produs\/ankernyj-strop-singing-rock-steel-anchor-3m\/","og_site_name":"\u041c\u0430\u0433\u0430\u0437\u0438\u043d Xstyle","article_publisher":"https:\/\/www.facebook.com\/xstylemd","article_modified_time":"2026-04-07T12:05:52+00:00","og_image":[{"width":1000,"height":1000,"url":"https:\/\/xstyle.md\/wp-content\/uploads\/2021\/12\/singing-rock-steel-anchor-3m.jpg","type":"image\/jpeg"}],"twitter_card":"summary_large_image","twitter_misc":{"Pre\u021b":"780&nbsp;MDL","Disponibilitate":"\u00cen stoc"},"schema":{"@context":"https:\/\/schema.org","@graph":[{"@type":"WebPage","@id":"https:\/\/xstyle.md\/product\/ankernyj-strop-singing-rock-steel-anchor-3m\/","url":"https:\/\/xstyle.md\/product\/ankernyj-strop-singing-rock-steel-anchor-3m\/","name":"Lonj\u0103 de ancorare Singing Rock Steel Anchor 3m - Magazin Xstyle","isPartOf":{"@id":"https:\/\/xstyle.md\/#website"},"primaryImageOfPage":{"@id":"https:\/\/xstyle.md\/product\/ankernyj-strop-singing-rock-steel-anchor-3m\/#primaryimage"},"image":{"@id":"https:\/\/xstyle.md\/product\/ankernyj-strop-singing-rock-steel-anchor-3m\/#primaryimage"},"thumbnailUrl":"https:\/\/xstyle.md\/wp-content\/uploads\/2021\/12\/singing-rock-steel-anchor-3m.jpg","datePublished":"2021-12-24T16:00:35+00:00","dateModified":"2026-04-07T12:05:52+00:00","description":"Cump\u0103ra\u021bi o curea de ancorare Singing Rock Steel Anchor de 3m pentru fixarea sigur\u0103 a fr\u00e2nghiei pe copaci \u0219i \u00een alpinism. Fiabilitatea \u0219i calitatea sunt verificate!","breadcrumb":{"@id":"https:\/\/xstyle.md\/product\/ankernyj-strop-singing-rock-steel-anchor-3m\/#breadcrumb"},"inLanguage":"ro-RO","potentialAction":[{"@type":"ReadAction","target":["https:\/\/xstyle.md\/product\/ankernyj-strop-singing-rock-steel-anchor-3m\/"]}]},{"@type":"ImageObject","inLanguage":"ro-RO","@id":"https:\/\/xstyle.md\/product\/ankernyj-strop-singing-rock-steel-anchor-3m\/#primaryimage","url":"https:\/\/xstyle.md\/wp-content\/uploads\/2021\/12\/singing-rock-steel-anchor-3m.jpg","contentUrl":"https:\/\/xstyle.md\/wp-content\/uploads\/2021\/12\/singing-rock-steel-anchor-3m.jpg","width":1000,"height":1000,"caption":"\u0420\u044e\u043a\u0437\u0430\u043a \u0434\u043b\u044f \u0430\u043a\u0442\u0438\u0432\u043d\u043e\u0433\u043e \u043e\u0442\u0434\u044b\u0445\u0430, \u043f\u043e\u0445\u043e\u0434\u043e\u0432 \u0438 \u043f\u0443\u0442\u0435\u0448\u0435\u0441\u0442\u0432\u0438\u0439 \u0441\u043e \u0441\u0442\u0430\u043b\u044c\u043d\u044b\u043c \u0430\u043d\u043a\u0435\u0440\u043e\u043c Singing Rock 3\u043c \u0434\u043b\u044f \u0441\u043a\u0430\u043b\u043e\u043b\u0430\u0437\u0430\u043d\u0438\u044f \u0438 \u0430\u043b\u044c\u043f\u0438\u043d\u0438\u0437\u043c\u0430 \u043d\u0430 \u0441\u0430\u0439\u0442\u0435 \u0438\u043d\u0442\u0435\u0440\u043d\u0435\u0442-\u043c\u0430\u0433\u0430\u0437\u0438\u043d\u0430 \u0434\u043b\u044f \u0430\u043a\u0442\u0438\u0432\u043d\u044b\u0445 \u043f\u0443\u0442\u0435\u0448\u0435\u0441\u0442\u0432\u0435\u043d\u043d\u0438\u043a\u043e\u0432"},{"@type":"BreadcrumbList","@id":"https:\/\/xstyle.md\/product\/ankernyj-strop-singing-rock-steel-anchor-3m\/#breadcrumb","itemListElement":[{"@type":"ListItem","position":1,"name":"\u0413\u043b\u0430\u0432\u043d\u0430\u044f \u0441\u0442\u0440\u0430\u043d\u0438\u0446\u0430","item":"https:\/\/xstyle.md\/"},{"@type":"ListItem","position":2,"name":"\u041c\u0430\u0433\u0430\u0437\u0438\u043d","item":"https:\/\/xstyle.md\/shop\/"},{"@type":"ListItem","position":3,"name":"\u0410\u043d\u043a\u0435\u0440\u043d\u044b\u0439 \u0441\u0442\u0440\u043e\u043f Singing Rock Steel Anchor 3m"}]},{"@type":"WebSite","@id":"https:\/\/xstyle.md\/#website","url":"https:\/\/xstyle.md\/","name":"Magazinul X-Style","description":"Echipamente pentru turism \u0219i sporturi extreme \u00een Moldova. Pre\u021buri, fotografii, caracteristici \u00een Moldova.","publisher":{"@id":"https:\/\/xstyle.md\/#organization"},"alternateName":"X-Style","potentialAction":[{"@type":"SearchAction","target":{"@type":"EntryPoint","urlTemplate":"https:\/\/xstyle.md\/?s={search_term_string}"},"query-input":{"@type":"PropertyValueSpecification","valueRequired":true,"valueName":"search_term_string"}}],"inLanguage":"ro-RO"},{"@type":"Organization","@id":"https:\/\/xstyle.md\/#organization","name":"Magazinul X-Style","alternateName":"x-style","url":"https:\/\/xstyle.md\/","logo":{"@type":"ImageObject","inLanguage":"ro-RO","@id":"https:\/\/xstyle.md\/#\/schema\/logo\/image\/","url":"https:\/\/xstyle.md\/wp-content\/uploads\/2020\/06\/logoicon.svg","contentUrl":"https:\/\/xstyle.md\/wp-content\/uploads\/2020\/06\/logoicon.svg","caption":"\u041c\u0430\u0433\u0430\u0437\u0438\u043d Xstyle"},"image":{"@id":"https:\/\/xstyle.md\/#\/schema\/logo\/image\/"},"sameAs":["https:\/\/www.facebook.com\/xstylemd","https:\/\/www.instagram.com\/xstyle_md\/","https:\/\/t.me\/xstyle_outdoor"],"hasMerchantReturnPolicy":{"@type":"MerchantReturnPolicy","merchantReturnLink":"https:\/\/xstyle.md\/ro\/conditions\/"}}]},"product_price_amount":"780.00","product_price_currency":"MDL","og_availability":"instock","product_availability":"instock","product_retailer_item_id":"8595033347595","product_condition":"new"},"_links":{"self":[{"href":"https:\/\/xstyle.md\/ro\/wp-json\/wp\/v2\/product\/43574","targetHints":{"allow":["GET"]}}],"collection":[{"href":"https:\/\/xstyle.md\/ro\/wp-json\/wp\/v2\/product"}],"about":[{"href":"https:\/\/xstyle.md\/ro\/wp-json\/wp\/v2\/types\/product"}],"replies":[{"embeddable":true,"href":"https:\/\/xstyle.md\/ro\/wp-json\/wp\/v2\/comments?post=43574"}],"wp:featuredmedia":[{"embeddable":true,"href":"https:\/\/xstyle.md\/ro\/wp-json\/wp\/v2\/media\/44263"}],"wp:attachment":[{"href":"https:\/\/xstyle.md\/ro\/wp-json\/wp\/v2\/media?parent=43574"}],"wp:term":[{"taxonomy":"product_brand","embeddable":true,"href":"https:\/\/xstyle.md\/ro\/wp-json\/wp\/v2\/product_brand?post=43574"},{"taxonomy":"product_cat","embeddable":true,"href":"https:\/\/xstyle.md\/ro\/wp-json\/wp\/v2\/product_cat?post=43574"},{"taxonomy":"product_tag","embeddable":true,"href":"https:\/\/xstyle.md\/ro\/wp-json\/wp\/v2\/product_tag?post=43574"}],"curies":[{"name":"wp","href":"https:\/\/api.w.org\/{rel}","templated":true}]}}