{"id":43568,"date":"2021-12-24T19:00:34","date_gmt":"2021-12-24T16:00:34","guid":{"rendered":"https:\/\/xstyle.md\/?post_type=product&#038;p=43568"},"modified":"2026-03-19T16:47:17","modified_gmt":"2026-03-19T13:47:17","slug":"lavinnyj-nabor-pieps-powder-sport","status":"publish","type":"product","link":"https:\/\/xstyle.md\/ro\/produs\/lavinnyj-nabor-pieps-powder-sport\/","title":{"rendered":"Set de avalan\u0219\u0103 Pieps Powder Sport"},"content":{"rendered":"<\/p>\n<p><strong>Pieps Powder Sport<\/strong> &#8212; set de echipament de avalan\u0219\u0103 format din beeper, palpator \u0219i lopat\u0103. Kitul esen\u021bial pentru c\u0103utarea victimelor avalan\u0219elor. Bipperul de \u00eenalt\u0103 performan\u021b\u0103 Pieps Powder BT are conectivitate Pieps APP \u0219i este conceput pentru a face g\u0103sirea victimelor avalan\u0219elor rapid\u0103 \u0219i u\u0219oar\u0103. Tehnologia DSP proceseaz\u0103 semnalul folosind un procesor digital de semnal, care, combinat cu sistemul de anten\u0103, face c\u0103utarea mult mai u\u0219oar\u0103, \u00een special \u00een cazurile \u00een care sunt afectate mai multe persoane. Autotestarea complet\u0103 cre\u0219te fiabilitatea opera\u021bional\u0103, senzorul revizuie\u0219te to\u021bi parametrii relevan\u021bi \u0219i elementele programului \u0219i afi\u0219eaz\u0103 versiunea curent\u0103 a software-ului.<\/p>\n<h3>Setul include<\/h3>\n<p>Beeper<\/p>\n<p>&#8212; este un senzor de avalan\u0219\u0103 de \u00eenalt\u0103 performan\u021b\u0103 cu conectivitate PIEPS APP. Senzorul este conceput pentru a localiza u\u0219or \u0219i rapid victimele avalan\u0219elor. Datorit\u0103 tehnologiei DSP (procesarea semnalului cu procesor digital de semnal) \u0219i a sistemului de antene, senzorul faciliteaz\u0103 mult c\u0103utarea, \u00een special \u00een cazul victimelor multiple.<br \/>\nPosibilitatea de a verifica \u0219i actualiza software-ul.<br \/>\nAutodiagnosticare complet\u0103: prezentare general\u0103 a tuturor parametrilor \u0219i elementelor de program relevante \u0219i afi\u0219area versiunii actuale a software-ului.<br \/>\nAfi\u0219ajul este perfect lizibil \u00een toate condi\u021biile de iluminare.<\/p>\n<p>Comutare automat\u0103 a antenei. Dac\u0103 antena de emisie func\u021bioneaz\u0103 defectuos din cauza interferen\u021belor cauzate de alte dispozitive electronice sau obiecte metalice, aceasta comut\u0103 automat pe o alt\u0103 anten\u0103.<br \/>\nAuto-Search-To-Send. Aceast\u0103 func\u021bie comut\u0103 automat Pieps Powder BT de la modul de c\u0103utare la modul de transmisie dac\u0103 baliza nu se mi\u0219c\u0103 pentru o anumit\u0103 perioad\u0103 de timp.<\/p>\n<p>Pieps Powder BT poate fi oprit temporar utiliz\u00e2nd smart-iPROBE. Dispozitivul receptor va primi automat urm\u0103torul semnal cel mai puternic.<br \/>\nVerificarea grupului. Senzorul verific\u0103 activitatea \u0219i parametrii de transmisie ai dispozitivului partener. PIEPS recomand\u0103 efectuarea unei verific\u0103ri de grup \u00eenainte de fiecare ie\u0219ire.<br \/>\nSenzorul este suficient de compact \u0219i u\u0219or pentru a fi transportat confortabil \u00eentr-o hus\u0103 special\u0103 din neopren cu o curea de um\u0103r c\u0103ptu\u0219it\u0103. Quick-Pull-System pentru acces rapid la dispozitiv.<\/p>\n<h3>Particularit\u0103\u021bi<\/h3>\n<ul>\n<li>PIEPS Powder BT este un senzor compact, cu raz\u0103 larg\u0103 de ac\u021biune, cu operare intuitiv\u0103. Sistemul Auto-Antenna-Switch monitorizeaz\u0103 senzorii \u00een mod constant, trec\u00e2nd la un semnal mai puternic, ceea ce m\u0103re\u0219te raza de ac\u021biune \u0219i accelereaz\u0103 c\u0103utarea.<\/li>\n<li>Este acceptat controlul Bluetooth prin intermediul unei aplica\u021bii dedicate.<\/li>\n<li>Vibra\u021bie la detectarea semnalului ini\u021bial.<\/li>\n<li>Influen\u021ba interferen\u021belor externe este eliminat\u0103 sau minimizat\u0103: Protec\u021bie \u00een modul de trimitere cu comutare automat\u0103 a antenei &#8212; dac\u0103 antena de emisie este afectat\u0103 de interferen\u021be externe, cealalt\u0103 anten\u0103 preia func\u021bia de emisie.<\/li>\n<li>Protec\u021bie \u00een modul c\u0103utare cu verificarea semnalului: este afi\u0219at numai semnalul verificat de 457 kHz.<\/li>\n<li>Auto-Antenna-Switch &#8212; comut\u0103 antena de emisie la cealalt\u0103 anten\u0103 \u00een caz de defec\u021biune sau interferen\u021be metalice<\/li>\n<li>Auto-Search-To-Send &#8212; comut\u0103 senzorul de avalan\u0219\u0103 de la modul de c\u0103utare la modul de transmisie dac\u0103 nu exist\u0103 nicio mi\u0219care pentru o anumit\u0103 perioad\u0103 de timp<\/li>\n<li>Func\u021bia SCAN v\u0103 va oferi o imagine de ansamblu a tuturor dispozitivelor ascunse \u00een raza detectabil\u0103.<\/li>\n<li>Quick-Pull-System pentru acces rapid la dispozitiv.<\/li>\n<\/ul>\n<h3>Caracteristici<\/h3>\n<ul>\n<li>Dimensiuni &#8212; 118 x 76 x 29 mm<\/li>\n<li>Alimentare &#8212; 3 baterii (AAA)<\/li>\n<li>Durata de via\u021b\u0103 a bateriei &#8212; 300 ore<\/li>\n<li>Frecven\u021b\u0103 de recep\u021bie &#8212; 457 kHz<\/li>\n<li>Frecven\u021b\u0103 de emisie &#8212; 457 kHz, EN300718<\/li>\n<li>Zona maxim\u0103 de recep\u021bie &#8212; 60 m<\/li>\n<li>L\u0103\u021bimea zonei de c\u0103utare &#8212; 60 metri<\/li>\n<li>Interval de temperatur\u0103 &#8212; -20\u00b0C p\u00e2n\u0103 la + 45\u00b0C<\/li>\n<\/ul>\n<h3>Sond\u0103 avalan\u0219\u0103 Pieps Probe Alu 260 Sport<\/h3>\n<p>&#8212; stylus din aluminiu compact, u\u0219or \u0219i u\u0219or de utilizat, cu un sistem de blocare sigur. Sonda de avalan\u0219\u0103 este utilizat\u0103 pentru a confirma localizarea unei \u021binte sub z\u0103pad\u0103. Se monteaz\u0103 \u0219i se demonteaz\u0103 rapid datorit\u0103 Speed-Cone-System, cordonului intern elastic \u0219i rezistent \u0219i conurilor speciale de la capetele tuburilor pentru asamblare rapid\u0103, fixate \u00een siguran\u021b\u0103 cu o \u00eencuietoare special\u0103. Atunci c\u00e2nd este pliat, stylus-ul este fixat compact cu o \u00eencuietoare special\u0103. Stiloul este asamblat din \u0219ase tuburi de aluminiu cu diametrul de 12,5 mm. Marcaje \u00een trepte de un centimetru pentru o m\u0103surare mai precis\u0103 a ad\u00e2ncimii victimei. Marcaje galben str\u0103lucitor p\u00e2n\u0103 la 40 cm \u0219i la marcajul de 100 cm.<\/p>\n<h3>Particularit\u0103\u021bi<\/h3>\n<ul>\n<li>\u00cenchidere special\u0103 pentru asamblarea rapid\u0103 \u0219i u\u0219oar\u0103 a stylusului<\/li>\n<li>\u00cenveli\u0219 special pentru o prindere confortabil\u0103 chiar \u0219i cu m\u0103nu\u0219i de iarn\u0103<\/li>\n<li>Marcaje \u00een trepte de un centimetru pentru m\u0103surarea ad\u00e2ncimii \u021bint\u0103<\/li>\n<li>Design pliabil \u0219i curea Velcro integrat\u0103 pentru economie de spa\u021biu \u0219i depozitare \u0219i transport u\u0219oare<\/li>\n<li>Conuri speciale la capetele tuburilor pentru asamblare rapid\u0103<\/li>\n<li>6 tuburi de culori diferite fabricate din aliaj special de aluminiu (diametru 12,5 mm)<\/li>\n<li>Geant\u0103 de transport la \u00eendem\u00e2n\u0103 inclus\u0103<\/li>\n<\/ul>\n<h3>Caracteristici<\/h3>\n<ul>\n<li>Material &#8212; aluminiu<\/li>\n<li>Lungime pliat\u0103 &#8212; 42 cm<\/li>\n<li>Lungime \u00een stare de func\u021bionare &#8212; 260 cm<\/li>\n<li>Greutate &#8212; 295 g<\/li>\n<\/ul>\n<h3>Lopata de avalan\u0219\u0103 Shovel T 640 Telescopic<\/h3>\n<p>&#8212; cu m\u00e2ner telescopic \u00een form\u0103 de T. Lopat\u0103 simpl\u0103, robust\u0103 \u0219i u\u0219oar\u0103. M\u00e2nerul \u00een form\u0103 de T cu profil oval, care previne r\u0103sucirea \u00een timpul lucrului, este u\u0219or de conectat la lopat\u0103 \u0219i are un strat antiderapant. Lopata este echipat\u0103 cu g\u0103uri pentru construirea de \u00eentinz\u0103toare, t\u0103lpi antiderapante \u0219i o margine ascu\u021bit\u0103 pentru lucrul u\u0219or \u00een z\u0103pad\u0103 tare. Lopata este compact\u0103 atunci c\u00e2nd este pliat\u0103.<\/p>\n<h3>Particularit\u0103\u021bi<\/h3>\n<ul>\n<li>Form\u0103 ergonomic\u0103<\/li>\n<li>M\u00e2ner telescopic<\/li>\n<li>Blocare rapid\u0103 f\u0103r\u0103 butoane suplimentare care conecteaz\u0103 m\u00e2nerul la lopat\u0103<\/li>\n<li>Margini ascu\u021bite pentru o mai bun\u0103 m\u0103run\u021bire a z\u0103pezii<\/li>\n<li>Profil oval al m\u00e2nerului<\/li>\n<li>Acoperire antiderapant\u0103 pe suporturile pentru picioare pentru o mai bun\u0103 aderen\u021b\u0103<\/li>\n<li>Deschideri pentru construirea unei targ\u0103<\/li>\n<li>Nervur\u0103 puternic\u0103 de rigidizare \u00een centru.<\/li>\n<\/ul>\n<h3>Caracteristici<\/h3>\n<ul>\n<li>\u00cencuietoare &#8212; Sistem de blocare rapid\u0103<\/li>\n<li>M\u00e2ner &#8212; T-Hangle<\/li>\n<li>Lungimea m\u00e2nerului &#8212; 72 cm<\/li>\n<li>Dimensiuni g\u0103leat\u0103 lopat\u0103 &#8212; 28 x 22 x 4 cm<\/li>\n<li>Greutatea m\u00e2nerului &#8212; 345 g<\/li>\n<li>Greutatea lingurii &#8212; 295 g<\/li>\n<li>Greutate &#8212; 640 g<\/li>\n<\/ul>\n<h3>Marca<\/h3>\n<p>Pieps este un produc\u0103tor austriac de echipamente profesionale de avalan\u0219\u0103 care exist\u0103 de peste 40 de ani. Scopul companiei este de a crea condi\u021bii de confort \u0219i protec\u021bie \u00een timpul alpinismului sau al drume\u021biilor de iarn\u0103, oferind clientului tot echipamentul necesar &#8212; de la manometre \u0219i palpatoare la rucsacuri.<\/p>\n<p>Produsele Pieps sunt recunoscute la nivel mondial pentru calit\u0103\u021bile lor excep\u021bionale \u0219i fiabilitatea lor. Datorit\u0103 anilor de experien\u021b\u0103 \u0219i a utiliz\u0103rii ideilor inovatoare \u00een crearea echipamentelor, acestea au f\u0103cut ca produsele s\u0103 fie solicitate at\u00e2t de alpini\u0219tii amatori, c\u00e2t \u0219i de profesioni\u0219ti. Echipamentul este fabricat \u00een Austria \u0219i \u00eendepline\u0219te toate standardele interna\u021bionale \u00een materie de siguran\u021b\u0103 la avalan\u0219\u0103.<\/p>\n<p><\/p>","protected":false},"excerpt":{"rendered":"","protected":false},"featured_media":44275,"comment_status":"open","ping_status":"closed","template":"","meta":{"_acf_changed":false,"inline_featured_image":false},"product_brand":[1388],"product_cat":[549],"product_tag":[],"class_list":{"0":"post-43568","1":"product","2":"type-product","3":"status-publish","4":"has-post-thumbnail","6":"product_brand-pieps","7":"product_cat-echipament-de-avalansa","9":"first","10":"instock","11":"shipping-taxable","12":"purchasable","13":"product-type-simple"},"acf":[],"yoast_head":"<!-- This site is optimized with the Yoast SEO plugin v27.2 - https:\/\/yoast.com\/product\/yoast-seo-wordpress\/ -->\n<title>\u041b\u0430\u0432\u0438\u043d\u043d\u044b\u0439 \u043d\u0430\u0431\u043e\u0440 Pieps Powder Sport - \u041c\u0430\u0433\u0430\u0437\u0438\u043d Xstyle<\/title>\n<meta name=\"description\" content=\"\u041b\u0430\u0432\u0438\u043d\u043d\u044b\u0439 \u043d\u0430\u0431\u043e\u0440 Pieps Powder Sport: \u043d\u0430\u0434\u0435\u0436\u043d\u044b\u0435 \u0442\u0435\u0445\u043d\u043e\u043b\u043e\u0433\u0438\u0438 \u0434\u043b\u044f \u0431\u0435\u0437\u043e\u043f\u0430\u0441\u043d\u043e\u0433\u043e \u043a\u0430\u0442\u0430\u043d\u0438\u044f. \u0412\u043a\u043b\u044e\u0447\u0430\u0435\u0442 Bluetooth, AutoAntennaSwitch \u0438 QuickPullSystem \u0434\u043b\u044f \u043b\u0435\u0433\u043a\u043e\u0441\u0442\u0438 \u0432 \u0438\u0441\u043f\u043e\u043b\u044c\u0437\u043e\u0432\u0430\u043d\u0438\u0438.\" \/>\n<meta name=\"robots\" content=\"index, follow, max-snippet:-1, max-image-preview:large, max-video-preview:-1\" \/>\n<link rel=\"canonical\" href=\"https:\/\/xstyle.md\/ro\/produs\/lavinnyj-nabor-pieps-powder-sport\/\" \/>\n<meta property=\"og:locale\" content=\"ro_RO\" \/>\n<meta property=\"og:type\" content=\"article\" \/>\n<meta property=\"og:title\" content=\"\u041b\u0430\u0432\u0438\u043d\u043d\u044b\u0439 \u043d\u0430\u0431\u043e\u0440 Pieps Powder Sport - \u041c\u0430\u0433\u0430\u0437\u0438\u043d Xstyle\" \/>\n<meta property=\"og:description\" content=\"\u041b\u0430\u0432\u0438\u043d\u043d\u044b\u0439 \u043d\u0430\u0431\u043e\u0440 Pieps Powder Sport: \u043d\u0430\u0434\u0435\u0436\u043d\u044b\u0435 \u0442\u0435\u0445\u043d\u043e\u043b\u043e\u0433\u0438\u0438 \u0434\u043b\u044f \u0431\u0435\u0437\u043e\u043f\u0430\u0441\u043d\u043e\u0433\u043e \u043a\u0430\u0442\u0430\u043d\u0438\u044f. \u0412\u043a\u043b\u044e\u0447\u0430\u0435\u0442 Bluetooth, AutoAntennaSwitch \u0438 QuickPullSystem \u0434\u043b\u044f \u043b\u0435\u0433\u043a\u043e\u0441\u0442\u0438 \u0432 \u0438\u0441\u043f\u043e\u043b\u044c\u0437\u043e\u0432\u0430\u043d\u0438\u0438.\" \/>\n<meta property=\"og:url\" content=\"https:\/\/xstyle.md\/ro\/produs\/lavinnyj-nabor-pieps-powder-sport\/\" \/>\n<meta property=\"og:site_name\" content=\"\u041c\u0430\u0433\u0430\u0437\u0438\u043d Xstyle\" \/>\n<meta property=\"article:publisher\" content=\"https:\/\/www.facebook.com\/xstylemd\" \/>\n<meta property=\"article:modified_time\" content=\"2026-03-19T13:47:17+00:00\" \/>\n<meta property=\"og:image\" content=\"https:\/\/xstyle.md\/wp-content\/uploads\/2021\/12\/pieps-powder-sport.jpg\" \/>\n\t<meta property=\"og:image:width\" content=\"1280\" \/>\n\t<meta property=\"og:image:height\" content=\"1280\" \/>\n\t<meta property=\"og:image:type\" content=\"image\/jpeg\" \/>\n<meta name=\"twitter:card\" content=\"summary_large_image\" \/>\n<meta name=\"twitter:label1\" content=\"Pre\u021b\" \/>\n\t<meta name=\"twitter:data1\" content=\"7.990&nbsp;MDL\" \/>\n\t<meta name=\"twitter:label2\" content=\"Disponibilitate\" \/>\n\t<meta name=\"twitter:data2\" content=\"\u00cen stoc\" \/>\n<script type=\"application\/ld+json\" class=\"yoast-schema-graph\">{\"@context\":\"https:\/\/schema.org\",\"@graph\":[{\"@type\":\"WebPage\",\"@id\":\"https:\/\/xstyle.md\/product\/lavinnyj-nabor-pieps-powder-sport\/\",\"url\":\"https:\/\/xstyle.md\/product\/lavinnyj-nabor-pieps-powder-sport\/\",\"name\":\"\u041b\u0430\u0432\u0438\u043d\u043d\u044b\u0439 \u043d\u0430\u0431\u043e\u0440 Pieps Powder Sport - \u041c\u0430\u0433\u0430\u0437\u0438\u043d Xstyle\",\"isPartOf\":{\"@id\":\"https:\/\/xstyle.md\/#website\"},\"primaryImageOfPage\":{\"@id\":\"https:\/\/xstyle.md\/product\/lavinnyj-nabor-pieps-powder-sport\/#primaryimage\"},\"image\":{\"@id\":\"https:\/\/xstyle.md\/product\/lavinnyj-nabor-pieps-powder-sport\/#primaryimage\"},\"thumbnailUrl\":\"https:\/\/xstyle.md\/wp-content\/uploads\/2021\/12\/pieps-powder-sport.jpg\",\"datePublished\":\"2021-12-24T16:00:34+00:00\",\"dateModified\":\"2026-03-19T13:47:17+00:00\",\"description\":\"\u041b\u0430\u0432\u0438\u043d\u043d\u044b\u0439 \u043d\u0430\u0431\u043e\u0440 Pieps Powder Sport: \u043d\u0430\u0434\u0435\u0436\u043d\u044b\u0435 \u0442\u0435\u0445\u043d\u043e\u043b\u043e\u0433\u0438\u0438 \u0434\u043b\u044f \u0431\u0435\u0437\u043e\u043f\u0430\u0441\u043d\u043e\u0433\u043e \u043a\u0430\u0442\u0430\u043d\u0438\u044f. \u0412\u043a\u043b\u044e\u0447\u0430\u0435\u0442 Bluetooth, AutoAntennaSwitch \u0438 QuickPullSystem \u0434\u043b\u044f \u043b\u0435\u0433\u043a\u043e\u0441\u0442\u0438 \u0432 \u0438\u0441\u043f\u043e\u043b\u044c\u0437\u043e\u0432\u0430\u043d\u0438\u0438.\",\"breadcrumb\":{\"@id\":\"https:\/\/xstyle.md\/product\/lavinnyj-nabor-pieps-powder-sport\/#breadcrumb\"},\"inLanguage\":\"ro-RO\",\"potentialAction\":[{\"@type\":\"ReadAction\",\"target\":[\"https:\/\/xstyle.md\/product\/lavinnyj-nabor-pieps-powder-sport\/\"]}]},{\"@type\":\"ImageObject\",\"inLanguage\":\"ro-RO\",\"@id\":\"https:\/\/xstyle.md\/product\/lavinnyj-nabor-pieps-powder-sport\/#primaryimage\",\"url\":\"https:\/\/xstyle.md\/wp-content\/uploads\/2021\/12\/pieps-powder-sport.jpg\",\"contentUrl\":\"https:\/\/xstyle.md\/wp-content\/uploads\/2021\/12\/pieps-powder-sport.jpg\",\"width\":1280,\"height\":1280,\"caption\":\"\u041b\u0430\u0432\u0438\u043d\u043d\u044b\u0439 \u043d\u0430\u0431\u043e\u0440 Pieps Powder Sport \u0434\u043b\u044f \u0430\u043a\u0442\u0438\u0432\u043d\u043e\u0433\u043e \u043e\u0442\u0434\u044b\u0445\u0430, \u043f\u043e\u0445\u043e\u0434\u043e\u0432 \u0438 \u0430\u043b\u044c\u043f\u0438\u043d\u0438\u0437\u043c\u0430 - \u044d\u043a\u0438\u043f\u0438\u0440\u043e\u0432\u043a\u0430, \u043e\u0431\u0443\u0432\u044c \u0438 \u0441\u043d\u0430\u0440\u044f\u0436\u0435\u043d\u0438\u0435 \u0434\u043b\u044f \u043f\u0443\u0442\u0435\u0448\u0435\u0441\u0442\u0432\u0438\u0439 \u0438 \u0433\u043e\u0440\u043d\u044b\u0445 \u0432\u0438\u0434\u043e\u0432 \u0441\u043f\u043e\u0440\u0442\u0430\"},{\"@type\":\"BreadcrumbList\",\"@id\":\"https:\/\/xstyle.md\/product\/lavinnyj-nabor-pieps-powder-sport\/#breadcrumb\",\"itemListElement\":[{\"@type\":\"ListItem\",\"position\":1,\"name\":\"\u0413\u043b\u0430\u0432\u043d\u0430\u044f \u0441\u0442\u0440\u0430\u043d\u0438\u0446\u0430\",\"item\":\"https:\/\/xstyle.md\/\"},{\"@type\":\"ListItem\",\"position\":2,\"name\":\"\u041c\u0430\u0433\u0430\u0437\u0438\u043d\",\"item\":\"https:\/\/xstyle.md\/shop\/\"},{\"@type\":\"ListItem\",\"position\":3,\"name\":\"\u041b\u0430\u0432\u0438\u043d\u043d\u044b\u0439 \u043d\u0430\u0431\u043e\u0440 Pieps Powder Sport\"}]},{\"@type\":\"WebSite\",\"@id\":\"https:\/\/xstyle.md\/#website\",\"url\":\"https:\/\/xstyle.md\/\",\"name\":\"\u041c\u0430\u0433\u0430\u0437\u0438\u043d Xstyle\",\"description\":\"C\u043d\u0430\u0440\u044f\u0436\u0435\u043d\u0438\u0435 \u0434\u043b\u044f \u0442\u0443\u0440\u0438\u0437\u043c\u0430 \u0438 \u044d\u043a\u0441\u0442\u0440\u0435\u043c\u0430\u043b\u044c\u043d\u044b\u0445 \u0432\u0438\u0434\u043e\u0432 \u0441\u043f\u043e\u0440\u0442\u0430 \u0432 \u041c\u043e\u043b\u0434\u043e\u0432\u0435.. \u0426\u0435\u043d\u044b, \u0444\u043e\u0442\u043e, \u0445\u0430\u0440\u0430\u043a\u0442\u0435\u0440\u0438\u0441\u0442\u0438\u043a\u0438 \u0432 \u041c\u043e\u043b\u0434\u043e\u0432\u0435.\",\"publisher\":{\"@id\":\"https:\/\/xstyle.md\/#organization\"},\"alternateName\":\"X-Style\",\"potentialAction\":[{\"@type\":\"SearchAction\",\"target\":{\"@type\":\"EntryPoint\",\"urlTemplate\":\"https:\/\/xstyle.md\/?s={search_term_string}\"},\"query-input\":{\"@type\":\"PropertyValueSpecification\",\"valueRequired\":true,\"valueName\":\"search_term_string\"}}],\"inLanguage\":\"ro-RO\"},{\"@type\":\"Organization\",\"@id\":\"https:\/\/xstyle.md\/#organization\",\"name\":\"\u041c\u0430\u0433\u0430\u0437\u0438\u043d Xstyle\",\"alternateName\":\"x-style\",\"url\":\"https:\/\/xstyle.md\/\",\"logo\":{\"@type\":\"ImageObject\",\"inLanguage\":\"ro-RO\",\"@id\":\"https:\/\/xstyle.md\/#\/schema\/logo\/image\/\",\"url\":\"https:\/\/xstyle.md\/wp-content\/uploads\/2020\/06\/logoicon.svg\",\"contentUrl\":\"https:\/\/xstyle.md\/wp-content\/uploads\/2020\/06\/logoicon.svg\",\"caption\":\"\u041c\u0430\u0433\u0430\u0437\u0438\u043d Xstyle\"},\"image\":{\"@id\":\"https:\/\/xstyle.md\/#\/schema\/logo\/image\/\"},\"sameAs\":[\"https:\/\/www.facebook.com\/xstylemd\",\"https:\/\/www.instagram.com\/xstyle_md\/\",\"https:\/\/t.me\/xstyle_outdoor\"],\"hasMerchantReturnPolicy\":{\"@type\":\"MerchantReturnPolicy\",\"merchantReturnLink\":\"https:\/\/xstyle.md\/ro\/conditions\/\"}}]}<\/script>\n<meta property=\"product:price:amount\" content=\"7990.00\" \/>\n<meta property=\"product:price:currency\" content=\"MDL\" \/>\n<meta property=\"og:availability\" content=\"instock\" \/>\n<meta property=\"product:availability\" content=\"instock\" \/>\n<meta property=\"product:retailer_item_id\" content=\"9120029065864\" \/>\n<meta property=\"product:condition\" content=\"new\" \/>\n<!-- \/ Yoast SEO plugin. -->","yoast_head_json":{"title":"Set de avalan\u0219\u0103 Pieps Powder Sport - Magazin Xstyle","description":"Setul de avalan\u0219\u0103 Pieps Powder Sport: tehnologii fiabile pentru o schiere \u00een siguran\u021b\u0103. Include Bluetooth, AutoAntennaSwitch \u0219i QuickPullSystem pentru u\u0219urin\u021ba \u00een utilizare.","robots":{"index":"index","follow":"follow","max-snippet":"max-snippet:-1","max-image-preview":"max-image-preview:large","max-video-preview":"max-video-preview:-1"},"canonical":"https:\/\/xstyle.md\/ro\/produs\/lavinnyj-nabor-pieps-powder-sport\/","og_locale":"ro_RO","og_type":"article","og_title":"\u041b\u0430\u0432\u0438\u043d\u043d\u044b\u0439 \u043d\u0430\u0431\u043e\u0440 Pieps Powder Sport - \u041c\u0430\u0433\u0430\u0437\u0438\u043d Xstyle","og_description":"\u041b\u0430\u0432\u0438\u043d\u043d\u044b\u0439 \u043d\u0430\u0431\u043e\u0440 Pieps Powder Sport: \u043d\u0430\u0434\u0435\u0436\u043d\u044b\u0435 \u0442\u0435\u0445\u043d\u043e\u043b\u043e\u0433\u0438\u0438 \u0434\u043b\u044f \u0431\u0435\u0437\u043e\u043f\u0430\u0441\u043d\u043e\u0433\u043e \u043a\u0430\u0442\u0430\u043d\u0438\u044f. \u0412\u043a\u043b\u044e\u0447\u0430\u0435\u0442 Bluetooth, AutoAntennaSwitch \u0438 QuickPullSystem \u0434\u043b\u044f \u043b\u0435\u0433\u043a\u043e\u0441\u0442\u0438 \u0432 \u0438\u0441\u043f\u043e\u043b\u044c\u0437\u043e\u0432\u0430\u043d\u0438\u0438.","og_url":"https:\/\/xstyle.md\/ro\/produs\/lavinnyj-nabor-pieps-powder-sport\/","og_site_name":"\u041c\u0430\u0433\u0430\u0437\u0438\u043d Xstyle","article_publisher":"https:\/\/www.facebook.com\/xstylemd","article_modified_time":"2026-03-19T13:47:17+00:00","og_image":[{"width":1280,"height":1280,"url":"https:\/\/xstyle.md\/wp-content\/uploads\/2021\/12\/pieps-powder-sport.jpg","type":"image\/jpeg"}],"twitter_card":"summary_large_image","twitter_misc":{"Pre\u021b":"7.990&nbsp;MDL","Disponibilitate":"\u00cen stoc"},"schema":{"@context":"https:\/\/schema.org","@graph":[{"@type":"WebPage","@id":"https:\/\/xstyle.md\/product\/lavinnyj-nabor-pieps-powder-sport\/","url":"https:\/\/xstyle.md\/product\/lavinnyj-nabor-pieps-powder-sport\/","name":"Set de avalan\u0219\u0103 Pieps Powder Sport - Magazin Xstyle","isPartOf":{"@id":"https:\/\/xstyle.md\/#website"},"primaryImageOfPage":{"@id":"https:\/\/xstyle.md\/product\/lavinnyj-nabor-pieps-powder-sport\/#primaryimage"},"image":{"@id":"https:\/\/xstyle.md\/product\/lavinnyj-nabor-pieps-powder-sport\/#primaryimage"},"thumbnailUrl":"https:\/\/xstyle.md\/wp-content\/uploads\/2021\/12\/pieps-powder-sport.jpg","datePublished":"2021-12-24T16:00:34+00:00","dateModified":"2026-03-19T13:47:17+00:00","description":"Setul de avalan\u0219\u0103 Pieps Powder Sport: tehnologii fiabile pentru o schiere \u00een siguran\u021b\u0103. Include Bluetooth, AutoAntennaSwitch \u0219i QuickPullSystem pentru u\u0219urin\u021ba \u00een utilizare.","breadcrumb":{"@id":"https:\/\/xstyle.md\/product\/lavinnyj-nabor-pieps-powder-sport\/#breadcrumb"},"inLanguage":"ro-RO","potentialAction":[{"@type":"ReadAction","target":["https:\/\/xstyle.md\/product\/lavinnyj-nabor-pieps-powder-sport\/"]}]},{"@type":"ImageObject","inLanguage":"ro-RO","@id":"https:\/\/xstyle.md\/product\/lavinnyj-nabor-pieps-powder-sport\/#primaryimage","url":"https:\/\/xstyle.md\/wp-content\/uploads\/2021\/12\/pieps-powder-sport.jpg","contentUrl":"https:\/\/xstyle.md\/wp-content\/uploads\/2021\/12\/pieps-powder-sport.jpg","width":1280,"height":1280,"caption":"\u041b\u0430\u0432\u0438\u043d\u043d\u044b\u0439 \u043d\u0430\u0431\u043e\u0440 Pieps Powder Sport \u0434\u043b\u044f \u0430\u043a\u0442\u0438\u0432\u043d\u043e\u0433\u043e \u043e\u0442\u0434\u044b\u0445\u0430, \u043f\u043e\u0445\u043e\u0434\u043e\u0432 \u0438 \u0430\u043b\u044c\u043f\u0438\u043d\u0438\u0437\u043c\u0430 - \u044d\u043a\u0438\u043f\u0438\u0440\u043e\u0432\u043a\u0430, \u043e\u0431\u0443\u0432\u044c \u0438 \u0441\u043d\u0430\u0440\u044f\u0436\u0435\u043d\u0438\u0435 \u0434\u043b\u044f \u043f\u0443\u0442\u0435\u0448\u0435\u0441\u0442\u0432\u0438\u0439 \u0438 \u0433\u043e\u0440\u043d\u044b\u0445 \u0432\u0438\u0434\u043e\u0432 \u0441\u043f\u043e\u0440\u0442\u0430"},{"@type":"BreadcrumbList","@id":"https:\/\/xstyle.md\/product\/lavinnyj-nabor-pieps-powder-sport\/#breadcrumb","itemListElement":[{"@type":"ListItem","position":1,"name":"\u0413\u043b\u0430\u0432\u043d\u0430\u044f \u0441\u0442\u0440\u0430\u043d\u0438\u0446\u0430","item":"https:\/\/xstyle.md\/"},{"@type":"ListItem","position":2,"name":"\u041c\u0430\u0433\u0430\u0437\u0438\u043d","item":"https:\/\/xstyle.md\/shop\/"},{"@type":"ListItem","position":3,"name":"\u041b\u0430\u0432\u0438\u043d\u043d\u044b\u0439 \u043d\u0430\u0431\u043e\u0440 Pieps Powder Sport"}]},{"@type":"WebSite","@id":"https:\/\/xstyle.md\/#website","url":"https:\/\/xstyle.md\/","name":"Magazinul X-Style","description":"Echipamente pentru turism \u0219i sporturi extreme \u00een Moldova. Pre\u021buri, fotografii, caracteristici \u00een Moldova.","publisher":{"@id":"https:\/\/xstyle.md\/#organization"},"alternateName":"X-Style","potentialAction":[{"@type":"SearchAction","target":{"@type":"EntryPoint","urlTemplate":"https:\/\/xstyle.md\/?s={search_term_string}"},"query-input":{"@type":"PropertyValueSpecification","valueRequired":true,"valueName":"search_term_string"}}],"inLanguage":"ro-RO"},{"@type":"Organization","@id":"https:\/\/xstyle.md\/#organization","name":"Magazinul X-Style","alternateName":"x-style","url":"https:\/\/xstyle.md\/","logo":{"@type":"ImageObject","inLanguage":"ro-RO","@id":"https:\/\/xstyle.md\/#\/schema\/logo\/image\/","url":"https:\/\/xstyle.md\/wp-content\/uploads\/2020\/06\/logoicon.svg","contentUrl":"https:\/\/xstyle.md\/wp-content\/uploads\/2020\/06\/logoicon.svg","caption":"\u041c\u0430\u0433\u0430\u0437\u0438\u043d Xstyle"},"image":{"@id":"https:\/\/xstyle.md\/#\/schema\/logo\/image\/"},"sameAs":["https:\/\/www.facebook.com\/xstylemd","https:\/\/www.instagram.com\/xstyle_md\/","https:\/\/t.me\/xstyle_outdoor"],"hasMerchantReturnPolicy":{"@type":"MerchantReturnPolicy","merchantReturnLink":"https:\/\/xstyle.md\/ro\/conditions\/"}}]},"product_price_amount":"7990.00","product_price_currency":"MDL","og_availability":"instock","product_availability":"instock","product_retailer_item_id":"9120029065864","product_condition":"new"},"post_mailing_queue_ids":[],"_links":{"self":[{"href":"https:\/\/xstyle.md\/ro\/wp-json\/wp\/v2\/product\/43568","targetHints":{"allow":["GET"]}}],"collection":[{"href":"https:\/\/xstyle.md\/ro\/wp-json\/wp\/v2\/product"}],"about":[{"href":"https:\/\/xstyle.md\/ro\/wp-json\/wp\/v2\/types\/product"}],"replies":[{"embeddable":true,"href":"https:\/\/xstyle.md\/ro\/wp-json\/wp\/v2\/comments?post=43568"}],"wp:featuredmedia":[{"embeddable":true,"href":"https:\/\/xstyle.md\/ro\/wp-json\/wp\/v2\/media\/44275"}],"wp:attachment":[{"href":"https:\/\/xstyle.md\/ro\/wp-json\/wp\/v2\/media?parent=43568"}],"wp:term":[{"taxonomy":"product_brand","embeddable":true,"href":"https:\/\/xstyle.md\/ro\/wp-json\/wp\/v2\/product_brand?post=43568"},{"taxonomy":"product_cat","embeddable":true,"href":"https:\/\/xstyle.md\/ro\/wp-json\/wp\/v2\/product_cat?post=43568"},{"taxonomy":"product_tag","embeddable":true,"href":"https:\/\/xstyle.md\/ro\/wp-json\/wp\/v2\/product_tag?post=43568"}],"curies":[{"name":"wp","href":"https:\/\/api.w.org\/{rel}","templated":true}]}}