{"id":43565,"date":"2021-12-24T19:00:33","date_gmt":"2021-12-24T16:00:33","guid":{"rendered":"https:\/\/xstyle.md\/?post_type=product&#038;p=43565"},"modified":"2026-02-25T13:40:48","modified_gmt":"2026-02-25T10:40:48","slug":"fiksator-dlya-karabina-petzl-string-xl-sling-protectors","status":"publish","type":"product","link":"https:\/\/xstyle.md\/ro\/produs\/fiksator-dlya-karabina-petzl-string-xl-sling-protectors\/","title":{"rendered":"Accesoriu pentru carabinier\u0103 Petzl String XL Sling Protectors"},"content":{"rendered":"<\/p>\n<p>Accesoriu pentru carabinier\u0103 <strong>Petzl String XL Sling Protectors<\/strong> \u00eendepline\u0219te dou\u0103 func\u021bii: men\u021bine orientarea carabinierului la cap\u0103tul fr\u00e2nghiei de asigurare \u0219i protejeaz\u0103 bucla de fixare a carabinierului de uzur\u0103. Utilizatorul se poate asigura c\u0103 muserolul este pozi\u021bionat corect pe slingul de asigurare datorit\u0103 transparen\u021bei sale.<\/p>\n<h3>Particularit\u0103\u021bi<\/h3>\n<ul>\n<li>Compatibil cu cabluri de 25-30 mm l\u0103\u021bime<\/li>\n<li>Transparent, pentru verificarea pozi\u021bion\u0103rii corecte a carabinierului pe sling\u0103<\/li>\n<\/ul>\n<h3>Caracteristici<\/h3>\n<ul>\n<li>Material &#8212; TPE (elastomer termoplastic)<\/li>\n<li>Greutate &#8212; 10 g<\/li>\n<\/ul>\n<h3>Marca<\/h3>\n<p>PETZL este un brand de renume mondial care produce echipamente specializate pentru alpinism, speologie, escalad\u0103 \u0219i alpinism industrial. Compania a fost fondat\u0103 de Fernand Petzel, un om pasionat de speologie de o via\u021b\u0103 \u00eentreag\u0103. La mijlocul anilor 1970, pasiunea sa \u0219i afacerea de familie au crescut \u00een ceva mai mult. Fernand a \u00eenceput s\u0103 modifice dispozitivele existente utilizate \u00een speologie \u0219i apoi s\u0103 inventeze unele complet noi.<\/p>\n<p>Gama de produse a companiei s-a extins c\u0103tre iluminat, deoarece \u00een \u00eentunericul pe\u0219terilor acesta este unul dintre cele mai importante echipamente necesare. Dup\u0103 speologie, PETZL a \u00eenceput s\u0103 creeze echipamente pentru alpini\u0219ti \u0219i alpini\u0219ti, iar apoi pentru lucrul la \u00een\u0103l\u021bime.<\/p>\n<p>Misiunea PETZL este de a crea instrumente inovatoare care s\u0103 le permit\u0103 b\u0103rba\u021bilor \u0219i femeilor s\u0103 ating\u0103 noi \u00een\u0103l\u021bimi pe vertical\u0103 \u0219i s\u0103 lumineze drumul \u00een \u00eentuneric. Compania se afl\u0103 \u00eentr-o c\u0103utare continu\u0103 a celei mai bune solu\u021bii \u00een toate domeniile de activitate. Performan\u021ba, ergonomia, confortul \u0219i, cel mai important, siguran\u021ba sunt cele mai importante criterii \u00een aceast\u0103 c\u0103utare. Accesul la ceea ce este inaccesibil sau &#171;atingerea a ceea ce este de neatins&#187; este motto-ul s\u0103u de lung\u0103 durat\u0103.<\/p>\n<p><\/p>","protected":false},"excerpt":{"rendered":"","protected":false},"featured_media":44268,"comment_status":"open","ping_status":"closed","template":"","meta":{"_acf_changed":false,"inline_featured_image":false},"product_brand":[1270],"product_cat":[158],"product_tag":[],"class_list":{"0":"post-43565","1":"product","2":"type-product","3":"status-publish","4":"has-post-thumbnail","6":"product_brand-petzl","7":"product_cat-connectors","9":"first","10":"instock","11":"shipping-taxable","12":"purchasable","13":"product-type-simple"},"acf":[],"yoast_head":"<!-- This site is optimized with the Yoast SEO plugin v27.2 - https:\/\/yoast.com\/product\/yoast-seo-wordpress\/ -->\n<title>\u0424\u0438\u043a\u0441\u0430\u0442\u043e\u0440 \u0434\u043b\u044f \u043a\u0430\u0440\u0430\u0431\u0438\u043d\u0430 Petzl String XL Sling Protectors - \u041c\u0430\u0433\u0430\u0437\u0438\u043d Xstyle<\/title>\n<meta name=\"description\" content=\"\u0424\u0438\u043a\u0441\u0430\u0442\u043e\u0440 \u0434\u043b\u044f \u043a\u0430\u0440\u0430\u0431\u0438\u043d\u0430 Petzl String XL \u0437\u0430\u0449\u0438\u0449\u0430\u0435\u0442 \u0438 \u0441\u043e\u0445\u0440\u0430\u043d\u044f\u0435\u0442 \u043e\u0440\u0438\u0435\u043d\u0442\u0430\u0446\u0438\u044e \u043a\u0430\u0440\u0430\u0431\u0438\u043d\u0430, \u043e\u0431\u0435\u0441\u043f\u0435\u0447\u0438\u0432\u0430\u044f \u043d\u0430\u0434\u0435\u0436\u043d\u043e\u0441\u0442\u044c \u0438 \u0434\u043e\u043b\u0433\u043e\u0432\u0435\u0447\u043d\u043e\u0441\u0442\u044c \u0432\u0430\u0448\u0438\u0445 \u0441\u043d\u0430\u0440\u044f\u0436\u0435\u043d\u0438\u0439.\" \/>\n<meta name=\"robots\" content=\"index, follow, max-snippet:-1, max-image-preview:large, max-video-preview:-1\" \/>\n<link rel=\"canonical\" href=\"https:\/\/xstyle.md\/ro\/produs\/fiksator-dlya-karabina-petzl-string-xl-sling-protectors\/\" \/>\n<meta property=\"og:locale\" content=\"ro_RO\" \/>\n<meta property=\"og:type\" content=\"article\" \/>\n<meta property=\"og:title\" content=\"\u0424\u0438\u043a\u0441\u0430\u0442\u043e\u0440 \u0434\u043b\u044f \u043a\u0430\u0440\u0430\u0431\u0438\u043d\u0430 Petzl String XL Sling Protectors - \u041c\u0430\u0433\u0430\u0437\u0438\u043d Xstyle\" \/>\n<meta property=\"og:description\" content=\"\u0424\u0438\u043a\u0441\u0430\u0442\u043e\u0440 \u0434\u043b\u044f \u043a\u0430\u0440\u0430\u0431\u0438\u043d\u0430 Petzl String XL \u0437\u0430\u0449\u0438\u0449\u0430\u0435\u0442 \u0438 \u0441\u043e\u0445\u0440\u0430\u043d\u044f\u0435\u0442 \u043e\u0440\u0438\u0435\u043d\u0442\u0430\u0446\u0438\u044e \u043a\u0430\u0440\u0430\u0431\u0438\u043d\u0430, \u043e\u0431\u0435\u0441\u043f\u0435\u0447\u0438\u0432\u0430\u044f \u043d\u0430\u0434\u0435\u0436\u043d\u043e\u0441\u0442\u044c \u0438 \u0434\u043e\u043b\u0433\u043e\u0432\u0435\u0447\u043d\u043e\u0441\u0442\u044c \u0432\u0430\u0448\u0438\u0445 \u0441\u043d\u0430\u0440\u044f\u0436\u0435\u043d\u0438\u0439.\" \/>\n<meta property=\"og:url\" content=\"https:\/\/xstyle.md\/ro\/produs\/fiksator-dlya-karabina-petzl-string-xl-sling-protectors\/\" \/>\n<meta property=\"og:site_name\" content=\"\u041c\u0430\u0433\u0430\u0437\u0438\u043d Xstyle\" \/>\n<meta property=\"article:publisher\" content=\"https:\/\/www.facebook.com\/xstylemd\" \/>\n<meta property=\"article:modified_time\" content=\"2026-02-25T10:40:48+00:00\" \/>\n<meta property=\"og:image\" content=\"https:\/\/xstyle.md\/wp-content\/uploads\/2021\/12\/petzl-string-xl-sling-protectors.jpg\" \/>\n\t<meta property=\"og:image:width\" content=\"900\" \/>\n\t<meta property=\"og:image:height\" content=\"750\" \/>\n\t<meta property=\"og:image:type\" content=\"image\/jpeg\" \/>\n<meta name=\"twitter:card\" content=\"summary_large_image\" \/>\n<meta name=\"twitter:label1\" content=\"Pre\u021b\" \/>\n\t<meta name=\"twitter:data1\" content=\"35&nbsp;MDL\" \/>\n\t<meta name=\"twitter:label2\" content=\"Disponibilitate\" \/>\n\t<meta name=\"twitter:data2\" content=\"\u00cen stoc\" \/>\n<script type=\"application\/ld+json\" class=\"yoast-schema-graph\">{\"@context\":\"https:\/\/schema.org\",\"@graph\":[{\"@type\":\"WebPage\",\"@id\":\"https:\/\/xstyle.md\/product\/fiksator-dlya-karabina-petzl-string-xl-sling-protectors\/\",\"url\":\"https:\/\/xstyle.md\/product\/fiksator-dlya-karabina-petzl-string-xl-sling-protectors\/\",\"name\":\"\u0424\u0438\u043a\u0441\u0430\u0442\u043e\u0440 \u0434\u043b\u044f \u043a\u0430\u0440\u0430\u0431\u0438\u043d\u0430 Petzl String XL Sling Protectors - \u041c\u0430\u0433\u0430\u0437\u0438\u043d Xstyle\",\"isPartOf\":{\"@id\":\"https:\/\/xstyle.md\/#website\"},\"primaryImageOfPage\":{\"@id\":\"https:\/\/xstyle.md\/product\/fiksator-dlya-karabina-petzl-string-xl-sling-protectors\/#primaryimage\"},\"image\":{\"@id\":\"https:\/\/xstyle.md\/product\/fiksator-dlya-karabina-petzl-string-xl-sling-protectors\/#primaryimage\"},\"thumbnailUrl\":\"https:\/\/xstyle.md\/wp-content\/uploads\/2021\/12\/petzl-string-xl-sling-protectors.jpg\",\"datePublished\":\"2021-12-24T16:00:33+00:00\",\"dateModified\":\"2026-02-25T10:40:48+00:00\",\"description\":\"\u0424\u0438\u043a\u0441\u0430\u0442\u043e\u0440 \u0434\u043b\u044f \u043a\u0430\u0440\u0430\u0431\u0438\u043d\u0430 Petzl String XL \u0437\u0430\u0449\u0438\u0449\u0430\u0435\u0442 \u0438 \u0441\u043e\u0445\u0440\u0430\u043d\u044f\u0435\u0442 \u043e\u0440\u0438\u0435\u043d\u0442\u0430\u0446\u0438\u044e \u043a\u0430\u0440\u0430\u0431\u0438\u043d\u0430, \u043e\u0431\u0435\u0441\u043f\u0435\u0447\u0438\u0432\u0430\u044f \u043d\u0430\u0434\u0435\u0436\u043d\u043e\u0441\u0442\u044c \u0438 \u0434\u043e\u043b\u0433\u043e\u0432\u0435\u0447\u043d\u043e\u0441\u0442\u044c \u0432\u0430\u0448\u0438\u0445 \u0441\u043d\u0430\u0440\u044f\u0436\u0435\u043d\u0438\u0439.\",\"breadcrumb\":{\"@id\":\"https:\/\/xstyle.md\/product\/fiksator-dlya-karabina-petzl-string-xl-sling-protectors\/#breadcrumb\"},\"inLanguage\":\"ro-RO\",\"potentialAction\":[{\"@type\":\"ReadAction\",\"target\":[\"https:\/\/xstyle.md\/product\/fiksator-dlya-karabina-petzl-string-xl-sling-protectors\/\"]}]},{\"@type\":\"ImageObject\",\"inLanguage\":\"ro-RO\",\"@id\":\"https:\/\/xstyle.md\/product\/fiksator-dlya-karabina-petzl-string-xl-sling-protectors\/#primaryimage\",\"url\":\"https:\/\/xstyle.md\/wp-content\/uploads\/2021\/12\/petzl-string-xl-sling-protectors.jpg\",\"contentUrl\":\"https:\/\/xstyle.md\/wp-content\/uploads\/2021\/12\/petzl-string-xl-sling-protectors.jpg\",\"width\":900,\"height\":750,\"caption\":\"\u0424\u0438\u043a\u0441\u0430\u0442\u043e\u0440 \u0434\u043b\u044f \u043a\u0430\u0440\u0430\u0431\u0438\u043d\u0430 Petzl String XL Sling Protectors \u0434\u043b\u044f \u0430\u043b\u044c\u043f\u0438\u043d\u0438\u0437\u043c\u0430 \u0438 \u0430\u043a\u0442\u0438\u0432\u043d\u043e\u0433\u043e \u0442\u0443\u0440\u0438\u0437\u043c\u0430 \u0432 \u0438\u043d\u0442\u0435\u0440\u043d\u0435\u0442-\u043c\u0430\u0433\u0430\u0437\u0438\u043d\u0435 \u0441 \u044d\u043a\u0438\u043f\u0438\u0440\u043e\u0432\u043a\u043e\u0439 \u0434\u043b\u044f \u043f\u043e\u0445\u043e\u0434\u043e\u0432, \u0441\u043a\u0430\u043b\u043e\u043b\u0430\u0437\u0430\u043d\u0438\u044f, \u043f\u0443\u0442\u0435\u0448\u0435\u0441\u0442\u0432\u0438\u0439 \u0438 \u0441\u043f\u043e\u0440\u0442\u043e\u0431\u0443\u0432\u044c\u044e\"},{\"@type\":\"BreadcrumbList\",\"@id\":\"https:\/\/xstyle.md\/product\/fiksator-dlya-karabina-petzl-string-xl-sling-protectors\/#breadcrumb\",\"itemListElement\":[{\"@type\":\"ListItem\",\"position\":1,\"name\":\"\u0413\u043b\u0430\u0432\u043d\u0430\u044f \u0441\u0442\u0440\u0430\u043d\u0438\u0446\u0430\",\"item\":\"https:\/\/xstyle.md\/\"},{\"@type\":\"ListItem\",\"position\":2,\"name\":\"\u041c\u0430\u0433\u0430\u0437\u0438\u043d\",\"item\":\"https:\/\/xstyle.md\/shop\/\"},{\"@type\":\"ListItem\",\"position\":3,\"name\":\"\u0424\u0438\u043a\u0441\u0430\u0442\u043e\u0440 \u0434\u043b\u044f \u043a\u0430\u0440\u0430\u0431\u0438\u043d\u0430 Petzl String XL Sling Protectors\"}]},{\"@type\":\"WebSite\",\"@id\":\"https:\/\/xstyle.md\/#website\",\"url\":\"https:\/\/xstyle.md\/\",\"name\":\"\u041c\u0430\u0433\u0430\u0437\u0438\u043d Xstyle\",\"description\":\"C\u043d\u0430\u0440\u044f\u0436\u0435\u043d\u0438\u0435 \u0434\u043b\u044f \u0442\u0443\u0440\u0438\u0437\u043c\u0430 \u0438 \u044d\u043a\u0441\u0442\u0440\u0435\u043c\u0430\u043b\u044c\u043d\u044b\u0445 \u0432\u0438\u0434\u043e\u0432 \u0441\u043f\u043e\u0440\u0442\u0430 \u0432 \u041c\u043e\u043b\u0434\u043e\u0432\u0435.. \u0426\u0435\u043d\u044b, \u0444\u043e\u0442\u043e, \u0445\u0430\u0440\u0430\u043a\u0442\u0435\u0440\u0438\u0441\u0442\u0438\u043a\u0438 \u0432 \u041c\u043e\u043b\u0434\u043e\u0432\u0435.\",\"publisher\":{\"@id\":\"https:\/\/xstyle.md\/#organization\"},\"alternateName\":\"X-Style\",\"potentialAction\":[{\"@type\":\"SearchAction\",\"target\":{\"@type\":\"EntryPoint\",\"urlTemplate\":\"https:\/\/xstyle.md\/?s={search_term_string}\"},\"query-input\":{\"@type\":\"PropertyValueSpecification\",\"valueRequired\":true,\"valueName\":\"search_term_string\"}}],\"inLanguage\":\"ro-RO\"},{\"@type\":\"Organization\",\"@id\":\"https:\/\/xstyle.md\/#organization\",\"name\":\"\u041c\u0430\u0433\u0430\u0437\u0438\u043d Xstyle\",\"alternateName\":\"x-style\",\"url\":\"https:\/\/xstyle.md\/\",\"logo\":{\"@type\":\"ImageObject\",\"inLanguage\":\"ro-RO\",\"@id\":\"https:\/\/xstyle.md\/#\/schema\/logo\/image\/\",\"url\":\"https:\/\/xstyle.md\/wp-content\/uploads\/2020\/06\/logoicon.svg\",\"contentUrl\":\"https:\/\/xstyle.md\/wp-content\/uploads\/2020\/06\/logoicon.svg\",\"caption\":\"\u041c\u0430\u0433\u0430\u0437\u0438\u043d Xstyle\"},\"image\":{\"@id\":\"https:\/\/xstyle.md\/#\/schema\/logo\/image\/\"},\"sameAs\":[\"https:\/\/www.facebook.com\/xstylemd\",\"https:\/\/www.instagram.com\/xstyle_md\/\",\"https:\/\/t.me\/xstyle_outdoor\"],\"hasMerchantReturnPolicy\":{\"@type\":\"MerchantReturnPolicy\",\"merchantReturnLink\":\"https:\/\/xstyle.md\/ro\/conditions\/\"}}]}<\/script>\n<meta property=\"product:price:amount\" content=\"35.00\" \/>\n<meta property=\"product:price:currency\" content=\"MDL\" \/>\n<meta property=\"og:availability\" content=\"instock\" \/>\n<meta property=\"product:availability\" content=\"instock\" \/>\n<meta property=\"product:retailer_item_id\" content=\"3342540826021\" \/>\n<meta property=\"product:condition\" content=\"new\" \/>\n<!-- \/ Yoast SEO plugin. -->","yoast_head_json":{"title":"Accesoriu pentru carabinier\u0103 Petzl String XL Sling Protectors - Magazin Xstyle","description":"Fixatorul pentru carabin\u0103 Petzl String XL protejeaz\u0103 \u0219i p\u0103streaz\u0103 orientarea carabinei, asigur\u00e2nd fiabilitatea \u0219i durabilitatea echipamentului dumneavoastr\u0103.","robots":{"index":"index","follow":"follow","max-snippet":"max-snippet:-1","max-image-preview":"max-image-preview:large","max-video-preview":"max-video-preview:-1"},"canonical":"https:\/\/xstyle.md\/ro\/produs\/fiksator-dlya-karabina-petzl-string-xl-sling-protectors\/","og_locale":"ro_RO","og_type":"article","og_title":"\u0424\u0438\u043a\u0441\u0430\u0442\u043e\u0440 \u0434\u043b\u044f \u043a\u0430\u0440\u0430\u0431\u0438\u043d\u0430 Petzl String XL Sling Protectors - \u041c\u0430\u0433\u0430\u0437\u0438\u043d Xstyle","og_description":"\u0424\u0438\u043a\u0441\u0430\u0442\u043e\u0440 \u0434\u043b\u044f \u043a\u0430\u0440\u0430\u0431\u0438\u043d\u0430 Petzl String XL \u0437\u0430\u0449\u0438\u0449\u0430\u0435\u0442 \u0438 \u0441\u043e\u0445\u0440\u0430\u043d\u044f\u0435\u0442 \u043e\u0440\u0438\u0435\u043d\u0442\u0430\u0446\u0438\u044e \u043a\u0430\u0440\u0430\u0431\u0438\u043d\u0430, \u043e\u0431\u0435\u0441\u043f\u0435\u0447\u0438\u0432\u0430\u044f \u043d\u0430\u0434\u0435\u0436\u043d\u043e\u0441\u0442\u044c \u0438 \u0434\u043e\u043b\u0433\u043e\u0432\u0435\u0447\u043d\u043e\u0441\u0442\u044c \u0432\u0430\u0448\u0438\u0445 \u0441\u043d\u0430\u0440\u044f\u0436\u0435\u043d\u0438\u0439.","og_url":"https:\/\/xstyle.md\/ro\/produs\/fiksator-dlya-karabina-petzl-string-xl-sling-protectors\/","og_site_name":"\u041c\u0430\u0433\u0430\u0437\u0438\u043d Xstyle","article_publisher":"https:\/\/www.facebook.com\/xstylemd","article_modified_time":"2026-02-25T10:40:48+00:00","og_image":[{"width":900,"height":750,"url":"https:\/\/xstyle.md\/wp-content\/uploads\/2021\/12\/petzl-string-xl-sling-protectors.jpg","type":"image\/jpeg"}],"twitter_card":"summary_large_image","twitter_misc":{"Pre\u021b":"35&nbsp;MDL","Disponibilitate":"\u00cen stoc"},"schema":{"@context":"https:\/\/schema.org","@graph":[{"@type":"WebPage","@id":"https:\/\/xstyle.md\/product\/fiksator-dlya-karabina-petzl-string-xl-sling-protectors\/","url":"https:\/\/xstyle.md\/product\/fiksator-dlya-karabina-petzl-string-xl-sling-protectors\/","name":"Accesoriu pentru carabinier\u0103 Petzl String XL Sling Protectors - Magazin Xstyle","isPartOf":{"@id":"https:\/\/xstyle.md\/#website"},"primaryImageOfPage":{"@id":"https:\/\/xstyle.md\/product\/fiksator-dlya-karabina-petzl-string-xl-sling-protectors\/#primaryimage"},"image":{"@id":"https:\/\/xstyle.md\/product\/fiksator-dlya-karabina-petzl-string-xl-sling-protectors\/#primaryimage"},"thumbnailUrl":"https:\/\/xstyle.md\/wp-content\/uploads\/2021\/12\/petzl-string-xl-sling-protectors.jpg","datePublished":"2021-12-24T16:00:33+00:00","dateModified":"2026-02-25T10:40:48+00:00","description":"Fixatorul pentru carabin\u0103 Petzl String XL protejeaz\u0103 \u0219i p\u0103streaz\u0103 orientarea carabinei, asigur\u00e2nd fiabilitatea \u0219i durabilitatea echipamentului dumneavoastr\u0103.","breadcrumb":{"@id":"https:\/\/xstyle.md\/product\/fiksator-dlya-karabina-petzl-string-xl-sling-protectors\/#breadcrumb"},"inLanguage":"ro-RO","potentialAction":[{"@type":"ReadAction","target":["https:\/\/xstyle.md\/product\/fiksator-dlya-karabina-petzl-string-xl-sling-protectors\/"]}]},{"@type":"ImageObject","inLanguage":"ro-RO","@id":"https:\/\/xstyle.md\/product\/fiksator-dlya-karabina-petzl-string-xl-sling-protectors\/#primaryimage","url":"https:\/\/xstyle.md\/wp-content\/uploads\/2021\/12\/petzl-string-xl-sling-protectors.jpg","contentUrl":"https:\/\/xstyle.md\/wp-content\/uploads\/2021\/12\/petzl-string-xl-sling-protectors.jpg","width":900,"height":750,"caption":"\u0424\u0438\u043a\u0441\u0430\u0442\u043e\u0440 \u0434\u043b\u044f \u043a\u0430\u0440\u0430\u0431\u0438\u043d\u0430 Petzl String XL Sling Protectors \u0434\u043b\u044f \u0430\u043b\u044c\u043f\u0438\u043d\u0438\u0437\u043c\u0430 \u0438 \u0430\u043a\u0442\u0438\u0432\u043d\u043e\u0433\u043e \u0442\u0443\u0440\u0438\u0437\u043c\u0430 \u0432 \u0438\u043d\u0442\u0435\u0440\u043d\u0435\u0442-\u043c\u0430\u0433\u0430\u0437\u0438\u043d\u0435 \u0441 \u044d\u043a\u0438\u043f\u0438\u0440\u043e\u0432\u043a\u043e\u0439 \u0434\u043b\u044f \u043f\u043e\u0445\u043e\u0434\u043e\u0432, \u0441\u043a\u0430\u043b\u043e\u043b\u0430\u0437\u0430\u043d\u0438\u044f, \u043f\u0443\u0442\u0435\u0448\u0435\u0441\u0442\u0432\u0438\u0439 \u0438 \u0441\u043f\u043e\u0440\u0442\u043e\u0431\u0443\u0432\u044c\u044e"},{"@type":"BreadcrumbList","@id":"https:\/\/xstyle.md\/product\/fiksator-dlya-karabina-petzl-string-xl-sling-protectors\/#breadcrumb","itemListElement":[{"@type":"ListItem","position":1,"name":"\u0413\u043b\u0430\u0432\u043d\u0430\u044f \u0441\u0442\u0440\u0430\u043d\u0438\u0446\u0430","item":"https:\/\/xstyle.md\/"},{"@type":"ListItem","position":2,"name":"\u041c\u0430\u0433\u0430\u0437\u0438\u043d","item":"https:\/\/xstyle.md\/shop\/"},{"@type":"ListItem","position":3,"name":"\u0424\u0438\u043a\u0441\u0430\u0442\u043e\u0440 \u0434\u043b\u044f \u043a\u0430\u0440\u0430\u0431\u0438\u043d\u0430 Petzl String XL Sling Protectors"}]},{"@type":"WebSite","@id":"https:\/\/xstyle.md\/#website","url":"https:\/\/xstyle.md\/","name":"Magazinul X-Style","description":"Echipamente pentru turism \u0219i sporturi extreme \u00een Moldova. Pre\u021buri, fotografii, caracteristici \u00een Moldova.","publisher":{"@id":"https:\/\/xstyle.md\/#organization"},"alternateName":"X-Style","potentialAction":[{"@type":"SearchAction","target":{"@type":"EntryPoint","urlTemplate":"https:\/\/xstyle.md\/?s={search_term_string}"},"query-input":{"@type":"PropertyValueSpecification","valueRequired":true,"valueName":"search_term_string"}}],"inLanguage":"ro-RO"},{"@type":"Organization","@id":"https:\/\/xstyle.md\/#organization","name":"Magazinul X-Style","alternateName":"x-style","url":"https:\/\/xstyle.md\/","logo":{"@type":"ImageObject","inLanguage":"ro-RO","@id":"https:\/\/xstyle.md\/#\/schema\/logo\/image\/","url":"https:\/\/xstyle.md\/wp-content\/uploads\/2020\/06\/logoicon.svg","contentUrl":"https:\/\/xstyle.md\/wp-content\/uploads\/2020\/06\/logoicon.svg","caption":"\u041c\u0430\u0433\u0430\u0437\u0438\u043d Xstyle"},"image":{"@id":"https:\/\/xstyle.md\/#\/schema\/logo\/image\/"},"sameAs":["https:\/\/www.facebook.com\/xstylemd","https:\/\/www.instagram.com\/xstyle_md\/","https:\/\/t.me\/xstyle_outdoor"],"hasMerchantReturnPolicy":{"@type":"MerchantReturnPolicy","merchantReturnLink":"https:\/\/xstyle.md\/ro\/conditions\/"}}]},"product_price_amount":"35.00","product_price_currency":"MDL","og_availability":"instock","product_availability":"instock","product_retailer_item_id":"3342540826021","product_condition":"new"},"post_mailing_queue_ids":[],"_links":{"self":[{"href":"https:\/\/xstyle.md\/ro\/wp-json\/wp\/v2\/product\/43565","targetHints":{"allow":["GET"]}}],"collection":[{"href":"https:\/\/xstyle.md\/ro\/wp-json\/wp\/v2\/product"}],"about":[{"href":"https:\/\/xstyle.md\/ro\/wp-json\/wp\/v2\/types\/product"}],"replies":[{"embeddable":true,"href":"https:\/\/xstyle.md\/ro\/wp-json\/wp\/v2\/comments?post=43565"}],"wp:featuredmedia":[{"embeddable":true,"href":"https:\/\/xstyle.md\/ro\/wp-json\/wp\/v2\/media\/44268"}],"wp:attachment":[{"href":"https:\/\/xstyle.md\/ro\/wp-json\/wp\/v2\/media?parent=43565"}],"wp:term":[{"taxonomy":"product_brand","embeddable":true,"href":"https:\/\/xstyle.md\/ro\/wp-json\/wp\/v2\/product_brand?post=43565"},{"taxonomy":"product_cat","embeddable":true,"href":"https:\/\/xstyle.md\/ro\/wp-json\/wp\/v2\/product_cat?post=43565"},{"taxonomy":"product_tag","embeddable":true,"href":"https:\/\/xstyle.md\/ro\/wp-json\/wp\/v2\/product_tag?post=43565"}],"curies":[{"name":"wp","href":"https:\/\/api.w.org\/{rel}","templated":true}]}}