{"id":43544,"date":"2021-12-24T19:00:29","date_gmt":"2021-12-24T16:00:29","guid":{"rendered":"https:\/\/xstyle.md\/?post_type=product&#038;p=43544"},"modified":"2026-01-21T14:27:18","modified_gmt":"2026-01-21T11:27:18","slug":"botinki-asolo-active-gv-ocean","status":"publish","type":"product","link":"https:\/\/xstyle.md\/ro\/produs\/botinki-asolo-active-gv-ocean\/","title":{"rendered":"Bocanci Asolo Active GV ocean"},"content":{"rendered":"<\/p>\n<p><strong>Asolo Active GV <\/strong>&#8212; bocanci urbane care sunt perfecte pentru via\u021ba de zi cu zi \u0219i pentru plimb\u0103ri u\u0219oare \u00een aer liber \u00een afara sezonului \u0219i iarna nu prea rece. Partea superioar\u0103 este confec\u021bionat\u0103 din nubuc care absoarbe umezeala \u0219i ofer\u0103 o bun\u0103 sus\u021binere, protec\u021bie \u0219i confort. Membrana Gore-Tex \u00eempiedic\u0103 bocancul s\u0103 se ude, men\u021bin\u00e2ndu-l respirabil, \u00een timp ce c\u0103ptu\u0219eala din piele din zona man\u0219etei ofer\u0103 un confort \u0219i o durabilitate excep\u021bionale.<\/p>\n<h3>Particularit\u0103\u021bi<\/h3>\n<ul>\n<li>Partea superioar\u0103 din nubuc natural rezistent la apa cu o grosime de 1,3-1,5 mm<\/li>\n<li>Membrana GORE-TEX\u00ae Performance Comfort protejeaz\u0103 \u00eempotriva umezelii, p\u0103str\u00e2nd \u00een acela\u0219i timp propriet\u0103\u021bile de ventila\u021bie<\/li>\n<li>Talpa intermediar\u0103 Microporouse ofer\u0103 stabilitate, amortizare \u0219i suport anatomic<\/li>\n<li>Talpa exterioar\u0103 este fabricat\u0103 dintr-o compozi\u021bie special\u0103 de cauciuc MegaGrip, care este durabil\u0103 \u0219i ofer\u0103 o trac\u021biune optim\u0103 pe diverse suprafe\u021be, inclusiv pe cele umede.<\/li>\n<li>Nasul din cauciuc durabil pentru protec\u021bie suplimentar\u0103 \u0219i rezisten\u021b\u0103 la uzur\u0103<\/li>\n<li>Sistem de \u0219iret perforat pentru o fixare rapid\u0103 \u0219i precis\u0103<\/li>\n<\/ul>\n<h3>Caracteristici<\/h3>\n<ul>\n<li>Partea superioar\u0103 din piele nubuc rezistent\u0103 la ap\u0103<\/li>\n<li>Membrana de amortizare &#8212; GORE-TEX\u00ae Performance Comfort<\/li>\n<li>Carcas\u0103 &#8212; Asoflex 00 MR<\/li>\n<li>Talp\u0103 exterioar\u0103 - Vibram\u00ae Ascent<\/li>\n<li>Talp\u0103 anatomic\u0103 &#8212; Lite 2<\/li>\n<li>Utilizare &#8212; Drume\u021bii \/ Ora\u0219 \/ Alergare pe traseu \/ Ciclism montan<\/li>\n<li>Sezonul &#8212; demi-sezon \/ iarn\u0103<\/li>\n<li>Model &#8212; masculin.<\/li>\n<\/ul>\n<h3>Tehnologie<\/h3>\n<ul>\n<li><strong>Gore-Tex\u00ae Extended Comfort<\/strong> este o membran\u0103 care ofer\u0103 protec\u021bie impermeabil\u0103 \u0219i are o respirabilitate excelent\u0103 \u00een condi\u021bii de vreme moderat\u0103 p\u00e2n\u0103 la cald\u0103 \u0219i niveluri ridicate de activitate. Excelent\u0103 atunci cand reten\u021bia de c\u0103ldur\u0103 \u00een interiorul incaltamintei trebuie s\u0103 fie redus\u0103 la minimum.<\/li>\n<li><strong>Vibram\u00ae <\/strong>&#8212; liderul mondial \u00een produc\u021bia de t\u0103lpi pentru \u00eenc\u0103l\u021b\u0103minte de alpinism \u0219i trekking. Talpa este fabricat\u0103 dintr-un cauciuc foarte rezistent \u0219i are o aderen\u021b\u0103 excelent\u0103 la suprafa\u021b\u0103. Garanteaz\u0103 o sus\u021binere a piciorului \u0219i siguranta maxim\u0103.<\/li>\n<li><strong>Megagrip<\/strong> este o tehnologie \u00een care construc\u021bia urmeaz\u0103 forma anatomic\u0103 a c\u0103lc\u00e2iului. Datorit\u0103 structurii \u00een form\u0103 de T, asigur\u0103 o sus\u021binere \u0219i o reten\u021bie excelent\u0103 a c\u0103lc\u00e2iului. Fabricat cu inser\u021bii din poliuretan pentru a preveni abraziunea.<\/li>\n<li><strong>Asoflex 00 <\/strong>&#8212; c\u0103ptu\u0219eal\u0103 multistrat, conceput\u0103 pentru un confort sporit. Primul element, realizat din material rigid, \u00een principal pentru prevenirea prona\u021biei \u0219i antisupina\u021biei. Al doilea element, realizat dintr-un material mai moale, asigur\u0103 amortizarea \u00een timpul mersului. Se folosesc materiale diferite pentru b\u0103rba\u021bi \u0219i femei, \u021bin\u00e2nd cont de caracteristicile anatomice ale diferitelor sexe.<\/li>\n<\/ul>\n<p>\n\n<\/p>\n<h3>Marca<\/h3>\n<p>ASOLO este unul dintre principalii produc\u0103tori de incaltaminate pentru trekking, altitudine, urban \u0219i multisport. Compania italian\u0103 ASOLO exist\u0103 din 1975 \u0219i, la momentul lans\u0103rii sale, nu a fost \u00een m\u0103sur\u0103 s\u0103 dezvolte lumea industriei sportive cu un num\u0103r mare de v\u00e2nz\u0103ri inovatoare.<\/p>\n<p>ASOLO realizeaz\u0103 o gam\u0103 larg\u0103 de tehnologii \u0219i materiale de ultim\u0103 genera\u021bie, care pot fi utilizate \u00eentr-o gam\u0103 larg\u0103 de aplica\u021bii. \u00cen ASOLO cald\u0103, u\u0219oar\u0103, confortabil\u0103 \u0219i fiabil\u0103 se folose\u0219te t\u0103lpile VIBRAM. Poate fi utilizat ca dispozitiv de stabilizare pentru a preveni utilizarea unui num\u0103r mare de cobor\u00e2ri abrupte.<\/p>\n<p>Croirea excelenta si performan\u021ba sunt punctele forte ale marcii ASOLO.<\/p>\n<p>","protected":false},"excerpt":{"rendered":"","protected":false},"featured_media":43682,"comment_status":"open","ping_status":"closed","template":"","meta":{"_acf_changed":false,"inline_featured_image":false},"product_brand":[1277],"product_cat":[143],"product_tag":[],"class_list":{"0":"post-43544","1":"product","2":"type-product","3":"status-publish","4":"has-post-thumbnail","6":"product_brand-asolo","7":"product_cat-trekking","9":"first","10":"outofstock","11":"shipping-taxable","12":"product-type-simple"},"acf":[],"yoast_head":"<!-- This site is optimized with the Yoast SEO plugin v27.4 - https:\/\/yoast.com\/product\/yoast-seo-wordpress\/ -->\n<title>\u0411\u043e\u0442\u0438\u043d\u043a\u0438 Asolo Active GV ocean - \u041c\u0430\u0433\u0430\u0437\u0438\u043d Xstyle<\/title>\n<meta name=\"description\" content=\"\u0411\u043e\u0442\u0438\u043d\u043a\u0438 Asolo Active GV Ocean - \u0438\u0434\u0435\u0430\u043b\u044c\u043d\u044b \u0434\u043b\u044f \u0433\u043e\u0440\u043e\u0434\u0441\u043a\u043e\u0439 \u0436\u0438\u0437\u043d\u0438 \u0438 \u043b\u0435\u0433\u043a\u0438\u0445 \u043f\u0440\u043e\u0433\u0443\u043b\u043e\u043a. GORETEX, MegaGrip \u0438 Vibram \u043e\u0431\u0435\u0441\u043f\u0435\u0447\u0438\u0432\u0430\u044e\u0442 \u043a\u043e\u043c\u0444\u043e\u0440\u0442 \u0438 \u0437\u0430\u0449\u0438\u0442\u0443.\" \/>\n<meta name=\"robots\" content=\"index, follow, max-snippet:-1, max-image-preview:large, max-video-preview:-1\" \/>\n<link rel=\"canonical\" href=\"https:\/\/xstyle.md\/ro\/produs\/botinki-asolo-active-gv-ocean\/\" \/>\n<meta property=\"og:locale\" content=\"ro_RO\" \/>\n<meta property=\"og:type\" content=\"article\" \/>\n<meta property=\"og:title\" content=\"\u0411\u043e\u0442\u0438\u043d\u043a\u0438 Asolo Active GV ocean - \u041c\u0430\u0433\u0430\u0437\u0438\u043d Xstyle\" \/>\n<meta property=\"og:description\" content=\"\u0411\u043e\u0442\u0438\u043d\u043a\u0438 Asolo Active GV Ocean - \u0438\u0434\u0435\u0430\u043b\u044c\u043d\u044b \u0434\u043b\u044f \u0433\u043e\u0440\u043e\u0434\u0441\u043a\u043e\u0439 \u0436\u0438\u0437\u043d\u0438 \u0438 \u043b\u0435\u0433\u043a\u0438\u0445 \u043f\u0440\u043e\u0433\u0443\u043b\u043e\u043a. GORETEX, MegaGrip \u0438 Vibram \u043e\u0431\u0435\u0441\u043f\u0435\u0447\u0438\u0432\u0430\u044e\u0442 \u043a\u043e\u043c\u0444\u043e\u0440\u0442 \u0438 \u0437\u0430\u0449\u0438\u0442\u0443.\" \/>\n<meta property=\"og:url\" content=\"https:\/\/xstyle.md\/ro\/produs\/botinki-asolo-active-gv-ocean\/\" \/>\n<meta property=\"og:site_name\" content=\"\u041c\u0430\u0433\u0430\u0437\u0438\u043d Xstyle\" \/>\n<meta property=\"article:publisher\" content=\"https:\/\/www.facebook.com\/xstylemd\" \/>\n<meta property=\"article:modified_time\" content=\"2026-01-21T11:27:18+00:00\" \/>\n<meta property=\"og:image\" content=\"https:\/\/xstyle.md\/wp-content\/uploads\/2021\/12\/asolo-active-gv-ocean.jpg\" \/>\n\t<meta property=\"og:image:width\" content=\"900\" \/>\n\t<meta property=\"og:image:height\" content=\"675\" \/>\n\t<meta property=\"og:image:type\" content=\"image\/jpeg\" \/>\n<meta name=\"twitter:card\" content=\"summary_large_image\" \/>\n<meta name=\"twitter:label1\" content=\"Pre\u021b\" \/>\n\t<meta name=\"twitter:data1\" content=\"4.390&nbsp;MDL\" \/>\n\t<meta name=\"twitter:label2\" content=\"Disponibilitate\" \/>\n\t<meta name=\"twitter:data2\" content=\"Stoc epuizat\" \/>\n<script type=\"application\/ld+json\" class=\"yoast-schema-graph\">{\"@context\":\"https:\\\/\\\/schema.org\",\"@graph\":[{\"@type\":\"WebPage\",\"@id\":\"https:\\\/\\\/xstyle.md\\\/product\\\/botinki-asolo-active-gv-ocean\\\/\",\"url\":\"https:\\\/\\\/xstyle.md\\\/product\\\/botinki-asolo-active-gv-ocean\\\/\",\"name\":\"\u0411\u043e\u0442\u0438\u043d\u043a\u0438 Asolo Active GV ocean - \u041c\u0430\u0433\u0430\u0437\u0438\u043d Xstyle\",\"isPartOf\":{\"@id\":\"https:\\\/\\\/xstyle.md\\\/#website\"},\"primaryImageOfPage\":{\"@id\":\"https:\\\/\\\/xstyle.md\\\/product\\\/botinki-asolo-active-gv-ocean\\\/#primaryimage\"},\"image\":{\"@id\":\"https:\\\/\\\/xstyle.md\\\/product\\\/botinki-asolo-active-gv-ocean\\\/#primaryimage\"},\"thumbnailUrl\":\"https:\\\/\\\/xstyle.md\\\/wp-content\\\/uploads\\\/2021\\\/12\\\/asolo-active-gv-ocean.jpg\",\"datePublished\":\"2021-12-24T16:00:29+00:00\",\"dateModified\":\"2026-01-21T11:27:18+00:00\",\"description\":\"\u0411\u043e\u0442\u0438\u043d\u043a\u0438 Asolo Active GV Ocean - \u0438\u0434\u0435\u0430\u043b\u044c\u043d\u044b \u0434\u043b\u044f \u0433\u043e\u0440\u043e\u0434\u0441\u043a\u043e\u0439 \u0436\u0438\u0437\u043d\u0438 \u0438 \u043b\u0435\u0433\u043a\u0438\u0445 \u043f\u0440\u043e\u0433\u0443\u043b\u043e\u043a. GORETEX, MegaGrip \u0438 Vibram \u043e\u0431\u0435\u0441\u043f\u0435\u0447\u0438\u0432\u0430\u044e\u0442 \u043a\u043e\u043c\u0444\u043e\u0440\u0442 \u0438 \u0437\u0430\u0449\u0438\u0442\u0443.\",\"breadcrumb\":{\"@id\":\"https:\\\/\\\/xstyle.md\\\/product\\\/botinki-asolo-active-gv-ocean\\\/#breadcrumb\"},\"inLanguage\":\"ro-RO\",\"potentialAction\":[{\"@type\":\"ReadAction\",\"target\":[\"https:\\\/\\\/xstyle.md\\\/product\\\/botinki-asolo-active-gv-ocean\\\/\"]}]},{\"@type\":\"ImageObject\",\"inLanguage\":\"ro-RO\",\"@id\":\"https:\\\/\\\/xstyle.md\\\/product\\\/botinki-asolo-active-gv-ocean\\\/#primaryimage\",\"url\":\"https:\\\/\\\/xstyle.md\\\/wp-content\\\/uploads\\\/2021\\\/12\\\/asolo-active-gv-ocean.jpg\",\"contentUrl\":\"https:\\\/\\\/xstyle.md\\\/wp-content\\\/uploads\\\/2021\\\/12\\\/asolo-active-gv-ocean.jpg\",\"width\":900,\"height\":675,\"caption\":\"\u0422\u0443\u0440\u0438\u0441\u0442\u0438\u0447\u0435\u0441\u043a\u0438\u0435 \u0431\u043e\u0442\u0438\u043d\u043a\u0438 Asolo Active GV Ocean \u0434\u043b\u044f \u0430\u043a\u0442\u0438\u0432\u043d\u043e\u0433\u043e \u043e\u0442\u0434\u044b\u0445\u0430, \u043f\u043e\u0445\u043e\u0434\u043e\u0432 \u0438 \u0433\u043e\u0440\u043d\u044b\u0445 \u043f\u043e\u0445\u043e\u0434\u043e\u0432, \u044d\u043a\u0438\u043f\u0438\u0440\u043e\u0432\u043a\u0430 \u0434\u043b\u044f \u043f\u0443\u0442\u0435\u0448\u0435\u0441\u0442\u0432\u0438\u0439, \u043e\u0431\u0443\u0432\u044c \u0434\u043b\u044f \u0430\u043b\u044c\u043f\u0438\u043d\u0438\u0437\u043c\u0430 \u0438 \u0430\u043a\u0442\u0438\u0432\u043d\u043e\u0439 \u0436\u0438\u0437\u043d\u0438 \u0432 \u0438\u043d\u0442\u0435\u0440\u043d\u0435\u0442 \u043c\u0430\u0433\u0430\u0437\u0438\u043d\u0435\"},{\"@type\":\"BreadcrumbList\",\"@id\":\"https:\\\/\\\/xstyle.md\\\/product\\\/botinki-asolo-active-gv-ocean\\\/#breadcrumb\",\"itemListElement\":[{\"@type\":\"ListItem\",\"position\":1,\"name\":\"\u0413\u043b\u0430\u0432\u043d\u0430\u044f \u0441\u0442\u0440\u0430\u043d\u0438\u0446\u0430\",\"item\":\"https:\\\/\\\/xstyle.md\\\/\"},{\"@type\":\"ListItem\",\"position\":2,\"name\":\"\u041c\u0430\u0433\u0430\u0437\u0438\u043d\",\"item\":\"https:\\\/\\\/xstyle.md\\\/shop\\\/\"},{\"@type\":\"ListItem\",\"position\":3,\"name\":\"\u0411\u043e\u0442\u0438\u043d\u043a\u0438 Asolo Active GV ocean\"}]},{\"@type\":\"WebSite\",\"@id\":\"https:\\\/\\\/xstyle.md\\\/#website\",\"url\":\"https:\\\/\\\/xstyle.md\\\/\",\"name\":\"\u041c\u0430\u0433\u0430\u0437\u0438\u043d Xstyle\",\"description\":\"C\u043d\u0430\u0440\u044f\u0436\u0435\u043d\u0438\u0435 \u0434\u043b\u044f \u0442\u0443\u0440\u0438\u0437\u043c\u0430 \u0438 \u044d\u043a\u0441\u0442\u0440\u0435\u043c\u0430\u043b\u044c\u043d\u044b\u0445 \u0432\u0438\u0434\u043e\u0432 \u0441\u043f\u043e\u0440\u0442\u0430 \u0432 \u041c\u043e\u043b\u0434\u043e\u0432\u0435.. \u0426\u0435\u043d\u044b, \u0444\u043e\u0442\u043e, \u0445\u0430\u0440\u0430\u043a\u0442\u0435\u0440\u0438\u0441\u0442\u0438\u043a\u0438 \u0432 \u041c\u043e\u043b\u0434\u043e\u0432\u0435.\",\"publisher\":{\"@id\":\"https:\\\/\\\/xstyle.md\\\/#organization\"},\"alternateName\":\"X-Style\",\"potentialAction\":[{\"@type\":\"SearchAction\",\"target\":{\"@type\":\"EntryPoint\",\"urlTemplate\":\"https:\\\/\\\/xstyle.md\\\/?s={search_term_string}\"},\"query-input\":{\"@type\":\"PropertyValueSpecification\",\"valueRequired\":true,\"valueName\":\"search_term_string\"}}],\"inLanguage\":\"ro-RO\"},{\"@type\":\"Organization\",\"@id\":\"https:\\\/\\\/xstyle.md\\\/#organization\",\"name\":\"\u041c\u0430\u0433\u0430\u0437\u0438\u043d Xstyle\",\"alternateName\":\"x-style\",\"url\":\"https:\\\/\\\/xstyle.md\\\/\",\"logo\":{\"@type\":\"ImageObject\",\"inLanguage\":\"ro-RO\",\"@id\":\"https:\\\/\\\/xstyle.md\\\/#\\\/schema\\\/logo\\\/image\\\/\",\"url\":\"https:\\\/\\\/xstyle.md\\\/wp-content\\\/uploads\\\/2020\\\/06\\\/logoicon.svg\",\"contentUrl\":\"https:\\\/\\\/xstyle.md\\\/wp-content\\\/uploads\\\/2020\\\/06\\\/logoicon.svg\",\"caption\":\"\u041c\u0430\u0433\u0430\u0437\u0438\u043d Xstyle\"},\"image\":{\"@id\":\"https:\\\/\\\/xstyle.md\\\/#\\\/schema\\\/logo\\\/image\\\/\"},\"sameAs\":[\"https:\\\/\\\/www.facebook.com\\\/xstylemd\",\"https:\\\/\\\/www.instagram.com\\\/xstyle_md\\\/\",\"https:\\\/\\\/t.me\\\/xstyle_outdoor\"],\"hasMerchantReturnPolicy\":{\"@type\":\"MerchantReturnPolicy\",\"merchantReturnLink\":\"https:\\\/\\\/xstyle.md\\\/ro\\\/conditions\\\/\"}}]}<\/script>\n<meta property=\"product:price:amount\" content=\"4390.00\" \/>\n<meta property=\"product:price:currency\" content=\"MDL\" \/>\n<meta property=\"og:availability\" content=\"out of stock\" \/>\n<meta property=\"product:availability\" content=\"out of stock\" \/>\n<meta property=\"product:retailer_item_id\" content=\"8026948972133\" \/>\n<meta property=\"product:condition\" content=\"new\" \/>\n<!-- \/ Yoast SEO plugin. -->","yoast_head_json":{"title":"Bocanci Asolo Active GV ocean - Magazin Xstyle","description":"Bocanci Asolo Active GV Ocean - ideali pentru via\u021ba urban\u0103 \u0219i plimb\u0103rile u\u0219oare. GORETEX, MegaGrip \u0219i Vibram ofer\u0103 confort \u0219i protec\u021bie.","robots":{"index":"index","follow":"follow","max-snippet":"max-snippet:-1","max-image-preview":"max-image-preview:large","max-video-preview":"max-video-preview:-1"},"canonical":"https:\/\/xstyle.md\/ro\/produs\/botinki-asolo-active-gv-ocean\/","og_locale":"ro_RO","og_type":"article","og_title":"\u0411\u043e\u0442\u0438\u043d\u043a\u0438 Asolo Active GV ocean - \u041c\u0430\u0433\u0430\u0437\u0438\u043d Xstyle","og_description":"\u0411\u043e\u0442\u0438\u043d\u043a\u0438 Asolo Active GV Ocean - \u0438\u0434\u0435\u0430\u043b\u044c\u043d\u044b \u0434\u043b\u044f \u0433\u043e\u0440\u043e\u0434\u0441\u043a\u043e\u0439 \u0436\u0438\u0437\u043d\u0438 \u0438 \u043b\u0435\u0433\u043a\u0438\u0445 \u043f\u0440\u043e\u0433\u0443\u043b\u043e\u043a. GORETEX, MegaGrip \u0438 Vibram \u043e\u0431\u0435\u0441\u043f\u0435\u0447\u0438\u0432\u0430\u044e\u0442 \u043a\u043e\u043c\u0444\u043e\u0440\u0442 \u0438 \u0437\u0430\u0449\u0438\u0442\u0443.","og_url":"https:\/\/xstyle.md\/ro\/produs\/botinki-asolo-active-gv-ocean\/","og_site_name":"\u041c\u0430\u0433\u0430\u0437\u0438\u043d Xstyle","article_publisher":"https:\/\/www.facebook.com\/xstylemd","article_modified_time":"2026-01-21T11:27:18+00:00","og_image":[{"width":900,"height":675,"url":"https:\/\/xstyle.md\/wp-content\/uploads\/2021\/12\/asolo-active-gv-ocean.jpg","type":"image\/jpeg"}],"twitter_card":"summary_large_image","twitter_misc":{"Pre\u021b":"4.390&nbsp;MDL","Disponibilitate":"Stoc epuizat"},"schema":{"@context":"https:\/\/schema.org","@graph":[{"@type":"WebPage","@id":"https:\/\/xstyle.md\/product\/botinki-asolo-active-gv-ocean\/","url":"https:\/\/xstyle.md\/product\/botinki-asolo-active-gv-ocean\/","name":"Bocanci Asolo Active GV ocean - Magazin Xstyle","isPartOf":{"@id":"https:\/\/xstyle.md\/#website"},"primaryImageOfPage":{"@id":"https:\/\/xstyle.md\/product\/botinki-asolo-active-gv-ocean\/#primaryimage"},"image":{"@id":"https:\/\/xstyle.md\/product\/botinki-asolo-active-gv-ocean\/#primaryimage"},"thumbnailUrl":"https:\/\/xstyle.md\/wp-content\/uploads\/2021\/12\/asolo-active-gv-ocean.jpg","datePublished":"2021-12-24T16:00:29+00:00","dateModified":"2026-01-21T11:27:18+00:00","description":"Bocanci Asolo Active GV Ocean - ideali pentru via\u021ba urban\u0103 \u0219i plimb\u0103rile u\u0219oare. GORETEX, MegaGrip \u0219i Vibram ofer\u0103 confort \u0219i protec\u021bie.","breadcrumb":{"@id":"https:\/\/xstyle.md\/product\/botinki-asolo-active-gv-ocean\/#breadcrumb"},"inLanguage":"ro-RO","potentialAction":[{"@type":"ReadAction","target":["https:\/\/xstyle.md\/product\/botinki-asolo-active-gv-ocean\/"]}]},{"@type":"ImageObject","inLanguage":"ro-RO","@id":"https:\/\/xstyle.md\/product\/botinki-asolo-active-gv-ocean\/#primaryimage","url":"https:\/\/xstyle.md\/wp-content\/uploads\/2021\/12\/asolo-active-gv-ocean.jpg","contentUrl":"https:\/\/xstyle.md\/wp-content\/uploads\/2021\/12\/asolo-active-gv-ocean.jpg","width":900,"height":675,"caption":"\u0422\u0443\u0440\u0438\u0441\u0442\u0438\u0447\u0435\u0441\u043a\u0438\u0435 \u0431\u043e\u0442\u0438\u043d\u043a\u0438 Asolo Active GV Ocean \u0434\u043b\u044f \u0430\u043a\u0442\u0438\u0432\u043d\u043e\u0433\u043e \u043e\u0442\u0434\u044b\u0445\u0430, \u043f\u043e\u0445\u043e\u0434\u043e\u0432 \u0438 \u0433\u043e\u0440\u043d\u044b\u0445 \u043f\u043e\u0445\u043e\u0434\u043e\u0432, \u044d\u043a\u0438\u043f\u0438\u0440\u043e\u0432\u043a\u0430 \u0434\u043b\u044f \u043f\u0443\u0442\u0435\u0448\u0435\u0441\u0442\u0432\u0438\u0439, \u043e\u0431\u0443\u0432\u044c \u0434\u043b\u044f \u0430\u043b\u044c\u043f\u0438\u043d\u0438\u0437\u043c\u0430 \u0438 \u0430\u043a\u0442\u0438\u0432\u043d\u043e\u0439 \u0436\u0438\u0437\u043d\u0438 \u0432 \u0438\u043d\u0442\u0435\u0440\u043d\u0435\u0442 \u043c\u0430\u0433\u0430\u0437\u0438\u043d\u0435"},{"@type":"BreadcrumbList","@id":"https:\/\/xstyle.md\/product\/botinki-asolo-active-gv-ocean\/#breadcrumb","itemListElement":[{"@type":"ListItem","position":1,"name":"\u0413\u043b\u0430\u0432\u043d\u0430\u044f \u0441\u0442\u0440\u0430\u043d\u0438\u0446\u0430","item":"https:\/\/xstyle.md\/"},{"@type":"ListItem","position":2,"name":"\u041c\u0430\u0433\u0430\u0437\u0438\u043d","item":"https:\/\/xstyle.md\/shop\/"},{"@type":"ListItem","position":3,"name":"\u0411\u043e\u0442\u0438\u043d\u043a\u0438 Asolo Active GV ocean"}]},{"@type":"WebSite","@id":"https:\/\/xstyle.md\/#website","url":"https:\/\/xstyle.md\/","name":"Magazinul X-Style","description":"Echipamente pentru turism \u0219i sporturi extreme \u00een Moldova. Pre\u021buri, fotografii, caracteristici \u00een Moldova.","publisher":{"@id":"https:\/\/xstyle.md\/#organization"},"alternateName":"X-Style","potentialAction":[{"@type":"SearchAction","target":{"@type":"EntryPoint","urlTemplate":"https:\/\/xstyle.md\/?s={search_term_string}"},"query-input":{"@type":"PropertyValueSpecification","valueRequired":true,"valueName":"search_term_string"}}],"inLanguage":"ro-RO"},{"@type":"Organization","@id":"https:\/\/xstyle.md\/#organization","name":"Magazinul X-Style","alternateName":"x-style","url":"https:\/\/xstyle.md\/","logo":{"@type":"ImageObject","inLanguage":"ro-RO","@id":"https:\/\/xstyle.md\/#\/schema\/logo\/image\/","url":"https:\/\/xstyle.md\/wp-content\/uploads\/2020\/06\/logoicon.svg","contentUrl":"https:\/\/xstyle.md\/wp-content\/uploads\/2020\/06\/logoicon.svg","caption":"\u041c\u0430\u0433\u0430\u0437\u0438\u043d Xstyle"},"image":{"@id":"https:\/\/xstyle.md\/#\/schema\/logo\/image\/"},"sameAs":["https:\/\/www.facebook.com\/xstylemd","https:\/\/www.instagram.com\/xstyle_md\/","https:\/\/t.me\/xstyle_outdoor"],"hasMerchantReturnPolicy":{"@type":"MerchantReturnPolicy","merchantReturnLink":"https:\/\/xstyle.md\/ro\/conditions\/"}}]},"product_price_amount":"4390.00","product_price_currency":"MDL","og_availability":"out of stock","product_availability":"out of stock","product_retailer_item_id":"8026948972133","product_condition":"new"},"_links":{"self":[{"href":"https:\/\/xstyle.md\/ro\/wp-json\/wp\/v2\/product\/43544","targetHints":{"allow":["GET"]}}],"collection":[{"href":"https:\/\/xstyle.md\/ro\/wp-json\/wp\/v2\/product"}],"about":[{"href":"https:\/\/xstyle.md\/ro\/wp-json\/wp\/v2\/types\/product"}],"replies":[{"embeddable":true,"href":"https:\/\/xstyle.md\/ro\/wp-json\/wp\/v2\/comments?post=43544"}],"wp:featuredmedia":[{"embeddable":true,"href":"https:\/\/xstyle.md\/ro\/wp-json\/wp\/v2\/media\/43682"}],"wp:attachment":[{"href":"https:\/\/xstyle.md\/ro\/wp-json\/wp\/v2\/media?parent=43544"}],"wp:term":[{"taxonomy":"product_brand","embeddable":true,"href":"https:\/\/xstyle.md\/ro\/wp-json\/wp\/v2\/product_brand?post=43544"},{"taxonomy":"product_cat","embeddable":true,"href":"https:\/\/xstyle.md\/ro\/wp-json\/wp\/v2\/product_cat?post=43544"},{"taxonomy":"product_tag","embeddable":true,"href":"https:\/\/xstyle.md\/ro\/wp-json\/wp\/v2\/product_tag?post=43544"}],"curies":[{"name":"wp","href":"https:\/\/api.w.org\/{rel}","templated":true}]}}