{"id":4319,"date":"2020-07-16T19:45:22","date_gmt":"2020-07-16T16:45:22","guid":{"rendered":"https:\/\/xstyle.md\/product\/gazovyj-ballon-primus-winter-gas-230g"},"modified":"2024-10-02T20:54:38","modified_gmt":"2024-10-02T17:54:38","slug":"gazovyj-ballon-primus-winter-gas-230g","status":"publish","type":"product","link":"https:\/\/xstyle.md\/ro\/produs\/gazovyj-ballon-primus-winter-gas-230g\/","title":{"rendered":"Butelie cu gaz Primus Winter Gas 230g"},"content":{"rendered":"<\/p>\n<p><strong>Butelie cu gaz Primus Winter Gas 230g<\/strong> &#8212; butelii de gaz de iarn\u0103 pentru turism \u0219i alpinism \u00een condi\u021bii de frig. Cartu\u0219e de \u00eenlocuire cu o capacitate de 230 g cu gaz lichefiat special pentru arz\u0103toarele turistice portabile cu gaz cu racord filetat.<\/p>\n<p>Conform tehnologiei inovatoare Vapour Mesh de la Primus, un vaporizator suplimentar este plasat \u00een interiorul buteliei, ceea ce m\u0103re\u0219te suprafa\u021ba de vaporizare, gazul se vaporizeaz\u0103 mai repede, iar buteliile Winter Gas func\u021bioneaz\u0103 eficient la temperaturi de p\u00e2n\u0103 la -22\u00b0C. Amestecul este ecologic \u0219i genereaz\u0103 o cantitate mare de c\u0103ldur\u0103 \u00een timpul arderii.<\/p>\n<p>Dup\u0103 60 de minute de func\u021bionare, cilindrul este cu 9% mai puternic dec\u00e2t un cilindru f\u0103r\u0103 plas\u0103 absorbant\u0103, iar dup\u0103 120 de minute este cu 15% mai puternic. Proiectat pentru un interval de temperatur\u0103: -22\u00b0 C &#8212; +10\u00b0 C<\/p>\n<h3>Particularit\u0103\u021bi<\/h3>\n<ul>\n<li>Butelie de gaz pentru utilizare \u00een condi\u021bii de temperatur\u0103 sc\u0103zut\u0103<\/li>\n<li>Utilizare la temperaturi ale aerului de p\u00e2n\u0103 la -22 C<\/li>\n<li>P\u00e2nza de tamponare microporoas\u0103 Vapour-Mesh ajut\u0103 gazul s\u0103 treac\u0103 din stare lichid\u0103 \u00een stare gazoas\u0103 la temperaturi sc\u0103zute<\/li>\n<li>Etan\u0219are, supap\u0103 de siguran\u021b\u0103 cu filet cu \u0219urub.<\/li>\n<\/ul>\n<h3>Caracteristici<\/h3>\n<ul>\n<li>Sezonul - iarn\u0103<\/li>\n<li>Compozi\u021bie &#8212; propan &#8212; 25%, izobutan &#8212; 70%, butan &#8212; 5%.<\/li>\n<li>Interval de temperatur\u0103: p\u00e2n\u0103 la -22\u00ba\u0421<\/li>\n<li>Volum: 230 g (460 ml)<\/li>\n<li>\u00cen\u0103l\u021bime: 8,5 cm<\/li>\n<li>Diametru: 10,8 cm<\/li>\n<li>Greutate: 0,390 kg.<\/li>\n<\/ul>\n<p><\/p>","protected":false},"excerpt":{"rendered":"<p>Butelie cu gaz Primus Winter Gas 230g<\/p>","protected":false},"featured_media":4316,"comment_status":"open","ping_status":"closed","template":"","meta":{"_acf_changed":false,"inline_featured_image":false},"product_brand":[1272],"product_cat":[147],"product_tag":[],"class_list":{"0":"post-4319","1":"product","2":"type-product","3":"status-publish","4":"has-post-thumbnail","6":"product_brand-primus","7":"product_cat-gas-bottles","9":"first","10":"instock","11":"shipping-taxable","12":"purchasable","13":"product-type-simple"},"acf":[],"yoast_head":"<!-- This site is optimized with the Yoast SEO plugin v27.4 - https:\/\/yoast.com\/product\/yoast-seo-wordpress\/ -->\n<title>\u0413\u0430\u0437\u043e\u0432\u044b\u0439 \u0431\u0430\u043b\u043b\u043e\u043d Primus Winter Gas 230g - \u041c\u0430\u0433\u0430\u0437\u0438\u043d Xstyle<\/title>\n<meta name=\"description\" content=\"\u0413\u0430\u0437\u043e\u0432\u044b\u0439 \u0431\u0430\u043b\u043b\u043e\u043d Primus Winter Gas 230g \u2014 \u0438\u0434\u0435\u0430\u043b\u044c\u043d\u044b\u0439 \u0432\u044b\u0431\u043e\u0440 \u0434\u043b\u044f \u0442\u0443\u0440\u0438\u0437\u043c\u0430 \u0438 \u0430\u043b\u044c\u043f\u0438\u043d\u0438\u0437\u043c\u0430 \u0432 \u0445\u043e\u043b\u043e\u0434\u043d\u0443\u044e \u043f\u043e\u0433\u043e\u0434\u0443. \u0421\u043f\u0435\u0446\u0438\u0430\u043b\u044c\u043d\u044b\u0439 \u0433\u0430\u0437 \u0434\u043b\u044f \u043d\u0430\u0434\u0435\u0436\u043d\u043e\u0439 \u0440\u0430\u0431\u043e\u0442\u044b \u0432\u0430\u0448\u0438\u0445 \u0433\u043e\u0440\u0435\u043b\u043e\u043a.\" \/>\n<meta name=\"robots\" content=\"index, follow, max-snippet:-1, max-image-preview:large, max-video-preview:-1\" \/>\n<link rel=\"canonical\" href=\"https:\/\/xstyle.md\/ro\/produs\/gazovyj-ballon-primus-winter-gas-230g\/\" \/>\n<meta property=\"og:locale\" content=\"ro_RO\" \/>\n<meta property=\"og:type\" content=\"article\" \/>\n<meta property=\"og:title\" content=\"\u0413\u0430\u0437\u043e\u0432\u044b\u0439 \u0431\u0430\u043b\u043b\u043e\u043d Primus Winter Gas 230g - \u041c\u0430\u0433\u0430\u0437\u0438\u043d Xstyle\" \/>\n<meta property=\"og:description\" content=\"\u0413\u0430\u0437\u043e\u0432\u044b\u0439 \u0431\u0430\u043b\u043b\u043e\u043d Primus Winter Gas 230g \u2014 \u0438\u0434\u0435\u0430\u043b\u044c\u043d\u044b\u0439 \u0432\u044b\u0431\u043e\u0440 \u0434\u043b\u044f \u0442\u0443\u0440\u0438\u0437\u043c\u0430 \u0438 \u0430\u043b\u044c\u043f\u0438\u043d\u0438\u0437\u043c\u0430 \u0432 \u0445\u043e\u043b\u043e\u0434\u043d\u0443\u044e \u043f\u043e\u0433\u043e\u0434\u0443. \u0421\u043f\u0435\u0446\u0438\u0430\u043b\u044c\u043d\u044b\u0439 \u0433\u0430\u0437 \u0434\u043b\u044f \u043d\u0430\u0434\u0435\u0436\u043d\u043e\u0439 \u0440\u0430\u0431\u043e\u0442\u044b \u0432\u0430\u0448\u0438\u0445 \u0433\u043e\u0440\u0435\u043b\u043e\u043a.\" \/>\n<meta property=\"og:url\" content=\"https:\/\/xstyle.md\/ro\/produs\/gazovyj-ballon-primus-winter-gas-230g\/\" \/>\n<meta property=\"og:site_name\" content=\"\u041c\u0430\u0433\u0430\u0437\u0438\u043d Xstyle\" \/>\n<meta property=\"article:publisher\" content=\"https:\/\/www.facebook.com\/xstylemd\" \/>\n<meta property=\"article:modified_time\" content=\"2024-10-02T17:54:38+00:00\" \/>\n<meta property=\"og:image\" content=\"https:\/\/xstyle.md\/wp-content\/uploads\/2020\/07\/ballon-gazovyj-primus-winter-gas-230-g-220772_694_300_300.jpg\" \/>\n\t<meta property=\"og:image:width\" content=\"263\" \/>\n\t<meta property=\"og:image:height\" content=\"300\" \/>\n\t<meta property=\"og:image:type\" content=\"image\/jpeg\" \/>\n<meta name=\"twitter:card\" content=\"summary_large_image\" \/>\n<meta name=\"twitter:label1\" content=\"Pre\u021b\" \/>\n\t<meta name=\"twitter:data1\" content=\"195&nbsp;MDL\" \/>\n\t<meta name=\"twitter:label2\" content=\"Disponibilitate\" \/>\n\t<meta name=\"twitter:data2\" content=\"\u00cen stoc\" \/>\n<script type=\"application\/ld+json\" class=\"yoast-schema-graph\">{\"@context\":\"https:\\\/\\\/schema.org\",\"@graph\":[{\"@type\":\"WebPage\",\"@id\":\"https:\\\/\\\/xstyle.md\\\/product\\\/gazovyj-ballon-primus-winter-gas-230g\\\/\",\"url\":\"https:\\\/\\\/xstyle.md\\\/product\\\/gazovyj-ballon-primus-winter-gas-230g\\\/\",\"name\":\"\u0413\u0430\u0437\u043e\u0432\u044b\u0439 \u0431\u0430\u043b\u043b\u043e\u043d Primus Winter Gas 230g - \u041c\u0430\u0433\u0430\u0437\u0438\u043d Xstyle\",\"isPartOf\":{\"@id\":\"https:\\\/\\\/xstyle.md\\\/#website\"},\"primaryImageOfPage\":{\"@id\":\"https:\\\/\\\/xstyle.md\\\/product\\\/gazovyj-ballon-primus-winter-gas-230g\\\/#primaryimage\"},\"image\":{\"@id\":\"https:\\\/\\\/xstyle.md\\\/product\\\/gazovyj-ballon-primus-winter-gas-230g\\\/#primaryimage\"},\"thumbnailUrl\":\"https:\\\/\\\/xstyle.md\\\/wp-content\\\/uploads\\\/2020\\\/07\\\/ballon-gazovyj-primus-winter-gas-230-g-220772_694_300_300.jpg\",\"datePublished\":\"2020-07-16T16:45:22+00:00\",\"dateModified\":\"2024-10-02T17:54:38+00:00\",\"description\":\"\u0413\u0430\u0437\u043e\u0432\u044b\u0439 \u0431\u0430\u043b\u043b\u043e\u043d Primus Winter Gas 230g \u2014 \u0438\u0434\u0435\u0430\u043b\u044c\u043d\u044b\u0439 \u0432\u044b\u0431\u043e\u0440 \u0434\u043b\u044f \u0442\u0443\u0440\u0438\u0437\u043c\u0430 \u0438 \u0430\u043b\u044c\u043f\u0438\u043d\u0438\u0437\u043c\u0430 \u0432 \u0445\u043e\u043b\u043e\u0434\u043d\u0443\u044e \u043f\u043e\u0433\u043e\u0434\u0443. \u0421\u043f\u0435\u0446\u0438\u0430\u043b\u044c\u043d\u044b\u0439 \u0433\u0430\u0437 \u0434\u043b\u044f \u043d\u0430\u0434\u0435\u0436\u043d\u043e\u0439 \u0440\u0430\u0431\u043e\u0442\u044b \u0432\u0430\u0448\u0438\u0445 \u0433\u043e\u0440\u0435\u043b\u043e\u043a.\",\"breadcrumb\":{\"@id\":\"https:\\\/\\\/xstyle.md\\\/product\\\/gazovyj-ballon-primus-winter-gas-230g\\\/#breadcrumb\"},\"inLanguage\":\"ro-RO\",\"potentialAction\":[{\"@type\":\"ReadAction\",\"target\":[\"https:\\\/\\\/xstyle.md\\\/product\\\/gazovyj-ballon-primus-winter-gas-230g\\\/\"]}]},{\"@type\":\"ImageObject\",\"inLanguage\":\"ro-RO\",\"@id\":\"https:\\\/\\\/xstyle.md\\\/product\\\/gazovyj-ballon-primus-winter-gas-230g\\\/#primaryimage\",\"url\":\"https:\\\/\\\/xstyle.md\\\/wp-content\\\/uploads\\\/2020\\\/07\\\/ballon-gazovyj-primus-winter-gas-230-g-220772_694_300_300.jpg\",\"contentUrl\":\"https:\\\/\\\/xstyle.md\\\/wp-content\\\/uploads\\\/2020\\\/07\\\/ballon-gazovyj-primus-winter-gas-230-g-220772_694_300_300.jpg\",\"width\":263,\"height\":300},{\"@type\":\"BreadcrumbList\",\"@id\":\"https:\\\/\\\/xstyle.md\\\/product\\\/gazovyj-ballon-primus-winter-gas-230g\\\/#breadcrumb\",\"itemListElement\":[{\"@type\":\"ListItem\",\"position\":1,\"name\":\"\u0413\u043b\u0430\u0432\u043d\u0430\u044f \u0441\u0442\u0440\u0430\u043d\u0438\u0446\u0430\",\"item\":\"https:\\\/\\\/xstyle.md\\\/\"},{\"@type\":\"ListItem\",\"position\":2,\"name\":\"\u041c\u0430\u0433\u0430\u0437\u0438\u043d\",\"item\":\"https:\\\/\\\/xstyle.md\\\/shop\\\/\"},{\"@type\":\"ListItem\",\"position\":3,\"name\":\"\u0413\u0430\u0437\u043e\u0432\u044b\u0439 \u0431\u0430\u043b\u043b\u043e\u043d Primus Winter Gas 230g\"}]},{\"@type\":\"WebSite\",\"@id\":\"https:\\\/\\\/xstyle.md\\\/#website\",\"url\":\"https:\\\/\\\/xstyle.md\\\/\",\"name\":\"\u041c\u0430\u0433\u0430\u0437\u0438\u043d Xstyle\",\"description\":\"C\u043d\u0430\u0440\u044f\u0436\u0435\u043d\u0438\u0435 \u0434\u043b\u044f \u0442\u0443\u0440\u0438\u0437\u043c\u0430 \u0438 \u044d\u043a\u0441\u0442\u0440\u0435\u043c\u0430\u043b\u044c\u043d\u044b\u0445 \u0432\u0438\u0434\u043e\u0432 \u0441\u043f\u043e\u0440\u0442\u0430 \u0432 \u041c\u043e\u043b\u0434\u043e\u0432\u0435.. \u0426\u0435\u043d\u044b, \u0444\u043e\u0442\u043e, \u0445\u0430\u0440\u0430\u043a\u0442\u0435\u0440\u0438\u0441\u0442\u0438\u043a\u0438 \u0432 \u041c\u043e\u043b\u0434\u043e\u0432\u0435.\",\"publisher\":{\"@id\":\"https:\\\/\\\/xstyle.md\\\/#organization\"},\"alternateName\":\"X-Style\",\"potentialAction\":[{\"@type\":\"SearchAction\",\"target\":{\"@type\":\"EntryPoint\",\"urlTemplate\":\"https:\\\/\\\/xstyle.md\\\/?s={search_term_string}\"},\"query-input\":{\"@type\":\"PropertyValueSpecification\",\"valueRequired\":true,\"valueName\":\"search_term_string\"}}],\"inLanguage\":\"ro-RO\"},{\"@type\":\"Organization\",\"@id\":\"https:\\\/\\\/xstyle.md\\\/#organization\",\"name\":\"\u041c\u0430\u0433\u0430\u0437\u0438\u043d Xstyle\",\"alternateName\":\"x-style\",\"url\":\"https:\\\/\\\/xstyle.md\\\/\",\"logo\":{\"@type\":\"ImageObject\",\"inLanguage\":\"ro-RO\",\"@id\":\"https:\\\/\\\/xstyle.md\\\/#\\\/schema\\\/logo\\\/image\\\/\",\"url\":\"https:\\\/\\\/xstyle.md\\\/wp-content\\\/uploads\\\/2020\\\/06\\\/logoicon.svg\",\"contentUrl\":\"https:\\\/\\\/xstyle.md\\\/wp-content\\\/uploads\\\/2020\\\/06\\\/logoicon.svg\",\"caption\":\"\u041c\u0430\u0433\u0430\u0437\u0438\u043d Xstyle\"},\"image\":{\"@id\":\"https:\\\/\\\/xstyle.md\\\/#\\\/schema\\\/logo\\\/image\\\/\"},\"sameAs\":[\"https:\\\/\\\/www.facebook.com\\\/xstylemd\",\"https:\\\/\\\/www.instagram.com\\\/xstyle_md\\\/\",\"https:\\\/\\\/t.me\\\/xstyle_outdoor\"],\"hasMerchantReturnPolicy\":{\"@type\":\"MerchantReturnPolicy\",\"merchantReturnLink\":\"https:\\\/\\\/xstyle.md\\\/ro\\\/conditions\\\/\"}}]}<\/script>\n<meta property=\"product:price:amount\" content=\"195.00\" \/>\n<meta property=\"product:price:currency\" content=\"MDL\" \/>\n<meta property=\"og:availability\" content=\"instock\" \/>\n<meta property=\"product:availability\" content=\"instock\" \/>\n<meta property=\"product:retailer_item_id\" content=\"7330033900118\" \/>\n<meta property=\"product:condition\" content=\"new\" \/>\n<!-- \/ Yoast SEO plugin. -->","yoast_head_json":{"title":"Butelie cu gaz Primus Winter Gas 230g - Magazin Xstyle","description":"Butelia de gaz Primus Winter Gas 230g - alegerea ideal\u0103 pentru turism \u0219i alpinism \u00een vreme rece. Gaz special pentru o func\u021bionare fiabil\u0103 a aragazelor dumneavoastr\u0103.","robots":{"index":"index","follow":"follow","max-snippet":"max-snippet:-1","max-image-preview":"max-image-preview:large","max-video-preview":"max-video-preview:-1"},"canonical":"https:\/\/xstyle.md\/ro\/produs\/gazovyj-ballon-primus-winter-gas-230g\/","og_locale":"ro_RO","og_type":"article","og_title":"\u0413\u0430\u0437\u043e\u0432\u044b\u0439 \u0431\u0430\u043b\u043b\u043e\u043d Primus Winter Gas 230g - \u041c\u0430\u0433\u0430\u0437\u0438\u043d Xstyle","og_description":"\u0413\u0430\u0437\u043e\u0432\u044b\u0439 \u0431\u0430\u043b\u043b\u043e\u043d Primus Winter Gas 230g \u2014 \u0438\u0434\u0435\u0430\u043b\u044c\u043d\u044b\u0439 \u0432\u044b\u0431\u043e\u0440 \u0434\u043b\u044f \u0442\u0443\u0440\u0438\u0437\u043c\u0430 \u0438 \u0430\u043b\u044c\u043f\u0438\u043d\u0438\u0437\u043c\u0430 \u0432 \u0445\u043e\u043b\u043e\u0434\u043d\u0443\u044e \u043f\u043e\u0433\u043e\u0434\u0443. \u0421\u043f\u0435\u0446\u0438\u0430\u043b\u044c\u043d\u044b\u0439 \u0433\u0430\u0437 \u0434\u043b\u044f \u043d\u0430\u0434\u0435\u0436\u043d\u043e\u0439 \u0440\u0430\u0431\u043e\u0442\u044b \u0432\u0430\u0448\u0438\u0445 \u0433\u043e\u0440\u0435\u043b\u043e\u043a.","og_url":"https:\/\/xstyle.md\/ro\/produs\/gazovyj-ballon-primus-winter-gas-230g\/","og_site_name":"\u041c\u0430\u0433\u0430\u0437\u0438\u043d Xstyle","article_publisher":"https:\/\/www.facebook.com\/xstylemd","article_modified_time":"2024-10-02T17:54:38+00:00","og_image":[{"width":263,"height":300,"url":"https:\/\/xstyle.md\/wp-content\/uploads\/2020\/07\/ballon-gazovyj-primus-winter-gas-230-g-220772_694_300_300.jpg","type":"image\/jpeg"}],"twitter_card":"summary_large_image","twitter_misc":{"Pre\u021b":"195&nbsp;MDL","Disponibilitate":"\u00cen stoc"},"schema":{"@context":"https:\/\/schema.org","@graph":[{"@type":"WebPage","@id":"https:\/\/xstyle.md\/product\/gazovyj-ballon-primus-winter-gas-230g\/","url":"https:\/\/xstyle.md\/product\/gazovyj-ballon-primus-winter-gas-230g\/","name":"Butelie cu gaz Primus Winter Gas 230g - Magazin Xstyle","isPartOf":{"@id":"https:\/\/xstyle.md\/#website"},"primaryImageOfPage":{"@id":"https:\/\/xstyle.md\/product\/gazovyj-ballon-primus-winter-gas-230g\/#primaryimage"},"image":{"@id":"https:\/\/xstyle.md\/product\/gazovyj-ballon-primus-winter-gas-230g\/#primaryimage"},"thumbnailUrl":"https:\/\/xstyle.md\/wp-content\/uploads\/2020\/07\/ballon-gazovyj-primus-winter-gas-230-g-220772_694_300_300.jpg","datePublished":"2020-07-16T16:45:22+00:00","dateModified":"2024-10-02T17:54:38+00:00","description":"Butelia de gaz Primus Winter Gas 230g - alegerea ideal\u0103 pentru turism \u0219i alpinism \u00een vreme rece. Gaz special pentru o func\u021bionare fiabil\u0103 a aragazelor dumneavoastr\u0103.","breadcrumb":{"@id":"https:\/\/xstyle.md\/product\/gazovyj-ballon-primus-winter-gas-230g\/#breadcrumb"},"inLanguage":"ro-RO","potentialAction":[{"@type":"ReadAction","target":["https:\/\/xstyle.md\/product\/gazovyj-ballon-primus-winter-gas-230g\/"]}]},{"@type":"ImageObject","inLanguage":"ro-RO","@id":"https:\/\/xstyle.md\/product\/gazovyj-ballon-primus-winter-gas-230g\/#primaryimage","url":"https:\/\/xstyle.md\/wp-content\/uploads\/2020\/07\/ballon-gazovyj-primus-winter-gas-230-g-220772_694_300_300.jpg","contentUrl":"https:\/\/xstyle.md\/wp-content\/uploads\/2020\/07\/ballon-gazovyj-primus-winter-gas-230-g-220772_694_300_300.jpg","width":263,"height":300},{"@type":"BreadcrumbList","@id":"https:\/\/xstyle.md\/product\/gazovyj-ballon-primus-winter-gas-230g\/#breadcrumb","itemListElement":[{"@type":"ListItem","position":1,"name":"\u0413\u043b\u0430\u0432\u043d\u0430\u044f \u0441\u0442\u0440\u0430\u043d\u0438\u0446\u0430","item":"https:\/\/xstyle.md\/"},{"@type":"ListItem","position":2,"name":"\u041c\u0430\u0433\u0430\u0437\u0438\u043d","item":"https:\/\/xstyle.md\/shop\/"},{"@type":"ListItem","position":3,"name":"\u0413\u0430\u0437\u043e\u0432\u044b\u0439 \u0431\u0430\u043b\u043b\u043e\u043d Primus Winter Gas 230g"}]},{"@type":"WebSite","@id":"https:\/\/xstyle.md\/#website","url":"https:\/\/xstyle.md\/","name":"Magazinul X-Style","description":"Echipamente pentru turism \u0219i sporturi extreme \u00een Moldova. Pre\u021buri, fotografii, caracteristici \u00een Moldova.","publisher":{"@id":"https:\/\/xstyle.md\/#organization"},"alternateName":"X-Style","potentialAction":[{"@type":"SearchAction","target":{"@type":"EntryPoint","urlTemplate":"https:\/\/xstyle.md\/?s={search_term_string}"},"query-input":{"@type":"PropertyValueSpecification","valueRequired":true,"valueName":"search_term_string"}}],"inLanguage":"ro-RO"},{"@type":"Organization","@id":"https:\/\/xstyle.md\/#organization","name":"Magazinul X-Style","alternateName":"x-style","url":"https:\/\/xstyle.md\/","logo":{"@type":"ImageObject","inLanguage":"ro-RO","@id":"https:\/\/xstyle.md\/#\/schema\/logo\/image\/","url":"https:\/\/xstyle.md\/wp-content\/uploads\/2020\/06\/logoicon.svg","contentUrl":"https:\/\/xstyle.md\/wp-content\/uploads\/2020\/06\/logoicon.svg","caption":"\u041c\u0430\u0433\u0430\u0437\u0438\u043d Xstyle"},"image":{"@id":"https:\/\/xstyle.md\/#\/schema\/logo\/image\/"},"sameAs":["https:\/\/www.facebook.com\/xstylemd","https:\/\/www.instagram.com\/xstyle_md\/","https:\/\/t.me\/xstyle_outdoor"],"hasMerchantReturnPolicy":{"@type":"MerchantReturnPolicy","merchantReturnLink":"https:\/\/xstyle.md\/ro\/conditions\/"}}]},"product_price_amount":"195.00","product_price_currency":"MDL","og_availability":"instock","product_availability":"instock","product_retailer_item_id":"7330033900118","product_condition":"new"},"_links":{"self":[{"href":"https:\/\/xstyle.md\/ro\/wp-json\/wp\/v2\/product\/4319","targetHints":{"allow":["GET"]}}],"collection":[{"href":"https:\/\/xstyle.md\/ro\/wp-json\/wp\/v2\/product"}],"about":[{"href":"https:\/\/xstyle.md\/ro\/wp-json\/wp\/v2\/types\/product"}],"replies":[{"embeddable":true,"href":"https:\/\/xstyle.md\/ro\/wp-json\/wp\/v2\/comments?post=4319"}],"wp:featuredmedia":[{"embeddable":true,"href":"https:\/\/xstyle.md\/ro\/wp-json\/wp\/v2\/media\/4316"}],"wp:attachment":[{"href":"https:\/\/xstyle.md\/ro\/wp-json\/wp\/v2\/media?parent=4319"}],"wp:term":[{"taxonomy":"product_brand","embeddable":true,"href":"https:\/\/xstyle.md\/ro\/wp-json\/wp\/v2\/product_brand?post=4319"},{"taxonomy":"product_cat","embeddable":true,"href":"https:\/\/xstyle.md\/ro\/wp-json\/wp\/v2\/product_cat?post=4319"},{"taxonomy":"product_tag","embeddable":true,"href":"https:\/\/xstyle.md\/ro\/wp-json\/wp\/v2\/product_tag?post=4319"}],"curies":[{"name":"wp","href":"https:\/\/api.w.org\/{rel}","templated":true}]}}